{"id":7319,"date":"2021-03-30T12:04:12","date_gmt":"2021-03-30T09:04:12","guid":{"rendered":"https:\/\/sachviet.eu\/shop\/qua-trung-va-hon-the-nua-duoi-goc-nhin-sinh-hoc-va-van-hoa-kem-theo-cac-tro-choi-va-thuc-hanh-thu-vi\/"},"modified":"2022-04-25T15:24:45","modified_gmt":"2022-04-25T12:24:45","slug":"qua-trung-va-hon-the-nua-duoi-goc-nhin-sinh-hoc-va-van-hoa-kem-theo-cac-tro-choi-va-thuc-hanh-thu-vi","status":"publish","type":"product","link":"https:\/\/sachviet.eu\/en\/shop\/qua-trung-va-hon-the-nua-duoi-goc-nhin-sinh-hoc-va-van-hoa-kem-theo-cac-tro-choi-va-thuc-hanh-thu-vi\/","title":{"rendered":"Qu\u1ea3 Tr\u1ee9ng V\u00e0 H\u01a1n Th\u1ebf N\u1eefa &#8211; D\u01b0\u1edbi G\u00f3c Nh\u00ecn Sinh H\u1ecdc V\u00e0 V\u0103n H\u00f3a, K\u00e8m Theo C\u00e1c Tr\u00f2 Ch\u01a1i V\u00e0 Th\u1ef1c H\u00e0nh Th\u00fa V\u1ecb"},"content":{"rendered":"<p>Tr\u1ee9ng v\u1eabn th\u01b0\u1eddng xu\u1ea5t hi\u1ec7n tr\u00ean m\u00e2m c\u01a1m nh\u00e0 b\u1ea1n v\u1edbi \u0111\u1ee7 c\u00e1c m\u00f3n h\u1ea5p d\u1eabn: tr\u1ee9ng lu\u1ed9c, tr\u1ee9ng chi\u00ean, tr\u1ee9ng kho th\u1ecbt, tr\u1ee9ng tr\u1ed9n sa l\u00e1t. . . Nh\u01b0ng b\u1ea1n c\u00f3 bi\u1ebft, trong t\u1ef1 nhi\u00ean, tr\u1ee9ng c\u1ee7a nhi\u1ec1u lo\u00e0i kh\u00f4ng ch\u1ec9 c\u00f3 d\u1ea1ng tr\u00f2n? G\u00e0 con l\u00e0m th\u1ebf n\u00e0o \u0111\u1ec3 th\u1edf \u0111\u01b0\u1ee3c b\u00ean trong qu\u1ea3 tr\u1ee9ng? Tr\u1ee9ng c\u00f3 \u00fd ngh\u0129a nh\u01b0 th\u1ebf n\u00e0o trong ng\u00e0y l\u1ec5 Ph\u1ee5c Sinh c\u1ee7a ng\u01b0\u1eddi Kit\u00f4 gi\u00e1o? B\u1ea1n thu\u1ed9c bao nhi\u00eau c\u00e2u t\u1ee5c ng\u1eef, th\u00e0nh ng\u1eef li\u00ean quan \u0111\u1ebfn tr\u1ee9ng?<\/p>\n<p>V\u00e0 li\u1ec7u c\u00f3 kh\u1ea3 n\u0103ng khi b\u1ea1n \u0111ang \u0111\u1ecbnh x\u01a1i m\u1ed9t qu\u1ea3 tr\u1ee9ng ngon l\u00e0nh th\u00ec m\u1ed9t ch\u00fa g\u00e0 nh\u00e9p hay v\u1ecbt con nh\u1ea3y ra kh\u1ecfi m\u00e2m c\u01a1m nh\u00e0 b\u1ea1n?<\/p>\n<p>B\u1ed9 s\u00e1ch tranh khoa h\u1ecdc c\u1ee7a Th\u1ee5y \u0110i\u1ec3n d\u00e0nh cho l\u1ee9a tu\u1ed5i 8+ v\u1edbi t\u1ef1a \u0111\u1ec1: Qu\u1ea3 Tr\u1ee9ng V\u00e0 H\u01a1n Th\u1ebf N\u1eefa, Tr\u00e1i Tim V\u00e0 H\u01a1n Th\u1ebf N\u1eefa, B\u0103ng V\u00e0 H\u01a1n Th\u1ebf N\u1eefa s\u1ebd d\u1eabn d\u1eaft b\u1ea1n \u0111\u1ecdc b\u01b0\u1edbc v\u00e0o m\u1ed9t h\u00e0nh tr\u00ecnh kh\u00e1m ph\u00e1 ki\u1ebfn th\u1ee9c r\u1ea5t th\u00fa v\u1ecb.<\/p>\n<p>Kh\u00f4ng qu\u00e1 r\u1ed9ng l\u1edbn v\u1edbi nhi\u1ec1u n\u1ed9i dung \u0111a d\u1ea1ng, ph\u1ee9c t\u1ea1p, mang t\u00ednh \u201cb\u00e1ch khoa th\u01b0\u201d, m\u1ed7i cu\u1ed1n s\u00e1ch \u0111em l\u1ea1i g\u00f3c nh\u00ecn v\u1ec1 s\u1ef1 v\u1eadt hi\u1ec7n t\u01b0\u1ee3ng \u1edf t\u00ednh ngu\u1ed3n g\u1ed1c c\u1ee7a n\u00f3. Tr\u00e1i tim v\u00e0 Tr\u1ee9ng d\u01b0\u1edbi g\u00f3c nh\u00ecn sinh h\u1ecdc. B\u0103ng d\u01b0\u1edbi g\u00f3c nh\u00ecn v\u1eadt l\u00ed. Bao tr\u00f9m h\u1ebft th\u1ea3y l\u00e0 g\u00f3c nh\u00ecn v\u0103n h\u00f3a \u0111\u1ea7y c\u1ea3m x\u00fac, \u0111i k\u00e8m c\u00e1c tr\u00f2 ch\u01a1i v\u00e0 t\u01b0\u01a1ng t\u00e1c th\u1ef1c h\u00e0nh th\u00fa v\u1ecb.<\/p>\n<p>V\u1edbi 50 trang s\u00e1ch in m\u00e0u \u0111i k\u00e8m h\u00ecnh \u1ea3nh minh h\u1ecda chi ti\u1ebft v\u00e0 sinh \u0111\u1ed9ng, m\u1ed7i cu\u1ed1n s\u00e1ch nh\u01b0 m\u1ed9t c\u00e2u chuy\u1ec7n d\u1eabn b\u1ea1n \u0111\u1ecdc gh\u00e9 th\u0103m v\u00e0 n\u00e1n l\u1ea1i t\u00ecm hi\u1ec3u h\u1ec7 sinh th\u00e1i c\u1ee7a s\u1ef1 v\u1eadt \u0111\u00f3. Ki\u1ebfn th\u1ee9c khoa h\u1ecdc h\u00f2a nh\u1ecbp v\u1edbi c\u00e1c kh\u00e1m ph\u00e1 nh\u1ecf, \u0111an c\u00e0i v\u1edbi c\u00e1c m\u1ea9u truy\u1ec7n, t\u00e1c gi\u1ea3 t\u1ecf r\u00f5 kh\u1ea3 n\u0103ng \u0111i\u00eau luy\u1ec7n trong t\u1ed5ng h\u1ee3p th\u00f4ng tin v\u00e0 \u0111\u1ea7y \u1eafp chia s\u1ebb v\u1edbi b\u1ea1n \u0111\u1ecdc nh\u1ecf tu\u1ed5i.<\/p>\n","protected":false},"excerpt":{"rendered":"<p>Tr\u1ee9ng v\u1eabn th\u01b0\u1eddng xu\u1ea5t hi\u1ec7n tr\u00ean m\u00e2m c\u01a1m nh\u00e0 b\u1ea1n v\u1edbi \u0111\u1ee7 c\u00e1c m\u00f3n h\u1ea5p d\u1eabn: tr\u1ee9ng lu\u1ed9c, tr\u1ee9ng chi\u00ean, tr\u1ee9ng kho th\u1ecbt, tr\u1ee9ng tr\u1ed9n sa l\u00e1t. . . Nh\u01b0ng b\u1ea1n c\u00f3 bi\u1ebft, trong t\u1ef1 nhi\u00ean, tr\u1ee9ng c\u1ee7a nhi\u1ec1u lo\u00e0i kh\u00f4ng ch\u1ec9 c\u00f3 d\u1ea1ng tr\u00f2n? G\u00e0 con l\u00e0m th\u1ebf n\u00e0o \u0111\u1ec3 th\u1edf \u0111\u01b0\u1ee3c b\u00ean trong qu\u1ea3 tr\u1ee9ng? Tr\u1ee9ng c\u00f3 \u00fd ngh\u0129a nh\u01b0 th\u1ebf n\u00e0o trong ng\u00e0y l\u1ec5 Ph\u1ee5c Sinh c\u1ee7a ng\u01b0\u1eddi Kit\u00f4 gi\u00e1o? B\u1ea1n thu\u1ed9c bao nhi\u00eau c\u00e2u t\u1ee5c ng\u1eef, th\u00e0nh ng\u1eef li\u00ean quan \u0111\u1ebfn tr\u1ee9ng?<\/p>\n<p>V\u00e0 li\u1ec7u c\u00f3 kh\u1ea3 n\u0103ng khi b\u1ea1n \u0111ang \u0111\u1ecbnh x\u01a1i m\u1ed9t qu\u1ea3 tr\u1ee9ng ngon l\u00e0nh th\u00ec m\u1ed9t ch\u00fa g\u00e0 nh\u00e9p hay v\u1ecbt con nh\u1ea3y ra kh\u1ecfi m\u00e2m c\u01a1m nh\u00e0 b\u1ea1n?<\/p>\n<p>B\u1ed9 s\u00e1ch tranh khoa h\u1ecdc c\u1ee7a Th\u1ee5y \u0110i\u1ec3n d\u00e0nh cho l\u1ee9a tu\u1ed5i 8+ v\u1edbi t\u1ef1a \u0111\u1ec1: Qu\u1ea3 Tr\u1ee9ng V\u00e0 H\u01a1n Th\u1ebf N\u1eefa, Tr\u00e1i Tim V\u00e0 H\u01a1n Th\u1ebf N\u1eefa, B\u0103ng V\u00e0 H\u01a1n Th\u1ebf N\u1eefa s\u1ebd d\u1eabn d\u1eaft b\u1ea1n \u0111\u1ecdc b\u01b0\u1edbc v\u00e0o m\u1ed9t h\u00e0nh tr\u00ecnh kh\u00e1m ph\u00e1 ki\u1ebfn th\u1ee9c r\u1ea5t th\u00fa v\u1ecb.<\/p>\n<p>Kh\u00f4ng qu\u00e1 r\u1ed9ng l\u1edbn v\u1edbi nhi\u1ec1u n\u1ed9i dung \u0111a d\u1ea1ng, ph\u1ee9c t\u1ea1p, mang t\u00ednh \u201cb\u00e1ch khoa th\u01b0\u201d, m\u1ed7i cu\u1ed1n s\u00e1ch \u0111em l\u1ea1i g\u00f3c nh\u00ecn v\u1ec1 s\u1ef1 v\u1eadt hi\u1ec7n t\u01b0\u1ee3ng \u1edf t\u00ednh ngu\u1ed3n g\u1ed1c c\u1ee7a n\u00f3. Tr\u00e1i tim v\u00e0 Tr\u1ee9ng d\u01b0\u1edbi g\u00f3c nh\u00ecn sinh h\u1ecdc. B\u0103ng d\u01b0\u1edbi g\u00f3c nh\u00ecn v\u1eadt l\u00ed. Bao tr\u00f9m h\u1ebft th\u1ea3y l\u00e0 g\u00f3c nh\u00ecn v\u0103n h\u00f3a \u0111\u1ea7y c\u1ea3m x\u00fac, \u0111i k\u00e8m c\u00e1c tr\u00f2 ch\u01a1i v\u00e0 t\u01b0\u01a1ng t\u00e1c th\u1ef1c h\u00e0nh th\u00fa v\u1ecb.<\/p>\n<p>V\u1edbi 50 trang s\u00e1ch in m\u00e0u \u0111i k\u00e8m h\u00ecnh \u1ea3nh minh h\u1ecda chi ti\u1ebft v\u00e0 sinh \u0111\u1ed9ng, m\u1ed7i cu\u1ed1n s\u00e1ch nh\u01b0 m\u1ed9t c\u00e2u chuy\u1ec7n d\u1eabn b\u1ea1n \u0111\u1ecdc gh\u00e9 th\u0103m v\u00e0 n\u00e1n l\u1ea1i t\u00ecm hi\u1ec3u h\u1ec7 sinh th\u00e1i c\u1ee7a s\u1ef1 v\u1eadt \u0111\u00f3. Ki\u1ebfn th\u1ee9c khoa h\u1ecdc h\u00f2a nh\u1ecbp v\u1edbi c\u00e1c kh\u00e1m ph\u00e1 nh\u1ecf, \u0111an c\u00e0i v\u1edbi c\u00e1c m\u1ea9u truy\u1ec7n, t\u00e1c gi\u1ea3 t\u1ecf r\u00f5 kh\u1ea3 n\u0103ng \u0111i\u00eau luy\u1ec7n trong t\u1ed5ng h\u1ee3p th\u00f4ng tin v\u00e0 \u0111\u1ea7y \u1eafp chia s\u1ebb v\u1edbi b\u1ea1n \u0111\u1ecdc nh\u1ecf tu\u1ed5i.<\/p>\n","protected":false},"featured_media":7318,"template":"","meta":{"_acf_changed":false},"product_brand":[],"product_cat":[25,17,26],"product_tag":[],"class_list":{"0":"post-7319","1":"product","2":"type-product","3":"status-publish","4":"has-post-thumbnail","6":"product_cat-nhi-dong-6-tuoi-12-tuoi","7":"product_cat-sach-danh-cho-cac-be","8":"product_cat-thieu-nien-11-tuoi-18-tuoi","10":"first","11":"outofstock","12":"taxable","13":"shipping-taxable","14":"purchasable","15":"product-type-simple"},"supplier_id":null,"supplier_sku":"","barcode":null,"atum_controlled":true,"out_stock_date":"2022-04-25 09:24:45","out_stock_threshold":null,"inheritable":false,"inbound_stock":0,"stock_on_hold":0,"sold_today":0,"sales_last_days":0,"reserved_stock":0,"customer_returns":0,"warehouse_damage":0,"lost_in_post":0,"other_logs":0,"out_stock_days":1374,"lost_sales":0,"has_location":false,"update_date":"2026-01-28T23:10:41","atum_locations":[],"atum_stock_status":"outofstock","restock_status":false,"low_stock_amount":"","sales_update_date":"2026-01-28T23:10:41","calc_backorders":null,"acf":{"publisher":{"ID":1454,"post_author":"1","post_date":"2021-02-17 01:11:34","post_date_gmt":"2021-02-16 23:11:34","post_content":"<!-- wp:flatsome\/uxbuilder -->\n<h1 style=\"text-align: center;\"><strong>Kim \u0110\u1ed3ng<\/strong><\/h1>\n[row]\n\n[col span=\"3\" span__sm=\"12\"]\n\n[ux_image id=\"1534\" image_size=\"medium\"]\n\n\n[\/col]\n[col span=\"9\" span__sm=\"12\"]\n\n<p>Nh\u00e0 xu\u1ea5t b\u1ea3n Kim \u0110\u1ed3ng tr\u1ef1c thu\u1ed9c Trung \u01b0\u01a1ng \u0110o\u00e0n TNCS H\u1ed3 Ch\u00ed Minh l\u00e0 Nh\u00e0 xu\u1ea5t b\u1ea3n t\u1ed5ng h\u1ee3p c\u00f3 ch\u1ee9c n\u0103ng xu\u1ea5t b\u1ea3n s\u00e1ch v\u00e0 v\u0103n h\u00f3a ph\u1ea9m ph\u1ee5c v\u1ee5 thi\u1ebfu nhi v\u00e0 c\u00e1c b\u1eadc ph\u1ee5 huynh trong c\u1ea3 n\u01b0\u1edbc, qu\u1ea3ng b\u00e1 v\u00e0 gi\u1edbi thi\u1ec7u v\u0103n h\u00f3a Vi\u1ec7t Nam ra th\u1ebf gi\u1edbi.<br \/>Nh\u00e0 xu\u1ea5t b\u1ea3n c\u00f3 nhi\u1ec7m v\u1ee5 t\u1ed5 ch\u1ee9c b\u1ea3n th\u1ea3o, bi\u00ean so\u1ea1n, bi\u00ean d\u1ecbch, xu\u1ea5t b\u1ea3n v\u00e0 ph\u00e1t h\u00e0nh c\u00e1c xu\u1ea5t b\u1ea3n ph\u1ea9m c\u00f3 n\u1ed9i dung: gi\u00e1o d\u1ee5c truy\u1ec1n th\u1ed1ng d\u00e2n t\u1ed9c, gi\u00e1o d\u1ee5c v\u1ec1 tri th\u1ee9c, ki\u1ebfn th\u1ee9c\u2026 tr\u00ean c\u00e1c l\u0129nh v\u1ef1c v\u0103n h\u1ecdc, ngh\u1ec7 thu\u1eadt, khoa h\u1ecdc k\u1ef9 thu\u1eadt nh\u1eb1m cung c\u1ea5p cho c\u00e1c em thi\u1ebfu nhi c\u0169ng nh\u01b0 c\u00e1c b\u1eadc ph\u1ee5 huynh c\u00e1c ki\u1ebfn th\u1ee9c c\u1ea7n thi\u1ebft trong cu\u1ed9c s\u1ed1ng, nh\u1eefng tinh hoa c\u1ee7a tri th\u1ee9c nh\u00e2n lo\u1ea1i nh\u1eb1m g\u00f3p ph\u1ea7n gi\u00e1o d\u1ee5c v\u00e0 h\u00ecnh th\u00e0nh nh\u00e2n c\u00e1ch th\u1ebf h\u1ec7 tr\u1ebb.<br \/>\u0110\u1ed1i t\u01b0\u1ee3ng ph\u1ee5c v\u1ee5 c\u1ee7a Nh\u00e0 xu\u1ea5t b\u1ea3n l\u00e0 c\u00e1c em t\u1eeb tu\u1ed5i nh\u00e0 tr\u1ebb m\u1eabu gi\u00e1o (1 \u0111\u1ebfn 5 tu\u1ed5i), nhi \u0111\u1ed3ng (6 \u0111\u1ebfn 9 tu\u1ed5i), thi\u1ebfu ni\u00ean (10 \u0111\u1ebfn 15 tu\u1ed5i) \u0111\u1ebfn c\u00e1c em tu\u1ed5i m\u1edbi l\u1edbn (16 \u0111\u1ebfn 18 tu\u1ed5i) v\u00e0 c\u00e1c b\u1eadc ph\u1ee5 huynh.<\/p>\n\n[\/col]\n\n[\/row]\n\n<!-- \/wp:flatsome\/uxbuilder -->","post_title":"Kim \u0110\u1ed3ng","post_excerpt":"","post_status":"publish","comment_status":"closed","ping_status":"closed","post_password":"","post_name":"kim-dong","to_ping":"","pinged":"","post_modified":"2021-02-17 01:31:56","post_modified_gmt":"2021-02-16 23:31:56","post_content_filtered":"","post_parent":0,"guid":"https:\/\/sachviet.eu\/nha-phat-hanh\/kim-dong\/","menu_order":0,"post_type":"publisher","post_mime_type":"","comment_count":"0","filter":"raw"}},"_links":{"self":[{"href":"https:\/\/sachviet.eu\/en\/wp-json\/wp\/v2\/product\/7319","targetHints":{"allow":["GET"]}}],"collection":[{"href":"https:\/\/sachviet.eu\/en\/wp-json\/wp\/v2\/product"}],"about":[{"href":"https:\/\/sachviet.eu\/en\/wp-json\/wp\/v2\/types\/product"}],"wp:featuredmedia":[{"embeddable":true,"href":"https:\/\/sachviet.eu\/en\/wp-json\/wp\/v2\/media\/7318"}],"wp:attachment":[{"href":"https:\/\/sachviet.eu\/en\/wp-json\/wp\/v2\/media?parent=7319"}],"wp:term":[{"taxonomy":"product_brand","embeddable":true,"href":"https:\/\/sachviet.eu\/en\/wp-json\/wp\/v2\/product_brand?post=7319"},{"taxonomy":"product_cat","embeddable":true,"href":"https:\/\/sachviet.eu\/en\/wp-json\/wp\/v2\/product_cat?post=7319"},{"taxonomy":"product_tag","embeddable":true,"href":"https:\/\/sachviet.eu\/en\/wp-json\/wp\/v2\/product_tag?post=7319"}],"curies":[{"name":"wp","href":"https:\/\/api.w.org\/{rel}","templated":true}]}}