{"id":7315,"date":"2021-03-30T12:04:03","date_gmt":"2021-03-30T09:04:03","guid":{"rendered":"https:\/\/sachviet.eu\/shop\/hoan-hao-cung-duoc-khong-hoan-hao-cung-duoc-set-3-quyen\/"},"modified":"2021-09-07T07:54:41","modified_gmt":"2021-09-07T04:54:41","slug":"hoan-hao-cung-duoc-khong-hoan-hao-cung-duoc-set-3-quyen","status":"publish","type":"product","link":"https:\/\/sachviet.eu\/en\/shop\/hoan-hao-cung-duoc-khong-hoan-hao-cung-duoc-set-3-quyen\/","title":{"rendered":"Ho\u00e0n h\u1ea3o c\u0169ng \u0111\u01b0\u1ee3c, Kh\u00f4ng ho\u00e0n h\u1ea3o c\u0169ng \u0111\u01b0\u1ee3c\u00a0&#8211;  set 3 quy\u1ec3n"},"content":{"rendered":"<p>Ho\u00e0n h\u1ea3o c\u0169ng \u0111\u01b0\u1ee3c, kh\u00f4ng ho\u00e0n h\u1ea3o c\u0169ng \u0111\u01b0\u1ee3c c\u1ee7a t\u00e1c gi\u1ea3 Libby Purves vi\u1ebft v\u1ec1 ch\u1ee7 \u0111\u1ec1 x\u00e2y d\u1ef1ng cu\u1ed9c s\u1ed1ng gia \u0111\u00ecnh, l\u00e0m m\u1eb9 v\u00e0 nu\u00f4i d\u1ea1y con c\u00e1i. N\u1ed9i dung c\u1ee7a cu\u1ed1n s\u00e1ch \u0111\u00e1nh tr\u00fang v\u00e0o t\u00e2m l\u00fd c\u1ee7a kh\u00f4ng \u00edt b\u1eadc cha m\u1eb9 ng\u00e0y nay: mu\u1ed1n con m\u00ecnh ph\u1ea3i h\u01a1n ng\u01b0\u1eddi, v\u1eeba ngoan ngo\u00e3n v\u1eeba gi\u1ecfi giang, \u0111\u00f4i khi t\u1ea1o \u00e1p l\u1ef1c c\u0103ng th\u1eb3ng cho c\u1ea3 ph\u1ee5 huynh v\u00e0 con tr\u1ebb.<br \/>\nT\u00e1c gi\u1ea3 nh\u1ea5n m\u1ea1nh \u00fd trong c\u1ea3 03 cu\u1ed1n: Kh\u00f4ng c\u00f3 g\u00ec l\u00e0 ho\u00e0n h\u1ea3o, n\u00ean kh\u00f4ng c\u1ea7n g\u1eafng s\u1ee9c \u0111\u1ec3 x\u00e2y d\u1ef1ng n\u00ean m\u1ed9t cu\u1ed9c s\u1ed1ng gia \u0111\u00ecnh ho\u00e0n h\u1ea3o, \u0111i\u1ec1u quan tr\u1ecdng l\u00e0 c\u1ea7n bi\u1ebft c\u00e1ch ch\u1ea5p nh\u1eadn (trong ch\u1eebng m\u1ef1c) v\u00e0 x\u1eed l\u00fd c\u00e1c \u0111i\u1ec3m \u201cch\u01b0a ho\u00e0n h\u1ea3o\u201d c\u1ee7a gia \u0111\u00ecnh \u0111\u1ec3 t\u1ea1o c\u1ea3m gi\u00e1c tho\u1ea3i m\u00e1i, s\u1ef1 h\u00f2a h\u1ee3p \u00eam \u1ea5m gi\u1eefa c\u00e1c th\u00e0nh vi\u00ean.<\/p>\n<p>C\u00e2u quote hay: \u201cCu\u1ed1n s\u00e1ch n\u00e0y ch\u1ee9a r\u1ea5t \u00edt l\u00fd thuy\u1ebft, r\u1ea5t \u00edt \u201ctoa thu\u1ed1c\u201d. \u0110\u00fang h\u01a1n, n\u00f3 gi\u1ed1ng b\u1ea3n t\u1ee5ng ca c\u1ee7a nh\u1eefng ng\u01b0\u1eddi kh\u00f4ng c\u1ea7u to\u00e0n d\u00e0nh cho ngh\u1ec7 thu\u1eadt \u201cxoay tr\u1edf\u201d tuy\u1ec7t v\u1eddi, cho gi\u00e1 tr\u1ecb l\u1edbn lao c\u1ee7a l\u1ebd th\u01b0\u1eddng v\u00e0 kh\u1ea3 n\u0103ng \u0111i\u1ec1m t\u0129nh xem x\u00e9t nh\u1eefng \u0111i\u1ec1u \u0111ang di\u1ec5n ra ngay tr\u01b0\u1edbc m\u1eaft.\u201d<\/p>\n","protected":false},"excerpt":{"rendered":"<p>Ho\u00e0n h\u1ea3o c\u0169ng \u0111\u01b0\u1ee3c, kh\u00f4ng ho\u00e0n h\u1ea3o c\u0169ng \u0111\u01b0\u1ee3c c\u1ee7a t\u00e1c gi\u1ea3 Libby Purves vi\u1ebft v\u1ec1 ch\u1ee7 \u0111\u1ec1 x\u00e2y d\u1ef1ng cu\u1ed9c s\u1ed1ng gia \u0111\u00ecnh, l\u00e0m m\u1eb9 v\u00e0 nu\u00f4i d\u1ea1y con c\u00e1i. N\u1ed9i dung c\u1ee7a cu\u1ed1n s\u00e1ch \u0111\u00e1nh tr\u00fang v\u00e0o t\u00e2m l\u00fd c\u1ee7a kh\u00f4ng \u00edt b\u1eadc cha m\u1eb9 ng\u00e0y nay: mu\u1ed1n con m\u00ecnh ph\u1ea3i h\u01a1n ng\u01b0\u1eddi, v\u1eeba ngoan ngo\u00e3n v\u1eeba gi\u1ecfi giang, \u0111\u00f4i khi t\u1ea1o \u00e1p l\u1ef1c c\u0103ng th\u1eb3ng cho c\u1ea3 ph\u1ee5 huynh v\u00e0 con tr\u1ebb.<br \/>\nT\u00e1c gi\u1ea3 nh\u1ea5n m\u1ea1nh \u00fd trong c\u1ea3 03 cu\u1ed1n: Kh\u00f4ng c\u00f3 g\u00ec l\u00e0 ho\u00e0n h\u1ea3o, n\u00ean kh\u00f4ng c\u1ea7n g\u1eafng s\u1ee9c \u0111\u1ec3 x\u00e2y d\u1ef1ng n\u00ean m\u1ed9t cu\u1ed9c s\u1ed1ng gia \u0111\u00ecnh ho\u00e0n h\u1ea3o, \u0111i\u1ec1u quan tr\u1ecdng l\u00e0 c\u1ea7n bi\u1ebft c\u00e1ch ch\u1ea5p nh\u1eadn (trong ch\u1eebng m\u1ef1c) v\u00e0 x\u1eed l\u00fd c\u00e1c \u0111i\u1ec3m \u201cch\u01b0a ho\u00e0n h\u1ea3o\u201d c\u1ee7a gia \u0111\u00ecnh \u0111\u1ec3 t\u1ea1o c\u1ea3m gi\u00e1c tho\u1ea3i m\u00e1i, s\u1ef1 h\u00f2a h\u1ee3p \u00eam \u1ea5m gi\u1eefa c\u00e1c th\u00e0nh vi\u00ean.<\/p>\n<p>C\u00e2u quote hay: \u201cCu\u1ed1n s\u00e1ch n\u00e0y ch\u1ee9a r\u1ea5t \u00edt l\u00fd thuy\u1ebft, r\u1ea5t \u00edt \u201ctoa thu\u1ed1c\u201d. \u0110\u00fang h\u01a1n, n\u00f3 gi\u1ed1ng b\u1ea3n t\u1ee5ng ca c\u1ee7a nh\u1eefng ng\u01b0\u1eddi kh\u00f4ng c\u1ea7u to\u00e0n d\u00e0nh cho ngh\u1ec7 thu\u1eadt \u201cxoay tr\u1edf\u201d tuy\u1ec7t v\u1eddi, cho gi\u00e1 tr\u1ecb l\u1edbn lao c\u1ee7a l\u1ebd th\u01b0\u1eddng v\u00e0 kh\u1ea3 n\u0103ng \u0111i\u1ec1m t\u0129nh xem x\u00e9t nh\u1eefng \u0111i\u1ec1u \u0111ang di\u1ec5n ra ngay tr\u01b0\u1edbc m\u1eaft.\u201d<\/p>\n","protected":false},"featured_media":7311,"template":"","meta":{"_acf_changed":false},"product_brand":[],"product_cat":[19],"product_tag":[],"class_list":{"0":"post-7315","1":"product","2":"type-product","3":"status-publish","4":"has-post-thumbnail","6":"product_cat-nuoi-day-con","8":"first","9":"outofstock","10":"taxable","11":"shipping-taxable","12":"purchasable","13":"product-type-simple"},"supplier_id":null,"supplier_sku":"","barcode":null,"atum_controlled":true,"out_stock_date":"2021-09-07 04:54:41","out_stock_threshold":null,"inheritable":false,"inbound_stock":0,"stock_on_hold":0,"sold_today":0,"sales_last_days":0,"reserved_stock":0,"customer_returns":0,"warehouse_damage":0,"lost_in_post":0,"other_logs":0,"out_stock_days":1604,"lost_sales":0,"has_location":false,"update_date":"2026-01-28T23:10:41","atum_locations":[],"atum_stock_status":"outofstock","restock_status":false,"low_stock_amount":"","sales_update_date":"2026-01-28T23:10:41","calc_backorders":null,"acf":{"publisher":{"ID":2817,"post_author":"1","post_date":"2021-02-27 00:00:35","post_date_gmt":"2021-02-26 22:00:35","post_content":"","post_title":"Alpha Books","post_excerpt":"","post_status":"publish","comment_status":"closed","ping_status":"closed","post_password":"","post_name":"alpha-books","to_ping":"","pinged":"","post_modified":"2021-02-27 00:00:35","post_modified_gmt":"2021-02-26 22:00:35","post_content_filtered":"","post_parent":0,"guid":"https:\/\/sachviet.eu\/nha-phat-hanh\/alpha-books\/","menu_order":0,"post_type":"publisher","post_mime_type":"","comment_count":"0","filter":"raw"}},"_links":{"self":[{"href":"https:\/\/sachviet.eu\/en\/wp-json\/wp\/v2\/product\/7315","targetHints":{"allow":["GET"]}}],"collection":[{"href":"https:\/\/sachviet.eu\/en\/wp-json\/wp\/v2\/product"}],"about":[{"href":"https:\/\/sachviet.eu\/en\/wp-json\/wp\/v2\/types\/product"}],"wp:featuredmedia":[{"embeddable":true,"href":"https:\/\/sachviet.eu\/en\/wp-json\/wp\/v2\/media\/7311"}],"wp:attachment":[{"href":"https:\/\/sachviet.eu\/en\/wp-json\/wp\/v2\/media?parent=7315"}],"wp:term":[{"taxonomy":"product_brand","embeddable":true,"href":"https:\/\/sachviet.eu\/en\/wp-json\/wp\/v2\/product_brand?post=7315"},{"taxonomy":"product_cat","embeddable":true,"href":"https:\/\/sachviet.eu\/en\/wp-json\/wp\/v2\/product_cat?post=7315"},{"taxonomy":"product_tag","embeddable":true,"href":"https:\/\/sachviet.eu\/en\/wp-json\/wp\/v2\/product_tag?post=7315"}],"curies":[{"name":"wp","href":"https:\/\/api.w.org\/{rel}","templated":true}]}}