{"id":7308,"date":"2021-03-30T12:03:46","date_gmt":"2021-03-30T09:03:46","guid":{"rendered":"https:\/\/sachviet.eu\/shop\/be-khoe-moi-ngay-set-6-quyen-2\/"},"modified":"2024-12-10T10:50:08","modified_gmt":"2024-12-10T08:50:08","slug":"be-khoe-moi-ngay-set-6-quyen-2","status":"publish","type":"product","link":"https:\/\/sachviet.eu\/en\/shop\/be-khoe-moi-ngay-set-6-quyen-2\/","title":{"rendered":"B\u00e9 Kh\u1ecfe M\u1ed7i Ng\u00e0y\u00a0&#8211; set 6 quy\u1ec3n"},"content":{"rendered":"<p>B\u1ec7nh c\u00fam c\u1ee7a Minh ng\u00e0y m\u1ed9t n\u1eb7ng, nh\u01b0ng b\u00e9 nh\u1ea5t quy\u1ebft kh\u00f4ng ch\u1ecbu u\u1ed1ng thu\u1ed1c. Th\u1ebf l\u00e0 Minh h\u1eaft x\u00ec kh\u1eafp n\u01a1i: n\u00e0o vi\u1ec7n b\u1ea3o t\u00e0ng, cung v\u0103n h\u00f3a, n\u00e0o ti\u1ec7c sinh nh\u1eadt c\u1ee7a ch\u1ecb h\u1ecd. M\u1ecdi ng\u01b0\u1eddi \u0111\u1eb7t cho Minh bi\u1ec7t danh l\u00e0 \u201cc\u1eadu b\u00e9 h\u1eaft x\u00ec\u201d. C\u00e2u chuy\u1ec7n s\u1ebd di\u1ec5n ra nh\u01b0 th\u1ebf n\u00e0o? Ch\u00fang m\u00ecnh c\u00f9ng xem nh\u00e9!<\/p>\n<p>Minh l\u00e0 m\u1ed9t c\u1eadu b\u00e9 hi\u1ebfu \u0111\u1ed9ng. H\u00f4m n\u00e0o c\u0169ng v\u1eady, h\u1ec5 \u0111i ch\u01a1i v\u1ec1 l\u00e0 b\u00e9 l\u1ea1i \u0111\u1ea7m \u0111\u00eca m\u1ed3 h\u00f4i. Th\u1ebf nh\u01b0ng, Minh l\u1ea1i c\u1ef1c k\u00ec l\u01b0\u1eddi t\u1eafm, b\u00e9 cho r\u1eb1ng vi\u1ec7c t\u1eafm l\u00e0m m\u1ea5t th\u1eddi gian ch\u01a1i \u0111\u00f9a c\u00f9ng c\u00e1c b\u1ea1n. C\u00e2u chuy\u1ec7n v\u1ec1 b\u00e9 Minh l\u01b0\u1eddi t\u1eafm s\u1ebd nh\u01b0 th\u1ebf n\u00e0o? M\u1eddi c\u00e1c em c\u00f9ng xem nh\u00e9!<\/p>\n<p>B\u00e9 Minh m\u00ea t\u00edt c\u00e1c m\u00f3n th\u1ecbt. M\u1ed7i b\u1eefa \u0103n, b\u00e9 \u0111\u1ec1u b\u1ecf rau kh\u1ecfi b\u00e1t. \u0110\u1ec3 Minh l\u00e0m quen v\u1edbi c\u00e1c m\u00f3n rau, m\u1eb9 Minh \u0111\u00e3 &#8220;giao h\u1eb9n&#8221; v\u1edbi b\u00e9 m\u1ed9t vi\u1ec7c. D\u1ea7n d\u1ea7n, Minh \u0111\u00e3 t\u1ef1 \u0111\u1ec1 ngh\u1ecb \u0103n rau v\u00e0 h\u00ecnh th\u00e0nh th\u00f3i quen \u0103n u\u1ed1ng t\u1ed1t cho ri\u00eang m\u00ecnh. V\u1eady, \u0111i\u1ec1u m\u1eb9 giao h\u1eb9n l\u00e0 g\u00ec? Ch\u00fang m\u00ecnh c\u00f9ng xem nh\u00e9!<\/p>\n<p>M\u1ed9t ng\u00e0y n\u1ecd, b\u00e9 Minh ch\u1ee3t n\u1ea3y ra \u00fd t\u01b0\u1edfng nu\u00f4i t\u00f3c d\u00e0i. V\u1edbi m\u00e1i t\u00f3c l\u01b0\u1ee3t th\u01b0\u1ee3t, tr\u00f4ng b\u00e9 s\u1ebd th\u1eadt &#8220;ng\u1ea7u&#8221; v\u00e0 n\u1ed5i b\u1eadt. M\u1eb9 h\u1ebft l\u1eddi khuy\u00ean can nh\u01b0ng b\u00e9 kh\u0103ng kh\u0103ng kh\u00f4ng nghe. M\u00e1i t\u00f3c d\u00e0i c\u1ee7a Minh tr\u00f4ng s\u1ebd th\u1ebf n\u00e0o nh\u1ec9? Ch\u00fang m\u00ecnh c\u00f9ng xem nh\u00e9!<\/p>\n<p>V\u00ec mu\u1ed1n \u0111\u01b0\u1ee3c ch\u01a1i nhi\u1ec1u h\u01a1n n\u00ean b\u00e9 Minh th\u01b0\u1eddng xuy\u00ean nh\u1ecbn ti\u1ec3u. H\u00f4m nay, b\u00e9 \u0111\u01b0\u1ee3c \u0111i tham quan B\u1ea3o t\u00e0ng Khoa h\u1ecdc C\u00f4ng ngh\u1ec7. \u0110ang say s\u01b0a ng\u1eafm ngh\u00eda th\u00ec Minh th\u1ea5y m\u1eafc ti\u1ec3u. B\u00e9 quy\u1ebft \u0111\u1ecbnh nh\u1ecbn ti\u1ec3u \u0111\u1ec3 \u0111\u1ee1 t\u1ed1n th\u1eddi gian. C\u00f3 n\u00ean l\u00e0m nh\u01b0 v\u1eady kh\u00f4ng nh\u1ec9? Ch\u00fang m\u00ecnh c\u00f9ng xem nh\u00e9!<\/p>\n<p>Mu\u1ed1n ph\u00f2ng ch\u1ed1ng vi khu\u1ea9n, vi\u1ec7c tr\u01b0\u1edbc ti\u00ean ta c\u1ea7n l\u00e0m ch\u00ednh l\u00e0 r\u1eeda tay s\u1ea1ch s\u1ebd. Nh\u01b0ng \u0111i\u1ec1u g\u00ec s\u1ebd x\u1ea3y ra khi b\u00e9 Minh m\u1ea3i ch\u01a1i kh\u00f4ng ch\u1ecbu r\u1eeda tay? Ch\u00fang m\u00ecnh c\u00f9ng xem nh\u00e9!<\/p>\n","protected":false},"excerpt":{"rendered":"<p>B\u1ec7nh c\u00fam c\u1ee7a Minh ng\u00e0y m\u1ed9t n\u1eb7ng, nh\u01b0ng b\u00e9 nh\u1ea5t quy\u1ebft kh\u00f4ng ch\u1ecbu u\u1ed1ng thu\u1ed1c. Th\u1ebf l\u00e0 Minh h\u1eaft x\u00ec kh\u1eafp n\u01a1i: n\u00e0o vi\u1ec7n b\u1ea3o t\u00e0ng, cung v\u0103n h\u00f3a, n\u00e0o ti\u1ec7c sinh nh\u1eadt c\u1ee7a ch\u1ecb h\u1ecd. M\u1ecdi ng\u01b0\u1eddi \u0111\u1eb7t cho Minh bi\u1ec7t danh l\u00e0 \u201cc\u1eadu b\u00e9 h\u1eaft x\u00ec\u201d. C\u00e2u chuy\u1ec7n s\u1ebd di\u1ec5n ra nh\u01b0 th\u1ebf n\u00e0o? Ch\u00fang m\u00ecnh c\u00f9ng xem nh\u00e9!<\/p>\n<p>Minh l\u00e0 m\u1ed9t c\u1eadu b\u00e9 hi\u1ebfu \u0111\u1ed9ng. H\u00f4m n\u00e0o c\u0169ng v\u1eady, h\u1ec5 \u0111i ch\u01a1i v\u1ec1 l\u00e0 b\u00e9 l\u1ea1i \u0111\u1ea7m \u0111\u00eca m\u1ed3 h\u00f4i. Th\u1ebf nh\u01b0ng, Minh l\u1ea1i c\u1ef1c k\u00ec l\u01b0\u1eddi t\u1eafm, b\u00e9 cho r\u1eb1ng vi\u1ec7c t\u1eafm l\u00e0m m\u1ea5t th\u1eddi gian ch\u01a1i \u0111\u00f9a c\u00f9ng c\u00e1c b\u1ea1n. C\u00e2u chuy\u1ec7n v\u1ec1 b\u00e9 Minh l\u01b0\u1eddi t\u1eafm s\u1ebd nh\u01b0 th\u1ebf n\u00e0o? M\u1eddi c\u00e1c em c\u00f9ng xem nh\u00e9!<\/p>\n<p>B\u00e9 Minh m\u00ea t\u00edt c\u00e1c m\u00f3n th\u1ecbt. M\u1ed7i b\u1eefa \u0103n, b\u00e9 \u0111\u1ec1u b\u1ecf rau kh\u1ecfi b\u00e1t. \u0110\u1ec3 Minh l\u00e0m quen v\u1edbi c\u00e1c m\u00f3n rau, m\u1eb9 Minh \u0111\u00e3 &#8220;giao h\u1eb9n&#8221; v\u1edbi b\u00e9 m\u1ed9t vi\u1ec7c. D\u1ea7n d\u1ea7n, Minh \u0111\u00e3 t\u1ef1 \u0111\u1ec1 ngh\u1ecb \u0103n rau v\u00e0 h\u00ecnh th\u00e0nh th\u00f3i quen \u0103n u\u1ed1ng t\u1ed1t cho ri\u00eang m\u00ecnh. V\u1eady, \u0111i\u1ec1u m\u1eb9 giao h\u1eb9n l\u00e0 g\u00ec? Ch\u00fang m\u00ecnh c\u00f9ng xem nh\u00e9!<\/p>\n<p>M\u1ed9t ng\u00e0y n\u1ecd, b\u00e9 Minh ch\u1ee3t n\u1ea3y ra \u00fd t\u01b0\u1edfng nu\u00f4i t\u00f3c d\u00e0i. V\u1edbi m\u00e1i t\u00f3c l\u01b0\u1ee3t th\u01b0\u1ee3t, tr\u00f4ng b\u00e9 s\u1ebd th\u1eadt &#8220;ng\u1ea7u&#8221; v\u00e0 n\u1ed5i b\u1eadt. M\u1eb9 h\u1ebft l\u1eddi khuy\u00ean can nh\u01b0ng b\u00e9 kh\u0103ng kh\u0103ng kh\u00f4ng nghe. M\u00e1i t\u00f3c d\u00e0i c\u1ee7a Minh tr\u00f4ng s\u1ebd th\u1ebf n\u00e0o nh\u1ec9? Ch\u00fang m\u00ecnh c\u00f9ng xem nh\u00e9!<\/p>\n<p>V\u00ec mu\u1ed1n \u0111\u01b0\u1ee3c ch\u01a1i nhi\u1ec1u h\u01a1n n\u00ean b\u00e9 Minh th\u01b0\u1eddng xuy\u00ean nh\u1ecbn ti\u1ec3u. H\u00f4m nay, b\u00e9 \u0111\u01b0\u1ee3c \u0111i tham quan B\u1ea3o t\u00e0ng Khoa h\u1ecdc C\u00f4ng ngh\u1ec7. \u0110ang say s\u01b0a ng\u1eafm ngh\u00eda th\u00ec Minh th\u1ea5y m\u1eafc ti\u1ec3u. B\u00e9 quy\u1ebft \u0111\u1ecbnh nh\u1ecbn ti\u1ec3u \u0111\u1ec3 \u0111\u1ee1 t\u1ed1n th\u1eddi gian. C\u00f3 n\u00ean l\u00e0m nh\u01b0 v\u1eady kh\u00f4ng nh\u1ec9? Ch\u00fang m\u00ecnh c\u00f9ng xem nh\u00e9!<\/p>\n<p>Mu\u1ed1n ph\u00f2ng ch\u1ed1ng vi khu\u1ea9n, vi\u1ec7c tr\u01b0\u1edbc ti\u00ean ta c\u1ea7n l\u00e0m ch\u00ednh l\u00e0 r\u1eeda tay s\u1ea1ch s\u1ebd. Nh\u01b0ng \u0111i\u1ec1u g\u00ec s\u1ebd x\u1ea3y ra khi b\u00e9 Minh m\u1ea3i ch\u01a1i kh\u00f4ng ch\u1ecbu r\u1eeda tay? Ch\u00fang m\u00ecnh c\u00f9ng xem nh\u00e9!<\/p>\n<p>B\u1ed9 s\u00e1ch B\u00c9 KH\u1eceE M\u1ed6I NG\u00c0Y g\u1ed3m 6 cu\u1ed1n:<br \/>\nN\u1ebeU KH\u00d4NG T\u1eaeM TH\u00cc SAO?<br \/>\nN\u1ebeU \u1ed0M M\u00c0 KH\u00d4NG U\u1ed0NG THU\u1ed0C TH\u00cc SAO?<br \/>\nN\u1ebeU KH\u00d4NG R\u1eecA TAY TH\u00cc SAO?<br \/>\nN\u1ebeU NH\u1ecaN TI\u1ec2U TH\u00cc SAO?<br \/>\nN\u1ebeU KH\u00d4NG C\u1eaeT T\u00d3C TH\u00cc SAO?<br \/>\nN\u1ebeU KH\u00d4NG \u0102N RAU TH\u00cc SAO?<\/p>\n","protected":false},"featured_media":7301,"template":"","meta":{"_acf_changed":false},"product_brand":[],"product_cat":[25,17,26],"product_tag":[],"class_list":{"0":"post-7308","1":"product","2":"type-product","3":"status-publish","4":"has-post-thumbnail","6":"product_cat-nhi-dong-6-tuoi-12-tuoi","7":"product_cat-sach-danh-cho-cac-be","8":"product_cat-thieu-nien-11-tuoi-18-tuoi","10":"first","11":"outofstock","12":"taxable","13":"shipping-taxable","14":"purchasable","15":"product-type-simple"},"supplier_id":null,"supplier_sku":"","barcode":null,"atum_controlled":true,"out_stock_date":"2024-12-10 08:50:08","out_stock_threshold":null,"inheritable":false,"inbound_stock":0,"stock_on_hold":0,"sold_today":0,"sales_last_days":0,"reserved_stock":0,"customer_returns":0,"warehouse_damage":0,"lost_in_post":0,"other_logs":0,"out_stock_days":414,"lost_sales":0,"has_location":false,"update_date":"2026-01-28T23:11:27","atum_locations":[],"atum_stock_status":"outofstock","restock_status":false,"low_stock_amount":"","sales_update_date":"2026-01-28T23:11:27","calc_backorders":null,"acf":{"publisher":{"ID":1454,"post_author":"1","post_date":"2021-02-17 01:11:34","post_date_gmt":"2021-02-16 23:11:34","post_content":"<!-- wp:flatsome\/uxbuilder -->\n<h1 style=\"text-align: center;\"><strong>Kim \u0110\u1ed3ng<\/strong><\/h1>\n[row]\n\n[col span=\"3\" span__sm=\"12\"]\n\n[ux_image id=\"1534\" image_size=\"medium\"]\n\n\n[\/col]\n[col span=\"9\" span__sm=\"12\"]\n\n<p>Nh\u00e0 xu\u1ea5t b\u1ea3n Kim \u0110\u1ed3ng tr\u1ef1c thu\u1ed9c Trung \u01b0\u01a1ng \u0110o\u00e0n TNCS H\u1ed3 Ch\u00ed Minh l\u00e0 Nh\u00e0 xu\u1ea5t b\u1ea3n t\u1ed5ng h\u1ee3p c\u00f3 ch\u1ee9c n\u0103ng xu\u1ea5t b\u1ea3n s\u00e1ch v\u00e0 v\u0103n h\u00f3a ph\u1ea9m ph\u1ee5c v\u1ee5 thi\u1ebfu nhi v\u00e0 c\u00e1c b\u1eadc ph\u1ee5 huynh trong c\u1ea3 n\u01b0\u1edbc, qu\u1ea3ng b\u00e1 v\u00e0 gi\u1edbi thi\u1ec7u v\u0103n h\u00f3a Vi\u1ec7t Nam ra th\u1ebf gi\u1edbi.<br \/>Nh\u00e0 xu\u1ea5t b\u1ea3n c\u00f3 nhi\u1ec7m v\u1ee5 t\u1ed5 ch\u1ee9c b\u1ea3n th\u1ea3o, bi\u00ean so\u1ea1n, bi\u00ean d\u1ecbch, xu\u1ea5t b\u1ea3n v\u00e0 ph\u00e1t h\u00e0nh c\u00e1c xu\u1ea5t b\u1ea3n ph\u1ea9m c\u00f3 n\u1ed9i dung: gi\u00e1o d\u1ee5c truy\u1ec1n th\u1ed1ng d\u00e2n t\u1ed9c, gi\u00e1o d\u1ee5c v\u1ec1 tri th\u1ee9c, ki\u1ebfn th\u1ee9c\u2026 tr\u00ean c\u00e1c l\u0129nh v\u1ef1c v\u0103n h\u1ecdc, ngh\u1ec7 thu\u1eadt, khoa h\u1ecdc k\u1ef9 thu\u1eadt nh\u1eb1m cung c\u1ea5p cho c\u00e1c em thi\u1ebfu nhi c\u0169ng nh\u01b0 c\u00e1c b\u1eadc ph\u1ee5 huynh c\u00e1c ki\u1ebfn th\u1ee9c c\u1ea7n thi\u1ebft trong cu\u1ed9c s\u1ed1ng, nh\u1eefng tinh hoa c\u1ee7a tri th\u1ee9c nh\u00e2n lo\u1ea1i nh\u1eb1m g\u00f3p ph\u1ea7n gi\u00e1o d\u1ee5c v\u00e0 h\u00ecnh th\u00e0nh nh\u00e2n c\u00e1ch th\u1ebf h\u1ec7 tr\u1ebb.<br \/>\u0110\u1ed1i t\u01b0\u1ee3ng ph\u1ee5c v\u1ee5 c\u1ee7a Nh\u00e0 xu\u1ea5t b\u1ea3n l\u00e0 c\u00e1c em t\u1eeb tu\u1ed5i nh\u00e0 tr\u1ebb m\u1eabu gi\u00e1o (1 \u0111\u1ebfn 5 tu\u1ed5i), nhi \u0111\u1ed3ng (6 \u0111\u1ebfn 9 tu\u1ed5i), thi\u1ebfu ni\u00ean (10 \u0111\u1ebfn 15 tu\u1ed5i) \u0111\u1ebfn c\u00e1c em tu\u1ed5i m\u1edbi l\u1edbn (16 \u0111\u1ebfn 18 tu\u1ed5i) v\u00e0 c\u00e1c b\u1eadc ph\u1ee5 huynh.<\/p>\n\n[\/col]\n\n[\/row]\n\n<!-- \/wp:flatsome\/uxbuilder -->","post_title":"Kim \u0110\u1ed3ng","post_excerpt":"","post_status":"publish","comment_status":"closed","ping_status":"closed","post_password":"","post_name":"kim-dong","to_ping":"","pinged":"","post_modified":"2021-02-17 01:31:56","post_modified_gmt":"2021-02-16 23:31:56","post_content_filtered":"","post_parent":0,"guid":"https:\/\/sachviet.eu\/nha-phat-hanh\/kim-dong\/","menu_order":0,"post_type":"publisher","post_mime_type":"","comment_count":"0","filter":"raw"}},"_links":{"self":[{"href":"https:\/\/sachviet.eu\/en\/wp-json\/wp\/v2\/product\/7308","targetHints":{"allow":["GET"]}}],"collection":[{"href":"https:\/\/sachviet.eu\/en\/wp-json\/wp\/v2\/product"}],"about":[{"href":"https:\/\/sachviet.eu\/en\/wp-json\/wp\/v2\/types\/product"}],"wp:featuredmedia":[{"embeddable":true,"href":"https:\/\/sachviet.eu\/en\/wp-json\/wp\/v2\/media\/7301"}],"wp:attachment":[{"href":"https:\/\/sachviet.eu\/en\/wp-json\/wp\/v2\/media?parent=7308"}],"wp:term":[{"taxonomy":"product_brand","embeddable":true,"href":"https:\/\/sachviet.eu\/en\/wp-json\/wp\/v2\/product_brand?post=7308"},{"taxonomy":"product_cat","embeddable":true,"href":"https:\/\/sachviet.eu\/en\/wp-json\/wp\/v2\/product_cat?post=7308"},{"taxonomy":"product_tag","embeddable":true,"href":"https:\/\/sachviet.eu\/en\/wp-json\/wp\/v2\/product_tag?post=7308"}],"curies":[{"name":"wp","href":"https:\/\/api.w.org\/{rel}","templated":true}]}}