{"id":7282,"date":"2021-03-30T12:02:25","date_gmt":"2021-03-30T09:02:25","guid":{"rendered":"https:\/\/sachviet.eu\/shop\/nguoi-trong-rung\/"},"modified":"2023-06-24T09:14:51","modified_gmt":"2023-06-24T06:14:51","slug":"nguoi-trong-rung","status":"publish","type":"product","link":"https:\/\/sachviet.eu\/en\/shop\/nguoi-trong-rung\/","title":{"rendered":"Ng\u01b0\u1eddi tr\u1ed3ng r\u1eebng"},"content":{"rendered":"<p>S\u1ef1 s\u1ed1ng c\u00f3 m\u1eb7t l\u00e0 nh\u1edd s\u1ef1 k\u1ebft h\u1ee3p ch\u1eb7t ch\u1ebd c\u1ee7a bi\u1ebft bao y\u1ebfu t\u1ed1 \u0111\u1ebfn t\u1eeb mu\u00f4n n\u01a1i, t\u1eeb c\u1ea3 v\u0169 tr\u1ee5 v\u00e0 mu\u00f4n ng\u01b0\u1eddi, mu\u00f4n lo\u00e0i. C\u00f3 \u00fd th\u1ee9c s\u00e1ng t\u1ecf \u1ea5y, ta m\u1edbi \u0111em h\u1ebft t\u00e2m \u00fd \u0111\u00f3ng g\u00f3p ph\u1ea7n t\u1ed1t nh\u1ea5t v\u00e0 \u0111\u1eb9p nh\u1ea5t c\u1ee7a m\u00ecnh \u0111\u1ec3 b\u1ea3o v\u1ec7 s\u1ef1 s\u1ed1ng, b\u1ea3o v\u1ec7 thi\u00ean nhi\u00ean v\u00e0 mu\u00f4n ng\u01b0\u1eddi, mu\u00f4n lo\u00e0i.<\/p>\n<p>Khi x\u00e2y d\u1ef1ng nh\u00e2n v\u1eadt Elz\u00e9ard Bouffier, t\u00e1c gi\u1ea3 \u0111\u00e3 mu\u1ed1n n\u00f3i l\u00ean t\u00e2m nguy\u1ec7n thi\u1ebft tha \u0111\u00f3, l\u00e0 l\u00e0m sao con ng\u01b0\u1eddi v\u00e0 thi\u00ean nhi\u00ean s\u1ed1ng v\u1edbi nhau th\u1eadt h\u00e0i h\u00f2a, trong m\u1ed1i th\u00e2m t\u00ecnh \u0111\u00e3 c\u00f3 v\u1edbi nhau t\u1eeb mu\u00f4n thu\u1edf. Ph\u00e1 h\u1ee7y m\u1ed1i th\u00e2m t\u00ecnh \u0111\u00f3 l\u00e0 ph\u00e1 h\u1ee7y t\u1ea5t c\u1ea3.<\/p>\n<p>Ng\u01b0\u1eddi Tr\u1ed3ng R\u1eebng l\u00e0 c\u00e2u chuy\u1ec7n c\u1ea3m \u0111\u1ed9ng v\u1ec1 \u00fd ch\u00ed cao c\u1ea3 v\u00e0 b\u1ec1n b\u1ec9 c\u1ee7a m\u1ed9t ng\u01b0\u1eddi ch\u0103n c\u1eebu \u0111\u00e3 d\u00e0nh h\u1ebft t\u00e2m s\u1ee9c \u0111\u1ec3 tr\u1ed3ng th\u1eadt nhi\u1ec1u c\u00e2y trong m\u1ed9t thung l\u0169ng hoang v\u1eafng, c\u1eb1n c\u1ed7i \u1edf v\u00f9ng Alpes-Provence su\u1ed1t n\u1eeda \u0111\u1ea7u th\u1ebf k\u1ef7 20. C\u00e2u chuy\u1ec7n sau \u0111\u00f3 \u0111\u01b0\u1ee3c d\u1ecbch ra nhi\u1ec1u th\u1ee9 ti\u1ebfng v\u00e0 g\u00e2y \u0111\u01b0\u1ee3c phong tr\u00e0o t\u00e1i t\u1ea1o r\u1eebng m\u1ea1nh m\u1ebd \u1edf kh\u1eafp n\u01a1i.<\/p>\n<p>N\u1ed9i dung Ng\u01b0\u1eddi Tr\u1ed3ng R\u1eebng \u0111\u01b0\u1ee3c chuy\u1ec3n th\u1ec3 th\u00e0nh phim n\u0103m 1987 v\u00e0 \u0111o\u1ea1t gi\u1ea3i C\u00e0nh C\u1ecd V\u00e0ng Phim ng\u1eafn t\u1ea1i Li\u00ean hoan phim Cannes n\u0103m 1987, gi\u1ea3i Oscar cho Phim ho\u1ea1t h\u00ecnh ng\u1eafn xu\u1ea5t s\u1eafc nh\u1ea5t n\u0103m 1988.<\/p>\n","protected":false},"excerpt":{"rendered":"<p>S\u1ef1 s\u1ed1ng c\u00f3 m\u1eb7t l\u00e0 nh\u1edd s\u1ef1 k\u1ebft h\u1ee3p ch\u1eb7t ch\u1ebd c\u1ee7a bi\u1ebft bao y\u1ebfu t\u1ed1 \u0111\u1ebfn t\u1eeb mu\u00f4n n\u01a1i, t\u1eeb c\u1ea3 v\u0169 tr\u1ee5 v\u00e0 mu\u00f4n ng\u01b0\u1eddi, mu\u00f4n lo\u00e0i. C\u00f3 \u00fd th\u1ee9c s\u00e1ng t\u1ecf \u1ea5y, ta m\u1edbi \u0111em h\u1ebft t\u00e2m \u00fd \u0111\u00f3ng g\u00f3p ph\u1ea7n t\u1ed1t nh\u1ea5t v\u00e0 \u0111\u1eb9p nh\u1ea5t c\u1ee7a m\u00ecnh \u0111\u1ec3 b\u1ea3o v\u1ec7 s\u1ef1 s\u1ed1ng, b\u1ea3o v\u1ec7 thi\u00ean nhi\u00ean v\u00e0 mu\u00f4n ng\u01b0\u1eddi, mu\u00f4n lo\u00e0i.<\/p>\n<p>Khi x\u00e2y d\u1ef1ng nh\u00e2n v\u1eadt Elz\u00e9ard Bouffier, t\u00e1c gi\u1ea3 \u0111\u00e3 mu\u1ed1n n\u00f3i l\u00ean t\u00e2m nguy\u1ec7n thi\u1ebft tha \u0111\u00f3, l\u00e0 l\u00e0m sao con ng\u01b0\u1eddi v\u00e0 thi\u00ean nhi\u00ean s\u1ed1ng v\u1edbi nhau th\u1eadt h\u00e0i h\u00f2a, trong m\u1ed1i th\u00e2m t\u00ecnh \u0111\u00e3 c\u00f3 v\u1edbi nhau t\u1eeb mu\u00f4n thu\u1edf. Ph\u00e1 h\u1ee7y m\u1ed1i th\u00e2m t\u00ecnh \u0111\u00f3 l\u00e0 ph\u00e1 h\u1ee7y t\u1ea5t c\u1ea3.<\/p>\n<p>Ng\u01b0\u1eddi Tr\u1ed3ng R\u1eebng l\u00e0 c\u00e2u chuy\u1ec7n c\u1ea3m \u0111\u1ed9ng v\u1ec1 \u00fd ch\u00ed cao c\u1ea3 v\u00e0 b\u1ec1n b\u1ec9 c\u1ee7a m\u1ed9t ng\u01b0\u1eddi ch\u0103n c\u1eebu \u0111\u00e3 d\u00e0nh h\u1ebft t\u00e2m s\u1ee9c \u0111\u1ec3 tr\u1ed3ng th\u1eadt nhi\u1ec1u c\u00e2y trong m\u1ed9t thung l\u0169ng hoang v\u1eafng, c\u1eb1n c\u1ed7i \u1edf v\u00f9ng Alpes-Provence su\u1ed1t n\u1eeda \u0111\u1ea7u th\u1ebf k\u1ef7 20. C\u00e2u chuy\u1ec7n sau \u0111\u00f3 \u0111\u01b0\u1ee3c d\u1ecbch ra nhi\u1ec1u th\u1ee9 ti\u1ebfng v\u00e0 g\u00e2y \u0111\u01b0\u1ee3c phong tr\u00e0o t\u00e1i t\u1ea1o r\u1eebng m\u1ea1nh m\u1ebd \u1edf kh\u1eafp n\u01a1i.<\/p>\n<p>N\u1ed9i dung Ng\u01b0\u1eddi Tr\u1ed3ng R\u1eebng \u0111\u01b0\u1ee3c chuy\u1ec3n th\u1ec3 th\u00e0nh phim n\u0103m 1987 v\u00e0 \u0111o\u1ea1t gi\u1ea3i C\u00e0nh C\u1ecd V\u00e0ng Phim ng\u1eafn t\u1ea1i Li\u00ean hoan phim Cannes n\u0103m 1987, gi\u1ea3i Oscar cho Phim ho\u1ea1t h\u00ecnh ng\u1eafn xu\u1ea5t s\u1eafc nh\u1ea5t n\u0103m 1988.<\/p>\n","protected":false},"featured_media":7278,"template":"","meta":{"_acf_changed":false},"product_brand":[],"product_cat":[17,15,26,47],"product_tag":[],"class_list":{"0":"post-7282","1":"product","2":"type-product","3":"status-publish","4":"has-post-thumbnail","6":"product_cat-sach-danh-cho-cac-be","7":"product_cat-sach-danh-cho-nguoi-lon","8":"product_cat-thieu-nien-11-tuoi-18-tuoi","9":"product_cat-truyen-ngan-tan-van","11":"first","12":"outofstock","13":"taxable","14":"shipping-taxable","15":"purchasable","16":"product-type-simple"},"supplier_id":null,"supplier_sku":"","barcode":null,"atum_controlled":true,"out_stock_date":"2023-06-24 06:14:51","out_stock_threshold":null,"inheritable":false,"inbound_stock":0,"stock_on_hold":0,"sold_today":0,"sales_last_days":0,"reserved_stock":0,"customer_returns":0,"warehouse_damage":0,"lost_in_post":0,"other_logs":0,"out_stock_days":949,"lost_sales":0,"has_location":false,"update_date":"2026-01-28T23:10:41","atum_locations":[],"atum_stock_status":"outofstock","restock_status":false,"low_stock_amount":"","sales_update_date":"2026-01-28T23:10:41","calc_backorders":null,"acf":{"publisher":{"ID":5800,"post_author":"1","post_date":"2021-03-14 02:27:19","post_date_gmt":"2021-03-14 00:27:19","post_content":"","post_title":"Ph\u01b0\u01a1ng Nam Book","post_excerpt":"","post_status":"publish","comment_status":"closed","ping_status":"closed","post_password":"","post_name":"phuong-nam-book","to_ping":"","pinged":"","post_modified":"2021-03-14 02:27:19","post_modified_gmt":"2021-03-14 00:27:19","post_content_filtered":"","post_parent":0,"guid":"https:\/\/sachviet.eu\/blog\/nha-phat-hanh\/phuong-nam-book\/","menu_order":0,"post_type":"publisher","post_mime_type":"","comment_count":"0","filter":"raw"}},"_links":{"self":[{"href":"https:\/\/sachviet.eu\/en\/wp-json\/wp\/v2\/product\/7282","targetHints":{"allow":["GET"]}}],"collection":[{"href":"https:\/\/sachviet.eu\/en\/wp-json\/wp\/v2\/product"}],"about":[{"href":"https:\/\/sachviet.eu\/en\/wp-json\/wp\/v2\/types\/product"}],"wp:featuredmedia":[{"embeddable":true,"href":"https:\/\/sachviet.eu\/en\/wp-json\/wp\/v2\/media\/7278"}],"wp:attachment":[{"href":"https:\/\/sachviet.eu\/en\/wp-json\/wp\/v2\/media?parent=7282"}],"wp:term":[{"taxonomy":"product_brand","embeddable":true,"href":"https:\/\/sachviet.eu\/en\/wp-json\/wp\/v2\/product_brand?post=7282"},{"taxonomy":"product_cat","embeddable":true,"href":"https:\/\/sachviet.eu\/en\/wp-json\/wp\/v2\/product_cat?post=7282"},{"taxonomy":"product_tag","embeddable":true,"href":"https:\/\/sachviet.eu\/en\/wp-json\/wp\/v2\/product_tag?post=7282"}],"curies":[{"name":"wp","href":"https:\/\/api.w.org\/{rel}","templated":true}]}}