{"id":7258,"date":"2021-03-30T12:00:56","date_gmt":"2021-03-30T09:00:56","guid":{"rendered":"https:\/\/sachviet.eu\/shop\/be-nuong\/"},"modified":"2022-11-25T14:13:20","modified_gmt":"2022-11-25T12:13:20","slug":"be-nuong","status":"publish","type":"product","link":"https:\/\/sachviet.eu\/en\/shop\/be-nuong\/","title":{"rendered":"B\u00e9 Nu\u1ed7ng"},"content":{"rendered":"<p>B\u00e9 Nu\u1ed7ng l\u00e0 cu\u1ed1n s\u00e1ch gi\u00fap b\u00e9 t\u1ef1 tin t\u00edch c\u1ef1c.<\/p>\n<p>Trong cu\u1ed1n s\u00e1ch \u0111\u1ea7y kh\u00e1c th\u01b0\u1eddng ng\u1ee3i ca b\u1ea3n s\u1eafc c\u00e1 nh\u00e2n n\u00e0y, Kyo Maclear \u0111\u00e3 t\u1ea1o ra m\u1ed9t c\u00e2u chuy\u1ec7n \u201c\u0111a v\u0103n h\u00f3a dao mu\u1ed7ng n\u0129a\u201d \u0111\u1ea7y h\u00f3m h\u1ec9nh d\u00e0nh ri\u00eang cho nh\u1eefng ai c\u00f2n tr\u0103n tr\u1edf r\u1eb1ng c\u00f3 n\u01a1i n\u00e0o tr\u00ean th\u1ebf gi\u1edbi n\u00e0y d\u00e0nh cho m\u00ecnh. H\u1ecda s\u0129 t\u00e0i n\u0103ng Isabelle Arsenault mang \u0111\u1ebfn nh\u1eefng tranh v\u1ebd ph\u1ed1i t\u1eeb nhi\u1ec1u ch\u1ea5t li\u1ec7u v\u1eeba gi\u00e0u n\u0103ng l\u01b0\u1ee3ng l\u1ea1i tinh ngh\u1ecbch, c\u00e0ng t\u00f4 \u0111\u1eadm cho c\u00e2u chuy\u1ec7n v\u1ec1 lai t\u1ea1p v\u00e0 pha tr\u1ed9n. C\u00e1c b\u1ea1n nh\u1ecf h\u1eb3n s\u1ebd th\u00edch th\u00fa l\u1eafm khi \u0111\u01b0\u1ee3c ng\u00f3 nghi\u00eang \u0111\u1eddi t\u01b0 c\u1ee7a nh\u1eefng d\u1ee5ng c\u1ee5 \u0103n u\u1ed1ng.<\/p>\n<p>Cu\u1ed1n s\u00e1ch tranh n\u00e0y s\u1ebd l\u00e0 m\u1ed9t d\u1ecbp ho\u00e0n h\u1ea3o \u0111\u1ec3 g\u1ee3i ra nh\u1eefng tr\u00f2 chuy\u1ec7n v\u1ec1 t\u00ednh c\u00e1 nh\u00e2n c\u0169ng nh\u01b0 c\u00e1ch ch\u1ea5p nh\u1eadn nh\u1eefng kh\u00e1c bi\u1ec7t. Quan tr\u1ecdng nh\u1ea5t, n\u00f3 mang \u0111\u1ebfn m\u1ed9t th\u00f4ng \u0111i\u1ec7p \u0111\u1ea7y hy v\u1ecdng v\u00e0 h\u01b0\u1edbng s\u00e1ng r\u1eb1ng s\u1ef1 t\u1ed3n t\u1ea1i c\u1ee7a t\u1ea5t c\u1ea3 ch\u00fang ta tr\u00ean cu\u1ed9c \u0111\u1eddi \u0111\u1ec1u c\u00f3 m\u1ee5c \u0111\u00edch, v\u00e0 r\u1eb1ng ch\u00fang ta \u0111\u1ec1u c\u00f3 m\u1ed9t n\u01a1i \u0111\u1ec3 thu\u1ed9c v\u1ec1.<\/p>\n","protected":false},"excerpt":{"rendered":"<p>C\u00e2u chuy\u1ec7n \u201c\u0111a v\u0103n h\u00f3a dao mu\u1ed7ng n\u0129a\u201d k\u1ec3 v\u1edbi gi\u1ecdng \u0111\u1ea7y tinh ngh\u1ecbch, cu\u1ed1n s\u00e1ch v\u1eeba th\u00f4ng th\u00e1i l\u1ea1i ng\u1ecdt ng\u00e0o n\u00e0y \u0111\u00e3 ch\u1ec9 ra r\u1eb1ng b\u1ea5t c\u1ee9 ai c\u0169ng c\u00f3 th\u1ec3 mang \u0111\u1ebfn m\u1ed9t \u0111i\u1ec1u g\u00ec \u0111\u00f3 \u0111\u1eb7c bi\u1ec7t cho cu\u1ed9c \u0111\u1eddi, v\u00e0 r\u1eb1ng ch\u00ednh nh\u1eefng kh\u00e1c bi\u1ec7t m\u1edbi l\u00e0 th\u1ee9 gi\u00fap ch\u00fang ta t\u1ecfa s\u00e1ng. Th\u1eadt tuy\u1ec7t v\u1eddi bi\u1ebft bao khi t\u00e1c gi\u1ea3 \u0111\u00e3 \u0111\u1ec3 m\u1ed9t em b\u00e9 \u2013 ch\u1eb3ng bao gi\u1edd c\u00f3 \u0111\u1ecbnh ki\u1ebfn ph\u00e1n x\u00e9t g\u00ec \u2013 l\u00e0 nh\u00e2n v\u1eadt ch\u1ee7 ch\u1ed1t gi\u00fap cho Nu\u1ed7ng nh\u1eadn ra ch\u00e2n l\u00fd \u0111\u1eddi m\u00ecnh. Ch\u01b0a k\u1ec3 \u0111\u1ebfn s\u1ef1 th\u1eadt r\u1eb1ng nu\u1ed7ng \u0111\u00fang l\u00e0 m\u1ed9t d\u1ee5ng c\u1ee5 v\u00f4 c\u00f9ng th\u00edch h\u1ee3p v\u1edbi c\u00e1c em b\u00e9, khi\u1ebfn c\u00e2u chuy\u1ec7n c\u00e0ng \u0111\u00e1ng y\u00eau th\u00eam b\u1ed9i ph\u1ea7n.<\/p>\n","protected":false},"featured_media":7254,"template":"","meta":{"_acf_changed":false},"product_brand":[],"product_cat":[25,17],"product_tag":[],"class_list":{"0":"post-7258","1":"product","2":"type-product","3":"status-publish","4":"has-post-thumbnail","6":"product_cat-nhi-dong-6-tuoi-12-tuoi","7":"product_cat-sach-danh-cho-cac-be","9":"first","10":"outofstock","11":"taxable","12":"shipping-taxable","13":"purchasable","14":"product-type-simple"},"supplier_id":null,"supplier_sku":"","barcode":null,"atum_controlled":true,"out_stock_date":"2022-11-25 12:13:20","out_stock_threshold":null,"inheritable":false,"inbound_stock":0,"stock_on_hold":0,"sold_today":0,"sales_last_days":0,"reserved_stock":0,"customer_returns":0,"warehouse_damage":0,"lost_in_post":0,"other_logs":0,"out_stock_days":1160,"lost_sales":0,"has_location":false,"update_date":"2026-01-28T23:10:41","atum_locations":[],"atum_stock_status":"outofstock","restock_status":false,"low_stock_amount":"","sales_update_date":"2026-01-28T23:10:41","calc_backorders":null,"acf":{"publisher":{"ID":1458,"post_author":"1","post_date":"2021-02-17 01:12:22","post_date_gmt":"2021-02-16 23:12:22","post_content":"<!-- wp:flatsome\/uxbuilder -->\n<h1 style=\"text-align: center\"><strong>Crabit Kidbooks<\/strong><\/h1>\n[row]\n\n[col span=\"8\" span__sm=\"12\"]\n\n<p>Crabit Kidbooks l\u00e0 nh\u00e0 ph\u00e1t h\u00e0nh s\u00e1ch thi\u1ebfu nhi thu\u1ed9c C\u00f4ng ty CPTM &amp; XNK Ng\u1ecdc \u00c1nh \u2013 \u0111\u01a1n v\u1ecb h\u01a1n 20 n\u0103m kinh nghi\u1ec7m trong ng\u00e0nh in \u1ea5n v\u00e0 l\u00e0 \u0111\u1ed1i t\u00e1c uy t\u00edn cung c\u1ea5p h\u1ecdc li\u1ec7u, s\u00e1ch v\u1edf h\u1ecdc sinh cho h\u01a1n 5000 kh\u00e1ch h\u00e0ng kh\u1eafp 28 t\u1ec9nh th\u00e0nh ph\u00eda B\u1eafc Vi\u1ec7t Nam H\u1ec7 th\u1ed1ng s\u1ea3n ph\u1ea9m Crabit Kidbooks<\/p>\n<p>Theo s\u1ef1 t\u00ecm hi\u1ec3u c\u1ee7a <strong>SACHVIET.EU<\/strong><strong>\u00a0<\/strong>tuy Crabit Kidbooks l\u00e0 m\u1ed9t nh\u00e0 ph\u00e1t h\u00e0nh tr\u1ebb t\u1ea1i Vi\u1ec7t Nam nh\u01b0ng l\u1ea1i mang \u0111\u1ebfn s\u1ef1 ch\u1ec9n chu qua t\u1eebng trang s\u00e1ch, t\u1eeb ch\u1ea5t li\u1ec7u gi\u1ea5y cao c\u1ea5p, b\u00eca c\u1ee9ng gi\u1eef g\u00ecn s\u00e1ch \u0111\u01b0\u1ee3c b\u1ec1n l\u00e2u \u0111\u1ebfn l\u1eddi v\u0103n c\u00e2u ch\u1eef \u0111\u01b0\u1ee3c ch\u1ecdn l\u1ecdc ch\u1ec9nh s\u1eeda sao cho ti\u1ebfp c\u1eadn th\u00e2n thi\u1ec7n nh\u1ea5t v\u1edbi tr\u1ebb em. <strong>SACHVIET.EU<\/strong> th\u1ef1c s\u1ef1 \u1ea5n t\u01b0\u1ee3ng b\u1edfi t\u1ea7m nh\u00ecn v\u00e0 s\u1ef1 c\u1ed1 g\u1eafng ho\u00e0n thi\u1ec7n nh\u1eefng t\u00e1c ph\u1ea9m c\u00f3 gi\u00e1 tr\u1ecb tuy\u1ec7t v\u1eddi m\u00e0 Crabit Kidbooks mang l\u1ea1i. \u0110\u00e2y c\u0169ng l\u00e0 nh\u00e0 ph\u00e1t h\u00e0nh duy nh\u1ea5t t\u1edbi th\u1eddi \u0111i\u1ec3m n\u00e0y m\u00e0 <strong>SACHVIET.EU<\/strong> quy\u1ebft t\u00e2m h\u1ee3p t\u00e1c mang h\u1ebft t\u1ea5t c\u1ea3 c\u00e1c \u0111\u1ea7u s\u00e1ch m\u00e0 Crabit Kidbooks c\u00f3 \u0111\u1ec3 \u0111em \u0111\u1ebfn Ch\u00e2u \u00c2u ph\u1ee5c v\u1ee5 m\u1ecdi ng\u01b0\u1eddi. \u0110\u00e2y th\u1ef1c s\u1ef1 l\u00e0 m\u1ed9t s\u1ef1 li\u1ec1u l\u0129nh c\u1ee7a <strong>SACHVIET.EU<\/strong>, tuy nhi\u00ean ch\u00fang m\u00ecnh tin t\u01b0\u1edfng v\u00e0 t\u1ef1 tin r\u1eb1ng t\u1eebng cu\u1ed1n s\u00e1ch m\u00e0 ch\u00fang m\u00ecnh gi\u1edbi thi\u1ec7u x\u1ee9ng \u0111\u00e1ng v\u1edbi nh\u1eefng g\u00ec ch\u00fang m\u00ecnh theo \u0111u\u1ed5i.<\/p>\n\n[\/col]\n[col span=\"4\" span__sm=\"12\"]\n\n[ux_image id=\"1701\" image_size=\"medium\"]\n\n\n[\/col]\n\n[\/row]\n\n<!-- \/wp:flatsome\/uxbuilder -->","post_title":"Crabit Kidbooks","post_excerpt":"","post_status":"publish","comment_status":"closed","ping_status":"closed","post_password":"","post_name":"crabit-kidbooks","to_ping":"","pinged":"","post_modified":"2022-12-19 23:12:10","post_modified_gmt":"2022-12-19 21:12:10","post_content_filtered":"","post_parent":0,"guid":"https:\/\/sachviet.eu\/nha-phat-hanh\/crabitkidbooks\/","menu_order":0,"post_type":"publisher","post_mime_type":"","comment_count":"0","filter":"raw"}},"_links":{"self":[{"href":"https:\/\/sachviet.eu\/en\/wp-json\/wp\/v2\/product\/7258","targetHints":{"allow":["GET"]}}],"collection":[{"href":"https:\/\/sachviet.eu\/en\/wp-json\/wp\/v2\/product"}],"about":[{"href":"https:\/\/sachviet.eu\/en\/wp-json\/wp\/v2\/types\/product"}],"wp:featuredmedia":[{"embeddable":true,"href":"https:\/\/sachviet.eu\/en\/wp-json\/wp\/v2\/media\/7254"}],"wp:attachment":[{"href":"https:\/\/sachviet.eu\/en\/wp-json\/wp\/v2\/media?parent=7258"}],"wp:term":[{"taxonomy":"product_brand","embeddable":true,"href":"https:\/\/sachviet.eu\/en\/wp-json\/wp\/v2\/product_brand?post=7258"},{"taxonomy":"product_cat","embeddable":true,"href":"https:\/\/sachviet.eu\/en\/wp-json\/wp\/v2\/product_cat?post=7258"},{"taxonomy":"product_tag","embeddable":true,"href":"https:\/\/sachviet.eu\/en\/wp-json\/wp\/v2\/product_tag?post=7258"}],"curies":[{"name":"wp","href":"https:\/\/api.w.org\/{rel}","templated":true}]}}