{"id":7253,"date":"2021-03-30T12:00:22","date_gmt":"2021-03-30T09:00:22","guid":{"rendered":"https:\/\/sachviet.eu\/shop\/nhung-bo-oc-vi-dai-set-15-quyen\/"},"modified":"2021-11-14T22:41:58","modified_gmt":"2021-11-14T20:41:58","slug":"nhung-bo-oc-vi-dai-set-15-quyen","status":"publish","type":"product","link":"https:\/\/sachviet.eu\/en\/shop\/nhung-bo-oc-vi-dai-set-15-quyen\/","title":{"rendered":"Nh\u1eefng B\u1ed9 \u00d3c V\u0129 \u0110\u1ea1i &#8211; set 15 quy\u1ec3n"},"content":{"rendered":"<p>M\u00ecnh hay th\u1ea5y nhi\u1ec1u cha m\u1eb9 n\u00f3i &#8220;t\u00f4i kh\u00f4ng c\u1ea7n con t\u00f4i h\u1ecdc gi\u1ecfi. \u0110\u1ea7y ng\u01b0\u1eddi gi\u1ecfi m\u00e0 v\u1eabn ngh\u00e8o. Mi\u1ec5n sao con t\u00f4i s\u1ed1ng h\u1ea1nh ph\u00fac sung s\u01b0\u1edbng l\u00e0 \u0111\u01b0\u1ee3c&#8221;.<br \/>\nM\u00ecnh ngh\u0129, kh\u00e1i ni\u1ec7m &#8220;gi\u1ecfi&#8221; \u0111\u00e3 b\u1ecb hi\u1ec3u sai trong nhi\u1ec1u n\u0103m, n\u00ean b\u00e2y gi\u1edd ng\u01b0\u1eddi ta \u00e1c c\u1ea3m v\u1edbi ng\u01b0\u1eddi &#8220;gi\u1ecfi&#8221;.<br \/>\nNhi\u1ec1u ng\u01b0\u1eddi l\u1ea7m t\u01b0\u1edfng, ch\u1ec9 khi n\u00e0o gi\u1ea3i \u0111\u01b0\u1ee3c c\u00e1c b\u00e0i to\u00e1n l\u00fd h\u00f3a c\u1ef1c k\u1ef3 h\u00f3c b\u00faa x\u01b0\u01a1ng x\u1ea9u m\u1edbi l\u00e0 gi\u1ecfi. Th\u1ef1c ra, ng\u01b0\u1eddi ta c\u00f3 \u0111\u1ebfn 7 lo\u1ea1i h\u00ecnh tr\u00ed th\u00f4ng minh, v\u00e0 gi\u1ecfi gi\u1ea3i b\u00e0i t\u1eadp ch\u1ec9 l\u00e0 1 ph\u1ea7n r\u1ea5t nh\u1ecf trong m\u00eanh m\u00f4ng bi\u1ec3n gi\u1ecfi m\u00e0 th\u00f4i. Ch\u01a1i gi\u1ecfi c\u0169ng l\u00e0 gi\u1ecfi, ngh\u1ecbch gi\u1ecfi c\u0169ng l\u00e0 gi\u1ecfi \u0111\u1ea5y.<br \/>\nL\u1ea1i c\u00f3 l\u1ea7m t\u01b0\u1edfng r\u1eb1ng, ch\u1ec9 khi n\u00e0o c\u00f3 \u0111\u01b0\u1ee3c c\u00e1c gi\u1ea3i th\u01b0\u1edfng trong c\u00e1c k\u1ef3 thi, \u0111\u01b0\u1ee3c tuy\u00ean d\u01b0\u01a1ng trong c\u00e1c k\u1ef3 thi \u0111ua c\u1ee7a h\u1ec7 th\u1ed1ng gi\u00e1o d\u1ee5c th\u00ec m\u1edbi \u0111\u01b0\u1ee3c coi l\u00e0 gi\u1ecfi. B\u1ea1n th\u00edch gi\u1ecfi th\u00ec c\u1ee9 gi\u1ecfi tho\u1ea3i m\u00e1i, ch\u1eb3ng c\u1ea7n b\u1ed9 s\u1edf n\u00e0o ch\u1ee9ng nh\u1eadn \u0111\u00e2u. V\u00e0 th\u1ef1c t\u1ebf, ti\u00eau ch\u00ed \u0111\u00e1nh gi\u00e1 c\u00e1i &#8220;gi\u1ecfi&#8221; c\u1ee7a b\u1ed9 gi\u00e1o d\u1ee5c \u0111\u00e2u c\u00f3 chu\u1ea9n. Th\u1eadm ch\u00ed v\u00f4 c\u00f9ng c\u1ef1c k\u1ef3 r\u1ea5t kh\u00f4ng chu\u1ea9n<br \/>\nC\u00f3 ng\u01b0\u1eddi th\u00ec l\u1ea1i \u0111i\u00ean cu\u1ed3ng mu\u1ed1n ch\u1ee9ng minh m\u00ecnh gi\u1ecfi b\u1eb1ng m\u1ecdi c\u00e1ch, th\u1eadm ch\u00ed m\u1ecdi th\u1ee7 \u0111o\u1ea1n, ki\u1ec3u nh\u01b0 h\u1ed1i l\u1ed9, mua gi\u1ea3i, r\u1ed3i c\u1ea1nh tranh b\u1ea9n b\u1ef1a, ho\u1eb7c h\u1ecdc nh\u01b0 \u0111i\u00ean nh\u01b0 kh\u00f9ng \u0111\u1ebfn m\u1ef1c ph\u00e1t r\u1ed3 ph\u00e1t d\u1ea1i. Th\u1ebf th\u00ec kh\u00f4ng ph\u1ea3i l\u00e0 gi\u1ecfi.<br \/>\nL\u1ea1i c\u00f3 l\u1ea7m t\u01b0\u1edfng r\u1eb1ng gi\u1ecfi v\u00e0 gi\u00e0u l\u00e0 \u0111\u1ed3ng ngh\u0129a. Gi\u1ecfi th\u00ec ph\u1ea3i gi\u00e0u. Kh\u00f4ng gi\u00e0u th\u00ec kh\u00f4ng gi\u1ecfi. Gi\u1ecfi ki\u1ebfm ti\u1ec1m m\u1ed9t c\u00e1ch t\u1eed t\u1ebf th\u00ec si\u00eau r\u1ed3i. Nh\u01b0ng m\u00ecnh th\u1ea5y nhi\u1ec1u ng\u01b0\u1eddi gi\u00e0u kh\u00f4ng ph\u1ea3i v\u00ec gi\u1ecfi, m\u00e0 v\u00ec thi\u1ebfu t\u1eed t\u1ebf. N\u00f3i th\u1eadt \u0111\u1ea5y, kh\u00f4ng ph\u1ea3i \u0111\u1ed1 k\u1ef5 v\u1edbi ng\u01b0\u1eddi gi\u00e0u \u0111\u00e2u.<br \/>\nL\u1ea1i c\u00f3 ng\u01b0\u1eddi cho r\u1eb1ng, kh\u00f4ng c\u1ea7n gi\u1ecfi, mi\u1ec5n s\u1ed1ng h\u1ea1nh ph\u00fac l\u00e0 \u0111\u01b0\u1ee3c. Th\u1ef1c ra h\u1ea1nh ph\u00fac kh\u00f4ng ch\u1ec9 l\u00e0 c\u01a1m ngon \u00e1o \u0111\u1eb9p. H\u1ea1nh ph\u00fac c\u00f2n l\u00e0 \u0111\u01b0\u1ee3c s\u1ed1ng trong m\u00f4i tr\u01b0\u1eddng s\u1ea1ch s\u1ebd l\u00e0nh m\u1ea1nh c\u00f4ng b\u1eb1ng v\u0103n m\u00ecnh. N\u1ebfu kh\u00f4ng gi\u1ecfi, kh\u00f4ng x\u00e2y d\u1ef1ng \u0111\u01b0\u1ee3c m\u00f4i tr\u01b0\u1eddng \u0111\u00f3 \u0111\u00e2u. Vi\u1ec7t Nam l\u00e0 minh ch\u1ee9ng s\u1ed1ng \u0111\u1ed9ng cho nh\u1eadn \u0111\u1ecbnh n\u00e0y.<br \/>\nV\u1eady n\u00ean, ch\u1ed1t l\u1ea1i, l\u00e0 m\u1ed7i ng\u01b0\u1eddi n\u00ean gi\u1ecfi \u00edt nh\u1ea5t m\u1ed9t c\u00e1i g\u00ec \u0111\u00f3, l\u00e0nh m\u1ea1nh, t\u1eed t\u1ebf. \u0110\u1eebng gi\u1ecfi n\u00e9m \u0111\u00e1 gi\u1ea5u tay, ch\u1ecdc g\u1eady b\u00e1nh xe, g\u1eafp l\u1eeda b\u1ecf tay ng\u01b0\u1eddi&#8230;.ki\u1ec3u th\u1ebf l\u00e0 \u0111\u01b0\u1ee3c.<br \/>\nC\u00f3 \u00f4ng b\u1ed1 khuy\u00ean con g\u00e1i kh\u00f4ng c\u1ea7n h\u1ecdc gi\u1ecfi, ch\u1ec9 c\u1ea7n ki\u1ebfm \u0111\u01b0\u1ee3c t\u1ea5m ch\u1ed3ng t\u1ed1t. M\u00ecnh \u0111o\u00e1n ch\u1eafc \u00f4ng b\u1ed1 n\u00e0y ch\u01b0a \u0111\u1ecdc T\u1ecfa nh\u1ecb ki\u1ec1u. V\u00ec kh\u00f4ng \u00f4ng b\u1ed1 n\u00e0o mong con m\u00ecnh th\u00e0nh h\u1ea1t c\u01a1m ngu\u1ed9i c\u1ea3. D\u00f9 c\u00f3 l\u00e0 h\u1ea1t c\u01a1m ngu\u1ed9i nhu\u1ed9m m\u00e0u.<\/p>\n","protected":false},"excerpt":{"rendered":"<p>Nh\u1eefng b\u1ed9 \u00f3c v\u0129 \u0111\u1ea1i l\u00e0 b\u1ed9 truy\u1ec7n thi\u1ebfu nhi bao g\u1ed3m c\u00e1c c\u00e2u chuy\u1ec7n c\u1ea3m \u0111\u1ed9ng v\u1ec1 c\u00e1c danh nh\u00e2n th\u1ebf gi\u1edbi k\u1ebft h\u1ee3p v\u1edbi c\u00e1c ho\u1ea1t \u0111\u1ed9ng v\u1eeba h\u1ecdc v\u1eeba ch\u01a1i th\u00fa v\u1ecb, b\u1ed5 \u00edch. B\u1ed9 s\u00e1ch \u0111\u01b0\u1ee3c x\u00e2y d\u1ef1ng m\u1ed9t c\u00e1ch \u0111a d\u1ea1ng v\u1edbi c\u00e1c chuy\u00ean m\u1ee5c \u201cV\u0129 nh\u00e2n k\u1ec3 chuy\u1ec7n\u201d, \u201dH\u1ecfi \u0111\u00e1p c\u00f9ng v\u0129 nh\u00e2n\u201d, \u201cG\u00f3c chia s\u1ebb\u201d, \u201cX\u01b0\u1edfng s\u00e1ng t\u1ea1o v\u1eeba ch\u01a1i v\u1eeba h\u1ecdc\u201d bao g\u1ed3m c\u00e1c ho\u1ea1t \u0111\u1ed9ng nu\u00f4i d\u01b0\u1ee1ng t\u00ednh s\u00e1ng t\u1ea1o, b\u1ed3i d\u01b0\u1ee1ng tri th\u1ee9c, \u0111\u1ed3ng th\u1eddi \u0111\u1ecbnh h\u01b0\u1edbng v\u00e0 x\u00e2y d\u1ef1ng c\u00e1c th\u00f3i quen v\u00e0 l\u1ed1i suy ngh\u0129 \u0111\u00fang \u0111\u1eafn cho tr\u1ebb em.<\/p>\n<p>Tr\u1ecdn b\u1ed9 15 cu\u1ed1n s\u00e1ch, m\u1ed7i cu\u1ed1n \u0111\u1ec1 c\u1eadp t\u1edbi m\u1ed9t nh\u00e2n v\u1eadt n\u1ed5i ti\u1ebfng trong c\u00e1c l\u0129nh v\u1ef1c kh\u00e1c nhau v\u00e0 \u0111\u1ec1u \u0111\u01b0\u1ee3c x\u00e2y d\u1ef1ng v\u1edbi hai ph\u1ea7n ch\u00ednh:<\/p>\n<p>Ph\u1ea7n 1: N\u00f3i v\u1ec1 cu\u1ed9c \u0111\u1eddi, qu\u00e1 tr\u00ecnh ph\u1ea5n \u0111\u1ea5u trong cu\u1ed9c s\u1ed1ng, s\u1ef1 nghi\u1ec7p v\u00e0 c\u00e1c th\u00e0nh t\u1ef1u c\u1ee7a m\u1ed7i nh\u00e2n v\u1eadt b\u1eb1ng nhi\u1ec1u c\u00e1ch th\u1ec3 hi\u1ec7n, d\u1eabn d\u1eaft c\u00e2u chuy\u1ec7n kh\u00e1c nhau (do nh\u00e2n v\u1eadt \u0111\u1ee9ng ng\u00f4i th\u1ee9 nh\u1ea5t k\u1ec3 l\u1ea1i, th\u00f4ng qua c\u00e1c b\u1ee9c th\u01b0 trao \u0111\u1ed5i gi\u1eefa c\u00e1c nh\u00e2n v\u1eadt,\u2026), k\u1ebft h\u1ee3p v\u1edbi tranh minh h\u1ecda sinh \u0111\u1ed9ng, ph\u00f9 h\u1ee3p v\u1edbi n\u1ed9i dung truy\u1ec7n.<\/p>\n<p>Ph\u1ea7n 2: Ho\u1ea1t \u0111\u1ed9ng \u201cv\u1eeba h\u1ecdc v\u1eeba ch\u01a1i\u201d \u2013 Ph\u01b0\u01a1ng ph\u00e1p gi\u00e1o d\u1ee5c Gi\u1ea3i ph\u00e1p \u0111\u1ed3 ch\u01a1i (Solutoy)<\/p>\n<p>Gi\u1ea3i ph\u00e1p \u0111\u1ed3 ch\u01a1i (Solutoy), c\u1ee5m t\u1eeb k\u1ebft h\u1ee3p gi\u1eefa t\u1eeb hai t\u1eeb \u201cgi\u1ea3i ph\u00e1p\u201d (Solution) v\u00e0 \u0111\u1ed3 ch\u01a1i (Toy), l\u00e0 ph\u01b0\u01a1ng ph\u00e1p gi\u00e1o d\u1ee5c nh\u1eb1m gi\u00fap tr\u1ebb em ti\u1ebfp thu tri th\u1ee9c m\u1ed9t c\u00e1ch th\u00fa v\u1ecb m\u00e0 kh\u00f4ng c\u1ea7n ph\u1ea3i ch\u1ecbu nhi\u1ec1u \u00e1p l\u1ef1c h\u1ecdc t\u1eadp. \u0110\u00e2y l\u00e0 ph\u01b0\u01a1ng ph\u00e1p gi\u00e1o d\u1ee5c \u0111\u01b0\u1ee3c \u0111\u1ed9i ng\u0169 c\u00e1c nh\u00e0 gi\u00e1o d\u1ee5c h\u00e0ng \u0111\u1ea7u H\u00e0n Qu\u1ed1c nghi\u00ean c\u1ee9u v\u00e0 \u0111\u01b0a ra v\u1edbi m\u1ee5c \u0111\u00edch gi\u00fap cho tr\u1ebb em d\u1ec5 d\u00e0ng ti\u1ebfp nh\u1eadn ki\u1ebfn th\u1ee9c ngay trong ch\u00ednh c\u00e1c ho\u1ea1t \u0111\u1ed9ng sinh ho\u1ea1t th\u01b0\u1eddng ng\u00e0y, th\u00f4ng qua ho\u1ea1t \u0111\u1ed9ng, bi\u1ec3u hi\u1ec7n, tr\u00f2 ch\u01a1i, th\u00ed nghi\u1ec7m,\u2026 \u0111\u01b0\u1ee3c x\u00e2y d\u1ef1ng d\u1ef1a tr\u00ean ti\u00eau ch\u00ed thu h\u00fat, h\u01b0\u1edbng d\u1eabn tr\u1ebb em tr\u1ef1c ti\u1ebfp tham gia v\u00e0o c\u00e1c ho\u1ea1t \u0111\u1ed9ng t\u1eeb khi b\u1eaft \u0111\u1ea7u cho \u0111\u1ebfn khi k\u1ebft th\u00fac. Tr\u00ean th\u1ef1c t\u1ebf, ph\u01b0\u01a1ng ph\u00e1p gi\u00e1o d\u1ee5c Gi\u1ea3i ph\u00e1p \u0111\u1ed3 ch\u01a1i \u0111\u00e3 cho th\u1ea5y hi\u1ec7u qu\u1ea3 h\u1ecdc t\u1eadp v\u01b0\u1ee3t tr\u1ed9i trong vi\u1ec7c kh\u01a1i g\u1ee3i h\u1ee9ng th\u00fa t\u00ecm t\u00f2i, h\u1ecdc t\u1eadp v\u00e0 n\u00e2ng cao kh\u1ea3 n\u0103ng t\u1eadp trung cho tr\u1ebb em. H\u1ecdc t\u1eadp v\u00e0 vui ch\u01a1i c\u00f9ng v\u1edbi Gi\u1ea3i ph\u00e1p \u0111\u1ed3 ch\u01a1i, c\u00e1c t\u1ed1 ch\u1ea5t \u0111\u1eb7c bi\u1ec7t c\u1ee7a tr\u1ebb nh\u1ecf s\u1ebd kh\u00f4ng ng\u1eebng \u0111\u01b0\u1ee3c ph\u00e1t tri\u1ec3n v\u00e0 ph\u00e1t huy th\u00f4ng qua m\u1ed9t h\u1ec7 th\u1ed1ng c\u00e1c ho\u1ea1t \u0111\u1ed9ng phong ph\u00fa, \u0111a d\u1ea1ng.<\/p>\n<p>B\u1ed9 s\u00e1ch n\u00e0y ch\u1eafc ch\u1eafn s\u1ebd l\u00e0 ng\u01b0\u1eddi b\u1ea1n \u0111\u1ed3ng h\u00e0nh tin c\u1eady v\u00e0 l\u00fd t\u01b0\u1edfng c\u1ee7a tr\u1ebb em trong nh\u1eefng b\u01b0\u1edbc \u0111i \u0111\u1ea7u ti\u00ean tr\u00ean con \u0111\u01b0\u1eddng ti\u1ebfp nh\u1eadn th\u1ebf gi\u1edbi tri th\u1ee9c r\u1ed9ng l\u1edbn c\u1ee7a nh\u00e2n lo\u1ea1i!<\/p>\n","protected":false},"featured_media":7236,"template":"","meta":{"_acf_changed":false},"product_brand":[],"product_cat":[25,17,26],"product_tag":[],"class_list":{"0":"post-7253","1":"product","2":"type-product","3":"status-publish","4":"has-post-thumbnail","6":"product_cat-nhi-dong-6-tuoi-12-tuoi","7":"product_cat-sach-danh-cho-cac-be","8":"product_cat-thieu-nien-11-tuoi-18-tuoi","10":"first","11":"outofstock","12":"taxable","13":"shipping-taxable","14":"purchasable","15":"product-type-simple"},"supplier_id":null,"supplier_sku":"","barcode":null,"atum_controlled":true,"out_stock_date":"2021-11-14 20:41:58","out_stock_threshold":null,"inheritable":false,"inbound_stock":0,"stock_on_hold":0,"sold_today":0,"sales_last_days":0,"reserved_stock":0,"customer_returns":0,"warehouse_damage":0,"lost_in_post":0,"other_logs":0,"out_stock_days":1536,"lost_sales":0,"has_location":false,"update_date":"2026-01-28T23:10:41","atum_locations":[],"atum_stock_status":"outofstock","restock_status":false,"low_stock_amount":"","sales_update_date":"2026-01-28T23:10:41","calc_backorders":null,"acf":{"publisher":{"ID":2817,"post_author":"1","post_date":"2021-02-27 00:00:35","post_date_gmt":"2021-02-26 22:00:35","post_content":"","post_title":"Alpha Books","post_excerpt":"","post_status":"publish","comment_status":"closed","ping_status":"closed","post_password":"","post_name":"alpha-books","to_ping":"","pinged":"","post_modified":"2021-02-27 00:00:35","post_modified_gmt":"2021-02-26 22:00:35","post_content_filtered":"","post_parent":0,"guid":"https:\/\/sachviet.eu\/nha-phat-hanh\/alpha-books\/","menu_order":0,"post_type":"publisher","post_mime_type":"","comment_count":"0","filter":"raw"}},"_links":{"self":[{"href":"https:\/\/sachviet.eu\/en\/wp-json\/wp\/v2\/product\/7253","targetHints":{"allow":["GET"]}}],"collection":[{"href":"https:\/\/sachviet.eu\/en\/wp-json\/wp\/v2\/product"}],"about":[{"href":"https:\/\/sachviet.eu\/en\/wp-json\/wp\/v2\/types\/product"}],"wp:featuredmedia":[{"embeddable":true,"href":"https:\/\/sachviet.eu\/en\/wp-json\/wp\/v2\/media\/7236"}],"wp:attachment":[{"href":"https:\/\/sachviet.eu\/en\/wp-json\/wp\/v2\/media?parent=7253"}],"wp:term":[{"taxonomy":"product_brand","embeddable":true,"href":"https:\/\/sachviet.eu\/en\/wp-json\/wp\/v2\/product_brand?post=7253"},{"taxonomy":"product_cat","embeddable":true,"href":"https:\/\/sachviet.eu\/en\/wp-json\/wp\/v2\/product_cat?post=7253"},{"taxonomy":"product_tag","embeddable":true,"href":"https:\/\/sachviet.eu\/en\/wp-json\/wp\/v2\/product_tag?post=7253"}],"curies":[{"name":"wp","href":"https:\/\/api.w.org\/{rel}","templated":true}]}}