{"id":725,"date":"2021-02-13T14:50:13","date_gmt":"2021-02-13T12:50:13","guid":{"rendered":"https:\/\/sachviet.eu\/shop\/totto-chan-ben-cua-so\/"},"modified":"2024-08-10T13:16:08","modified_gmt":"2024-08-10T10:16:08","slug":"totto-chan-ben-cua-so","status":"publish","type":"product","link":"https:\/\/sachviet.eu\/en\/shop\/totto-chan-ben-cua-so\/","title":{"rendered":"Totto-chan B\u00ean C\u1eeda S\u1ed5"},"content":{"rendered":"<p>Tetsuko &#8211; b\u00e0 vi\u1ebft cu\u1ed1n s\u00e1ch v\u1edbi mong \u01b0\u1edbc \u0111\u01b0\u1ee3c s\u1ed1ng l\u1ea1i nh\u1eefng k\u1ec9 ni\u1ec7m v\u1ec1 th\u1eddi th\u01a1 \u1ea5u, n\u01a1i c\u00f3 m\u00e1i tr\u01b0\u1eddng Tomoe, th\u1ea7y Kobayashi, nh\u1eefng ng\u01b0\u1eddi b\u1ea1n, ch\u00fa ch\u00f3 Rocky,\u2026 v\u00e0 h\u01a1n h\u1ebft l\u00e0 \u0111\u1ec3 truy\u1ec1n b\u00e1 c\u00e1c ph\u01b0\u01a1ng ph\u00e1p gi\u00e1o d\u1ee5c c\u1ee7a \u00f4ng Kobayashi \u2013 \u00f4ng gi\u00e1o \u2013 t\u00e0u tr\u01b0\u1edfng \u2013 ng\u01b0\u1eddi lu\u00f4n h\u1ebft l\u00f2ng n\u00e2ng niu n\u1ee5 c\u01b0\u1eddi, \u01b0\u1edbc m\u01a1, kh\u00e1m ph\u00e1 \u201cb\u1ea3n ch\u1ea5t\u201d t\u1ed1t \u0111\u1eb9p c\u1ee7a tr\u1ebb em, gi\u00fap c\u00e1c em c\u00f3 nh\u1eefng tr\u1ea3i nghi\u1ec7m \u0111\u1ea7u \u0111\u1eddi th\u1ef1c s\u1ef1 \u00fd ngh\u0129a, t\u1eeb \u0111\u00f3 t\u00e1c \u0111\u1ed9ng r\u1ea5t l\u1edbn \u0111\u1ebfn s\u1ef1 ph\u00e1t tri\u1ec3n sau n\u00e0y c\u1ee7a m\u1ed7i ng\u01b0\u1eddi. Totto-chan l\u00e0 m\u1ed9t v\u00ed d\u1ee5 nh\u01b0 th\u1ebf. Em \u0111\u00e3 b\u1ecb tr\u01b0\u1eddng c\u0169 \u0111u\u1ed5i h\u1ecdc, nghe gi\u1ed1ng nh\u01b0 em l\u00e0 m\u1ed9t \u0111\u1ee9a tr\u1ebb h\u01b0, nh\u01b0ng th\u1ea7y hi\u1ec7u tr\u01b0\u1edfng Kobayashi th\u00ec lu\u00f4n tin r\u1eb1ng em l\u00e0 m\u1ed9t c\u00f4 b\u00e9 ngoan, th\u1ea7y lu\u00f4n t\u00ecm c\u00e1ch gi\u00fap em \u0111\u01b0\u1ee3c t\u1ef1 tin khi l\u00e0 ch\u00ednh m\u00ecnh, khai th\u00e1c nh\u1eefng \u0111i\u1ec3m m\u1ea1nh c\u1ee7a em v\u00e0 trao cho em m\u00f4i tr\u01b0\u1eddng \u0111\u1ec3 ph\u00e1t tri\u1ec3n. Ch\u00ednh nh\u1eefng \u0111i\u1ec1u \u1ea5y \u0111\u00e3 gi\u00fap Totto-chan (ch\u00ednh l\u00e0 b\u00e0 Tetsuko) \u2013 l\u1edbn l\u00ean tr\u1edf th\u00e0nh ng\u00f4i sao truy\u1ec1n h\u00ecnh \u0111\u01b0\u1ee3c y\u00eau th\u00edch nh\u1ea5t c\u1ee7a Nh\u1eadt B\u1ea3n, ng\u01b0\u1eddi d\u1eabn ch\u01b0\u01a1ng tr\u00ecnh c\u1ee7a ba ch\u01b0\u01a1ng tr\u00ecnh v\u1edbi h\u00e0ng tri\u1ec7u kh\u00e1n gi\u1ea3 v\u00e0 l\u00e0 \u201cng\u01b0\u1eddi ph\u1ee5 n\u1eef \u0111\u01b0\u1ee3c ng\u01b0\u1ee1ng m\u1ed9 nh\u1ea5t Nh\u1eadt B\u1ea3n\u201d.<\/p>\n<p>\u201cTotto-chan, c\u00f4 b\u00e9 b\u00ean c\u1eeda s\u1ed5\u201d l\u00e0 cu\u1ed1n truy\u1ec7n g\u1ed1i \u0111\u1ea7u gi\u01b0\u1eddng c\u1ee7a c\u1ee7a nhi\u1ec1u th\u1ebf h\u1ec7 tr\u1ebb em tr\u00ean to\u00e0n th\u1ebf gi\u1edbi su\u1ed1t g\u1ea7n 4 th\u1eadp k\u1ec9 nay, nh\u1eefng c\u00e2u chuy\u1ec7n nh\u1ecf b\u00e9 \u0111\u1eddi th\u01b0\u1eddng nh\u01b0ng v\u00f4 c\u00f9ng \u00fd ngh\u0129a trong cu\u1ed1n s\u00e1ch s\u1ebd khi\u1ebfn \u0111\u1ed9c gi\u1ea3 r\u00fat ra nhi\u1ec1u b\u00e0i h\u1ecdc \u0111\u1eaft gi\u00e1 cho ri\u00eang m\u00ecnh.<\/p>\n<p><strong>Nh\u1eefng b\u00e0i h\u1ecdc \u0111\u01b0\u1ee3c r\u00fat ra t\u1eeb cu\u1ed1n s\u00e1ch.<\/strong><br \/>\nN\u1ebfu Totto-chan kh\u00f4ng \u0111\u01b0\u1ee3c m\u1eb9 g\u1eedi g\u1eafm \u0111\u1ebfn tr\u01b0\u1eddng Tomoe, kh\u00f4ng \u0111\u01b0\u1ee3c g\u1eb7p th\u1ea7y hi\u1ec7u tr\u01b0\u1edfng Kobayashi \u2013 ng\u01b0\u1eddi th\u1ea7y lu\u00f4n tin t\u01b0\u1edfng em l\u00e0 m\u1ed9t c\u00f4 b\u00e9 ngoan th\u00ec ch\u1eafc s\u1ebd ch\u1eb3ng bao gi\u1edd \u0111\u1ea5t n\u01b0\u1edbc Nh\u1eadt B\u1ea3n c\u00f3 c\u01a1 h\u1ed9i s\u1ea3n sinh ra m\u1ed9t minh tinh m\u00e0n b\u1ea1c, m\u1ed9t c\u00e2y vi\u1ebft xu\u1ea5t s\u1eafc l\u00e0 Tetsuko Kuroyanagi. T\u1eeb c\u00e2u chuy\u1ec7n c\u1ee7a Totto-chan, ch\u00fang ta c\u00f3 nhi\u1ec1u \u0111i\u1ec1u ph\u1ea3i suy ng\u1eabm.<\/p>\n<p><strong>Th\u1ee9 nh\u1ea5t, lu\u00f4n \u0111\u1eb7t ni\u1ec1m tin v\u00e0o tr\u1ebb em. \u0110\u1ee9a tr\u1ebb n\u00e0o c\u0169ng c\u00f3 b\u1ea3n ch\u1ea5t t\u1ed1t \u0111\u1eb9p, v\u00e0 m\u1ee5c \u0111\u00edch c\u1ee7a gi\u00e1o d\u1ee5c l\u00e0 kh\u00e1m ph\u00e1 \u201cb\u1ea3n ch\u1ea5t\u201d c\u1ee7a c\u00e1c em v\u00e0 ph\u00e1t tri\u1ec3n n\u00f3, \u0111\u1ec3 gi\u00fap c\u00e1c em tr\u1edf th\u00e0nh nh\u1eefng con ng\u01b0\u1eddi v\u1edbi nh\u1eefng ph\u1ea9m ch\u1ea5t ri\u00eang.<\/strong><br \/>\n<strong>Th\u1ee9 hai, gi\u00e1o d\u1ee5c kh\u00f4ng n\u00ean khi\u00ean c\u01b0\u1ee1ng, n\u00ean gi\u00fap c\u00e1c em ph\u00e1t tri\u1ec3n h\u00e0i h\u00f2a v\u1ec1 th\u1ec3 ch\u1ea5t, t\u00e2m h\u1ed3n v\u00e0 tr\u00ed tu\u1ec7.<\/strong><br \/>\n<strong>Th\u1ee9 ba, t\u1ea5t c\u1ea3 tr\u1ebb em \u0111\u1ec1u \u0111\u00e1ng \u0111\u01b0\u1ee3c y\u00eau th\u01b0\u01a1ng, tr\u00e2n tr\u1ecdng v\u00e0 gi\u00e1o d\u1ee5c th\u1eadt t\u1ed1t<\/strong><br \/>\n<strong>Th\u1ee9 t\u01b0, h\u00e3y gi\u00e1o d\u1ee5c tr\u1ebb em kh\u00f4ng ch\u1ec9 b\u1eb1ng tr\u00ecnh \u0111\u1ed9, \u0111\u1ea1o \u0111\u1ee9c m\u00e0 c\u00f2n ph\u1ea3i b\u1eb1ng t\u1ea5t c\u1ea3 t\u00ecnh y\u00eau th\u01b0\u01a1ng.<\/strong><br \/>\n<strong>Th\u1ee9 n\u0103m, \u01b0\u1edbc m\u01a1 c\u1ee7a h\u1ecdc sinh ch\u00ednh l\u00e0 m\u1ee5c ti\u00eau c\u1ee7a gi\u00e1o d\u1ee5c.<\/strong><\/p>\n<p>\u00d4ng Kobayashi th\u01b0\u1eddng nh\u1eafc nh\u1edf c\u00e1c c\u00f4 m\u1eabu gi\u00e1o \u0111\u1eebng g\u00f2 \u00e9p c\u00e1c ch\u00e1u v\u00e0o nh\u1eefng khu\u00f4n m\u1eabu \u0111\u1ecbnh tr\u01b0\u1edbc. \u201cH\u00e3y \u0111\u1ec3 c\u00e1c ch\u00e1u ph\u00e1t tri\u1ec3n t\u1ef1 nhi\u00ean\u201d, \u00f4ng n\u00f3i \u201c\u0110\u1eebng c\u1ea3n tr\u1edf kh\u00e1t v\u1ecdng c\u1ee7a c\u00e1c ch\u00e1u. \u01af\u1edbc m\u01a1 c\u1ee7a c\u00e1c ch\u00e1u l\u1edbn h\u01a1n m\u01a1 \u01b0\u1edbc c\u1ee7a c\u00e1c c\u00f4\u201d. Tr\u01b0\u1edbc \u0111\u00f3 ch\u01b0a c\u00f3 m\u1ed9t tr\u01b0\u1eddng m\u1eabu gi\u00e1o n\u00e0o nh\u01b0 th\u1ebf \u1edf Nh\u1eadt B\u1ea3n.<br \/>\nV\u00e0 m\u1ee5c ti\u00eau c\u1ee7a gi\u00e1o d\u1ee5c ch\u00ednh l\u00e0 n\u00e2ng niu v\u00e0 gi\u00fap c\u00e1c em th\u1ef1c hi\u1ec7n \u01b0\u1edbc m\u01a1 c\u1ee7a m\u00ecnh.<\/p>\n<p><strong>\u0110\u00e1nh gi\u00e1 s\u00e1ch:<\/strong><\/p>\n<p>Cu\u1ed1n s\u00e1ch khi t\u00e1i b\u1ea3n d\u00e0y h\u01a1n 300 trang m\u1ed9t ch\u00fat, nh\u1eefng m\u1ea9u chuy\u1ec7n ng\u1eafn \u0111an xen cu\u1ed9c s\u1ed1ng sinh ho\u1ea1t c\u1ee7a Totto-chan c\u00f3 th\u1ec3 d\u1ec5 d\u00e0ng \u0111\u1ecdc h\u1ebft trong v\u00e0i gi\u1edd \u0111\u1ed3ng h\u1ed3, nh\u01b0ng nh\u1eefng g\u00ec \u1ea5n t\u01b0\u1ee3ng v\u00e0 \u0111\u1ecdng l\u1ea1i trong t\u00f4i th\u00ec nhi\u1ec1u h\u01a1n th\u1ebf. Th\u1ef1c s\u1ef1, cu\u1ed1n s\u00e1ch n\u00e0y kh\u00f4ng ch\u1ec9 l\u00e0 nh\u1eefng c\u00e2u chuy\u1ec7n m\u1eb9 k\u1ec3 cho b\u00e9 nghe, n\u00f3 th\u1ef1c s\u1ef1 th\u1ee9c t\u1ec9nh nh\u1eefng ng\u01b0\u1eddi l\u1edbn khi ti\u1ebfp x\u00fac v\u1edbi tr\u1ebb em n\u00ean kh\u00e9o l\u00e9o th\u1ebf n\u00e0o \u0111\u1ec3 kh\u00f4ng l\u00e0m d\u1eadp t\u1eaft ni\u1ec1m hi v\u1ecdng v\u00e0 \u01b0\u1edbc m\u01a1 non tr\u1ebb c\u1ee7a c\u00e1c em. Gi\u00e1o d\u1ee5c tr\u1ebb em l\u00e0 ch\u1ee9c tr\u00e1ch cao c\u1ea3 v\u00e0 tuy\u1ec7t v\u1eddi, nh\u1eefng b\u00e0i h\u1ecdc n\u00ean \u0111\u01b0\u1ee3c \u0111i k\u00e8m v\u1edbi t\u00ecnh y\u00eau, v\u00e0 c\u1ea3 ni\u1ec1m tin n\u1eefa.<\/p>\n<p>Sau khi \u0111\u1ecdc xong cu\u1ed1n s\u00e1ch, t\u00f4i nh\u1eadn th\u1ea5y l\u00e0 t\u1ea5t c\u1ea3 tr\u1ebb em \u0111\u1ec1u h\u1ed3n nhi\u00ean nh\u01b0 th\u1ebf. \u0110\u00f4i l\u00fac c\u00e1c em v\u00f4 t\u00ecnh ngh\u1ecbch ng\u1ee3m, b\u00e0y tr\u00f2 ch\u1ec9 v\u00ec c\u00e1c em qu\u00e1 t\u00f2 m\u00f2 v\u00e0 h\u1ee9ng th\u00fa tr\u01b0\u1edbc th\u1ebf gi\u1edbi mu\u00f4n m\u00e0u mu\u00f4n v\u1ebb xung quanh. Ch\u00fang ta l\u00e0 ng\u01b0\u1eddi l\u1edbn, n\u00ean ta th\u1ea5y nh\u1eefng \u0111i\u1ec1u \u1ea5y l\u00e0 b\u00ecnh th\u01b0\u1eddng, v\u00e0 \u0111\u00f4i khi nh\u1eefng h\u00e0nh \u0111\u1ed9ng kh\u00e1m ph\u00e1 th\u1ebf gi\u1edbi c\u1ee7a c\u00e1c em b\u1ecb cho l\u00e0 ph\u00e1 ph\u00e1ch, h\u01b0 \u0111\u1ed1n,.. v\u00e0 ta c\u1ea5m \u0111o\u00e1n nh\u1eefng \u0111\u1ee9a tr\u1ebb. \u0110i\u1ec1u \u1ea5y th\u1ef1c s\u1ef1 ch\u01b0a ph\u1ea3i l\u00e0 m\u1ed9t c\u00e1ch gi\u00e1o d\u1ee5c \u0111\u00fang, \u0111\u1ec3 tr\u1ebb t\u1ef1 kh\u00e1m ph\u00e1 th\u1ebf gi\u1edbi theo c\u00e1ch ri\u00eang, h\u01b0\u1edbng tr\u1ebb \u0111\u1ebfn nh\u1eefng b\u00e0i h\u1ecdc th\u00fa v\u1ecb v\u00e0 l\u00e0nh m\u1ea1nh, v\u00e0 d\u1ea1y tr\u1ebb ch\u1ecbu tr\u00e1ch nhi\u1ec7m v\u1edbi ch\u00ednh h\u00e0nh \u0111\u1ed9ng c\u1ee7a m\u00ecnh.<\/p>\n<p>\u0110\u00e3 g\u1ea7n m\u1ed9t thi\u00ean ni\u00ean k\u1ec9 tr\u00f4i qua nh\u01b0ng h\u1ec7 th\u1ed1ng gi\u00e1o d\u1ee5c c\u1ee7a \u00f4ng Kobayashi h\u1ea7u nh\u01b0 v\u1eabn c\u00f2n r\u1ea5t m\u1edbi m\u1ebb v\u00e0 \u0111\u1ed9c \u0111\u00e1o. Ch\u00fang ta c\u00f3 th\u1ec3 \u00e1p d\u1ee5ng m\u1ed9t trong nh\u1eefng b\u00e0i h\u1ecdc \u1ea5y \u0111\u1ec3 gi\u00fap nhi\u1ec1u tr\u1ebb em c\u00f3 th\u00eam tu\u1ed5i th\u01a1 tr\u1ecdn v\u1eb9n h\u01a1n.<\/p>\n  <div class=\"banner-grid-wrapper\">\n  <div id=\"banner-grid-358072756\" class=\"banner-grid row row-grid row-small\" data-packery-options=\"\">\n                      \n<div class=\"col grid-col large-12 grid-col-1\" ><div class=\"col-inner\">\n\t<div class=\"img has-hover x md-x lg-x y md-y lg-y\" id=\"image_911434787\">\n\t\t\t\t\t\t\t\t<div class=\"img-inner dark\" >\n\t\t\t<img loading=\"lazy\" decoding=\"async\" width=\"1020\" height=\"641\" src=\"https:\/\/sachviet.eu\/wp-content\/uploads\/2021\/02\/pic-2.png\" class=\"attachment-large size-large\" alt=\"\" srcset=\"https:\/\/sachviet.eu\/wp-content\/uploads\/2021\/02\/pic-2.png 1024w, https:\/\/sachviet.eu\/wp-content\/uploads\/2021\/02\/pic-2-300x189.png 300w, https:\/\/sachviet.eu\/wp-content\/uploads\/2021\/02\/pic-2-768x483.png 768w, https:\/\/sachviet.eu\/wp-content\/uploads\/2021\/02\/pic-2-600x377.png 600w\" sizes=\"auto, (max-width: 1020px) 100vw, 1020px\" \/>\t\t\t\t\t\t\n\t\t\t\t\t<\/div>\n\t\t\t\t\t\t\t\t\n<style>\n#image_911434787 {\n  width: 100%;\n}\n<\/style>\n\t<\/div>\n\t\n<\/div><\/div>\n<div class=\"col grid-col large-6 grid-col-3-4\" ><div class=\"col-inner\">\n\t<div class=\"img has-hover x md-x lg-x y md-y lg-y\" id=\"image_630114252\">\n\t\t\t\t\t\t\t\t<div class=\"img-inner dark\" >\n\t\t\t<img loading=\"lazy\" decoding=\"async\" width=\"600\" height=\"434\" src=\"https:\/\/sachviet.eu\/wp-content\/uploads\/2021\/02\/trien-lam4.jpg\" class=\"attachment-large size-large\" alt=\"\" srcset=\"https:\/\/sachviet.eu\/wp-content\/uploads\/2021\/02\/trien-lam4.jpg 600w, https:\/\/sachviet.eu\/wp-content\/uploads\/2021\/02\/trien-lam4-300x217.jpg 300w\" sizes=\"auto, (max-width: 600px) 100vw, 600px\" \/>\t\t\t\t\t\t\n\t\t\t\t\t<\/div>\n\t\t\t\t\t\t\t\t\n<style>\n#image_630114252 {\n  width: 100%;\n}\n<\/style>\n\t<\/div>\n\t\n<\/div><\/div>\n<div class=\"col grid-col large-6 grid-col-3-4\" ><div class=\"col-inner\">\n\t<div class=\"img has-hover x md-x lg-x y md-y lg-y\" id=\"image_432104047\">\n\t\t\t\t\t\t\t\t<div class=\"img-inner dark\" >\n\t\t\t<img loading=\"lazy\" decoding=\"async\" width=\"506\" height=\"693\" src=\"https:\/\/sachviet.eu\/wp-content\/uploads\/2021\/02\/trien-lam31-1.jpg\" class=\"attachment-large size-large\" alt=\"\" srcset=\"https:\/\/sachviet.eu\/wp-content\/uploads\/2021\/02\/trien-lam31-1.jpg 506w, https:\/\/sachviet.eu\/wp-content\/uploads\/2021\/02\/trien-lam31-1-219x300.jpg 219w\" sizes=\"auto, (max-width: 506px) 100vw, 506px\" \/>\t\t\t\t\t\t\n\t\t\t\t\t<\/div>\n\t\t\t\t\t\t\t\t\n<style>\n#image_432104047 {\n  width: 100%;\n}\n<\/style>\n\t<\/div>\n\t\n<\/div><\/div>\n            <\/div>\n    <style>\n    #banner-grid-358072756 .grid-col-1{height: 600px}\n    #banner-grid-358072756 .grid-col-1-2{height: 300px}\n    #banner-grid-358072756 .grid-col-1-3{height:200px}\n    #banner-grid-358072756 .grid-col-2-3{height: 400px}\n    #banner-grid-358072756 .grid-col-1-4{height: 150px}\n    #banner-grid-358072756 .grid-col-3-4{height: 450px}\n\n\n    \n    \n\n  <\/style>\n    <\/div>\n  \n","protected":false},"excerpt":{"rendered":"<p>V\u1eeba v\u00e0o l\u1edbp m\u1ed9t \u0111\u01b0\u1ee3c v\u00e0i ng\u00e0y, Totto-chan \u0111\u00e3 b\u1ecb \u0111u\u1ed5i h\u1ecdc!!!<\/p>\n<p>Kh\u00f4ng c\u00f2n c\u00e1ch n\u00e0o kh\u00e1c, m\u1eb9 \u0111\u00e0nh \u0111\u01b0a Totto-chan \u0111\u1ebfn m\u1ed9t ng\u00f4i tr\u01b0\u1eddng m\u1edbi, tr\u01b0\u1eddng Tomoe. \u0110\u1ea5y l\u00e0 m\u1ed9t ng\u00f4i tr\u01b0\u1eddng k\u1ef3 l\u1ea1, l\u1edbp h\u1ecdc th\u00ec \u1edf trong toa xe \u0111i\u1ec7n c\u0169, h\u1ecdc sinh th\u00ec \u0111\u01b0\u1ee3c tho\u1ea3 th\u00edch thay \u0111\u1ed5i ch\u1ed7 ng\u1ed3i m\u1ed7i ng\u00e0y, mu\u1ed1n h\u1ecdc m\u00f4n n\u00e0o tr\u01b0\u1edbc c\u0169ng \u0111\u01b0\u1ee3c, ch\u1eb3ng nh\u1eefng th\u1ebf, khi \u0111\u00e3 h\u1ecdc h\u1ebft b\u00e0i, c\u00e1c b\u1ea1n c\u00f2n \u0111\u01b0\u1ee3c c\u00f4 gi\u00e1o cho \u0111i d\u1ea1o. \u0110\u1eb7c bi\u1ec7t h\u01a1n \u1edf \u0111\u00f3 c\u00f2n c\u00f3 m\u1ed9t th\u1ea7y hi\u1ec7u tr\u01b0\u1edfng c\u00f3 th\u1ec3 ch\u0103m ch\u00fa l\u1eafng nghe Totto-chan k\u1ec3 chuy\u1ec7n su\u1ed1t b\u1ed1n ti\u1ebfng \u0111\u1ed3ng h\u1ed3! Ch\u00ednh nh\u1edd ng\u00f4i tr\u01b0\u1eddng \u0111\u00f3, m\u1ed9t Totto-chan hi\u1ebfu \u0111\u1ed9ng, c\u00e1 bi\u1ec7t \u0111\u00e3 thu nh\u1eadn \u0111\u01b0\u1ee3c nh\u1eefng \u0111i\u1ec1u v\u00f4 c\u00f9ng qu\u00fd gi\u00e1 \u0111\u1ec3 l\u1edbn l\u00ean th\u00e0nh m\u1ed9t con ng\u01b0\u1eddi ho\u00e0n thi\u1ec7n, m\u1ea1nh m\u1ebd.<\/p>\n<p>Totto-chan b\u00ean c\u1eeda s\u1ed5 l\u00e0 cu\u1ed1n s\u00e1ch g\u1ed1i \u0111\u1ea7u gi\u01b0\u1eddng c\u1ee7a nhi\u1ec1u th\u1ebf h\u1ec7 tr\u1ebb em tr\u00ean to\u00e0n th\u1ebf gi\u1edbi su\u1ed1t ba m\u01b0\u01a1i n\u0103m nay. Sau khi xu\u1ea5t b\u1ea3n l\u1ea7n \u0111\u1ea7u v\u00e0o n\u0103m 1981, cu\u1ed1n s\u00e1ch \u0111\u00e3 g\u00e2y \u0111\u01b0\u1ee3c ti\u1ebfng vang l\u1edbn kh\u00f4ng ch\u1ec9 \u1edf Nh\u1eadt B\u1ea3n m\u00e0 c\u00f2n tr\u00ean to\u00e0n th\u1ebf gi\u1edbi. T\u00ednh \u0111\u1ebfn n\u0103m 2001, t\u1ed5ng s\u1ed1 b\u1ea3n s\u00e1ch b\u00e1n ra \u1edf Nh\u1eadt \u0111\u00e3 l\u00ean \u0111\u1ebfn 9,3 tri\u1ec7u b\u1ea3n, tr\u1edf th\u00e0nh m\u1ed9t trong nh\u1eefng cu\u1ed1n s\u00e1ch b\u00e1n ch\u1ea1y nh\u1ea5t trong l\u1ecbch s\u1eed ng\u00e0nh xu\u1ea5t b\u1ea3n n\u01b0\u1edbc n\u00e0y. Cu\u1ed1n s\u00e1ch \u0111\u00e3 \u0111\u01b0\u1ee3c d\u1ecbch ra 33 th\u1ee9 ti\u1ebfng kh\u00e1c nhau, nh\u01b0 Anh, Ph\u00e1p, \u0110\u1ee9c, H\u00e0n Qu\u1ed1c, Trung Qu\u1ed1c\u2026Khi b\u1ea3n ti\u1ebfng Anh c\u1ee7a Totto-chan \u0111\u01b0\u1ee3c xu\u1ea5t b\u1ea3n t\u1ea1i M\u1ef9, t\u1edd New York Times \u0111\u00e3 \u0111\u0103ng li\u1ec1n hai b\u00e0i gi\u1edbi thi\u1ec7u tr\u1ecdn trang, m\u1ed9t \u201cvinh d\u1ef1\u201d h\u1ea7u nh\u01b0 kh\u00f4ng t\u00e1c ph\u1ea9m n\u00e0o c\u00f3 \u0111\u01b0\u1ee3c.<\/p>\n","protected":false},"featured_media":712,"template":"","meta":{"_acf_changed":false},"product_brand":[],"product_cat":[25,17,26],"product_tag":[81],"class_list":{"0":"post-725","1":"product","2":"type-product","3":"status-publish","4":"has-post-thumbnail","6":"product_cat-nhi-dong-6-tuoi-12-tuoi","7":"product_cat-sach-danh-cho-cac-be","8":"product_cat-thieu-nien-11-tuoi-18-tuoi","9":"product_tag-sach-gia-uu-dai","11":"first","12":"instock","13":"sale","14":"taxable","15":"shipping-taxable","16":"purchasable","17":"product-type-simple"},"supplier_id":null,"supplier_sku":"","barcode":null,"atum_controlled":true,"out_stock_date":null,"out_stock_threshold":null,"inheritable":false,"inbound_stock":0,"stock_on_hold":0,"sold_today":0,"sales_last_days":0,"reserved_stock":0,"customer_returns":0,"warehouse_damage":0,"lost_in_post":0,"other_logs":0,"out_stock_days":0,"lost_sales":0,"has_location":false,"update_date":"2026-01-28T23:11:18","atum_locations":[],"atum_stock_status":"instock","restock_status":false,"low_stock_amount":"","sales_update_date":"2026-01-28T23:11:18","calc_backorders":null,"acf":{"publisher":{"ID":1424,"post_author":"1","post_date":"2021-02-17 00:02:29","post_date_gmt":"2021-02-16 22:02:29","post_content":"<!-- wp:flatsome\/uxbuilder -->\n<h1 style=\"text-align: center\"><strong>Nh\u00e3 Nam<\/strong><\/h1>\n[row]\n\n[col span=\"6\" span__sm=\"12\"]\n\n[ux_image id=\"1438\" image_size=\"medium\"]\n\n\n[\/col]\n[col span=\"6\" span__sm=\"12\"]\n\n<p><strong>C\u00f4ng ty c\u1ed5 ph\u1ea7n V\u0103n h\u00f3a v\u00e0 Truy\u1ec1n th\u00f4ng Nh\u00e3 Nam<\/strong><\/p>\n<p>Th\u00e1ng 2 n\u0103m 2005, Nh\u00e3 Nam, t\u00ean \u0111\u1ea7y \u0111\u1ee7 l\u00e0 C\u00f4ng ty C\u1ed5 ph\u1ea7n V\u0103n h\u00f3a v\u00e0 Truy\u1ec1n th\u00f4ng Nh\u00e3 Nam \u0111\u00e3 gia nh\u1eadp th\u1ecb tr\u01b0\u1eddng s\u00e1ch. T\u00e1c ph\u1ea9m \"Balzac v\u00e0 c\u00f4 b\u00e9 th\u1ee3 may Trung hoa\" c\u1ee7a \u0110\u1edbi T\u01b0 Ki\u1ec7t l\u00e0 cu\u1ed1n s\u00e1ch \u0111\u1ea7u ti\u00ean \u0111\u01b0\u1ee3c nh\u1eefng ng\u01b0\u1eddi s\u00e1ng l\u1eadp Nh\u00e3 Nam xu\u1ea5t b\u1ea3n c\u1ea3 tr\u01b0\u1edbc khi c\u00f4ng ty ra \u0111\u1eddi. Ngay l\u1eadp t\u1ee9c t\u1eeb cu\u1ed1n s\u00e1ch \u0111\u1ea7u ti\u00ean, \u0111\u1ed9c gi\u1ea3 \u0111\u00e3 d\u00e0nh s\u1ef1 quan t\u00e2m v\u00e0 y\u00eau m\u1ebfn cho m\u1ed9t th\u01b0\u01a1ng hi\u1ec7u s\u00e1ch m\u1edbi m\u1ebb mang trong m\u00ecnh kh\u00e1t v\u1ecdng g\u00f3p ph\u1ea7n t\u1ea1o l\u1eadp di\u1ec7n m\u1ea1o m\u1edbi cho xu\u1ea5t b\u1ea3n v\u0103n h\u1ecdc t\u1ea1i Vi\u1ec7t Nam.<\/p>\n<p>L\u00f2ng say m\u00ea c\u1ee7a \u0111\u1ed9i ng\u0169 l\u00e0 vi\u00ean \u0111\u00e1 \u0111\u1ea7u ti\u00ean. Tr\u1ea3i qua m\u1ea5y n\u0103m ph\u00e1t tri\u1ec3n, Nh\u00e3 Nam \u0111\u00e3 \u0111\u01b0\u1ee3c x\u00e2y d\u1ef1ng d\u1ea7n l\u00ean trong di\u1ec7n m\u1ea1o m\u1ed9t nh\u00e0 xu\u1ea5t b\u1ea3n v\u1eefng ch\u00e3i v\u00e0 chuy\u00ean nghi\u1ec7p. S\u00e1u th\u00e1ng sau khi th\u00e0nh l\u1eadp c\u00f4ng ty, Nh\u1eadt k\u00fd \u0110\u1eb7ng Th\u00f9y Tr\u00e2m ra \u0111\u1eddi, t\u1ea1o n\u00ean m\u1ed9t c\u01a1n s\u1ed1t trong x\u00e3 h\u1ed9i, v\u1edbi g\u1ea7n 500,000 b\u1ea3n s\u00e1ch \u0111\u01b0\u1ee3c ph\u00e1t h\u00e0nh, ph\u00e1 m\u1ecdi k\u1ef7 l\u1ee5c v\u1ec1 xu\u1ea5t b\u1ea3n tr\u01b0\u1edbc \u0111\u00f3, k\u00e9o theo m\u1ed9t lo\u1ea1t nh\u1eefng hi\u1ec7u \u1ee9ng x\u00e3 h\u1ed9i v\u00e0 d\u01b0 lu\u1eadn c\u00f3 \u00fd ngh\u0129a. T\u1eeb \u0111\u00f3 tr\u1edf \u0111i, th\u00f4ng qua Nh\u00e3 Nam, c\u00e1c cu\u1ed1n s\u00e1ch v\u0103n h\u1ecdc n\u01b0\u1edbc ngo\u00e0i c\u00f3 gi\u00e1 tr\u1ecb \u0111\u01b0\u1ee3c li\u00ean t\u1ee5c mua b\u1ea3n quy\u1ec1n v\u00e0 xu\u1ea5t b\u1ea3n t\u1ea1i Vi\u1ec7t Nam, thu h\u00fat nhi\u1ec1u t\u1ea7ng l\u1edbp \u0111\u1ed9c gi\u1ea3. S\u00e1ch c\u1ee7a Nh\u00e3 Nam n\u1ed5i b\u1eadt b\u1edfi n\u1ed9i dung v\u0103n h\u1ecdc tinh t\u1ebf, b\u1edfi v\u1ebb \u0111\u1eb9p c\u1ee7a thi\u1ebft k\u1ebf hi\u1ec7n \u0111\u1ea1i \u1edf h\u00ecnh th\u1ee9c, b\u1edfi s\u1ef1 ch\u0103m ch\u00fat k\u1ef9 l\u01b0\u1ee1ng cho m\u1ed7i cu\u1ed1n s\u00e1ch nh\u01b0 m\u1ed9t con thuy\u1ec1n mang t\u1edbi ni\u1ec1m vui, tri th\u1ee9c, ng\u1ea1c nhi\u00ean, v\u00e0 \u0111\u1ed3ng c\u1ea3m.<\/p>\n\n[\/col]\n\n[\/row]\n<p style=\"text-align: left\">Hi\u1ec3u th\u1eddi \u0111\u1ea1i \u0111ang s\u1ed1ng th\u00f4ng qua s\u00e1ch, song h\u00e0nh v\u1edbi nh\u1eefng bi\u1ebfn chuy\u1ec3n s\u00e2u s\u1eafc trong l\u00f2ng x\u00e3 h\u1ed9i b\u1eb1ng nh\u1eefng ho\u1ea1t \u0111\u1ed9ng xu\u1ea5t b\u1ea3n mi\u1ec7t m\u00e0i v\u00e0 qu\u1ea3 c\u1ea3m, con \u0111\u01b0\u1eddng Nh\u00e3 Nam \u0111\u00e3 ch\u1ecdn \u0111\u1ec3 \u0111i s\u1ebd c\u00f2n d\u00e0i. Nhi\u1ec1u kh\u00f3 kh\u0103n, th\u1eed th\u00e1ch \u0111ang \u1edf ph\u00eda tr\u01b0\u1edbc. B\u01b0\u1edbc qua th\u1eddi k\u1ef3 s\u01a1 khai v\u1edbi nh\u1eefng b\u00e0i h\u1ecdc v\u00e0 nh\u1eefng kinh nghi\u1ec7m \u0111\u1ea7u ti\u00ean, Nh\u00e3 Nam gi\u1edd \u0111\u00e3 s\u1eb5n s\u00e0ng cho m\u1ed9t ch\u1eb7ng \u0111\u01b0\u1eddng ph\u00e1t tri\u1ec3n m\u1edbi. V\u00e0 ch\u00fang t\u00f4i mu\u1ed1n ho\u00e0n thi\u1ec7n m\u00ecnh trong s\u1ef1 c\u1ea7u th\u1ecb v\u00e0 c\u1ea9n tr\u1ecdng. T\u1ea5t c\u1ea3 v\u00ec m\u1ed9t gia s\u1ea3n s\u00e1ch to l\u1edbn, c\u00f3 s\u1ee9c s\u1ed1ng d\u00e0i l\u00e2u, c\u00f3 \u00fd ngh\u0129a v\u1edbi nhi\u1ec1u th\u1ebf h\u1ec7 b\u1ea1n \u0111\u1ecdc.<br \/>B\u1edfi v\u00ec s\u00e1ch l\u00e0 th\u1ebf gi\u1edbi.<\/p>\n<p><strong>\u0110\u00e2y l\u00e0 m\u1ed9t nh\u00e0 ph\u00e1t h\u00e0nh s\u00e1ch m\u00e0 SACHVIET.EU r\u1ea5t y\u00eau th\u00edch v\u00e0 tin t\u01b0\u1edfng. Nh\u00ecn \u0111\u01b0\u1ee3c t\u1ea7m \u1ea3nh h\u01b0\u1edfng c\u1ee7a Nh\u00e3 Nam qua t\u1eebng cu\u1ed1n s\u00e1ch, SACHVIET.EU li\u00ean h\u1ec7 h\u1ee3p t\u00e1c ngay v\u1edbi Nh\u00e3 Nam \u0111\u1ec3 \u0111em to\u00e0n b\u1ed9 nh\u1eefng t\u00e1c ph\u1ea9m m\u1edbi, hay nh\u1ea5t m\u00e0 Nh\u00e3 Nam c\u00f3 sang Ch\u00e2u \u00c2u, \u0111\u01b0a \u0111\u1ebfn cho \u0111\u1ed9c gi\u1ea3 c\u00f3 nhi\u1ec1u s\u1ef1 l\u1ef1a ch\u1ecdn phong ph\u00fa h\u01a1n c\u1ea3 s\u00e1ch cho tr\u1ebb em l\u1eabn ng\u01b0\u1eddi l\u1edbn.\u00a0<\/strong><\/p>\n\n<!-- \/wp:flatsome\/uxbuilder -->","post_title":"Nh\u00e3 Nam","post_excerpt":"","post_status":"publish","comment_status":"closed","ping_status":"closed","post_password":"","post_name":"nha-nam","to_ping":"","pinged":"","post_modified":"2022-12-19 23:15:33","post_modified_gmt":"2022-12-19 21:15:33","post_content_filtered":"","post_parent":0,"guid":"https:\/\/sachviet.eu\/?post_type=publisher&#038;p=1424","menu_order":0,"post_type":"publisher","post_mime_type":"","comment_count":"0","filter":"raw"}},"_links":{"self":[{"href":"https:\/\/sachviet.eu\/en\/wp-json\/wp\/v2\/product\/725","targetHints":{"allow":["GET"]}}],"collection":[{"href":"https:\/\/sachviet.eu\/en\/wp-json\/wp\/v2\/product"}],"about":[{"href":"https:\/\/sachviet.eu\/en\/wp-json\/wp\/v2\/types\/product"}],"wp:featuredmedia":[{"embeddable":true,"href":"https:\/\/sachviet.eu\/en\/wp-json\/wp\/v2\/media\/712"}],"wp:attachment":[{"href":"https:\/\/sachviet.eu\/en\/wp-json\/wp\/v2\/media?parent=725"}],"wp:term":[{"taxonomy":"product_brand","embeddable":true,"href":"https:\/\/sachviet.eu\/en\/wp-json\/wp\/v2\/product_brand?post=725"},{"taxonomy":"product_cat","embeddable":true,"href":"https:\/\/sachviet.eu\/en\/wp-json\/wp\/v2\/product_cat?post=725"},{"taxonomy":"product_tag","embeddable":true,"href":"https:\/\/sachviet.eu\/en\/wp-json\/wp\/v2\/product_tag?post=725"}],"curies":[{"name":"wp","href":"https:\/\/api.w.org\/{rel}","templated":true}]}}