{"id":7228,"date":"2021-03-30T11:59:30","date_gmt":"2021-03-30T08:59:30","guid":{"rendered":"https:\/\/sachviet.eu\/shop\/giamilia-truyen-nui-doi-va-thao-nguyen\/"},"modified":"2021-09-07T14:28:13","modified_gmt":"2021-09-07T11:28:13","slug":"giamilia-truyen-nui-doi-va-thao-nguyen","status":"publish","type":"product","link":"https:\/\/sachviet.eu\/en\/shop\/giamilia-truyen-nui-doi-va-thao-nguyen\/","title":{"rendered":"Giamilia &#8211; Truy\u1ec7n N\u00fai \u0110\u1ed3i V\u00e0 Th\u1ea3o Nguy\u00ean"},"content":{"rendered":"<p>T\u00e1c Ph\u1ea9m Ch\u1ecdn L\u1ecdc &#8211; V\u0103n H\u1ecdc Nga: Giamilia &#8211; Truy\u1ec7n N\u00fai \u0110\u1ed3i V\u00e0 Th\u1ea3o Nguy\u00ean<\/p>\n<p>L\u00e0 s\u00e1ng t\u00e1c ti\u00eau bi\u1ec3u c\u1ee7a Chingiz Aitmatov, m\u1ed9t trong nh\u1eefng nh\u00e0 v\u0103n xu\u1ea5t s\u1eafc nh\u1ea5t th\u1ebf k\u1ec9 20. \u0110\u1ecdc t\u00e1c ph\u1ea9m, ch\u00fang ta nh\u01b0 \u0111\u01b0\u1ee3cs\u1ed1ng l\u1ea1i giai \u0111o\u1ea1n l\u1ecbch s\u1eed h\u00e0o h\u00f9ng nh\u01b0ng c\u0169ng \u0111\u1ea7y bi\u1ebfn \u0111\u1ed9ng; ch\u00ecm \u0111\u1eafm trong b\u1ee9c tranh phong c\u1ea3nh n\u00fai \u0111\u1ed3i v\u00e0 th\u1ea3o nguy\u00ean bao la, h\u00f9ng v\u0129; m\u1ebfn ph\u1ee5c, th\u01b0\u01a1ng c\u1ea3m nh\u1eefng con ng\u01b0\u1eddi anh h\u00f9ng, nh\u1eefng c\u00e2u chuy\u1ec7n t\u00ecnh lay \u0111\u1ed9ng t\u00e2m can\u2026<\/p>\n<p>CHINGIZ AITMATOV(1928 &#8211; 2008)<\/p>\n<p>N\u01a1i sinh: Sheker, Talas, C\u1ed9ng h\u00f2a Kyrgyzstan.<\/p>\n<p>Chingiz Aitmatov l\u00e0 nh\u00e0 v\u0103n n\u1ed5i ti\u1ebfng c\u1ee7a Kyrgyzstan v\u00e0 Li\u00ean X\u00f4 (c\u0169). Theo th\u1ed1ng k\u00ea c\u1ee7a  UNESCO,  c\u00e1c  t\u00e1c  ph\u1ea9m  c\u1ee7a  \u00f4ng  \u0111\u00e3 \u0111\u01b0\u1ee3c d\u1ecbch ra 150 ng\u00f4n ng\u1eef tr\u00ean to\u00e0n th\u1ebf gi\u1edbi  v\u00e0  \u0111\u01b0\u1ee3c  \u0111\u00f4ng  \u0111\u1ea3o  \u0111\u1ed9c  gi\u1ea3  to\u00e0n  c\u1ea7u m\u1ebfn m\u1ed9.<\/p>\n","protected":false},"excerpt":{"rendered":"<p>L\u00e0 s\u00e1ng t\u00e1c ti\u00eau bi\u1ec3u c\u1ee7a Chingiz Aitmatov, m\u1ed9t trong nh\u1eefng nh\u00e0 v\u0103n xu\u1ea5t s\u1eafc nh\u1ea5t th\u1ebf k\u1ec9 20. \u0110\u1ecdc t\u00e1c ph\u1ea9m, ch\u00fang ta nh\u01b0 \u0111\u01b0\u1ee3cs\u1ed1ng l\u1ea1i giai \u0111o\u1ea1n l\u1ecbch s\u1eed h\u00e0o h\u00f9ng nh\u01b0ng c\u0169ng \u0111\u1ea7y bi\u1ebfn \u0111\u1ed9ng; ch\u00ecm \u0111\u1eafm trong b\u1ee9c tranh phong c\u1ea3nh n\u00fai \u0111\u1ed3i v\u00e0 th\u1ea3o nguy\u00ean bao la, h\u00f9ng v\u0129; m\u1ebfn ph\u1ee5c, th\u01b0\u01a1ng c\u1ea3m nh\u1eefng con ng\u01b0\u1eddi anh h\u00f9ng, nh\u1eefng c\u00e2u chuy\u1ec7n t\u00ecnh lay \u0111\u1ed9ng t\u00e2m can\u2026<\/p>\n","protected":false},"featured_media":7227,"template":"","meta":{"_acf_changed":false},"product_brand":[],"product_cat":[17,15,26,45,77],"product_tag":[],"class_list":{"0":"post-7228","1":"product","2":"type-product","3":"status-publish","4":"has-post-thumbnail","6":"product_cat-sach-danh-cho-cac-be","7":"product_cat-sach-danh-cho-nguoi-lon","8":"product_cat-thieu-nien-11-tuoi-18-tuoi","9":"product_cat-tieu-thuyet","10":"product_cat-van-hoc-kinh-dien","12":"first","13":"outofstock","14":"taxable","15":"shipping-taxable","16":"purchasable","17":"product-type-simple"},"supplier_id":null,"supplier_sku":"","barcode":null,"atum_controlled":true,"out_stock_date":"2021-09-07 11:28:13","out_stock_threshold":null,"inheritable":false,"inbound_stock":0,"stock_on_hold":0,"sold_today":0,"sales_last_days":0,"reserved_stock":0,"customer_returns":0,"warehouse_damage":0,"lost_in_post":0,"other_logs":0,"out_stock_days":1604,"lost_sales":0,"has_location":false,"update_date":"2026-01-28T23:10:40","atum_locations":[],"atum_stock_status":"outofstock","restock_status":false,"low_stock_amount":"","sales_update_date":"2026-01-28T23:10:40","calc_backorders":null,"acf":{"publisher":{"ID":1454,"post_author":"1","post_date":"2021-02-17 01:11:34","post_date_gmt":"2021-02-16 23:11:34","post_content":"<!-- wp:flatsome\/uxbuilder -->\n<h1 style=\"text-align: center;\"><strong>Kim \u0110\u1ed3ng<\/strong><\/h1>\n[row]\n\n[col span=\"3\" span__sm=\"12\"]\n\n[ux_image id=\"1534\" image_size=\"medium\"]\n\n\n[\/col]\n[col span=\"9\" span__sm=\"12\"]\n\n<p>Nh\u00e0 xu\u1ea5t b\u1ea3n Kim \u0110\u1ed3ng tr\u1ef1c thu\u1ed9c Trung \u01b0\u01a1ng \u0110o\u00e0n TNCS H\u1ed3 Ch\u00ed Minh l\u00e0 Nh\u00e0 xu\u1ea5t b\u1ea3n t\u1ed5ng h\u1ee3p c\u00f3 ch\u1ee9c n\u0103ng xu\u1ea5t b\u1ea3n s\u00e1ch v\u00e0 v\u0103n h\u00f3a ph\u1ea9m ph\u1ee5c v\u1ee5 thi\u1ebfu nhi v\u00e0 c\u00e1c b\u1eadc ph\u1ee5 huynh trong c\u1ea3 n\u01b0\u1edbc, qu\u1ea3ng b\u00e1 v\u00e0 gi\u1edbi thi\u1ec7u v\u0103n h\u00f3a Vi\u1ec7t Nam ra th\u1ebf gi\u1edbi.<br \/>Nh\u00e0 xu\u1ea5t b\u1ea3n c\u00f3 nhi\u1ec7m v\u1ee5 t\u1ed5 ch\u1ee9c b\u1ea3n th\u1ea3o, bi\u00ean so\u1ea1n, bi\u00ean d\u1ecbch, xu\u1ea5t b\u1ea3n v\u00e0 ph\u00e1t h\u00e0nh c\u00e1c xu\u1ea5t b\u1ea3n ph\u1ea9m c\u00f3 n\u1ed9i dung: gi\u00e1o d\u1ee5c truy\u1ec1n th\u1ed1ng d\u00e2n t\u1ed9c, gi\u00e1o d\u1ee5c v\u1ec1 tri th\u1ee9c, ki\u1ebfn th\u1ee9c\u2026 tr\u00ean c\u00e1c l\u0129nh v\u1ef1c v\u0103n h\u1ecdc, ngh\u1ec7 thu\u1eadt, khoa h\u1ecdc k\u1ef9 thu\u1eadt nh\u1eb1m cung c\u1ea5p cho c\u00e1c em thi\u1ebfu nhi c\u0169ng nh\u01b0 c\u00e1c b\u1eadc ph\u1ee5 huynh c\u00e1c ki\u1ebfn th\u1ee9c c\u1ea7n thi\u1ebft trong cu\u1ed9c s\u1ed1ng, nh\u1eefng tinh hoa c\u1ee7a tri th\u1ee9c nh\u00e2n lo\u1ea1i nh\u1eb1m g\u00f3p ph\u1ea7n gi\u00e1o d\u1ee5c v\u00e0 h\u00ecnh th\u00e0nh nh\u00e2n c\u00e1ch th\u1ebf h\u1ec7 tr\u1ebb.<br \/>\u0110\u1ed1i t\u01b0\u1ee3ng ph\u1ee5c v\u1ee5 c\u1ee7a Nh\u00e0 xu\u1ea5t b\u1ea3n l\u00e0 c\u00e1c em t\u1eeb tu\u1ed5i nh\u00e0 tr\u1ebb m\u1eabu gi\u00e1o (1 \u0111\u1ebfn 5 tu\u1ed5i), nhi \u0111\u1ed3ng (6 \u0111\u1ebfn 9 tu\u1ed5i), thi\u1ebfu ni\u00ean (10 \u0111\u1ebfn 15 tu\u1ed5i) \u0111\u1ebfn c\u00e1c em tu\u1ed5i m\u1edbi l\u1edbn (16 \u0111\u1ebfn 18 tu\u1ed5i) v\u00e0 c\u00e1c b\u1eadc ph\u1ee5 huynh.<\/p>\n\n[\/col]\n\n[\/row]\n\n<!-- \/wp:flatsome\/uxbuilder -->","post_title":"Kim \u0110\u1ed3ng","post_excerpt":"","post_status":"publish","comment_status":"closed","ping_status":"closed","post_password":"","post_name":"kim-dong","to_ping":"","pinged":"","post_modified":"2021-02-17 01:31:56","post_modified_gmt":"2021-02-16 23:31:56","post_content_filtered":"","post_parent":0,"guid":"https:\/\/sachviet.eu\/nha-phat-hanh\/kim-dong\/","menu_order":0,"post_type":"publisher","post_mime_type":"","comment_count":"0","filter":"raw"}},"_links":{"self":[{"href":"https:\/\/sachviet.eu\/en\/wp-json\/wp\/v2\/product\/7228","targetHints":{"allow":["GET"]}}],"collection":[{"href":"https:\/\/sachviet.eu\/en\/wp-json\/wp\/v2\/product"}],"about":[{"href":"https:\/\/sachviet.eu\/en\/wp-json\/wp\/v2\/types\/product"}],"wp:featuredmedia":[{"embeddable":true,"href":"https:\/\/sachviet.eu\/en\/wp-json\/wp\/v2\/media\/7227"}],"wp:attachment":[{"href":"https:\/\/sachviet.eu\/en\/wp-json\/wp\/v2\/media?parent=7228"}],"wp:term":[{"taxonomy":"product_brand","embeddable":true,"href":"https:\/\/sachviet.eu\/en\/wp-json\/wp\/v2\/product_brand?post=7228"},{"taxonomy":"product_cat","embeddable":true,"href":"https:\/\/sachviet.eu\/en\/wp-json\/wp\/v2\/product_cat?post=7228"},{"taxonomy":"product_tag","embeddable":true,"href":"https:\/\/sachviet.eu\/en\/wp-json\/wp\/v2\/product_tag?post=7228"}],"curies":[{"name":"wp","href":"https:\/\/api.w.org\/{rel}","templated":true}]}}