{"id":7198,"date":"2021-03-30T11:58:29","date_gmt":"2021-03-30T08:58:29","guid":{"rendered":"https:\/\/sachviet.eu\/shop\/chu-rua-alfie-tai-ban-2021\/"},"modified":"2023-04-02T12:47:54","modified_gmt":"2023-04-02T09:47:54","slug":"chu-rua-alfie-tai-ban-2021","status":"publish","type":"product","link":"https:\/\/sachviet.eu\/en\/shop\/chu-rua-alfie-tai-ban-2021\/","title":{"rendered":"Ch\u00fa R\u00f9a Alfie (T\u00e1i B\u1ea3n 2021)"},"content":{"rendered":"<p>\u00d4ng Hoppy ao \u01b0\u1edbc gi\u00e1 m\u00e0 m\u00ecnh bi\u1ebfn th\u00e0nh con r\u00f9a.<\/p>\n<p>B\u1ea1n \u0111\u00e3 nghe m\u1ed9t c\u00e2u chuy\u1ec7n th\u1ebf n\u00e0y ch\u01b0a? Chuy\u1ec7n v\u1ec1 s\u1ee9 gi\u1ea3 c\u1ee7a t\u00ecnh y\u00eau l\u00e0 m\u1ed9t ch\u00fa r\u00f9a! \u00d4ng Hoppy th\u1ea7m y\u00eau b\u00e0 Silver v\u00e0 \u0111\u00e3 d\u00f9ng ch\u00fa r\u00f9a Alfie l\u00e0m th\u1ea7n t\u00ecnh y\u00eau cho m\u00ecnh.<\/p>\n<p>Ch\u00fa r\u00f9a Alfie l\u00e0 m\u1ed9t trong nh\u1eefng truy\u1ec7n vi\u1ebft cho thi\u1ebfu nhi hay nh\u1ea5t c\u1ee7a Roald Dahl.<\/p>\n","protected":false},"excerpt":{"rendered":"<p>\u00d4ng Hoppy ao \u01b0\u1edbc gi\u00e1 m\u00e0 m\u00ecnh bi\u1ebfn th\u00e0nh con r\u00f9a.<\/p>\n<p>B\u1ea1n \u0111\u00e3 nghe m\u1ed9t c\u00e2u chuy\u1ec7n th\u1ebf n\u00e0y ch\u01b0a? Chuy\u1ec7n v\u1ec1 s\u1ee9 gi\u1ea3 c\u1ee7a t\u00ecnh y\u00eau l\u00e0 m\u1ed9t ch\u00fa r\u00f9a! \u00d4ng Hoppy th\u1ea7m y\u00eau b\u00e0 Silver v\u00e0 \u0111\u00e3 d\u00f9ng ch\u00fa r\u00f9a Alfie l\u00e0m th\u1ea7n t\u00ecnh y\u00eau cho m\u00ecnh.<\/p>\n<p>Ch\u00fa r\u00f9a Alfie l\u00e0 m\u1ed9t trong nh\u1eefng truy\u1ec7n vi\u1ebft cho thi\u1ebfu nhi hay nh\u1ea5t c\u1ee7a Roald Dahl.<\/p>\n","protected":false},"featured_media":7197,"template":"","meta":{"_acf_changed":false},"product_brand":[],"product_cat":[17,26],"product_tag":[],"class_list":{"0":"post-7198","1":"product","2":"type-product","3":"status-publish","4":"has-post-thumbnail","6":"product_cat-sach-danh-cho-cac-be","7":"product_cat-thieu-nien-11-tuoi-18-tuoi","9":"first","10":"instock","11":"taxable","12":"shipping-taxable","13":"purchasable","14":"product-type-simple"},"supplier_id":null,"supplier_sku":"","barcode":null,"atum_controlled":true,"out_stock_date":null,"out_stock_threshold":null,"inheritable":false,"inbound_stock":0,"stock_on_hold":0,"sold_today":0,"sales_last_days":0,"reserved_stock":0,"customer_returns":0,"warehouse_damage":0,"lost_in_post":0,"other_logs":0,"out_stock_days":0,"lost_sales":0,"has_location":false,"update_date":"2026-01-28T23:10:40","atum_locations":[],"atum_stock_status":"instock","restock_status":false,"low_stock_amount":"","sales_update_date":"2026-01-28T23:10:40","calc_backorders":null,"acf":{"publisher":false},"_links":{"self":[{"href":"https:\/\/sachviet.eu\/en\/wp-json\/wp\/v2\/product\/7198","targetHints":{"allow":["GET"]}}],"collection":[{"href":"https:\/\/sachviet.eu\/en\/wp-json\/wp\/v2\/product"}],"about":[{"href":"https:\/\/sachviet.eu\/en\/wp-json\/wp\/v2\/types\/product"}],"wp:featuredmedia":[{"embeddable":true,"href":"https:\/\/sachviet.eu\/en\/wp-json\/wp\/v2\/media\/7197"}],"wp:attachment":[{"href":"https:\/\/sachviet.eu\/en\/wp-json\/wp\/v2\/media?parent=7198"}],"wp:term":[{"taxonomy":"product_brand","embeddable":true,"href":"https:\/\/sachviet.eu\/en\/wp-json\/wp\/v2\/product_brand?post=7198"},{"taxonomy":"product_cat","embeddable":true,"href":"https:\/\/sachviet.eu\/en\/wp-json\/wp\/v2\/product_cat?post=7198"},{"taxonomy":"product_tag","embeddable":true,"href":"https:\/\/sachviet.eu\/en\/wp-json\/wp\/v2\/product_tag?post=7198"}],"curies":[{"name":"wp","href":"https:\/\/api.w.org\/{rel}","templated":true}]}}