{"id":7196,"date":"2021-03-30T11:58:25","date_gmt":"2021-03-30T08:58:25","guid":{"rendered":"https:\/\/sachviet.eu\/shop\/bo-sach-cua-roald-dahl-bundle-15-quyen\/"},"modified":"2023-06-28T14:15:33","modified_gmt":"2023-06-28T11:15:33","slug":"bo-sach-cua-roald-dahl-bundle-15-quyen","status":"publish","type":"product","link":"https:\/\/sachviet.eu\/en\/shop\/bo-sach-cua-roald-dahl-bundle-15-quyen\/","title":{"rendered":"B\u1ed9 S\u00e1ch C\u1ee7a Roald Dahl &#8211;  Bundle 15 quy\u1ec3n"},"content":{"rendered":"<p>Roald Dahl (13.9.1916 \u2013 23.11.1990)<\/p>\n<p>Roald Dahl t\u1eebng l\u00e0 m\u1ed9t \u0111i\u1ec7p vi\u00ean, m\u1ed9t phi c\u00f4ng \u00e1ch, m\u1ed9t s\u1eed gia v\u1ec1 s\u00f4c\u00f4la v\u00e0 m\u1ed9t nh\u00e0 ph\u00e1t minh trong l\u0129nh v\u1ef1c y h\u1ecdc. \u00d4ng c\u0169ng l\u00e0 t\u00e1c gi\u1ea3 c\u1ee7a Charlie v\u00e0 nh\u00e0 m\u00e1y s\u00f4c\u00f4la, C\u00f4 b\u00e9 Matilda, BFG \u2013 Ng\u01b0\u1eddi kh\u1ed5ng l\u1ed3 th\u00e2n thi\u1ec7n\u2026 v\u00e0 r\u1ea5t nhi\u1ec1u nh\u1eefng c\u00e2u chuy\u1ec7n tuy\u1ec7t v\u1eddi kh\u00e1c. Roald Dahl \u0111\u01b0\u1ee3c m\u1ec7nh danh l\u00e0 Ng\u01b0\u1eddi k\u1ec3 chuy\u1ec7n s\u1ed1 1 Th\u1ebf gi\u1edbi.<\/p>\n<p>S\u00e1ch c\u1ee7a Roald Dahl \u0111\u01b0\u1ee3c xu\u1ea5t b\u1ea3n b\u1eb1ng h\u01a1n 55 ng\u00f4n ng\u1eef tr\u00ean to\u00e0n th\u1ebf gi\u1edbi, v\u1edbi h\u00e0ng ch\u1ee5c tri\u1ec7u b\u1ea3n \u0111\u01b0\u1ee3c ph\u00e1t h\u00e0nh. Nhi\u1ec1u cu\u1ed1n s\u00e1ch c\u1ee7a \u00f4ng \u0111\u1ee9ng \u0111\u1ea7u trong danh s\u00e1ch c\u00e1c t\u00e1c ph\u1ea9m v\u0103n h\u1ecdc thi\u1ebfu nhi hay nh\u1ea5t m\u1ecdi th\u1eddi \u0111\u1ea1i.<\/p>\n<p>M\u1eddi c\u00e1c b\u1ea1n t\u00ecm \u0111\u1ecdc b\u1ed9 truy\u1ec7n c\u1ee7a Roald Dahl:<\/p>\n<p>Ch\u00fa r\u00f9a Alfie<br \/>\nB\u00e1c Fox tuy\u1ec7t v\u1eddi<br \/>\nH\u01b0\u01a1u cao c\u1ed5, chim b\u1ed3 n\u00f4ng v\u00e0 t\u00f4i<br \/>\nJames v\u00e0 qu\u1ea3 \u0111\u00e0o kh\u1ed5ng l\u1ed3<br \/>\nNg\u00f3n tay th\u1ea7n k\u00ec<br \/>\nPh\u00f9 th\u1ee7y, ph\u00f9 th\u1ee7y<br \/>\nBFG \u2013 Ng\u01b0\u1eddi kh\u1ed5ng l\u1ed3 th\u00e2n thi\u1ec7n<br \/>\nTh\u1ea7n d\u01b0\u1ee3c c\u1ee7a George<br \/>\nV\u1ee3 ch\u1ed3ng l\u00e3o Twit<br \/>\nC\u00f4 b\u00e9 Matilda<br \/>\nDanny, nh\u00e0 v\u00f4 \u0111\u1ecbch th\u1ebf gi\u1edbi<br \/>\nCharlie v\u00e0 nh\u00e0 m\u00e1y s\u00f4c\u00f4la<br \/>\nCharlie v\u00e0 chi\u1ebfc thang m\u00e1y b\u1eb1ng k\u00ednh<br \/>\nNh\u1eefng ng\u00e0y x\u01b0a y\u00eau d\u1ea5u<br \/>\nC\u00e2u chuy\u1ec7n k\u00ec di\u1ec7u v\u1ec1 Henry Sugar v\u00e0 s\u00e1u chuy\u1ec7n kh\u00e1c<\/p>\n","protected":false},"excerpt":{"rendered":"<p>Roald Dahl (13.9.1916 \u2013 23.11.1990)<\/p>\n<p>Roald Dahl t\u1eebng l\u00e0 m\u1ed9t \u0111i\u1ec7p vi\u00ean, m\u1ed9t phi c\u00f4ng \u00e1ch, m\u1ed9t s\u1eed gia v\u1ec1 s\u00f4c\u00f4la v\u00e0 m\u1ed9t nh\u00e0 ph\u00e1t minh trong l\u0129nh v\u1ef1c y h\u1ecdc. \u00d4ng c\u0169ng l\u00e0 t\u00e1c gi\u1ea3 c\u1ee7a Charlie v\u00e0 nh\u00e0 m\u00e1y s\u00f4c\u00f4la, C\u00f4 b\u00e9 Matilda, BFG \u2013 Ng\u01b0\u1eddi kh\u1ed5ng l\u1ed3 th\u00e2n thi\u1ec7n\u2026 v\u00e0 r\u1ea5t nhi\u1ec1u nh\u1eefng c\u00e2u chuy\u1ec7n tuy\u1ec7t v\u1eddi kh\u00e1c. Roald Dahl \u0111\u01b0\u1ee3c m\u1ec7nh danh l\u00e0 Ng\u01b0\u1eddi k\u1ec3 chuy\u1ec7n s\u1ed1 1 Th\u1ebf gi\u1edbi.<\/p>\n<p>S\u00e1ch c\u1ee7a Roald Dahl \u0111\u01b0\u1ee3c xu\u1ea5t b\u1ea3n b\u1eb1ng h\u01a1n 55 ng\u00f4n ng\u1eef tr\u00ean to\u00e0n th\u1ebf gi\u1edbi, v\u1edbi h\u00e0ng ch\u1ee5c tri\u1ec7u b\u1ea3n \u0111\u01b0\u1ee3c ph\u00e1t h\u00e0nh. Nhi\u1ec1u cu\u1ed1n s\u00e1ch c\u1ee7a \u00f4ng \u0111\u1ee9ng \u0111\u1ea7u trong danh s\u00e1ch c\u00e1c t\u00e1c ph\u1ea9m v\u0103n h\u1ecdc thi\u1ebfu nhi hay nh\u1ea5t m\u1ecdi th\u1eddi \u0111\u1ea1i.<\/p>\n<p>M\u1eddi c\u00e1c b\u1ea1n t\u00ecm \u0111\u1ecdc b\u1ed9 truy\u1ec7n c\u1ee7a Roald Dahl:<\/p>\n<p>Ch\u00fa r\u00f9a Alfie<br \/>\nB\u00e1c Fox tuy\u1ec7t v\u1eddi<br \/>\nH\u01b0\u01a1u cao c\u1ed5, chim b\u1ed3 n\u00f4ng v\u00e0 t\u00f4i<br \/>\nJames v\u00e0 qu\u1ea3 \u0111\u00e0o kh\u1ed5ng l\u1ed3<br \/>\nNg\u00f3n tay th\u1ea7n k\u00ec<br \/>\nPh\u00f9 th\u1ee7y, ph\u00f9 th\u1ee7y<br \/>\nBFG \u2013 Ng\u01b0\u1eddi kh\u1ed5ng l\u1ed3 th\u00e2n thi\u1ec7n<br \/>\nTh\u1ea7n d\u01b0\u1ee3c c\u1ee7a George<br \/>\nV\u1ee3 ch\u1ed3ng l\u00e3o Twit<br \/>\nC\u00f4 b\u00e9 Matilda<br \/>\nDanny, nh\u00e0 v\u00f4 \u0111\u1ecbch th\u1ebf gi\u1edbi<br \/>\nCharlie v\u00e0 nh\u00e0 m\u00e1y s\u00f4c\u00f4la<br \/>\nCharlie v\u00e0 chi\u1ebfc thang m\u00e1y b\u1eb1ng k\u00ednh<br \/>\nNh\u1eefng ng\u00e0y x\u01b0a y\u00eau d\u1ea5u<br \/>\nC\u00e2u chuy\u1ec7n k\u00ec di\u1ec7u v\u1ec1 Henry Sugar v\u00e0 s\u00e1u chuy\u1ec7n kh\u00e1c<\/p>\n","protected":false},"featured_media":7181,"template":"","meta":{"_acf_changed":false},"product_brand":[],"product_cat":[25,17,26],"product_tag":[81],"class_list":{"0":"post-7196","1":"product","2":"type-product","3":"status-publish","4":"has-post-thumbnail","6":"product_cat-nhi-dong-6-tuoi-12-tuoi","7":"product_cat-sach-danh-cho-cac-be","8":"product_cat-thieu-nien-11-tuoi-18-tuoi","9":"product_tag-sach-gia-uu-dai","11":"first","12":"outofstock","13":"sale","14":"taxable","15":"shipping-taxable","16":"purchasable","17":"product-type-woosb"},"supplier_id":null,"supplier_sku":"","barcode":null,"atum_controlled":true,"out_stock_date":"2021-03-30 10:01:21","out_stock_threshold":null,"inheritable":false,"inbound_stock":0,"stock_on_hold":0,"sold_today":0,"sales_last_days":0,"reserved_stock":0,"customer_returns":0,"warehouse_damage":0,"lost_in_post":0,"other_logs":0,"out_stock_days":1765,"lost_sales":0,"has_location":false,"update_date":"2026-01-28T23:10:40","atum_locations":[],"atum_stock_status":"instock","restock_status":false,"low_stock_amount":"","sales_update_date":"2026-01-28T23:10:40","calc_backorders":null,"acf":{"publisher":false},"_links":{"self":[{"href":"https:\/\/sachviet.eu\/en\/wp-json\/wp\/v2\/product\/7196","targetHints":{"allow":["GET"]}}],"collection":[{"href":"https:\/\/sachviet.eu\/en\/wp-json\/wp\/v2\/product"}],"about":[{"href":"https:\/\/sachviet.eu\/en\/wp-json\/wp\/v2\/types\/product"}],"wp:featuredmedia":[{"embeddable":true,"href":"https:\/\/sachviet.eu\/en\/wp-json\/wp\/v2\/media\/7181"}],"wp:attachment":[{"href":"https:\/\/sachviet.eu\/en\/wp-json\/wp\/v2\/media?parent=7196"}],"wp:term":[{"taxonomy":"product_brand","embeddable":true,"href":"https:\/\/sachviet.eu\/en\/wp-json\/wp\/v2\/product_brand?post=7196"},{"taxonomy":"product_cat","embeddable":true,"href":"https:\/\/sachviet.eu\/en\/wp-json\/wp\/v2\/product_cat?post=7196"},{"taxonomy":"product_tag","embeddable":true,"href":"https:\/\/sachviet.eu\/en\/wp-json\/wp\/v2\/product_tag?post=7196"}],"curies":[{"name":"wp","href":"https:\/\/api.w.org\/{rel}","templated":true}]}}