{"id":7180,"date":"2021-03-30T11:57:41","date_gmt":"2021-03-30T08:57:41","guid":{"rendered":"https:\/\/sachviet.eu\/shop\/song-nhu-nhung-cai-cay-nhung-bai-hoc-nho-de-co-nguon-hanh-phuc-bat-tan-tai-ban-2021\/"},"modified":"2021-05-17T19:47:43","modified_gmt":"2021-05-17T16:47:43","slug":"song-nhu-nhung-cai-cay-nhung-bai-hoc-nho-de-co-nguon-hanh-phuc-bat-tan-tai-ban-2021","status":"publish","type":"product","link":"https:\/\/sachviet.eu\/en\/shop\/song-nhu-nhung-cai-cay-nhung-bai-hoc-nho-de-co-nguon-hanh-phuc-bat-tan-tai-ban-2021\/","title":{"rendered":"S\u1ed1ng Nh\u01b0 Nh\u1eefng C\u00e1i C\u00e2y &#8211; Nh\u1eefng B\u00e0i H\u1ecdc Nh\u1ecf \u0110\u1ec3 C\u00f3 Ngu\u1ed3n H\u1ea1nh Ph\u00fac B\u1ea5t T\u1eadn (T\u00e1i B\u1ea3n 2021)"},"content":{"rendered":"<p>LINH HO\u1ea0T H\u01a0N. KI\u00caN NH\u1eaaN H\u01a0N. L\u1ea0C QUAN H\u01a0N. H\u00c3Y S\u1ed0NG NH\u01af NH\u1eeeNG C\u00c1I C\u00c2Y.<\/p>\n<p>C\u00e2y c\u1ed1i kh\u00f4ng c\u00f3 n\u00e3o b\u1ed9 \u0111\u1ec3 suy ngh\u0129, hay h\u1ec7 th\u1ea7n kinh t\u1ea1o c\u1ea3m x\u00fac, nh\u01b0ng ta kh\u00f4ng th\u1ec3 ph\u1ee7 nh\u1eadn r\u1eb1ng ch\u00fang r\u1ea5t th\u00f4ng minh v\u00e0 \u0111\u00e1ng ng\u01b0\u1ee1ng m\u1ed9 v\u00f4 c\u00f9ng. Sinh tr\u01b0\u1edfng kho\u1ebb m\u1ea1nh trong nh\u1eefng \u0111i\u1ec1u ki\u1ec7n kh\u1eafc nghi\u1ec7t, l\u1eb7ng l\u1ebd ph\u00f2ng th\u1ee7 tr\u01b0\u1edbc c\u00e1c v\u1ecb kh\u00e1ch kh\u00f4ng m\u1eddi, hay \u0111\u01a1n gi\u1ea3n ch\u1ec9 l\u00e0 c\u1ed1 g\u1eafng h\u1ebft m\u00ecnh \u0111\u1ec3 t\u1eadn h\u01b0\u1edfng \u00e1nh n\u1eafng m\u1eb7t tr\u1eddi&#8230; T\u1ea5t c\u1ea3 \u0111\u1ec1u cho th\u1ea5y kh\u1ea3 n\u0103ng sinh t\u1ed3n v\u00f4 h\u1ea1n c\u1ee7a c\u00e2y c\u1ed1i. T\u1eeb t\u1ea7m quan tr\u1ecdng c\u1ee7a s\u1ef1 ki\u00ean tr\u00ec v\u00e0 s\u1ee9c m\u1ea1nh c\u1ee7a t\u1eadp th\u1ec3, \u0111\u1ebfn c\u00e1ch v\u01b0\u1ee3t qua s\u00f3ng gi\u00f3 v\u00e0 \u0111\u1ed1i m\u1eb7t v\u1edbi c\u00e1c lo toan v\u1ee5n v\u1eb7t th\u01b0\u1eddng ng\u00e0y &#8211; H\u00e3y qu\u00ean nh\u1eefng ng\u01b0\u1eddi n\u1ed5i ti\u1ebfng tr\u00ean m\u1ea1ng \u0111i! S\u1ef1 th\u00f4ng th\u00e1i v\u00e0 c\u1ea3m h\u1ee9ng cho ngu\u1ed3n h\u1ea1nh ph\u00fac b\u1ea5t t\u1eadn trong \u0111\u1eddi s\u1ed1ng v\u1eabn lu\u00f4n \u1edf ngay g\u1ea7n b\u1ea1n.<\/p>\n","protected":false},"excerpt":{"rendered":"<p>LINH HO\u1ea0T H\u01a0N. KI\u00caN NH\u1eaaN H\u01a0N. L\u1ea0C QUAN H\u01a0N. H\u00c3Y S\u1ed0NG NH\u01af NH\u1eeeNG C\u00c1I C\u00c2Y.<\/p>\n<p>C\u00e2y c\u1ed1i kh\u00f4ng c\u00f3 n\u00e3o b\u1ed9 \u0111\u1ec3 suy ngh\u0129, hay h\u1ec7 th\u1ea7n kinh t\u1ea1o c\u1ea3m x\u00fac, nh\u01b0ng ta kh\u00f4ng th\u1ec3 ph\u1ee7 nh\u1eadn r\u1eb1ng ch\u00fang r\u1ea5t th\u00f4ng minh v\u00e0 \u0111\u00e1ng ng\u01b0\u1ee1ng m\u1ed9 v\u00f4 c\u00f9ng. Sinh tr\u01b0\u1edfng kho\u1ebb m\u1ea1nh trong nh\u1eefng \u0111i\u1ec1u ki\u1ec7n kh\u1eafc nghi\u1ec7t, l\u1eb7ng l\u1ebd ph\u00f2ng th\u1ee7 tr\u01b0\u1edbc c\u00e1c v\u1ecb kh\u00e1ch kh\u00f4ng m\u1eddi, hay \u0111\u01a1n gi\u1ea3n ch\u1ec9 l\u00e0 c\u1ed1 g\u1eafng h\u1ebft m\u00ecnh \u0111\u1ec3 t\u1eadn h\u01b0\u1edfng \u00e1nh n\u1eafng m\u1eb7t tr\u1eddi&#8230; T\u1ea5t c\u1ea3 \u0111\u1ec1u cho th\u1ea5y kh\u1ea3 n\u0103ng sinh t\u1ed3n v\u00f4 h\u1ea1n c\u1ee7a c\u00e2y c\u1ed1i. T\u1eeb t\u1ea7m quan tr\u1ecdng c\u1ee7a s\u1ef1 ki\u00ean tr\u00ec v\u00e0 s\u1ee9c m\u1ea1nh c\u1ee7a t\u1eadp th\u1ec3, \u0111\u1ebfn c\u00e1ch v\u01b0\u1ee3t qua s\u00f3ng gi\u00f3 v\u00e0 \u0111\u1ed1i m\u1eb7t v\u1edbi c\u00e1c lo toan v\u1ee5n v\u1eb7t th\u01b0\u1eddng ng\u00e0y &#8211; H\u00e3y qu\u00ean nh\u1eefng ng\u01b0\u1eddi n\u1ed5i ti\u1ebfng tr\u00ean m\u1ea1ng \u0111i! S\u1ef1 th\u00f4ng th\u00e1i v\u00e0 c\u1ea3m h\u1ee9ng cho ngu\u1ed3n h\u1ea1nh ph\u00fac b\u1ea5t t\u1eadn trong \u0111\u1eddi s\u1ed1ng v\u1eabn lu\u00f4n \u1edf ngay g\u1ea7n b\u1ea1n.<\/p>\n","protected":false},"featured_media":7179,"template":"","meta":{"_acf_changed":false},"product_brand":[],"product_cat":[15,46],"product_tag":[],"class_list":{"0":"post-7180","1":"product","2":"type-product","3":"status-publish","4":"has-post-thumbnail","6":"product_cat-sach-danh-cho-nguoi-lon","7":"product_cat-ky-nang-song","9":"first","10":"outofstock","11":"taxable","12":"shipping-taxable","13":"purchasable","14":"product-type-simple"},"supplier_id":null,"supplier_sku":"","barcode":null,"atum_controlled":true,"out_stock_date":"2021-04-20 21:15:34","out_stock_threshold":null,"inheritable":false,"inbound_stock":0,"stock_on_hold":0,"sold_today":0,"sales_last_days":0,"reserved_stock":0,"customer_returns":0,"warehouse_damage":0,"lost_in_post":0,"other_logs":0,"out_stock_days":1744,"lost_sales":0,"has_location":false,"update_date":"2026-01-28T23:10:40","atum_locations":[],"atum_stock_status":"outofstock","restock_status":false,"low_stock_amount":"","sales_update_date":"2026-01-28T23:10:40","calc_backorders":null,"acf":{"publisher":{"ID":1454,"post_author":"1","post_date":"2021-02-17 01:11:34","post_date_gmt":"2021-02-16 23:11:34","post_content":"<!-- wp:flatsome\/uxbuilder -->\n<h1 style=\"text-align: center;\"><strong>Kim \u0110\u1ed3ng<\/strong><\/h1>\n[row]\n\n[col span=\"3\" span__sm=\"12\"]\n\n[ux_image id=\"1534\" image_size=\"medium\"]\n\n\n[\/col]\n[col span=\"9\" span__sm=\"12\"]\n\n<p>Nh\u00e0 xu\u1ea5t b\u1ea3n Kim \u0110\u1ed3ng tr\u1ef1c thu\u1ed9c Trung \u01b0\u01a1ng \u0110o\u00e0n TNCS H\u1ed3 Ch\u00ed Minh l\u00e0 Nh\u00e0 xu\u1ea5t b\u1ea3n t\u1ed5ng h\u1ee3p c\u00f3 ch\u1ee9c n\u0103ng xu\u1ea5t b\u1ea3n s\u00e1ch v\u00e0 v\u0103n h\u00f3a ph\u1ea9m ph\u1ee5c v\u1ee5 thi\u1ebfu nhi v\u00e0 c\u00e1c b\u1eadc ph\u1ee5 huynh trong c\u1ea3 n\u01b0\u1edbc, qu\u1ea3ng b\u00e1 v\u00e0 gi\u1edbi thi\u1ec7u v\u0103n h\u00f3a Vi\u1ec7t Nam ra th\u1ebf gi\u1edbi.<br \/>Nh\u00e0 xu\u1ea5t b\u1ea3n c\u00f3 nhi\u1ec7m v\u1ee5 t\u1ed5 ch\u1ee9c b\u1ea3n th\u1ea3o, bi\u00ean so\u1ea1n, bi\u00ean d\u1ecbch, xu\u1ea5t b\u1ea3n v\u00e0 ph\u00e1t h\u00e0nh c\u00e1c xu\u1ea5t b\u1ea3n ph\u1ea9m c\u00f3 n\u1ed9i dung: gi\u00e1o d\u1ee5c truy\u1ec1n th\u1ed1ng d\u00e2n t\u1ed9c, gi\u00e1o d\u1ee5c v\u1ec1 tri th\u1ee9c, ki\u1ebfn th\u1ee9c\u2026 tr\u00ean c\u00e1c l\u0129nh v\u1ef1c v\u0103n h\u1ecdc, ngh\u1ec7 thu\u1eadt, khoa h\u1ecdc k\u1ef9 thu\u1eadt nh\u1eb1m cung c\u1ea5p cho c\u00e1c em thi\u1ebfu nhi c\u0169ng nh\u01b0 c\u00e1c b\u1eadc ph\u1ee5 huynh c\u00e1c ki\u1ebfn th\u1ee9c c\u1ea7n thi\u1ebft trong cu\u1ed9c s\u1ed1ng, nh\u1eefng tinh hoa c\u1ee7a tri th\u1ee9c nh\u00e2n lo\u1ea1i nh\u1eb1m g\u00f3p ph\u1ea7n gi\u00e1o d\u1ee5c v\u00e0 h\u00ecnh th\u00e0nh nh\u00e2n c\u00e1ch th\u1ebf h\u1ec7 tr\u1ebb.<br \/>\u0110\u1ed1i t\u01b0\u1ee3ng ph\u1ee5c v\u1ee5 c\u1ee7a Nh\u00e0 xu\u1ea5t b\u1ea3n l\u00e0 c\u00e1c em t\u1eeb tu\u1ed5i nh\u00e0 tr\u1ebb m\u1eabu gi\u00e1o (1 \u0111\u1ebfn 5 tu\u1ed5i), nhi \u0111\u1ed3ng (6 \u0111\u1ebfn 9 tu\u1ed5i), thi\u1ebfu ni\u00ean (10 \u0111\u1ebfn 15 tu\u1ed5i) \u0111\u1ebfn c\u00e1c em tu\u1ed5i m\u1edbi l\u1edbn (16 \u0111\u1ebfn 18 tu\u1ed5i) v\u00e0 c\u00e1c b\u1eadc ph\u1ee5 huynh.<\/p>\n\n[\/col]\n\n[\/row]\n\n<!-- \/wp:flatsome\/uxbuilder -->","post_title":"Kim \u0110\u1ed3ng","post_excerpt":"","post_status":"publish","comment_status":"closed","ping_status":"closed","post_password":"","post_name":"kim-dong","to_ping":"","pinged":"","post_modified":"2021-02-17 01:31:56","post_modified_gmt":"2021-02-16 23:31:56","post_content_filtered":"","post_parent":0,"guid":"https:\/\/sachviet.eu\/nha-phat-hanh\/kim-dong\/","menu_order":0,"post_type":"publisher","post_mime_type":"","comment_count":"0","filter":"raw"}},"_links":{"self":[{"href":"https:\/\/sachviet.eu\/en\/wp-json\/wp\/v2\/product\/7180","targetHints":{"allow":["GET"]}}],"collection":[{"href":"https:\/\/sachviet.eu\/en\/wp-json\/wp\/v2\/product"}],"about":[{"href":"https:\/\/sachviet.eu\/en\/wp-json\/wp\/v2\/types\/product"}],"wp:featuredmedia":[{"embeddable":true,"href":"https:\/\/sachviet.eu\/en\/wp-json\/wp\/v2\/media\/7179"}],"wp:attachment":[{"href":"https:\/\/sachviet.eu\/en\/wp-json\/wp\/v2\/media?parent=7180"}],"wp:term":[{"taxonomy":"product_brand","embeddable":true,"href":"https:\/\/sachviet.eu\/en\/wp-json\/wp\/v2\/product_brand?post=7180"},{"taxonomy":"product_cat","embeddable":true,"href":"https:\/\/sachviet.eu\/en\/wp-json\/wp\/v2\/product_cat?post=7180"},{"taxonomy":"product_tag","embeddable":true,"href":"https:\/\/sachviet.eu\/en\/wp-json\/wp\/v2\/product_tag?post=7180"}],"curies":[{"name":"wp","href":"https:\/\/api.w.org\/{rel}","templated":true}]}}