{"id":7178,"date":"2021-03-30T11:57:37","date_gmt":"2021-03-30T08:57:37","guid":{"rendered":"https:\/\/sachviet.eu\/shop\/cuoc-song-vo-cung-dang-ghet-may-ma-minh-van-cu-dang-yeu\/"},"modified":"2022-03-04T19:39:46","modified_gmt":"2022-03-04T17:39:46","slug":"cuoc-song-vo-cung-dang-ghet-may-ma-minh-van-cu-dang-yeu","status":"publish","type":"product","link":"https:\/\/sachviet.eu\/en\/shop\/cuoc-song-vo-cung-dang-ghet-may-ma-minh-van-cu-dang-yeu\/","title":{"rendered":"Cu\u1ed9c S\u1ed1ng V\u00f4 C\u00f9ng \u0110\u00e1ng Gh\u00e9t May M\u00e0 M\u00ecnh V\u1eabn C\u1ee9 \u0110\u00e1ng Y\u00eau"},"content":{"rendered":"<p>T\u1eadp ph\u00e1c th\u1ea3o b\u1eb1ng tr\u00e1i tim<\/p>\n<p>\u0110\u1ec3 t\u00ecnh s\u00e2u \u0111\u1eadm t\u1edbi b\u1ea1c \u0111\u1ea7u.<\/p>\n<p>\u201cCh\u00fang ta v\u1ed1n l\u00e0 nh\u1eefng ng\u01b0\u1eddi tr\u1ea7n m\u1eaft th\u1ecbt ch\u1ed1n h\u1ed3ng tr\u1ea7n, c\u00f3 nh\u1eefng n\u1ed7i \u0111au th\u1ea7m k\u00edn, c\u00f3 nh\u1eefng vi\u1ec7c kh\u00f3 x\u1eed m\u00e0 ng\u01b0\u1eddi kh\u00e1c kh\u00f4ng th\u1ec3 nh\u00ecn th\u1ea5y, v\u00e0 ch\u00ednh ch\u00fang ta c\u0169ng kh\u00f4ng mu\u1ed1n ng\u01b0\u1eddi kh\u00e1c th\u1ea5y, cho n\u00ean b\u00ean ngo\u00e0i m\u1edbi \u0111eo m\u1ed9t l\u1edbp ng\u1ee5y trang t\u01b0\u01a1i vui\u2026\u201d<\/p>\n<p>Cu\u1ed1n s\u00e1ch v\u1edbi nh\u1eefng h\u00ecnh v\u1ebd ng\u1ed9 ngh\u0129nh c\u1ee7a h\u1ecda s\u0129 L\u00e2m \u0110\u1ebf Ho\u00e1n chia s\u1ebb nh\u1eefng g\u00f3c nh\u00ecn h\u00e0i h\u01b0\u1edbc v\u00e0 kh\u00f4ng k\u00e9m ph\u1ea7n s\u00e2u s\u1eafc v\u1ec1 mu\u00f4n m\u1eb7t c\u1ee7a cu\u1ed9c s\u1ed1ng.<\/p>\n<p>\u0110\u00d4I \u0110I\u1ec0U V\u1ec0 T\u00c1C GI\u1ea2<\/p>\n<p>L\u00e2m \u0110\u1ebf Ho\u00e1n th\u01b0\u1eddng \u0111\u01b0\u1ee3c c\u00e1c \u0111\u1ed9c gi\u1ea3 g\u1ecdi l\u00e0 \u201cs\u01b0 ph\u1ee5 Ti\u1ec3u L\u00e2m\u201d, l\u00e0 gi\u1ea3ng vi\u00ean tr\u01b0\u1eddng \u0110\u1ea1i h\u1ecdc Trung S\u01a1n, nhi\u1ebfp \u1ea3nh gia k\u00ed s\u1ef1 \u0111\u1eddi th\u01b0\u1eddng, h\u1ecda s\u0129 ki\u00eam t\u00e1c gi\u1ea3 c\u1ee7a r\u1ea5t nhi\u1ec1u t\u1ef1a s\u00e1ch b\u00e1n ch\u1ea1y.<\/p>\n<p>\u00d4ng c\u00f2n l\u00e0 m\u1ed9t trong nh\u1eefng h\u1ecda s\u0129 t\u01b0 li\u1ec7u tranh qu\u1ed1c h\u1ecda \u0111\u1ec3 xin c\u00f4ng nh\u1eadn danh hi\u1ec7u Di s\u1ea3n V\u0103n h\u00f3a Th\u1ebf gi\u1edbi cho 24 Ti\u1ebft kh\u00ed c\u1ee7a Trung Qu\u1ed1c.<\/p>\n<p>M\u1ed9t \u1ea5n ph\u1ea9m c\u1ee7a WINGS BOOKS &#8211; Th\u01b0\u01a1ng hi\u1ec7u s\u00e1ch tr\u1ebb c\u1ee7a NXB Kim \u0110\u1ed3ng.<\/p>\n","protected":false},"excerpt":{"rendered":"<p>T\u1eadp ph\u00e1c th\u1ea3o b\u1eb1ng tr\u00e1i tim<\/p>\n<p>\u0110\u1ec3 t\u00ecnh s\u00e2u \u0111\u1eadm t\u1edbi b\u1ea1c \u0111\u1ea7u.<\/p>\n<p>\u201cCh\u00fang ta v\u1ed1n l\u00e0 nh\u1eefng ng\u01b0\u1eddi tr\u1ea7n m\u1eaft th\u1ecbt ch\u1ed1n h\u1ed3ng tr\u1ea7n, c\u00f3 nh\u1eefng n\u1ed7i \u0111au th\u1ea7m k\u00edn, c\u00f3 nh\u1eefng vi\u1ec7c kh\u00f3 x\u1eed m\u00e0 ng\u01b0\u1eddi kh\u00e1c kh\u00f4ng th\u1ec3 nh\u00ecn th\u1ea5y, v\u00e0 ch\u00ednh ch\u00fang ta c\u0169ng kh\u00f4ng mu\u1ed1n ng\u01b0\u1eddi kh\u00e1c th\u1ea5y, cho n\u00ean b\u00ean ngo\u00e0i m\u1edbi \u0111eo m\u1ed9t l\u1edbp ng\u1ee5y trang t\u01b0\u01a1i vui\u2026\u201d<\/p>\n<p>Cu\u1ed1n s\u00e1ch v\u1edbi nh\u1eefng h\u00ecnh v\u1ebd ng\u1ed9 ngh\u0129nh c\u1ee7a h\u1ecda s\u0129 L\u00e2m \u0110\u1ebf Ho\u00e1n chia s\u1ebb nh\u1eefng g\u00f3c nh\u00ecn h\u00e0i h\u01b0\u1edbc v\u00e0 kh\u00f4ng k\u00e9m ph\u1ea7n s\u00e2u s\u1eafc v\u1ec1 mu\u00f4n m\u1eb7t c\u1ee7a cu\u1ed9c s\u1ed1ng.<\/p>\n<p>\u0110\u00d4I \u0110I\u1ec0U V\u1ec0 T\u00c1C GI\u1ea2<\/p>\n<p>L\u00e2m \u0110\u1ebf Ho\u00e1n th\u01b0\u1eddng \u0111\u01b0\u1ee3c c\u00e1c \u0111\u1ed9c gi\u1ea3 g\u1ecdi l\u00e0 \u201cs\u01b0 ph\u1ee5 Ti\u1ec3u L\u00e2m\u201d, l\u00e0 gi\u1ea3ng vi\u00ean tr\u01b0\u1eddng \u0110\u1ea1i h\u1ecdc Trung S\u01a1n, nhi\u1ebfp \u1ea3nh gia k\u00ed s\u1ef1 \u0111\u1eddi th\u01b0\u1eddng, h\u1ecda s\u0129 ki\u00eam t\u00e1c gi\u1ea3 c\u1ee7a r\u1ea5t nhi\u1ec1u t\u1ef1a s\u00e1ch b\u00e1n ch\u1ea1y.<\/p>\n<p>\u00d4ng c\u00f2n l\u00e0 m\u1ed9t trong nh\u1eefng h\u1ecda s\u0129 t\u01b0 li\u1ec7u tranh qu\u1ed1c h\u1ecda \u0111\u1ec3 xin c\u00f4ng nh\u1eadn danh hi\u1ec7u Di s\u1ea3n V\u0103n h\u00f3a Th\u1ebf gi\u1edbi cho 24 Ti\u1ebft kh\u00ed c\u1ee7a Trung Qu\u1ed1c.<\/p>\n<p>M\u1ed9t \u1ea5n ph\u1ea9m c\u1ee7a WINGS BOOKS &#8211; Th\u01b0\u01a1ng hi\u1ec7u s\u00e1ch tr\u1ebb c\u1ee7a NXB Kim \u0110\u1ed3ng.<\/p>\n","protected":false},"featured_media":7171,"template":"","meta":{"_acf_changed":false},"product_brand":[],"product_cat":[75,15],"product_tag":[],"class_list":{"0":"post-7178","1":"product","2":"type-product","3":"status-publish","4":"has-post-thumbnail","6":"product_cat-giai-tri-truyen-cuoi","7":"product_cat-sach-danh-cho-nguoi-lon","9":"first","10":"outofstock","11":"taxable","12":"shipping-taxable","13":"purchasable","14":"product-type-simple"},"supplier_id":null,"supplier_sku":"","barcode":null,"atum_controlled":true,"out_stock_date":"2022-03-04 15:39:46","out_stock_threshold":null,"inheritable":false,"inbound_stock":0,"stock_on_hold":0,"sold_today":0,"sales_last_days":0,"reserved_stock":0,"customer_returns":0,"warehouse_damage":0,"lost_in_post":0,"other_logs":0,"out_stock_days":1426,"lost_sales":0,"has_location":false,"update_date":"2026-01-28T23:10:40","atum_locations":[],"atum_stock_status":"outofstock","restock_status":false,"low_stock_amount":"","sales_update_date":"2026-01-28T23:10:40","calc_backorders":null,"acf":{"publisher":{"ID":1454,"post_author":"1","post_date":"2021-02-17 01:11:34","post_date_gmt":"2021-02-16 23:11:34","post_content":"<!-- wp:flatsome\/uxbuilder -->\n<h1 style=\"text-align: center;\"><strong>Kim \u0110\u1ed3ng<\/strong><\/h1>\n[row]\n\n[col span=\"3\" span__sm=\"12\"]\n\n[ux_image id=\"1534\" image_size=\"medium\"]\n\n\n[\/col]\n[col span=\"9\" span__sm=\"12\"]\n\n<p>Nh\u00e0 xu\u1ea5t b\u1ea3n Kim \u0110\u1ed3ng tr\u1ef1c thu\u1ed9c Trung \u01b0\u01a1ng \u0110o\u00e0n TNCS H\u1ed3 Ch\u00ed Minh l\u00e0 Nh\u00e0 xu\u1ea5t b\u1ea3n t\u1ed5ng h\u1ee3p c\u00f3 ch\u1ee9c n\u0103ng xu\u1ea5t b\u1ea3n s\u00e1ch v\u00e0 v\u0103n h\u00f3a ph\u1ea9m ph\u1ee5c v\u1ee5 thi\u1ebfu nhi v\u00e0 c\u00e1c b\u1eadc ph\u1ee5 huynh trong c\u1ea3 n\u01b0\u1edbc, qu\u1ea3ng b\u00e1 v\u00e0 gi\u1edbi thi\u1ec7u v\u0103n h\u00f3a Vi\u1ec7t Nam ra th\u1ebf gi\u1edbi.<br \/>Nh\u00e0 xu\u1ea5t b\u1ea3n c\u00f3 nhi\u1ec7m v\u1ee5 t\u1ed5 ch\u1ee9c b\u1ea3n th\u1ea3o, bi\u00ean so\u1ea1n, bi\u00ean d\u1ecbch, xu\u1ea5t b\u1ea3n v\u00e0 ph\u00e1t h\u00e0nh c\u00e1c xu\u1ea5t b\u1ea3n ph\u1ea9m c\u00f3 n\u1ed9i dung: gi\u00e1o d\u1ee5c truy\u1ec1n th\u1ed1ng d\u00e2n t\u1ed9c, gi\u00e1o d\u1ee5c v\u1ec1 tri th\u1ee9c, ki\u1ebfn th\u1ee9c\u2026 tr\u00ean c\u00e1c l\u0129nh v\u1ef1c v\u0103n h\u1ecdc, ngh\u1ec7 thu\u1eadt, khoa h\u1ecdc k\u1ef9 thu\u1eadt nh\u1eb1m cung c\u1ea5p cho c\u00e1c em thi\u1ebfu nhi c\u0169ng nh\u01b0 c\u00e1c b\u1eadc ph\u1ee5 huynh c\u00e1c ki\u1ebfn th\u1ee9c c\u1ea7n thi\u1ebft trong cu\u1ed9c s\u1ed1ng, nh\u1eefng tinh hoa c\u1ee7a tri th\u1ee9c nh\u00e2n lo\u1ea1i nh\u1eb1m g\u00f3p ph\u1ea7n gi\u00e1o d\u1ee5c v\u00e0 h\u00ecnh th\u00e0nh nh\u00e2n c\u00e1ch th\u1ebf h\u1ec7 tr\u1ebb.<br \/>\u0110\u1ed1i t\u01b0\u1ee3ng ph\u1ee5c v\u1ee5 c\u1ee7a Nh\u00e0 xu\u1ea5t b\u1ea3n l\u00e0 c\u00e1c em t\u1eeb tu\u1ed5i nh\u00e0 tr\u1ebb m\u1eabu gi\u00e1o (1 \u0111\u1ebfn 5 tu\u1ed5i), nhi \u0111\u1ed3ng (6 \u0111\u1ebfn 9 tu\u1ed5i), thi\u1ebfu ni\u00ean (10 \u0111\u1ebfn 15 tu\u1ed5i) \u0111\u1ebfn c\u00e1c em tu\u1ed5i m\u1edbi l\u1edbn (16 \u0111\u1ebfn 18 tu\u1ed5i) v\u00e0 c\u00e1c b\u1eadc ph\u1ee5 huynh.<\/p>\n\n[\/col]\n\n[\/row]\n\n<!-- \/wp:flatsome\/uxbuilder -->","post_title":"Kim \u0110\u1ed3ng","post_excerpt":"","post_status":"publish","comment_status":"closed","ping_status":"closed","post_password":"","post_name":"kim-dong","to_ping":"","pinged":"","post_modified":"2021-02-17 01:31:56","post_modified_gmt":"2021-02-16 23:31:56","post_content_filtered":"","post_parent":0,"guid":"https:\/\/sachviet.eu\/nha-phat-hanh\/kim-dong\/","menu_order":0,"post_type":"publisher","post_mime_type":"","comment_count":"0","filter":"raw"}},"_links":{"self":[{"href":"https:\/\/sachviet.eu\/en\/wp-json\/wp\/v2\/product\/7178","targetHints":{"allow":["GET"]}}],"collection":[{"href":"https:\/\/sachviet.eu\/en\/wp-json\/wp\/v2\/product"}],"about":[{"href":"https:\/\/sachviet.eu\/en\/wp-json\/wp\/v2\/types\/product"}],"wp:featuredmedia":[{"embeddable":true,"href":"https:\/\/sachviet.eu\/en\/wp-json\/wp\/v2\/media\/7171"}],"wp:attachment":[{"href":"https:\/\/sachviet.eu\/en\/wp-json\/wp\/v2\/media?parent=7178"}],"wp:term":[{"taxonomy":"product_brand","embeddable":true,"href":"https:\/\/sachviet.eu\/en\/wp-json\/wp\/v2\/product_brand?post=7178"},{"taxonomy":"product_cat","embeddable":true,"href":"https:\/\/sachviet.eu\/en\/wp-json\/wp\/v2\/product_cat?post=7178"},{"taxonomy":"product_tag","embeddable":true,"href":"https:\/\/sachviet.eu\/en\/wp-json\/wp\/v2\/product_tag?post=7178"}],"curies":[{"name":"wp","href":"https:\/\/api.w.org\/{rel}","templated":true}]}}