{"id":7168,"date":"2021-03-30T11:57:15","date_gmt":"2021-03-30T08:57:15","guid":{"rendered":"https:\/\/sachviet.eu\/shop\/dap-an-cua-thoi-gian\/"},"modified":"2023-11-25T17:36:11","modified_gmt":"2023-11-25T15:36:11","slug":"dap-an-cua-thoi-gian","status":"publish","type":"product","link":"https:\/\/sachviet.eu\/en\/shop\/dap-an-cua-thoi-gian\/","title":{"rendered":"\u0110\u00e1p \u00c1n C\u1ee7a Th\u1eddi Gian"},"content":{"rendered":"<p>Cu\u1ed1n ti\u1ec3u thuy\u1ebft \u0111\u1ea7u tay c\u1ee7a L\u01b0 T\u01b0 H\u1ea1o \u2013 T\u00e1c gi\u1ea3 c\u1ee7a h\u00e0ng lo\u1ea1t nh\u1eefng t\u1ef1a s\u00e1ch tri\u1ec7u b\u1ea3n!<\/p>\n<p>C\u00e2u chuy\u1ec7n b\u1eaft \u0111\u1ea7u t\u1eeb th\u1eddi th\u01a1 \u1ea5u ch\u1eb3ng m\u1ea5y vui v\u1ebb c\u1ee7a ch\u00e0ng trai t\u00ean Tr\u1ea7n D\u1ecbch D\u01b0\u01a1ng, t\u1eeb khi sinh ra c\u1eadu \u0111\u00e3 kh\u00f4ng \u0111\u01b0\u1ee3c kh\u1ecfe m\u1ea1nh, ph\u1ea3i l\u1edbn l\u00ean trong s\u1ef1 th\u1edd \u01a1 c\u1ee7a cha m\u1eb9, s\u1ef1 c\u00f4 l\u1eadp c\u1ee7a b\u1ea1n b\u00e8, ch\u1ec9 bi\u1ebft b\u00e1m v\u00edu v\u00e0o t\u00ecnh y\u00eau th\u01b0\u01a1ng c\u1ee7a b\u00e0 n\u1ed9i. Trong nh\u1eefng n\u0103m th\u00e1ng ni\u00ean thi\u1ebfu \u0111\u00e1ng ra ph\u1ea3i r\u1ef1c r\u1ee1 t\u01b0\u01a1i \u0111\u1eb9p \u1ea5y, Tr\u1ea7n D\u1ecbch D\u01b0\u01a1ng m\u1eb7c k\u1eb9t trong m\u1ed9t chi\u1ebfc l\u1ed3ng ki\u00ean c\u1ed1 \u0111\u01b0\u1ee3c t\u1ea1o ra b\u1edfi th\u00e0nh ki\u1ebfn v\u00e0 hi\u1ec3u l\u1ea7m, kh\u00f4ng m\u1ed9t l\u1ed1i tho\u00e1t.<\/p>\n<p>B\u01b0\u1edbc v\u00e0o c\u00e1nh c\u1eeda \u0111\u1ea1i h\u1ecdc \u2013 m\u1ed9t x\u00e3 h\u1ed9i thu nh\u1ecf, c\u1eadu c\u1ed1 g\u1eafng c\u01b0\u1eddi c\u01b0\u1eddi n\u00f3i n\u00f3i, c\u1ed1 g\u1eafng gia nh\u1eadp v\u00e0o nh\u1eefng b\u1eefa ti\u1ec7c kh\u00f4ng h\u1ed3i k\u1ebft, c\u1ed1 g\u1eafng \u0111i t\u00ecm n\u01a1i m\u00e0 b\u1ea3n th\u00e2n th\u1ef1c s\u1ef1 thu\u1ed9c v\u1ec1, nh\u01b0ng cu\u1ed1i c\u00f9ng v\u1eabn c\u1ee9 loay hoay l\u1ea1c b\u01b0\u1edbc trong nh\u1eefng th\u00e1ng ng\u00e0y \u0111\u1eb1ng \u0111\u1eb5ng.<\/p>\n<p>Th\u1ebf nh\u01b0ng tr\u00ean con \u0111\u01b0\u1eddng t\u01b0\u1edfng nh\u01b0 k\u00e9o d\u00e0i v\u00f4 t\u1eadn \u0111\u00f3, c\u1eadu ch\u01b0a t\u1eebng m\u1ed9t l\u1ea7n d\u1eebng l\u1ea1i. V\u00e0 r\u1ed3i th\u1eddi gian c\u0169ng cho c\u1eadu m\u1ed9t \u0111\u00e1p \u00e1n.<\/p>\n<p>\u0110\u00f3 ch\u00ednh l\u00e0 \u0110\u1ed5ng Ti\u1ec3u M\u00e3n \u2013 c\u00f4 g\u00e1i duy nh\u1ea5t v\u1eabn lu\u00f4n ng\u1ed3i tr\u00ean chuy\u1ebfn xe cu\u1ed9c \u0111\u1eddi c\u1ee7a Tr\u1ea7n D\u1ecbch D\u01b0\u01a1ng, tr\u1ea3i qua nhi\u1ec1u tr\u1ea1m d\u1eebng song ch\u01b0a t\u1eebng m\u1ed9t l\u1ea7n b\u01b0\u1edbc xu\u1ed1ng, m\u1ed9t m\u1ef1c ch\u1edd \u0111\u1ee3i c\u1eadu nh\u00ecn v\u1ec1 ph\u00eda m\u00ecnh. Th\u1eddi gian \u0111\u00e3 l\u1ea5y m\u1ea5t th\u1eddi ni\u00ean thi\u1ebfu r\u1ef1c r\u1ee1 c\u1ee7a Tr\u1ea7n D\u1ecbch D\u01b0\u01a1ng, \u0111\u1ec3 r\u1ed3i tr\u1ea3 l\u1ea1i cho c\u1eadu \u2018m\u1ed9t ng\u01b0\u1eddi c\u00f3 c\u00f9ng nh\u1ecbp b\u01b0\u1edbc\u2019 m\u00e0 c\u1eadu v\u1eabn lu\u00f4n ki\u1ebfm t\u00ecm.<\/p>\n<p>Ch\u00fang ta ai c\u0169ng t\u1eebng ph\u1ea3i h\u1ee9ng ch\u1ecbu nh\u1eefng tr\u1eadn m\u01b0a y\u00ean \u1eafng tr\u00ean bi\u1ec3n r\u1ed9ng, ph\u1ea3i l\u1edbn l\u00ean theo c\u00e1ch kh\u1eafc nghi\u1ec7t v\u00e0 \u0111au l\u00f2ng. Nh\u01b0ng sau c\u00f9ng, m\u1ecdi \u0111i\u1ec1u x\u1ea3y ra trong qu\u00e1 kh\u1ee9 s\u1ebd t\u1ea1o th\u00e0nh ch\u00fang ta c\u1ee7a hi\u1ec7n t\u1ea1i. Ch\u1eb3ng m\u1ed9t ai c\u00f3 quy\u1ec1n n\u0103ng quay ng\u01b0\u1ee3c th\u1eddi gian, vi\u1ec7c m\u00e0 ch\u00fang ta l\u00e0m ch\u1ec9 c\u00f3 th\u1ec3 l\u00e0 c\u1ed1 g\u1eafng s\u1ed1ng t\u1ed1t v\u00e0 ch\u1edd \u0111\u1ee3i \u0111\u00e1p \u00e1n c\u1ee7a n\u00f3. B\u1edfi th\u1eddi gian tuy ch\u01b0a t\u1eebng m\u1ed9t l\u1ea7n l\u00ean ti\u1ebfng, nh\u01b0ng s\u1ebd l\u00e0 \u0111\u00e1p \u00e1n cho t\u1ea5t c\u1ea3.<\/p>\n<p>V\u1edbi c\u00e1ch k\u1ec3 chuy\u1ec7n ch\u1eadm r\u00e3i m\u00e0 d\u1ecbu d\u00e0ng b\u1eb1ng nh\u1eefng con ch\u1eef nh\u01b0 ch\u1ea1m \u0111\u1ebfn ng\u00f3c ng\u00e1ch tr\u00e1i tim \u0111\u1ed9c gi\u1ea3, L\u01b0 T\u01b0 H\u1ea1o \u0111\u00e3 vi\u1ebft n\u00ean m\u1ed9t cu\u1ed1n ti\u1ec3u thuy\u1ebft \u0111\u1ea7y rung c\u1ea3m v\u1ec1 tu\u1ed5i tr\u1ebb &#8211; \u201c\u0110\u00e1p \u00e1n c\u1ee7a th\u1eddi gian\u201d.<\/p>\n<p>\u0110\u00e2y kh\u00f4ng ph\u1ea3i m\u1ed9t cu\u1ed1n s\u00e1ch b\u1ea1n c\u00f3 th\u1ec3 \u0111\u1ecdc trong m\u1ed9t bu\u1ed5i t\u1ed1i, c\u0169ng kh\u00f4ng ph\u1ea3i lo\u1ea1i ti\u1ec3u thuy\u1ebft b\u1ea1n c\u00f3 th\u1ec3 \u0111\u1ecdc l\u01b0\u1edbt cho xong. H\u00e3y nh\u00e2m nhi cu\u1ed1n s\u00e1ch n\u00e0y t\u1ef1a m\u1ed9t t\u00e1ch tr\u00e0 chi\u1ec1u, b\u1edfi sau ch\u00fat \u0111\u1eafng ch\u00e1t ch\u00ednh l\u00e0 v\u1ecb ng\u1ecdt n\u01a1i \u0111\u1ea7u l\u01b0\u1ee1i. Gi\u1ed1ng nh\u01b0 sau khi ki\u00ean nh\u1eabn ch\u1edd \u0111\u1ee3i, th\u1eddi gian s\u1ebd t\u00ecm m\u1ecdi c\u00e1ch mang \u0111\u1ebfn cho b\u1ea1n m\u1ed9t \u0111\u00e1p \u00e1n m\u00e0 th\u00f4i.<\/p>\n","protected":false},"excerpt":{"rendered":"<p>Cu\u1ed1n ti\u1ec3u thuy\u1ebft \u0111\u1ea7u tay c\u1ee7a L\u01b0 T\u01b0 H\u1ea1o \u2013 T\u00e1c gi\u1ea3 c\u1ee7a h\u00e0ng lo\u1ea1t nh\u1eefng t\u1ef1a s\u00e1ch tri\u1ec7u b\u1ea3n!<\/p>\n<p>C\u00e2u chuy\u1ec7n b\u1eaft \u0111\u1ea7u t\u1eeb th\u1eddi th\u01a1 \u1ea5u ch\u1eb3ng m\u1ea5y vui v\u1ebb c\u1ee7a ch\u00e0ng trai t\u00ean Tr\u1ea7n D\u1ecbch D\u01b0\u01a1ng, t\u1eeb khi sinh ra c\u1eadu \u0111\u00e3 kh\u00f4ng \u0111\u01b0\u1ee3c kh\u1ecfe m\u1ea1nh, ph\u1ea3i l\u1edbn l\u00ean trong s\u1ef1 th\u1edd \u01a1 c\u1ee7a cha m\u1eb9, s\u1ef1 c\u00f4 l\u1eadp c\u1ee7a b\u1ea1n b\u00e8, ch\u1ec9 bi\u1ebft b\u00e1m v\u00edu v\u00e0o t\u00ecnh y\u00eau th\u01b0\u01a1ng c\u1ee7a b\u00e0 n\u1ed9i. Trong nh\u1eefng n\u0103m th\u00e1ng ni\u00ean thi\u1ebfu \u0111\u00e1ng ra ph\u1ea3i r\u1ef1c r\u1ee1 t\u01b0\u01a1i \u0111\u1eb9p \u1ea5y, Tr\u1ea7n D\u1ecbch D\u01b0\u01a1ng m\u1eb7c k\u1eb9t trong m\u1ed9t chi\u1ebfc l\u1ed3ng ki\u00ean c\u1ed1 \u0111\u01b0\u1ee3c t\u1ea1o ra b\u1edfi th\u00e0nh ki\u1ebfn v\u00e0 hi\u1ec3u l\u1ea7m, kh\u00f4ng m\u1ed9t l\u1ed1i tho\u00e1t.<\/p>\n<p>B\u01b0\u1edbc v\u00e0o c\u00e1nh c\u1eeda \u0111\u1ea1i h\u1ecdc \u2013 m\u1ed9t x\u00e3 h\u1ed9i thu nh\u1ecf, c\u1eadu c\u1ed1 g\u1eafng c\u01b0\u1eddi c\u01b0\u1eddi n\u00f3i n\u00f3i, c\u1ed1 g\u1eafng gia nh\u1eadp v\u00e0o nh\u1eefng b\u1eefa ti\u1ec7c kh\u00f4ng h\u1ed3i k\u1ebft, c\u1ed1 g\u1eafng \u0111i t\u00ecm n\u01a1i m\u00e0 b\u1ea3n th\u00e2n th\u1ef1c s\u1ef1 thu\u1ed9c v\u1ec1, nh\u01b0ng cu\u1ed1i c\u00f9ng v\u1eabn c\u1ee9 loay hoay l\u1ea1c b\u01b0\u1edbc trong nh\u1eefng th\u00e1ng ng\u00e0y \u0111\u1eb1ng \u0111\u1eb5ng.<\/p>\n<p>Th\u1ebf nh\u01b0ng tr\u00ean con \u0111\u01b0\u1eddng t\u01b0\u1edfng nh\u01b0 k\u00e9o d\u00e0i v\u00f4 t\u1eadn \u0111\u00f3, c\u1eadu ch\u01b0a t\u1eebng m\u1ed9t l\u1ea7n d\u1eebng l\u1ea1i. V\u00e0 r\u1ed3i th\u1eddi gian c\u0169ng cho c\u1eadu m\u1ed9t \u0111\u00e1p \u00e1n.<\/p>\n<p>\u0110\u00f3 ch\u00ednh l\u00e0 \u0110\u1ed5ng Ti\u1ec3u M\u00e3n \u2013 c\u00f4 g\u00e1i duy nh\u1ea5t v\u1eabn lu\u00f4n ng\u1ed3i tr\u00ean chuy\u1ebfn xe cu\u1ed9c \u0111\u1eddi c\u1ee7a Tr\u1ea7n D\u1ecbch D\u01b0\u01a1ng, tr\u1ea3i qua nhi\u1ec1u tr\u1ea1m d\u1eebng song ch\u01b0a t\u1eebng m\u1ed9t l\u1ea7n b\u01b0\u1edbc xu\u1ed1ng, m\u1ed9t m\u1ef1c ch\u1edd \u0111\u1ee3i c\u1eadu nh\u00ecn v\u1ec1 ph\u00eda m\u00ecnh. Th\u1eddi gian \u0111\u00e3 l\u1ea5y m\u1ea5t th\u1eddi ni\u00ean thi\u1ebfu r\u1ef1c r\u1ee1 c\u1ee7a Tr\u1ea7n D\u1ecbch D\u01b0\u01a1ng, \u0111\u1ec3 r\u1ed3i tr\u1ea3 l\u1ea1i cho c\u1eadu \u2018m\u1ed9t ng\u01b0\u1eddi c\u00f3 c\u00f9ng nh\u1ecbp b\u01b0\u1edbc\u2019 m\u00e0 c\u1eadu v\u1eabn lu\u00f4n ki\u1ebfm t\u00ecm.<\/p>\n<p>Ch\u00fang ta ai c\u0169ng t\u1eebng ph\u1ea3i h\u1ee9ng ch\u1ecbu nh\u1eefng tr\u1eadn m\u01b0a y\u00ean \u1eafng tr\u00ean bi\u1ec3n r\u1ed9ng, ph\u1ea3i l\u1edbn l\u00ean theo c\u00e1ch kh\u1eafc nghi\u1ec7t v\u00e0 \u0111au l\u00f2ng. Nh\u01b0ng sau c\u00f9ng, m\u1ecdi \u0111i\u1ec1u x\u1ea3y ra trong qu\u00e1 kh\u1ee9 s\u1ebd t\u1ea1o th\u00e0nh ch\u00fang ta c\u1ee7a hi\u1ec7n t\u1ea1i. Ch\u1eb3ng m\u1ed9t ai c\u00f3 quy\u1ec1n n\u0103ng quay ng\u01b0\u1ee3c th\u1eddi gian, vi\u1ec7c m\u00e0 ch\u00fang ta l\u00e0m ch\u1ec9 c\u00f3 th\u1ec3 l\u00e0 c\u1ed1 g\u1eafng s\u1ed1ng t\u1ed1t v\u00e0 ch\u1edd \u0111\u1ee3i \u0111\u00e1p \u00e1n c\u1ee7a n\u00f3. B\u1edfi th\u1eddi gian tuy ch\u01b0a t\u1eebng m\u1ed9t l\u1ea7n l\u00ean ti\u1ebfng, nh\u01b0ng s\u1ebd l\u00e0 \u0111\u00e1p \u00e1n cho t\u1ea5t c\u1ea3.<\/p>\n<p>V\u1edbi c\u00e1ch k\u1ec3 chuy\u1ec7n ch\u1eadm r\u00e3i m\u00e0 d\u1ecbu d\u00e0ng b\u1eb1ng nh\u1eefng con ch\u1eef nh\u01b0 ch\u1ea1m \u0111\u1ebfn ng\u00f3c ng\u00e1ch tr\u00e1i tim \u0111\u1ed9c gi\u1ea3, L\u01b0 T\u01b0 H\u1ea1o \u0111\u00e3 vi\u1ebft n\u00ean m\u1ed9t cu\u1ed1n ti\u1ec3u thuy\u1ebft \u0111\u1ea7y rung c\u1ea3m v\u1ec1 tu\u1ed5i tr\u1ebb &#8211; \u201c\u0110\u00e1p \u00e1n c\u1ee7a th\u1eddi gian\u201d.<\/p>\n<p>\u0110\u00e2y kh\u00f4ng ph\u1ea3i m\u1ed9t cu\u1ed1n s\u00e1ch b\u1ea1n c\u00f3 th\u1ec3 \u0111\u1ecdc trong m\u1ed9t bu\u1ed5i t\u1ed1i, c\u0169ng kh\u00f4ng ph\u1ea3i lo\u1ea1i ti\u1ec3u thuy\u1ebft b\u1ea1n c\u00f3 th\u1ec3 \u0111\u1ecdc l\u01b0\u1edbt cho xong. H\u00e3y nh\u00e2m nhi cu\u1ed1n s\u00e1ch n\u00e0y t\u1ef1a m\u1ed9t t\u00e1ch tr\u00e0 chi\u1ec1u, b\u1edfi sau ch\u00fat \u0111\u1eafng ch\u00e1t ch\u00ednh l\u00e0 v\u1ecb ng\u1ecdt n\u01a1i \u0111\u1ea7u l\u01b0\u1ee1i. Gi\u1ed1ng nh\u01b0 sau khi ki\u00ean nh\u1eabn ch\u1edd \u0111\u1ee3i, th\u1eddi gian s\u1ebd t\u00ecm m\u1ecdi c\u00e1ch mang \u0111\u1ebfn cho b\u1ea1n m\u1ed9t \u0111\u00e1p \u00e1n m\u00e0 th\u00f4i.<\/p>\n","protected":false},"featured_media":7167,"template":"","meta":{"_acf_changed":false},"product_brand":[],"product_cat":[15,47],"product_tag":[],"class_list":{"0":"post-7168","1":"product","2":"type-product","3":"status-publish","4":"has-post-thumbnail","6":"product_cat-sach-danh-cho-nguoi-lon","7":"product_cat-truyen-ngan-tan-van","9":"first","10":"outofstock","11":"taxable","12":"shipping-taxable","13":"purchasable","14":"product-type-simple"},"supplier_id":null,"supplier_sku":"","barcode":null,"atum_controlled":true,"out_stock_date":"2023-11-25 15:36:11","out_stock_threshold":null,"inheritable":false,"inbound_stock":0,"stock_on_hold":0,"sold_today":0,"sales_last_days":0,"reserved_stock":0,"customer_returns":0,"warehouse_damage":0,"lost_in_post":0,"other_logs":0,"out_stock_days":795,"lost_sales":0,"has_location":false,"update_date":"2026-01-28T23:10:40","atum_locations":[],"atum_stock_status":"outofstock","restock_status":false,"low_stock_amount":"","sales_update_date":"2026-01-28T23:10:40","calc_backorders":null,"acf":{"publisher":{"ID":1460,"post_author":"1","post_date":"2021-02-17 01:12:24","post_date_gmt":"2021-02-16 23:12:24","post_content":"<!-- wp:flatsome\/uxbuilder -->\n<h1 style=\"text-align: center;\"><strong>Skybooks<\/strong><\/h1>\n[row]\n\n[col span=\"7\" span__sm=\"12\"]\n\n<p>C\u00f4ng ty ph\u00e1t h\u00e0nh s\u00e1ch Skybooks. \"T\u00f4i tr\u1ebb, t\u00f4i \u0111am m\u00ea\" v\u1edbi s\u1ee9 m\u1ec7nh lan to\u1ea3 c\u1ea3m x\u00fac v\u00e0 k\u1ebft n\u1ed1i t\u00e2m h\u1ed3n<\/p>\n<p><strong>Skybooks l\u00e0 c\u00e2u chuy\u1ec7n k\u1ec3 v\u1ec1:<\/strong><br \/>M\u1ed9t th\u1ebf h\u1ec7 ng\u01b0\u1eddi vi\u1ebft tr\u1ebb, \u0111am m\u00ea v\u0103n ch\u01b0\u01a1ng v\u00e0 t\u00f4n tr\u1ecdng, g\u00ecn gi\u1eef, s\u00e1ng t\u1ea1o Ti\u1ebfng Vi\u1ec7t. M\u1ed9t th\u1ebf h\u1ec7 \u0111\u1ed9c gi\u1ea3 tr\u1ebb, \u0111am m\u00ea kh\u00e1m ph\u00e1 ng\u00f4n ng\u1eef v\u00e0 say m\u00ea \u0111\u1ebfn v\u1edbi th\u1ebf gi\u1edbi c\u1ee7a nh\u1eefng quy\u1ec3n s\u00e1ch. M\u1ed9t th\u1ebf h\u1ec7 ng\u01b0\u1eddi l\u00e0m s\u00e1ch tr\u1ebb, \u0111am m\u00ea mang nh\u1eefng gi\u00e1 tr\u1ecb tinh th\u1ea7n l\u1ea1i g\u1ea7n ng\u01b0\u1eddi \u0111\u1ecdc.<br \/>Trong b\u1ed9 nh\u1eadn d\u1ea1ng th\u01b0\u01a1ng hi\u1ec7u:<br \/>Skybooks v\u1edbi ch\u1eef Sky m\u00e0u xanh da tr\u1eddi c\u00f3 \u00fd ngh\u0129a l\u00e0 c\u00f4ng ty B\u1ea7u Tr\u1eddi - n\u01a1i t\u1ea5t c\u1ea3 \u01b0\u1edbc m\u01a1 \u0111\u01b0\u1ee3c t\u1ef1 do tung c\u00e1nh.<br \/>V\u1edbi logo h\u00ecnh hoa b\u1ed3 c\u00f4ng anh \u0111ang bay t\u01b0\u1ee3ng tr\u01b0ng cho s\u1ef1 lan to\u1ea3 c\u1ea3m x\u00fac v\u00e0 kh\u00e1t v\u1ecdng bay cao.<br \/>K\u1ebb v\u1ea1ch logo c\u00f3 n\u1ec1n m\u00e0u ghi x\u00e1m xu\u1ea5t hi\u1ec7n tr\u00ean b\u00eca m\u1ecdi \u1ea5n ph\u1ea9m th\u1ec3 hi\u1ec7n con \u0111\u01b0\u1eddng b\u01b0\u1edbc v\u00e0o th\u1ecb tr\u01b0\u1eddng s\u00e1ch v\u00e0 chinh ph\u1ee5c \u0111\u1ed9c gi\u1ea3 l\u00e0 m\u1ed9t h\u00e0nh tr\u00ecnh d\u00e0i, \u0111\u1ea7y gian kh\u00f3, c\u00f3 nhi\u1ec1u b\u00e3o t\u1ed1, nh\u01b0ng ch\u1ec9 c\u1ea7n n\u1ed7 l\u1ef1c c\u1ed1 g\u1eafng nh\u1ea5t \u0111\u1ecbnh s\u1ebd ngo\u1ea1n m\u1ee5c v\u01b0\u1ee3t qua. \u0110\u1ec3 kh\u1eb3ng \u0111\u1ecbnh v\u00e0 ch\u1ee9ng minh ch\u00ednh m\u00ecnh!<\/p>\n\n[\/col]\n[col span=\"5\" span__sm=\"12\"]\n\n[ux_image id=\"1825\" image_size=\"medium\"]\n\n\n[\/col]\n\n[\/row]\n\n<!-- \/wp:flatsome\/uxbuilder -->","post_title":"Skybooks","post_excerpt":"","post_status":"publish","comment_status":"closed","ping_status":"closed","post_password":"","post_name":"skybooks","to_ping":"","pinged":"","post_modified":"2021-02-17 01:57:31","post_modified_gmt":"2021-02-16 23:57:31","post_content_filtered":"","post_parent":0,"guid":"https:\/\/sachviet.eu\/nha-phat-hanh\/skybooks\/","menu_order":0,"post_type":"publisher","post_mime_type":"","comment_count":"0","filter":"raw"}},"_links":{"self":[{"href":"https:\/\/sachviet.eu\/en\/wp-json\/wp\/v2\/product\/7168","targetHints":{"allow":["GET"]}}],"collection":[{"href":"https:\/\/sachviet.eu\/en\/wp-json\/wp\/v2\/product"}],"about":[{"href":"https:\/\/sachviet.eu\/en\/wp-json\/wp\/v2\/types\/product"}],"wp:featuredmedia":[{"embeddable":true,"href":"https:\/\/sachviet.eu\/en\/wp-json\/wp\/v2\/media\/7167"}],"wp:attachment":[{"href":"https:\/\/sachviet.eu\/en\/wp-json\/wp\/v2\/media?parent=7168"}],"wp:term":[{"taxonomy":"product_brand","embeddable":true,"href":"https:\/\/sachviet.eu\/en\/wp-json\/wp\/v2\/product_brand?post=7168"},{"taxonomy":"product_cat","embeddable":true,"href":"https:\/\/sachviet.eu\/en\/wp-json\/wp\/v2\/product_cat?post=7168"},{"taxonomy":"product_tag","embeddable":true,"href":"https:\/\/sachviet.eu\/en\/wp-json\/wp\/v2\/product_tag?post=7168"}],"curies":[{"name":"wp","href":"https:\/\/api.w.org\/{rel}","templated":true}]}}