{"id":7150,"date":"2021-03-30T11:56:04","date_gmt":"2021-03-30T08:56:04","guid":{"rendered":"https:\/\/sachviet.eu\/shop\/ngoi-khoc-tren-cay-tai-ban-2017\/"},"modified":"2021-04-17T02:39:02","modified_gmt":"2021-04-16T23:39:02","slug":"ngoi-khoc-tren-cay-tai-ban-2017","status":"publish","type":"product","link":"https:\/\/sachviet.eu\/en\/shop\/ngoi-khoc-tren-cay-tai-ban-2017\/","title":{"rendered":"Ng\u1ed3i Kh\u00f3c Tr\u00ean C\u00e2y (T\u00e1i B\u1ea3n 2017)"},"content":{"rendered":"<p>M\u1edf \u0111\u1ea7u l\u00e0 k\u1ef3 ngh\u1ec9 h\u00e8 t\u1ea1i m\u1ed9t ng\u00f4i l\u00e0ng th\u01a1 m\u1ed9ng ven s\u00f4ng v\u1edbi nh\u00e2n v\u1eadt l\u00e0 nh\u1eefng \u0111\u1ee9a tr\u1ebb m\u1edbi l\u1edbn c\u00f3 v\u00f4 v\u00e0n tr\u00f2 ch\u01a1i \u0111\u01a1n s\u01a1 h\u1ea5p d\u1eabn ghi d\u1ea5u m\u00e3i trong l\u00f2ng.<\/p>\n<p>M\u1ed1i t\u00ecnh \u0111\u1ea7u trong veo c\u1ee7a c\u00f4 b\u00e9 R\u00f9a v\u00e0 ch\u00e0ng sinh vi\u00ean qu\u00ea h\u1ecdc \u1edf th\u00e0nh ph\u1ed1 c\u00f3 gi\u1ed1ng t\u00ecnh \u0111\u1ea7u c\u1ee7a b\u1ea1n th\u1eddi \u0111i h\u1ecdc? V\u00e0 c\u00e1i c\u00e1ch h\u1ecd th\u01b0\u01a1ng nhau gi\u1ea5u gi\u1ebfm, kh\u00f4ng d\u00e1m l\u00e0m nhau bu\u1ed3n, kh\u00e1t khao h\u1ea1nh ph\u00fac \u0111\u1ebfn ngh\u1eb9t th\u1edf c\u00f3 ph\u1ea3i l\u00e0 c\u00e2u chuy\u1ec7n ch\u00ednh?<\/p>\n<p>\u201cN\u1ed3ng n\u00e0n l\u00ean v\u1edbi<\/p>\n<p>C\u1ed1c r\u01b0\u1ee3u tr\u00ean tay<\/p>\n<p>Xanh xanh l\u00ean v\u1edbi<\/p>\n<p>Tr\u1eddi cao ng\u00e0n ng\u00e0y<\/p>\n<p>D\u00e0i nhanh l\u00ean v\u1edbi<\/p>\n<p>T\u00f3c x\u00f5a ngang m\u00e0y<\/p>\n<p>L\u1edbn nhanh l\u00ean v\u1edbi<\/p>\n<p>B\u00e9 b\u1ecfng chi\u1ec1u nay\u201d<\/p>\n<p>B\u1ea1n s\u1ebd \u0111\u01b0\u1ee3c t\u00e1c gi\u1ea3 d\u1eabn \u0111i li\u1ec1n m\u1ed9t m\u1ea1ch trong m\u1ed9t th\u1ee9 c\u1ea3m x\u00fac r\u01b0ng r\u01b0ng c\u1ee7a t\u00ecnh y\u00eau th\u01b0\u01a1ng. B\u1ea1n s\u1ebd th\u1ea5y may m\u1eafn v\u00ec \u0111ang \u0111u\u1ee3c s\u1ed1ng trong cu\u1ed9c s\u1ed1ng n\u00e0y, th\u1ea5y y\u00eau th\u1ebf nh\u1eefng t\u1ea5m t\u00ecnh ng\u01b0\u1eddi\u2026 t\u1ea5t c\u1ea3 \u0111\u1ec1u \u0111\u1eb9p h\u1ed3n h\u1eadu m\u1ed9t c\u00e1ch gi\u1ea3n d\u1ecb.<\/p>\n<p>V\u1edbi cu\u1ed1n s\u00e1ch n\u00e0y, m\u1ed9t l\u1ea7n n\u1eefa ng\u01b0\u1eddi \u0111\u1ecdc l\u1ea1i \u0111\u01b0\u1ee3c Nguy\u1ec5n Nh\u1eadt \u00c1nh t\u1eb7ng m\u00f3n qu\u00e0 qu\u00fd gi\u00e1: l\u00f2ng tin v\u00e0o \u0111i\u1ec1u t\u1ed1t c\u00f3 th\u1eadt tr\u00ean \u0111\u1eddi.<\/p>\n","protected":false},"excerpt":{"rendered":"<p>M\u1edf \u0111\u1ea7u l\u00e0 k\u1ef3 ngh\u1ec9 h\u00e8 t\u1ea1i m\u1ed9t ng\u00f4i l\u00e0ng th\u01a1 m\u1ed9ng ven s\u00f4ng v\u1edbi nh\u00e2n v\u1eadt l\u00e0 nh\u1eefng \u0111\u1ee9a tr\u1ebb m\u1edbi l\u1edbn c\u00f3 v\u00f4 v\u00e0n tr\u00f2 ch\u01a1i \u0111\u01a1n s\u01a1 h\u1ea5p d\u1eabn ghi d\u1ea5u m\u00e3i trong l\u00f2ng.<\/p>\n<p>M\u1ed1i t\u00ecnh \u0111\u1ea7u trong veo c\u1ee7a c\u00f4 b\u00e9 R\u00f9a v\u00e0 ch\u00e0ng sinh vi\u00ean qu\u00ea h\u1ecdc \u1edf th\u00e0nh ph\u1ed1 c\u00f3 gi\u1ed1ng t\u00ecnh \u0111\u1ea7u c\u1ee7a b\u1ea1n th\u1eddi \u0111i h\u1ecdc? V\u00e0 c\u00e1i c\u00e1ch h\u1ecd th\u01b0\u01a1ng nhau gi\u1ea5u gi\u1ebfm, kh\u00f4ng d\u00e1m l\u00e0m nhau bu\u1ed3n, kh\u00e1t khao h\u1ea1nh ph\u00fac \u0111\u1ebfn ngh\u1eb9t th\u1edf c\u00f3 ph\u1ea3i l\u00e0 c\u00e2u chuy\u1ec7n ch\u00ednh?<\/p>\n<p>\u201cN\u1ed3ng n\u00e0n l\u00ean v\u1edbi<\/p>\n<p>C\u1ed1c r\u01b0\u1ee3u tr\u00ean tay<\/p>\n<p>Xanh xanh l\u00ean v\u1edbi<\/p>\n<p>Tr\u1eddi cao ng\u00e0n ng\u00e0y<\/p>\n<p>D\u00e0i nhanh l\u00ean v\u1edbi<\/p>\n<p>T\u00f3c x\u00f5a ngang m\u00e0y<\/p>\n<p>L\u1edbn nhanh l\u00ean v\u1edbi<\/p>\n<p>B\u00e9 b\u1ecfng chi\u1ec1u nay\u201d<\/p>\n<p>B\u1ea1n s\u1ebd \u0111\u01b0\u1ee3c t\u00e1c gi\u1ea3 d\u1eabn \u0111i li\u1ec1n m\u1ed9t m\u1ea1ch trong m\u1ed9t th\u1ee9 c\u1ea3m x\u00fac r\u01b0ng r\u01b0ng c\u1ee7a t\u00ecnh y\u00eau th\u01b0\u01a1ng. B\u1ea1n s\u1ebd th\u1ea5y may m\u1eafn v\u00ec \u0111ang \u0111u\u1ee3c s\u1ed1ng trong cu\u1ed9c s\u1ed1ng n\u00e0y, th\u1ea5y y\u00eau th\u1ebf nh\u1eefng t\u1ea5m t\u00ecnh ng\u01b0\u1eddi\u2026 t\u1ea5t c\u1ea3 \u0111\u1ec1u \u0111\u1eb9p h\u1ed3n h\u1eadu m\u1ed9t c\u00e1ch gi\u1ea3n d\u1ecb.<\/p>\n<p>V\u1edbi cu\u1ed1n s\u00e1ch n\u00e0y, m\u1ed9t l\u1ea7n n\u1eefa ng\u01b0\u1eddi \u0111\u1ecdc l\u1ea1i \u0111\u01b0\u1ee3c Nguy\u1ec5n Nh\u1eadt \u00c1nh t\u1eb7ng m\u00f3n qu\u00e0 qu\u00fd gi\u00e1: l\u00f2ng tin v\u00e0o \u0111i\u1ec1u t\u1ed1t c\u00f3 th\u1eadt tr\u00ean \u0111\u1eddi.<\/p>\n","protected":false},"featured_media":7140,"template":"","meta":{"_acf_changed":false},"product_brand":[],"product_cat":[15,45],"product_tag":[],"class_list":{"0":"post-7150","1":"product","2":"type-product","3":"status-publish","4":"has-post-thumbnail","6":"product_cat-sach-danh-cho-nguoi-lon","7":"product_cat-tieu-thuyet","9":"first","10":"outofstock","11":"taxable","12":"shipping-taxable","13":"purchasable","14":"product-type-simple"},"supplier_id":null,"supplier_sku":"","barcode":null,"atum_controlled":true,"out_stock_date":"2021-04-05 16:16:10","out_stock_threshold":null,"inheritable":false,"inbound_stock":0,"stock_on_hold":0,"sold_today":0,"sales_last_days":0,"reserved_stock":0,"customer_returns":0,"warehouse_damage":0,"lost_in_post":0,"other_logs":0,"out_stock_days":1759,"lost_sales":0,"has_location":false,"update_date":"2026-01-28T23:10:40","atum_locations":[],"atum_stock_status":"outofstock","restock_status":false,"low_stock_amount":"","sales_update_date":"2026-01-28T23:10:40","calc_backorders":null,"acf":{"publisher":{"ID":1517,"post_author":"1","post_date":"2021-02-17 01:14:41","post_date_gmt":"2021-02-16 23:14:41","post_content":"","post_title":"NXB Tr\u1ebb","post_excerpt":"","post_status":"publish","comment_status":"closed","ping_status":"closed","post_password":"","post_name":"nxb-tre","to_ping":"","pinged":"","post_modified":"2021-02-17 01:14:41","post_modified_gmt":"2021-02-16 23:14:41","post_content_filtered":"","post_parent":0,"guid":"https:\/\/sachviet.eu\/nha-phat-hanh\/nxb-tre\/","menu_order":0,"post_type":"publisher","post_mime_type":"","comment_count":"0","filter":"raw"}},"_links":{"self":[{"href":"https:\/\/sachviet.eu\/en\/wp-json\/wp\/v2\/product\/7150","targetHints":{"allow":["GET"]}}],"collection":[{"href":"https:\/\/sachviet.eu\/en\/wp-json\/wp\/v2\/product"}],"about":[{"href":"https:\/\/sachviet.eu\/en\/wp-json\/wp\/v2\/types\/product"}],"wp:featuredmedia":[{"embeddable":true,"href":"https:\/\/sachviet.eu\/en\/wp-json\/wp\/v2\/media\/7140"}],"wp:attachment":[{"href":"https:\/\/sachviet.eu\/en\/wp-json\/wp\/v2\/media?parent=7150"}],"wp:term":[{"taxonomy":"product_brand","embeddable":true,"href":"https:\/\/sachviet.eu\/en\/wp-json\/wp\/v2\/product_brand?post=7150"},{"taxonomy":"product_cat","embeddable":true,"href":"https:\/\/sachviet.eu\/en\/wp-json\/wp\/v2\/product_cat?post=7150"},{"taxonomy":"product_tag","embeddable":true,"href":"https:\/\/sachviet.eu\/en\/wp-json\/wp\/v2\/product_tag?post=7150"}],"curies":[{"name":"wp","href":"https:\/\/api.w.org\/{rel}","templated":true}]}}