{"id":7137,"date":"2021-03-30T11:55:14","date_gmt":"2021-03-30T08:55:14","guid":{"rendered":"https:\/\/sachviet.eu\/shop\/cuoc-phieu-luu-ki-dieu-cua-nils-holgersson\/"},"modified":"2021-07-22T19:36:39","modified_gmt":"2021-07-22T16:36:39","slug":"cuoc-phieu-luu-ki-dieu-cua-nils-holgersson","status":"publish","type":"product","link":"https:\/\/sachviet.eu\/en\/shop\/cuoc-phieu-luu-ki-dieu-cua-nils-holgersson\/","title":{"rendered":"Cu\u1ed9c Phi\u00eau L\u01b0u K\u00ec Di\u1ec7u C\u1ee7a Nils Holgersson"},"content":{"rendered":"<p>\u201c\u0110\u01b0\u1ee3c xem l\u00e0 m\u1ed9t ki\u1ec7t t\u00e1c xu\u1ea5t b\u1ea3n k\u1ec3 t\u1eeb b\u1ea3n in \u0111\u1ea7u ti\u00ean n\u0103m 1907, n\u1eef v\u0103n s\u0129 \u0111\u1ea1t gi\u1ea3i Nobel, Selma Lagerl\u00f6f, \u0111\u00e3 k\u1ec3 m\u1ed9t c\u00e2u chuy\u1ec7n m\u00ea \u0111\u1eafm v\u1ec1 chuy\u1ebfn phi\u00eau l\u01b0u k\u00ec di\u1ec7u c\u1ee7a m\u1ed9t c\u1eadu b\u00e9 ng\u1ed7 ngh\u1ecbch m\u01b0\u1eddi b\u1ed1n tu\u1ed5i Nils Holgersson. B\u1eb1ng m\u1ed9t ph\u00e9p l\u1ea1 c\u1ee7a \u0111\u1ecba tinh, c\u1eadu bi\u1ebfn th\u00e0nh t\u00ed hon, l\u00ean \u0111\u01b0\u1eddng chu du kh\u1eafp c\u00e1c v\u00f9ng qu\u00ea Th\u1ee5y \u0110i\u1ec3n tr\u00ean l\u01b0ng c\u1ee7a m\u1ed9t con ng\u1ed7ng, b\u1eaft \u0111\u1ea7u b\u00e0i h\u1ecdc v\u1ec1 t\u00ecnh y\u00eau th\u01b0\u01a1ng, thi\u00ean nhi\u00ean, \u0111\u1ecba l\u00ed v\u00e0 v\u0103n h\u00f3a c\u1ee7a \u0111\u1ea5t n\u01b0\u1edbc m\u00ecnh.\u201d &#8211; Goodreads.com<\/p>\n<p>\u201cSelma Lagerl\u00f6f \u0111\u00e3 d\u00e0nh ra ba n\u0103m \u0111\u1ec3 h\u1ecdc v\u1ec1 \u0111\u1eddi s\u1ed1ng c\u1ee7a t\u1ef1 nhi\u00ean v\u00e0 c\u1ee7a c\u00e1c lo\u00e0i \u0111\u1ed9ng v\u1eadt, m\u00e0y m\u00f2 t\u00ecm hi\u1ec3u v\u1ec1 nh\u1eefng c\u00e2u chuy\u1ec7n d\u00e2n gian ch\u01b0a t\u1eebng \u0111\u01b0\u1ee3c c\u00f4ng b\u1ed1 r\u1ed9ng r\u00e3i v\u00e0 kh\u00e9o l\u00e9o d\u00f9ng nh\u1eefng ch\u1ea5t li\u1ec7u c\u1ed5 \u0111i\u1ec3n \u1ea5y \u0111\u1ec3 d\u1ec7t n\u00ean Cu\u1ed9c phi\u00eau l\u01b0u k\u00ec di\u1ec7u c\u1ee7a Nils Holgersson.\u201d &#8211; D\u1ecbch gi\u1ea3 Velma Swanston Howard<\/p>\n<p>\u201cCu\u1ed1n truy\u1ec7n \u201cCu\u1ed9c phi\u00eau l\u01b0u k\u00ec di\u1ec7u c\u1ee7a Nils Holgersson\u201d \u0111\u00e3 nhanh ch\u00f3ng \u0111\u01b0\u1ee3c \u0111\u00f4ng \u0111\u1ea3o c\u00e1c b\u1ea1n thi\u1ebfu nhi v\u00e0 c\u00e1c b\u1eadc cha m\u1eb9 \u1edf n\u01b0\u1edbc Th\u1ee5y \u0110i\u1ec3n c\u0169ng nh\u01b0 c\u1ea3 th\u1ebf gi\u1edbi y\u00eau th\u00edch. Cu\u1ed1n truy\u1ec7n \u0111\u00e3 \u0111\u01b0\u1ee3c d\u1ecbch ra r\u1ea5t nhi\u1ec1u th\u1ee9 ti\u1ebfng v\u00e0 \u0111\u01b0\u1ee3c in l\u1ea1i kh\u00f4ng bi\u1ebft bao nhi\u00eau l\u1ea7n. V\u1edbi gi\u1ecdng v\u0103n ch\u00e2n th\u1ef1c, gi\u00e0u t\u00ecnh c\u1ea3m, \u0111\u01b0\u1ee3m ch\u1ea5t th\u01a1 m\u1ed9ng, huy\u1ec1n \u1ea3o c\u1ee7a nh\u1eefng truy\u1ec7n c\u1ed5 trong d\u00e2n gian, \u201cCu\u1ed9c phi\u00eau l\u01b0u k\u00ec di\u1ec7u c\u1ee7a Nils Holgersson\u201d \u0111\u00e3 \u0111\u01b0a b\u1ea1n \u0111\u1ecdc t\u1eeb m\u1ea3nh s\u00e2n m\u1ed9t c\u00e1i tr\u1ea1i nh\u1ecf \u0111i \u0111\u1ebfn nh\u1eefng mi\u1ec1n r\u1eebng r\u1eadm, n\u00fai cao, bi\u1ec3n r\u1ed9ng, nh\u1eefng mi\u1ec1n b\u0103ng gi\u00e1 \u1edf ph\u00eda b\u1eafc. Thi\u00ean nhi\u00ean gi\u00e0u c\u00f3, \u0111\u1eb9p \u0111\u1ebd, con ng\u01b0\u1eddi c\u1ea7n c\u00f9 lao \u0111\u1ed9ng v\u00e0 gi\u00e0u l\u00f2ng y\u00eau th\u01b0\u01a1ng, c\u00e1c lo\u00e0i v\u1eadt c\u0169ng bi\u1ebft gi\u00fap \u0111\u1ee1 l\u1eabn nhau, t\u00f4n tr\u1ecdng ch\u00ednh ngh\u0129a. Ch\u00fa b\u00e9 Nils Holgersson tr\u01b0\u1edbc kia l\u01b0\u1eddi bi\u1ebfng, kh\u00f4ng v\u00e2ng l\u1eddi b\u1ed1 m\u1eb9, \u0111\u1ed9c \u00e1c v\u1edbi s\u00fac v\u1eadt, nh\u01b0ng sau khi \u0111\u01b0\u1ee3c g\u1ea7n g\u0169i nh\u1eefng con v\u1eadt t\u1ed1t b\u1ee5ng \u0111\u00e3 d\u1ea7n d\u1ea7n thay \u0111\u1ed5i t\u00ednh n\u1ebft. C\u00e0ng \u0111i xa v\u1edbi \u0111\u00e0n ng\u1ed7ng tr\u1eddi, ch\u00fa c\u00e0ng th\u1ea5y \u0111\u1ea5t n\u01b0\u1edbc bao la h\u00f9ng v\u0129, con ng\u01b0\u1eddi c\u0169ng nh\u01b0 m\u1ecdi v\u1eadt \u0111\u1ec1u ch\u0103m ch\u1ec9 v\u00e0 d\u0169ng c\u1ea3m lao \u0111\u1ed9ng, \u0111o\u00e0n k\u1ebft gi\u00fap \u0111\u1ee1 l\u1eabn nhau. Ch\u00fa \u0111\u00e3 h\u1ebft l\u00f2ng gi\u00fap \u0111\u1ee1 \u0111\u00e0n ng\u1ed7ng tr\u1eddi v\u00e0 nh\u1eefng con v\u1eadt g\u1eb7p tai n\u1ea1n. Ch\u00fa \u0111\u00e3 \u0111\u01b0\u1ee3c ng\u1ed7ng \u0111\u1ef1c, \u0111\u00e0n ng\u1ed7ng tr\u1eddi v\u00e0 c\u00e1c lo\u00e0i v\u1eadt h\u1ebft m\u1ef1c y\u00eau th\u01b0\u01a1ng.\u201d (D\u1ecbch gi\u1ea3 C\u1ea9m Nh\u01b0\u1ee3ng)<\/p>\n<p>SELMA LAGERL\u00d6F (1858 &#8211; 1940) l\u00e0 n\u1eef v\u0103n s\u0129 Th\u1ee5y \u0110i\u1ec3n &#8211; Gi\u1ea3i Nobel V\u0103n h\u1ecdc n\u0103m 1909, (nh\u00e0 v\u0103n n\u1eef \u0111\u1ea7u ti\u00ean nh\u1eadn \u0111\u01b0\u1ee3c gi\u1ea3i th\u01b0\u1edfng danh gi\u00e1 n\u00e0y).<\/p>\n<p>T\u00e1c ph\u1ea9m ch\u00ednh:<\/p>\n<p>C\u00e2u chuy\u1ec7n c\u1ee7a Gosta Berlings (1891)<\/p>\n<p>\u0110i\u1ec1u k\u00ec di\u1ec7u c\u1ee7a Antichrist (1897)<\/p>\n<p>Jerusalem (1901 &#8211; 1902)<\/p>\n<p>Cu\u1ed9c phi\u00eau l\u01b0u k\u00ec di\u1ec7u c\u1ee7a Nils Holgersson (1906 &#8211; 1907)<\/p>\n<p>K\u00ed \u1ee9c tu\u1ed5i th\u01a1 t\u00f4i: Nh\u1eefng n\u0103m sau n\u00e0y t\u1ea1i Marbacka (1930)<\/p>\n<p>Nh\u1eadt k\u00ed c\u1ee7a Selma Lagerl\u00f6f (1932)<\/p>\n","protected":false},"excerpt":{"rendered":"<p>\u201c\u0110\u01b0\u1ee3c xem l\u00e0 m\u1ed9t ki\u1ec7t t\u00e1c xu\u1ea5t b\u1ea3n k\u1ec3 t\u1eeb b\u1ea3n in \u0111\u1ea7u ti\u00ean n\u0103m 1907, n\u1eef v\u0103n s\u0129 \u0111\u1ea1t gi\u1ea3i Nobel, Selma Lagerl\u00f6f, \u0111\u00e3 k\u1ec3 m\u1ed9t c\u00e2u chuy\u1ec7n m\u00ea \u0111\u1eafm v\u1ec1 chuy\u1ebfn phi\u00eau l\u01b0u k\u00ec di\u1ec7u c\u1ee7a m\u1ed9t c\u1eadu b\u00e9 ng\u1ed7 ngh\u1ecbch m\u01b0\u1eddi b\u1ed1n tu\u1ed5i Nils Holgersson. B\u1eb1ng m\u1ed9t ph\u00e9p l\u1ea1 c\u1ee7a \u0111\u1ecba tinh, c\u1eadu bi\u1ebfn th\u00e0nh t\u00ed hon, l\u00ean \u0111\u01b0\u1eddng chu du kh\u1eafp c\u00e1c v\u00f9ng qu\u00ea Th\u1ee5y \u0110i\u1ec3n tr\u00ean l\u01b0ng c\u1ee7a m\u1ed9t con ng\u1ed7ng, b\u1eaft \u0111\u1ea7u b\u00e0i h\u1ecdc v\u1ec1 t\u00ecnh y\u00eau th\u01b0\u01a1ng, thi\u00ean nhi\u00ean, \u0111\u1ecba l\u00ed v\u00e0 v\u0103n h\u00f3a c\u1ee7a \u0111\u1ea5t n\u01b0\u1edbc m\u00ecnh.\u201d &#8211; Goodreads.com<\/p>\n<p>\u201cSelma Lagerl\u00f6f \u0111\u00e3 d\u00e0nh ra ba n\u0103m \u0111\u1ec3 h\u1ecdc v\u1ec1 \u0111\u1eddi s\u1ed1ng c\u1ee7a t\u1ef1 nhi\u00ean v\u00e0 c\u1ee7a c\u00e1c lo\u00e0i \u0111\u1ed9ng v\u1eadt, m\u00e0y m\u00f2 t\u00ecm hi\u1ec3u v\u1ec1 nh\u1eefng c\u00e2u chuy\u1ec7n d\u00e2n gian ch\u01b0a t\u1eebng \u0111\u01b0\u1ee3c c\u00f4ng b\u1ed1 r\u1ed9ng r\u00e3i v\u00e0 kh\u00e9o l\u00e9o d\u00f9ng nh\u1eefng ch\u1ea5t li\u1ec7u c\u1ed5 \u0111i\u1ec3n \u1ea5y \u0111\u1ec3 d\u1ec7t n\u00ean Cu\u1ed9c phi\u00eau l\u01b0u k\u00ec di\u1ec7u c\u1ee7a Nils Holgersson.\u201d &#8211; D\u1ecbch gi\u1ea3 Velma Swanston Howard<\/p>\n<p>\u201cCu\u1ed1n truy\u1ec7n \u201cCu\u1ed9c phi\u00eau l\u01b0u k\u00ec di\u1ec7u c\u1ee7a Nils Holgersson\u201d \u0111\u00e3 nhanh ch\u00f3ng \u0111\u01b0\u1ee3c \u0111\u00f4ng \u0111\u1ea3o c\u00e1c b\u1ea1n thi\u1ebfu nhi v\u00e0 c\u00e1c b\u1eadc cha m\u1eb9 \u1edf n\u01b0\u1edbc Th\u1ee5y \u0110i\u1ec3n c\u0169ng nh\u01b0 c\u1ea3 th\u1ebf gi\u1edbi y\u00eau th\u00edch. Cu\u1ed1n truy\u1ec7n \u0111\u00e3 \u0111\u01b0\u1ee3c d\u1ecbch ra r\u1ea5t nhi\u1ec1u th\u1ee9 ti\u1ebfng v\u00e0 \u0111\u01b0\u1ee3c in l\u1ea1i kh\u00f4ng bi\u1ebft bao nhi\u00eau l\u1ea7n. V\u1edbi gi\u1ecdng v\u0103n ch\u00e2n th\u1ef1c, gi\u00e0u t\u00ecnh c\u1ea3m, \u0111\u01b0\u1ee3m ch\u1ea5t th\u01a1 m\u1ed9ng, huy\u1ec1n \u1ea3o c\u1ee7a nh\u1eefng truy\u1ec7n c\u1ed5 trong d\u00e2n gian, \u201cCu\u1ed9c phi\u00eau l\u01b0u k\u00ec di\u1ec7u c\u1ee7a Nils Holgersson\u201d \u0111\u00e3 \u0111\u01b0a b\u1ea1n \u0111\u1ecdc t\u1eeb m\u1ea3nh s\u00e2n m\u1ed9t c\u00e1i tr\u1ea1i nh\u1ecf \u0111i \u0111\u1ebfn nh\u1eefng mi\u1ec1n r\u1eebng r\u1eadm, n\u00fai cao, bi\u1ec3n r\u1ed9ng, nh\u1eefng mi\u1ec1n b\u0103ng gi\u00e1 \u1edf ph\u00eda b\u1eafc. Thi\u00ean nhi\u00ean gi\u00e0u c\u00f3, \u0111\u1eb9p \u0111\u1ebd, con ng\u01b0\u1eddi c\u1ea7n c\u00f9 lao \u0111\u1ed9ng v\u00e0 gi\u00e0u l\u00f2ng y\u00eau th\u01b0\u01a1ng, c\u00e1c lo\u00e0i v\u1eadt c\u0169ng bi\u1ebft gi\u00fap \u0111\u1ee1 l\u1eabn nhau, t\u00f4n tr\u1ecdng ch\u00ednh ngh\u0129a. Ch\u00fa b\u00e9 Nils Holgersson tr\u01b0\u1edbc kia l\u01b0\u1eddi bi\u1ebfng, kh\u00f4ng v\u00e2ng l\u1eddi b\u1ed1 m\u1eb9, \u0111\u1ed9c \u00e1c v\u1edbi s\u00fac v\u1eadt, nh\u01b0ng sau khi \u0111\u01b0\u1ee3c g\u1ea7n g\u0169i nh\u1eefng con v\u1eadt t\u1ed1t b\u1ee5ng \u0111\u00e3 d\u1ea7n d\u1ea7n thay \u0111\u1ed5i t\u00ednh n\u1ebft. C\u00e0ng \u0111i xa v\u1edbi \u0111\u00e0n ng\u1ed7ng tr\u1eddi, ch\u00fa c\u00e0ng th\u1ea5y \u0111\u1ea5t n\u01b0\u1edbc bao la h\u00f9ng v\u0129, con ng\u01b0\u1eddi c\u0169ng nh\u01b0 m\u1ecdi v\u1eadt \u0111\u1ec1u ch\u0103m ch\u1ec9 v\u00e0 d\u0169ng c\u1ea3m lao \u0111\u1ed9ng, \u0111o\u00e0n k\u1ebft gi\u00fap \u0111\u1ee1 l\u1eabn nhau. Ch\u00fa \u0111\u00e3 h\u1ebft l\u00f2ng gi\u00fap \u0111\u1ee1 \u0111\u00e0n ng\u1ed7ng tr\u1eddi v\u00e0 nh\u1eefng con v\u1eadt g\u1eb7p tai n\u1ea1n. Ch\u00fa \u0111\u00e3 \u0111\u01b0\u1ee3c ng\u1ed7ng \u0111\u1ef1c, \u0111\u00e0n ng\u1ed7ng tr\u1eddi v\u00e0 c\u00e1c lo\u00e0i v\u1eadt h\u1ebft m\u1ef1c y\u00eau th\u01b0\u01a1ng.\u201d (D\u1ecbch gi\u1ea3 C\u1ea9m Nh\u01b0\u1ee3ng)<\/p>\n","protected":false},"featured_media":7136,"template":"","meta":{"_acf_changed":false},"product_brand":[],"product_cat":[17,15,26,45,77],"product_tag":[],"class_list":{"0":"post-7137","1":"product","2":"type-product","3":"status-publish","4":"has-post-thumbnail","6":"product_cat-sach-danh-cho-cac-be","7":"product_cat-sach-danh-cho-nguoi-lon","8":"product_cat-thieu-nien-11-tuoi-18-tuoi","9":"product_cat-tieu-thuyet","10":"product_cat-van-hoc-kinh-dien","12":"first","13":"outofstock","14":"taxable","15":"shipping-taxable","16":"purchasable","17":"product-type-simple"},"supplier_id":null,"supplier_sku":"","barcode":null,"atum_controlled":true,"out_stock_date":"2021-07-22 16:36:39","out_stock_threshold":null,"inheritable":false,"inbound_stock":0,"stock_on_hold":0,"sold_today":0,"sales_last_days":0,"reserved_stock":0,"customer_returns":0,"warehouse_damage":0,"lost_in_post":0,"other_logs":0,"out_stock_days":1651,"lost_sales":0,"has_location":false,"update_date":"2026-01-28T23:10:40","atum_locations":[],"atum_stock_status":"outofstock","restock_status":false,"low_stock_amount":"","sales_update_date":"2026-01-28T23:10:40","calc_backorders":null,"acf":{"publisher":{"ID":1454,"post_author":"1","post_date":"2021-02-17 01:11:34","post_date_gmt":"2021-02-16 23:11:34","post_content":"<!-- wp:flatsome\/uxbuilder -->\n<h1 style=\"text-align: center;\"><strong>Kim \u0110\u1ed3ng<\/strong><\/h1>\n[row]\n\n[col span=\"3\" span__sm=\"12\"]\n\n[ux_image id=\"1534\" image_size=\"medium\"]\n\n\n[\/col]\n[col span=\"9\" span__sm=\"12\"]\n\n<p>Nh\u00e0 xu\u1ea5t b\u1ea3n Kim \u0110\u1ed3ng tr\u1ef1c thu\u1ed9c Trung \u01b0\u01a1ng \u0110o\u00e0n TNCS H\u1ed3 Ch\u00ed Minh l\u00e0 Nh\u00e0 xu\u1ea5t b\u1ea3n t\u1ed5ng h\u1ee3p c\u00f3 ch\u1ee9c n\u0103ng xu\u1ea5t b\u1ea3n s\u00e1ch v\u00e0 v\u0103n h\u00f3a ph\u1ea9m ph\u1ee5c v\u1ee5 thi\u1ebfu nhi v\u00e0 c\u00e1c b\u1eadc ph\u1ee5 huynh trong c\u1ea3 n\u01b0\u1edbc, qu\u1ea3ng b\u00e1 v\u00e0 gi\u1edbi thi\u1ec7u v\u0103n h\u00f3a Vi\u1ec7t Nam ra th\u1ebf gi\u1edbi.<br \/>Nh\u00e0 xu\u1ea5t b\u1ea3n c\u00f3 nhi\u1ec7m v\u1ee5 t\u1ed5 ch\u1ee9c b\u1ea3n th\u1ea3o, bi\u00ean so\u1ea1n, bi\u00ean d\u1ecbch, xu\u1ea5t b\u1ea3n v\u00e0 ph\u00e1t h\u00e0nh c\u00e1c xu\u1ea5t b\u1ea3n ph\u1ea9m c\u00f3 n\u1ed9i dung: gi\u00e1o d\u1ee5c truy\u1ec1n th\u1ed1ng d\u00e2n t\u1ed9c, gi\u00e1o d\u1ee5c v\u1ec1 tri th\u1ee9c, ki\u1ebfn th\u1ee9c\u2026 tr\u00ean c\u00e1c l\u0129nh v\u1ef1c v\u0103n h\u1ecdc, ngh\u1ec7 thu\u1eadt, khoa h\u1ecdc k\u1ef9 thu\u1eadt nh\u1eb1m cung c\u1ea5p cho c\u00e1c em thi\u1ebfu nhi c\u0169ng nh\u01b0 c\u00e1c b\u1eadc ph\u1ee5 huynh c\u00e1c ki\u1ebfn th\u1ee9c c\u1ea7n thi\u1ebft trong cu\u1ed9c s\u1ed1ng, nh\u1eefng tinh hoa c\u1ee7a tri th\u1ee9c nh\u00e2n lo\u1ea1i nh\u1eb1m g\u00f3p ph\u1ea7n gi\u00e1o d\u1ee5c v\u00e0 h\u00ecnh th\u00e0nh nh\u00e2n c\u00e1ch th\u1ebf h\u1ec7 tr\u1ebb.<br \/>\u0110\u1ed1i t\u01b0\u1ee3ng ph\u1ee5c v\u1ee5 c\u1ee7a Nh\u00e0 xu\u1ea5t b\u1ea3n l\u00e0 c\u00e1c em t\u1eeb tu\u1ed5i nh\u00e0 tr\u1ebb m\u1eabu gi\u00e1o (1 \u0111\u1ebfn 5 tu\u1ed5i), nhi \u0111\u1ed3ng (6 \u0111\u1ebfn 9 tu\u1ed5i), thi\u1ebfu ni\u00ean (10 \u0111\u1ebfn 15 tu\u1ed5i) \u0111\u1ebfn c\u00e1c em tu\u1ed5i m\u1edbi l\u1edbn (16 \u0111\u1ebfn 18 tu\u1ed5i) v\u00e0 c\u00e1c b\u1eadc ph\u1ee5 huynh.<\/p>\n\n[\/col]\n\n[\/row]\n\n<!-- \/wp:flatsome\/uxbuilder -->","post_title":"Kim \u0110\u1ed3ng","post_excerpt":"","post_status":"publish","comment_status":"closed","ping_status":"closed","post_password":"","post_name":"kim-dong","to_ping":"","pinged":"","post_modified":"2021-02-17 01:31:56","post_modified_gmt":"2021-02-16 23:31:56","post_content_filtered":"","post_parent":0,"guid":"https:\/\/sachviet.eu\/nha-phat-hanh\/kim-dong\/","menu_order":0,"post_type":"publisher","post_mime_type":"","comment_count":"0","filter":"raw"}},"_links":{"self":[{"href":"https:\/\/sachviet.eu\/en\/wp-json\/wp\/v2\/product\/7137","targetHints":{"allow":["GET"]}}],"collection":[{"href":"https:\/\/sachviet.eu\/en\/wp-json\/wp\/v2\/product"}],"about":[{"href":"https:\/\/sachviet.eu\/en\/wp-json\/wp\/v2\/types\/product"}],"wp:featuredmedia":[{"embeddable":true,"href":"https:\/\/sachviet.eu\/en\/wp-json\/wp\/v2\/media\/7136"}],"wp:attachment":[{"href":"https:\/\/sachviet.eu\/en\/wp-json\/wp\/v2\/media?parent=7137"}],"wp:term":[{"taxonomy":"product_brand","embeddable":true,"href":"https:\/\/sachviet.eu\/en\/wp-json\/wp\/v2\/product_brand?post=7137"},{"taxonomy":"product_cat","embeddable":true,"href":"https:\/\/sachviet.eu\/en\/wp-json\/wp\/v2\/product_cat?post=7137"},{"taxonomy":"product_tag","embeddable":true,"href":"https:\/\/sachviet.eu\/en\/wp-json\/wp\/v2\/product_tag?post=7137"}],"curies":[{"name":"wp","href":"https:\/\/api.w.org\/{rel}","templated":true}]}}