{"id":7135,"date":"2021-03-30T11:55:10","date_gmt":"2021-03-30T08:55:10","guid":{"rendered":"https:\/\/sachviet.eu\/shop\/different-khac-biet-thoat-khoi-bay-dan-canh-tranh-tai-ban-2017\/"},"modified":"2021-05-17T19:51:07","modified_gmt":"2021-05-17T16:51:07","slug":"different-khac-biet-thoat-khoi-bay-dan-canh-tranh-tai-ban-2017","status":"publish","type":"product","link":"https:\/\/sachviet.eu\/en\/shop\/different-khac-biet-thoat-khoi-bay-dan-canh-tranh-tai-ban-2017\/","title":{"rendered":"Different &#8211; Kh\u00e1c Bi\u1ec7t &#8211; Tho\u00e1t Kh\u1ecfi B\u1ea7y \u0110\u00e0n C\u1ea1nh Tranh (T\u00e1i B\u1ea3n 2017)"},"content":{"rendered":"<p>Different &#8211; Kh\u00e1c Bi\u1ec7t &#8211; Tho\u00e1t Kh\u1ecfi B\u1ea7y \u0110\u00e0n C\u1ea1nh Tranh (T\u00e1i B\u1ea3n 2017)<\/p>\n<p>Youngme Moon l\u00e0 m\u1ed9t trong nh\u1eefng gi\u00e1o vi\u00ean marketing n\u1ed5i ti\u1ebfng nh\u1ea5t t\u1ea1i tr\u01b0\u1eddng kinh doanh Havard.<\/p>\n<p>Trong th\u1ebf gi\u1edbi \u0111\u1ea7y r\u1eaby nh\u1eefng l\u1ef1a ch\u1ecdn, th\u1eeba m\u1ee9a nh\u1eefng \u1ee9ng d\u1ee5ng, tr\u00e0n lan nh\u1eefng ch\u01b0\u01a1ng tr\u00ecnh n\u00e2ng c\u1ea5p t\u00ednh n\u0103ng d\u00e0nh cho kh\u00e1ch h\u00e0ng, th\u00ec c\u00e1c th\u01b0\u01a1ng hi\u1ec7u c\u00e0ng tr\u1edf n\u00ean na n\u00e1 nhau b\u1edfi nh\u1eefng n\u1ed7 l\u1ef1c c\u1ee7a h\u1ecd nh\u1eb1m v\u01b0\u1ee3t m\u1eb7t \u0111\u1ed1i th\u1ee7 c\u1ee7a m\u00ecnh \u0111\u00e3 \u0111\u1ea9y ch\u00ednh h\u1ecd v\u00e0o v\u00f2ng xo\u00e1y cao ng\u1ea5t nh\u1eefng ph\u01b0\u01a1ng c\u00e1ch &#8220;\u0111\u1ecbnh v\u1ecb b\u1ea3n th\u00e2n&#8221; kh\u00f4ng r\u00f5 r\u00e0ng. B\u1eb1ng c\u00e1ch s\u1eed d\u1ee5ng nghi\u00ean c\u1ee9u \u0111\u1ea7y s\u00e1ng t\u1ea1o c\u1ee7a m\u00ecnh v\u1ec1 c\u00e1c c\u00f4ng ty nh\u01b0 IKEA v\u00e0 Google, t\u00e1c gi\u1ea3 s\u1ebd gi\u00fap b\u1ea1n tr\u1edf n\u00ean nh\u1ea1y b\u00e9n h\u01a1n trong vi\u1ec7c x\u00e9t l\u1ea1i chi\u1ebfn l\u01b0\u1ee3c kinh doanh, t\u1eeb b\u1ecf l\u1ed1i m\u00f2n \u0111\u1ec3 \u0111i ngang, t\u1eeb b\u1ecf c\u1ea1nh tranh \u0111\u1ec3 \u0111\u1ed5i m\u1edbi.<\/p>\n","protected":false},"excerpt":{"rendered":"<p>Different &#8211; Kh\u00e1c Bi\u1ec7t &#8211; Tho\u00e1t Kh\u1ecfi B\u1ea7y \u0110\u00e0n C\u1ea1nh Tranh (T\u00e1i B\u1ea3n 2017)<\/p>\n<p>Youngme Moon l\u00e0 m\u1ed9t trong nh\u1eefng gi\u00e1o vi\u00ean marketing n\u1ed5i ti\u1ebfng nh\u1ea5t t\u1ea1i tr\u01b0\u1eddng kinh doanh Havard.<\/p>\n<p>Trong th\u1ebf gi\u1edbi \u0111\u1ea7y r\u1eaby nh\u1eefng l\u1ef1a ch\u1ecdn, th\u1eeba m\u1ee9a nh\u1eefng \u1ee9ng d\u1ee5ng, tr\u00e0n lan nh\u1eefng ch\u01b0\u01a1ng tr\u00ecnh n\u00e2ng c\u1ea5p t\u00ednh n\u0103ng d\u00e0nh cho kh\u00e1ch h\u00e0ng, th\u00ec c\u00e1c th\u01b0\u01a1ng hi\u1ec7u c\u00e0ng tr\u1edf n\u00ean na n\u00e1 nhau b\u1edfi nh\u1eefng n\u1ed7 l\u1ef1c c\u1ee7a h\u1ecd nh\u1eb1m v\u01b0\u1ee3t m\u1eb7t \u0111\u1ed1i th\u1ee7 c\u1ee7a m\u00ecnh \u0111\u00e3 \u0111\u1ea9y ch\u00ednh h\u1ecd v\u00e0o v\u00f2ng xo\u00e1y cao ng\u1ea5t nh\u1eefng ph\u01b0\u01a1ng c\u00e1ch &#8220;\u0111\u1ecbnh v\u1ecb b\u1ea3n th\u00e2n&#8221; kh\u00f4ng r\u00f5 r\u00e0ng. B\u1eb1ng c\u00e1ch s\u1eed d\u1ee5ng nghi\u00ean c\u1ee9u \u0111\u1ea7y s\u00e1ng t\u1ea1o c\u1ee7a m\u00ecnh v\u1ec1 c\u00e1c c\u00f4ng ty nh\u01b0 IKEA v\u00e0 Google, t\u00e1c gi\u1ea3 s\u1ebd gi\u00fap b\u1ea1n tr\u1edf n\u00ean nh\u1ea1y b\u00e9n h\u01a1n trong vi\u1ec7c x\u00e9t l\u1ea1i chi\u1ebfn l\u01b0\u1ee3c kinh doanh, t\u1eeb b\u1ecf l\u1ed1i m\u00f2n \u0111\u1ec3 \u0111i ngang, t\u1eeb b\u1ecf c\u1ea1nh tranh \u0111\u1ec3 \u0111\u1ed5i m\u1edbi.<\/p>\n","protected":false},"featured_media":7134,"template":"","meta":{"_acf_changed":false},"product_brand":[],"product_cat":[18],"product_tag":[],"class_list":{"0":"post-7135","1":"product","2":"type-product","3":"status-publish","4":"has-post-thumbnail","6":"product_cat-kinh-te","8":"first","9":"outofstock","10":"taxable","11":"shipping-taxable","12":"purchasable","13":"product-type-simple"},"supplier_id":null,"supplier_sku":"","barcode":null,"atum_controlled":true,"out_stock_date":"2021-03-30 08:55:10","out_stock_threshold":null,"inheritable":false,"inbound_stock":0,"stock_on_hold":0,"sold_today":0,"sales_last_days":0,"reserved_stock":0,"customer_returns":0,"warehouse_damage":0,"lost_in_post":0,"other_logs":0,"out_stock_days":1765,"lost_sales":0,"has_location":false,"update_date":"2026-01-28T23:10:40","atum_locations":[],"atum_stock_status":"outofstock","restock_status":false,"low_stock_amount":"","sales_update_date":"2026-01-28T23:10:40","calc_backorders":null,"acf":{"publisher":{"ID":2817,"post_author":"1","post_date":"2021-02-27 00:00:35","post_date_gmt":"2021-02-26 22:00:35","post_content":"","post_title":"Alpha Books","post_excerpt":"","post_status":"publish","comment_status":"closed","ping_status":"closed","post_password":"","post_name":"alpha-books","to_ping":"","pinged":"","post_modified":"2021-02-27 00:00:35","post_modified_gmt":"2021-02-26 22:00:35","post_content_filtered":"","post_parent":0,"guid":"https:\/\/sachviet.eu\/nha-phat-hanh\/alpha-books\/","menu_order":0,"post_type":"publisher","post_mime_type":"","comment_count":"0","filter":"raw"}},"_links":{"self":[{"href":"https:\/\/sachviet.eu\/en\/wp-json\/wp\/v2\/product\/7135","targetHints":{"allow":["GET"]}}],"collection":[{"href":"https:\/\/sachviet.eu\/en\/wp-json\/wp\/v2\/product"}],"about":[{"href":"https:\/\/sachviet.eu\/en\/wp-json\/wp\/v2\/types\/product"}],"wp:featuredmedia":[{"embeddable":true,"href":"https:\/\/sachviet.eu\/en\/wp-json\/wp\/v2\/media\/7134"}],"wp:attachment":[{"href":"https:\/\/sachviet.eu\/en\/wp-json\/wp\/v2\/media?parent=7135"}],"wp:term":[{"taxonomy":"product_brand","embeddable":true,"href":"https:\/\/sachviet.eu\/en\/wp-json\/wp\/v2\/product_brand?post=7135"},{"taxonomy":"product_cat","embeddable":true,"href":"https:\/\/sachviet.eu\/en\/wp-json\/wp\/v2\/product_cat?post=7135"},{"taxonomy":"product_tag","embeddable":true,"href":"https:\/\/sachviet.eu\/en\/wp-json\/wp\/v2\/product_tag?post=7135"}],"curies":[{"name":"wp","href":"https:\/\/api.w.org\/{rel}","templated":true}]}}