{"id":7127,"date":"2021-03-30T11:54:50","date_gmt":"2021-03-30T08:54:50","guid":{"rendered":"https:\/\/sachviet.eu\/shop\/tap-danh-van-tieng-viet-bi-quyet-giup-con-doc-tieng-viet-thong-thao-4-6-tuoi\/"},"modified":"2025-08-04T12:40:04","modified_gmt":"2025-08-04T09:40:04","slug":"tap-danh-van-tieng-viet-bi-quyet-giup-con-doc-tieng-viet-thong-thao-4-6-tuoi","status":"publish","type":"product","link":"https:\/\/sachviet.eu\/en\/shop\/tap-danh-van-tieng-viet-bi-quyet-giup-con-doc-tieng-viet-thong-thao-4-6-tuoi\/","title":{"rendered":"T\u1eadp \u0110\u00e1nh V\u1ea7n Ti\u1ebfng Vi\u1ec7t &#8211; B\u00ed Quy\u1ebft Gi\u00fap Con \u0110\u1ecdc Ti\u1ebfng Vi\u1ec7t Th\u00f4ng Th\u1ea1o 4-6 tu\u1ed5i"},"content":{"rendered":"<p>\u0110\u1ec3 chu\u1ea9n b\u1ecb cho b\u00e9 m\u1ed9t h\u00e0nh trang th\u1eadt t\u1ed1t \u0111\u1ec3 b\u01b0\u1edbc v\u00e0o l\u1edbp 1, ch\u1eafc h\u1eb3n c\u00e1c b\u1eadc ph\u1ee5 huynh \u0111ang t\u00ecm c\u00e1ch \u0111\u1ec3 gi\u00fap c\u00e1c b\u00e9 h\u1ecdc \u0111\u00e1nh v\u1ea7n, \u0111\u1ecdc ti\u1ebfng Vi\u1ec7t \u0111\u01b0\u1ee3c tr\u00f4i ch\u1ea3y. Gi\u1edd \u0111\u00e2y cu\u1ed1n s\u00e1ch T\u1eadp \u0111\u00e1nh v\u1ea7n ti\u1ebfng Vi\u1ec7t s\u1ebd gi\u00fap c\u00e1c \u00f4ng b\u1ed1, b\u00e0 m\u1eb9 kh\u00f4ng ph\u1ea3i lo l\u1eafng n\u1eefa r\u1ed3i, \u0111\u00e2y l\u00e0 b\u00ed quy\u1ebft gi\u00fap con \u0111\u1ecdc Ti\u1ebfng Vi\u1ec7t th\u00f4ng th\u1ea1o.<\/p>\n<p>Cu\u1ed1n s\u00e1ch ph\u00f9 h\u1ee3p v\u1edbi c\u00e1c b\u00e9 v\u1edbi \u0111\u1ed9 tu\u1ed5i t\u1eeb 4 tu\u1ed5i \u0111\u1ebfn 6 tu\u1ed5i<\/p>\n<p>Quy\u1ec3n s\u00e1ch g\u1ed3m 2 ph\u1ea7n:<\/p>\n<p>&#8211; Ph\u1ea7n1: T\u1eadp \u0111\u00e1nh v\u1ea7n<\/p>\n<p>Trong ph\u1ea7n n\u00e0y b\u00e9 s\u1ebd l\u00e0m quen v\u1edbi c\u00e1c nguy\u00ean \u00e2m v\u00e0 ph\u1ee5 \u00e2m \u0111\u1ec3 b\u00e9 c\u00f3 n\u1ec1n t\u1ea3ng c\u01a1 b\u1ea3n cho vi\u1ec7c \u0111\u1ecdc ch\u1eef. Sau \u0111\u00f3 b\u00e9 s\u1ebd \u0111\u01b0\u1ee3c l\u00e0m quen v\u1edbi vi\u1ec7c gh\u00e9p \u00e2m.<\/p>\n<p>&#8211; Ph\u1ea7n 2: Luy\u1ec7n \u0111\u1ecdc<\/p>\n<p>Cu\u1ed1n v\u1edf \u0110\u00e1nh v\u1ea7n ti\u1ebfng Vi\u1ec7t v\u1edbi 124 trang c\u00f9ng \u0111\u1ea7y \u0111\u1ee7 n\u1ed9i dung ch\u1eef c\u00e1i c\u00f9ng b\u1ed9 h\u1ecdc v\u1ea7n theo ch\u01b0\u01a1ng tr\u00ecnh m\u1edbi nh\u1ea5t b\u00e0i h\u1ecdc gi\u1edbi thi\u1ec7u b\u1ea3ng ch\u1eef c\u00e1i Ti\u1ebfng Vi\u1ec7t, d\u1ea5u thanh v\u00e0 v\u1ea7n Ti\u1ebfng Vi\u1ec7t gi\u00fap c\u00e1c b\u00e9 b\u01b0\u1edbc \u0111\u1ea7u l\u00e0m quen v\u1edbi ch\u1eef vi\u1ebft v\u00e0 c\u00e1ch \u0111\u00e1nh v\u1ea7n Ti\u1ebfng Vi\u1ec7t. M\u1ed7i b\u00e0i h\u1ecdc g\u1ed3m c\u00e1c t\u1eeb v\u1ef1ng, c\u00e2u, \u0111a d\u1ea1ng, b\u00e9 tha h\u1ed3 t\u1eadp \u0111\u00e1nh v\u1ea7n, t\u1eadp \u0111\u1ecdc m\u00e0 kh\u00f4ng b\u1ecb nh\u00e0m ch\u00e1n. \u0110\u1eb7c bi\u1ec7t, c\u00e1c ch\u1eef in m\u1ea7u, v\u1ebd s\u01a1 \u0111\u1ed3 c\u1ea7u tr\u00fac t\u1eeb \u0111\u01a1n gi\u1ea3n \u0111\u1ebfn ph\u1ee9c t\u1ea1p c\u1ef1c k\u1ef3 \u0111\u1ec5 hi\u1ec3u v\u00e0 logic c\u00f9ng m\u00e0u s\u1eafc t\u01b0\u01a1i t\u1eafn khi\u1ebfn cho vi\u1ec7c h\u1ecdc tr\u1edf n\u00ean th\u00fa v\u1ecb h\u01a1n.<\/p>\n","protected":false},"excerpt":{"rendered":"<p>\u0110\u1ec3 chu\u1ea9n b\u1ecb cho b\u00e9 m\u1ed9t h\u00e0nh trang th\u1eadt t\u1ed1t \u0111\u1ec3 b\u01b0\u1edbc v\u00e0o l\u1edbp 1, ch\u1eafc h\u1eb3n c\u00e1c b\u1eadc ph\u1ee5 huynh \u0111ang t\u00ecm c\u00e1ch \u0111\u1ec3 gi\u00fap c\u00e1c b\u00e9 h\u1ecdc \u0111\u00e1nh v\u1ea7n, \u0111\u1ecdc ti\u1ebfng Vi\u1ec7t \u0111\u01b0\u1ee3c tr\u00f4i ch\u1ea3y. Gi\u1edd \u0111\u00e2y cu\u1ed1n s\u00e1ch T\u1eadp \u0111\u00e1nh v\u1ea7n ti\u1ebfng Vi\u1ec7t s\u1ebd gi\u00fap c\u00e1c \u00f4ng b\u1ed1, b\u00e0 m\u1eb9 kh\u00f4ng ph\u1ea3i lo l\u1eafng n\u1eefa r\u1ed3i, \u0111\u00e2y l\u00e0 b\u00ed quy\u1ebft gi\u00fap con \u0111\u1ecdc Ti\u1ebfng Vi\u1ec7t th\u00f4ng th\u1ea1o.<\/p>\n<p>Cu\u1ed1n s\u00e1ch ph\u00f9 h\u1ee3p v\u1edbi c\u00e1c b\u00e9 v\u1edbi \u0111\u1ed9 tu\u1ed5i t\u1eeb 4 tu\u1ed5i \u0111\u1ebfn 6 tu\u1ed5i<\/p>\n<p>Quy\u1ec3n s\u00e1ch g\u1ed3m 2 ph\u1ea7n:<\/p>\n<p>&#8211; Ph\u1ea7n1: T\u1eadp \u0111\u00e1nh v\u1ea7n<\/p>\n<p>Trong ph\u1ea7n n\u00e0y b\u00e9 s\u1ebd l\u00e0m quen v\u1edbi c\u00e1c nguy\u00ean \u00e2m v\u00e0 ph\u1ee5 \u00e2m \u0111\u1ec3 b\u00e9 c\u00f3 n\u1ec1n t\u1ea3ng c\u01a1 b\u1ea3n cho vi\u1ec7c \u0111\u1ecdc ch\u1eef. Sau \u0111\u00f3 b\u00e9 s\u1ebd \u0111\u01b0\u1ee3c l\u00e0m quen v\u1edbi vi\u1ec7c gh\u00e9p \u00e2m.<\/p>\n<p>&#8211; Ph\u1ea7n 2: Luy\u1ec7n \u0111\u1ecdc<\/p>\n<p>Cu\u1ed1n v\u1edf \u0110\u00e1nh v\u1ea7n ti\u1ebfng Vi\u1ec7t v\u1edbi 124 trang c\u00f9ng \u0111\u1ea7y \u0111\u1ee7 n\u1ed9i dung ch\u1eef c\u00e1i c\u00f9ng b\u1ed9 h\u1ecdc v\u1ea7n theo ch\u01b0\u01a1ng tr\u00ecnh m\u1edbi nh\u1ea5t b\u00e0i h\u1ecdc gi\u1edbi thi\u1ec7u b\u1ea3ng ch\u1eef c\u00e1i Ti\u1ebfng Vi\u1ec7t, d\u1ea5u thanh v\u00e0 v\u1ea7n Ti\u1ebfng Vi\u1ec7t gi\u00fap c\u00e1c b\u00e9 b\u01b0\u1edbc \u0111\u1ea7u l\u00e0m quen v\u1edbi ch\u1eef vi\u1ebft v\u00e0 c\u00e1ch \u0111\u00e1nh v\u1ea7n Ti\u1ebfng Vi\u1ec7t. M\u1ed7i b\u00e0i h\u1ecdc g\u1ed3m c\u00e1c t\u1eeb v\u1ef1ng, c\u00e2u, \u0111a d\u1ea1ng, b\u00e9 tha h\u1ed3 t\u1eadp \u0111\u00e1nh v\u1ea7n, t\u1eadp \u0111\u1ecdc m\u00e0 kh\u00f4ng b\u1ecb nh\u00e0m ch\u00e1n. \u0110\u1eb7c bi\u1ec7t, c\u00e1c ch\u1eef in m\u1ea7u, v\u1ebd s\u01a1 \u0111\u1ed3 c\u1ea7u tr\u00fac t\u1eeb \u0111\u01a1n gi\u1ea3n \u0111\u1ebfn ph\u1ee9c t\u1ea1p c\u1ef1c k\u1ef3 \u0111\u1ec5 hi\u1ec3u v\u00e0 logic c\u00f9ng m\u00e0u s\u1eafc t\u01b0\u01a1i t\u1eafn khi\u1ebfn cho vi\u1ec7c h\u1ecdc tr\u1edf n\u00ean th\u00fa v\u1ecb h\u01a1n.<\/p>\n","protected":false},"featured_media":7123,"template":"","meta":{"_acf_changed":false},"product_brand":[],"product_cat":[20],"product_tag":[],"class_list":{"0":"post-7127","1":"product","2":"type-product","3":"status-publish","4":"has-post-thumbnail","6":"product_cat-be-vua-hoc-vua-choi","8":"first","9":"instock","10":"taxable","11":"shipping-taxable","12":"purchasable","13":"product-type-simple"},"supplier_id":null,"supplier_sku":"","barcode":null,"atum_controlled":true,"out_stock_date":null,"out_stock_threshold":null,"inheritable":false,"inbound_stock":0,"stock_on_hold":0,"sold_today":0,"sales_last_days":0,"reserved_stock":0,"customer_returns":0,"warehouse_damage":0,"lost_in_post":0,"other_logs":0,"out_stock_days":0,"lost_sales":0,"has_location":false,"update_date":"2026-01-28T23:11:30","atum_locations":[],"atum_stock_status":"instock","restock_status":false,"low_stock_amount":"","sales_update_date":"2026-01-28T23:11:30","calc_backorders":null,"acf":{"publisher":{"ID":7122,"post_author":"1","post_date":"2021-03-30 11:54:38","post_date_gmt":"2021-03-30 08:54:38","post_content":"","post_title":"ID Book","post_excerpt":"","post_status":"publish","comment_status":"closed","ping_status":"closed","post_password":"","post_name":"id-book","to_ping":"","pinged":"","post_modified":"2021-03-30 11:54:38","post_modified_gmt":"2021-03-30 08:54:38","post_content_filtered":"","post_parent":0,"guid":"https:\/\/sachviet.eu\/nha-phat-hanh\/id-book\/","menu_order":0,"post_type":"publisher","post_mime_type":"","comment_count":"0","filter":"raw"}},"_links":{"self":[{"href":"https:\/\/sachviet.eu\/en\/wp-json\/wp\/v2\/product\/7127","targetHints":{"allow":["GET"]}}],"collection":[{"href":"https:\/\/sachviet.eu\/en\/wp-json\/wp\/v2\/product"}],"about":[{"href":"https:\/\/sachviet.eu\/en\/wp-json\/wp\/v2\/types\/product"}],"wp:featuredmedia":[{"embeddable":true,"href":"https:\/\/sachviet.eu\/en\/wp-json\/wp\/v2\/media\/7123"}],"wp:attachment":[{"href":"https:\/\/sachviet.eu\/en\/wp-json\/wp\/v2\/media?parent=7127"}],"wp:term":[{"taxonomy":"product_brand","embeddable":true,"href":"https:\/\/sachviet.eu\/en\/wp-json\/wp\/v2\/product_brand?post=7127"},{"taxonomy":"product_cat","embeddable":true,"href":"https:\/\/sachviet.eu\/en\/wp-json\/wp\/v2\/product_cat?post=7127"},{"taxonomy":"product_tag","embeddable":true,"href":"https:\/\/sachviet.eu\/en\/wp-json\/wp\/v2\/product_tag?post=7127"}],"curies":[{"name":"wp","href":"https:\/\/api.w.org\/{rel}","templated":true}]}}