{"id":7114,"date":"2021-03-30T11:54:13","date_gmt":"2021-03-30T08:54:13","guid":{"rendered":"https:\/\/sachviet.eu\/shop\/nhung-tu-nhan-cua-dia-ly\/"},"modified":"2023-11-17T00:20:35","modified_gmt":"2023-11-16T22:20:35","slug":"nhung-tu-nhan-cua-dia-ly","status":"publish","type":"product","link":"https:\/\/sachviet.eu\/en\/shop\/nhung-tu-nhan-cua-dia-ly\/","title":{"rendered":"Nh\u1eefng t\u00f9 nh\u00e2n c\u1ee7a \u0111\u1ecba l\u00fd"},"content":{"rendered":"<p>\u201cKhi ch\u00fang ta \u0111ang v\u01b0\u01a1n t\u1edbi nh\u1eefng v\u00ec sao, ch\u00ednh b\u1edfi nh\u1eefng th\u00e1ch th\u1ee9c \u0111\u1eb7t ra ph\u00eda tr\u01b0\u1edbc m\u00e0 ch\u00fang ta c\u00f3 l\u1ebd s\u1ebd ph\u1ea3i chung tay \u0111\u1ec3 \u1ee9ng ph\u00f3: du h\u00e0nh v\u00e0o v\u0169 tr\u1ee5 kh\u00f4ng ph\u1ea3i v\u1edbi t\u01b0 c\u00e1ch ng\u01b0\u1eddi Nga, ng\u01b0\u1eddi Trung Qu\u1ed1c hay ng\u01b0\u1eddi M\u1ef9, m\u00e0 l\u00e0 nh\u1eefng \u0111\u1ea1i di\u1ec7n c\u1ee7a nh\u00e2n lo\u1ea1i. Nh\u01b0ng cho \u0111\u1ebfn nay, m\u1eb7c d\u00f9 \u0111\u00e3 tho\u00e1t kh\u1ecfi s\u1ef1 k\u00ecm h\u00e3m c\u1ee7a tr\u1ecdng l\u1ef1c, ch\u00fang ta v\u1eabn \u0111ang b\u1ecb giam gi\u1eef trong t\u00e2m tr\u00ed c\u1ee7a ch\u00ednh m\u00ecnh, b\u1ecb gi\u1edbi h\u1ea1n b\u1edfi s\u1ef1 nghi ng\u1edd c\u1ee7a m\u00ecnh v\u1ec1 \u2018k\u1ebb kh\u00e1c\u2019, v\u00e0 do \u0111\u00f3 b\u1edfi cu\u1ed9c c\u1ea1nh tranh ch\u00ednh y\u1ebfu v\u1ec1 t\u00e0i nguy\u00ean. Ph\u00eda tr\u01b0\u1edbc ch\u00fang ta c\u00f2n c\u1ea3 m\u1ed9t ch\u1eb7ng \u0111\u01b0\u1eddng d\u00e0i.\u201d<\/p>\n<p>Ng\u01b0\u1eddi Nga v\u1eabn s\u1ebd lo \u00e2u d\u00f5i m\u1eaft v\u1ec1 ph\u00eda t\u00e2y, n\u01a1i c\u00f3 d\u1ea3i \u0111\u1ea5t v\u1eabn c\u00f2n l\u00e0 b\u00ecnh nguy\u00ean, d\u1ec5 b\u1ecb x\u00e2m nh\u1eadp; \u1ea4n \u0110\u1ed9 v\u00e0 Trung Qu\u1ed1c v\u1eabn s\u1ebd b\u1ecb c\u00e1ch ng\u0103n b\u1edfi d\u00e3y Himalaya s\u1eebng s\u1eefng, v\u00e0 \u0111\u1ecba l\u00fd s\u1ebd x\u00e1c \u0111\u1ecbnh b\u1ea3n ch\u1ea5t c\u1ee7a nh\u1eefng cu\u1ed9c xung \u0111\u1ed9t gi\u1eefa hai n\u01b0\u1edbc trong t\u01b0\u01a1ng lai, b\u1ea5t ch\u1ea5p s\u1ef1 ph\u00e1t tri\u1ec3n c\u1ee7a c\u00f4ng ngh\u1ec7 v\u00e0 qu\u00e2n s\u1ef1; \u201c\u0110\u1ea1i gia \u0111\u00ecnh ch\u00e2u \u00c2u\u201d \u0111\u00f3i kh\u00e1t n\u0103ng l\u01b0\u1ee3ng, b\u1ecb ph\u1ee5 thu\u1ed9c v\u00e0o nh\u1eefng \u0111\u01b0\u1eddng \u1ed1ng d\u1eabn d\u1ea7u t\u1eeb Nga, v\u00e0 do \u0111\u00f3 h\u1ecd kh\u00f4ng th\u1ef1c s\u1ef1 c\u00f3 nhi\u1ec1u l\u1ef1a ch\u1ecdn tr\u00ean b\u00e0n \u0111\u00e0m ph\u00e1n; s\u1ef1 suy y\u1ebfu c\u1ee7a Hoa K\u1ef3 trong v\u1ecb th\u1ebf m\u1ed9t si\u00eau c\u01b0\u1eddng s\u1ed1 m\u1ed9t d\u01b0\u1eddng nh\u01b0 \u0111\u00e3 b\u1ecb th\u1ed5i ph\u1ed3ng qu\u00e1 m\u1ee9c, n\u1ebfu x\u00e9t t\u1edbi nh\u1eefng l\u1ee3i th\u1ebf \u0111\u1ecba l\u00fd m\u00e0 n\u01b0\u1edbc n\u00e0y \u0111\u00e3 d\u00e0y c\u00f4ng g\u00e2y d\u1ef1ng\u2026<\/p>\n<p>V\u00e0 c\u00f2n r\u1ea5t nhi\u1ec1u d\u1eabn ch\u1ee9ng cho th\u1ea5y vai tr\u00f2 then ch\u1ed1t c\u1ee7a c\u00e1c nh\u00e2n t\u1ed1 \u0111\u1ecba l\u00fd trong b\u1ed1i c\u1ea3nh ch\u00ednh tr\u1ecb hi\u1ec7n \u0111\u1ea1i. Nh\u00e2n lo\u1ea1i \u0111ang tr\u00ean \u0111\u01b0\u1eddng hi\u1ec7n th\u1ef1c h\u00f3a gi\u1ea5c m\u01a1 v\u01b0\u01a1n v\u00e0o kh\u00f4ng gian. Nh\u01b0ng Tim Marshall v\u1eabn x\u00e1c quy\u1ebft r\u1eb1ng: \u201cC\u00e1c nh\u00e2n t\u1ed1 \u0111\u1ecba l\u00fd v\u1ed1n \u0111\u00e3 g\u00f3p ph\u1ea7n x\u00e1c \u0111\u1ecbnh l\u1ecbch s\u1eed \u0111a ph\u1ea7n s\u1ebd ti\u1ebfp t\u1ee5c x\u00e1c \u0111\u1ecbnh t\u01b0\u01a1ng lai c\u1ee7a ch\u00fang ta\u201d, v\u00e0 r\u1eb1ng: \u201c\u0110\u1ecba l\u00fd v\u1eabn lu\u00f4n lu\u00f4n l\u00e0 m\u1ed9t lo\u1ea1i nh\u00e0 t\u00f9 \u0111\u1ecbnh ngh\u0129a m\u1ed9t qu\u1ed1c gia l\u00e0 g\u00ec, ho\u1eb7c c\u00f3 th\u1ec3 l\u00e0 g\u00ec, v\u00e0 l\u00e0 m\u1ed9t nh\u00e0 t\u00f9 m\u00e0 c\u00e1c nh\u00e0 l\u00e3nh \u0111\u1ea1o th\u1ebf gi\u1edbi th\u01b0\u1eddng ph\u1ea3i n\u1ed7 l\u1ef1c \u0111\u1ec3 tho\u00e1t ra\u201d.<\/p>\n<p>Hay n\u00f3i c\u00e1ch kh\u00e1c, theo lu\u1eadn \u0111i\u1ec3m c\u1ee7a Tim Marshall, th\u00ec m\u1ed9t th\u1ebf k\u1ef7 n\u1eefa k\u1ec3 t\u1eeb b\u00e2y gi\u1edd, nh\u00e2n lo\u1ea1i v\u1eabn s\u1ebd l\u00e0 \u201cnh\u1eefng t\u00f9 nh\u00e2n c\u1ee7a \u0111\u1ecba l\u00fd\u201d.<\/p>\n<p>\u201cM\u1ed9t suy ng\u1eabm c\u1ed1t l\u00f5i v\u00e0 chi ti\u1ebft v\u1ec1 nh\u1eefng \u0111\u1ed9ng l\u1ef1c \u0111\u1ecba ch\u00ednh tr\u1ecb t\u1ed3n t\u1ea1i tr\u00ean to\u00e0n c\u1ea7u.\u201d \u2013 Ti\u1ebfn s\u0129 Sajjan M. Gohel<\/p>\n<p>T\u00c1C GI\u1ea2:<\/p>\n<p>Tim Marshall l\u00e0 k\u00fd gi\u1ea3 ng\u01b0\u1eddi Anh v\u1edbi h\u01a1n 25 n\u0103m kinh nghi\u1ec7m v\u1ec1 tin t\u1ee9c \u0111\u1ed1i ngo\u1ea1i. Ngo\u00e0i vai tr\u00f2 k\u00fd gi\u1ea3 v\u00e0 bi\u00ean t\u1eadp vi\u00ean, Marshall c\u00f2n l\u00e0 nh\u00e0 b\u00ecnh lu\u1eadn kh\u00e1ch m\u1eddi v\u1ec1 c\u00e1c s\u1ef1 ki\u1ec7n th\u1ebf gi\u1edbi cho BBC, Sky News. Prisoners of Geography l\u00e0 m\u1ed9t trong n\u0103m cu\u1ed1n s\u00e1ch c\u1ee7a \u00f4ng \u0111\u1ec1u n\u1eb1m trong danh s\u00e1ch b\u00e1n ch\u1ea1y c\u1ee7a The New York Times, v\u00e0 \u0111\u01b0\u1ee3c xu\u1ea5t b\u1ea3n ra nhi\u1ec1u th\u1ee9 ti\u1ebfng.<\/p>\n<p>\u201cN\u00f3i nhanh cho vu\u00f4ng, \u0111\u00e2y l\u00e0 m\u1ed9t trong nh\u1eefng cu\u1ed1n s\u00e1ch hay nh\u1ea5t v\u1ec1 \u0111\u1ecba ch\u00ednh tr\u1ecb b\u1ea1n c\u00f3 th\u1ec3 t\u01b0\u1edfng t\u01b0\u1ee3ng: \u0111\u1ecdc n\u00f3 c\u0169ng gi\u1ed1ng nh\u01b0 m\u1ed9t ngu\u1ed3n \u00e1nh s\u00e1ng r\u1ecdi v\u00e0o t\u00e2m tr\u00ed b\u1ea1n\u2026 Marshall c\u00f3 c\u00e1i \u0111\u1ea7u m\u1ea1ch l\u1ea1c, s\u00e1ng su\u1ed1t v\u00e0 s\u1edf h\u1eefu m\u1ed9t n\u0103ng l\u1ef1c g\u1ea7n nh\u01b0 th\u1ea7n b\u00ed l\u00e0 c\u00f3 th\u1ec3 l\u00e0m cho b\u1ee9c tranh to\u00e0n c\u1ea3nh tr\u1edf n\u00ean d\u1ec5 hi\u1ec3u v\u00e0 m\u1ea1ch l\u1ea1c\u2026 Cu\u1ed1n s\u00e1ch n\u00e0y, bao qu\u00e1t m\u1ed9t ch\u1ee7 \u0111\u1ec1 ph\u1ee9c t\u1ea1p nh\u01b0 v\u1eady, th\u1eadt kinh ng\u1ea1c l\u00e0 t\u00f4i \u0111\u00e3 kh\u00f4ng th\u1ec3 bu\u00f4ng cu\u1ed1n s\u00e1ch cho t\u1edbi khi \u0111\u1ecdc xong\u2026 T\u00f4i kh\u00f4ng th\u1ec3 t\u00ecm ra m\u1ed9t cu\u1ed1n s\u00e1ch n\u00e0o kh\u00e1c c\u00f3 th\u1ec3 gi\u1ea3i th\u00edch t\u00ecnh h\u00ecnh th\u1ebf gi\u1edbi hay h\u01a1n.\u201d \u2013 Nicholas Lezard, Evening Standard<\/p>\n","protected":false},"excerpt":{"rendered":"<p>\u201cKhi ch\u00fang ta \u0111ang v\u01b0\u01a1n t\u1edbi nh\u1eefng v\u00ec sao, ch\u00ednh b\u1edfi nh\u1eefng th\u00e1ch th\u1ee9c \u0111\u1eb7t ra ph\u00eda tr\u01b0\u1edbc m\u00e0 ch\u00fang ta c\u00f3 l\u1ebd s\u1ebd ph\u1ea3i chung tay \u0111\u1ec3 \u1ee9ng ph\u00f3: du h\u00e0nh v\u00e0o v\u0169 tr\u1ee5 kh\u00f4ng ph\u1ea3i v\u1edbi t\u01b0 c\u00e1ch ng\u01b0\u1eddi Nga, ng\u01b0\u1eddi Trung Qu\u1ed1c hay ng\u01b0\u1eddi M\u1ef9, m\u00e0 l\u00e0 nh\u1eefng \u0111\u1ea1i di\u1ec7n c\u1ee7a nh\u00e2n lo\u1ea1i. Nh\u01b0ng cho \u0111\u1ebfn nay, m\u1eb7c d\u00f9 \u0111\u00e3 tho\u00e1t kh\u1ecfi s\u1ef1 k\u00ecm h\u00e3m c\u1ee7a tr\u1ecdng l\u1ef1c, ch\u00fang ta v\u1eabn \u0111ang b\u1ecb giam gi\u1eef trong t\u00e2m tr\u00ed c\u1ee7a ch\u00ednh m\u00ecnh, b\u1ecb gi\u1edbi h\u1ea1n b\u1edfi s\u1ef1 nghi ng\u1edd c\u1ee7a m\u00ecnh v\u1ec1 \u2018k\u1ebb kh\u00e1c\u2019, v\u00e0 do \u0111\u00f3 b\u1edfi cu\u1ed9c c\u1ea1nh tranh ch\u00ednh y\u1ebfu v\u1ec1 t\u00e0i nguy\u00ean. Ph\u00eda tr\u01b0\u1edbc ch\u00fang ta c\u00f2n c\u1ea3 m\u1ed9t ch\u1eb7ng \u0111\u01b0\u1eddng d\u00e0i.\u201d<\/p>\n<p>Ng\u01b0\u1eddi Nga v\u1eabn s\u1ebd lo \u00e2u d\u00f5i m\u1eaft v\u1ec1 ph\u00eda t\u00e2y, n\u01a1i c\u00f3 d\u1ea3i \u0111\u1ea5t v\u1eabn c\u00f2n l\u00e0 b\u00ecnh nguy\u00ean, d\u1ec5 b\u1ecb x\u00e2m nh\u1eadp; \u1ea4n \u0110\u1ed9 v\u00e0 Trung Qu\u1ed1c v\u1eabn s\u1ebd b\u1ecb c\u00e1ch ng\u0103n b\u1edfi d\u00e3y Himalaya s\u1eebng s\u1eefng, v\u00e0 \u0111\u1ecba l\u00fd s\u1ebd x\u00e1c \u0111\u1ecbnh b\u1ea3n ch\u1ea5t c\u1ee7a nh\u1eefng cu\u1ed9c xung \u0111\u1ed9t gi\u1eefa hai n\u01b0\u1edbc trong t\u01b0\u01a1ng lai, b\u1ea5t ch\u1ea5p s\u1ef1 ph\u00e1t tri\u1ec3n c\u1ee7a c\u00f4ng ngh\u1ec7 v\u00e0 qu\u00e2n s\u1ef1; \u201c\u0110\u1ea1i gia \u0111\u00ecnh ch\u00e2u \u00c2u\u201d \u0111\u00f3i kh\u00e1t n\u0103ng l\u01b0\u1ee3ng, b\u1ecb ph\u1ee5 thu\u1ed9c v\u00e0o nh\u1eefng \u0111\u01b0\u1eddng \u1ed1ng d\u1eabn d\u1ea7u t\u1eeb Nga, v\u00e0 do \u0111\u00f3 h\u1ecd kh\u00f4ng th\u1ef1c s\u1ef1 c\u00f3 nhi\u1ec1u l\u1ef1a ch\u1ecdn tr\u00ean b\u00e0n \u0111\u00e0m ph\u00e1n; s\u1ef1 suy y\u1ebfu c\u1ee7a Hoa K\u1ef3 trong v\u1ecb th\u1ebf m\u1ed9t si\u00eau c\u01b0\u1eddng s\u1ed1 m\u1ed9t d\u01b0\u1eddng nh\u01b0 \u0111\u00e3 b\u1ecb th\u1ed5i ph\u1ed3ng qu\u00e1 m\u1ee9c, n\u1ebfu x\u00e9t t\u1edbi nh\u1eefng l\u1ee3i th\u1ebf \u0111\u1ecba l\u00fd m\u00e0 n\u01b0\u1edbc n\u00e0y \u0111\u00e3 d\u00e0y c\u00f4ng g\u00e2y d\u1ef1ng\u2026<\/p>\n<p>V\u00e0 c\u00f2n r\u1ea5t nhi\u1ec1u d\u1eabn ch\u1ee9ng cho th\u1ea5y vai tr\u00f2 then ch\u1ed1t c\u1ee7a c\u00e1c nh\u00e2n t\u1ed1 \u0111\u1ecba l\u00fd trong b\u1ed1i c\u1ea3nh ch\u00ednh tr\u1ecb hi\u1ec7n \u0111\u1ea1i. Nh\u00e2n lo\u1ea1i \u0111ang tr\u00ean \u0111\u01b0\u1eddng hi\u1ec7n th\u1ef1c h\u00f3a gi\u1ea5c m\u01a1 v\u01b0\u01a1n v\u00e0o kh\u00f4ng gian. Nh\u01b0ng Tim Marshall v\u1eabn x\u00e1c quy\u1ebft r\u1eb1ng: \u201cC\u00e1c nh\u00e2n t\u1ed1 \u0111\u1ecba l\u00fd v\u1ed1n \u0111\u00e3 g\u00f3p ph\u1ea7n x\u00e1c \u0111\u1ecbnh l\u1ecbch s\u1eed \u0111a ph\u1ea7n s\u1ebd ti\u1ebfp t\u1ee5c x\u00e1c \u0111\u1ecbnh t\u01b0\u01a1ng lai c\u1ee7a ch\u00fang ta\u201d, v\u00e0 r\u1eb1ng: \u201c\u0110\u1ecba l\u00fd v\u1eabn lu\u00f4n lu\u00f4n l\u00e0 m\u1ed9t lo\u1ea1i nh\u00e0 t\u00f9 \u0111\u1ecbnh ngh\u0129a m\u1ed9t qu\u1ed1c gia l\u00e0 g\u00ec, ho\u1eb7c c\u00f3 th\u1ec3 l\u00e0 g\u00ec, v\u00e0 l\u00e0 m\u1ed9t nh\u00e0 t\u00f9 m\u00e0 c\u00e1c nh\u00e0 l\u00e3nh \u0111\u1ea1o th\u1ebf gi\u1edbi th\u01b0\u1eddng ph\u1ea3i n\u1ed7 l\u1ef1c \u0111\u1ec3 tho\u00e1t ra\u201d.<\/p>\n<p>Hay n\u00f3i c\u00e1ch kh\u00e1c, theo lu\u1eadn \u0111i\u1ec3m c\u1ee7a Tim Marshall, th\u00ec m\u1ed9t th\u1ebf k\u1ef7 n\u1eefa k\u1ec3 t\u1eeb b\u00e2y gi\u1edd, nh\u00e2n lo\u1ea1i v\u1eabn s\u1ebd l\u00e0 \u201cnh\u1eefng t\u00f9 nh\u00e2n c\u1ee7a \u0111\u1ecba l\u00fd\u201d.<\/p>\n<p>\u201cM\u1ed9t suy ng\u1eabm c\u1ed1t l\u00f5i v\u00e0 chi ti\u1ebft v\u1ec1 nh\u1eefng \u0111\u1ed9ng l\u1ef1c \u0111\u1ecba ch\u00ednh tr\u1ecb t\u1ed3n t\u1ea1i tr\u00ean to\u00e0n c\u1ea7u.\u201d \u2013 Ti\u1ebfn s\u0129 Sajjan M. Gohel<\/p>\n","protected":false},"featured_media":7113,"template":"","meta":{"_acf_changed":false},"product_brand":[],"product_cat":[18],"product_tag":[],"class_list":{"0":"post-7114","1":"product","2":"type-product","3":"status-publish","4":"has-post-thumbnail","6":"product_cat-kinh-te","8":"first","9":"instock","10":"taxable","11":"shipping-taxable","12":"purchasable","13":"product-type-simple"},"supplier_id":null,"supplier_sku":"","barcode":null,"atum_controlled":true,"out_stock_date":null,"out_stock_threshold":null,"inheritable":false,"inbound_stock":0,"stock_on_hold":0,"sold_today":0,"sales_last_days":0,"reserved_stock":0,"customer_returns":0,"warehouse_damage":0,"lost_in_post":0,"other_logs":0,"out_stock_days":0,"lost_sales":0,"has_location":false,"update_date":"2026-01-28T23:10:40","atum_locations":[],"atum_stock_status":"instock","restock_status":false,"low_stock_amount":"","sales_update_date":"2026-01-28T23:10:40","calc_backorders":null,"acf":{"publisher":{"ID":1424,"post_author":"1","post_date":"2021-02-17 00:02:29","post_date_gmt":"2021-02-16 22:02:29","post_content":"<!-- wp:flatsome\/uxbuilder -->\n<h1 style=\"text-align: center\"><strong>Nh\u00e3 Nam<\/strong><\/h1>\n[row]\n\n[col span=\"6\" span__sm=\"12\"]\n\n[ux_image id=\"1438\" image_size=\"medium\"]\n\n\n[\/col]\n[col span=\"6\" span__sm=\"12\"]\n\n<p><strong>C\u00f4ng ty c\u1ed5 ph\u1ea7n V\u0103n h\u00f3a v\u00e0 Truy\u1ec1n th\u00f4ng Nh\u00e3 Nam<\/strong><\/p>\n<p>Th\u00e1ng 2 n\u0103m 2005, Nh\u00e3 Nam, t\u00ean \u0111\u1ea7y \u0111\u1ee7 l\u00e0 C\u00f4ng ty C\u1ed5 ph\u1ea7n V\u0103n h\u00f3a v\u00e0 Truy\u1ec1n th\u00f4ng Nh\u00e3 Nam \u0111\u00e3 gia nh\u1eadp th\u1ecb tr\u01b0\u1eddng s\u00e1ch. T\u00e1c ph\u1ea9m \"Balzac v\u00e0 c\u00f4 b\u00e9 th\u1ee3 may Trung hoa\" c\u1ee7a \u0110\u1edbi T\u01b0 Ki\u1ec7t l\u00e0 cu\u1ed1n s\u00e1ch \u0111\u1ea7u ti\u00ean \u0111\u01b0\u1ee3c nh\u1eefng ng\u01b0\u1eddi s\u00e1ng l\u1eadp Nh\u00e3 Nam xu\u1ea5t b\u1ea3n c\u1ea3 tr\u01b0\u1edbc khi c\u00f4ng ty ra \u0111\u1eddi. Ngay l\u1eadp t\u1ee9c t\u1eeb cu\u1ed1n s\u00e1ch \u0111\u1ea7u ti\u00ean, \u0111\u1ed9c gi\u1ea3 \u0111\u00e3 d\u00e0nh s\u1ef1 quan t\u00e2m v\u00e0 y\u00eau m\u1ebfn cho m\u1ed9t th\u01b0\u01a1ng hi\u1ec7u s\u00e1ch m\u1edbi m\u1ebb mang trong m\u00ecnh kh\u00e1t v\u1ecdng g\u00f3p ph\u1ea7n t\u1ea1o l\u1eadp di\u1ec7n m\u1ea1o m\u1edbi cho xu\u1ea5t b\u1ea3n v\u0103n h\u1ecdc t\u1ea1i Vi\u1ec7t Nam.<\/p>\n<p>L\u00f2ng say m\u00ea c\u1ee7a \u0111\u1ed9i ng\u0169 l\u00e0 vi\u00ean \u0111\u00e1 \u0111\u1ea7u ti\u00ean. Tr\u1ea3i qua m\u1ea5y n\u0103m ph\u00e1t tri\u1ec3n, Nh\u00e3 Nam \u0111\u00e3 \u0111\u01b0\u1ee3c x\u00e2y d\u1ef1ng d\u1ea7n l\u00ean trong di\u1ec7n m\u1ea1o m\u1ed9t nh\u00e0 xu\u1ea5t b\u1ea3n v\u1eefng ch\u00e3i v\u00e0 chuy\u00ean nghi\u1ec7p. S\u00e1u th\u00e1ng sau khi th\u00e0nh l\u1eadp c\u00f4ng ty, Nh\u1eadt k\u00fd \u0110\u1eb7ng Th\u00f9y Tr\u00e2m ra \u0111\u1eddi, t\u1ea1o n\u00ean m\u1ed9t c\u01a1n s\u1ed1t trong x\u00e3 h\u1ed9i, v\u1edbi g\u1ea7n 500,000 b\u1ea3n s\u00e1ch \u0111\u01b0\u1ee3c ph\u00e1t h\u00e0nh, ph\u00e1 m\u1ecdi k\u1ef7 l\u1ee5c v\u1ec1 xu\u1ea5t b\u1ea3n tr\u01b0\u1edbc \u0111\u00f3, k\u00e9o theo m\u1ed9t lo\u1ea1t nh\u1eefng hi\u1ec7u \u1ee9ng x\u00e3 h\u1ed9i v\u00e0 d\u01b0 lu\u1eadn c\u00f3 \u00fd ngh\u0129a. T\u1eeb \u0111\u00f3 tr\u1edf \u0111i, th\u00f4ng qua Nh\u00e3 Nam, c\u00e1c cu\u1ed1n s\u00e1ch v\u0103n h\u1ecdc n\u01b0\u1edbc ngo\u00e0i c\u00f3 gi\u00e1 tr\u1ecb \u0111\u01b0\u1ee3c li\u00ean t\u1ee5c mua b\u1ea3n quy\u1ec1n v\u00e0 xu\u1ea5t b\u1ea3n t\u1ea1i Vi\u1ec7t Nam, thu h\u00fat nhi\u1ec1u t\u1ea7ng l\u1edbp \u0111\u1ed9c gi\u1ea3. S\u00e1ch c\u1ee7a Nh\u00e3 Nam n\u1ed5i b\u1eadt b\u1edfi n\u1ed9i dung v\u0103n h\u1ecdc tinh t\u1ebf, b\u1edfi v\u1ebb \u0111\u1eb9p c\u1ee7a thi\u1ebft k\u1ebf hi\u1ec7n \u0111\u1ea1i \u1edf h\u00ecnh th\u1ee9c, b\u1edfi s\u1ef1 ch\u0103m ch\u00fat k\u1ef9 l\u01b0\u1ee1ng cho m\u1ed7i cu\u1ed1n s\u00e1ch nh\u01b0 m\u1ed9t con thuy\u1ec1n mang t\u1edbi ni\u1ec1m vui, tri th\u1ee9c, ng\u1ea1c nhi\u00ean, v\u00e0 \u0111\u1ed3ng c\u1ea3m.<\/p>\n\n[\/col]\n\n[\/row]\n<p style=\"text-align: left\">Hi\u1ec3u th\u1eddi \u0111\u1ea1i \u0111ang s\u1ed1ng th\u00f4ng qua s\u00e1ch, song h\u00e0nh v\u1edbi nh\u1eefng bi\u1ebfn chuy\u1ec3n s\u00e2u s\u1eafc trong l\u00f2ng x\u00e3 h\u1ed9i b\u1eb1ng nh\u1eefng ho\u1ea1t \u0111\u1ed9ng xu\u1ea5t b\u1ea3n mi\u1ec7t m\u00e0i v\u00e0 qu\u1ea3 c\u1ea3m, con \u0111\u01b0\u1eddng Nh\u00e3 Nam \u0111\u00e3 ch\u1ecdn \u0111\u1ec3 \u0111i s\u1ebd c\u00f2n d\u00e0i. Nhi\u1ec1u kh\u00f3 kh\u0103n, th\u1eed th\u00e1ch \u0111ang \u1edf ph\u00eda tr\u01b0\u1edbc. B\u01b0\u1edbc qua th\u1eddi k\u1ef3 s\u01a1 khai v\u1edbi nh\u1eefng b\u00e0i h\u1ecdc v\u00e0 nh\u1eefng kinh nghi\u1ec7m \u0111\u1ea7u ti\u00ean, Nh\u00e3 Nam gi\u1edd \u0111\u00e3 s\u1eb5n s\u00e0ng cho m\u1ed9t ch\u1eb7ng \u0111\u01b0\u1eddng ph\u00e1t tri\u1ec3n m\u1edbi. V\u00e0 ch\u00fang t\u00f4i mu\u1ed1n ho\u00e0n thi\u1ec7n m\u00ecnh trong s\u1ef1 c\u1ea7u th\u1ecb v\u00e0 c\u1ea9n tr\u1ecdng. T\u1ea5t c\u1ea3 v\u00ec m\u1ed9t gia s\u1ea3n s\u00e1ch to l\u1edbn, c\u00f3 s\u1ee9c s\u1ed1ng d\u00e0i l\u00e2u, c\u00f3 \u00fd ngh\u0129a v\u1edbi nhi\u1ec1u th\u1ebf h\u1ec7 b\u1ea1n \u0111\u1ecdc.<br \/>B\u1edfi v\u00ec s\u00e1ch l\u00e0 th\u1ebf gi\u1edbi.<\/p>\n<p><strong>\u0110\u00e2y l\u00e0 m\u1ed9t nh\u00e0 ph\u00e1t h\u00e0nh s\u00e1ch m\u00e0 SACHVIET.EU r\u1ea5t y\u00eau th\u00edch v\u00e0 tin t\u01b0\u1edfng. Nh\u00ecn \u0111\u01b0\u1ee3c t\u1ea7m \u1ea3nh h\u01b0\u1edfng c\u1ee7a Nh\u00e3 Nam qua t\u1eebng cu\u1ed1n s\u00e1ch, SACHVIET.EU li\u00ean h\u1ec7 h\u1ee3p t\u00e1c ngay v\u1edbi Nh\u00e3 Nam \u0111\u1ec3 \u0111em to\u00e0n b\u1ed9 nh\u1eefng t\u00e1c ph\u1ea9m m\u1edbi, hay nh\u1ea5t m\u00e0 Nh\u00e3 Nam c\u00f3 sang Ch\u00e2u \u00c2u, \u0111\u01b0a \u0111\u1ebfn cho \u0111\u1ed9c gi\u1ea3 c\u00f3 nhi\u1ec1u s\u1ef1 l\u1ef1a ch\u1ecdn phong ph\u00fa h\u01a1n c\u1ea3 s\u00e1ch cho tr\u1ebb em l\u1eabn ng\u01b0\u1eddi l\u1edbn.\u00a0<\/strong><\/p>\n\n<!-- \/wp:flatsome\/uxbuilder -->","post_title":"Nh\u00e3 Nam","post_excerpt":"","post_status":"publish","comment_status":"closed","ping_status":"closed","post_password":"","post_name":"nha-nam","to_ping":"","pinged":"","post_modified":"2022-12-19 23:15:33","post_modified_gmt":"2022-12-19 21:15:33","post_content_filtered":"","post_parent":0,"guid":"https:\/\/sachviet.eu\/?post_type=publisher&#038;p=1424","menu_order":0,"post_type":"publisher","post_mime_type":"","comment_count":"0","filter":"raw"}},"_links":{"self":[{"href":"https:\/\/sachviet.eu\/en\/wp-json\/wp\/v2\/product\/7114","targetHints":{"allow":["GET"]}}],"collection":[{"href":"https:\/\/sachviet.eu\/en\/wp-json\/wp\/v2\/product"}],"about":[{"href":"https:\/\/sachviet.eu\/en\/wp-json\/wp\/v2\/types\/product"}],"wp:featuredmedia":[{"embeddable":true,"href":"https:\/\/sachviet.eu\/en\/wp-json\/wp\/v2\/media\/7113"}],"wp:attachment":[{"href":"https:\/\/sachviet.eu\/en\/wp-json\/wp\/v2\/media?parent=7114"}],"wp:term":[{"taxonomy":"product_brand","embeddable":true,"href":"https:\/\/sachviet.eu\/en\/wp-json\/wp\/v2\/product_brand?post=7114"},{"taxonomy":"product_cat","embeddable":true,"href":"https:\/\/sachviet.eu\/en\/wp-json\/wp\/v2\/product_cat?post=7114"},{"taxonomy":"product_tag","embeddable":true,"href":"https:\/\/sachviet.eu\/en\/wp-json\/wp\/v2\/product_tag?post=7114"}],"curies":[{"name":"wp","href":"https:\/\/api.w.org\/{rel}","templated":true}]}}