{"id":7108,"date":"2021-03-30T11:54:00","date_gmt":"2021-03-30T08:54:00","guid":{"rendered":"https:\/\/sachviet.eu\/shop\/21-bai-hoc-cho-the-ky-21\/"},"modified":"2024-01-04T23:37:29","modified_gmt":"2024-01-04T21:37:29","slug":"21-bai-hoc-cho-the-ky-21","status":"publish","type":"product","link":"https:\/\/sachviet.eu\/en\/shop\/21-bai-hoc-cho-the-ky-21\/","title":{"rendered":"21 B\u00e0i H\u1ecdc Cho Th\u1ebf K\u1ef7 21"},"content":{"rendered":"<p>Sau khi t\u00ecm hi\u1ec3u qu\u00e1 kh\u1ee9 v\u00e0 t\u01b0\u01a1ng lai c\u1ee7a nh\u00e2n lo\u1ea1i qua hai cu\u1ed1n s\u00e1ch g\u00e2y ti\u1ebfng vang l\u00e0 Sapiens v\u00e0 Homo deus, Yuval Noah Harari \u0111i s\u00e2u v\u00e0o c\u00e1c v\u1ea5n \u0111\u1ec1 \u201cngay t\u1ea1i \u0111\u00e2y\u201d v\u00e0 \u201cngay l\u00fac n\u00e0y\u201d, t\u1ee9c c\u00e1c s\u1ef1 ki\u1ec7n hi\u1ec7n t\u1ea1i v\u00e0 t\u01b0\u01a1ng lai g\u1ea7n nh\u1ea5t c\u1ee7a x\u00e3 h\u1ed9i lo\u00e0i ng\u01b0\u1eddi.<\/p>\n<p>Nh\u1eefng tri\u1ec3n v\u1ecdng \u0111\u1ea7y h\u1ee9a h\u1eb9n c\u1ee7a c\u00f4ng ngh\u1ec7 s\u1ebd \u0111\u01b0\u1ee3c \u0111\u01b0a ra b\u00e0n lu\u1eadn b\u00ean c\u1ea1nh nh\u1eefng hi\u1ec3m h\u1ecda nh\u01b0 \u201c\u0111\u1ee9t g\u00e3y\u201d do c\u00f4ng ngh\u1ec7 g\u00e2y ra, vi\u1ec7c ki\u1ec3m so\u00e1t th\u1ebf gi\u1edbi b\u00ean trong d\u1eabn t\u1edbi s\u1ef1 s\u1ee5p \u0111\u1ed5 c\u1ee7a h\u1ec7 th\u1ea7n kinh hay \u201ct\u1ef1 do trong khu\u00f4n kh\u1ed5\u201d. Ch\u00ednh tr\u1ecb v\u00e0 t\u00f4n gi\u00e1o c\u00f3 c\u00f2n b\u1eaft tay nhau nh\u01b0 trong qu\u00e1 kh\u1ee9 hay s\u1ebd thao t\u00fang con ng\u01b0\u1eddi theo nh\u1eefng c\u00e1ch ri\u00eang r\u1ebd, m\u1edbi m\u1ebb h\u01a1n? V\u00e0 nh\u1eefng v\u1ea5n \u0111\u1ec1 to\u00e0n c\u1ea7u \u1ea5y li\u00ean quan m\u1eadt thi\u1ebft t\u1edbi h\u00e0nh vi v\u00e0 \u0111\u1ea1o \u0111\u1ee9c c\u1ee7a t\u1eebng c\u00e1 nh\u00e2n ri\u00eang l\u1ebb nh\u01b0 th\u1ebf n\u00e0o? X\u00e9t cho c\u00f9ng, nh\u1eefng th\u00e1ch th\u1ee9c l\u1edbn nh\u1ea5t v\u00e0 nh\u1eefng l\u1ef1a ch\u1ecdn quan tr\u1ecdng nh\u1ea5t c\u1ee7a ng\u00e0y nay l\u00e0 g\u00ec? Ta c\u1ea7n ch\u00fa \u00fd \u0111\u1ebfn \u0111i\u1ec1u g\u00ec? Ta n\u00ean d\u1ea1y con c\u00e1i ta nh\u1eefng g\u00ec?<\/p>\n<p>\u201cCu\u1ed9c kh\u1ee7ng ho\u1ea3ng sinh th\u00e1i \u0111ang l\u1ea5p l\u00f3, m\u1ed1i \u0111e d\u1ecda c\u1ee7a c\u00e1c lo\u1ea1i v\u0169 kh\u00ed h\u1ee7y di\u1ec7t h\u00e0ng lo\u1ea1t [] v\u00e0 s\u1ef1 tr\u1ed7i d\u1eady c\u1ee7a c\u00e1c c\u00f4ng ngh\u1ec7 \u0111\u1ed9t ph\u00e1 m\u1edbi\u201d l\u00e0 nh\u1eefng n\u1ed7i lo kh\u00f4ng c\u1ee7a ri\u00eang ai; v\u00e0 Harari s\u1ebd \u0111\u1ed3ng h\u00e0nh c\u00f9ng b\u1ea1n tr\u00ean con \u0111\u01b0\u1eddng b\u00f3c t\u00e1ch t\u1eebng v\u1ea5n \u0111\u1ec1 m\u1ed9t c\u00e1ch th\u1ea5u \u0111\u00e1o.<\/p>\n","protected":false},"excerpt":{"rendered":"<p>Sau khi t\u00ecm hi\u1ec3u qu\u00e1 kh\u1ee9 v\u00e0 t\u01b0\u01a1ng lai c\u1ee7a nh\u00e2n lo\u1ea1i qua hai cu\u1ed1n s\u00e1ch g\u00e2y ti\u1ebfng vang l\u00e0 Sapiens v\u00e0 Homo deus, Yuval Noah Harari \u0111i s\u00e2u v\u00e0o c\u00e1c v\u1ea5n \u0111\u1ec1 \u201cngay t\u1ea1i \u0111\u00e2y\u201d v\u00e0 \u201cngay l\u00fac n\u00e0y\u201d, t\u1ee9c c\u00e1c s\u1ef1 ki\u1ec7n hi\u1ec7n t\u1ea1i v\u00e0 t\u01b0\u01a1ng lai g\u1ea7n nh\u1ea5t c\u1ee7a x\u00e3 h\u1ed9i lo\u00e0i ng\u01b0\u1eddi.<\/p>\n<p>Nh\u1eefng tri\u1ec3n v\u1ecdng \u0111\u1ea7y h\u1ee9a h\u1eb9n c\u1ee7a c\u00f4ng ngh\u1ec7 s\u1ebd \u0111\u01b0\u1ee3c \u0111\u01b0a ra b\u00e0n lu\u1eadn b\u00ean c\u1ea1nh nh\u1eefng hi\u1ec3m h\u1ecda nh\u01b0 \u201c\u0111\u1ee9t g\u00e3y\u201d do c\u00f4ng ngh\u1ec7 g\u00e2y ra, vi\u1ec7c ki\u1ec3m so\u00e1t th\u1ebf gi\u1edbi b\u00ean trong d\u1eabn t\u1edbi s\u1ef1 s\u1ee5p \u0111\u1ed5 c\u1ee7a h\u1ec7 th\u1ea7n kinh hay \u201ct\u1ef1 do trong khu\u00f4n kh\u1ed5\u201d. Ch\u00ednh tr\u1ecb v\u00e0 t\u00f4n gi\u00e1o c\u00f3 c\u00f2n b\u1eaft tay nhau nh\u01b0 trong qu\u00e1 kh\u1ee9 hay s\u1ebd thao t\u00fang con ng\u01b0\u1eddi theo nh\u1eefng c\u00e1ch ri\u00eang r\u1ebd, m\u1edbi m\u1ebb h\u01a1n? V\u00e0 nh\u1eefng v\u1ea5n \u0111\u1ec1 to\u00e0n c\u1ea7u \u1ea5y li\u00ean quan m\u1eadt thi\u1ebft t\u1edbi h\u00e0nh vi v\u00e0 \u0111\u1ea1o \u0111\u1ee9c c\u1ee7a t\u1eebng c\u00e1 nh\u00e2n ri\u00eang l\u1ebb nh\u01b0 th\u1ebf n\u00e0o? X\u00e9t cho c\u00f9ng, nh\u1eefng th\u00e1ch th\u1ee9c l\u1edbn nh\u1ea5t v\u00e0 nh\u1eefng l\u1ef1a ch\u1ecdn quan tr\u1ecdng nh\u1ea5t c\u1ee7a ng\u00e0y nay l\u00e0 g\u00ec? Ta c\u1ea7n ch\u00fa \u00fd \u0111\u1ebfn \u0111i\u1ec1u g\u00ec? Ta n\u00ean d\u1ea1y con c\u00e1i ta nh\u1eefng g\u00ec?<\/p>\n<p>\u201cCu\u1ed9c kh\u1ee7ng ho\u1ea3ng sinh th\u00e1i \u0111ang l\u1ea5p l\u00f3, m\u1ed1i \u0111e d\u1ecda c\u1ee7a c\u00e1c lo\u1ea1i v\u0169 kh\u00ed h\u1ee7y di\u1ec7t h\u00e0ng lo\u1ea1t [] v\u00e0 s\u1ef1 tr\u1ed7i d\u1eady c\u1ee7a c\u00e1c c\u00f4ng ngh\u1ec7 \u0111\u1ed9t ph\u00e1 m\u1edbi\u201d l\u00e0 nh\u1eefng n\u1ed7i lo kh\u00f4ng c\u1ee7a ri\u00eang ai; v\u00e0 Harari s\u1ebd \u0111\u1ed3ng h\u00e0nh c\u00f9ng b\u1ea1n tr\u00ean con \u0111\u01b0\u1eddng b\u00f3c t\u00e1ch t\u1eebng v\u1ea5n \u0111\u1ec1 m\u1ed9t c\u00e1ch th\u1ea5u \u0111\u00e1o.<\/p>\n","protected":false},"featured_media":7107,"template":"","meta":{"_acf_changed":false},"product_brand":[],"product_cat":[18],"product_tag":[],"class_list":{"0":"post-7108","1":"product","2":"type-product","3":"status-publish","4":"has-post-thumbnail","6":"product_cat-kinh-te","8":"first","9":"outofstock","10":"taxable","11":"shipping-taxable","12":"purchasable","13":"product-type-simple"},"supplier_id":null,"supplier_sku":"","barcode":null,"atum_controlled":true,"out_stock_date":"2024-01-04 21:37:29","out_stock_threshold":null,"inheritable":false,"inbound_stock":0,"stock_on_hold":0,"sold_today":0,"sales_last_days":0,"reserved_stock":0,"customer_returns":0,"warehouse_damage":0,"lost_in_post":0,"other_logs":0,"out_stock_days":755,"lost_sales":0,"has_location":false,"update_date":"2026-01-28T23:10:40","atum_locations":[],"atum_stock_status":"outofstock","restock_status":false,"low_stock_amount":"","sales_update_date":"2026-01-28T23:10:40","calc_backorders":null,"acf":{"publisher":{"ID":1424,"post_author":"1","post_date":"2021-02-17 00:02:29","post_date_gmt":"2021-02-16 22:02:29","post_content":"<!-- wp:flatsome\/uxbuilder -->\n<h1 style=\"text-align: center\"><strong>Nh\u00e3 Nam<\/strong><\/h1>\n[row]\n\n[col span=\"6\" span__sm=\"12\"]\n\n[ux_image id=\"1438\" image_size=\"medium\"]\n\n\n[\/col]\n[col span=\"6\" span__sm=\"12\"]\n\n<p><strong>C\u00f4ng ty c\u1ed5 ph\u1ea7n V\u0103n h\u00f3a v\u00e0 Truy\u1ec1n th\u00f4ng Nh\u00e3 Nam<\/strong><\/p>\n<p>Th\u00e1ng 2 n\u0103m 2005, Nh\u00e3 Nam, t\u00ean \u0111\u1ea7y \u0111\u1ee7 l\u00e0 C\u00f4ng ty C\u1ed5 ph\u1ea7n V\u0103n h\u00f3a v\u00e0 Truy\u1ec1n th\u00f4ng Nh\u00e3 Nam \u0111\u00e3 gia nh\u1eadp th\u1ecb tr\u01b0\u1eddng s\u00e1ch. T\u00e1c ph\u1ea9m \"Balzac v\u00e0 c\u00f4 b\u00e9 th\u1ee3 may Trung hoa\" c\u1ee7a \u0110\u1edbi T\u01b0 Ki\u1ec7t l\u00e0 cu\u1ed1n s\u00e1ch \u0111\u1ea7u ti\u00ean \u0111\u01b0\u1ee3c nh\u1eefng ng\u01b0\u1eddi s\u00e1ng l\u1eadp Nh\u00e3 Nam xu\u1ea5t b\u1ea3n c\u1ea3 tr\u01b0\u1edbc khi c\u00f4ng ty ra \u0111\u1eddi. Ngay l\u1eadp t\u1ee9c t\u1eeb cu\u1ed1n s\u00e1ch \u0111\u1ea7u ti\u00ean, \u0111\u1ed9c gi\u1ea3 \u0111\u00e3 d\u00e0nh s\u1ef1 quan t\u00e2m v\u00e0 y\u00eau m\u1ebfn cho m\u1ed9t th\u01b0\u01a1ng hi\u1ec7u s\u00e1ch m\u1edbi m\u1ebb mang trong m\u00ecnh kh\u00e1t v\u1ecdng g\u00f3p ph\u1ea7n t\u1ea1o l\u1eadp di\u1ec7n m\u1ea1o m\u1edbi cho xu\u1ea5t b\u1ea3n v\u0103n h\u1ecdc t\u1ea1i Vi\u1ec7t Nam.<\/p>\n<p>L\u00f2ng say m\u00ea c\u1ee7a \u0111\u1ed9i ng\u0169 l\u00e0 vi\u00ean \u0111\u00e1 \u0111\u1ea7u ti\u00ean. Tr\u1ea3i qua m\u1ea5y n\u0103m ph\u00e1t tri\u1ec3n, Nh\u00e3 Nam \u0111\u00e3 \u0111\u01b0\u1ee3c x\u00e2y d\u1ef1ng d\u1ea7n l\u00ean trong di\u1ec7n m\u1ea1o m\u1ed9t nh\u00e0 xu\u1ea5t b\u1ea3n v\u1eefng ch\u00e3i v\u00e0 chuy\u00ean nghi\u1ec7p. S\u00e1u th\u00e1ng sau khi th\u00e0nh l\u1eadp c\u00f4ng ty, Nh\u1eadt k\u00fd \u0110\u1eb7ng Th\u00f9y Tr\u00e2m ra \u0111\u1eddi, t\u1ea1o n\u00ean m\u1ed9t c\u01a1n s\u1ed1t trong x\u00e3 h\u1ed9i, v\u1edbi g\u1ea7n 500,000 b\u1ea3n s\u00e1ch \u0111\u01b0\u1ee3c ph\u00e1t h\u00e0nh, ph\u00e1 m\u1ecdi k\u1ef7 l\u1ee5c v\u1ec1 xu\u1ea5t b\u1ea3n tr\u01b0\u1edbc \u0111\u00f3, k\u00e9o theo m\u1ed9t lo\u1ea1t nh\u1eefng hi\u1ec7u \u1ee9ng x\u00e3 h\u1ed9i v\u00e0 d\u01b0 lu\u1eadn c\u00f3 \u00fd ngh\u0129a. T\u1eeb \u0111\u00f3 tr\u1edf \u0111i, th\u00f4ng qua Nh\u00e3 Nam, c\u00e1c cu\u1ed1n s\u00e1ch v\u0103n h\u1ecdc n\u01b0\u1edbc ngo\u00e0i c\u00f3 gi\u00e1 tr\u1ecb \u0111\u01b0\u1ee3c li\u00ean t\u1ee5c mua b\u1ea3n quy\u1ec1n v\u00e0 xu\u1ea5t b\u1ea3n t\u1ea1i Vi\u1ec7t Nam, thu h\u00fat nhi\u1ec1u t\u1ea7ng l\u1edbp \u0111\u1ed9c gi\u1ea3. S\u00e1ch c\u1ee7a Nh\u00e3 Nam n\u1ed5i b\u1eadt b\u1edfi n\u1ed9i dung v\u0103n h\u1ecdc tinh t\u1ebf, b\u1edfi v\u1ebb \u0111\u1eb9p c\u1ee7a thi\u1ebft k\u1ebf hi\u1ec7n \u0111\u1ea1i \u1edf h\u00ecnh th\u1ee9c, b\u1edfi s\u1ef1 ch\u0103m ch\u00fat k\u1ef9 l\u01b0\u1ee1ng cho m\u1ed7i cu\u1ed1n s\u00e1ch nh\u01b0 m\u1ed9t con thuy\u1ec1n mang t\u1edbi ni\u1ec1m vui, tri th\u1ee9c, ng\u1ea1c nhi\u00ean, v\u00e0 \u0111\u1ed3ng c\u1ea3m.<\/p>\n\n[\/col]\n\n[\/row]\n<p style=\"text-align: left\">Hi\u1ec3u th\u1eddi \u0111\u1ea1i \u0111ang s\u1ed1ng th\u00f4ng qua s\u00e1ch, song h\u00e0nh v\u1edbi nh\u1eefng bi\u1ebfn chuy\u1ec3n s\u00e2u s\u1eafc trong l\u00f2ng x\u00e3 h\u1ed9i b\u1eb1ng nh\u1eefng ho\u1ea1t \u0111\u1ed9ng xu\u1ea5t b\u1ea3n mi\u1ec7t m\u00e0i v\u00e0 qu\u1ea3 c\u1ea3m, con \u0111\u01b0\u1eddng Nh\u00e3 Nam \u0111\u00e3 ch\u1ecdn \u0111\u1ec3 \u0111i s\u1ebd c\u00f2n d\u00e0i. Nhi\u1ec1u kh\u00f3 kh\u0103n, th\u1eed th\u00e1ch \u0111ang \u1edf ph\u00eda tr\u01b0\u1edbc. B\u01b0\u1edbc qua th\u1eddi k\u1ef3 s\u01a1 khai v\u1edbi nh\u1eefng b\u00e0i h\u1ecdc v\u00e0 nh\u1eefng kinh nghi\u1ec7m \u0111\u1ea7u ti\u00ean, Nh\u00e3 Nam gi\u1edd \u0111\u00e3 s\u1eb5n s\u00e0ng cho m\u1ed9t ch\u1eb7ng \u0111\u01b0\u1eddng ph\u00e1t tri\u1ec3n m\u1edbi. V\u00e0 ch\u00fang t\u00f4i mu\u1ed1n ho\u00e0n thi\u1ec7n m\u00ecnh trong s\u1ef1 c\u1ea7u th\u1ecb v\u00e0 c\u1ea9n tr\u1ecdng. T\u1ea5t c\u1ea3 v\u00ec m\u1ed9t gia s\u1ea3n s\u00e1ch to l\u1edbn, c\u00f3 s\u1ee9c s\u1ed1ng d\u00e0i l\u00e2u, c\u00f3 \u00fd ngh\u0129a v\u1edbi nhi\u1ec1u th\u1ebf h\u1ec7 b\u1ea1n \u0111\u1ecdc.<br \/>B\u1edfi v\u00ec s\u00e1ch l\u00e0 th\u1ebf gi\u1edbi.<\/p>\n<p><strong>\u0110\u00e2y l\u00e0 m\u1ed9t nh\u00e0 ph\u00e1t h\u00e0nh s\u00e1ch m\u00e0 SACHVIET.EU r\u1ea5t y\u00eau th\u00edch v\u00e0 tin t\u01b0\u1edfng. Nh\u00ecn \u0111\u01b0\u1ee3c t\u1ea7m \u1ea3nh h\u01b0\u1edfng c\u1ee7a Nh\u00e3 Nam qua t\u1eebng cu\u1ed1n s\u00e1ch, SACHVIET.EU li\u00ean h\u1ec7 h\u1ee3p t\u00e1c ngay v\u1edbi Nh\u00e3 Nam \u0111\u1ec3 \u0111em to\u00e0n b\u1ed9 nh\u1eefng t\u00e1c ph\u1ea9m m\u1edbi, hay nh\u1ea5t m\u00e0 Nh\u00e3 Nam c\u00f3 sang Ch\u00e2u \u00c2u, \u0111\u01b0a \u0111\u1ebfn cho \u0111\u1ed9c gi\u1ea3 c\u00f3 nhi\u1ec1u s\u1ef1 l\u1ef1a ch\u1ecdn phong ph\u00fa h\u01a1n c\u1ea3 s\u00e1ch cho tr\u1ebb em l\u1eabn ng\u01b0\u1eddi l\u1edbn.\u00a0<\/strong><\/p>\n\n<!-- \/wp:flatsome\/uxbuilder -->","post_title":"Nh\u00e3 Nam","post_excerpt":"","post_status":"publish","comment_status":"closed","ping_status":"closed","post_password":"","post_name":"nha-nam","to_ping":"","pinged":"","post_modified":"2022-12-19 23:15:33","post_modified_gmt":"2022-12-19 21:15:33","post_content_filtered":"","post_parent":0,"guid":"https:\/\/sachviet.eu\/?post_type=publisher&#038;p=1424","menu_order":0,"post_type":"publisher","post_mime_type":"","comment_count":"0","filter":"raw"}},"_links":{"self":[{"href":"https:\/\/sachviet.eu\/en\/wp-json\/wp\/v2\/product\/7108","targetHints":{"allow":["GET"]}}],"collection":[{"href":"https:\/\/sachviet.eu\/en\/wp-json\/wp\/v2\/product"}],"about":[{"href":"https:\/\/sachviet.eu\/en\/wp-json\/wp\/v2\/types\/product"}],"wp:featuredmedia":[{"embeddable":true,"href":"https:\/\/sachviet.eu\/en\/wp-json\/wp\/v2\/media\/7107"}],"wp:attachment":[{"href":"https:\/\/sachviet.eu\/en\/wp-json\/wp\/v2\/media?parent=7108"}],"wp:term":[{"taxonomy":"product_brand","embeddable":true,"href":"https:\/\/sachviet.eu\/en\/wp-json\/wp\/v2\/product_brand?post=7108"},{"taxonomy":"product_cat","embeddable":true,"href":"https:\/\/sachviet.eu\/en\/wp-json\/wp\/v2\/product_cat?post=7108"},{"taxonomy":"product_tag","embeddable":true,"href":"https:\/\/sachviet.eu\/en\/wp-json\/wp\/v2\/product_tag?post=7108"}],"curies":[{"name":"wp","href":"https:\/\/api.w.org\/{rel}","templated":true}]}}