{"id":7094,"date":"2021-03-30T11:52:56","date_gmt":"2021-03-30T08:52:56","guid":{"rendered":"https:\/\/sachviet.eu\/shop\/toi-va-meo-deu-rat-nho-em\/"},"modified":"2023-11-27T21:06:01","modified_gmt":"2023-11-27T19:06:01","slug":"toi-va-meo-deu-rat-nho-em","status":"publish","type":"product","link":"https:\/\/sachviet.eu\/en\/shop\/toi-va-meo-deu-rat-nho-em\/","title":{"rendered":"T\u00f4i V\u00e0 M\u00e8o \u0110\u1ec1u R\u1ea5t Nh\u1edb Em"},"content":{"rendered":"<p>T\u00f4i V\u00e0 M\u00e8o \u0110\u1ec1u R\u1ea5t Nh\u1edb Em<\/p>\n<p>Cu\u1ed1n s\u00e1ch l\u00e0 nh\u1eefng ph\u00fat gi\u00e2y \u0111\u1eddi th\u01b0\u1eddng h\u00e0i h\u01b0\u1edbc, nh\u1eefng kho\u1ea3nh kh\u1eafc d\u1ecbu d\u00e0ng c\u1ea3m \u0111\u1ed9ng qua 11 c\u00e2u chuy\u1ec7n t\u00ecnh y\u00eau c\u00f3 b\u00f3ng d\u00e1ng c\u1ee7a c\u00e1c b\u00e9 th\u00fa c\u01b0ng, khi\u1ebfn b\u1ea1n khi kh\u00f3c khi c\u01b0\u1eddi.<\/p>\n<p>S\u00e1ch c\u00f2n c\u00f3 th\u1ec3 t\u00ean l\u00e0:<\/p>\n<p>\u201cCu\u1ed9c chi\u1ebfn kh\u00f4ng h\u1ed3i k\u1ebft c\u1ee7a con sen v\u00e0 qu\u00e0ng th\u01b0\u1ee3ng\u201d<\/p>\n<p>\u201dChia tay kh\u00f4ng \u0111\u00e1ng s\u1ee3, t\u00f4i c\u00f2n c\u00fan c\u01a1 m\u00e0!\u201d<\/p>\n<p>\u2026<\/p>\n<p>L\u01b0u \u00fd: Kh\u00f4ng n\u00ean \u0111\u1ecdc s\u00e1ch \u1edf c\u00e1c \u0111\u1ecba \u0111i\u1ec3m c\u00f4ng c\u1ed9ng nh\u01b0 tr\u00ean xe bu\u00fdt hay trung t\u00e2m th\u01b0\u01a1ng m\u1ea1i, r\u1ea5t c\u00f3 th\u1ec3 b\u1ea1n s\u1ebd kh\u00f4ng ng\u1eebng c\u01b0\u1eddi \u0111\u01b0\u1ee3c, g\u00e2y m\u1ea5t tr\u1eadt t\u1ef1 c\u00f4ng c\u1ed9ng. Ho\u1eb7c th\u1eadm ch\u00ed, v\u1eeba \u0111\u1ecdc v\u1eeba r\u01a1i n\u01b0\u1edbc m\u1eaft.<\/p>\n<p>&#8212;&#8212;&#8212;&#8212;&#8212;<\/p>\n<p> \u201cCh\u1ee7 \u0111\u1ed9ng \u0111\u00fang l\u00e0 h\u01a1i ng\u1ea1i \u0111\u1ea5y.\u201d<br \/>\n\u201cNh\u01b0ng b\u1ecf l\u1ee1 th\u00ec c\u00f2n \u0111\u00e1ng ti\u1ebfc h\u01a1n.\u201d<\/p>\n<p>\u201c\u0110\u01b0\u1eddng nu\u00f4i th\u00fa c\u01b0ng s\u00e2u nh\u01b0 bi\u1ec3n, t\u1eeb \u0111\u00e2y ti\u1ec1n t\u1ef1a gi\u00f3 bay \u0111i.\u201d<\/p>\n<p>\u201cBi\u1ec3n ng\u01b0\u1eddi m\u00eanh m\u00f4ng, g\u1eb7p \u0111\u01b0\u1ee3c m\u1ed9t ng\u01b0\u1eddi ph\u00f9 h\u1ee3p v\u1edbi m\u00ecnh l\u00e0 chuy\u1ec7n kh\u00f3 kh\u0103n bi\u1ebft bao? C\u00f3 ng\u01b0\u1eddi m\u1ed9t l\u1ea7n l\u00e0 t\u00ecm th\u1ea5y, c\u00f3 ng\u01b0\u1eddi ph\u1ea3i t\u00ecm r\u1ea5t l\u00e2u. Nh\u01b0ng d\u00f9 ph\u1ea3i t\u00ecm bao l\u00e2u ch\u0103ng n\u1eefa, ng\u01b0\u1eddi \u1ea5y, r\u1ed3i s\u1ebd t\u1edbi th\u00f4i. B\u1edfi v\u1eady, \u0111\u1eebng s\u1ee3 kh\u00f4ng c\u00f3 ai th\u1ea5u hi\u1ec3u b\u1ea1n. C\u00f3 l\u1ebd ng\u01b0\u1eddi \u1ea5y \u0111ang tr\u00ean \u0111\u01b0\u1eddng t\u1edbi t\u00ecm b\u1ea1n, ch\u1ec9 l\u00e0 b\u1ecb t\u1eafc \u0111\u01b0\u1eddng ch\u00fat x\u00edu m\u00e0 th\u00f4i.\u201d<\/p>\n<p>\u2013 T\u00f4i v\u00e0 m\u00e8o \u0111\u1ec1u r\u1ea5t nh\u1edb em<\/p>\n<p>V\u1ec1 t\u00e1c gi\u1ea3<\/p>\n<p>Y\u00ean Ba Nh\u00e2n Tr\u01b0\u1eddng An<\/p>\n<p>Cu\u1ed1n s\u00e1ch m\u00e0 b\u1ea1n c\u1ea7m tr\u00ean tay xu\u1ea5t b\u1ea3n l\u1ea7n \u0111\u1ea7u n\u0103m t\u00f4i 25 tu\u1ed5i, khi t\u00f4i kh\u00f4ng c\u00f3 n\u01a1i \u1edf c\u1ed1 \u0111\u1ecbnh v\u00e0 m\u1edbi ch\u1ec9 nu\u00f4i m\u1ed9t con m\u00e8o. Gi\u1edd t\u00f4i \u0111\u00e3 30, \u0111\u00e3 k\u1ebft h\u00f4n v\u00e0 c\u00f3 m\u00e1i nh\u00e0 thu\u1ed9c v\u1ec1 ch\u00ednh m\u00ecnh.<\/p>\n<p>V\u00e0 trong nh\u00e0 th\u00ec \u0111\u00e3 c\u00f3 t\u1eadn ba con m\u00e8o r\u1ed3i.<\/p>\n","protected":false},"excerpt":{"rendered":"<p>T\u00f4i V\u00e0 M\u00e8o \u0110\u1ec1u R\u1ea5t Nh\u1edb Em<\/p>\n<p>Cu\u1ed1n s\u00e1ch l\u00e0 nh\u1eefng ph\u00fat gi\u00e2y \u0111\u1eddi th\u01b0\u1eddng h\u00e0i h\u01b0\u1edbc, nh\u1eefng kho\u1ea3nh kh\u1eafc d\u1ecbu d\u00e0ng c\u1ea3m \u0111\u1ed9ng qua 11 c\u00e2u chuy\u1ec7n t\u00ecnh y\u00eau c\u00f3 b\u00f3ng d\u00e1ng c\u1ee7a c\u00e1c b\u00e9 th\u00fa c\u01b0ng, khi\u1ebfn b\u1ea1n khi kh\u00f3c khi c\u01b0\u1eddi.<\/p>\n<p>S\u00e1ch c\u00f2n c\u00f3 th\u1ec3 t\u00ean l\u00e0:<\/p>\n<p>\u201cCu\u1ed9c chi\u1ebfn kh\u00f4ng h\u1ed3i k\u1ebft c\u1ee7a con sen v\u00e0 qu\u00e0ng th\u01b0\u1ee3ng\u201d<\/p>\n<p>\u201dChia tay kh\u00f4ng \u0111\u00e1ng s\u1ee3, t\u00f4i c\u00f2n c\u00fan c\u01a1 m\u00e0!\u201d<\/p>\n","protected":false},"featured_media":7093,"template":"","meta":{"_acf_changed":false},"product_brand":[],"product_cat":[15,47],"product_tag":[],"class_list":{"0":"post-7094","1":"product","2":"type-product","3":"status-publish","4":"has-post-thumbnail","6":"product_cat-sach-danh-cho-nguoi-lon","7":"product_cat-truyen-ngan-tan-van","9":"first","10":"instock","11":"taxable","12":"shipping-taxable","13":"purchasable","14":"product-type-simple"},"supplier_id":null,"supplier_sku":"","barcode":null,"atum_controlled":true,"out_stock_date":null,"out_stock_threshold":null,"inheritable":false,"inbound_stock":0,"stock_on_hold":0,"sold_today":0,"sales_last_days":0,"reserved_stock":0,"customer_returns":0,"warehouse_damage":0,"lost_in_post":0,"other_logs":0,"out_stock_days":0,"lost_sales":0,"has_location":false,"update_date":"2026-01-28T23:10:40","atum_locations":[],"atum_stock_status":"instock","restock_status":false,"low_stock_amount":"","sales_update_date":"2026-01-28T23:10:40","calc_backorders":null,"acf":{"publisher":{"ID":1785,"post_author":"1","post_date":"2021-02-17 01:54:46","post_date_gmt":"2021-02-16 23:54:46","post_content":"<!-- wp:flatsome\/uxbuilder -->\n<h1 style=\"text-align: center;\"><strong>AZ VIETNAM<\/strong><\/h1>\n[row]\n\n[col span=\"8\" span__sm=\"12\"]\n\n<p>Th\u00e0nh l\u1eadp n\u0103m: 2015<br \/>V\u1ed1n \u0111\u1ea7u t\u01b0: 4,000,000,000 \u0111\u1ed3ng<br \/><strong>L\u0129nh v\u1ef1c:<\/strong><br \/>- Xu\u1ea5t b\u1ea3n v\u00e0 ph\u00e1t h\u00e0nh v\u0103n h\u00f3a ph\u1ea9m<br \/>- Cung c\u1ea5p v\u0103n h\u00f3a ph\u1ea9m, c\u00e1c s\u1ea3n ph\u1ea9m cho in \u1ea5n, trang thi\u1ebft b\u1ecb cho c\u00e1c th\u01b0 vi\u1ec7n v\u00e0 trung t\u00e2m s\u00e1ch tr\u00ean c\u1ea3 n\u01b0\u1edbc.<br \/>- Th\u1eddi trang v\u00e0 c\u00e1c s\u1ea3n ph\u1ea9m li\u00ean quan \u0111\u1ebfn l\u0129nh v\u1ef1c th\u1eddi trang<br \/>- Xu\u1ea5t nh\u1eadp kh\u1ea9u c\u00e1c s\u1ea3n ph\u1ea9m v\u0103n h\u00f3a<\/p>\n<p><strong>Quy m\u00f4:<\/strong> 60 nh\u00e2n vi\u00ean<br \/>Kh\u1edfi ngu\u1ed3n c\u1ee7a AZ Vi\u1ec7t Nam ng\u00e0y nay l\u00e0 C\u00f4ng ty TNHH Trung t\u00e2m S\u00e1ch v\u00e0 Thi\u1ebft b\u1ecb Th\u01b0 vi\u1ec7n, v\u1edbi ho\u1ea1t \u0111\u1ed9ng \u0111\u1ea7u ti\u00ean l\u00e0 cung c\u1ea5p s\u00e1ch, trang thi\u1ebft b\u1ecb, v\u0103n h\u00f3a ph\u1ea9m cho c\u00e1c th\u01b0 vi\u1ec7n v\u00e0 trung t\u00e2m s\u00e1ch tr\u00ean c\u1ea3 n\u01b0\u1edbc. T\u1eeb cu\u1ed1i n\u0103m 2010 \u0111\u1ebfn nay, ch\u00fang t\u00f4i \u0111\u00e3 kh\u00f4ng ng\u1eebng n\u1ed7 l\u1ef1c khai ph\u00e1 v\u00e0 ph\u00e1t tri\u1ec3n c\u00e1c d\u00f2ng s\u1ea3n ph\u1ea9m m\u1edbi v\u1edbi 8 th\u01b0\u01a1ng hi\u1ec7u uy t\u00edn. \u0110\u1ec3 \u0111\u00e1p \u1ee9ng nhu c\u1ea7u ph\u00e1t tri\u1ec3n ng\u00e0y m\u1ed9t l\u1edbn m\u1ea1nh v\u00e0 t\u1eadp h\u1ee3p c\u00e1c th\u01b0\u01a1ng hi\u1ec7u \u0111\u00e3 \u0111\u01b0\u1ee3c ch\u00fang t\u00f4i x\u00e2y d\u1ef1ng, 2015 C\u00f4ng ty TNHH AZ Vi\u1ec7t Nam \u0111\u00e3 ra \u0111\u1eddi v\u1edbi s\u1ee9 m\u1ec7nh mang \u0111\u1ebfn nhi\u1ec1u h\u01a1n n\u1eefa nh\u1eefng gi\u00e1 tr\u1ecb tinh th\u1ea7n, tri th\u1ee9c ti\u00ean ti\u1ebfn cho ng\u01b0\u1eddi ti\u00eau d\u00f9ng b\u1eb1ng vi\u1ec7c cung c\u1ea5p nh\u1eefng s\u1ea3n ph\u1ea9m c\u00f3 ch\u1ea5t l\u01b0\u1ee3ng.<\/p>\n\n[\/col]\n[col span=\"4\" span__sm=\"12\"]\n\n[ux_image id=\"1836\" image_size=\"medium\"]\n\n\n[\/col]\n\n[\/row]\n\n<!-- \/wp:flatsome\/uxbuilder -->","post_title":"AZ Vi\u1ec7t Nam","post_excerpt":"","post_status":"publish","comment_status":"closed","ping_status":"closed","post_password":"","post_name":"az-viet-nam","to_ping":"","pinged":"","post_modified":"2021-02-17 22:07:10","post_modified_gmt":"2021-02-17 20:07:10","post_content_filtered":"","post_parent":0,"guid":"https:\/\/sachviet.eu\/nha-phat-hanh\/az-viet-nam\/","menu_order":0,"post_type":"publisher","post_mime_type":"","comment_count":"0","filter":"raw"}},"_links":{"self":[{"href":"https:\/\/sachviet.eu\/en\/wp-json\/wp\/v2\/product\/7094","targetHints":{"allow":["GET"]}}],"collection":[{"href":"https:\/\/sachviet.eu\/en\/wp-json\/wp\/v2\/product"}],"about":[{"href":"https:\/\/sachviet.eu\/en\/wp-json\/wp\/v2\/types\/product"}],"wp:featuredmedia":[{"embeddable":true,"href":"https:\/\/sachviet.eu\/en\/wp-json\/wp\/v2\/media\/7093"}],"wp:attachment":[{"href":"https:\/\/sachviet.eu\/en\/wp-json\/wp\/v2\/media?parent=7094"}],"wp:term":[{"taxonomy":"product_brand","embeddable":true,"href":"https:\/\/sachviet.eu\/en\/wp-json\/wp\/v2\/product_brand?post=7094"},{"taxonomy":"product_cat","embeddable":true,"href":"https:\/\/sachviet.eu\/en\/wp-json\/wp\/v2\/product_cat?post=7094"},{"taxonomy":"product_tag","embeddable":true,"href":"https:\/\/sachviet.eu\/en\/wp-json\/wp\/v2\/product_tag?post=7094"}],"curies":[{"name":"wp","href":"https:\/\/api.w.org\/{rel}","templated":true}]}}