{"id":7092,"date":"2021-03-30T11:52:52","date_gmt":"2021-03-30T08:52:52","guid":{"rendered":"https:\/\/sachviet.eu\/shop\/cac-nen-van-minh-co-dai\/"},"modified":"2021-05-17T19:54:51","modified_gmt":"2021-05-17T16:54:51","slug":"cac-nen-van-minh-co-dai","status":"publish","type":"product","link":"https:\/\/sachviet.eu\/en\/shop\/cac-nen-van-minh-co-dai\/","title":{"rendered":"C\u00e1c N\u1ec1n V\u0103n Minh C\u1ed5 \u0110\u1ea1i"},"content":{"rendered":"<p>\u0110\u1ed1i v\u1edbi ng\u01b0\u1eddi Ai C\u1eadp, Pharaon \u0111\u1ea1i di\u1ec7n cho c\u00e1i g\u00ec?<\/p>\n<p>Ng\u01b0\u1eddi Hy L\u1ea1p c\u00f3 nh\u1eefng th\u00fa vui gi\u1ea3i tr\u00ed n\u00e0o?<\/p>\n<p>\u0110\u1ebf ch\u1ebf La M\u00e3 \u0111\u00e3 tr\u1edf n\u00ean h\u00f9ng m\u1ea1nh ra sao?<\/p>\n<p>Ng\u01b0\u1eddi Trung Qu\u1ed1c x\u00e2y d\u1ef1ng V\u1ea1n l\u00fd tr\u01b0\u1eddng th\u00e0nh \u0111\u1ec3 l\u00e0m g\u00ec?<\/p>\n<p>L\u1ecbch s\u1eed Ph\u1eadt gi\u00e1o di\u1ec5n bi\u1ebfn ra sao?<\/p>\n<p>Nh\u1eefng ng\u01b0\u1eddi Maya \u0111\u00e3 s\u1ed1ng nh\u01b0 th\u1ebf n\u00e0o?<\/p>\n<p>T\u1ea1i sao ng\u01b0\u1eddi Aztec l\u00e0m nghi l\u1ec5 hi\u1ebfn t\u1ebf?<\/p>\n<p>Th\u00e0nh tr\u00ec c\u1ee7a ng\u01b0\u1eddi Inca gi\u1ed1ng c\u00e1i g\u00ec?<\/p>\n<p>Ng\u01b0\u1eddi Viking v\u1edbi nh\u1eefng chi\u1ebfn thuy\u1ec1n \u0111\u00e3 kh\u00e1m ph\u00e1 \u0111\u01b0\u1ee3c nh\u1eefng g\u00ec?<\/p>\n<p>Nh\u00e2n v\u1eadt n\u00e0o \u0111\u00e3 t\u1eebng cai tr\u1ecb v\u01b0\u01a1ng tri\u1ec1u Benin?<\/p>\n<p>C\u00e1c c\u00e2u h\u1ecfi \u0111\u00f3 v\u00e0 nhi\u1ec1u c\u00e2u h\u1ecfi kh\u00e1c n\u1eefa s\u1ebd \u0111\u01b0\u1ee3c tr\u1ea3 l\u1eddi trong cu\u1ed1n s\u00e1ch n\u00e0y; c\u00e1c minh h\u1ecda gi\u00fap ch\u00fang ta hi\u1ec3u r\u00f5 h\u01a1n nh\u1eefng n\u1ec1n v\u0103n minh \u0111\u00e3 \u0111\u1ec3 l\u1ea1i d\u1ea5u \u1ea5n s\u00e2u \u0111\u1eadm trong l\u1ecbch s\u1eed nh\u00e2n lo\u1ea1i.<\/p>\n","protected":false},"excerpt":{"rendered":"<p>\u0110\u1ed1i v\u1edbi ng\u01b0\u1eddi Ai C\u1eadp, Pharaon \u0111\u1ea1i di\u1ec7n cho c\u00e1i g\u00ec?<\/p>\n<p>Ng\u01b0\u1eddi Hy L\u1ea1p c\u00f3 nh\u1eefng th\u00fa vui gi\u1ea3i tr\u00ed n\u00e0o?<\/p>\n<p>\u0110\u1ebf ch\u1ebf La M\u00e3 \u0111\u00e3 tr\u1edf n\u00ean h\u00f9ng m\u1ea1nh ra sao?<\/p>\n<p>Ng\u01b0\u1eddi Trung Qu\u1ed1c x\u00e2y d\u1ef1ng V\u1ea1n l\u00fd tr\u01b0\u1eddng th\u00e0nh \u0111\u1ec3 l\u00e0m g\u00ec?<\/p>\n<p>L\u1ecbch s\u1eed Ph\u1eadt gi\u00e1o di\u1ec5n bi\u1ebfn ra sao?<\/p>\n<p>Nh\u1eefng ng\u01b0\u1eddi Maya \u0111\u00e3 s\u1ed1ng nh\u01b0 th\u1ebf n\u00e0o?<\/p>\n<p>T\u1ea1i sao ng\u01b0\u1eddi Aztec l\u00e0m nghi l\u1ec5 hi\u1ebfn t\u1ebf?<\/p>\n<p>Th\u00e0nh tr\u00ec c\u1ee7a ng\u01b0\u1eddi Inca gi\u1ed1ng c\u00e1i g\u00ec?<\/p>\n<p>Ng\u01b0\u1eddi Viking v\u1edbi nh\u1eefng chi\u1ebfn thuy\u1ec1n \u0111\u00e3 kh\u00e1m ph\u00e1 \u0111\u01b0\u1ee3c nh\u1eefng g\u00ec?<\/p>\n<p>Nh\u00e2n v\u1eadt n\u00e0o \u0111\u00e3 t\u1eebng cai tr\u1ecb v\u01b0\u01a1ng tri\u1ec1u Benin?<\/p>\n<p>C\u00e1c c\u00e2u h\u1ecfi \u0111\u00f3 v\u00e0 nhi\u1ec1u c\u00e2u h\u1ecfi kh\u00e1c n\u1eefa s\u1ebd \u0111\u01b0\u1ee3c tr\u1ea3 l\u1eddi trong cu\u1ed1n s\u00e1ch n\u00e0y; c\u00e1c minh h\u1ecda gi\u00fap ch\u00fang ta hi\u1ec3u r\u00f5 h\u01a1n nh\u1eefng n\u1ec1n v\u0103n minh \u0111\u00e3 \u0111\u1ec3 l\u1ea1i d\u1ea5u \u1ea5n s\u00e2u \u0111\u1eadm trong l\u1ecbch s\u1eed nh\u00e2n lo\u1ea1i.<\/p>\n","protected":false},"featured_media":7091,"template":"","meta":{"_acf_changed":false},"product_brand":[],"product_cat":[17,26],"product_tag":[],"class_list":{"0":"post-7092","1":"product","2":"type-product","3":"status-publish","4":"has-post-thumbnail","6":"product_cat-sach-danh-cho-cac-be","7":"product_cat-thieu-nien-11-tuoi-18-tuoi","9":"first","10":"outofstock","11":"taxable","12":"shipping-taxable","13":"purchasable","14":"product-type-simple"},"supplier_id":null,"supplier_sku":"","barcode":null,"atum_controlled":true,"out_stock_date":"2021-04-05 16:16:11","out_stock_threshold":null,"inheritable":false,"inbound_stock":0,"stock_on_hold":0,"sold_today":0,"sales_last_days":0,"reserved_stock":0,"customer_returns":0,"warehouse_damage":0,"lost_in_post":0,"other_logs":0,"out_stock_days":1759,"lost_sales":0,"has_location":false,"update_date":"2026-01-28T23:10:40","atum_locations":[],"atum_stock_status":"outofstock","restock_status":false,"low_stock_amount":"","sales_update_date":"2026-01-28T23:10:40","calc_backorders":null,"acf":{"publisher":{"ID":1454,"post_author":"1","post_date":"2021-02-17 01:11:34","post_date_gmt":"2021-02-16 23:11:34","post_content":"<!-- wp:flatsome\/uxbuilder -->\n<h1 style=\"text-align: center;\"><strong>Kim \u0110\u1ed3ng<\/strong><\/h1>\n[row]\n\n[col span=\"3\" span__sm=\"12\"]\n\n[ux_image id=\"1534\" image_size=\"medium\"]\n\n\n[\/col]\n[col span=\"9\" span__sm=\"12\"]\n\n<p>Nh\u00e0 xu\u1ea5t b\u1ea3n Kim \u0110\u1ed3ng tr\u1ef1c thu\u1ed9c Trung \u01b0\u01a1ng \u0110o\u00e0n TNCS H\u1ed3 Ch\u00ed Minh l\u00e0 Nh\u00e0 xu\u1ea5t b\u1ea3n t\u1ed5ng h\u1ee3p c\u00f3 ch\u1ee9c n\u0103ng xu\u1ea5t b\u1ea3n s\u00e1ch v\u00e0 v\u0103n h\u00f3a ph\u1ea9m ph\u1ee5c v\u1ee5 thi\u1ebfu nhi v\u00e0 c\u00e1c b\u1eadc ph\u1ee5 huynh trong c\u1ea3 n\u01b0\u1edbc, qu\u1ea3ng b\u00e1 v\u00e0 gi\u1edbi thi\u1ec7u v\u0103n h\u00f3a Vi\u1ec7t Nam ra th\u1ebf gi\u1edbi.<br \/>Nh\u00e0 xu\u1ea5t b\u1ea3n c\u00f3 nhi\u1ec7m v\u1ee5 t\u1ed5 ch\u1ee9c b\u1ea3n th\u1ea3o, bi\u00ean so\u1ea1n, bi\u00ean d\u1ecbch, xu\u1ea5t b\u1ea3n v\u00e0 ph\u00e1t h\u00e0nh c\u00e1c xu\u1ea5t b\u1ea3n ph\u1ea9m c\u00f3 n\u1ed9i dung: gi\u00e1o d\u1ee5c truy\u1ec1n th\u1ed1ng d\u00e2n t\u1ed9c, gi\u00e1o d\u1ee5c v\u1ec1 tri th\u1ee9c, ki\u1ebfn th\u1ee9c\u2026 tr\u00ean c\u00e1c l\u0129nh v\u1ef1c v\u0103n h\u1ecdc, ngh\u1ec7 thu\u1eadt, khoa h\u1ecdc k\u1ef9 thu\u1eadt nh\u1eb1m cung c\u1ea5p cho c\u00e1c em thi\u1ebfu nhi c\u0169ng nh\u01b0 c\u00e1c b\u1eadc ph\u1ee5 huynh c\u00e1c ki\u1ebfn th\u1ee9c c\u1ea7n thi\u1ebft trong cu\u1ed9c s\u1ed1ng, nh\u1eefng tinh hoa c\u1ee7a tri th\u1ee9c nh\u00e2n lo\u1ea1i nh\u1eb1m g\u00f3p ph\u1ea7n gi\u00e1o d\u1ee5c v\u00e0 h\u00ecnh th\u00e0nh nh\u00e2n c\u00e1ch th\u1ebf h\u1ec7 tr\u1ebb.<br \/>\u0110\u1ed1i t\u01b0\u1ee3ng ph\u1ee5c v\u1ee5 c\u1ee7a Nh\u00e0 xu\u1ea5t b\u1ea3n l\u00e0 c\u00e1c em t\u1eeb tu\u1ed5i nh\u00e0 tr\u1ebb m\u1eabu gi\u00e1o (1 \u0111\u1ebfn 5 tu\u1ed5i), nhi \u0111\u1ed3ng (6 \u0111\u1ebfn 9 tu\u1ed5i), thi\u1ebfu ni\u00ean (10 \u0111\u1ebfn 15 tu\u1ed5i) \u0111\u1ebfn c\u00e1c em tu\u1ed5i m\u1edbi l\u1edbn (16 \u0111\u1ebfn 18 tu\u1ed5i) v\u00e0 c\u00e1c b\u1eadc ph\u1ee5 huynh.<\/p>\n\n[\/col]\n\n[\/row]\n\n<!-- \/wp:flatsome\/uxbuilder -->","post_title":"Kim \u0110\u1ed3ng","post_excerpt":"","post_status":"publish","comment_status":"closed","ping_status":"closed","post_password":"","post_name":"kim-dong","to_ping":"","pinged":"","post_modified":"2021-02-17 01:31:56","post_modified_gmt":"2021-02-16 23:31:56","post_content_filtered":"","post_parent":0,"guid":"https:\/\/sachviet.eu\/nha-phat-hanh\/kim-dong\/","menu_order":0,"post_type":"publisher","post_mime_type":"","comment_count":"0","filter":"raw"}},"_links":{"self":[{"href":"https:\/\/sachviet.eu\/en\/wp-json\/wp\/v2\/product\/7092","targetHints":{"allow":["GET"]}}],"collection":[{"href":"https:\/\/sachviet.eu\/en\/wp-json\/wp\/v2\/product"}],"about":[{"href":"https:\/\/sachviet.eu\/en\/wp-json\/wp\/v2\/types\/product"}],"wp:featuredmedia":[{"embeddable":true,"href":"https:\/\/sachviet.eu\/en\/wp-json\/wp\/v2\/media\/7091"}],"wp:attachment":[{"href":"https:\/\/sachviet.eu\/en\/wp-json\/wp\/v2\/media?parent=7092"}],"wp:term":[{"taxonomy":"product_brand","embeddable":true,"href":"https:\/\/sachviet.eu\/en\/wp-json\/wp\/v2\/product_brand?post=7092"},{"taxonomy":"product_cat","embeddable":true,"href":"https:\/\/sachviet.eu\/en\/wp-json\/wp\/v2\/product_cat?post=7092"},{"taxonomy":"product_tag","embeddable":true,"href":"https:\/\/sachviet.eu\/en\/wp-json\/wp\/v2\/product_tag?post=7092"}],"curies":[{"name":"wp","href":"https:\/\/api.w.org\/{rel}","templated":true}]}}