{"id":7090,"date":"2021-03-30T11:52:47","date_gmt":"2021-03-30T08:52:47","guid":{"rendered":"https:\/\/sachviet.eu\/shop\/kaa-du-ki\/"},"modified":"2023-09-25T14:04:51","modified_gmt":"2023-09-25T11:04:51","slug":"kaa-du-ki","status":"publish","type":"product","link":"https:\/\/sachviet.eu\/en\/shop\/kaa-du-ki\/","title":{"rendered":"Kaa Du K\u00ed"},"content":{"rendered":"<p>Kaa Du K\u00ed &#8211; quy\u1ec3n s\u00e1ch du k\u00ed trong h\u00ecnh th\u1ee9c infographic book c\u1ee7a Kaa, t\u1ee9c h\u1ecda s\u0129 Hu\u1ef3nh Kim Li\u00ean v\u00e0 Ph\u00f9ng Nguy\u00ean Quang<\/p>\n<p>Kaa Du K\u00ed \u0111\u01b0a \u0111\u1ebfn cho b\u1ea1n \u0111\u1ecdc r\u1ea5t nhi\u1ec1u k\u0129 n\u0103ng du l\u1ecbch, t\u1eeb chu\u1ea9n b\u1ecb h\u00e0nh trang, m\u1eabu c\u00e2u giao ti\u1ebfp \u0111\u01a1n gi\u1ea3n nh\u01b0ng h\u1eefu d\u1ee5ng, cho \u0111\u1ebfn nh\u1eefng \u0111i\u1ec1u n\u00ean v\u00e0 kh\u00f4ng n\u00ean l\u00e0m khi \u1edf n\u01b0\u1edbc b\u1ea1n&#8230;<\/p>\n<p>B\u00ean c\u1ea1nh \u0111\u00f3 chuy\u1ebfn du k\u00ed c\u00f2n l\u00e0 c\u00e1c m\u1ea9u chuy\u1ec7n nho nh\u1ecf, d\u1ec5 th\u01b0\u01a1ng v\u00e0 h\u00e0i h\u01b0\u1edbc tr\u00ean h\u00e0nh tr\u00ecnh c\u1ee7a nh\u1eefng ng\u01b0\u1eddi b\u1ea1n tr\u1ebb tu\u1ed5i. \u0110\u1ea5y l\u00e0 tr\u00f2 ch\u01a1i t\u00ecm kho b\u00e1u khi c\u00e1c b\u1ea1n c\u00f9ng nhau \u0111i t\u00ecm ch\u00eca kh\u00f3a \u0111\u1ec3 v\u00e0o c\u0103n h\u1ed9 airbnb. \u0110\u1ea5y l\u00e0 k\u1ec9 ni\u1ec7m th\u00f3t tim khi c\u00e1c b\u1ea1n l\u1ea1c m\u1ea5t t\u00fai \u0111\u1ed3 c\u1ee7a c\u1ea3 nh\u00f3m. \u0110\u1ea5y l\u00e0 v\u1ebb \u0111\u1eb9p tuy\u1ec7t v\u0129 c\u1ee7a thi\u00ean nhi\u00ean m\u00e0 c\u00e1c b\u1ea1n c\u00f9ng ng\u1ea7n ng\u01a1 ng\u1eafm nh\u00ecn. \u0110\u1ea5y l\u00e0 l\u1ea7n c\u00e1c b\u1ea1n gi\u1eadn nhau v\u00ec l\u1ee1 m\u1ea5t m\u1ed9t qu\u00e1n \u0103n ngon, nh\u01b0ng r\u1ed3i v\u1eabn c\u00f9ng co ro s\u01b0\u1edfi \u1ea5m trong c\u00e1i l\u1ea1nh mi\u1ec1n n\u00fai.<\/p>\n<p>Nh\u1eefng c\u00e2u chuy\u1ec7n g\u1ea7n g\u0169i v\u00e0 \u0111\u01a1n gi\u1ea3n v\u1ec1 t\u00ecnh b\u1ea1n nh\u01b0 th\u1ebf s\u1ebd khi\u1ebfn b\u1ea1n c\u1ee9 mu\u1ed1n gi\u1edf m\u00e3i t\u1eebng trang c\u1ee7a quy\u1ec3n du k\u00ed \u0111\u00e1ng y\u00eau n\u00e0y.<\/p>\n","protected":false},"excerpt":{"rendered":"<p>Kaa Du K\u00ed &#8211; quy\u1ec3n s\u00e1ch du k\u00ed trong h\u00ecnh th\u1ee9c infographic book c\u1ee7a Kaa, t\u1ee9c h\u1ecda s\u0129 Hu\u1ef3nh Kim Li\u00ean v\u00e0 Ph\u00f9ng Nguy\u00ean Quang<\/p>\n<p>Kaa Du K\u00ed \u0111\u01b0a \u0111\u1ebfn cho b\u1ea1n \u0111\u1ecdc r\u1ea5t nhi\u1ec1u k\u0129 n\u0103ng du l\u1ecbch, t\u1eeb chu\u1ea9n b\u1ecb h\u00e0nh trang, m\u1eabu c\u00e2u giao ti\u1ebfp \u0111\u01a1n gi\u1ea3n nh\u01b0ng h\u1eefu d\u1ee5ng, cho \u0111\u1ebfn nh\u1eefng \u0111i\u1ec1u n\u00ean v\u00e0 kh\u00f4ng n\u00ean l\u00e0m khi \u1edf n\u01b0\u1edbc b\u1ea1n&#8230;<\/p>\n<p>B\u00ean c\u1ea1nh \u0111\u00f3 chuy\u1ebfn du k\u00ed c\u00f2n l\u00e0 c\u00e1c m\u1ea9u chuy\u1ec7n nho nh\u1ecf, d\u1ec5 th\u01b0\u01a1ng v\u00e0 h\u00e0i h\u01b0\u1edbc tr\u00ean h\u00e0nh tr\u00ecnh c\u1ee7a nh\u1eefng ng\u01b0\u1eddi b\u1ea1n tr\u1ebb tu\u1ed5i. \u0110\u1ea5y l\u00e0 tr\u00f2 ch\u01a1i t\u00ecm kho b\u00e1u khi c\u00e1c b\u1ea1n c\u00f9ng nhau \u0111i t\u00ecm ch\u00eca kh\u00f3a \u0111\u1ec3 v\u00e0o c\u0103n h\u1ed9 airbnb. \u0110\u1ea5y l\u00e0 k\u1ec9 ni\u1ec7m th\u00f3t tim khi c\u00e1c b\u1ea1n l\u1ea1c m\u1ea5t t\u00fai \u0111\u1ed3 c\u1ee7a c\u1ea3 nh\u00f3m. \u0110\u1ea5y l\u00e0 v\u1ebb \u0111\u1eb9p tuy\u1ec7t v\u0129 c\u1ee7a thi\u00ean nhi\u00ean m\u00e0 c\u00e1c b\u1ea1n c\u00f9ng ng\u1ea7n ng\u01a1 ng\u1eafm nh\u00ecn. \u0110\u1ea5y l\u00e0 l\u1ea7n c\u00e1c b\u1ea1n gi\u1eadn nhau v\u00ec l\u1ee1 m\u1ea5t m\u1ed9t qu\u00e1n \u0103n ngon, nh\u01b0ng r\u1ed3i v\u1eabn c\u00f9ng co ro s\u01b0\u1edfi \u1ea5m trong c\u00e1i l\u1ea1nh mi\u1ec1n n\u00fai.<\/p>\n<p>Nh\u1eefng c\u00e2u chuy\u1ec7n g\u1ea7n g\u0169i v\u00e0 \u0111\u01a1n gi\u1ea3n v\u1ec1 t\u00ecnh b\u1ea1n nh\u01b0 th\u1ebf s\u1ebd khi\u1ebfn b\u1ea1n c\u1ee9 mu\u1ed1n gi\u1edf m\u00e3i t\u1eebng trang c\u1ee7a quy\u1ec3n du k\u00ed \u0111\u00e1ng y\u00eau n\u00e0y.<\/p>\n","protected":false},"featured_media":7082,"template":"","meta":{"_acf_changed":false},"product_brand":[],"product_cat":[15,42,47],"product_tag":[],"class_list":{"0":"post-7090","1":"product","2":"type-product","3":"status-publish","4":"has-post-thumbnail","6":"product_cat-sach-danh-cho-nguoi-lon","7":"product_cat-sach-nau-an-am-thuc","8":"product_cat-truyen-ngan-tan-van","10":"first","11":"outofstock","12":"taxable","13":"shipping-taxable","14":"purchasable","15":"product-type-simple"},"supplier_id":null,"supplier_sku":"","barcode":null,"atum_controlled":true,"out_stock_date":"2023-09-25 11:04:51","out_stock_threshold":null,"inheritable":false,"inbound_stock":1,"stock_on_hold":0,"sold_today":0,"sales_last_days":0,"reserved_stock":0,"customer_returns":0,"warehouse_damage":0,"lost_in_post":0,"other_logs":0,"out_stock_days":856,"lost_sales":0,"has_location":false,"update_date":"2026-01-28T23:10:40","atum_locations":[],"atum_stock_status":"outofstock","restock_status":false,"low_stock_amount":"","sales_update_date":"2026-01-28T23:10:40","calc_backorders":null,"acf":{"publisher":{"ID":1454,"post_author":"1","post_date":"2021-02-17 01:11:34","post_date_gmt":"2021-02-16 23:11:34","post_content":"<!-- wp:flatsome\/uxbuilder -->\n<h1 style=\"text-align: center;\"><strong>Kim \u0110\u1ed3ng<\/strong><\/h1>\n[row]\n\n[col span=\"3\" span__sm=\"12\"]\n\n[ux_image id=\"1534\" image_size=\"medium\"]\n\n\n[\/col]\n[col span=\"9\" span__sm=\"12\"]\n\n<p>Nh\u00e0 xu\u1ea5t b\u1ea3n Kim \u0110\u1ed3ng tr\u1ef1c thu\u1ed9c Trung \u01b0\u01a1ng \u0110o\u00e0n TNCS H\u1ed3 Ch\u00ed Minh l\u00e0 Nh\u00e0 xu\u1ea5t b\u1ea3n t\u1ed5ng h\u1ee3p c\u00f3 ch\u1ee9c n\u0103ng xu\u1ea5t b\u1ea3n s\u00e1ch v\u00e0 v\u0103n h\u00f3a ph\u1ea9m ph\u1ee5c v\u1ee5 thi\u1ebfu nhi v\u00e0 c\u00e1c b\u1eadc ph\u1ee5 huynh trong c\u1ea3 n\u01b0\u1edbc, qu\u1ea3ng b\u00e1 v\u00e0 gi\u1edbi thi\u1ec7u v\u0103n h\u00f3a Vi\u1ec7t Nam ra th\u1ebf gi\u1edbi.<br \/>Nh\u00e0 xu\u1ea5t b\u1ea3n c\u00f3 nhi\u1ec7m v\u1ee5 t\u1ed5 ch\u1ee9c b\u1ea3n th\u1ea3o, bi\u00ean so\u1ea1n, bi\u00ean d\u1ecbch, xu\u1ea5t b\u1ea3n v\u00e0 ph\u00e1t h\u00e0nh c\u00e1c xu\u1ea5t b\u1ea3n ph\u1ea9m c\u00f3 n\u1ed9i dung: gi\u00e1o d\u1ee5c truy\u1ec1n th\u1ed1ng d\u00e2n t\u1ed9c, gi\u00e1o d\u1ee5c v\u1ec1 tri th\u1ee9c, ki\u1ebfn th\u1ee9c\u2026 tr\u00ean c\u00e1c l\u0129nh v\u1ef1c v\u0103n h\u1ecdc, ngh\u1ec7 thu\u1eadt, khoa h\u1ecdc k\u1ef9 thu\u1eadt nh\u1eb1m cung c\u1ea5p cho c\u00e1c em thi\u1ebfu nhi c\u0169ng nh\u01b0 c\u00e1c b\u1eadc ph\u1ee5 huynh c\u00e1c ki\u1ebfn th\u1ee9c c\u1ea7n thi\u1ebft trong cu\u1ed9c s\u1ed1ng, nh\u1eefng tinh hoa c\u1ee7a tri th\u1ee9c nh\u00e2n lo\u1ea1i nh\u1eb1m g\u00f3p ph\u1ea7n gi\u00e1o d\u1ee5c v\u00e0 h\u00ecnh th\u00e0nh nh\u00e2n c\u00e1ch th\u1ebf h\u1ec7 tr\u1ebb.<br \/>\u0110\u1ed1i t\u01b0\u1ee3ng ph\u1ee5c v\u1ee5 c\u1ee7a Nh\u00e0 xu\u1ea5t b\u1ea3n l\u00e0 c\u00e1c em t\u1eeb tu\u1ed5i nh\u00e0 tr\u1ebb m\u1eabu gi\u00e1o (1 \u0111\u1ebfn 5 tu\u1ed5i), nhi \u0111\u1ed3ng (6 \u0111\u1ebfn 9 tu\u1ed5i), thi\u1ebfu ni\u00ean (10 \u0111\u1ebfn 15 tu\u1ed5i) \u0111\u1ebfn c\u00e1c em tu\u1ed5i m\u1edbi l\u1edbn (16 \u0111\u1ebfn 18 tu\u1ed5i) v\u00e0 c\u00e1c b\u1eadc ph\u1ee5 huynh.<\/p>\n\n[\/col]\n\n[\/row]\n\n<!-- \/wp:flatsome\/uxbuilder -->","post_title":"Kim \u0110\u1ed3ng","post_excerpt":"","post_status":"publish","comment_status":"closed","ping_status":"closed","post_password":"","post_name":"kim-dong","to_ping":"","pinged":"","post_modified":"2021-02-17 01:31:56","post_modified_gmt":"2021-02-16 23:31:56","post_content_filtered":"","post_parent":0,"guid":"https:\/\/sachviet.eu\/nha-phat-hanh\/kim-dong\/","menu_order":0,"post_type":"publisher","post_mime_type":"","comment_count":"0","filter":"raw"}},"_links":{"self":[{"href":"https:\/\/sachviet.eu\/en\/wp-json\/wp\/v2\/product\/7090","targetHints":{"allow":["GET"]}}],"collection":[{"href":"https:\/\/sachviet.eu\/en\/wp-json\/wp\/v2\/product"}],"about":[{"href":"https:\/\/sachviet.eu\/en\/wp-json\/wp\/v2\/types\/product"}],"wp:featuredmedia":[{"embeddable":true,"href":"https:\/\/sachviet.eu\/en\/wp-json\/wp\/v2\/media\/7082"}],"wp:attachment":[{"href":"https:\/\/sachviet.eu\/en\/wp-json\/wp\/v2\/media?parent=7090"}],"wp:term":[{"taxonomy":"product_brand","embeddable":true,"href":"https:\/\/sachviet.eu\/en\/wp-json\/wp\/v2\/product_brand?post=7090"},{"taxonomy":"product_cat","embeddable":true,"href":"https:\/\/sachviet.eu\/en\/wp-json\/wp\/v2\/product_cat?post=7090"},{"taxonomy":"product_tag","embeddable":true,"href":"https:\/\/sachviet.eu\/en\/wp-json\/wp\/v2\/product_tag?post=7090"}],"curies":[{"name":"wp","href":"https:\/\/api.w.org\/{rel}","templated":true}]}}