{"id":652,"date":"2021-02-13T14:43:18","date_gmt":"2021-02-13T12:43:18","guid":{"rendered":"https:\/\/sachviet.eu\/shop\/mot-phuong-roi-nuoc\/"},"modified":"2021-09-08T00:38:27","modified_gmt":"2021-09-07T21:38:27","slug":"mot-phuong-roi-nuoc","status":"publish","type":"product","link":"https:\/\/sachviet.eu\/en\/shop\/mot-phuong-roi-nuoc\/","title":{"rendered":"M\u1ed9t ph\u01b0\u1eddng r\u1ed1i n\u01b0\u1edbc"},"content":{"rendered":"<p>M\u1ed9t ph\u01b0\u1eddng R\u1ed1i n\u01b0\u1edbc &#8211; Quy\u1ec3n s\u00e1ch thi\u1ebfu nhi ch\u1ee7 \u0111\u1ec1 R\u1ed1i n\u01b0\u1edbc \u0111\u1ea7u ti\u00ean do Sunbox th\u1ef1c hi\u1ec7n<\/p>\n<p>Nh\u1eefng trang s\u00e1ch \u0111\u1ea7y s\u1eafc m\u00e0u, n\u01a1i Sunbox g\u1eedi g\u1eafm \u01b0\u1edbc m\u01a1 nu\u00f4i d\u01b0\u1ee1ng t\u00ecnh y\u00eau v\u1edbi R\u1ed1i N\u01b0\u1edbc; lo\u1ea1i h\u00ecnh ngh\u1ec7 thu\u1eadt d\u00e2n gian qu\u00fd c\u1ee7a Vi\u1ec7t Nam.<\/p>\n<p>&#8220;C\u00f3 m\u1ed9t ph\u01b0\u1eddng R\u1ed1i n\u01b0\u1edbc, n\u1eb1m gi\u1eefa c\u00e1nh \u0111\u1ed3ng l\u00e0ng&#8230; &#8221; &#8211; C\u00e2u th\u01a1 m\u1edf \u0111\u1ea7u cho h\u00e0nh tr\u00ecnh t\u00ecm hi\u1ec3u R\u1ed1i \u0111\u1ea7y th\u00fa v\u1ecb, b\u00e9 kh\u00f4ng ch\u1ec9 \u0111\u01b0\u1ee3c xem tranh m\u00e0 c\u00f2n t\u01b0\u01a1ng t\u00e1c v\u1edbi s\u00e1ch b\u1eb1ng c\u00e1ch t\u1eadp \u0111\u1ebfm th\u00f4ng qua nh\u1eefng h\u00ecnh v\u1ebd minh ho\u1ea1 sinh \u0111\u1ed9ng. C\u00e2u chuy\u1ec7n v\u1ec1 c\u00f4ng \u0111o\u1ea1n chu\u1ea9n b\u1ecb cho v\u1edf di\u1ec5n c\u1ee7a hai cha con ngh\u1ec7 nh\u00e2n R\u1ed1i, \u0111\u01b0\u1ee3c th\u1ec3 hi\u1ec7n b\u1eb1ng ch\u1ea5t li\u1ec7u th\u01a1 nh\u1eb9 nh\u00e0ng cho b\u00e9 d\u1ec5 nh\u1edb v\u00e0 \u0111\u1ecdc theo. Th\u00f4ng qua \u0111\u00e2y, b\u00e9 c\u0169ng c\u00f3 d\u1ecbp t\u00ecm hi\u1ec3u th\u1ebf gi\u1edbi v\u0103n ho\u00e1 \u0111\u1eadm ch\u1ea5t d\u00e2n t\u1ed9c, b\u00e9 \u0111\u01b0\u1ee3c l\u00e0m quen v\u1edbi nh\u1eefng ng\u01b0\u1eddi b\u1ea1n m\u1edbi nh\u01b0 Ch\u00fa T\u1ec5u, C\u00f4 Ti\u00ean, b\u00e9 \u0111\u01b0\u1ee3c ph\u00e1t huy tr\u00ed t\u01b0\u1edfng t\u01b0\u1edfng t\u1ed1i \u0111a v\u1ec1 m\u1ed9t cu\u1ed9c s\u1ed1ng \u0111\u1ed3ng qu\u00ea d\u00e2n d\u00e3, c\u00f3 b\u1eaft c\u00e1, l\u00f9a v\u1ecbt, c\u00f3 c\u1ea5y l\u00faa, ch\u0103n tr\u00e2u&#8230; v\u00e0 c\u00f2n nhi\u1ec1u \u0111i\u1ec1u th\u00fa v\u1ecb \u0111ang ch\u1edd \u0111\u1ee3i&#8230;<\/p>\n<p><strong>V\u00ec sao Sunbox ch\u1ecdn R\u1ed1i n\u01b0\u1edbc?<\/strong><\/p>\n<p>M\u00faa R\u1ed1i n\u01b0\u1edbc l\u00e0 m\u1ed9t trong nh\u1eefng lo\u1ea1i h\u00ecnh s\u00e2n kh\u1ea5u ti\u00eau bi\u1ec3u cho n\u1ec1n v\u0103n h\u00f3a d\u00e2n t\u1ed9c \u2013 Th\u1ec3 hi\u1ec7n tr\u00ed tu\u1ec7, s\u1ef1 th\u00f4ng minh v\u00e0 s\u1ee9c s\u00e1ng t\u1ea1o c\u1ee7a con ng\u01b0\u1eddi Vi\u1ec7t Nam. L\u1ecbch s\u1eed tr\u01b0\u1eddng t\u1ed3n h\u01a1n 1000 n\u0103m l\u00e0 ngu\u1ed3n c\u1ea3m h\u1ee9ng l\u1edbn lao \u0111\u1ec3 Sunbox n\u1ed7 l\u1ef1c mang R\u1ed1i n\u01b0\u1edbc \u0111\u1ebfn g\u1ea7n v\u1edbi tr\u1ebb em, hy v\u1ecdng g\u00f3p m\u1ed9t ph\u1ea7n r\u1ea5t nh\u1ecf \u0111\u1ec3 m\u00f4n ngh\u1ec7 thu\u1eadt truy\u1ec1n th\u1ed1ng n\u00e0y ti\u1ebfp t\u1ee5c s\u1ed1ng trong l\u00f2ng ng\u01b0\u1eddi Vi\u1ec7t. \u0110\u1ec3 th\u1ef1c hi\u1ec7n d\u1ef1 \u00e1n, t\u00e1c gi\u1ea3 \u0111\u00e3 c\u00f3 4 l\u1ea7n bay ra H\u00e0 N\u1ed9i trong hai n\u0103m \u0111\u1ec3 t\u00ecm hi\u1ec3u v\u1ec1 R\u1ed1i N\u01b0\u1edbc; ho\u1ea1 s\u0129 \u0111\u00e3 k\u00fd ho\u1ea1 h\u00e0ng tr\u0103m con r\u1ed1i \u0111\u1ec3 t\u00ecm ra c\u00e1ch v\u1ebd ph\u00f9 h\u1ee3p; h\u01a1n ch\u1ee5c l\u1ea7n ch\u1ec9nh s\u1eeda k\u1ecbch b\u1ea3n, v\u00e0 \u0111\u01b0\u1ee3c c\u00e1c ngh\u1ec7 nh\u00e2n \u0111i\u1ec1u ch\u1ec9nh t\u1eebng t\u1eeb \u0111\u1ec3 \u0111\u00fang v\u1edbi ho\u1ea1t \u0111\u1ed9ng di\u1ec5n R\u1ed1i n\u01b0\u1edbc.<\/p>\n<p>Hy v\u1ecdng c\u00e1c b\u1eadc ph\u1ee5 huynh v\u00e0 b\u00e9 s\u1ebd y\u00eau th\u00edch c\u0169ng nh\u01b0 \u1ee7ng h\u1ed9 d\u1ef1 \u00e1n n\u00e0y!<\/p>\n<p><strong>M\u1ed8T PH\u01af\u1edcNG R\u1ed0I N\u01af\u1edaC THU\u1ed8C D\u1ef0 \u00c1N T\u1ee6 S\u00c1CH SI\u00caU NH\u00c2N<\/strong><\/p>\n<p>\u0110\u00e2y l\u00e0 ch\u01b0\u01a1ng tr\u00ecnh c\u1ed9ng \u0111\u1ed3ng l\u1ea5y tr\u1ecdng t\u00e2m l\u00e0 xu\u1ea5t b\u1ea3n s\u00e1ch. Cu\u1ed1n s\u00e1ch b\u1ea1n \u0111ang c\u1ea7m tr\u00ean tay kh\u00f4ng ch\u1ec9 truy\u1ec1n t\u1ea3i th\u00f4ng \u0111i\u1ec7p t\u00edch c\u1ef1c, m\u00e0 c\u00f2n g\u00f3p ph\u1ea7n g\u00e2y qu\u1ef9 cho c\u00e1c d\u1ef1 \u00e1n h\u1ed7 tr\u1ee3 tr\u1ebb em y\u1ebfu th\u1ebf do ch\u00ednh Sunbox th\u1ef1c hi\u1ec7n.<\/p>\n  <div class=\"banner-grid-wrapper\">\n  <div id=\"banner-grid-1549744992\" class=\"banner-grid row row-grid row-small\" data-packery-options=\"\">\n                      \n<div class=\"col grid-col large-12 grid-col-1\" ><div class=\"col-inner\">\n\t<div class=\"img has-hover x md-x lg-x y md-y lg-y\" id=\"image_1508824721\">\n\t\t\t\t\t\t\t\t<div class=\"img-inner dark\" >\n\t\t\t<img loading=\"lazy\" decoding=\"async\" width=\"1020\" height=\"522\" src=\"https:\/\/sachviet.eu\/wp-content\/uploads\/2021\/02\/5dd16d77648f279cf4fc9479047e58df-1024x524.jpg\" class=\"attachment-large size-large\" alt=\"\" srcset=\"https:\/\/sachviet.eu\/wp-content\/uploads\/2021\/02\/5dd16d77648f279cf4fc9479047e58df-1024x524.jpg 1024w, https:\/\/sachviet.eu\/wp-content\/uploads\/2021\/02\/5dd16d77648f279cf4fc9479047e58df-300x154.jpg 300w, https:\/\/sachviet.eu\/wp-content\/uploads\/2021\/02\/5dd16d77648f279cf4fc9479047e58df-768x393.jpg 768w, https:\/\/sachviet.eu\/wp-content\/uploads\/2021\/02\/5dd16d77648f279cf4fc9479047e58df-1536x786.jpg 1536w, https:\/\/sachviet.eu\/wp-content\/uploads\/2021\/02\/5dd16d77648f279cf4fc9479047e58df-600x307.jpg 600w, https:\/\/sachviet.eu\/wp-content\/uploads\/2021\/02\/5dd16d77648f279cf4fc9479047e58df.jpg 2048w\" sizes=\"auto, (max-width: 1020px) 100vw, 1020px\" \/>\t\t\t\t\t\t\n\t\t\t\t\t<\/div>\n\t\t\t\t\t\t\t\t\n<style>\n#image_1508824721 {\n  width: 100%;\n}\n<\/style>\n\t<\/div>\n\t\n<\/div><\/div>\n<div class=\"col grid-col large-13 grid-col-1\" ><div class=\"col-inner\">\n\t<div class=\"img has-hover x md-x lg-x y md-y lg-y\" id=\"image_713127078\">\n\t\t\t\t\t\t\t\t<div class=\"img-inner dark\" >\n\t\t\t<img loading=\"lazy\" decoding=\"async\" width=\"1020\" height=\"681\" src=\"https:\/\/sachviet.eu\/wp-content\/uploads\/2021\/02\/74222797_2491497914415077_8870556854493642752_o-1024x684.jpg\" class=\"attachment-large size-large\" alt=\"\" srcset=\"https:\/\/sachviet.eu\/wp-content\/uploads\/2021\/02\/74222797_2491497914415077_8870556854493642752_o-1024x684.jpg 1024w, https:\/\/sachviet.eu\/wp-content\/uploads\/2021\/02\/74222797_2491497914415077_8870556854493642752_o-300x200.jpg 300w, https:\/\/sachviet.eu\/wp-content\/uploads\/2021\/02\/74222797_2491497914415077_8870556854493642752_o-768x513.jpg 768w, https:\/\/sachviet.eu\/wp-content\/uploads\/2021\/02\/74222797_2491497914415077_8870556854493642752_o-1536x1025.jpg 1536w, https:\/\/sachviet.eu\/wp-content\/uploads\/2021\/02\/74222797_2491497914415077_8870556854493642752_o-600x400.jpg 600w, https:\/\/sachviet.eu\/wp-content\/uploads\/2021\/02\/74222797_2491497914415077_8870556854493642752_o.jpg 2048w\" sizes=\"auto, (max-width: 1020px) 100vw, 1020px\" \/>\t\t\t\t\t\t\n\t\t\t\t\t<\/div>\n\t\t\t\t\t\t\t\t\n<style>\n#image_713127078 {\n  width: 100%;\n}\n<\/style>\n\t<\/div>\n\t\n<\/div><\/div>\n            <\/div>\n    <style>\n    #banner-grid-1549744992 .grid-col-1{height: 600px}\n    #banner-grid-1549744992 .grid-col-1-2{height: 300px}\n    #banner-grid-1549744992 .grid-col-1-3{height:200px}\n    #banner-grid-1549744992 .grid-col-2-3{height: 400px}\n    #banner-grid-1549744992 .grid-col-1-4{height: 150px}\n    #banner-grid-1549744992 .grid-col-3-4{height: 450px}\n\n\n    \n    \n\n  <\/style>\n    <\/div>\n  \n","protected":false},"excerpt":{"rendered":"<p>&#8220;C\u00f3 m\u1ed9t ph\u01b0\u1eddng R\u1ed1i n\u01b0\u1edbc, n\u1eb1m gi\u1eefa c\u00e1nh \u0111\u1ed3ng l\u00e0ng&#8230; &#8221; &#8211; C\u00e2u th\u01a1 m\u1edf \u0111\u1ea7u cho h\u00e0nh tr\u00ecnh t\u00ecm hi\u1ec3u R\u1ed1i \u0111\u1ea7y th\u00fa v\u1ecb, b\u00e9 kh\u00f4ng ch\u1ec9 \u0111\u01b0\u1ee3c xem tranh m\u00e0 c\u00f2n t\u01b0\u01a1ng t\u00e1c v\u1edbi s\u00e1ch b\u1eb1ng c\u00e1ch t\u1eadp \u0111\u1ebfm th\u00f4ng qua nh\u1eefng h\u00ecnh v\u1ebd minh ho\u1ea1 sinh \u0111\u1ed9ng. C\u00e2u chuy\u1ec7n v\u1ec1 c\u00f4ng \u0111o\u1ea1n chu\u1ea9n b\u1ecb cho v\u1edf di\u1ec5n c\u1ee7a hai cha con ngh\u1ec7 nh\u00e2n R\u1ed1i, \u0111\u01b0\u1ee3c th\u1ec3 hi\u1ec7n b\u1eb1ng ch\u1ea5t li\u1ec7u th\u01a1 nh\u1eb9 nh\u00e0ng cho b\u00e9 d\u1ec5 nh\u1edb v\u00e0 \u0111\u1ecdc theo. Th\u00f4ng qua \u0111\u00e2y, b\u00e9 c\u0169ng c\u00f3 d\u1ecbp t\u00ecm hi\u1ec3u th\u1ebf gi\u1edbi v\u0103n ho\u00e1 \u0111\u1eadm ch\u1ea5t d\u00e2n t\u1ed9c, b\u00e9 \u0111\u01b0\u1ee3c l\u00e0m quen v\u1edbi nh\u1eefng ng\u01b0\u1eddi b\u1ea1n m\u1edbi nh\u01b0 Ch\u00fa T\u1ec5u, C\u00f4 Ti\u00ean, b\u00e9 \u0111\u01b0\u1ee3c ph\u00e1t huy tr\u00ed t\u01b0\u1edfng t\u01b0\u1edfng t\u1ed1i \u0111a v\u1ec1 m\u1ed9t cu\u1ed9c s\u1ed1ng \u0111\u1ed3ng qu\u00ea d\u00e2n d\u00e3, c\u00f3 b\u1eaft c\u00e1, l\u00f9a v\u1ecbt, c\u00f3 c\u1ea5y l\u00faa, ch\u0103n tr\u00e2u&#8230; v\u00e0 c\u00f2n nhi\u1ec1u \u0111i\u1ec1u th\u00fa v\u1ecb \u0111ang ch\u1edd \u0111\u1ee3i&#8230;<\/p>\n","protected":false},"featured_media":643,"template":"","meta":{"_acf_changed":false},"product_brand":[],"product_cat":[24,25,17,71],"product_tag":[],"class_list":{"0":"post-652","1":"product","2":"type-product","3":"status-publish","4":"has-post-thumbnail","6":"product_cat-nha-tre-mau-giao-0-tuoi-6-tuoi","7":"product_cat-nhi-dong-6-tuoi-12-tuoi","8":"product_cat-sach-danh-cho-cac-be","9":"product_cat-sach-tre-em-thuan-viet","11":"first","12":"outofstock","13":"taxable","14":"shipping-taxable","15":"purchasable","16":"product-type-simple"},"supplier_id":null,"supplier_sku":"","barcode":null,"atum_controlled":true,"out_stock_date":"2021-09-07 21:38:27","out_stock_threshold":null,"inheritable":false,"inbound_stock":0,"stock_on_hold":0,"sold_today":0,"sales_last_days":0,"reserved_stock":0,"customer_returns":0,"warehouse_damage":0,"lost_in_post":0,"other_logs":0,"out_stock_days":1604,"lost_sales":0,"has_location":false,"update_date":"2026-01-28T23:10:29","atum_locations":[],"atum_stock_status":"outofstock","restock_status":false,"low_stock_amount":"","sales_update_date":"2026-01-28T23:10:29","calc_backorders":null,"acf":{"publisher":{"ID":1455,"post_author":"1","post_date":"2021-02-17 01:11:34","post_date_gmt":"2021-02-16 23:11:34","post_content":"<!-- wp:flatsome\/uxbuilder -->\n<h1 style=\"text-align: center;\"><strong>SUNBOX<\/strong><\/h1>\n[row]\n\n[col span=\"11\" span__sm=\"12\"]\n\n<p><strong>Sunbox<\/strong> l\u00e0 nh\u00f3m ho\u1ea1t \u0111\u1ed9ng c\u1ed9ng \u0111\u1ed3ng th\u00e0nh l\u1eadp t\u1eeb n\u0103m 2015 v\u00e0 tr\u1edf th\u00e0nh doanh nghi\u1ec7p x\u00e3 h\u1ed9i t\u1eeb n\u0103m 2019. Qua 4 n\u0103m ho\u1ea1t \u0111\u1ed9ng, Sunbox th\u1ef1c hi\u1ec7n nh\u1eefng d\u1ef1 \u00e1n h\u01b0\u1edbng \u0111\u1ebfn nh\u1eefng ng\u01b0\u1eddi y\u1ebfu th\u1ebf trong x\u00e3 h\u1ed9i, \u0111\u1eb7c bi\u1ec7t l\u00e0 tr\u1ebb em. Ngay t\u1eeb khi b\u1eaft \u0111\u1ea7u h\u00e0nh tr\u00ecnh n\u00e0y, Sunbox \u0111\u00e3 lu\u00f4n tin r\u1eb1ng \u201cVi\u1ec7c c\u1ed9ng \u0111\u1ed3ng c\u1ea7n c\u1ea3 c\u1ed9ng \u0111\u1ed3ng chung tay th\u1ef1c hi\u1ec7n\u201d<\/p>\n\n[\/col]\n[col span=\"1\" span__sm=\"12\"]\n\n[ux_image id=\"1655\" image_size=\"medium\"]\n\n\n[\/col]\n\n[\/row]\n\n<!-- \/wp:flatsome\/uxbuilder -->","post_title":"Sunbox","post_excerpt":"","post_status":"publish","comment_status":"closed","ping_status":"closed","post_password":"","post_name":"sunbox","to_ping":"","pinged":"","post_modified":"2021-02-17 01:37:23","post_modified_gmt":"2021-02-16 23:37:23","post_content_filtered":"","post_parent":0,"guid":"https:\/\/sachviet.eu\/nha-phat-hanh\/sunbox\/","menu_order":0,"post_type":"publisher","post_mime_type":"","comment_count":"0","filter":"raw"}},"_links":{"self":[{"href":"https:\/\/sachviet.eu\/en\/wp-json\/wp\/v2\/product\/652","targetHints":{"allow":["GET"]}}],"collection":[{"href":"https:\/\/sachviet.eu\/en\/wp-json\/wp\/v2\/product"}],"about":[{"href":"https:\/\/sachviet.eu\/en\/wp-json\/wp\/v2\/types\/product"}],"wp:featuredmedia":[{"embeddable":true,"href":"https:\/\/sachviet.eu\/en\/wp-json\/wp\/v2\/media\/643"}],"wp:attachment":[{"href":"https:\/\/sachviet.eu\/en\/wp-json\/wp\/v2\/media?parent=652"}],"wp:term":[{"taxonomy":"product_brand","embeddable":true,"href":"https:\/\/sachviet.eu\/en\/wp-json\/wp\/v2\/product_brand?post=652"},{"taxonomy":"product_cat","embeddable":true,"href":"https:\/\/sachviet.eu\/en\/wp-json\/wp\/v2\/product_cat?post=652"},{"taxonomy":"product_tag","embeddable":true,"href":"https:\/\/sachviet.eu\/en\/wp-json\/wp\/v2\/product_tag?post=652"}],"curies":[{"name":"wp","href":"https:\/\/api.w.org\/{rel}","templated":true}]}}