{"id":6328,"date":"2021-03-15T01:34:06","date_gmt":"2021-03-14T23:34:06","guid":{"rendered":"https:\/\/sachviet.eu\/shop\/don-giuong-di-roi-thay-doi-the-gioi\/"},"modified":"2021-03-23T01:15:31","modified_gmt":"2021-03-22T23:15:31","slug":"don-giuong-di-roi-thay-doi-the-gioi","status":"publish","type":"product","link":"https:\/\/sachviet.eu\/en\/shop\/don-giuong-di-roi-thay-doi-the-gioi\/","title":{"rendered":"D\u1ecdn Gi\u01b0\u1eddng \u0110i R\u1ed3i Thay \u0110\u1ed5i Th\u1ebf Gi\u1edbi"},"content":{"rendered":"<p>D\u1ecdn Gi\u01b0\u1eddng \u0110i R\u1ed3i Thay \u0110\u1ed5i Th\u1ebf Gi\u1edbi<\/p>\n<p>\u201cM\u1ecdi nh\u00e0 l\u00e3nh \u0111\u1ea1o \u0111\u1ec1u n\u00ean \u0111\u1ecdc cu\u1ed1n s\u00e1ch n\u00e0y. \u0110\u00e2y l\u00e0 cu\u1ed1n s\u00e1ch truy\u1ec1n c\u1ea3m h\u1ee9ng cho con ch\u00e1u ch\u00fang ta tr\u1edf th\u00e0nh b\u1ea5t c\u1ee9 m\u1eabu h\u00ecnh n\u00e0o m\u00e0 ch\u00fang mu\u1ed1n. Tr\u00ean h\u1ebft, \u0111\u00e2y l\u00e0 cu\u1ed1n s\u00e1ch s\u1ebd khi\u1ebfn b\u1ea1n tr\u00e0o n\u01b0\u1edbc m\u1eaft.\u201d \u2015Wall Street Journal<\/p>\n<p>GI\u1edaI THI\u1ec6U S\u00c1CH:<\/p>\n<p>\u201cN\u1ebfu d\u1ecdn gi\u01b0\u1eddng v\u00e0o m\u1ed7i bu\u1ed5i s\u00e1ng, b\u1ea1n \u0111\u00e3 ho\u00e0n th\u00e0nh c\u00f4ng vi\u1ec7c \u0111\u1ea7u ti\u00ean trong ng\u00e0y. N\u00f3 s\u1ebd cho b\u1ea1n ch\u00fat c\u1ea3m gi\u00e1c ki\u00eau h\u00e3nh v\u00e0 khuy\u1ebfn kh\u00edch b\u1ea1n l\u00e0m th\u00eam vi\u1ec7c n\u00e0y vi\u1ec7c kh\u00e1c. T\u1edbi cu\u1ed1i ng\u00e0y, c\u00f4ng vi\u1ec7c ho\u00e0n th\u00e0nh \u0111\u1ea7u ti\u00ean \u0111\u00f3 s\u1ebd bi\u1ebfn th\u00e0nh r\u1ea5t nhi\u1ec1u c\u00f4ng vi\u1ec7c kh\u00e1c \u0111\u00e3 \u0111\u01b0\u1ee3c ho\u00e0n th\u00e0nh.<\/p>\n<p>D\u1ecdn gi\u01b0\u1eddng c\u1ee7ng c\u1ed1 s\u1ef1 th\u1ef1c r\u1eb1ng ngay c\u1ea3 nh\u1eefng \u0111i\u1ec1u nh\u1ecf b\u00e9 trong cu\u1ed9c s\u1ed1ng c\u0169ng c\u00f3 \u00fd ngh\u0129a. N\u1ebfu b\u1ea1n kh\u00f4ng th\u1ec3 l\u00e0m \u0111\u00fang ngay t\u1eeb nh\u1eefng vi\u1ec7c nh\u1ecf nh\u1ea5t, b\u1ea1n s\u1ebd kh\u00f4ng bao gi\u1edd c\u00f3 th\u1ec3 l\u00e0m \u0111\u00fang nh\u1eefng vi\u1ec7c to l\u1edbn.\u201d<\/p>\n<p>V\u00ec th\u1ebf, n\u1ebfu b\u1ea1n mu\u1ed1n thay \u0111\u1ed5i th\u1ebf gi\u1edbi, h\u00e3y d\u1ecdn gi\u01b0\u1eddng c\u1ee7a b\u1ea1n m\u1ed7i s\u00e1ng \u0111i!<\/p>\n<p>GI\u1edaI THI\u1ec6U T\u00c1C GI\u1ea2:<\/p>\n<p>C\u1ef1u \u0110\u00f4 \u0111\u1ed1c William H. McRaven sinh n\u0103m 1955 t\u1ea1i bang North Carolina, t\u1ed1t nghi\u1ec7p \u0110\u1ea1i h\u1ecdc Texas n\u0103m 1977 v\u00e0 gia nh\u1eadp H\u1ea3i qu\u00e2n sau \u0111\u00f3.<\/p>\n<p>\u00d4ng t\u1eebng gi\u1eef ch\u1ee9c v\u1ee5 Ch\u1ec9 huy tr\u01b0\u1edfng B\u1ed9 ch\u1ec9 huy \u0110\u1eb7c nhi\u1ec7m M\u1ef9; \u00f4ng c\u0169ng l\u00e0 Ch\u1ec9 huy tr\u01b0\u1edfng c\u00e1c nhi\u1ec7m v\u1ee5: ti\u00eau di\u1ec7t Osama Bin Laden, b\u1eaft Saddam Hussein, gi\u1ea3i c\u1ee9u thuy\u1ec1n tr\u01b0\u1edfng Phillips.<\/p>\n<p>\u00d4ng ngh\u1ec9 h\u01b0u n\u0103m 2014, sau 37 n\u0103m ph\u1ee5c v\u1ee5 qu\u00e2n \u0111\u1ed9i. T\u1eeb th\u00e1ng M\u1ed9t n\u0103m 2015 \u0111\u1ebfn n\u0103m 2018, \u00f4ng gi\u1eef c\u01b0\u01a1ng v\u1ecb hi\u1ec7u tr\u01b0\u1edfng tr\u01b0\u1eddng \u0110\u1ea1i h\u1ecdc Texas.<\/p>\n<p>\u00d4ng t\u1eebng gi\u00e0nh v\u1ecb tr\u00ed \u00e1 qu\u00e2n trong danh s\u00e1ch Nh\u00e2n v\u1eadt c\u1ee7a n\u0103m do t\u1ea1p ch\u00ed Time b\u00ecnh ch\u1ecdn n\u0103m 2011. N\u0103m 2012, William H. McRaven c\u00f3 t\u00ean trong t\u1ed1p 10 chuy\u00ean gia ch\u00ednh s\u00e1ch ngo\u1ea1i giao v\u00e0 t\u1ed1p 100 Nh\u00e0 t\u01b0 t\u01b0\u1edfng to\u00e0n c\u1ea7u do t\u1ea1p ch\u00ed Foreign Policy b\u00ecnh ch\u1ecdn.<\/p>\n<p>TR\u00cdCH \u0110O\u1ea0N:<\/p>\n<p>\u201cD\u1ecdn gi\u01b0\u1eddng \u0111\u00fang c\u00e1ch kh\u00f4ng ph\u1ea3i l\u00e0 m\u1ed9t c\u01a1 h\u1ed9i \u0111\u1ec3 nh\u1eadn \u0111\u01b0\u1ee3c l\u1eddi khen. T\u00f4i \u0111\u01b0\u1ee3c k\u1ef3 v\u1ecdng ph\u1ea3i l\u00e0m th\u1ebf. \u0110\u00f3 l\u00e0 nhi\u1ec7m v\u1ee5 \u0111\u1ea7u ti\u00ean trong ng\u00e0y c\u1ee7a t\u00f4i, v\u00e0 l\u00e0m n\u00f3 \u0111\u00fang c\u00e1ch r\u1ea5t quan tr\u1ecdng. N\u00f3 ch\u1ee9ng minh t\u00ednh k\u1ef7 lu\u1eadt c\u1ee7a t\u00f4i. N\u00f3 th\u1ec3 hi\u1ec7n s\u1ef1 ch\u00fa t\u00e2m \u0111\u1ebfn t\u1eebng chi ti\u1ebft, v\u00e0 v\u00e0o cu\u1ed1i ng\u00e0y, n\u00f3 s\u1ebd nh\u1eafc t\u00f4i nh\u1edb r\u1eb1ng t\u00f4i \u0111\u00e3 ho\u00e0n th\u00e0nh t\u1ed1t m\u1ed9t vi\u1ec7c g\u00ec \u0111\u00f3, m\u1ed9t \u0111i\u1ec1u \u0111\u00e1ng \u0111\u1ec3 t\u1ef1 h\u00e0o, b\u1ea5t k\u1ec3 nhi\u1ec7m v\u1ee5 nh\u1ecf b\u00e9 \u0111\u1ebfn th\u1ebf n\u00e0o.\u201d<\/p>\n<p>\u201cR\u1ea5t d\u1ec5 \u0111\u1ed5 l\u1ed7i cho nh\u1eefng y\u1ebfu t\u1ed1 b\u00ean ngo\u00e0i khi b\u1ea1n g\u1eb7p b\u1ea5t h\u1ea1nh trong cu\u1ed9c s\u1ed1ng, v\u00e0 c\u0169ng d\u1ec5 d\u00e0ng ng\u1eebng c\u1ed1 g\u1eafng b\u1edfi b\u1ea1n tin r\u1eb1ng s\u1ed1 ph\u1eadn \u0111ang ch\u1ed1ng l\u1ea1i b\u1ea1n. Th\u1eadt d\u1ec5 d\u00e0ng ngh\u0129 r\u1eb1ng n\u01a1i b\u1ea1n sinh ra v\u00e0 l\u1edbn l\u00ean, c\u00e1ch b\u1ed1 m\u1eb9 \u0111\u1ed1i x\u1eed v\u1edbi b\u1ea1n, ho\u1eb7c ng\u00f4i tr\u01b0\u1eddng b\u1ea1n \u0111\u00e3 h\u1ecdc l\u00e0 t\u1ea5t c\u1ea3 nh\u1eefng th\u1ee9 s\u1ebd quy\u1ebft \u0111\u1ecbnh t\u01b0\u01a1ng lai c\u1ee7a b\u1ea1n. Kh\u00f4ng c\u00f3 g\u00ec sai s\u1ef1 th\u1eadt h\u01a1n th\u1ebf.\u201d<\/p>\n","protected":false},"excerpt":{"rendered":"<p>D\u1ecdn Gi\u01b0\u1eddng \u0110i R\u1ed3i Thay \u0110\u1ed5i Th\u1ebf Gi\u1edbi<\/p>\n<p>\u201cM\u1ecdi nh\u00e0 l\u00e3nh \u0111\u1ea1o \u0111\u1ec1u n\u00ean \u0111\u1ecdc cu\u1ed1n s\u00e1ch n\u00e0y. \u0110\u00e2y l\u00e0 cu\u1ed1n s\u00e1ch truy\u1ec1n c\u1ea3m h\u1ee9ng cho con ch\u00e1u ch\u00fang ta tr\u1edf th\u00e0nh b\u1ea5t c\u1ee9 m\u1eabu h\u00ecnh n\u00e0o m\u00e0 ch\u00fang mu\u1ed1n. Tr\u00ean h\u1ebft, \u0111\u00e2y l\u00e0 cu\u1ed1n s\u00e1ch s\u1ebd khi\u1ebfn b\u1ea1n tr\u00e0o n\u01b0\u1edbc m\u1eaft.\u201d \u2015Wall Street Journal<\/p>\n<p>GI\u1edaI THI\u1ec6U S\u00c1CH:<\/p>\n<p>\u201cN\u1ebfu d\u1ecdn gi\u01b0\u1eddng v\u00e0o m\u1ed7i bu\u1ed5i s\u00e1ng, b\u1ea1n \u0111\u00e3 ho\u00e0n th\u00e0nh c\u00f4ng vi\u1ec7c \u0111\u1ea7u ti\u00ean trong ng\u00e0y. N\u00f3 s\u1ebd cho b\u1ea1n ch\u00fat c\u1ea3m gi\u00e1c ki\u00eau h\u00e3nh v\u00e0 khuy\u1ebfn kh\u00edch b\u1ea1n l\u00e0m th\u00eam vi\u1ec7c n\u00e0y vi\u1ec7c kh\u00e1c. T\u1edbi cu\u1ed1i ng\u00e0y, c\u00f4ng vi\u1ec7c ho\u00e0n th\u00e0nh \u0111\u1ea7u ti\u00ean \u0111\u00f3 s\u1ebd bi\u1ebfn th\u00e0nh r\u1ea5t nhi\u1ec1u c\u00f4ng vi\u1ec7c kh\u00e1c \u0111\u00e3 \u0111\u01b0\u1ee3c ho\u00e0n th\u00e0nh.<\/p>\n<p>D\u1ecdn gi\u01b0\u1eddng c\u1ee7ng c\u1ed1 s\u1ef1 th\u1ef1c r\u1eb1ng ngay c\u1ea3 nh\u1eefng \u0111i\u1ec1u nh\u1ecf b\u00e9 trong cu\u1ed9c s\u1ed1ng c\u0169ng c\u00f3 \u00fd ngh\u0129a. N\u1ebfu b\u1ea1n kh\u00f4ng th\u1ec3 l\u00e0m \u0111\u00fang ngay t\u1eeb nh\u1eefng vi\u1ec7c nh\u1ecf nh\u1ea5t, b\u1ea1n s\u1ebd kh\u00f4ng bao gi\u1edd c\u00f3 th\u1ec3 l\u00e0m \u0111\u00fang nh\u1eefng vi\u1ec7c to l\u1edbn.\u201d<\/p>\n<p>V\u00ec th\u1ebf, n\u1ebfu b\u1ea1n mu\u1ed1n thay \u0111\u1ed5i th\u1ebf gi\u1edbi, h\u00e3y d\u1ecdn gi\u01b0\u1eddng c\u1ee7a b\u1ea1n m\u1ed7i s\u00e1ng \u0111i!<\/p>\n","protected":false},"featured_media":6326,"template":"","meta":{"_acf_changed":false},"product_brand":[],"product_cat":[18],"product_tag":[],"class_list":{"0":"post-6328","1":"product","2":"type-product","3":"status-publish","4":"has-post-thumbnail","6":"product_cat-kinh-te","8":"first","9":"outofstock","10":"taxable","11":"shipping-taxable","12":"purchasable","13":"product-type-simple"},"supplier_id":null,"supplier_sku":"","barcode":null,"atum_controlled":true,"out_stock_date":"2021-03-14 23:34:06","out_stock_threshold":null,"inheritable":false,"inbound_stock":0,"stock_on_hold":0,"sold_today":0,"sales_last_days":0,"reserved_stock":0,"customer_returns":0,"warehouse_damage":0,"lost_in_post":0,"other_logs":0,"out_stock_days":1780,"lost_sales":0,"has_location":false,"update_date":"2026-01-28T23:10:40","atum_locations":[],"atum_stock_status":"outofstock","restock_status":false,"low_stock_amount":"","sales_update_date":"2026-01-28T23:10:40","calc_backorders":null,"acf":{"publisher":{"ID":1424,"post_author":"1","post_date":"2021-02-17 00:02:29","post_date_gmt":"2021-02-16 22:02:29","post_content":"<!-- wp:flatsome\/uxbuilder -->\n<h1 style=\"text-align: center\"><strong>Nh\u00e3 Nam<\/strong><\/h1>\n[row]\n\n[col span=\"6\" span__sm=\"12\"]\n\n[ux_image id=\"1438\" image_size=\"medium\"]\n\n\n[\/col]\n[col span=\"6\" span__sm=\"12\"]\n\n<p><strong>C\u00f4ng ty c\u1ed5 ph\u1ea7n V\u0103n h\u00f3a v\u00e0 Truy\u1ec1n th\u00f4ng Nh\u00e3 Nam<\/strong><\/p>\n<p>Th\u00e1ng 2 n\u0103m 2005, Nh\u00e3 Nam, t\u00ean \u0111\u1ea7y \u0111\u1ee7 l\u00e0 C\u00f4ng ty C\u1ed5 ph\u1ea7n V\u0103n h\u00f3a v\u00e0 Truy\u1ec1n th\u00f4ng Nh\u00e3 Nam \u0111\u00e3 gia nh\u1eadp th\u1ecb tr\u01b0\u1eddng s\u00e1ch. T\u00e1c ph\u1ea9m \"Balzac v\u00e0 c\u00f4 b\u00e9 th\u1ee3 may Trung hoa\" c\u1ee7a \u0110\u1edbi T\u01b0 Ki\u1ec7t l\u00e0 cu\u1ed1n s\u00e1ch \u0111\u1ea7u ti\u00ean \u0111\u01b0\u1ee3c nh\u1eefng ng\u01b0\u1eddi s\u00e1ng l\u1eadp Nh\u00e3 Nam xu\u1ea5t b\u1ea3n c\u1ea3 tr\u01b0\u1edbc khi c\u00f4ng ty ra \u0111\u1eddi. Ngay l\u1eadp t\u1ee9c t\u1eeb cu\u1ed1n s\u00e1ch \u0111\u1ea7u ti\u00ean, \u0111\u1ed9c gi\u1ea3 \u0111\u00e3 d\u00e0nh s\u1ef1 quan t\u00e2m v\u00e0 y\u00eau m\u1ebfn cho m\u1ed9t th\u01b0\u01a1ng hi\u1ec7u s\u00e1ch m\u1edbi m\u1ebb mang trong m\u00ecnh kh\u00e1t v\u1ecdng g\u00f3p ph\u1ea7n t\u1ea1o l\u1eadp di\u1ec7n m\u1ea1o m\u1edbi cho xu\u1ea5t b\u1ea3n v\u0103n h\u1ecdc t\u1ea1i Vi\u1ec7t Nam.<\/p>\n<p>L\u00f2ng say m\u00ea c\u1ee7a \u0111\u1ed9i ng\u0169 l\u00e0 vi\u00ean \u0111\u00e1 \u0111\u1ea7u ti\u00ean. Tr\u1ea3i qua m\u1ea5y n\u0103m ph\u00e1t tri\u1ec3n, Nh\u00e3 Nam \u0111\u00e3 \u0111\u01b0\u1ee3c x\u00e2y d\u1ef1ng d\u1ea7n l\u00ean trong di\u1ec7n m\u1ea1o m\u1ed9t nh\u00e0 xu\u1ea5t b\u1ea3n v\u1eefng ch\u00e3i v\u00e0 chuy\u00ean nghi\u1ec7p. S\u00e1u th\u00e1ng sau khi th\u00e0nh l\u1eadp c\u00f4ng ty, Nh\u1eadt k\u00fd \u0110\u1eb7ng Th\u00f9y Tr\u00e2m ra \u0111\u1eddi, t\u1ea1o n\u00ean m\u1ed9t c\u01a1n s\u1ed1t trong x\u00e3 h\u1ed9i, v\u1edbi g\u1ea7n 500,000 b\u1ea3n s\u00e1ch \u0111\u01b0\u1ee3c ph\u00e1t h\u00e0nh, ph\u00e1 m\u1ecdi k\u1ef7 l\u1ee5c v\u1ec1 xu\u1ea5t b\u1ea3n tr\u01b0\u1edbc \u0111\u00f3, k\u00e9o theo m\u1ed9t lo\u1ea1t nh\u1eefng hi\u1ec7u \u1ee9ng x\u00e3 h\u1ed9i v\u00e0 d\u01b0 lu\u1eadn c\u00f3 \u00fd ngh\u0129a. T\u1eeb \u0111\u00f3 tr\u1edf \u0111i, th\u00f4ng qua Nh\u00e3 Nam, c\u00e1c cu\u1ed1n s\u00e1ch v\u0103n h\u1ecdc n\u01b0\u1edbc ngo\u00e0i c\u00f3 gi\u00e1 tr\u1ecb \u0111\u01b0\u1ee3c li\u00ean t\u1ee5c mua b\u1ea3n quy\u1ec1n v\u00e0 xu\u1ea5t b\u1ea3n t\u1ea1i Vi\u1ec7t Nam, thu h\u00fat nhi\u1ec1u t\u1ea7ng l\u1edbp \u0111\u1ed9c gi\u1ea3. S\u00e1ch c\u1ee7a Nh\u00e3 Nam n\u1ed5i b\u1eadt b\u1edfi n\u1ed9i dung v\u0103n h\u1ecdc tinh t\u1ebf, b\u1edfi v\u1ebb \u0111\u1eb9p c\u1ee7a thi\u1ebft k\u1ebf hi\u1ec7n \u0111\u1ea1i \u1edf h\u00ecnh th\u1ee9c, b\u1edfi s\u1ef1 ch\u0103m ch\u00fat k\u1ef9 l\u01b0\u1ee1ng cho m\u1ed7i cu\u1ed1n s\u00e1ch nh\u01b0 m\u1ed9t con thuy\u1ec1n mang t\u1edbi ni\u1ec1m vui, tri th\u1ee9c, ng\u1ea1c nhi\u00ean, v\u00e0 \u0111\u1ed3ng c\u1ea3m.<\/p>\n\n[\/col]\n\n[\/row]\n<p style=\"text-align: left\">Hi\u1ec3u th\u1eddi \u0111\u1ea1i \u0111ang s\u1ed1ng th\u00f4ng qua s\u00e1ch, song h\u00e0nh v\u1edbi nh\u1eefng bi\u1ebfn chuy\u1ec3n s\u00e2u s\u1eafc trong l\u00f2ng x\u00e3 h\u1ed9i b\u1eb1ng nh\u1eefng ho\u1ea1t \u0111\u1ed9ng xu\u1ea5t b\u1ea3n mi\u1ec7t m\u00e0i v\u00e0 qu\u1ea3 c\u1ea3m, con \u0111\u01b0\u1eddng Nh\u00e3 Nam \u0111\u00e3 ch\u1ecdn \u0111\u1ec3 \u0111i s\u1ebd c\u00f2n d\u00e0i. Nhi\u1ec1u kh\u00f3 kh\u0103n, th\u1eed th\u00e1ch \u0111ang \u1edf ph\u00eda tr\u01b0\u1edbc. B\u01b0\u1edbc qua th\u1eddi k\u1ef3 s\u01a1 khai v\u1edbi nh\u1eefng b\u00e0i h\u1ecdc v\u00e0 nh\u1eefng kinh nghi\u1ec7m \u0111\u1ea7u ti\u00ean, Nh\u00e3 Nam gi\u1edd \u0111\u00e3 s\u1eb5n s\u00e0ng cho m\u1ed9t ch\u1eb7ng \u0111\u01b0\u1eddng ph\u00e1t tri\u1ec3n m\u1edbi. V\u00e0 ch\u00fang t\u00f4i mu\u1ed1n ho\u00e0n thi\u1ec7n m\u00ecnh trong s\u1ef1 c\u1ea7u th\u1ecb v\u00e0 c\u1ea9n tr\u1ecdng. T\u1ea5t c\u1ea3 v\u00ec m\u1ed9t gia s\u1ea3n s\u00e1ch to l\u1edbn, c\u00f3 s\u1ee9c s\u1ed1ng d\u00e0i l\u00e2u, c\u00f3 \u00fd ngh\u0129a v\u1edbi nhi\u1ec1u th\u1ebf h\u1ec7 b\u1ea1n \u0111\u1ecdc.<br \/>B\u1edfi v\u00ec s\u00e1ch l\u00e0 th\u1ebf gi\u1edbi.<\/p>\n<p><strong>\u0110\u00e2y l\u00e0 m\u1ed9t nh\u00e0 ph\u00e1t h\u00e0nh s\u00e1ch m\u00e0 SACHVIET.EU r\u1ea5t y\u00eau th\u00edch v\u00e0 tin t\u01b0\u1edfng. Nh\u00ecn \u0111\u01b0\u1ee3c t\u1ea7m \u1ea3nh h\u01b0\u1edfng c\u1ee7a Nh\u00e3 Nam qua t\u1eebng cu\u1ed1n s\u00e1ch, SACHVIET.EU li\u00ean h\u1ec7 h\u1ee3p t\u00e1c ngay v\u1edbi Nh\u00e3 Nam \u0111\u1ec3 \u0111em to\u00e0n b\u1ed9 nh\u1eefng t\u00e1c ph\u1ea9m m\u1edbi, hay nh\u1ea5t m\u00e0 Nh\u00e3 Nam c\u00f3 sang Ch\u00e2u \u00c2u, \u0111\u01b0a \u0111\u1ebfn cho \u0111\u1ed9c gi\u1ea3 c\u00f3 nhi\u1ec1u s\u1ef1 l\u1ef1a ch\u1ecdn phong ph\u00fa h\u01a1n c\u1ea3 s\u00e1ch cho tr\u1ebb em l\u1eabn ng\u01b0\u1eddi l\u1edbn.\u00a0<\/strong><\/p>\n\n<!-- \/wp:flatsome\/uxbuilder -->","post_title":"Nh\u00e3 Nam","post_excerpt":"","post_status":"publish","comment_status":"closed","ping_status":"closed","post_password":"","post_name":"nha-nam","to_ping":"","pinged":"","post_modified":"2022-12-19 23:15:33","post_modified_gmt":"2022-12-19 21:15:33","post_content_filtered":"","post_parent":0,"guid":"https:\/\/sachviet.eu\/?post_type=publisher&#038;p=1424","menu_order":0,"post_type":"publisher","post_mime_type":"","comment_count":"0","filter":"raw"}},"_links":{"self":[{"href":"https:\/\/sachviet.eu\/en\/wp-json\/wp\/v2\/product\/6328","targetHints":{"allow":["GET"]}}],"collection":[{"href":"https:\/\/sachviet.eu\/en\/wp-json\/wp\/v2\/product"}],"about":[{"href":"https:\/\/sachviet.eu\/en\/wp-json\/wp\/v2\/types\/product"}],"wp:featuredmedia":[{"embeddable":true,"href":"https:\/\/sachviet.eu\/en\/wp-json\/wp\/v2\/media\/6326"}],"wp:attachment":[{"href":"https:\/\/sachviet.eu\/en\/wp-json\/wp\/v2\/media?parent=6328"}],"wp:term":[{"taxonomy":"product_brand","embeddable":true,"href":"https:\/\/sachviet.eu\/en\/wp-json\/wp\/v2\/product_brand?post=6328"},{"taxonomy":"product_cat","embeddable":true,"href":"https:\/\/sachviet.eu\/en\/wp-json\/wp\/v2\/product_cat?post=6328"},{"taxonomy":"product_tag","embeddable":true,"href":"https:\/\/sachviet.eu\/en\/wp-json\/wp\/v2\/product_tag?post=6328"}],"curies":[{"name":"wp","href":"https:\/\/api.w.org\/{rel}","templated":true}]}}