{"id":6323,"date":"2021-03-15T01:33:57","date_gmt":"2021-03-14T23:33:57","guid":{"rendered":"https:\/\/sachviet.eu\/shop\/nguoi-giau-co-nhat-thanh-babylon\/"},"modified":"2023-02-01T15:48:41","modified_gmt":"2023-02-01T13:48:41","slug":"nguoi-giau-co-nhat-thanh-babylon","status":"publish","type":"product","link":"https:\/\/sachviet.eu\/en\/shop\/nguoi-giau-co-nhat-thanh-babylon\/","title":{"rendered":"Ng\u01b0\u1eddi Gi\u00e0u C\u00f3 Nh\u1ea5t Th\u00e0nh Babylon"},"content":{"rendered":"<p>Ng\u01b0\u1eddi Babylon c\u1ed5 \u0111\u1ea1i l\u00e0 nh\u1eefng ng\u01b0\u1eddi \u0111\u1ea7u ti\u00ean kh\u00e1m ph\u00e1 ra c\u00e1c quy lu\u1eadt t\u00edch tr\u1eef c\u1ee7a c\u1ea3i v\u00e0 khi\u1ebfn ch\u00fang sinh s\u00f4i m\u1ed9t c\u00e1ch kh\u00e1i qu\u1ea5t v\u00e0 c\u01a1 b\u1ea3n nh\u1ea5t . Trong cu\u1ed1n s\u00e1ch kinh \u0111i\u1ec3n c\u1ee7a m\u00ecnh , &#8221; Ng\u01b0\u1eddi gi\u00e0u c\u00f3 nh\u1ea5t th\u00e0nh Babylon &#8221; George S.Clason \u0111\u00e3 ti\u1ebft l\u1ed9 b\u00ed m\u1eadt c\u1ee7a nh\u1eefng c\u01b0 d\u00e2n gi\u00e0u c\u00f3 th\u00e0nh Babylon \u0111\u1ec3 t\u1ea1o ra , ph\u00e1t tri\u1ec3n , b\u1ea3o t\u1ed3n s\u1ef1 gi\u00e0u c\u00f3 v\u00e0 th\u1ecbnh v\u01b0\u1ee3ng trong x\u00e3 h\u1ed9i . Th\u00f4ng qua nh\u1eefng c\u00e2u chuy\u1ec7n ng\u1ee5 ng\u00f4n v\u1ec1 th\u1ee3 th\u1ee7 c\u00f4ng , th\u01b0\u01a1ng nh\u00e2n , n\u1ed9 l\u1ec7 , hay ng\u01b0\u1eddi ch\u0103n gia s\u00fac , \u0111\u1ed9c gi\u1ea3 s\u1ebd h\u1ecdc \u0111\u01b0\u1ee3c c\u00e1ch ti\u1ebft ki\u1ec7m ti\u1ec1n b\u1ea1c ; tho\u00e1t kh\u1ecfi n\u1ee3 n\u1ea7n ; khi\u1ebfn ti\u1ec1n sinh s\u00f4i ; t\u00ecm ki\u1ebfm v\u1eadn may ; l\u1ef1a ch\u1ecdn \u0111\u1ea7u t\u1eeb kh\u00f4ng ngoan v\u00e0 b\u1ea3o v\u1ec7 t\u00e0i s\u1ea3n c\u1ee7a m\u00ecnh . <\/p>\n","protected":false},"excerpt":{"rendered":"<p>Ng\u01b0\u1eddi Babylon c\u1ed5 \u0111\u1ea1i l\u00e0 nh\u1eefng ng\u01b0\u1eddi \u0111\u1ea7u ti\u00ean kh\u00e1m ph\u00e1 ra c\u00e1c quy lu\u1eadt t\u00edch tr\u1eef c\u1ee7a c\u1ea3i v\u00e0 khi\u1ebfn ch\u00fang sinh s\u00f4i m\u1ed9t c\u00e1ch kh\u00e1i qu\u1ea5t v\u00e0 c\u01a1 b\u1ea3n nh\u1ea5t . Trong cu\u1ed1n s\u00e1ch kinh \u0111i\u1ec3n c\u1ee7a m\u00ecnh , &#8221; Ng\u01b0\u1eddi gi\u00e0u c\u00f3 nh\u1ea5t th\u00e0nh Babylon &#8221; George S.Clason \u0111\u00e3 ti\u1ebft l\u1ed9 b\u00ed m\u1eadt c\u1ee7a nh\u1eefng c\u01b0 d\u00e2n gi\u00e0u c\u00f3 th\u00e0nh Babylon \u0111\u1ec3 t\u1ea1o ra , ph\u00e1t tri\u1ec3n , b\u1ea3o t\u1ed3n s\u1ef1 gi\u00e0u c\u00f3 v\u00e0 th\u1ecbnh v\u01b0\u1ee3ng trong x\u00e3 h\u1ed9i . Th\u00f4ng qua nh\u1eefng c\u00e2u chuy\u1ec7n ng\u1ee5 ng\u00f4n v\u1ec1 th\u1ee3 th\u1ee7 c\u00f4ng , th\u01b0\u01a1ng nh\u00e2n , n\u1ed9 l\u1ec7 , hay ng\u01b0\u1eddi ch\u0103n gia s\u00fac , \u0111\u1ed9c gi\u1ea3 s\u1ebd h\u1ecdc \u0111\u01b0\u1ee3c c\u00e1ch ti\u1ebft ki\u1ec7m ti\u1ec1n b\u1ea1c ; tho\u00e1t kh\u1ecfi n\u1ee3 n\u1ea7n ; khi\u1ebfn ti\u1ec1n sinh s\u00f4i ; t\u00ecm ki\u1ebfm v\u1eadn may ; l\u1ef1a ch\u1ecdn \u0111\u1ea7u t\u1eeb kh\u00f4ng ngoan v\u00e0 b\u1ea3o v\u1ec7 t\u00e0i s\u1ea3n c\u1ee7a m\u00ecnh .<\/p>\n","protected":false},"featured_media":6322,"template":"","meta":{"_acf_changed":false},"product_brand":[],"product_cat":[18],"product_tag":[],"class_list":{"0":"post-6323","1":"product","2":"type-product","3":"status-publish","4":"has-post-thumbnail","6":"product_cat-kinh-te","8":"first","9":"outofstock","10":"taxable","11":"shipping-taxable","12":"purchasable","13":"product-type-simple"},"supplier_id":null,"supplier_sku":"","barcode":null,"atum_controlled":true,"out_stock_date":"2023-02-01 13:48:41","out_stock_threshold":null,"inheritable":false,"inbound_stock":0,"stock_on_hold":0,"sold_today":0,"sales_last_days":0,"reserved_stock":0,"customer_returns":0,"warehouse_damage":0,"lost_in_post":0,"other_logs":0,"out_stock_days":1092,"lost_sales":0,"has_location":false,"update_date":"2026-01-28T23:10:40","atum_locations":[],"atum_stock_status":"outofstock","restock_status":false,"low_stock_amount":"","sales_update_date":"2026-01-28T23:10:40","calc_backorders":null,"acf":{"publisher":{"ID":6321,"post_author":"1","post_date":"2021-03-15 01:33:55","post_date_gmt":"2021-03-14 23:33:55","post_content":"","post_title":"Minh Th\u1eafng","post_excerpt":"","post_status":"publish","comment_status":"closed","ping_status":"closed","post_password":"","post_name":"minh-thang","to_ping":"","pinged":"","post_modified":"2021-03-15 01:33:55","post_modified_gmt":"2021-03-14 23:33:55","post_content_filtered":"","post_parent":0,"guid":"https:\/\/sachviet.eu\/blog\/nha-phat-hanh\/minh-thang\/","menu_order":0,"post_type":"publisher","post_mime_type":"","comment_count":"0","filter":"raw"}},"_links":{"self":[{"href":"https:\/\/sachviet.eu\/en\/wp-json\/wp\/v2\/product\/6323","targetHints":{"allow":["GET"]}}],"collection":[{"href":"https:\/\/sachviet.eu\/en\/wp-json\/wp\/v2\/product"}],"about":[{"href":"https:\/\/sachviet.eu\/en\/wp-json\/wp\/v2\/types\/product"}],"wp:featuredmedia":[{"embeddable":true,"href":"https:\/\/sachviet.eu\/en\/wp-json\/wp\/v2\/media\/6322"}],"wp:attachment":[{"href":"https:\/\/sachviet.eu\/en\/wp-json\/wp\/v2\/media?parent=6323"}],"wp:term":[{"taxonomy":"product_brand","embeddable":true,"href":"https:\/\/sachviet.eu\/en\/wp-json\/wp\/v2\/product_brand?post=6323"},{"taxonomy":"product_cat","embeddable":true,"href":"https:\/\/sachviet.eu\/en\/wp-json\/wp\/v2\/product_cat?post=6323"},{"taxonomy":"product_tag","embeddable":true,"href":"https:\/\/sachviet.eu\/en\/wp-json\/wp\/v2\/product_tag?post=6323"}],"curies":[{"name":"wp","href":"https:\/\/api.w.org\/{rel}","templated":true}]}}