{"id":6301,"date":"2021-03-15T01:32:22","date_gmt":"2021-03-14T23:32:22","guid":{"rendered":"https:\/\/sachviet.eu\/shop\/kiep-nao-ta-cung-tim-thay-nhau-cau-chuyen-ve-nhung-linh-hon-tri-ky-vinh-vien-khong-chia-lia\/"},"modified":"2024-08-18T23:08:41","modified_gmt":"2024-08-18T20:08:41","slug":"kiep-nao-ta-cung-tim-thay-nhau-cau-chuyen-ve-nhung-linh-hon-tri-ky-vinh-vien-khong-chia-lia","status":"publish","type":"product","link":"https:\/\/sachviet.eu\/en\/shop\/kiep-nao-ta-cung-tim-thay-nhau-cau-chuyen-ve-nhung-linh-hon-tri-ky-vinh-vien-khong-chia-lia\/","title":{"rendered":"Ki\u1ebfp N\u00e0o Ta C\u0169ng T\u00ecm Th\u1ea5y Nhau &#8211; C\u00e2u Chuy\u1ec7n V\u1ec1 Nh\u1eefng Linh H\u1ed3n Tri K\u1ef7 V\u0129nh Vi\u1ec5n Kh\u00f4ng Chia L\u00eca"},"content":{"rendered":"<p>Ki\u1ebfp n\u00e0o ta c\u0169ng t\u00ecm th\u1ea5y nhau l\u00e0 cu\u1ed1n s\u00e1ch th\u1ee9 ba c\u1ee7a Brain L. Weiss \u2013 m\u1ed9t nh\u00e0 t\u00e2m th\u1ea7n h\u1ecdc c\u00f3 ti\u1ebfng. Tr\u01b0\u1edbc \u0111\u00f3 \u00f4ng \u0111\u00e3 vi\u1ebft hai cu\u1ed1n s\u00e1ch: cu\u1ed1n \u0111\u1ea7u ti\u00ean l\u00e0 \u00c1m \u1ea3nh t\u1eeb ki\u1ebfp tr\u01b0\u1edbc, cu\u1ed1n s\u00e1ch m\u00f4 t\u1ea3 c\u00e2u chuy\u1ec7n c\u00f3 th\u1eadt v\u1ec1 m\u1ed9t b\u1ec7nh nh\u00e2n tr\u1ebb tu\u1ed5i c\u00f9ng v\u1edbi nh\u1eefng li\u1ec7u ph\u00e1p th\u00f4i mi\u00ean v\u1ec1 ki\u1ebfp tr\u01b0\u1edbc \u0111\u00e3 l\u00e0m thay \u0111\u1ed5i c\u1ea3 cu\u1ed9c \u0111\u1eddi t\u00e1c gi\u1ea3 l\u1eabn c\u00f4 \u1ea5y. Cu\u1ed1n s\u00e1ch \u0111\u00e3 b\u00e1n ch\u1ea1y tr\u00ean to\u00e0n th\u1ebf gi\u1edbi v\u1edbi h\u01a1n 2 tri\u1ec7u b\u1ea3n in v\u00e0 \u0111\u01b0\u1ee3c d\u1ecbch sang h\u01a1n 20 ng\u00f4n ng\u1eef. Cu\u1ed1n s\u00e1ch th\u1ee9 hai Through Time into Healing (\u0110i qua th\u1eddi gian \u0111\u1ec3 ch\u1eefa l\u00e0nh), m\u00f4 t\u1ea3 nh\u1eefng g\u00ec t\u00e1c gi\u1ea3 \u0111\u00e3 h\u1ecdc \u0111\u01b0\u1ee3c v\u1ec1 ti\u1ec1m n\u0103ng ch\u1eefa b\u1ec7nh c\u1ee7a li\u1ec7u ph\u00e1p h\u1ed3i quy ti\u1ec1n ki\u1ebfp. Trong cu\u1ed1n s\u00e1ch \u0111\u1ec1u l\u00e0 nh\u1eefng c\u00e2u chuy\u1ec7n ng\u01b0\u1eddi th\u1eadt vi\u1ec7c th\u1eadt. Nh\u01b0ng c\u00e2u chuy\u1ec7n h\u1ea5p d\u1eabn nh\u1ea5t l\u1ea1i n\u1eb1m trong cu\u1ed1n s\u00e1ch th\u1ee9 ba.<\/p>\n<p>Ki\u1ebfp n\u00e0o ta c\u0169ng t\u00ecm th\u1ea5y nhau n\u00f3i v\u1ec1 nh\u1eefng linh h\u1ed3n tri k\u1ef7, nh\u1eefng ng\u01b0\u1eddi c\u00f3 m\u1ed1i li\u00ean k\u1ebft v\u0129nh vi\u1ec5n v\u1edbi nhau b\u1eb1ng t\u00ecnh y\u00eau th\u01b0\u01a1ng, lu\u00f4n g\u1eb7p l\u1ea1i nhau h\u1ebft l\u1ea7n n\u00e0y \u0111\u1ebfn l\u1ea7n kh\u00e1c, qua h\u1ebft ki\u1ebfp n\u00e0y t\u1edbi ki\u1ebfp kh\u00e1c. Ch\u00fang ta s\u1ebd t\u00ecm th\u1ea5y v\u00e0 nh\u1eadn ra tri k\u1ef7 c\u1ee7a m\u00ecnh nh\u01b0 th\u1ebf n\u00e0o, r\u1ed3i \u0111\u01b0a ra nh\u1eefng quy\u1ebft \u0111\u1ecbnh l\u00e0m thay \u0111\u1ed5i cu\u1ed9c s\u1ed1ng c\u1ee7a ch\u00ednh m\u00ecnh ra sao l\u00e0 nh\u1eefng kho\u1ea3nh kh\u1eafc quan tr\u1ecdng v\u00e0 x\u00fac \u0111\u1ed9ng nh\u1ea5t trong cu\u1ed9c \u0111\u1eddi m\u1ed7i ng\u01b0\u1eddi.<\/p>\n<p>\u0110\u1ecbnh m\u1ec7nh s\u1ebd d\u1eabn l\u1ed1i cho nh\u1eefng linh h\u1ed3n tri k\u1ef7 h\u1ed9i ng\u1ed9. Ch\u00fang ta s\u1ebd g\u1eb7p h\u1ecd. Nh\u01b0ng quy\u1ebft \u0111\u1ecbnh l\u00e0m g\u00ec sau \u0111\u00f3 l\u1ea1i l\u00e0 quy\u1ec1n t\u1ef1 do l\u1ef1a ch\u1ecdn c\u1ee7a m\u1ed7i ng\u01b0\u1eddi. M\u1ed9t l\u1ef1a ch\u1ecdn sai l\u1ea7m ho\u1eb7c m\u1ed9t c\u01a1 h\u1ed9i b\u1ecb b\u1ecf l\u1ee1 c\u00f3 th\u1ec3 d\u1eabn \u0111\u1ebfn n\u1ed7i c\u00f4 \u0111\u01a1n v\u00e0 th\u1ed1ng kh\u1ed5 t\u1ed9t c\u00f9ng. V\u00e0 m\u1ed9t l\u1ef1a ch\u1ecdn \u0111\u00fang \u0111\u1eafn, m\u1ed9t c\u01a1 h\u1ed9i \u0111\u01b0\u1ee3c n\u1eafm b\u1eaft c\u00f3 th\u1ec3 mang l\u1ea1i ni\u1ec1m h\u1ea1nh ph\u00fac s\u00e2u s\u1eafc.<\/p>\n<p>Nh\u1eefng g\u00ec t\u00e1c gi\u1ea3 vi\u1ebft trong s\u00e1ch \u0111\u01b0\u1ee3c ghi l\u1ea1i t\u1eeb h\u1ed3 s\u01a1 b\u1ec7nh \u00e1n, b\u0103ng thu \u00e2m v\u00e0 tr\u00ed nh\u1edb. Ch\u1ec9 c\u00f3 t\u00ean v\u00e0 m\u1ed9t v\u00e0i chi ti\u1ebft nh\u1ecf \u0111\u01b0\u1ee3c thay \u0111\u1ed5i \u0111\u1ec3 gi\u1eef t\u00ednh b\u1ea3o m\u1eadt. \u0110\u00e2y l\u00e0 c\u00e2u chuy\u1ec7n v\u1ec1 v\u1eadn m\u1ec7nh v\u00e0 hy v\u1ecdng. \u0110\u00e2y l\u00e0 c\u00e2u chuy\u1ec7n x\u1ea3y ra \u00e2m th\u1ea7m m\u1ed7i ng\u00e0y.<\/p>\n<p>Ng\u00e0y n\u00e0y n\u0103m \u0111\u00f3, \u0111\u00e3 c\u00f3 ng\u01b0\u1eddi l\u1eafng nghe.<\/p>\n<p>Linh h\u1ed3n t\u1ef1a nh\u01b0 n\u01b0\u1edbc<\/p>\n<p>R\u01a1i xu\u1ed1ng t\u1eeb thi\u00ean \u0111\u01b0\u1eddng<\/p>\n<p>L\u00ean tr\u1eddi nh\u01b0 kh\u00f3i s\u01b0\u01a1ng<\/p>\n<p>R\u1ed3i tr\u1edf v\u1ec1 v\u1edbi \u0111\u1ea5t<\/p>\n<p>Chu\u1ed7i tu\u1ea7n ho\u00e0n b\u1ea5t t\u1eadn.<\/p>\n<p>GOETHE<\/p>\n<p>Th\u00f4ng tin t\u00e1c gi\u1ea3:<\/p>\n<p>Sau khi t\u1ed1t nghi\u1ec7p \u0110\u1ea1i h\u1ecdc Columbia v\u00e0 ho\u00e0n th\u00e0nh ch\u01b0\u01a1ng tr\u00ecnh \u0111\u00e0o t\u1ea1o y khoa t\u1ea1i tr\u01b0\u1eddng Y thu\u1ed9c \u0110\u1ea1i h\u1ecdc Yale, \u00f4ng \u0111\u00e3 ho\u00e0n th\u00e0nh ch\u01b0\u01a1ng tr\u00ecnh th\u1ef1c t\u1eadp t\u1ea1i c\u00e1c b\u1ec7nh vi\u1ec7n th\u1ef1c h\u00e0nh tr\u1ef1c thu\u1ed9c \u0110\u1ea1i h\u1ecdc New York v\u00e0 ch\u01b0\u01a1ng tr\u00ecnh b\u00e1c s\u0129 n\u1ed9i tr\u00fa chuy\u00ean khoa t\u00e2m th\u1ea7n t\u1ea1i \u0110\u1ea1i h\u1ecdc Yale. Sau \u0111\u00f3, \u00f4ng tr\u1edf th\u00e0nh gi\u00e1o s\u01b0 t\u1ea1i khoa Y c\u1ee7a \u0110\u1ea1i h\u1ecdc Pittsburgh v\u00e0 \u0110\u1ea1i h\u1ecdc Miami. Hi\u1ec7n \u00f4ng gi\u1eef ch\u1ee9c ch\u1ee7 t\u1ecbch khoa T\u00e2m th\u1ea7n t\u1ea1i Trung t\u00e2m Y t\u1ebf Mount Sinai \u1edf Miami.<\/p>\n","protected":false},"excerpt":{"rendered":"<p>Ki\u1ebfp n\u00e0o ta c\u0169ng t\u00ecm th\u1ea5y nhau l\u00e0 cu\u1ed1n s\u00e1ch th\u1ee9 ba c\u1ee7a Brain L. Weiss \u2013 m\u1ed9t nh\u00e0 t\u00e2m th\u1ea7n h\u1ecdc c\u00f3 ti\u1ebfng. Tr\u01b0\u1edbc \u0111\u00f3 \u00f4ng \u0111\u00e3 vi\u1ebft hai cu\u1ed1n s\u00e1ch: cu\u1ed1n \u0111\u1ea7u ti\u00ean l\u00e0 \u00c1m \u1ea3nh t\u1eeb ki\u1ebfp tr\u01b0\u1edbc, cu\u1ed1n s\u00e1ch m\u00f4 t\u1ea3 c\u00e2u chuy\u1ec7n c\u00f3 th\u1eadt v\u1ec1 m\u1ed9t b\u1ec7nh nh\u00e2n tr\u1ebb tu\u1ed5i c\u00f9ng v\u1edbi nh\u1eefng li\u1ec7u ph\u00e1p th\u00f4i mi\u00ean v\u1ec1 ki\u1ebfp tr\u01b0\u1edbc \u0111\u00e3 l\u00e0m thay \u0111\u1ed5i c\u1ea3 cu\u1ed9c \u0111\u1eddi t\u00e1c gi\u1ea3 l\u1eabn c\u00f4 \u1ea5y. Cu\u1ed1n s\u00e1ch \u0111\u00e3 b\u00e1n ch\u1ea1y tr\u00ean to\u00e0n th\u1ebf gi\u1edbi v\u1edbi h\u01a1n 2 tri\u1ec7u b\u1ea3n in v\u00e0 \u0111\u01b0\u1ee3c d\u1ecbch sang h\u01a1n 20 ng\u00f4n ng\u1eef. Cu\u1ed1n s\u00e1ch th\u1ee9 hai Through Time into Healing (\u0110i qua th\u1eddi gian \u0111\u1ec3 ch\u1eefa l\u00e0nh), m\u00f4 t\u1ea3 nh\u1eefng g\u00ec t\u00e1c gi\u1ea3 \u0111\u00e3 h\u1ecdc \u0111\u01b0\u1ee3c v\u1ec1 ti\u1ec1m n\u0103ng ch\u1eefa b\u1ec7nh c\u1ee7a li\u1ec7u ph\u00e1p h\u1ed3i quy ti\u1ec1n ki\u1ebfp. Trong cu\u1ed1n s\u00e1ch \u0111\u1ec1u l\u00e0 nh\u1eefng c\u00e2u chuy\u1ec7n ng\u01b0\u1eddi th\u1eadt vi\u1ec7c th\u1eadt. Nh\u01b0ng c\u00e2u chuy\u1ec7n h\u1ea5p d\u1eabn nh\u1ea5t l\u1ea1i n\u1eb1m trong cu\u1ed1n s\u00e1ch th\u1ee9 ba.<\/p>\n<p>Ki\u1ebfp n\u00e0o ta c\u0169ng t\u00ecm th\u1ea5y nhau n\u00f3i v\u1ec1 nh\u1eefng linh h\u1ed3n tri k\u1ef7, nh\u1eefng ng\u01b0\u1eddi c\u00f3 m\u1ed1i li\u00ean k\u1ebft v\u0129nh vi\u1ec5n v\u1edbi nhau b\u1eb1ng t\u00ecnh y\u00eau th\u01b0\u01a1ng, lu\u00f4n g\u1eb7p l\u1ea1i nhau h\u1ebft l\u1ea7n n\u00e0y \u0111\u1ebfn l\u1ea7n kh\u00e1c, qua h\u1ebft ki\u1ebfp n\u00e0y t\u1edbi ki\u1ebfp kh\u00e1c. Ch\u00fang ta s\u1ebd t\u00ecm th\u1ea5y v\u00e0 nh\u1eadn ra tri k\u1ef7 c\u1ee7a m\u00ecnh nh\u01b0 th\u1ebf n\u00e0o, r\u1ed3i \u0111\u01b0a ra nh\u1eefng quy\u1ebft \u0111\u1ecbnh l\u00e0m thay \u0111\u1ed5i cu\u1ed9c s\u1ed1ng c\u1ee7a ch\u00ednh m\u00ecnh ra sao l\u00e0 nh\u1eefng kho\u1ea3nh kh\u1eafc quan tr\u1ecdng v\u00e0 x\u00fac \u0111\u1ed9ng nh\u1ea5t trong cu\u1ed9c \u0111\u1eddi m\u1ed7i ng\u01b0\u1eddi.<\/p>\n<p>\u0110\u1ecbnh m\u1ec7nh s\u1ebd d\u1eabn l\u1ed1i cho nh\u1eefng linh h\u1ed3n tri k\u1ef7 h\u1ed9i ng\u1ed9. Ch\u00fang ta s\u1ebd g\u1eb7p h\u1ecd. Nh\u01b0ng quy\u1ebft \u0111\u1ecbnh l\u00e0m g\u00ec sau \u0111\u00f3 l\u1ea1i l\u00e0 quy\u1ec1n t\u1ef1 do l\u1ef1a ch\u1ecdn c\u1ee7a m\u1ed7i ng\u01b0\u1eddi. M\u1ed9t l\u1ef1a ch\u1ecdn sai l\u1ea7m ho\u1eb7c m\u1ed9t c\u01a1 h\u1ed9i b\u1ecb b\u1ecf l\u1ee1 c\u00f3 th\u1ec3 d\u1eabn \u0111\u1ebfn n\u1ed7i c\u00f4 \u0111\u01a1n v\u00e0 th\u1ed1ng kh\u1ed5 t\u1ed9t c\u00f9ng. V\u00e0 m\u1ed9t l\u1ef1a ch\u1ecdn \u0111\u00fang \u0111\u1eafn, m\u1ed9t c\u01a1 h\u1ed9i \u0111\u01b0\u1ee3c n\u1eafm b\u1eaft c\u00f3 th\u1ec3 mang l\u1ea1i ni\u1ec1m h\u1ea1nh ph\u00fac s\u00e2u s\u1eafc.<\/p>\n","protected":false},"featured_media":6300,"template":"","meta":{"_acf_changed":false},"product_brand":[],"product_cat":[15,76],"product_tag":[],"class_list":{"0":"post-6301","1":"product","2":"type-product","3":"status-publish","4":"has-post-thumbnail","6":"product_cat-sach-danh-cho-nguoi-lon","7":"product_cat-ton-giao-tam-linh","9":"first","10":"instock","11":"featured","12":"taxable","13":"shipping-taxable","14":"purchasable","15":"product-type-simple"},"supplier_id":null,"supplier_sku":"","barcode":null,"atum_controlled":true,"out_stock_date":null,"out_stock_threshold":null,"inheritable":false,"inbound_stock":0,"stock_on_hold":0,"sold_today":0,"sales_last_days":0,"reserved_stock":0,"customer_returns":0,"warehouse_damage":0,"lost_in_post":0,"other_logs":0,"out_stock_days":0,"lost_sales":0,"has_location":false,"update_date":"2026-01-28T23:11:26","atum_locations":[],"atum_stock_status":"instock","restock_status":false,"low_stock_amount":"","sales_update_date":"2026-01-28T23:11:26","calc_backorders":null,"acf":{"publisher":{"ID":1474,"post_author":"1","post_date":"2021-02-17 01:12:51","post_date_gmt":"2021-02-16 23:12:51","post_content":"","post_title":"Th\u00e1i H\u00e0","post_excerpt":"","post_status":"publish","comment_status":"closed","ping_status":"closed","post_password":"","post_name":"thai-ha","to_ping":"","pinged":"","post_modified":"2021-02-17 01:12:51","post_modified_gmt":"2021-02-16 23:12:51","post_content_filtered":"","post_parent":0,"guid":"https:\/\/sachviet.eu\/nha-phat-hanh\/thai-ha\/","menu_order":0,"post_type":"publisher","post_mime_type":"","comment_count":"0","filter":"raw"}},"_links":{"self":[{"href":"https:\/\/sachviet.eu\/en\/wp-json\/wp\/v2\/product\/6301","targetHints":{"allow":["GET"]}}],"collection":[{"href":"https:\/\/sachviet.eu\/en\/wp-json\/wp\/v2\/product"}],"about":[{"href":"https:\/\/sachviet.eu\/en\/wp-json\/wp\/v2\/types\/product"}],"wp:featuredmedia":[{"embeddable":true,"href":"https:\/\/sachviet.eu\/en\/wp-json\/wp\/v2\/media\/6300"}],"wp:attachment":[{"href":"https:\/\/sachviet.eu\/en\/wp-json\/wp\/v2\/media?parent=6301"}],"wp:term":[{"taxonomy":"product_brand","embeddable":true,"href":"https:\/\/sachviet.eu\/en\/wp-json\/wp\/v2\/product_brand?post=6301"},{"taxonomy":"product_cat","embeddable":true,"href":"https:\/\/sachviet.eu\/en\/wp-json\/wp\/v2\/product_cat?post=6301"},{"taxonomy":"product_tag","embeddable":true,"href":"https:\/\/sachviet.eu\/en\/wp-json\/wp\/v2\/product_tag?post=6301"}],"curies":[{"name":"wp","href":"https:\/\/api.w.org\/{rel}","templated":true}]}}