{"id":6299,"date":"2021-03-15T01:32:17","date_gmt":"2021-03-14T23:32:17","guid":{"rendered":"https:\/\/sachviet.eu\/shop\/day-con-lam-giau-de-khong-co-tien-van-tao-ra-tien-cha-giau-cha-ngheo-tai-ban\/"},"modified":"2021-03-23T01:15:28","modified_gmt":"2021-03-22T23:15:28","slug":"day-con-lam-giau-de-khong-co-tien-van-tao-ra-tien-cha-giau-cha-ngheo-tai-ban","status":"publish","type":"product","link":"https:\/\/sachviet.eu\/en\/shop\/day-con-lam-giau-de-khong-co-tien-van-tao-ra-tien-cha-giau-cha-ngheo-tai-ban\/","title":{"rendered":"D\u1ea1y Con L\u00e0m Gi\u00e0u- \u0110\u1ec3 Kh\u00f4ng C\u00f3 Ti\u1ec1n V\u1eabn T\u1ea1o Ra Ti\u1ec1n &#8211; Cha Gi\u00e0u Cha Ngh\u00e8o (T\u00e1i B\u1ea3n)"},"content":{"rendered":"<p>Ng\u01b0\u1eddi gi\u00e0u kh\u00f4ng l\u00e0m vi\u1ec7c v\u00ec ti\u1ec1n. H\u1ecd b\u1eaft ti\u1ec1n l\u00e0m vi\u1ec7c cho h\u1ecd. Ch\u1ea5p nh\u1eadn th\u1ea5t b\u1ea1i l\u00e0 b\u01b0\u1edbc \u0111\u1ea7u c\u1ee7a th\u00e0nh c\u00f4ng? Quy\u1ec1n l\u1ef1c c\u1ee7a s\u1ef1 l\u1ef1a ch\u1ecdn! Nh\u1eefng b\u00e0i h\u1ecdc kh\u00f4ng c\u00f3 trong nh\u00e0 tr\u01b0\u1eddng. H\u00e3y b\u1eaft \u0111\u1ea7u t\u1eeb h\u00f4m nay \u201c\u0111\u1ec3 kh\u00f4ng c\u00f3 ti\u1ec1n v\u1eabn t\u1ea1o ra ti\u1ec1n\u201d\u2026.<\/p>\n","protected":false},"excerpt":{"rendered":"<p>Ng\u01b0\u1eddi gi\u00e0u kh\u00f4ng l\u00e0m vi\u1ec7c v\u00ec ti\u1ec1n. H\u1ecd b\u1eaft ti\u1ec1n l\u00e0m vi\u1ec7c cho h\u1ecd. Ch\u1ea5p nh\u1eadn th\u1ea5t b\u1ea1i l\u00e0 b\u01b0\u1edbc \u0111\u1ea7u c\u1ee7a th\u00e0nh c\u00f4ng? Quy\u1ec1n l\u1ef1c c\u1ee7a s\u1ef1 l\u1ef1a ch\u1ecdn! Nh\u1eefng b\u00e0i h\u1ecdc kh\u00f4ng c\u00f3 trong nh\u00e0 tr\u01b0\u1eddng. H\u00e3y b\u1eaft \u0111\u1ea7u t\u1eeb h\u00f4m nay \u201c\u0111\u1ec3 kh\u00f4ng c\u00f3 ti\u1ec1n v\u1eabn t\u1ea1o ra ti\u1ec1n\u201d\u2026.<\/p>\n","protected":false},"featured_media":6288,"template":"","meta":{"_acf_changed":false},"product_brand":[],"product_cat":[18],"product_tag":[],"class_list":{"0":"post-6299","1":"product","2":"type-product","3":"status-publish","4":"has-post-thumbnail","6":"product_cat-kinh-te","8":"first","9":"outofstock","10":"taxable","11":"shipping-taxable","12":"purchasable","13":"product-type-simple"},"supplier_id":null,"supplier_sku":"","barcode":null,"atum_controlled":true,"out_stock_date":"2021-03-15 00:01:30","out_stock_threshold":null,"inheritable":false,"inbound_stock":0,"stock_on_hold":0,"sold_today":0,"sales_last_days":0,"reserved_stock":0,"customer_returns":0,"warehouse_damage":0,"lost_in_post":0,"other_logs":0,"out_stock_days":1780,"lost_sales":0,"has_location":false,"update_date":"2026-01-28T23:10:40","atum_locations":[],"atum_stock_status":"outofstock","restock_status":false,"low_stock_amount":"","sales_update_date":"2026-01-28T23:10:40","calc_backorders":null,"acf":{"publisher":{"ID":1517,"post_author":"1","post_date":"2021-02-17 01:14:41","post_date_gmt":"2021-02-16 23:14:41","post_content":"","post_title":"NXB Tr\u1ebb","post_excerpt":"","post_status":"publish","comment_status":"closed","ping_status":"closed","post_password":"","post_name":"nxb-tre","to_ping":"","pinged":"","post_modified":"2021-02-17 01:14:41","post_modified_gmt":"2021-02-16 23:14:41","post_content_filtered":"","post_parent":0,"guid":"https:\/\/sachviet.eu\/nha-phat-hanh\/nxb-tre\/","menu_order":0,"post_type":"publisher","post_mime_type":"","comment_count":"0","filter":"raw"}},"_links":{"self":[{"href":"https:\/\/sachviet.eu\/en\/wp-json\/wp\/v2\/product\/6299","targetHints":{"allow":["GET"]}}],"collection":[{"href":"https:\/\/sachviet.eu\/en\/wp-json\/wp\/v2\/product"}],"about":[{"href":"https:\/\/sachviet.eu\/en\/wp-json\/wp\/v2\/types\/product"}],"wp:featuredmedia":[{"embeddable":true,"href":"https:\/\/sachviet.eu\/en\/wp-json\/wp\/v2\/media\/6288"}],"wp:attachment":[{"href":"https:\/\/sachviet.eu\/en\/wp-json\/wp\/v2\/media?parent=6299"}],"wp:term":[{"taxonomy":"product_brand","embeddable":true,"href":"https:\/\/sachviet.eu\/en\/wp-json\/wp\/v2\/product_brand?post=6299"},{"taxonomy":"product_cat","embeddable":true,"href":"https:\/\/sachviet.eu\/en\/wp-json\/wp\/v2\/product_cat?post=6299"},{"taxonomy":"product_tag","embeddable":true,"href":"https:\/\/sachviet.eu\/en\/wp-json\/wp\/v2\/product_tag?post=6299"}],"curies":[{"name":"wp","href":"https:\/\/api.w.org\/{rel}","templated":true}]}}