{"id":6287,"date":"2021-03-15T01:31:30","date_gmt":"2021-03-14T23:31:30","guid":{"rendered":"https:\/\/sachviet.eu\/shop\/hanh-phuc-tu-nhung-dieu-nho-be-nghe-thuat-song-cua-nguoi-dan-mach\/"},"modified":"2023-11-27T21:06:00","modified_gmt":"2023-11-27T19:06:00","slug":"hanh-phuc-tu-nhung-dieu-nho-be-nghe-thuat-song-cua-nguoi-dan-mach","status":"publish","type":"product","link":"https:\/\/sachviet.eu\/en\/shop\/hanh-phuc-tu-nhung-dieu-nho-be-nghe-thuat-song-cua-nguoi-dan-mach\/","title":{"rendered":"H\u1ea1nh Ph\u00fac T\u1eeb Nh\u1eefng \u0110i\u1ec1u Nh\u1ecf B\u00e9 &#8211; Ngh\u1ec7 Thu\u1eadt S\u1ed1ng C\u1ee7a Ng\u01b0\u1eddi \u0110an M\u1ea1ch"},"content":{"rendered":"<p>Hugge &#8211; H\u1ea1nh Ph\u00fac T\u1eeb Nh\u1eefng \u0110i\u1ec1u Nh\u1ecf B\u00e9 &#8211; Ngh\u1ec7 Thu\u1eadt S\u1ed1ng C\u1ee7a Ng\u01b0\u1eddi \u0110an M\u1ea1ch<\/p>\n<p>Cu\u1ed1n s\u00e1ch gi\u1ea3i m\u00e3 b\u00ed m\u1eadt gi\u00fap con ng\u01b0\u1eddi s\u1ed1ng \u1edf qu\u1ed1c gia c\u00f3 h\u01a1n m\u1ed9t n\u1eeda th\u1eddi gian c\u1ee7a n\u0103m ch\u00ecm trong m\u01b0a x\u00e1m v\u00e0 tuy\u1ebft l\u1ea1nh h\u1ea1nh ph\u00fac.<\/p>\n<p> M\u1ed7i qu\u1ed1c gia c\u00f3 nh\u1eefng gi\u00e1 tr\u1ecb c\u1ed1t l\u00f5i kh\u00e1c nhau \u0111\u1ec3 l\u00e0m n\u1ec1n t\u1ea3ng cho vi\u1ec7c hi\u1ec3u v\u00e0 \u0111\u1ecbnh h\u00ecnh \u0111\u1eb7c \u0111i\u1ec3m d\u00e2n t\u1ed9c m\u00ecnh. Ng\u01b0\u1eddi M\u1ef9 y\u00eau th\u00edch t\u1ef1 do c\u00e1 nh\u00e2n, ng\u01b0\u1eddi Ph\u00e1p c\u00f3 danh v\u1ecdng, c\u00f2n ng\u01b0\u1eddi \u0110\u1ee9c \u0111\u1ec1 cao t\u00ednh k\u1ef7 lu\u1eadt v\u00e0 s\u1ef1 ch\u00ednh x\u00e1c. \u0110\u1ed1i v\u1edbi ng\u01b0\u1eddi \u0110an M\u1ea1ch, Hygge l\u00e0 m\u1ed9t trong nh\u1eefng gi\u00e1 tr\u1ecb c\u1ed1t l\u00f5i. \u0110\u00e2y l\u00e0 n\u1ec1n t\u1ea3ng mang l\u1ea1i h\u1ea1nh ph\u00fac cho qu\u1ed1c gia c\u00f3 h\u01a1n m\u1ed9t n\u1eeda th\u1eddi gian c\u1ee7a n\u0103m ch\u00ecm trong m\u01b0a x\u00e1m v\u00e0 tuy\u1ebft l\u1ea1nh. Trong b\u1ed1i c\u1ea3nh \u0111\u1eddi s\u1ed1ng qu\u00e1 nhi\u1ec1u \u00e1p l\u1ef1c, gi\u1ea3i m\u00e3 nh\u1eefng \u201cb\u00ed m\u1eadt\u201d c\u1ee7a Hygge \u0111\u1ec3 c\u00f3 th\u1ec3 \u1ee9ng d\u1ee5ng v\u00e0o \u0111\u1eddi s\u1ed1ng \u0111ang l\u00e0 \u0111i\u1ec1u r\u1ea5t nhi\u1ec1u ng\u01b0\u1eddi h\u01b0\u1edbng \u0111\u1ebfn. H\u1ea1nh ph\u00fac t\u1eeb nh\u1eefng \u0111i\u1ec1u nh\u1ecf b\u00e9, cu\u1ed1n s\u00e1ch c\u1ee7a t\u00e1c gi\u1ea3 Marie Tourell S\u00f8derberg c\u00f3 ch\u1ee9a ch\u00eca kh\u00f3a \u0111\u1ec3 m\u1edf c\u00e1nh c\u1eeda v\u00e0o c\u0103n ph\u00f2ng ch\u1ee9a m\u1ecdi l\u1eddi gi\u1ea3i \u0111\u00e1p v\u1ec1 Hygge.<\/p>\n<p>Marie Tourell S\u00f8derberg kh\u00f4ng ph\u1ea3i l\u00e0 m\u1ed9t ng\u01b0\u1eddi vi\u1ebft s\u00e1ch chuy\u00ean nghi\u1ec7p. C\u00f4 l\u00e0 m\u1ed9t di\u1ec5n vi\u00ean s\u1ed1ng \u1edf Copenhagen. C\u0169ng nh\u01b0 \u0111a s\u1ed1 m\u1ecdi ng\u01b0\u1eddi \u1edf th\u1eddi \u0111\u1ea1i n\u00e0y, \u0111\u00f4i khi Marie c\u1ea3m th\u1ea5y qu\u00e1 t\u1ea3i v\u1edbi c\u00f4ng vi\u1ec7c, th\u1ea5y m\u00ecnh lu\u00f4n b\u1eadn r\u1ed9n v\u1edbi nhi\u1ec7m v\u1ee5 n\u00e0o \u0111\u00f3 \u0111\u1ebfn m\u1ee9c qu\u00ean d\u00e0nh th\u1eddi gian \u0111\u1ec3 bu\u00f4ng b\u1ecf m\u1ecdi v\u01b0\u1edbng b\u1eadn v\u00e0 \u0111\u1ec3 b\u1ea3n th\u00e2n th\u1eadt s\u1ef1 \u0111\u01b0\u1ee3c s\u1ed1ng. Cho \u0111\u1ebfn m\u1ed9t ng\u00e0y, Marie nh\u1eadn ra, m\u00ecnh, c\u0169ng nh\u01b0 r\u1ea5t nhi\u1ec1u ng\u01b0\u1eddi \u0111ang b\u1ecb v\u00f2ng xo\u00e1y c\u00f4ng vi\u1ec7c chi ph\u1ed1i qu\u00e1 nhi\u1ec1u. Marie quy\u1ebft \u0111\u1ecbnh ch\u1eadm l\u1ea1i, b\u1edfi v\u1edbi c\u00f4, vi\u1ec7c c\u00f3 kho\u1ea3ng th\u1eddi gian hygge c\u00f9ng gia \u0111\u00ecnh v\u00e0 b\u1ea1n b\u00e8, c\u00f3 nh\u1eefng kho\u1ea3nh kh\u1eafc hygge v\u1edbi b\u1ea3n th\u00e2n v\u00e0 c\u00f3 m\u1ed9t m\u00e1i \u1ea5m hygge l\u00e0 \u0111i\u1ec1u r\u1ea5t quan tr\u1ecdng. Marie b\u1eaft tay v\u00e0o vi\u1ebft v\u1ec1 Hygge v\u1edbi mong mu\u1ed1n quy\u1ec3n s\u00e1ch s\u1ebd l\u00e0 m\u1ed9t t\u00e0i li\u1ec7u h\u01b0\u1edbng d\u1eabn th\u1ef1c h\u00e0nh gi\u00fap m\u1ecdi ng\u01b0\u1eddi x\u00e2y d\u1ef1ng n\u1ec1n t\u1ea3ng v\u1eefng ch\u1eafc \u0111\u1ec3 ph\u00e1t tri\u1ec3n hygge. \u0110\u1ed3ng th\u1eddi c\u0169ng l\u00e0 l\u1eddi m\u1eddi m\u1ecdi ng\u01b0\u1eddi t\u1eadn h\u01b0\u1edfng v\u00e0 tr\u00e2n tr\u1ecdng nh\u1eefng kho\u1ea3nh kh\u1eafc kh\u00f4ng th\u1ec3 \u0111\u00e1nh \u0111\u1ed5i b\u1eb1ng ti\u1ec1n.<\/p>\n<p>Theo Gi\u00e1o s\u01b0 Jeppe Trolle Linnet, chuy\u00ean gia nghi\u00ean c\u1ee9u v\u1ec1 Hygge, Hygge l\u00e0 m\u1ed9t t\u1eeb trong ti\u1ebfng \u0110an M\u1ea1ch, h\u00e0m ch\u1ee9a to\u00e0n b\u1ed9  c\u00e1c \u00fd ngh\u0129a m\u00e0 con ng\u01b0\u1eddi ch\u00fang ta v\u00f4 c\u00f9ng tr\u00e2n tr\u1ecdng. Hygge trong ng\u00f4n ng\u1eef B\u1eafc \u00c2u c\u1ed5 l\u00e0 hyggja, c\u00f3 ngh\u0129a l\u00e0 s\u1ef1 th\u1ecfa m\u00e3n trong suy ngh\u0129 v\u00e0 c\u1ea3m nh\u1eadn. \u0110\u1ed3ng th\u1eddi, c\u00f3 li\u00ean quan \u0111\u1ebfn vi\u1ec7c t\u00ecm n\u01a1i tr\u00fa \u1ea9n, ngh\u1ec9 ng\u01a1i, s\u1ef1 an to\u00e0n v\u00e0 ph\u1ee5c h\u1ed3i n\u0103ng l\u01b0\u1ee3ng c\u0169ng nh\u01b0 l\u00f2ng can \u0111\u1ea3m. \u0110\u1ed1i v\u1edbi nhi\u1ec1u ng\u01b0\u1eddi \u0110an M\u1ea1ch, hygge l\u00e0 m\u1ee5c ti\u00eau c\u1ea7n ph\u1ea5n \u0111\u1ea5u \u0111\u1ea1t \u0111\u01b0\u1ee3c. N\u00f3 nh\u01b0 kim ch\u1ec9 nam d\u1eabn ch\u00fang ta \u0111\u1ebfn nh\u1eefng kho\u1ea3nh kh\u1eafc h\u1ea1nh ph\u00fac nho nh\u1ecf trong cu\u1ed9c s\u1ed1ng h\u00e0ng ng\u00e0y.<\/p>\n<p>X\u00e1c \u0111\u1ecbnh cu\u1ed1n s\u00e1ch s\u1ebd l\u00e0 m\u1ed9t t\u00e0i li\u1ec7u h\u01b0\u1edbng d\u1eabn th\u1ef1c h\u00e0nh, H\u1ea1nh ph\u00fac t\u1eeb nh\u1eefng \u0111i\u1ec1u nh\u1ecf b\u00e9 \u0111\u01b0\u1ee3c t\u00e1c gi\u1ea3 ch\u1eaft l\u1ecdc, \u0111\u1ea7u t\u01b0 t\u1eeb c\u00e2u ch\u1eef \u0111\u1ebfn h\u00ecnh \u1ea3nh. Marie \u0111\u01b0a ng\u01b0\u1eddi \u0111\u1ecdc v\u00e0o t\u1eebng ng\u00f4i nh\u00e0, t\u1eebng gian b\u1ebfp, t\u1eebng g\u00f3c ph\u00f2ng\u2026 \u0111\u1ec3 ch\u1ee9ng ki\u1ebfn nh\u1ecbp sinh ho\u1ea1t \u0111\u1eb7c bi\u1ec7t c\u1ee7a nh\u1eefng con ng\u01b0\u1eddi n\u01a1i \u0111\u00e2y. Marie \u0111\u00e3 \u0111\u00e0nh kh\u00f4ng \u00edt th\u1eddi gian \u0111\u1ec3 g\u1eb7p g\u1ee1, trao \u0111\u1ed5i v\u1edbi r\u1ea5t nhi\u1ec1u th\u00e0nh ph\u1ea7n trong x\u00e3 h\u1ed9i, t\u1eeb c\u00e1c chuy\u00ean gia nghi\u00ean c\u1ee9u v\u1ec1 Hygge, di\u1ec5n gi\u1ea3, nh\u00e0 t\u00e2m l\u00fd\u2026 \u0111\u1ec3 l\u1eafng nghe nh\u1eefng \u0111\u1ecbnh ngh\u0129a c\u1ee7a h\u1ecd v\u1ec1 Hygge c\u0169ng nh\u01b0 c\u00e1ch h\u1ecd thi\u1ebft l\u1eadp tinh th\u1ea7n n\u00e0y v\u00e0o ch\u00ednh cu\u1ed9c s\u1ed1ng th\u01b0\u1eddng nh\u1eadt. \u0110\u1ed9c gi\u1ea3 s\u1ebd \u0111\u01b0\u1ee3c xu\u00f4i theo d\u00f2ng l\u1ecbch s\u1eed, \u0111\u1ecba l\u00fd, con ng\u01b0\u1eddi\u2026 \u0110an M\u1ea1ch \u0111\u1ec3 hi\u1ec3u v\u00ec sao kh\u00e1i ni\u1ec7m Hygge \u0111\u01b0\u1ee3c kh\u1edfi ph\u00e1t v\u00e0 \u0111\u1ec3 th\u1ea5y \u0111\u01b0\u1ee3c t\u00e1c d\u1ee5ng c\u1ee7a n\u00f3 th\u1ebf n\u00e0o, c\u1ea3 trong qu\u00e1 kh\u1ee9 l\u1eabn hi\u1ec7n t\u1ea1i v\u1edbi qu\u1ed1c gia n\u00e0y.<\/p>\n<p>Kh\u00f4ng d\u1eebng l\u1ea1i \u1edf nh\u1eefng kh\u00e1i ni\u1ec7m, t\u00e1c gi\u1ea3 c\u0169ng \u0111\u01b0a ra c\u1ee5 th\u1ec3 c\u00e1ch th\u1ee9c tri\u1ec3n khai, th\u1ef1c h\u00e0nh \u0111\u1ec3 l\u00e0m th\u1ebf n\u00e0o \u0111\u01b0a Hygge v\u00e0o nh\u00e0, v\u00e0o ch\u00ednh \u0111\u1eddi s\u1ed1ng th\u01b0\u1eddng nh\u1eadt \u0111\u1ec3 cu\u1ed9c s\u1ed1ng m\u1ed7i ng\u01b0\u1eddi c\u00f3 th\u1ec3 tr\u1edf n\u00ean t\u1ed1t \u0111\u1eb9p h\u01a1n. Xuy\u00ean su\u1ed1t quy\u1ec3n s\u00e1ch, ng\u01b0\u1eddi \u0111\u1ecdc s\u1ebd \u0111\u01b0\u1ee3c r\u1ea5t nhi\u1ec1u ng\u01b0\u1eddi \u0110an M\u1ea1ch gi\u1ea3i th\u00edch v\u1ec1 vi\u1ec7c h\u1ecd hygge nh\u01b0 th\u1ebf n\u00e0o v\u00e0 hygge c\u00f3 \u00fd ngh\u0129a g\u00ec v\u1edbi h\u1ecd: Hygge l\u00e0 ng\u1ed3i quanh \u0111\u1ed1ng l\u1eeda tr\u00f2 chuy\u1ec7n v\u1edbi b\u1ea1n b\u00e8 trong m\u1ed9t \u0111\u00eam h\u00e8; Hygge l\u00e0 nh\u00e2m nhi ly r\u01b0\u1ee3u vang trong khu v\u01b0\u1eddn c\u1ee7a m\u1eb9; Hygge l\u00e0 ng\u1ed3i nghe ti\u1ebfng m\u01b0a r\u01a1i t\u00ed t\u00e1ch tr\u00ean m\u00e1i nh\u00e0 v\u1edbi m\u1ed9t t\u00e1ch tr\u00e0 n\u00f3ng tr\u00ean tay\u2026.<\/p>\n<p>Ch\u1eb3ng c\u00f3 \u0111\u1ecbnh ngh\u0129a chung, th\u1ed1ng nh\u1ea5t nh\u01b0ng sau to\u00e0n b\u1ed9 n\u1ed9i dung t\u00e1c ph\u1ea9m, ng\u01b0\u1eddi \u0111\u1ecdc s\u1ebd c\u1ea3m nh\u1eadn \u0111\u01b0\u1ee3c tinh th\u1ea7n c\u1ee7a Hygge v\u00e0 t\u1ef1 ch\u1ecdn \u0111\u01b0\u1ee3c c\u00e1ch Hygge cho m\u00ecnh. Nh\u01b0 l\u1eddi c\u1ee7a Anne Glad, chuy\u00ean gia h\u00e0ng \u0111\u1ea7u th\u1ebf gi\u1edbi v\u1ec1 l\u1ed1i s\u1ed1ng, c\u00f3 th\u1ec3 hygge kh\u00f4ng ph\u1ea3i l\u00e0 \u0111\u00e1p \u00e1n cho m\u1ecdi c\u00e2u h\u1ecfi l\u1edbn trong cu\u1ed9c s\u1ed1ng, nh\u01b0ng ch\u1eafc ch\u1eafn hygge l\u00e0 m\u1ed9t l\u1eddi m\u1eddi g\u1ecdi ch\u00fang ta suy ngh\u0129 v\u1ec1 cu\u1ed9c s\u1ed1ng v\u00e0 h\u1ea1nh ph\u00fac d\u01b0\u1edbi m\u1ed9t g\u00f3c nh\u00ecn r\u1ed9ng h\u01a1n. \u0110i\u1ec1u g\u00ec l\u00e0 quan tr\u1ecdng \u0111\u1ed1i v\u1edbi ch\u00fang ta? Ch\u00fang ta c\u1ea7n l\u00e0m vi\u1ec7c nhi\u1ec1u \u0111\u1ebfn m\u1ee9c n\u00e0o? V\u00e0 ch\u00fang ta c\u1ea7n g\u00ec \u0111\u1ec3 h\u1ea1nh ph\u00fac? Hygge l\u00e0 l\u1eddi m\u1eddi g\u1ecdi t\u1eadn h\u01b0\u1edfng nh\u1eefng th\u1ee9 nh\u1ecf b\u00e9 trong cu\u1ed9c s\u1ed1ng, b\u1edfi v\u00ec th\u1eadt ra \u0111\u00f3 ch\u00ednh l\u00e0 nh\u1eefng \u0111i\u1ec1u to l\u1edbn.<\/p>\n","protected":false},"excerpt":{"rendered":"<p>Hugge &#8211; H\u1ea1nh Ph\u00fac T\u1eeb Nh\u1eefng \u0110i\u1ec1u Nh\u1ecf B\u00e9 &#8211; Ngh\u1ec7 Thu\u1eadt S\u1ed1ng C\u1ee7a Ng\u01b0\u1eddi \u0110an M\u1ea1ch<\/p>\n<p>Cu\u1ed1n s\u00e1ch gi\u1ea3i m\u00e3 b\u00ed m\u1eadt gi\u00fap con ng\u01b0\u1eddi s\u1ed1ng \u1edf qu\u1ed1c gia c\u00f3 h\u01a1n m\u1ed9t n\u1eeda th\u1eddi gian c\u1ee7a n\u0103m ch\u00ecm trong m\u01b0a x\u00e1m v\u00e0 tuy\u1ebft l\u1ea1nh h\u1ea1nh ph\u00fac.<\/p>\n<p> M\u1ed7i qu\u1ed1c gia c\u00f3 nh\u1eefng gi\u00e1 tr\u1ecb c\u1ed1t l\u00f5i kh\u00e1c nhau \u0111\u1ec3 l\u00e0m n\u1ec1n t\u1ea3ng cho vi\u1ec7c hi\u1ec3u v\u00e0 \u0111\u1ecbnh h\u00ecnh \u0111\u1eb7c \u0111i\u1ec3m d\u00e2n t\u1ed9c m\u00ecnh. Ng\u01b0\u1eddi M\u1ef9 y\u00eau th\u00edch t\u1ef1 do c\u00e1 nh\u00e2n, ng\u01b0\u1eddi Ph\u00e1p c\u00f3 danh v\u1ecdng, c\u00f2n ng\u01b0\u1eddi \u0110\u1ee9c \u0111\u1ec1 cao t\u00ednh k\u1ef7 lu\u1eadt v\u00e0 s\u1ef1 ch\u00ednh x\u00e1c. \u0110\u1ed1i v\u1edbi ng\u01b0\u1eddi \u0110an M\u1ea1ch, Hygge l\u00e0 m\u1ed9t trong nh\u1eefng gi\u00e1 tr\u1ecb c\u1ed1t l\u00f5i. \u0110\u00e2y l\u00e0 n\u1ec1n t\u1ea3ng mang l\u1ea1i h\u1ea1nh ph\u00fac cho qu\u1ed1c gia c\u00f3 h\u01a1n m\u1ed9t n\u1eeda th\u1eddi gian c\u1ee7a n\u0103m ch\u00ecm trong m\u01b0a x\u00e1m v\u00e0 tuy\u1ebft l\u1ea1nh. Trong b\u1ed1i c\u1ea3nh \u0111\u1eddi s\u1ed1ng qu\u00e1 nhi\u1ec1u \u00e1p l\u1ef1c, gi\u1ea3i m\u00e3 nh\u1eefng \u201cb\u00ed m\u1eadt\u201d c\u1ee7a Hygge \u0111\u1ec3 c\u00f3 th\u1ec3 \u1ee9ng d\u1ee5ng v\u00e0o \u0111\u1eddi s\u1ed1ng \u0111ang l\u00e0 \u0111i\u1ec1u r\u1ea5t nhi\u1ec1u ng\u01b0\u1eddi h\u01b0\u1edbng \u0111\u1ebfn. H\u1ea1nh ph\u00fac t\u1eeb nh\u1eefng \u0111i\u1ec1u nh\u1ecf b\u00e9, cu\u1ed1n s\u00e1ch c\u1ee7a t\u00e1c gi\u1ea3 Marie Tourell S\u00f8derberg c\u00f3 ch\u1ee9a ch\u00eca kh\u00f3a \u0111\u1ec3 m\u1edf c\u00e1nh c\u1eeda v\u00e0o c\u0103n ph\u00f2ng ch\u1ee9a m\u1ecdi l\u1eddi gi\u1ea3i \u0111\u00e1p v\u1ec1 Hygge.<\/p>\n<p>Marie Tourell S\u00f8derberg kh\u00f4ng ph\u1ea3i l\u00e0 m\u1ed9t ng\u01b0\u1eddi vi\u1ebft s\u00e1ch chuy\u00ean nghi\u1ec7p. C\u00f4 l\u00e0 m\u1ed9t di\u1ec5n vi\u00ean s\u1ed1ng \u1edf Copenhagen. C\u0169ng nh\u01b0 \u0111a s\u1ed1 m\u1ecdi ng\u01b0\u1eddi \u1edf th\u1eddi \u0111\u1ea1i n\u00e0y, \u0111\u00f4i khi Marie c\u1ea3m th\u1ea5y qu\u00e1 t\u1ea3i v\u1edbi c\u00f4ng vi\u1ec7c, th\u1ea5y m\u00ecnh lu\u00f4n b\u1eadn r\u1ed9n v\u1edbi nhi\u1ec7m v\u1ee5 n\u00e0o \u0111\u00f3 \u0111\u1ebfn m\u1ee9c qu\u00ean d\u00e0nh th\u1eddi gian \u0111\u1ec3 bu\u00f4ng b\u1ecf m\u1ecdi v\u01b0\u1edbng b\u1eadn v\u00e0 \u0111\u1ec3 b\u1ea3n th\u00e2n th\u1eadt s\u1ef1 \u0111\u01b0\u1ee3c s\u1ed1ng. Cho \u0111\u1ebfn m\u1ed9t ng\u00e0y, Marie nh\u1eadn ra, m\u00ecnh, c\u0169ng nh\u01b0 r\u1ea5t nhi\u1ec1u ng\u01b0\u1eddi \u0111ang b\u1ecb v\u00f2ng xo\u00e1y c\u00f4ng vi\u1ec7c chi ph\u1ed1i qu\u00e1 nhi\u1ec1u. Marie quy\u1ebft \u0111\u1ecbnh ch\u1eadm l\u1ea1i, b\u1edfi v\u1edbi c\u00f4, vi\u1ec7c c\u00f3 kho\u1ea3ng th\u1eddi gian hygge c\u00f9ng gia \u0111\u00ecnh v\u00e0 b\u1ea1n b\u00e8, c\u00f3 nh\u1eefng kho\u1ea3nh kh\u1eafc hygge v\u1edbi b\u1ea3n th\u00e2n v\u00e0 c\u00f3 m\u1ed9t m\u00e1i \u1ea5m hygge l\u00e0 \u0111i\u1ec1u r\u1ea5t quan tr\u1ecdng. Marie b\u1eaft tay v\u00e0o vi\u1ebft v\u1ec1 Hygge v\u1edbi mong mu\u1ed1n quy\u1ec3n s\u00e1ch s\u1ebd l\u00e0 m\u1ed9t t\u00e0i li\u1ec7u h\u01b0\u1edbng d\u1eabn th\u1ef1c h\u00e0nh gi\u00fap m\u1ecdi ng\u01b0\u1eddi x\u00e2y d\u1ef1ng n\u1ec1n t\u1ea3ng v\u1eefng ch\u1eafc \u0111\u1ec3 ph\u00e1t tri\u1ec3n hygge. \u0110\u1ed3ng th\u1eddi c\u0169ng l\u00e0 l\u1eddi m\u1eddi m\u1ecdi ng\u01b0\u1eddi t\u1eadn h\u01b0\u1edfng v\u00e0 tr\u00e2n tr\u1ecdng nh\u1eefng kho\u1ea3nh kh\u1eafc kh\u00f4ng th\u1ec3 \u0111\u00e1nh \u0111\u1ed5i b\u1eb1ng ti\u1ec1n.<\/p>\n","protected":false},"featured_media":6276,"template":"","meta":{"_acf_changed":false},"product_brand":[],"product_cat":[15,46],"product_tag":[],"class_list":{"0":"post-6287","1":"product","2":"type-product","3":"status-publish","4":"has-post-thumbnail","6":"product_cat-sach-danh-cho-nguoi-lon","7":"product_cat-ky-nang-song","9":"first","10":"outofstock","11":"sale","12":"taxable","13":"shipping-taxable","14":"purchasable","15":"product-type-simple"},"supplier_id":null,"supplier_sku":"","barcode":null,"atum_controlled":true,"out_stock_date":"2023-11-27 19:06:00","out_stock_threshold":null,"inheritable":false,"inbound_stock":0,"stock_on_hold":0,"sold_today":0,"sales_last_days":0,"reserved_stock":0,"customer_returns":0,"warehouse_damage":0,"lost_in_post":0,"other_logs":0,"out_stock_days":793,"lost_sales":0,"has_location":false,"update_date":"2026-01-28T23:10:40","atum_locations":[],"atum_stock_status":"outofstock","restock_status":false,"low_stock_amount":"","sales_update_date":"2026-01-28T23:10:40","calc_backorders":null,"acf":{"publisher":{"ID":6196,"post_author":"1","post_date":"2021-03-15 01:26:01","post_date_gmt":"2021-03-14 23:26:01","post_content":"","post_title":"FIRST NEWS","post_excerpt":"","post_status":"publish","comment_status":"closed","ping_status":"closed","post_password":"","post_name":"first-news","to_ping":"","pinged":"","post_modified":"2021-03-15 01:26:01","post_modified_gmt":"2021-03-14 23:26:01","post_content_filtered":"","post_parent":0,"guid":"https:\/\/sachviet.eu\/blog\/nha-phat-hanh\/first-news\/","menu_order":0,"post_type":"publisher","post_mime_type":"","comment_count":"0","filter":"raw"}},"_links":{"self":[{"href":"https:\/\/sachviet.eu\/en\/wp-json\/wp\/v2\/product\/6287","targetHints":{"allow":["GET"]}}],"collection":[{"href":"https:\/\/sachviet.eu\/en\/wp-json\/wp\/v2\/product"}],"about":[{"href":"https:\/\/sachviet.eu\/en\/wp-json\/wp\/v2\/types\/product"}],"wp:featuredmedia":[{"embeddable":true,"href":"https:\/\/sachviet.eu\/en\/wp-json\/wp\/v2\/media\/6276"}],"wp:attachment":[{"href":"https:\/\/sachviet.eu\/en\/wp-json\/wp\/v2\/media?parent=6287"}],"wp:term":[{"taxonomy":"product_brand","embeddable":true,"href":"https:\/\/sachviet.eu\/en\/wp-json\/wp\/v2\/product_brand?post=6287"},{"taxonomy":"product_cat","embeddable":true,"href":"https:\/\/sachviet.eu\/en\/wp-json\/wp\/v2\/product_cat?post=6287"},{"taxonomy":"product_tag","embeddable":true,"href":"https:\/\/sachviet.eu\/en\/wp-json\/wp\/v2\/product_tag?post=6287"}],"curies":[{"name":"wp","href":"https:\/\/api.w.org\/{rel}","templated":true}]}}