{"id":6256,"date":"2021-03-15T01:29:19","date_gmt":"2021-03-14T23:29:19","guid":{"rendered":"https:\/\/sachviet.eu\/shop\/luoc-su-the-gioi-ban-dac-biet\/"},"modified":"2022-12-19T22:17:50","modified_gmt":"2022-12-19T20:17:50","slug":"luoc-su-the-gioi-ban-dac-biet","status":"publish","type":"product","link":"https:\/\/sachviet.eu\/en\/shop\/luoc-su-the-gioi-ban-dac-biet\/","title":{"rendered":"L\u01b0\u1ee3c S\u1eed Th\u1ebf Gi\u1edbi (B\u1ea3n \u0110\u1eb7c Bi\u1ec7t)"},"content":{"rendered":"<p>L\u01af\u1ee2C S\u1eec TH\u1ebe GI\u1edaI<\/p>\n<p>Deluxe &amp; Limited Edition<\/p>\n<p>Ph\u00e2n ph\u1ed1i \u0111\u1ed9c quy\u1ec1n b\u1edfi Tiki<\/p>\n<p>K\u1ef7 ni\u1ec7m 15 n\u0103m th\u00e0nh l\u1eadp, Nh\u00e3 Nam h\u00e2n h\u1ea1nh ph\u00e1t h\u00e0nh t\u00e1c ph\u1ea9m n\u1ed5i ti\u1ebfng th\u1ebf gi\u1edbi &#8220;&#8221;L\u01b0\u1ee3c s\u1eed th\u1ebf gi\u1edbi&#8221;&#8221; (A Little History of The World) c\u1ee7a h\u1ecdc gi\u1ea3 E. H. Gombrich, phi\u00ean b\u1ea3n deluxe v\u00e0 gi\u1edbi h\u1ea1n.<\/p>\n<p>Quy c\u00e1ch:<\/p>\n<p>&#8211; B\u00eca da PU cao c\u1ea5p m\u00e0u xanh \u0111\u1eadm (dark blue), b\u1ed3i tr\u00ean carton 3 ly nh\u1eadp ngo\u1ea1i.<\/p>\n<p>&#8211; Title s\u00e1ch, t\u00ean t\u00e1c gi\u1ea3 v\u00e0 h\u00ecnh k\u1ef5 s\u1ef9 tr\u00ean b\u00eca \u0111\u01b0\u1ee3c \u00e9p kim m\u00e0u v\u00e0ng ta v\u1edbi c\u00f4ng ngh\u1ec7 cao t\u1ea7n, s\u1eafc n\u00e9t, b\u1ec1n \u0111\u1eb9p. B\u00eca sau c\u0169ng \u00e9p kim h\u00ecnh ti\u1ec3u ho\u1ea1 trang tr\u00ed.<\/p>\n<p>&#8211; C\u1ea1nh s\u00e1ch \u0111\u01b0\u1ee3c s\u01a1n nh\u0169 v\u00e0ng c\u1ea3 ba c\u1ea1nh.<\/p>\n<p>&#8211; Ru\u1ed9t s\u00e1ch kh\u1ed5 l\u1edbn 18,5&#215;23,5cm, \u0111\u01b0\u1ee3c in 4 m\u00e0u to\u00e0n b\u1ed9, tr\u00ean gi\u1ea5y couch\u00e9 matt \u0111\u1ecbnh l\u01b0\u1ee3ng 150gsm tr\u1eafng ng\u00e0 chuy\u00ean in \u1ea3nh ch\u1ea5t l\u01b0\u1ee3ng cao.<\/p>\n<p>&#8211; &#8220;&#8221;L\u01b0\u1ee3c s\u1eed th\u1ebf gi\u1edbi&#8221;&#8221; limited &amp; deluxe edition \u0111\u01b0\u1ee3c \u0111\u1ef1ng trong h\u1ed9p b\u1ed3i carton 2,5 ly, gia c\u00f4ng th\u1ee7 c\u00f4ng, \u0111\u01b0\u1ee3c thi\u1ebft k\u1ebf d\u1ef1a tr\u00ean b\u00eca s\u00e1ch \u0111\u00e3 mua b\u1ea3n quy\u1ec1n t\u1eeb Yale University Press. H\u1ed9p s\u00e1ch s\u1ebd d\u00e1n sticker \u1ea5n b\u1ea3n k\u1ef7 ni\u1ec7m 15 n\u0103m th\u00e0nh l\u1eadp c\u1ee7a Nh\u00e3 Nam.<\/p>\n<p>&#8211; C\u00e1c \u1ea5n b\u1ea3n cao c\u1ea5p gi\u1edbi h\u1ea1n n\u00e0y s\u1ebd ch\u1ec9 in duy nh\u1ea5t m\u1ed9t l\u1ea7n 1000 b\u1ea3n, \u0111\u01b0\u1ee3c \u0111\u00e1nh s\u1ed1 t\u1eeb 1-1000 v\u00e0 \u0111\u01b0\u1ee3c \u0111\u00f3ng tri\u1ec7n \u0111\u1ecf &#8220;&#8221;Nh\u00e3 Nam Limited Edition&#8221;&#8221;, thi\u1ebft k\u1ebf ri\u00eang cho l\u1ea7n xu\u1ea5t b\u1ea3n n\u00e0y.<\/p>\n<p>Gi\u1edbi thi\u1ec7u t\u00e1c ph\u1ea9m:<\/p>\n<p>Ra \u0111\u1eddi t\u1eeb 1935, L\u01b0\u1ee3c s\u1eed th\u1ebf gi\u1edbi c\u1ee7a E. H. Gombrich \u0111\u00e3 tr\u1edf th\u00e0nh m\u1ed9t trong nh\u1eefng cu\u1ed1n s\u00e1ch b\u00e1n ch\u1ea1y nh\u1ea5t th\u1ebf gi\u1edbi, v\u1edbi nhi\u1ec1u tri\u1ec7u b\u1ea3n s\u00e1ch \u0111\u00e3 \u0111\u01b0\u1ee3c ti\u00eau th\u1ee5, \u1edf h\u01a1n ba m\u01b0\u01a1i ng\u00f4n ng\u1eef. T\u00e1c ph\u1ea9m vi\u1ebft v\u1ec1 l\u1ecbch s\u1eed v\u0103n minh nh\u00e2n lo\u1ea1i n\u00e0y tho\u1ea1t \u0111\u1ea7u \u0111\u01b0\u1ee3c t\u00e1c gi\u1ea3 h\u01b0\u1edbng \u0111\u1ebfn tr\u1ebb em, song ng\u01b0\u1eddi l\u1edbn v\u1eabn \u0111\u1ecdc m\u1ed9t c\u00e1ch h\u00e0o h\u1ee9ng. T\u00e1c ph\u1ea9m kinh \u0111i\u1ec3n n\u00e0y \u0111\u01b0\u1ee3c coi l\u00e0 m\u1ed9t b\u00e0i th\u01a1 v\u1ec1 l\u1ecbch s\u1eed th\u1ebf gi\u1edbi, n\u01a1i E. H. Gombrich l\u1ecbch l\u00e3m d\u1eabn \u0111\u1ed9c gi\u1ea3 \u0111i t\u1eeb th\u1eddi k\u1ef3 \u0110\u1ed3 \u0111\u00e1 cho t\u1edbi k\u1ef7 nguy\u00ean c\u1ee7a n\u0103ng l\u01b0\u1ee3ng nguy\u00ean t\u1eed, v\u1edbi nh\u1eefng bi\u1ebfn c\u1ed1 l\u1ecbch s\u1eed ph\u1ee9c t\u1ea1p nh\u1ea5t, c\u00e1c tr\u00e0o l\u01b0u t\u01b0 t\u01b0\u1edfng kh\u00f3 hi\u1ec3u nh\u1ea5t, c\u00e1c nh\u00e2n v\u1eadt l\u1ecbch s\u1eed \u0111a di\u1ec7n nh\u1ea5t, c\u00e1c th\u00e0nh t\u1ef1u k\u1ef3 v\u0129 nh\u1ea5t c\u1ee7a tr\u00ed tu\u1ec7 con ng\u01b0\u1edd Kh\u00f4ng th\u1ef1c s\u1ef1 b\u1eaft \u0111\u1ea7u b\u1eb1ng t\u1eeb &#8220;&#8221;ng\u00e0y x\u1eeda ng\u00e0y x\u01b0a&#8221;&#8221;, song &#8220;&#8221;L\u01b0\u1ee3c s\u1eed th\u1ebf gi\u1edbi&#8221;&#8221; c\u1ee7a ng\u01b0\u1eddi k\u1ec3 chuy\u1ec7n E. H. Gombrich \u0111\u00e3 \u0111i v\u00e0o tr\u00e1i tim \u0111\u1ed9c gi\u1ea3 trong h\u00ecnh h\u00e0i m\u1ed9t c\u00e2u chuy\u1ec7n c\u1ed5 t\u00edch quy\u1ebfn r\u0169 kh\u00f4n c\u01b0\u1ee1ng v\u1ec1 c\u00e1c n\u1ec1n v\u0103n minh c\u1ee7a nh\u00e2n lo\u1ea1 M\u1ed9t cu\u1ed1n s\u00e1ch, m\u00e0 ai c\u0169ng s\u1ebd th\u1ea5y m\u00ecnh may m\u1eafn, n\u1ebfu nh\u01b0 k\u1ecbp \u0111\u1ecdc n\u00f3, tr\u01b0\u1edbc khi tr\u01b0\u1edfng th\u00e0nh.<\/p>\n<p>B\u1ea3n quy\u1ec1n s\u00e1ch: &#8220;&#8221;L\u01b0\u1ee3c s\u1eed th\u1ebf gi\u1edbi&#8221;&#8221; do Nh\u00e3 Nam \u1ea5n h\u00e0nh l\u00e0 b\u1ea3n luxury v\u1edbi ph\u1ea7n tranh v\u00e0 \u1ea3nh m\u00e0u do Yale University Press chu\u1ea9n b\u1ecb, ri\u00eang b\u1ea3n n\u00e0y \u0111\u00e3 \u0111\u01b0\u1ee3c b\u00e1n tr\u00ean n\u1eeda tri\u1ec7u cu\u1ed1n tr\u00ean to\u00e0n c\u1ea7u. Cu\u1ed1n &#8220;&#8221;L\u01b0\u1ee3c s\u1eed th\u1ebf gi\u1edbi&#8221;&#8221; c\u00f3 minh ho\u1ea1 n\u00e0y ch\u00ednh l\u00e0 t\u00e1c ph\u1ea9m n\u1ec1n t\u1ea3ng trong t\u1ee7 s\u00e1ch &#8220;&#8221;L\u01b0\u1ee3c s\u1eed&#8221;&#8221; (A little History ) n\u1ed5i ti\u1ebfng c\u1ee7a \u0110\u1ea1i h\u1ecdc Yale, Hoa K\u1ef3, do Gi\u00e1o s\u01b0 Ng\u00f4 B\u1ea3o Ch\u00e2u gi\u1edbi thi\u1ec7u v\u00e0 Gi\u00e1o s\u01b0 V\u0169 H\u00e0 V\u0103n h\u1ed7 tr\u1ee3 Nh\u00e3 Nam giao d\u1ecbch b\u1ea3n quy\u1ec1n v\u1edbi \u0110\u1ea1i h\u1ecdc Yale, n\u01a1i GS c\u00f4ng t\u00e1c.<\/p>\n<p>Gi\u00e1 s\u00e1ch: &#8220;&#8221;L\u01b0\u1ee3c s\u1eed th\u1ebf gi\u1edbi&#8221;&#8221;, phi\u00ean b\u1ea3n b\u00eca da cao c\u1ea5p gi\u1edbi h\u1ea1n \u0111\u01b0\u1ee3c \u1ea5n \u0111\u1ecbnh gi\u00e1 500.000 VN\u0110. Nh\u00e0 ph\u00e1t h\u00e0nh \u0111\u01b0\u1ee3c khuy\u1ebfn kh\u00edch kh\u00f4ng b\u00e1n gi\u1ea3m gi\u00e1 \u0111\u1ec3 kh\u1ecfi \u1ea3nh h\u01b0\u1edfng \u0111\u1ebfn gi\u00e1 tr\u1ecb s\u1ea3n ph\u1ea9m.<\/p>\n","protected":false},"excerpt":{"rendered":"<p>Ra \u0111\u1eddi t\u1eeb 1935, L\u01b0\u1ee3c s\u1eed th\u1ebf gi\u1edbi c\u1ee7a E. H. Gombrich \u0111\u00e3 tr\u1edf th\u00e0nh m\u1ed9t trong nh\u1eefng cu\u1ed1n s\u00e1ch b\u00e1n ch\u1ea1y nh\u1ea5t th\u1ebf gi\u1edbi, v\u1edbi nhi\u1ec1u tri\u1ec7u b\u1ea3n s\u00e1ch \u0111\u00e3 \u0111\u01b0\u1ee3c ti\u00eau th\u1ee5, \u1edf h\u01a1n ba m\u01b0\u01a1i ng\u00f4n ng\u1eef. T\u00e1c ph\u1ea9m vi\u1ebft v\u1ec1 l\u1ecbch s\u1eed v\u0103n minh nh\u00e2n lo\u1ea1i n\u00e0y tho\u1ea1t \u0111\u1ea7u \u0111\u01b0\u1ee3c t\u00e1c gi\u1ea3 h\u01b0\u1edbng \u0111\u1ebfn tr\u1ebb em, song ng\u01b0\u1eddi l\u1edbn v\u1eabn \u0111\u1ecdc m\u1ed9t c\u00e1ch h\u00e0o h\u1ee9ng. T\u00e1c ph\u1ea9m kinh \u0111i\u1ec3n n\u00e0y \u0111\u01b0\u1ee3c coi l\u00e0 m\u1ed9t b\u00e0i th\u01a1 v\u1ec1 l\u1ecbch s\u1eed th\u1ebf gi\u1edbi, n\u01a1i E. H. Gombrich l\u1ecbch l\u00e3m d\u1eabn \u0111\u1ed9c gi\u1ea3 \u0111i t\u1eeb th\u1eddi k\u1ef3 \u0110\u1ed3 \u0111\u00e1 cho t\u1edbi k\u1ef7 nguy\u00ean c\u1ee7a n\u0103ng l\u01b0\u1ee3ng nguy\u00ean t\u1eed, v\u1edbi nh\u1eefng bi\u1ebfn c\u1ed1 l\u1ecbch s\u1eed ph\u1ee9c t\u1ea1p nh\u1ea5t, c\u00e1c tr\u00e0o l\u01b0u t\u01b0 t\u01b0\u1edfng kh\u00f3 hi\u1ec3u nh\u1ea5t, c\u00e1c nh\u00e2n v\u1eadt l\u1ecbch s\u1eed \u0111a di\u1ec7n nh\u1ea5t, c\u00e1c th\u00e0nh t\u1ef1u k\u1ef3 v\u0129 nh\u1ea5t c\u1ee7a tr\u00ed tu\u1ec7 con ng\u01b0\u1edd Kh\u00f4ng th\u1ef1c s\u1ef1 b\u1eaft \u0111\u1ea7u b\u1eb1ng t\u1eeb &#8220;&#8221;ng\u00e0y x\u1eeda ng\u00e0y x\u01b0a&#8221;&#8221;, song &#8220;&#8221;L\u01b0\u1ee3c s\u1eed th\u1ebf gi\u1edbi&#8221;&#8221; c\u1ee7a ng\u01b0\u1eddi k\u1ec3 chuy\u1ec7n E. H. Gombrich \u0111\u00e3 \u0111i v\u00e0o tr\u00e1i tim \u0111\u1ed9c gi\u1ea3 trong h\u00ecnh h\u00e0i m\u1ed9t c\u00e2u chuy\u1ec7n c\u1ed5 t\u00edch quy\u1ebfn r\u0169 kh\u00f4n c\u01b0\u1ee1ng v\u1ec1 c\u00e1c n\u1ec1n v\u0103n minh c\u1ee7a nh\u00e2n lo\u1ea1 M\u1ed9t cu\u1ed1n s\u00e1ch, m\u00e0 ai c\u0169ng s\u1ebd th\u1ea5y m\u00ecnh may m\u1eafn, n\u1ebfu nh\u01b0 k\u1ecbp \u0111\u1ecdc n\u00f3, tr\u01b0\u1edbc khi tr\u01b0\u1edfng th\u00e0nh.<\/p>\n","protected":false},"featured_media":6250,"template":"","meta":{"_acf_changed":false},"product_brand":[],"product_cat":[18],"product_tag":[85],"class_list":{"0":"post-6256","1":"product","2":"type-product","3":"status-publish","4":"has-post-thumbnail","6":"product_cat-kinh-te","7":"product_tag-special-editions","9":"first","10":"outofstock","11":"taxable","12":"shipping-taxable","13":"purchasable","14":"product-type-simple"},"supplier_id":null,"supplier_sku":"","barcode":null,"atum_controlled":true,"out_stock_date":"2021-09-07 06:41:36","out_stock_threshold":null,"inheritable":false,"inbound_stock":0,"stock_on_hold":0,"sold_today":0,"sales_last_days":0,"reserved_stock":0,"customer_returns":0,"warehouse_damage":0,"lost_in_post":0,"other_logs":0,"out_stock_days":1604,"lost_sales":0,"has_location":false,"update_date":"2026-01-28T23:10:40","atum_locations":[],"atum_stock_status":"outofstock","restock_status":false,"low_stock_amount":"","sales_update_date":"2026-01-28T23:10:40","calc_backorders":null,"acf":{"publisher":{"ID":1424,"post_author":"1","post_date":"2021-02-17 00:02:29","post_date_gmt":"2021-02-16 22:02:29","post_content":"<!-- wp:flatsome\/uxbuilder -->\n<h1 style=\"text-align: center\"><strong>Nh\u00e3 Nam<\/strong><\/h1>\n[row]\n\n[col span=\"6\" span__sm=\"12\"]\n\n[ux_image id=\"1438\" image_size=\"medium\"]\n\n\n[\/col]\n[col span=\"6\" span__sm=\"12\"]\n\n<p><strong>C\u00f4ng ty c\u1ed5 ph\u1ea7n V\u0103n h\u00f3a v\u00e0 Truy\u1ec1n th\u00f4ng Nh\u00e3 Nam<\/strong><\/p>\n<p>Th\u00e1ng 2 n\u0103m 2005, Nh\u00e3 Nam, t\u00ean \u0111\u1ea7y \u0111\u1ee7 l\u00e0 C\u00f4ng ty C\u1ed5 ph\u1ea7n V\u0103n h\u00f3a v\u00e0 Truy\u1ec1n th\u00f4ng Nh\u00e3 Nam \u0111\u00e3 gia nh\u1eadp th\u1ecb tr\u01b0\u1eddng s\u00e1ch. T\u00e1c ph\u1ea9m \"Balzac v\u00e0 c\u00f4 b\u00e9 th\u1ee3 may Trung hoa\" c\u1ee7a \u0110\u1edbi T\u01b0 Ki\u1ec7t l\u00e0 cu\u1ed1n s\u00e1ch \u0111\u1ea7u ti\u00ean \u0111\u01b0\u1ee3c nh\u1eefng ng\u01b0\u1eddi s\u00e1ng l\u1eadp Nh\u00e3 Nam xu\u1ea5t b\u1ea3n c\u1ea3 tr\u01b0\u1edbc khi c\u00f4ng ty ra \u0111\u1eddi. Ngay l\u1eadp t\u1ee9c t\u1eeb cu\u1ed1n s\u00e1ch \u0111\u1ea7u ti\u00ean, \u0111\u1ed9c gi\u1ea3 \u0111\u00e3 d\u00e0nh s\u1ef1 quan t\u00e2m v\u00e0 y\u00eau m\u1ebfn cho m\u1ed9t th\u01b0\u01a1ng hi\u1ec7u s\u00e1ch m\u1edbi m\u1ebb mang trong m\u00ecnh kh\u00e1t v\u1ecdng g\u00f3p ph\u1ea7n t\u1ea1o l\u1eadp di\u1ec7n m\u1ea1o m\u1edbi cho xu\u1ea5t b\u1ea3n v\u0103n h\u1ecdc t\u1ea1i Vi\u1ec7t Nam.<\/p>\n<p>L\u00f2ng say m\u00ea c\u1ee7a \u0111\u1ed9i ng\u0169 l\u00e0 vi\u00ean \u0111\u00e1 \u0111\u1ea7u ti\u00ean. Tr\u1ea3i qua m\u1ea5y n\u0103m ph\u00e1t tri\u1ec3n, Nh\u00e3 Nam \u0111\u00e3 \u0111\u01b0\u1ee3c x\u00e2y d\u1ef1ng d\u1ea7n l\u00ean trong di\u1ec7n m\u1ea1o m\u1ed9t nh\u00e0 xu\u1ea5t b\u1ea3n v\u1eefng ch\u00e3i v\u00e0 chuy\u00ean nghi\u1ec7p. S\u00e1u th\u00e1ng sau khi th\u00e0nh l\u1eadp c\u00f4ng ty, Nh\u1eadt k\u00fd \u0110\u1eb7ng Th\u00f9y Tr\u00e2m ra \u0111\u1eddi, t\u1ea1o n\u00ean m\u1ed9t c\u01a1n s\u1ed1t trong x\u00e3 h\u1ed9i, v\u1edbi g\u1ea7n 500,000 b\u1ea3n s\u00e1ch \u0111\u01b0\u1ee3c ph\u00e1t h\u00e0nh, ph\u00e1 m\u1ecdi k\u1ef7 l\u1ee5c v\u1ec1 xu\u1ea5t b\u1ea3n tr\u01b0\u1edbc \u0111\u00f3, k\u00e9o theo m\u1ed9t lo\u1ea1t nh\u1eefng hi\u1ec7u \u1ee9ng x\u00e3 h\u1ed9i v\u00e0 d\u01b0 lu\u1eadn c\u00f3 \u00fd ngh\u0129a. T\u1eeb \u0111\u00f3 tr\u1edf \u0111i, th\u00f4ng qua Nh\u00e3 Nam, c\u00e1c cu\u1ed1n s\u00e1ch v\u0103n h\u1ecdc n\u01b0\u1edbc ngo\u00e0i c\u00f3 gi\u00e1 tr\u1ecb \u0111\u01b0\u1ee3c li\u00ean t\u1ee5c mua b\u1ea3n quy\u1ec1n v\u00e0 xu\u1ea5t b\u1ea3n t\u1ea1i Vi\u1ec7t Nam, thu h\u00fat nhi\u1ec1u t\u1ea7ng l\u1edbp \u0111\u1ed9c gi\u1ea3. S\u00e1ch c\u1ee7a Nh\u00e3 Nam n\u1ed5i b\u1eadt b\u1edfi n\u1ed9i dung v\u0103n h\u1ecdc tinh t\u1ebf, b\u1edfi v\u1ebb \u0111\u1eb9p c\u1ee7a thi\u1ebft k\u1ebf hi\u1ec7n \u0111\u1ea1i \u1edf h\u00ecnh th\u1ee9c, b\u1edfi s\u1ef1 ch\u0103m ch\u00fat k\u1ef9 l\u01b0\u1ee1ng cho m\u1ed7i cu\u1ed1n s\u00e1ch nh\u01b0 m\u1ed9t con thuy\u1ec1n mang t\u1edbi ni\u1ec1m vui, tri th\u1ee9c, ng\u1ea1c nhi\u00ean, v\u00e0 \u0111\u1ed3ng c\u1ea3m.<\/p>\n\n[\/col]\n\n[\/row]\n<p style=\"text-align: left\">Hi\u1ec3u th\u1eddi \u0111\u1ea1i \u0111ang s\u1ed1ng th\u00f4ng qua s\u00e1ch, song h\u00e0nh v\u1edbi nh\u1eefng bi\u1ebfn chuy\u1ec3n s\u00e2u s\u1eafc trong l\u00f2ng x\u00e3 h\u1ed9i b\u1eb1ng nh\u1eefng ho\u1ea1t \u0111\u1ed9ng xu\u1ea5t b\u1ea3n mi\u1ec7t m\u00e0i v\u00e0 qu\u1ea3 c\u1ea3m, con \u0111\u01b0\u1eddng Nh\u00e3 Nam \u0111\u00e3 ch\u1ecdn \u0111\u1ec3 \u0111i s\u1ebd c\u00f2n d\u00e0i. Nhi\u1ec1u kh\u00f3 kh\u0103n, th\u1eed th\u00e1ch \u0111ang \u1edf ph\u00eda tr\u01b0\u1edbc. B\u01b0\u1edbc qua th\u1eddi k\u1ef3 s\u01a1 khai v\u1edbi nh\u1eefng b\u00e0i h\u1ecdc v\u00e0 nh\u1eefng kinh nghi\u1ec7m \u0111\u1ea7u ti\u00ean, Nh\u00e3 Nam gi\u1edd \u0111\u00e3 s\u1eb5n s\u00e0ng cho m\u1ed9t ch\u1eb7ng \u0111\u01b0\u1eddng ph\u00e1t tri\u1ec3n m\u1edbi. V\u00e0 ch\u00fang t\u00f4i mu\u1ed1n ho\u00e0n thi\u1ec7n m\u00ecnh trong s\u1ef1 c\u1ea7u th\u1ecb v\u00e0 c\u1ea9n tr\u1ecdng. T\u1ea5t c\u1ea3 v\u00ec m\u1ed9t gia s\u1ea3n s\u00e1ch to l\u1edbn, c\u00f3 s\u1ee9c s\u1ed1ng d\u00e0i l\u00e2u, c\u00f3 \u00fd ngh\u0129a v\u1edbi nhi\u1ec1u th\u1ebf h\u1ec7 b\u1ea1n \u0111\u1ecdc.<br \/>B\u1edfi v\u00ec s\u00e1ch l\u00e0 th\u1ebf gi\u1edbi.<\/p>\n<p><strong>\u0110\u00e2y l\u00e0 m\u1ed9t nh\u00e0 ph\u00e1t h\u00e0nh s\u00e1ch m\u00e0 SACHVIET.EU r\u1ea5t y\u00eau th\u00edch v\u00e0 tin t\u01b0\u1edfng. Nh\u00ecn \u0111\u01b0\u1ee3c t\u1ea7m \u1ea3nh h\u01b0\u1edfng c\u1ee7a Nh\u00e3 Nam qua t\u1eebng cu\u1ed1n s\u00e1ch, SACHVIET.EU li\u00ean h\u1ec7 h\u1ee3p t\u00e1c ngay v\u1edbi Nh\u00e3 Nam \u0111\u1ec3 \u0111em to\u00e0n b\u1ed9 nh\u1eefng t\u00e1c ph\u1ea9m m\u1edbi, hay nh\u1ea5t m\u00e0 Nh\u00e3 Nam c\u00f3 sang Ch\u00e2u \u00c2u, \u0111\u01b0a \u0111\u1ebfn cho \u0111\u1ed9c gi\u1ea3 c\u00f3 nhi\u1ec1u s\u1ef1 l\u1ef1a ch\u1ecdn phong ph\u00fa h\u01a1n c\u1ea3 s\u00e1ch cho tr\u1ebb em l\u1eabn ng\u01b0\u1eddi l\u1edbn.\u00a0<\/strong><\/p>\n\n<!-- \/wp:flatsome\/uxbuilder -->","post_title":"Nh\u00e3 Nam","post_excerpt":"","post_status":"publish","comment_status":"closed","ping_status":"closed","post_password":"","post_name":"nha-nam","to_ping":"","pinged":"","post_modified":"2022-12-19 23:15:33","post_modified_gmt":"2022-12-19 21:15:33","post_content_filtered":"","post_parent":0,"guid":"https:\/\/sachviet.eu\/?post_type=publisher&#038;p=1424","menu_order":0,"post_type":"publisher","post_mime_type":"","comment_count":"0","filter":"raw"}},"_links":{"self":[{"href":"https:\/\/sachviet.eu\/en\/wp-json\/wp\/v2\/product\/6256","targetHints":{"allow":["GET"]}}],"collection":[{"href":"https:\/\/sachviet.eu\/en\/wp-json\/wp\/v2\/product"}],"about":[{"href":"https:\/\/sachviet.eu\/en\/wp-json\/wp\/v2\/types\/product"}],"wp:featuredmedia":[{"embeddable":true,"href":"https:\/\/sachviet.eu\/en\/wp-json\/wp\/v2\/media\/6250"}],"wp:attachment":[{"href":"https:\/\/sachviet.eu\/en\/wp-json\/wp\/v2\/media?parent=6256"}],"wp:term":[{"taxonomy":"product_brand","embeddable":true,"href":"https:\/\/sachviet.eu\/en\/wp-json\/wp\/v2\/product_brand?post=6256"},{"taxonomy":"product_cat","embeddable":true,"href":"https:\/\/sachviet.eu\/en\/wp-json\/wp\/v2\/product_cat?post=6256"},{"taxonomy":"product_tag","embeddable":true,"href":"https:\/\/sachviet.eu\/en\/wp-json\/wp\/v2\/product_tag?post=6256"}],"curies":[{"name":"wp","href":"https:\/\/api.w.org\/{rel}","templated":true}]}}