{"id":6249,"date":"2021-03-15T01:28:54","date_gmt":"2021-03-14T23:28:54","guid":{"rendered":"https:\/\/sachviet.eu\/shop\/luoc-su-the-gioi\/"},"modified":"2021-05-17T19:57:32","modified_gmt":"2021-05-17T16:57:32","slug":"luoc-su-the-gioi","status":"publish","type":"product","link":"https:\/\/sachviet.eu\/en\/shop\/luoc-su-the-gioi\/","title":{"rendered":"L\u01b0\u1ee3c S\u1eed Th\u1ebf Gi\u1edbi"},"content":{"rendered":"<p>T\u1eeb khi \u0111\u01b0\u1ee3c vi\u1ebft ra b\u1eb1ng ti\u1ebfng \u0110\u1ee9c n\u0103m 1935, L\u01b0\u1ee3c s\u1eed th\u1ebf gi\u1edbi \u0111\u00e3 tr\u1edf th\u00e0nh cu\u1ed1n s\u00e1ch l\u1ecbch s\u1eed b\u00e1n ch\u1ea1y \u1edf ba m\u01b0\u01a1i ng\u00f4n ng\u1eef. N\u0103m 2005, cu\u1ed1n s\u00e1ch \u0111\u01b0\u1ee3c xu\u1ea5t b\u1ea3n b\u1eb1ng ti\u1ebfng Anh v\u1edbi ph\u1ea7n minh h\u1ecda b\u1ed5 sung, v\u00e0 phi\u00ean b\u1ea3n n\u00e0y b\u00e1n \u0111\u01b0\u1ee3c h\u01a1n n\u1eeda tri\u1ec7u b\u1ea3n tr\u00ean to\u00e0n th\u1ebf gi\u1edbi.<\/p>\n<p>Nh\u01b0 m\u1ed9t b\u00e0i th\u01a1 v\u1ec1 l\u1ecbch s\u1eed th\u1ebf gi\u1edbi, E. H. Gombrich l\u1ecbch l\u00e3m d\u1eabn ng\u01b0\u1eddi \u0111\u1ecdc \u0111i t\u1eeb th\u1eddi k\u1ef3 \u0110\u1ed3 \u0111\u00e1 \u0111\u1ebfn th\u1eddi k\u1ef3 c\u1ee7a n\u0103ng l\u01b0\u1ee3ng nguy\u00ean t\u1eed, v\u1edbi nh\u1eefng bi\u1ebfn c\u1ed1 l\u1ecbch s\u1eed ph\u1ee9c t\u1ea1p nh\u1ea5t, c\u00e1c tr\u00e0o l\u01b0u t\u01b0 t\u01b0\u1edfng kh\u00f3 hi\u1ec3u nh\u1ea5t, nh\u1eefng nh\u00e2n v\u1eadt l\u1ecbch s\u1eed \u0111a chi\u1ec1u nh\u1ea5t, c\u00e1c th\u00e0nh t\u1ef1u l\u1edbn lao nh\u1ea5t c\u1ee7a tr\u00ed tu\u1ec7 con ng\u01b0\u1eddi\u2026 t\u1ea5t c\u1ea3 \u0111\u1ec1u \u0111\u01b0\u1ee3c t\u00e1c gi\u1ea3 m\u00f4 t\u1ea3 v\u00e0 di\u1ec5n gi\u1ea3i d\u1ec5 hi\u1ec3u \u0111\u1ebfn b\u1ea5t ng\u1edd.<\/p>\n<p>V\u1edbi cu\u1ed1n s\u00e1ch n\u00e0y trong tay, b\u1ea1n s\u1ebd th\u1ea5y ni\u1ec1m vui to l\u1edbn trong vi\u1ec7c t\u00ecm hi\u1ec3u l\u1ecbch s\u1eed, c\u00f9ng v\u00f4 s\u1ed1 kho\u1ea3nh kh\u1eafc qu\u00ean h\u1ebft t\u1ea5t c\u1ea3 \u0111\u1ec3 say m\u00ea \u0111\u1eafm m\u00ecnh trong qu\u00e1 v\u00e3ng c\u1ee7a d\u00f2ng ch\u1ea3y l\u1ecbch s\u1eed.<\/p>\n<p>\u201cM\u1ed9t c\u00e2u chuy\u1ec7n h\u1ea5p d\u1eabn, \u0111\u01b0\u1ee3c t\u1ed5 ch\u1ee9c tuy\u1ec7t v\u1eddi v\u00e0 \u0111\u01b0\u1ee3c k\u1ec3 v\u1edbi m\u1ed9t n\u0103ng l\u01b0\u1ee3ng v\u00e0 s\u1ef1 t\u1ef1 tin v\u00f4 c\u00f9ng cu\u1ed1n h\u00fat, tr\u00e0n ng\u1eadp t\u00ecnh nh\u00e2n v\u0103n v\u00e0 tinh th\u1ea7n h\u00e0o s\u1ea3ng m\u00e0 h\u00e0ng ng\u00e0n ng\u01b0\u1eddi ng\u01b0\u1ee1ng m\u1ed9 Gombrich \u0111\u00e3 y\u00eau m\u1ebfn trong su\u1ed1t cu\u1ed9c \u0111\u1eddi d\u00e0i v\u00e0 \u0111\u1ea7y s\u00e1ng t\u1ea1o c\u1ee7a \u00f4ng. Cu\u1ed1n s\u00e1ch th\u1ef1c s\u1ef1 l\u00e0 m\u1ed9t \u0111i\u1ec1u b\u1ea5t ng\u1edd \u0111\u1ea7y th\u00fa v\u1ecb, kh\u00f4ng th\u1ec3 n\u00e0o c\u01b0\u1ee1ng l\u1ea1i!\u201d &#8211; Philip Pullman<\/p>\n","protected":false},"excerpt":{"rendered":"<p>T\u1eeb khi \u0111\u01b0\u1ee3c vi\u1ebft ra b\u1eb1ng ti\u1ebfng \u0110\u1ee9c n\u0103m 1935, L\u01b0\u1ee3c s\u1eed th\u1ebf gi\u1edbi \u0111\u00e3 tr\u1edf th\u00e0nh cu\u1ed1n s\u00e1ch l\u1ecbch s\u1eed b\u00e1n ch\u1ea1y \u1edf ba m\u01b0\u01a1i ng\u00f4n ng\u1eef. N\u0103m 2005, cu\u1ed1n s\u00e1ch \u0111\u01b0\u1ee3c xu\u1ea5t b\u1ea3n b\u1eb1ng ti\u1ebfng Anh v\u1edbi ph\u1ea7n minh h\u1ecda b\u1ed5 sung, v\u00e0 phi\u00ean b\u1ea3n n\u00e0y b\u00e1n \u0111\u01b0\u1ee3c h\u01a1n n\u1eeda tri\u1ec7u b\u1ea3n tr\u00ean to\u00e0n th\u1ebf gi\u1edbi.<\/p>\n<p>Nh\u01b0 m\u1ed9t b\u00e0i th\u01a1 v\u1ec1 l\u1ecbch s\u1eed th\u1ebf gi\u1edbi, E. H. Gombrich l\u1ecbch l\u00e3m d\u1eabn ng\u01b0\u1eddi \u0111\u1ecdc \u0111i t\u1eeb th\u1eddi k\u1ef3 \u0110\u1ed3 \u0111\u00e1 \u0111\u1ebfn th\u1eddi k\u1ef3 c\u1ee7a n\u0103ng l\u01b0\u1ee3ng nguy\u00ean t\u1eed, v\u1edbi nh\u1eefng bi\u1ebfn c\u1ed1 l\u1ecbch s\u1eed ph\u1ee9c t\u1ea1p nh\u1ea5t, c\u00e1c tr\u00e0o l\u01b0u t\u01b0 t\u01b0\u1edfng kh\u00f3 hi\u1ec3u nh\u1ea5t, nh\u1eefng nh\u00e2n v\u1eadt l\u1ecbch s\u1eed \u0111a chi\u1ec1u nh\u1ea5t, c\u00e1c th\u00e0nh t\u1ef1u l\u1edbn lao nh\u1ea5t c\u1ee7a tr\u00ed tu\u1ec7 con ng\u01b0\u1eddi\u2026 t\u1ea5t c\u1ea3 \u0111\u1ec1u \u0111\u01b0\u1ee3c t\u00e1c gi\u1ea3 m\u00f4 t\u1ea3 v\u00e0 di\u1ec5n gi\u1ea3i d\u1ec5 hi\u1ec3u \u0111\u1ebfn b\u1ea5t ng\u1edd.<\/p>\n<p>V\u1edbi cu\u1ed1n s\u00e1ch n\u00e0y trong tay, b\u1ea1n s\u1ebd th\u1ea5y ni\u1ec1m vui to l\u1edbn trong vi\u1ec7c t\u00ecm hi\u1ec3u l\u1ecbch s\u1eed, c\u00f9ng v\u00f4 s\u1ed1 kho\u1ea3nh kh\u1eafc qu\u00ean h\u1ebft t\u1ea5t c\u1ea3 \u0111\u1ec3 say m\u00ea \u0111\u1eafm m\u00ecnh trong qu\u00e1 v\u00e3ng c\u1ee7a d\u00f2ng ch\u1ea3y l\u1ecbch s\u1eed.<\/p>\n<p>\u201cM\u1ed9t c\u00e2u chuy\u1ec7n h\u1ea5p d\u1eabn, \u0111\u01b0\u1ee3c t\u1ed5 ch\u1ee9c tuy\u1ec7t v\u1eddi v\u00e0 \u0111\u01b0\u1ee3c k\u1ec3 v\u1edbi m\u1ed9t n\u0103ng l\u01b0\u1ee3ng v\u00e0 s\u1ef1 t\u1ef1 tin v\u00f4 c\u00f9ng cu\u1ed1n h\u00fat, tr\u00e0n ng\u1eadp t\u00ecnh nh\u00e2n v\u0103n v\u00e0 tinh th\u1ea7n h\u00e0o s\u1ea3ng m\u00e0 h\u00e0ng ng\u00e0n ng\u01b0\u1eddi ng\u01b0\u1ee1ng m\u1ed9 Gombrich \u0111\u00e3 y\u00eau m\u1ebfn trong su\u1ed1t cu\u1ed9c \u0111\u1eddi d\u00e0i v\u00e0 \u0111\u1ea7y s\u00e1ng t\u1ea1o c\u1ee7a \u00f4ng. Cu\u1ed1n s\u00e1ch th\u1ef1c s\u1ef1 l\u00e0 m\u1ed9t \u0111i\u1ec1u b\u1ea5t ng\u1edd \u0111\u1ea7y th\u00fa v\u1ecb, kh\u00f4ng th\u1ec3 n\u00e0o c\u01b0\u1ee1ng l\u1ea1i!\u201d &#8211; Philip Pullman<\/p>\n","protected":false},"featured_media":6248,"template":"","meta":{"_acf_changed":false},"product_brand":[],"product_cat":[18],"product_tag":[],"class_list":{"0":"post-6249","1":"product","2":"type-product","3":"status-publish","4":"has-post-thumbnail","6":"product_cat-kinh-te","8":"first","9":"outofstock","10":"taxable","11":"shipping-taxable","12":"purchasable","13":"product-type-simple"},"supplier_id":null,"supplier_sku":"","barcode":null,"atum_controlled":true,"out_stock_date":"2021-03-15 00:04:51","out_stock_threshold":null,"inheritable":false,"inbound_stock":0,"stock_on_hold":0,"sold_today":0,"sales_last_days":0,"reserved_stock":0,"customer_returns":0,"warehouse_damage":0,"lost_in_post":0,"other_logs":0,"out_stock_days":1780,"lost_sales":0,"has_location":false,"update_date":"2026-01-28T23:10:40","atum_locations":[],"atum_stock_status":"outofstock","restock_status":false,"low_stock_amount":"","sales_update_date":"2026-01-28T23:10:40","calc_backorders":null,"acf":{"publisher":{"ID":1424,"post_author":"1","post_date":"2021-02-17 00:02:29","post_date_gmt":"2021-02-16 22:02:29","post_content":"<!-- wp:flatsome\/uxbuilder -->\n<h1 style=\"text-align: center\"><strong>Nh\u00e3 Nam<\/strong><\/h1>\n[row]\n\n[col span=\"6\" span__sm=\"12\"]\n\n[ux_image id=\"1438\" image_size=\"medium\"]\n\n\n[\/col]\n[col span=\"6\" span__sm=\"12\"]\n\n<p><strong>C\u00f4ng ty c\u1ed5 ph\u1ea7n V\u0103n h\u00f3a v\u00e0 Truy\u1ec1n th\u00f4ng Nh\u00e3 Nam<\/strong><\/p>\n<p>Th\u00e1ng 2 n\u0103m 2005, Nh\u00e3 Nam, t\u00ean \u0111\u1ea7y \u0111\u1ee7 l\u00e0 C\u00f4ng ty C\u1ed5 ph\u1ea7n V\u0103n h\u00f3a v\u00e0 Truy\u1ec1n th\u00f4ng Nh\u00e3 Nam \u0111\u00e3 gia nh\u1eadp th\u1ecb tr\u01b0\u1eddng s\u00e1ch. T\u00e1c ph\u1ea9m \"Balzac v\u00e0 c\u00f4 b\u00e9 th\u1ee3 may Trung hoa\" c\u1ee7a \u0110\u1edbi T\u01b0 Ki\u1ec7t l\u00e0 cu\u1ed1n s\u00e1ch \u0111\u1ea7u ti\u00ean \u0111\u01b0\u1ee3c nh\u1eefng ng\u01b0\u1eddi s\u00e1ng l\u1eadp Nh\u00e3 Nam xu\u1ea5t b\u1ea3n c\u1ea3 tr\u01b0\u1edbc khi c\u00f4ng ty ra \u0111\u1eddi. Ngay l\u1eadp t\u1ee9c t\u1eeb cu\u1ed1n s\u00e1ch \u0111\u1ea7u ti\u00ean, \u0111\u1ed9c gi\u1ea3 \u0111\u00e3 d\u00e0nh s\u1ef1 quan t\u00e2m v\u00e0 y\u00eau m\u1ebfn cho m\u1ed9t th\u01b0\u01a1ng hi\u1ec7u s\u00e1ch m\u1edbi m\u1ebb mang trong m\u00ecnh kh\u00e1t v\u1ecdng g\u00f3p ph\u1ea7n t\u1ea1o l\u1eadp di\u1ec7n m\u1ea1o m\u1edbi cho xu\u1ea5t b\u1ea3n v\u0103n h\u1ecdc t\u1ea1i Vi\u1ec7t Nam.<\/p>\n<p>L\u00f2ng say m\u00ea c\u1ee7a \u0111\u1ed9i ng\u0169 l\u00e0 vi\u00ean \u0111\u00e1 \u0111\u1ea7u ti\u00ean. Tr\u1ea3i qua m\u1ea5y n\u0103m ph\u00e1t tri\u1ec3n, Nh\u00e3 Nam \u0111\u00e3 \u0111\u01b0\u1ee3c x\u00e2y d\u1ef1ng d\u1ea7n l\u00ean trong di\u1ec7n m\u1ea1o m\u1ed9t nh\u00e0 xu\u1ea5t b\u1ea3n v\u1eefng ch\u00e3i v\u00e0 chuy\u00ean nghi\u1ec7p. S\u00e1u th\u00e1ng sau khi th\u00e0nh l\u1eadp c\u00f4ng ty, Nh\u1eadt k\u00fd \u0110\u1eb7ng Th\u00f9y Tr\u00e2m ra \u0111\u1eddi, t\u1ea1o n\u00ean m\u1ed9t c\u01a1n s\u1ed1t trong x\u00e3 h\u1ed9i, v\u1edbi g\u1ea7n 500,000 b\u1ea3n s\u00e1ch \u0111\u01b0\u1ee3c ph\u00e1t h\u00e0nh, ph\u00e1 m\u1ecdi k\u1ef7 l\u1ee5c v\u1ec1 xu\u1ea5t b\u1ea3n tr\u01b0\u1edbc \u0111\u00f3, k\u00e9o theo m\u1ed9t lo\u1ea1t nh\u1eefng hi\u1ec7u \u1ee9ng x\u00e3 h\u1ed9i v\u00e0 d\u01b0 lu\u1eadn c\u00f3 \u00fd ngh\u0129a. T\u1eeb \u0111\u00f3 tr\u1edf \u0111i, th\u00f4ng qua Nh\u00e3 Nam, c\u00e1c cu\u1ed1n s\u00e1ch v\u0103n h\u1ecdc n\u01b0\u1edbc ngo\u00e0i c\u00f3 gi\u00e1 tr\u1ecb \u0111\u01b0\u1ee3c li\u00ean t\u1ee5c mua b\u1ea3n quy\u1ec1n v\u00e0 xu\u1ea5t b\u1ea3n t\u1ea1i Vi\u1ec7t Nam, thu h\u00fat nhi\u1ec1u t\u1ea7ng l\u1edbp \u0111\u1ed9c gi\u1ea3. S\u00e1ch c\u1ee7a Nh\u00e3 Nam n\u1ed5i b\u1eadt b\u1edfi n\u1ed9i dung v\u0103n h\u1ecdc tinh t\u1ebf, b\u1edfi v\u1ebb \u0111\u1eb9p c\u1ee7a thi\u1ebft k\u1ebf hi\u1ec7n \u0111\u1ea1i \u1edf h\u00ecnh th\u1ee9c, b\u1edfi s\u1ef1 ch\u0103m ch\u00fat k\u1ef9 l\u01b0\u1ee1ng cho m\u1ed7i cu\u1ed1n s\u00e1ch nh\u01b0 m\u1ed9t con thuy\u1ec1n mang t\u1edbi ni\u1ec1m vui, tri th\u1ee9c, ng\u1ea1c nhi\u00ean, v\u00e0 \u0111\u1ed3ng c\u1ea3m.<\/p>\n\n[\/col]\n\n[\/row]\n<p style=\"text-align: left\">Hi\u1ec3u th\u1eddi \u0111\u1ea1i \u0111ang s\u1ed1ng th\u00f4ng qua s\u00e1ch, song h\u00e0nh v\u1edbi nh\u1eefng bi\u1ebfn chuy\u1ec3n s\u00e2u s\u1eafc trong l\u00f2ng x\u00e3 h\u1ed9i b\u1eb1ng nh\u1eefng ho\u1ea1t \u0111\u1ed9ng xu\u1ea5t b\u1ea3n mi\u1ec7t m\u00e0i v\u00e0 qu\u1ea3 c\u1ea3m, con \u0111\u01b0\u1eddng Nh\u00e3 Nam \u0111\u00e3 ch\u1ecdn \u0111\u1ec3 \u0111i s\u1ebd c\u00f2n d\u00e0i. Nhi\u1ec1u kh\u00f3 kh\u0103n, th\u1eed th\u00e1ch \u0111ang \u1edf ph\u00eda tr\u01b0\u1edbc. B\u01b0\u1edbc qua th\u1eddi k\u1ef3 s\u01a1 khai v\u1edbi nh\u1eefng b\u00e0i h\u1ecdc v\u00e0 nh\u1eefng kinh nghi\u1ec7m \u0111\u1ea7u ti\u00ean, Nh\u00e3 Nam gi\u1edd \u0111\u00e3 s\u1eb5n s\u00e0ng cho m\u1ed9t ch\u1eb7ng \u0111\u01b0\u1eddng ph\u00e1t tri\u1ec3n m\u1edbi. V\u00e0 ch\u00fang t\u00f4i mu\u1ed1n ho\u00e0n thi\u1ec7n m\u00ecnh trong s\u1ef1 c\u1ea7u th\u1ecb v\u00e0 c\u1ea9n tr\u1ecdng. T\u1ea5t c\u1ea3 v\u00ec m\u1ed9t gia s\u1ea3n s\u00e1ch to l\u1edbn, c\u00f3 s\u1ee9c s\u1ed1ng d\u00e0i l\u00e2u, c\u00f3 \u00fd ngh\u0129a v\u1edbi nhi\u1ec1u th\u1ebf h\u1ec7 b\u1ea1n \u0111\u1ecdc.<br \/>B\u1edfi v\u00ec s\u00e1ch l\u00e0 th\u1ebf gi\u1edbi.<\/p>\n<p><strong>\u0110\u00e2y l\u00e0 m\u1ed9t nh\u00e0 ph\u00e1t h\u00e0nh s\u00e1ch m\u00e0 SACHVIET.EU r\u1ea5t y\u00eau th\u00edch v\u00e0 tin t\u01b0\u1edfng. Nh\u00ecn \u0111\u01b0\u1ee3c t\u1ea7m \u1ea3nh h\u01b0\u1edfng c\u1ee7a Nh\u00e3 Nam qua t\u1eebng cu\u1ed1n s\u00e1ch, SACHVIET.EU li\u00ean h\u1ec7 h\u1ee3p t\u00e1c ngay v\u1edbi Nh\u00e3 Nam \u0111\u1ec3 \u0111em to\u00e0n b\u1ed9 nh\u1eefng t\u00e1c ph\u1ea9m m\u1edbi, hay nh\u1ea5t m\u00e0 Nh\u00e3 Nam c\u00f3 sang Ch\u00e2u \u00c2u, \u0111\u01b0a \u0111\u1ebfn cho \u0111\u1ed9c gi\u1ea3 c\u00f3 nhi\u1ec1u s\u1ef1 l\u1ef1a ch\u1ecdn phong ph\u00fa h\u01a1n c\u1ea3 s\u00e1ch cho tr\u1ebb em l\u1eabn ng\u01b0\u1eddi l\u1edbn.\u00a0<\/strong><\/p>\n\n<!-- \/wp:flatsome\/uxbuilder -->","post_title":"Nh\u00e3 Nam","post_excerpt":"","post_status":"publish","comment_status":"closed","ping_status":"closed","post_password":"","post_name":"nha-nam","to_ping":"","pinged":"","post_modified":"2022-12-19 23:15:33","post_modified_gmt":"2022-12-19 21:15:33","post_content_filtered":"","post_parent":0,"guid":"https:\/\/sachviet.eu\/?post_type=publisher&#038;p=1424","menu_order":0,"post_type":"publisher","post_mime_type":"","comment_count":"0","filter":"raw"}},"_links":{"self":[{"href":"https:\/\/sachviet.eu\/en\/wp-json\/wp\/v2\/product\/6249","targetHints":{"allow":["GET"]}}],"collection":[{"href":"https:\/\/sachviet.eu\/en\/wp-json\/wp\/v2\/product"}],"about":[{"href":"https:\/\/sachviet.eu\/en\/wp-json\/wp\/v2\/types\/product"}],"wp:featuredmedia":[{"embeddable":true,"href":"https:\/\/sachviet.eu\/en\/wp-json\/wp\/v2\/media\/6248"}],"wp:attachment":[{"href":"https:\/\/sachviet.eu\/en\/wp-json\/wp\/v2\/media?parent=6249"}],"wp:term":[{"taxonomy":"product_brand","embeddable":true,"href":"https:\/\/sachviet.eu\/en\/wp-json\/wp\/v2\/product_brand?post=6249"},{"taxonomy":"product_cat","embeddable":true,"href":"https:\/\/sachviet.eu\/en\/wp-json\/wp\/v2\/product_cat?post=6249"},{"taxonomy":"product_tag","embeddable":true,"href":"https:\/\/sachviet.eu\/en\/wp-json\/wp\/v2\/product_tag?post=6249"}],"curies":[{"name":"wp","href":"https:\/\/api.w.org\/{rel}","templated":true}]}}