{"id":6245,"date":"2021-03-15T01:28:46","date_gmt":"2021-03-14T23:28:46","guid":{"rendered":"https:\/\/sachviet.eu\/shop\/on-nhu-cung-la-quyen-ru\/"},"modified":"2021-05-17T23:57:40","modified_gmt":"2021-05-17T20:57:40","slug":"on-nhu-cung-la-quyen-ru","status":"publish","type":"product","link":"https:\/\/sachviet.eu\/en\/shop\/on-nhu-cung-la-quyen-ru\/","title":{"rendered":"\u00d4n Nhu C\u0169ng L\u00e0 Quy\u1ebfn R\u0169"},"content":{"rendered":"<p>C\u1ed0T C\u00c1CH L\u00c0M N\u00caN V\u1eba \u0110\u1eb8P TH\u1ef0C S\u1ef0 C\u1ee6A M\u1ed8T NG\u01af\u1edcI PH\u1ee4 N\u1eee<\/p>\n<p>Ph\u1ee5 n\u1eef xinh \u0111\u1eb9p c\u00f3 th\u1ec3 khi\u1ebfn \u0111\u00e0n \u00f4ng d\u1eebng ch\u00e2n nh\u01b0ng c\u1ed1t c\u00e1ch c\u1ee7a ng\u01b0\u1eddi ph\u1ee5 n\u1eef m\u1edbi khi\u1ebfn \u0111\u00e0n \u00f4ng l\u01b0u luy\u1ebfn.<\/p>\n<p>C\u00f3 khi n\u00e0o b\u1ea1n b\u1eaft g\u1eb7p nh\u1eefng c\u00f4 g\u00e1i ch\u1ec9 c\u1ea7n nho\u1ebbn m\u00f4i c\u01b0\u1eddi, n\u00e9t m\u1eb7t li\u1ec1n tr\u1edf n\u00ean r\u1ea1ng r\u1ee1 nh\u01b0 \u00e1nh n\u1eafng ban mai, l\u1ea5p l\u00e1nh v\u00e0 \u1ea5m \u00e1p? M\u1ed9t c\u00f4 g\u00e1i lu\u00f4n mang n\u1ee5 c\u01b0\u1eddi r\u1ea1ng r\u1ee1 th\u00ec ch\u1eafc h\u1eb3n n\u1ed9i t\u00e2m c\u1ee7a c\u00f4 \u1ea5y t\u0129nh l\u1eb7ng, thu\u1ea7n khi\u1ebft v\u00e0 t\u01b0\u01a1i s\u00e1ng nh\u01b0 n\u1eafng xu\u00e2n.<\/p>\n<p>Ng\u01b0\u1eddi con g\u00e1i c\u00f3 n\u1ee5 c\u01b0\u1eddi ng\u1ecdt ng\u00e0o nh\u01b0 v\u1eady lu\u00f4n mang \u0111\u1ebfn c\u1ea3m gi\u00e1c b\u00ecnh y\u00ean,  tho\u1ea3i m\u00e1i cho ng\u01b0\u1eddi \u0111\u1ed1i di\u1ec7n v\u00e0 th\u01b0\u1eddng g\u1eb7p nhi\u1ec1u may m\u1eafn trong cu\u1ed9c s\u1ed1ng.<\/p>\n<p>\u0110\u1ea5y ch\u00ednh l\u00e0 v\u1ebb \u0111\u1eb9p th\u1ef1c s\u1ef1 c\u1ee7a ng\u01b0\u1eddi ph\u1ee5 n\u1eef.<\/p>\n<p>V\u1ebb \u0111\u1eb9p th\u1ef1c s\u1ef1 c\u1ee7a ph\u1ee5 n\u1eef kh\u00f4ng \u0111\u1ebfn t\u1eeb khu\u00f4n m\u1eb7t xinh \u0111\u1eb9p, l\u00e0n da tr\u1eafng ng\u1ea7n, hay nh\u1eefng \u0111\u01b0\u1eddng cong tr\u00ean c\u01a1 th\u1ec3\u2026<\/p>\n<p>D\u00f9 c\u00f4 g\u00e1i \u1ea5y c\u00f3 xinh \u0111\u1eb9p c\u1ee1 n\u00e0o \u0111i ch\u0103ng n\u1eefa nh\u01b0ng c\u01b0 x\u1eed th\u00f4 l\u1ed7, k\u00e9m duy\u00ean th\u00ec nh\u1eefng g\u00ec \u0111\u1ecdng l\u1ea1i trong t\u00e2m tr\u00ed nh\u1eefng ng\u01b0\u1eddi xung quanh c\u0169ng ch\u1ec9 l\u00e0 s\u1ef1 v\u00f4 \u00fd hay nh\u1eefng c\u1eed ch\u1ec9 l\u1ed7 m\u00e3ng m\u00e0 th\u00f4i.<\/p>\n<p>V\u1ebb \u0111\u1eb9p th\u1ef1c s\u1ef1 \u0111\u1ebfn t\u1eeb n\u1ee5 c\u01b0\u1eddi ch\u00e2n th\u00e0nh, \u00e1nh m\u1eaft bi\u1ebft c\u01b0\u1eddi, c\u1eed ch\u1ec9 nhu thu\u1eadn, thanh tao,\u2026 V\u1ebb \u0111\u1eb9p th\u1ef1c s\u1ef1 \u0111\u1ebfn t\u1eeb kh\u00ed ch\u1ea5t to\u00e1t ra t\u1eeb n\u1ed9i t\u00e2m, t\u1eeb tr\u00ed \u00f3c th\u00f4ng tu\u1ec7, t\u1eeb v\u1ebb h\u00f2a nh\u00e3, thanh l\u1ecbch, t\u1eeb t\u1ea5m l\u00f2ng nh\u00e2n h\u1eadu, bao dung,\u2026<\/p>\n<p>\u201c\u00d4n nhu c\u0169ng l\u00e0 quy\u1ebfn r\u0169\u201d l\u00e0 cu\u1ed1n s\u00e1ch \u0111\u00e3 khi\u1ebfn h\u00e0ng ch\u1ee5c tri\u1ec7u ph\u1ee5 n\u1eef tr\u00ean th\u1ebf gi\u1edbi, \u0111\u1eb7c bi\u1ec7t t\u1ea1i c\u00e1c n\u01b0\u1edbc ch\u00e2u \u00c1 thay \u0111\u1ed5i c\u00e1ch suy ngh\u0129 v\u1ec1 s\u1ef1 l\u00f4i cu\u1ed1n c\u1ee7a m\u00ecnh. Cu\u1ed1n s\u00e1ch s\u1ebd gi\u00fap b\u1ea1n \u201ct\u1ec9nh\u201d v\u00e0 nh\u1eadn ra nh\u1eefng sai l\u1ea7m, nh\u1eefng l\u1ed1i m\u00f2n trong suy ngh\u0129 tr\u01b0\u1edbc \u0111\u00e2y v\u1eabn m\u1eafc ph\u1ea3i:<\/p>\n<p>\u00d4n nhu kh\u00f4ng ph\u1ea3i l\u00e0 nhu nh\u01b0\u1ee3c, y\u1ebfu \u0111u\u1ed1i hay \u1ee7y m\u1ecb. \u00d4n nhu ch\u00ednh l\u00e0 s\u1ef1 thi\u1ec7n l\u01b0\u01a1ng, d\u1ecbu d\u00e0ng, bi\u1ebft m\u1ec1m m\u1ecfng \u0111\u00fang l\u00fac nh\u01b0ng quy\u1ebft \u0111o\u00e1n khi c\u1ea7n.<\/p>\n<p>\u0110\u1eebng \u0111\u1ec3 khu\u00f4n m\u1eb7t xinh \u0111\u1eb9p n\u00f3i l\u00ean b\u1ea1n l\u00e0 ai m\u00e0 h\u00e3y \u0111\u1ec3 tr\u00ed tu\u1ec7 v\u00e0 c\u00e1ch c\u01b0 x\u1eed c\u1ee7a b\u1ea1n n\u00f3i l\u00ean \u0111i\u1ec1u \u0111\u00f3.<\/p>\n<p>\u0110\u00e0n \u00f4ng c\u00f3 th\u1ec3 y\u00eau th\u00edch m\u1ed9t c\u00f4 g\u00e1i xinh \u0111\u1eb9p nh\u01b0ng kh\u00f4ng th\u1ec3 s\u1ed1ng c\u1ea3 \u0111\u1eddi v\u1edbi m\u1ed9t ng\u01b0\u1eddi c\u00f3 c\u00e1i \u0111\u1ea7u r\u1ed7ng tu\u1ebfch.<\/p>\n<p>\u0110\u1eebng qu\u00ean trau d\u1ed3i v\u00e0 r\u00e8n luy\u1ec7n b\u1ea3n th\u00e2n m\u1ed7i ng\u00e0y \u0111\u1ec3 ng\u00e0y c\u00e0ng tr\u1edf n\u00ean th\u00f4ng tu\u1ec7 v\u00e0 hi\u1ec3u bi\u1ebft h\u01a1n.<\/p>\n<p> \u201c\u00d4n nhu c\u0169ng l\u00e0 quy\u1ebfn r\u0169\u201d \u2013 Cu\u1ed1n s\u00e1ch d\u00e0nh cho nh\u1eefng c\u00f4 g\u00e1i \u0111ang t\u00ecm ki\u1ebfm v\u1ebb \u0111\u1eb9p \u0111\u00edch th\u1ef1c. \u0110\u1ea5y ch\u00ednh l\u00e0 v\u1ebb \u0111\u1eb9p kh\u00f4ng b\u1ecb m\u00e0i m\u00f2n theo th\u1eddi gian, m\u00e0 ng\u01b0\u1ee3c l\u1ea1i, n\u0103m th\u00e1ng qua \u0111i, s\u1ef1 m\u1eb7n m\u00e0, \u0111\u1eb1m th\u1eafm \u1ea5y c\u00e0ng ng\u00e0y c\u00e0ng s\u1eafc n\u00e9t, tr\u00f2n v\u1ecb.<\/p>\n","protected":false},"excerpt":{"rendered":"<p>C\u1ed0T C\u00c1CH L\u00c0M N\u00caN V\u1eba \u0110\u1eb8P TH\u1ef0C S\u1ef0 C\u1ee6A M\u1ed8T NG\u01af\u1edcI PH\u1ee4 N\u1eee<\/p>\n<p>Ph\u1ee5 n\u1eef xinh \u0111\u1eb9p c\u00f3 th\u1ec3 khi\u1ebfn \u0111\u00e0n \u00f4ng d\u1eebng ch\u00e2n nh\u01b0ng c\u1ed1t c\u00e1ch c\u1ee7a ng\u01b0\u1eddi ph\u1ee5 n\u1eef m\u1edbi khi\u1ebfn \u0111\u00e0n \u00f4ng l\u01b0u luy\u1ebfn.<\/p>\n<p>C\u00f3 khi n\u00e0o b\u1ea1n b\u1eaft g\u1eb7p nh\u1eefng c\u00f4 g\u00e1i ch\u1ec9 c\u1ea7n nho\u1ebbn m\u00f4i c\u01b0\u1eddi, n\u00e9t m\u1eb7t li\u1ec1n tr\u1edf n\u00ean r\u1ea1ng r\u1ee1 nh\u01b0 \u00e1nh n\u1eafng ban mai, l\u1ea5p l\u00e1nh v\u00e0 \u1ea5m \u00e1p? M\u1ed9t c\u00f4 g\u00e1i lu\u00f4n mang n\u1ee5 c\u01b0\u1eddi r\u1ea1ng r\u1ee1 th\u00ec ch\u1eafc h\u1eb3n n\u1ed9i t\u00e2m c\u1ee7a c\u00f4 \u1ea5y t\u0129nh l\u1eb7ng, thu\u1ea7n khi\u1ebft v\u00e0 t\u01b0\u01a1i s\u00e1ng nh\u01b0 n\u1eafng xu\u00e2n.<\/p>\n<p>Ng\u01b0\u1eddi con g\u00e1i c\u00f3 n\u1ee5 c\u01b0\u1eddi ng\u1ecdt ng\u00e0o nh\u01b0 v\u1eady lu\u00f4n mang \u0111\u1ebfn c\u1ea3m gi\u00e1c b\u00ecnh y\u00ean,  tho\u1ea3i m\u00e1i cho ng\u01b0\u1eddi \u0111\u1ed1i di\u1ec7n v\u00e0 th\u01b0\u1eddng g\u1eb7p nhi\u1ec1u may m\u1eafn trong cu\u1ed9c s\u1ed1ng.<\/p>\n<p>\u0110\u1ea5y ch\u00ednh l\u00e0 v\u1ebb \u0111\u1eb9p th\u1ef1c s\u1ef1 c\u1ee7a ng\u01b0\u1eddi ph\u1ee5 n\u1eef.<\/p>\n<p>V\u1ebb \u0111\u1eb9p th\u1ef1c s\u1ef1 c\u1ee7a ph\u1ee5 n\u1eef kh\u00f4ng \u0111\u1ebfn t\u1eeb khu\u00f4n m\u1eb7t xinh \u0111\u1eb9p, l\u00e0n da tr\u1eafng ng\u1ea7n, hay nh\u1eefng \u0111\u01b0\u1eddng cong tr\u00ean c\u01a1 th\u1ec3\u2026<\/p>\n<p>D\u00f9 c\u00f4 g\u00e1i \u1ea5y c\u00f3 xinh \u0111\u1eb9p c\u1ee1 n\u00e0o \u0111i ch\u0103ng n\u1eefa nh\u01b0ng c\u01b0 x\u1eed th\u00f4 l\u1ed7, k\u00e9m duy\u00ean th\u00ec nh\u1eefng g\u00ec \u0111\u1ecdng l\u1ea1i trong t\u00e2m tr\u00ed nh\u1eefng ng\u01b0\u1eddi xung quanh c\u0169ng ch\u1ec9 l\u00e0 s\u1ef1 v\u00f4 \u00fd hay nh\u1eefng c\u1eed ch\u1ec9 l\u1ed7 m\u00e3ng m\u00e0 th\u00f4i.<\/p>\n<p>V\u1ebb \u0111\u1eb9p th\u1ef1c s\u1ef1 \u0111\u1ebfn t\u1eeb n\u1ee5 c\u01b0\u1eddi ch\u00e2n th\u00e0nh, \u00e1nh m\u1eaft bi\u1ebft c\u01b0\u1eddi, c\u1eed ch\u1ec9 nhu thu\u1eadn, thanh tao,\u2026 V\u1ebb \u0111\u1eb9p th\u1ef1c s\u1ef1 \u0111\u1ebfn t\u1eeb kh\u00ed ch\u1ea5t to\u00e1t ra t\u1eeb n\u1ed9i t\u00e2m, t\u1eeb tr\u00ed \u00f3c th\u00f4ng tu\u1ec7, t\u1eeb v\u1ebb h\u00f2a nh\u00e3, thanh l\u1ecbch, t\u1eeb t\u1ea5m l\u00f2ng nh\u00e2n h\u1eadu, bao dung,\u2026<\/p>\n","protected":false},"featured_media":6235,"template":"","meta":{"_acf_changed":false},"product_brand":[],"product_cat":[15,46],"product_tag":[],"class_list":{"0":"post-6245","1":"product","2":"type-product","3":"status-publish","4":"has-post-thumbnail","6":"product_cat-sach-danh-cho-nguoi-lon","7":"product_cat-ky-nang-song","9":"first","10":"outofstock","11":"taxable","12":"shipping-taxable","13":"purchasable","14":"product-type-simple"},"supplier_id":null,"supplier_sku":"","barcode":null,"atum_controlled":true,"out_stock_date":"2021-03-15 00:04:51","out_stock_threshold":null,"inheritable":false,"inbound_stock":0,"stock_on_hold":0,"sold_today":0,"sales_last_days":0,"reserved_stock":0,"customer_returns":0,"warehouse_damage":0,"lost_in_post":0,"other_logs":0,"out_stock_days":1780,"lost_sales":0,"has_location":false,"update_date":"2026-01-28T23:10:40","atum_locations":[],"atum_stock_status":"outofstock","restock_status":false,"low_stock_amount":"","sales_update_date":"2026-01-28T23:10:39","calc_backorders":null,"acf":{"publisher":{"ID":1785,"post_author":"1","post_date":"2021-02-17 01:54:46","post_date_gmt":"2021-02-16 23:54:46","post_content":"<!-- wp:flatsome\/uxbuilder -->\n<h1 style=\"text-align: center;\"><strong>AZ VIETNAM<\/strong><\/h1>\n[row]\n\n[col span=\"8\" span__sm=\"12\"]\n\n<p>Th\u00e0nh l\u1eadp n\u0103m: 2015<br \/>V\u1ed1n \u0111\u1ea7u t\u01b0: 4,000,000,000 \u0111\u1ed3ng<br \/><strong>L\u0129nh v\u1ef1c:<\/strong><br \/>- Xu\u1ea5t b\u1ea3n v\u00e0 ph\u00e1t h\u00e0nh v\u0103n h\u00f3a ph\u1ea9m<br \/>- Cung c\u1ea5p v\u0103n h\u00f3a ph\u1ea9m, c\u00e1c s\u1ea3n ph\u1ea9m cho in \u1ea5n, trang thi\u1ebft b\u1ecb cho c\u00e1c th\u01b0 vi\u1ec7n v\u00e0 trung t\u00e2m s\u00e1ch tr\u00ean c\u1ea3 n\u01b0\u1edbc.<br \/>- Th\u1eddi trang v\u00e0 c\u00e1c s\u1ea3n ph\u1ea9m li\u00ean quan \u0111\u1ebfn l\u0129nh v\u1ef1c th\u1eddi trang<br \/>- Xu\u1ea5t nh\u1eadp kh\u1ea9u c\u00e1c s\u1ea3n ph\u1ea9m v\u0103n h\u00f3a<\/p>\n<p><strong>Quy m\u00f4:<\/strong> 60 nh\u00e2n vi\u00ean<br \/>Kh\u1edfi ngu\u1ed3n c\u1ee7a AZ Vi\u1ec7t Nam ng\u00e0y nay l\u00e0 C\u00f4ng ty TNHH Trung t\u00e2m S\u00e1ch v\u00e0 Thi\u1ebft b\u1ecb Th\u01b0 vi\u1ec7n, v\u1edbi ho\u1ea1t \u0111\u1ed9ng \u0111\u1ea7u ti\u00ean l\u00e0 cung c\u1ea5p s\u00e1ch, trang thi\u1ebft b\u1ecb, v\u0103n h\u00f3a ph\u1ea9m cho c\u00e1c th\u01b0 vi\u1ec7n v\u00e0 trung t\u00e2m s\u00e1ch tr\u00ean c\u1ea3 n\u01b0\u1edbc. T\u1eeb cu\u1ed1i n\u0103m 2010 \u0111\u1ebfn nay, ch\u00fang t\u00f4i \u0111\u00e3 kh\u00f4ng ng\u1eebng n\u1ed7 l\u1ef1c khai ph\u00e1 v\u00e0 ph\u00e1t tri\u1ec3n c\u00e1c d\u00f2ng s\u1ea3n ph\u1ea9m m\u1edbi v\u1edbi 8 th\u01b0\u01a1ng hi\u1ec7u uy t\u00edn. \u0110\u1ec3 \u0111\u00e1p \u1ee9ng nhu c\u1ea7u ph\u00e1t tri\u1ec3n ng\u00e0y m\u1ed9t l\u1edbn m\u1ea1nh v\u00e0 t\u1eadp h\u1ee3p c\u00e1c th\u01b0\u01a1ng hi\u1ec7u \u0111\u00e3 \u0111\u01b0\u1ee3c ch\u00fang t\u00f4i x\u00e2y d\u1ef1ng, 2015 C\u00f4ng ty TNHH AZ Vi\u1ec7t Nam \u0111\u00e3 ra \u0111\u1eddi v\u1edbi s\u1ee9 m\u1ec7nh mang \u0111\u1ebfn nhi\u1ec1u h\u01a1n n\u1eefa nh\u1eefng gi\u00e1 tr\u1ecb tinh th\u1ea7n, tri th\u1ee9c ti\u00ean ti\u1ebfn cho ng\u01b0\u1eddi ti\u00eau d\u00f9ng b\u1eb1ng vi\u1ec7c cung c\u1ea5p nh\u1eefng s\u1ea3n ph\u1ea9m c\u00f3 ch\u1ea5t l\u01b0\u1ee3ng.<\/p>\n\n[\/col]\n[col span=\"4\" span__sm=\"12\"]\n\n[ux_image id=\"1836\" image_size=\"medium\"]\n\n\n[\/col]\n\n[\/row]\n\n<!-- \/wp:flatsome\/uxbuilder -->","post_title":"AZ Vi\u1ec7t Nam","post_excerpt":"","post_status":"publish","comment_status":"closed","ping_status":"closed","post_password":"","post_name":"az-viet-nam","to_ping":"","pinged":"","post_modified":"2021-02-17 22:07:10","post_modified_gmt":"2021-02-17 20:07:10","post_content_filtered":"","post_parent":0,"guid":"https:\/\/sachviet.eu\/nha-phat-hanh\/az-viet-nam\/","menu_order":0,"post_type":"publisher","post_mime_type":"","comment_count":"0","filter":"raw"}},"_links":{"self":[{"href":"https:\/\/sachviet.eu\/en\/wp-json\/wp\/v2\/product\/6245","targetHints":{"allow":["GET"]}}],"collection":[{"href":"https:\/\/sachviet.eu\/en\/wp-json\/wp\/v2\/product"}],"about":[{"href":"https:\/\/sachviet.eu\/en\/wp-json\/wp\/v2\/types\/product"}],"wp:featuredmedia":[{"embeddable":true,"href":"https:\/\/sachviet.eu\/en\/wp-json\/wp\/v2\/media\/6235"}],"wp:attachment":[{"href":"https:\/\/sachviet.eu\/en\/wp-json\/wp\/v2\/media?parent=6245"}],"wp:term":[{"taxonomy":"product_brand","embeddable":true,"href":"https:\/\/sachviet.eu\/en\/wp-json\/wp\/v2\/product_brand?post=6245"},{"taxonomy":"product_cat","embeddable":true,"href":"https:\/\/sachviet.eu\/en\/wp-json\/wp\/v2\/product_cat?post=6245"},{"taxonomy":"product_tag","embeddable":true,"href":"https:\/\/sachviet.eu\/en\/wp-json\/wp\/v2\/product_tag?post=6245"}],"curies":[{"name":"wp","href":"https:\/\/api.w.org\/{rel}","templated":true}]}}