{"id":6234,"date":"2021-03-15T01:27:56","date_gmt":"2021-03-14T23:27:56","guid":{"rendered":"https:\/\/sachviet.eu\/shop\/song-ban-linh-theo-cach-mot-quy-co-all-the-rules-tai-ban-2020\/"},"modified":"2021-05-17T23:57:48","modified_gmt":"2021-05-17T20:57:48","slug":"song-ban-linh-theo-cach-mot-quy-co-all-the-rules-tai-ban-2020","status":"publish","type":"product","link":"https:\/\/sachviet.eu\/en\/shop\/song-ban-linh-theo-cach-mot-quy-co-all-the-rules-tai-ban-2020\/","title":{"rendered":"S\u1ed1ng B\u1ea3n L\u0129nh Theo C\u00e1ch M\u1ed9t Qu\u00fd C\u00f4 &#8211; All The Rules (T\u00e1i B\u1ea3n 2020)"},"content":{"rendered":"<p>L\u1ed3ng ng\u1ef1c tr\u00e1i c\u1ee7a ng\u01b0\u1eddi \u0111\u00e0n \u00f4ng kh\u00f4ng ph\u1ea3i l\u00e0 n\u01a1i an to\u00e0n nh\u1ea5t, m\u00e0 l\u00e0 n\u01a1i d\u1ec5 thay \u0111\u1ed5i nh\u1ea5t. Cho n\u00ean, ph\u1ee5 n\u1eef ch\u1ec9 c\u00f3 th\u1ec3 d\u1ef1a v\u00e0o ch\u00ednh m\u00ecnh.<\/p>\n<p>Ngay t\u1eeb khi c\u00f2n nh\u1ecf, nh\u1eefng b\u00e9 g\u00e1i th\u01b0\u1eddng \u0111\u01b0\u1ee3c nu\u00f4i d\u1ea1y theo m\u1ed9t khu\u00f4n m\u1eabu n\u1ebfu kh\u00f4ng C\u00f4ng, Dung, Ng\u00f4n, H\u1ea1nh; th\u00ec c\u0169ng \u0111\u1ebfn tu\u1ed5i ph\u1ea3i ngh\u0129 \u0111\u1ebfn chuy\u1ec7n l\u1eadp gia \u0111\u00ecnh v\u1edbi h\u00e0ng t\u00e1 nh\u1eefng h\u1ec7 qu\u1ea3 c\u1ee7a vi\u1ec7c \u201c\u1ed5n \u0111\u1ecbnh\u201d k\u00e9o theo. \u0110\u1ebfn tu\u1ed5i tr\u01b0\u1edfng th\u00e0nh, kh\u00f4ng \u00edt c\u00f4 g\u00e1i m\u01a1 m\u1ed9ng v\u1ec1 nh\u1eefng anh ch\u00e0ng Mr Right s\u1ebd mang l\u1ea1i cho m\u00ecnh m\u1ed9t cu\u1ed9c s\u1ed1ng v\u1eeba \u0111\u1ee7 \u0111\u1ea7y, v\u1eeba l\u00e3ng m\u1ea1n.<\/p>\n<p>H\u00e3y ng\u01b0ng \u1ea3o t\u01b0\u1edfng!!!<\/p>\n<p>B\u1ea1n kh\u00f4ng th\u1ec3 c\u00f3 \u0111\u01b0\u1ee3c h\u1ea1nh ph\u00fac n\u1ebfu ch\u00ednh b\u1ea3n th\u00e2n m\u00ecnh c\u00f2n ph\u1ee5 thu\u1ed9c h\u1ea1nh ph\u00fac v\u00e0o ng\u01b0\u1eddi ng\u01b0\u1eddi kh\u00e1c.<br \/>\nB\u1ea1n kh\u00f4ng th\u1ec3 t\u00ecm \u0111\u01b0\u1ee3c Mr Right n\u1ebfu b\u1ea1n kh\u00f4ng t\u1ef1 ho\u00e0n thi\u1ec7n b\u1ea3n th\u00e2n.<br \/>\nV\u00e0 s\u1ebd ch\u1eb3ng c\u00f3 ai y\u00eau b\u1ea1n n\u1ebfu b\u1ea1n kh\u00f4ng t\u1ef1 y\u00eau ch\u00ednh m\u00ecnh.<\/p>\n<p>All the Rules \u2013 B\u1ed9 s\u00e1ch n\u1ed5i \u0111\u00ecnh \u0111\u00e1m tr\u00ean to\u00e0n th\u1ebf gi\u1edbi v\u1edbi s\u1ed1 l\u01b0\u1ee3ng ph\u00e1t h\u00e0nh l\u00ean t\u1edbi H\u00c0NG TRI\u1ec6U b\u1ea3n \u0111\u00e3 gi\u00fap c\u00e1c c\u00f4 n\u00e0ng t\u00ecm \u0111\u01b0\u1ee3c h\u01b0\u1edbng \u0111i c\u1ee7a cu\u1ed9c \u0111\u1eddi m\u00ecnh. C\u00e1c n\u00e0ng s\u1ebd nh\u1eadn ra r\u1eb1ng:<\/p>\n<p>T\u1ef1 l\u1eadp v\u00e0 bi\u1ebft ph\u1edbt l\u1edd nh\u1eefng m\u1ed1i quan h\u1ec7 khi\u1ebfn b\u1ea1n m\u1ea5t th\u1eddi gian \u0111\u1ec3 r\u1ed3i kh\u00f4ng \u0111i \u0111\u1ebfn \u0111\u00e2u c\u1ea3.<\/p>\n<p>T\u1ef1 tr\u1ecdng v\u00e0 t\u1ef1 t\u00f4n ch\u00ednh l\u00e0 ch\u00eca kh\u00f3a h\u1ea5p d\u1eabn \u0111\u1ea5ng m\u00e0y r\u00e2u, c\u0169ng l\u00e0 m\u1ed9t c\u00e1ch s\u1ed1ng \u0111\u1ea7y kh\u00ed ch\u1ea5t.<\/p>\n<p>Lu\u00f4n lu\u00f4n c\u00f3 nh\u1eefng c\u00e1ch \u0111\u1ec3 b\u1ea1n c\u00e2n b\u1eb1ng v\u1edbi nh\u1eefng m\u1ed1i quan h\u1ec7 xung quanh, \u1edf t\u1ea5t c\u1ea3 m\u1ecdi tr\u01b0\u1eddng h\u1ee3p. N\u1ebfu b\u1ea1n ch\u01b0a bi\u1ebft, \u0111\u00f3 l\u00e0 do b\u1ea1n ch\u01b0a \u0111\u1ecdc All the Rules \u2013 S\u1ed1ng b\u1ea3n l\u0129nh theo c\u00e1ch m\u1ed9t qu\u00fd c\u00f4 m\u00e0 th\u00f4i.<\/p>\n<p>Ch\u1eb3ng c\u00f3 b\u1ea5t k\u1ef3 m\u1ed9t c\u00f4 g\u00e1i n\u00e0o mu\u1ed1n m\u00ecnh t\u1ef1 ti, lu\u00f4n v\u01b0\u1edbng v\u00e0o nh\u1eefng m\u1ed1i quan h\u1ec7 khi\u1ebfn m\u00ecnh ph\u1ea3i day d\u1ee9t, \u0111au kh\u1ed5 c\u1ea3. V\u1eady th\u00ec h\u00e3y \u0111\u1ee9ng d\u1eady v\u00e0 ng\u1ea9ng cao \u0111\u1ea7u. Ch\u1ec9 c\u1ea7n ph\u00eda tr\u00ean c\u00f2n \u00e1nh m\u1eb7t tr\u1eddi, b\u1ea1n v\u1eabn c\u00f2n c\u00f3 c\u01a1 h\u1ed9i t\u1ecfa s\u00e1ng. <\/p>\n","protected":false},"excerpt":{"rendered":"<p>L\u1ed3ng ng\u1ef1c tr\u00e1i c\u1ee7a ng\u01b0\u1eddi \u0111\u00e0n \u00f4ng kh\u00f4ng ph\u1ea3i l\u00e0 n\u01a1i an to\u00e0n nh\u1ea5t, m\u00e0 l\u00e0 n\u01a1i d\u1ec5 thay \u0111\u1ed5i nh\u1ea5t. Cho n\u00ean, ph\u1ee5 n\u1eef ch\u1ec9 c\u00f3 th\u1ec3 d\u1ef1a v\u00e0o ch\u00ednh m\u00ecnh.<\/p>\n<p>Ngay t\u1eeb khi c\u00f2n nh\u1ecf, nh\u1eefng b\u00e9 g\u00e1i th\u01b0\u1eddng \u0111\u01b0\u1ee3c nu\u00f4i d\u1ea1y theo m\u1ed9t khu\u00f4n m\u1eabu n\u1ebfu kh\u00f4ng C\u00f4ng, Dung, Ng\u00f4n, H\u1ea1nh; th\u00ec c\u0169ng \u0111\u1ebfn tu\u1ed5i ph\u1ea3i ngh\u0129 \u0111\u1ebfn chuy\u1ec7n l\u1eadp gia \u0111\u00ecnh v\u1edbi h\u00e0ng t\u00e1 nh\u1eefng h\u1ec7 qu\u1ea3 c\u1ee7a vi\u1ec7c \u201c\u1ed5n \u0111\u1ecbnh\u201d k\u00e9o theo. \u0110\u1ebfn tu\u1ed5i tr\u01b0\u1edfng th\u00e0nh, kh\u00f4ng \u00edt c\u00f4 g\u00e1i m\u01a1 m\u1ed9ng v\u1ec1 nh\u1eefng anh ch\u00e0ng Mr Right s\u1ebd mang l\u1ea1i cho m\u00ecnh m\u1ed9t cu\u1ed9c s\u1ed1ng v\u1eeba \u0111\u1ee7 \u0111\u1ea7y, v\u1eeba l\u00e3ng m\u1ea1n.<\/p>\n<p>H\u00e3y ng\u01b0ng \u1ea3o t\u01b0\u1edfng!!!<\/p>\n<p>B\u1ea1n kh\u00f4ng th\u1ec3 c\u00f3 \u0111\u01b0\u1ee3c h\u1ea1nh ph\u00fac n\u1ebfu ch\u00ednh b\u1ea3n th\u00e2n m\u00ecnh c\u00f2n ph\u1ee5 thu\u1ed9c h\u1ea1nh ph\u00fac v\u00e0o ng\u01b0\u1eddi ng\u01b0\u1eddi kh\u00e1c.<br \/>\nB\u1ea1n kh\u00f4ng th\u1ec3 t\u00ecm \u0111\u01b0\u1ee3c Mr Right n\u1ebfu b\u1ea1n kh\u00f4ng t\u1ef1 ho\u00e0n thi\u1ec7n b\u1ea3n th\u00e2n.<br \/>\nV\u00e0 s\u1ebd ch\u1eb3ng c\u00f3 ai y\u00eau b\u1ea1n n\u1ebfu b\u1ea1n kh\u00f4ng t\u1ef1 y\u00eau ch\u00ednh m\u00ecnh.<\/p>\n","protected":false},"featured_media":6226,"template":"","meta":{"_acf_changed":false},"product_brand":[],"product_cat":[15,46],"product_tag":[],"class_list":{"0":"post-6234","1":"product","2":"type-product","3":"status-publish","4":"has-post-thumbnail","6":"product_cat-sach-danh-cho-nguoi-lon","7":"product_cat-ky-nang-song","9":"first","10":"outofstock","11":"taxable","12":"shipping-taxable","13":"purchasable","14":"product-type-simple"},"supplier_id":null,"supplier_sku":"","barcode":null,"atum_controlled":true,"out_stock_date":"2021-03-15 00:04:51","out_stock_threshold":null,"inheritable":false,"inbound_stock":0,"stock_on_hold":0,"sold_today":0,"sales_last_days":0,"reserved_stock":0,"customer_returns":0,"warehouse_damage":0,"lost_in_post":0,"other_logs":0,"out_stock_days":1780,"lost_sales":0,"has_location":false,"update_date":"2026-01-28T23:10:39","atum_locations":[],"atum_stock_status":"outofstock","restock_status":false,"low_stock_amount":"","sales_update_date":"2026-01-28T23:10:39","calc_backorders":null,"acf":{"publisher":{"ID":1460,"post_author":"1","post_date":"2021-02-17 01:12:24","post_date_gmt":"2021-02-16 23:12:24","post_content":"<!-- wp:flatsome\/uxbuilder -->\n<h1 style=\"text-align: center;\"><strong>Skybooks<\/strong><\/h1>\n[row]\n\n[col span=\"7\" span__sm=\"12\"]\n\n<p>C\u00f4ng ty ph\u00e1t h\u00e0nh s\u00e1ch Skybooks. \"T\u00f4i tr\u1ebb, t\u00f4i \u0111am m\u00ea\" v\u1edbi s\u1ee9 m\u1ec7nh lan to\u1ea3 c\u1ea3m x\u00fac v\u00e0 k\u1ebft n\u1ed1i t\u00e2m h\u1ed3n<\/p>\n<p><strong>Skybooks l\u00e0 c\u00e2u chuy\u1ec7n k\u1ec3 v\u1ec1:<\/strong><br \/>M\u1ed9t th\u1ebf h\u1ec7 ng\u01b0\u1eddi vi\u1ebft tr\u1ebb, \u0111am m\u00ea v\u0103n ch\u01b0\u01a1ng v\u00e0 t\u00f4n tr\u1ecdng, g\u00ecn gi\u1eef, s\u00e1ng t\u1ea1o Ti\u1ebfng Vi\u1ec7t. M\u1ed9t th\u1ebf h\u1ec7 \u0111\u1ed9c gi\u1ea3 tr\u1ebb, \u0111am m\u00ea kh\u00e1m ph\u00e1 ng\u00f4n ng\u1eef v\u00e0 say m\u00ea \u0111\u1ebfn v\u1edbi th\u1ebf gi\u1edbi c\u1ee7a nh\u1eefng quy\u1ec3n s\u00e1ch. M\u1ed9t th\u1ebf h\u1ec7 ng\u01b0\u1eddi l\u00e0m s\u00e1ch tr\u1ebb, \u0111am m\u00ea mang nh\u1eefng gi\u00e1 tr\u1ecb tinh th\u1ea7n l\u1ea1i g\u1ea7n ng\u01b0\u1eddi \u0111\u1ecdc.<br \/>Trong b\u1ed9 nh\u1eadn d\u1ea1ng th\u01b0\u01a1ng hi\u1ec7u:<br \/>Skybooks v\u1edbi ch\u1eef Sky m\u00e0u xanh da tr\u1eddi c\u00f3 \u00fd ngh\u0129a l\u00e0 c\u00f4ng ty B\u1ea7u Tr\u1eddi - n\u01a1i t\u1ea5t c\u1ea3 \u01b0\u1edbc m\u01a1 \u0111\u01b0\u1ee3c t\u1ef1 do tung c\u00e1nh.<br \/>V\u1edbi logo h\u00ecnh hoa b\u1ed3 c\u00f4ng anh \u0111ang bay t\u01b0\u1ee3ng tr\u01b0ng cho s\u1ef1 lan to\u1ea3 c\u1ea3m x\u00fac v\u00e0 kh\u00e1t v\u1ecdng bay cao.<br \/>K\u1ebb v\u1ea1ch logo c\u00f3 n\u1ec1n m\u00e0u ghi x\u00e1m xu\u1ea5t hi\u1ec7n tr\u00ean b\u00eca m\u1ecdi \u1ea5n ph\u1ea9m th\u1ec3 hi\u1ec7n con \u0111\u01b0\u1eddng b\u01b0\u1edbc v\u00e0o th\u1ecb tr\u01b0\u1eddng s\u00e1ch v\u00e0 chinh ph\u1ee5c \u0111\u1ed9c gi\u1ea3 l\u00e0 m\u1ed9t h\u00e0nh tr\u00ecnh d\u00e0i, \u0111\u1ea7y gian kh\u00f3, c\u00f3 nhi\u1ec1u b\u00e3o t\u1ed1, nh\u01b0ng ch\u1ec9 c\u1ea7n n\u1ed7 l\u1ef1c c\u1ed1 g\u1eafng nh\u1ea5t \u0111\u1ecbnh s\u1ebd ngo\u1ea1n m\u1ee5c v\u01b0\u1ee3t qua. \u0110\u1ec3 kh\u1eb3ng \u0111\u1ecbnh v\u00e0 ch\u1ee9ng minh ch\u00ednh m\u00ecnh!<\/p>\n\n[\/col]\n[col span=\"5\" span__sm=\"12\"]\n\n[ux_image id=\"1825\" image_size=\"medium\"]\n\n\n[\/col]\n\n[\/row]\n\n<!-- \/wp:flatsome\/uxbuilder -->","post_title":"Skybooks","post_excerpt":"","post_status":"publish","comment_status":"closed","ping_status":"closed","post_password":"","post_name":"skybooks","to_ping":"","pinged":"","post_modified":"2021-02-17 01:57:31","post_modified_gmt":"2021-02-16 23:57:31","post_content_filtered":"","post_parent":0,"guid":"https:\/\/sachviet.eu\/nha-phat-hanh\/skybooks\/","menu_order":0,"post_type":"publisher","post_mime_type":"","comment_count":"0","filter":"raw"}},"_links":{"self":[{"href":"https:\/\/sachviet.eu\/en\/wp-json\/wp\/v2\/product\/6234","targetHints":{"allow":["GET"]}}],"collection":[{"href":"https:\/\/sachviet.eu\/en\/wp-json\/wp\/v2\/product"}],"about":[{"href":"https:\/\/sachviet.eu\/en\/wp-json\/wp\/v2\/types\/product"}],"wp:featuredmedia":[{"embeddable":true,"href":"https:\/\/sachviet.eu\/en\/wp-json\/wp\/v2\/media\/6226"}],"wp:attachment":[{"href":"https:\/\/sachviet.eu\/en\/wp-json\/wp\/v2\/media?parent=6234"}],"wp:term":[{"taxonomy":"product_brand","embeddable":true,"href":"https:\/\/sachviet.eu\/en\/wp-json\/wp\/v2\/product_brand?post=6234"},{"taxonomy":"product_cat","embeddable":true,"href":"https:\/\/sachviet.eu\/en\/wp-json\/wp\/v2\/product_cat?post=6234"},{"taxonomy":"product_tag","embeddable":true,"href":"https:\/\/sachviet.eu\/en\/wp-json\/wp\/v2\/product_tag?post=6234"}],"curies":[{"name":"wp","href":"https:\/\/api.w.org\/{rel}","templated":true}]}}