{"id":6225,"date":"2021-03-15T01:27:25","date_gmt":"2021-03-14T23:27:25","guid":{"rendered":"https:\/\/sachviet.eu\/shop\/hau-van-rat-dat-xin-dung-lang-phi\/"},"modified":"2023-02-18T19:33:09","modified_gmt":"2023-02-18T17:33:09","slug":"hau-van-rat-dat-xin-dung-lang-phi","status":"publish","type":"product","link":"https:\/\/sachviet.eu\/en\/shop\/hau-van-rat-dat-xin-dung-lang-phi\/","title":{"rendered":"H\u1eadu V\u1eadn R\u1ea5t \u0110\u1eaft, Xin \u0110\u1eebng L\u00e3ng Ph\u00ed"},"content":{"rendered":"<p>H\u00c3Y C\u1ee8 \u0110I KHI \u0110\u00d4I CH\u00c2N C\u00d2N C\u00d3 TH\u1ec2 S\u1ea2I B\u01af\u1edaC<\/p>\n<p>\u0110a s\u1ed1 \u0111au kh\u1ed5 c\u1ee7a con ng\u01b0\u1eddi \u0111\u1ec1u b\u1eaft ngu\u1ed3n t\u1eeb d\u00e3 t\u00e2m \u0111\u00fang l\u00fac nh\u01b0ng n\u0103ng l\u1ef1c kh\u00f4ng theo k\u1ecbp, d\u1ee5c v\u1ecdng \u0111\u00fang l\u00fac nh\u01b0ng ti\u1ec1n kh\u00f4ng theo k\u1ecbp, ch\u1edd mong \u0111\u00fang l\u00fac nh\u01b0ng t\u00ecnh c\u1ea3m kh\u00f4ng theo k\u1ecbp.<\/p>\n<p>\u1ede th\u1eddi \u0111\u1ea1i kh\u1eafp n\u01a1i \u0111\u1ec1u khoe khoang thu nh\u1eadp, r\u1ea5t nhi\u1ec1u ng\u01b0\u1eddi c\u00f3 xu h\u01b0\u1edbng v\u00ec ti\u1ec1n t\u00e0i m\u00e0 ch\u1eb3ng ti\u1ebfc s\u1ee9c kh\u1ecfe lao \u0111\u1ea7u v\u00e0o c\u00f4ng vi\u1ec7c, h\u1ecd ch\u00e0 \u0111\u1ea1p v\u00e0 h\u00e3m h\u1ea1i l\u1eabn nhau, c\u00f2n nh\u1eefng ng\u01b0\u1eddi to\u00e0n t\u00e2m to\u00e0n \u00fd c\u1ed1 g\u1eafng ph\u1ea5n \u0111\u1ea5u l\u1ea1i b\u1ecb ch\u00ea c\u01b0\u1eddi, tr\u1edf th\u00e0nh \u201ch\u1ea1t gi\u1ed1ng cho t\u00e2m h\u1ed3n\u201d.<\/p>\n<p>M\u1ecdi ng\u01b0\u1eddi b\u1eadn ng\u01b0\u1ee1ng m\u1ed9 nh\u1eefng ng\u01b0\u1eddi th\u00e0nh c\u00f4ng, kh\u00e1t v\u1ecdng m\u00ecnh s\u1edbm v\u1eeba n\u1ed5i ti\u1ebfng v\u1eeba gi\u00e0u c\u00f3, ch\u1eb3ng ai th\u00e8m \u0111\u1ec3 m\u1eaft \u0111\u1ebfn nh\u1eefng ng\u01b0\u1eddi b\u00ecnh th\u01b0\u1eddng. Nh\u01b0ng \u1edf m\u1ed9t g\u00f3c n\u00e0o \u0111\u00f3 c\u1ee7a cu\u1ed9c s\u1ed1ng, r\u1ea5t nhi\u1ec1u ng\u01b0\u1eddi ch\u00fang ta t\u01b0\u1edfng l\u00e0 b\u00ecnh th\u01b0\u1eddng l\u1ea1i \u0111ang d\u1ed1c s\u1ee9c theo c\u00e1ch ri\u00eang c\u1ee7a h\u1ecd. Khi ch\u00fang ta tr\u1ed1n tr\u00e1nh \u00e1nh n\u1eafng ch\u00f3i chang c\u1ee7a ng\u00e0y h\u00e8, l\u01b0\u1eddi bi\u1ebfng ng\u1ee7 tr\u01b0a trong ph\u00f2ng \u0111i\u1ec1u h\u00f2a, ngh\u0129 c\u00e1ch b\u00f9ng h\u1ecdc b\u00f9ng l\u00e0m v\u00e0o nh\u1eefng ng\u00e0y \u0111\u00f4ng m\u01b0a l\u1ea1nh, th\u00ec h\u1ecd &#8211; nh\u1eefng con ng\u01b0\u1eddi t\u01b0\u1edfng nh\u01b0 b\u00ecnh th\u01b0\u1eddng \u0111\u1ebfn t\u1ea7m th\u01b0\u1eddng \u0111\u00f3 l\u1ea1i \u0111ang t\u1ef1 ph\u00e1c h\u1ecda ra con \u0111\u01b0\u1eddng \u0111i cho ch\u00ednh m\u00ecnh.<\/p>\n<p>H\u1eacU V\u1eacN R\u1ea4T \u0110\u1eaeT, XIN \u0110\u1eeaNG L\u00c3NG PH\u00cd \u2013 cu\u1ed1n s\u00e1ch th\u1ee9 t\u01b0 c\u1ee7a t\u00e1c gi\u1ea3 tri\u1ec7u b\u1ea3n M\u00e8o Maverick ch\u00ednh l\u00e0 cu\u1ed1n s\u00e1ch ghi ch\u00e9p l\u1ea1i h\u00e0nh tr\u00ecnh ph\u1ea5n \u0111\u1ea5u n\u1ed7 l\u1ef1c kh\u00f4ng ng\u1eebng c\u1ee7a nh\u1eefng c\u00f2n ng\u01b0\u1eddi b\u00ecnh th\u01b0\u1eddng nh\u1ea5t trong cu\u1ed9c s\u1ed1ng. \u1ede h\u1ecd, ta nh\u00ecn th\u1ea5y ch\u00ednh m\u00ecnh, nh\u1eefng con ng\u01b0\u1eddi kh\u00f4ng sinh ra \u0111\u00e3 ng\u1eadm th\u00eca v\u00e0ng, kh\u00f4ng c\u00f3 m\u1ec7nh c\u00f4ng ch\u00faa ho\u00e0ng t\u1eed, m\u00e0 h\u1eb1ng ng\u00e0y v\u1eabn \u0111ang kh\u1eb3ng \u0111\u1ecbnh b\u1ea3n th\u00e2n, l\u00e0m ch\u1ee7 v\u1eadn m\u1ec7nh.<\/p>\n","protected":false},"excerpt":{"rendered":"<p>H\u00c3Y C\u1ee8 \u0110I KHI \u0110\u00d4I CH\u00c2N C\u00d2N C\u00d3 TH\u1ec2 S\u1ea2I B\u01af\u1edaC<\/p>\n<p>\u0110a s\u1ed1 \u0111au kh\u1ed5 c\u1ee7a con ng\u01b0\u1eddi \u0111\u1ec1u b\u1eaft ngu\u1ed3n t\u1eeb d\u00e3 t\u00e2m \u0111\u00fang l\u00fac nh\u01b0ng n\u0103ng l\u1ef1c kh\u00f4ng theo k\u1ecbp, d\u1ee5c v\u1ecdng \u0111\u00fang l\u00fac nh\u01b0ng ti\u1ec1n kh\u00f4ng theo k\u1ecbp, ch\u1edd mong \u0111\u00fang l\u00fac nh\u01b0ng t\u00ecnh c\u1ea3m kh\u00f4ng theo k\u1ecbp.<\/p>\n<p>\u1ede th\u1eddi \u0111\u1ea1i kh\u1eafp n\u01a1i \u0111\u1ec1u khoe khoang thu nh\u1eadp, r\u1ea5t nhi\u1ec1u ng\u01b0\u1eddi c\u00f3 xu h\u01b0\u1edbng v\u00ec ti\u1ec1n t\u00e0i m\u00e0 ch\u1eb3ng ti\u1ebfc s\u1ee9c kh\u1ecfe lao \u0111\u1ea7u v\u00e0o c\u00f4ng vi\u1ec7c, h\u1ecd ch\u00e0 \u0111\u1ea1p v\u00e0 h\u00e3m h\u1ea1i l\u1eabn nhau, c\u00f2n nh\u1eefng ng\u01b0\u1eddi to\u00e0n t\u00e2m to\u00e0n \u00fd c\u1ed1 g\u1eafng ph\u1ea5n \u0111\u1ea5u l\u1ea1i b\u1ecb ch\u00ea c\u01b0\u1eddi, tr\u1edf th\u00e0nh \u201ch\u1ea1t gi\u1ed1ng cho t\u00e2m h\u1ed3n\u201d.<\/p>\n<p>M\u1ecdi ng\u01b0\u1eddi b\u1eadn ng\u01b0\u1ee1ng m\u1ed9 nh\u1eefng ng\u01b0\u1eddi th\u00e0nh c\u00f4ng, kh\u00e1t v\u1ecdng m\u00ecnh s\u1edbm v\u1eeba n\u1ed5i ti\u1ebfng v\u1eeba gi\u00e0u c\u00f3, ch\u1eb3ng ai th\u00e8m \u0111\u1ec3 m\u1eaft \u0111\u1ebfn nh\u1eefng ng\u01b0\u1eddi b\u00ecnh th\u01b0\u1eddng. Nh\u01b0ng \u1edf m\u1ed9t g\u00f3c n\u00e0o \u0111\u00f3 c\u1ee7a cu\u1ed9c s\u1ed1ng, r\u1ea5t nhi\u1ec1u ng\u01b0\u1eddi ch\u00fang ta t\u01b0\u1edfng l\u00e0 b\u00ecnh th\u01b0\u1eddng l\u1ea1i \u0111ang d\u1ed1c s\u1ee9c theo c\u00e1ch ri\u00eang c\u1ee7a h\u1ecd. Khi ch\u00fang ta tr\u1ed1n tr\u00e1nh \u00e1nh n\u1eafng ch\u00f3i chang c\u1ee7a ng\u00e0y h\u00e8, l\u01b0\u1eddi bi\u1ebfng ng\u1ee7 tr\u01b0a trong ph\u00f2ng \u0111i\u1ec1u h\u00f2a, ngh\u0129 c\u00e1ch b\u00f9ng h\u1ecdc b\u00f9ng l\u00e0m v\u00e0o nh\u1eefng ng\u00e0y \u0111\u00f4ng m\u01b0a l\u1ea1nh, th\u00ec h\u1ecd &#8211; nh\u1eefng con ng\u01b0\u1eddi t\u01b0\u1edfng nh\u01b0 b\u00ecnh th\u01b0\u1eddng \u0111\u1ebfn t\u1ea7m th\u01b0\u1eddng \u0111\u00f3 l\u1ea1i \u0111ang t\u1ef1 ph\u00e1c h\u1ecda ra con \u0111\u01b0\u1eddng \u0111i cho ch\u00ednh m\u00ecnh.<\/p>\n<p>H\u1eacU V\u1eacN R\u1ea4T \u0110\u1eaeT, XIN \u0110\u1eeaNG L\u00c3NG PH\u00cd \u2013 cu\u1ed1n s\u00e1ch th\u1ee9 t\u01b0 c\u1ee7a t\u00e1c gi\u1ea3 tri\u1ec7u b\u1ea3n M\u00e8o Maverick ch\u00ednh l\u00e0 cu\u1ed1n s\u00e1ch ghi ch\u00e9p l\u1ea1i h\u00e0nh tr\u00ecnh ph\u1ea5n \u0111\u1ea5u n\u1ed7 l\u1ef1c kh\u00f4ng ng\u1eebng c\u1ee7a nh\u1eefng c\u00f2n ng\u01b0\u1eddi b\u00ecnh th\u01b0\u1eddng nh\u1ea5t trong cu\u1ed9c s\u1ed1ng. \u1ede h\u1ecd, ta nh\u00ecn th\u1ea5y ch\u00ednh m\u00ecnh, nh\u1eefng con ng\u01b0\u1eddi kh\u00f4ng sinh ra \u0111\u00e3 ng\u1eadm th\u00eca v\u00e0ng, kh\u00f4ng c\u00f3 m\u1ec7nh c\u00f4ng ch\u00faa ho\u00e0ng t\u1eed, m\u00e0 h\u1eb1ng ng\u00e0y v\u1eabn \u0111ang kh\u1eb3ng \u0111\u1ecbnh b\u1ea3n th\u00e2n, l\u00e0m ch\u1ee7 v\u1eadn m\u1ec7nh.<\/p>\n","protected":false},"featured_media":6224,"template":"","meta":{"_acf_changed":false},"product_brand":[],"product_cat":[15,47],"product_tag":[],"class_list":{"0":"post-6225","1":"product","2":"type-product","3":"status-publish","4":"has-post-thumbnail","6":"product_cat-sach-danh-cho-nguoi-lon","7":"product_cat-truyen-ngan-tan-van","9":"first","10":"instock","11":"taxable","12":"shipping-taxable","13":"purchasable","14":"product-type-simple"},"supplier_id":null,"supplier_sku":"","barcode":null,"atum_controlled":true,"out_stock_date":null,"out_stock_threshold":null,"inheritable":false,"inbound_stock":0,"stock_on_hold":0,"sold_today":0,"sales_last_days":0,"reserved_stock":0,"customer_returns":0,"warehouse_damage":0,"lost_in_post":0,"other_logs":0,"out_stock_days":0,"lost_sales":0,"has_location":false,"update_date":"2026-01-28T23:10:39","atum_locations":[],"atum_stock_status":"instock","restock_status":false,"low_stock_amount":"","sales_update_date":"2026-01-28T23:10:39","calc_backorders":null,"acf":{"publisher":{"ID":1785,"post_author":"1","post_date":"2021-02-17 01:54:46","post_date_gmt":"2021-02-16 23:54:46","post_content":"<!-- wp:flatsome\/uxbuilder -->\n<h1 style=\"text-align: center;\"><strong>AZ VIETNAM<\/strong><\/h1>\n[row]\n\n[col span=\"8\" span__sm=\"12\"]\n\n<p>Th\u00e0nh l\u1eadp n\u0103m: 2015<br \/>V\u1ed1n \u0111\u1ea7u t\u01b0: 4,000,000,000 \u0111\u1ed3ng<br \/><strong>L\u0129nh v\u1ef1c:<\/strong><br \/>- Xu\u1ea5t b\u1ea3n v\u00e0 ph\u00e1t h\u00e0nh v\u0103n h\u00f3a ph\u1ea9m<br \/>- Cung c\u1ea5p v\u0103n h\u00f3a ph\u1ea9m, c\u00e1c s\u1ea3n ph\u1ea9m cho in \u1ea5n, trang thi\u1ebft b\u1ecb cho c\u00e1c th\u01b0 vi\u1ec7n v\u00e0 trung t\u00e2m s\u00e1ch tr\u00ean c\u1ea3 n\u01b0\u1edbc.<br \/>- Th\u1eddi trang v\u00e0 c\u00e1c s\u1ea3n ph\u1ea9m li\u00ean quan \u0111\u1ebfn l\u0129nh v\u1ef1c th\u1eddi trang<br \/>- Xu\u1ea5t nh\u1eadp kh\u1ea9u c\u00e1c s\u1ea3n ph\u1ea9m v\u0103n h\u00f3a<\/p>\n<p><strong>Quy m\u00f4:<\/strong> 60 nh\u00e2n vi\u00ean<br \/>Kh\u1edfi ngu\u1ed3n c\u1ee7a AZ Vi\u1ec7t Nam ng\u00e0y nay l\u00e0 C\u00f4ng ty TNHH Trung t\u00e2m S\u00e1ch v\u00e0 Thi\u1ebft b\u1ecb Th\u01b0 vi\u1ec7n, v\u1edbi ho\u1ea1t \u0111\u1ed9ng \u0111\u1ea7u ti\u00ean l\u00e0 cung c\u1ea5p s\u00e1ch, trang thi\u1ebft b\u1ecb, v\u0103n h\u00f3a ph\u1ea9m cho c\u00e1c th\u01b0 vi\u1ec7n v\u00e0 trung t\u00e2m s\u00e1ch tr\u00ean c\u1ea3 n\u01b0\u1edbc. T\u1eeb cu\u1ed1i n\u0103m 2010 \u0111\u1ebfn nay, ch\u00fang t\u00f4i \u0111\u00e3 kh\u00f4ng ng\u1eebng n\u1ed7 l\u1ef1c khai ph\u00e1 v\u00e0 ph\u00e1t tri\u1ec3n c\u00e1c d\u00f2ng s\u1ea3n ph\u1ea9m m\u1edbi v\u1edbi 8 th\u01b0\u01a1ng hi\u1ec7u uy t\u00edn. \u0110\u1ec3 \u0111\u00e1p \u1ee9ng nhu c\u1ea7u ph\u00e1t tri\u1ec3n ng\u00e0y m\u1ed9t l\u1edbn m\u1ea1nh v\u00e0 t\u1eadp h\u1ee3p c\u00e1c th\u01b0\u01a1ng hi\u1ec7u \u0111\u00e3 \u0111\u01b0\u1ee3c ch\u00fang t\u00f4i x\u00e2y d\u1ef1ng, 2015 C\u00f4ng ty TNHH AZ Vi\u1ec7t Nam \u0111\u00e3 ra \u0111\u1eddi v\u1edbi s\u1ee9 m\u1ec7nh mang \u0111\u1ebfn nhi\u1ec1u h\u01a1n n\u1eefa nh\u1eefng gi\u00e1 tr\u1ecb tinh th\u1ea7n, tri th\u1ee9c ti\u00ean ti\u1ebfn cho ng\u01b0\u1eddi ti\u00eau d\u00f9ng b\u1eb1ng vi\u1ec7c cung c\u1ea5p nh\u1eefng s\u1ea3n ph\u1ea9m c\u00f3 ch\u1ea5t l\u01b0\u1ee3ng.<\/p>\n\n[\/col]\n[col span=\"4\" span__sm=\"12\"]\n\n[ux_image id=\"1836\" image_size=\"medium\"]\n\n\n[\/col]\n\n[\/row]\n\n<!-- \/wp:flatsome\/uxbuilder -->","post_title":"AZ Vi\u1ec7t Nam","post_excerpt":"","post_status":"publish","comment_status":"closed","ping_status":"closed","post_password":"","post_name":"az-viet-nam","to_ping":"","pinged":"","post_modified":"2021-02-17 22:07:10","post_modified_gmt":"2021-02-17 20:07:10","post_content_filtered":"","post_parent":0,"guid":"https:\/\/sachviet.eu\/nha-phat-hanh\/az-viet-nam\/","menu_order":0,"post_type":"publisher","post_mime_type":"","comment_count":"0","filter":"raw"}},"_links":{"self":[{"href":"https:\/\/sachviet.eu\/en\/wp-json\/wp\/v2\/product\/6225","targetHints":{"allow":["GET"]}}],"collection":[{"href":"https:\/\/sachviet.eu\/en\/wp-json\/wp\/v2\/product"}],"about":[{"href":"https:\/\/sachviet.eu\/en\/wp-json\/wp\/v2\/types\/product"}],"wp:featuredmedia":[{"embeddable":true,"href":"https:\/\/sachviet.eu\/en\/wp-json\/wp\/v2\/media\/6224"}],"wp:attachment":[{"href":"https:\/\/sachviet.eu\/en\/wp-json\/wp\/v2\/media?parent=6225"}],"wp:term":[{"taxonomy":"product_brand","embeddable":true,"href":"https:\/\/sachviet.eu\/en\/wp-json\/wp\/v2\/product_brand?post=6225"},{"taxonomy":"product_cat","embeddable":true,"href":"https:\/\/sachviet.eu\/en\/wp-json\/wp\/v2\/product_cat?post=6225"},{"taxonomy":"product_tag","embeddable":true,"href":"https:\/\/sachviet.eu\/en\/wp-json\/wp\/v2\/product_tag?post=6225"}],"curies":[{"name":"wp","href":"https:\/\/api.w.org\/{rel}","templated":true}]}}