{"id":6195,"date":"2021-03-15T01:25:57","date_gmt":"2021-03-14T23:25:57","guid":{"rendered":"https:\/\/sachviet.eu\/shop\/bo-sach-dom-lua-dieu-ky-hansel-va-gretel-co-be-ban-diem-bac-nong-dan-va-con-quy-set-3-quyen\/"},"modified":"2021-03-23T01:15:19","modified_gmt":"2021-03-22T23:15:19","slug":"bo-sach-dom-lua-dieu-ky-hansel-va-gretel-co-be-ban-diem-bac-nong-dan-va-con-quy-set-3-quyen","status":"publish","type":"product","link":"https:\/\/sachviet.eu\/en\/shop\/bo-sach-dom-lua-dieu-ky-hansel-va-gretel-co-be-ban-diem-bac-nong-dan-va-con-quy-set-3-quyen\/","title":{"rendered":"B\u1ed9 S\u00e1ch \u0110\u1ed1m L\u1eeda Di\u1ec7u K\u1ef3: Hansel V\u00e0 Gretel + C\u00f4 B\u00e9 B\u00e1n Di\u00eam + B\u00e1c N\u00f4ng D\u00e2n V\u00e0 Con Qu\u1ef7 &#8211; set 3 quy\u1ec3n"},"content":{"rendered":"","protected":false},"excerpt":{"rendered":"<p>L\u1ea7n \u0111\u1ea7u ti\u00ean t\u1ea1i Vi\u1ec7t Nam \u2013 Gi\u1edbi thi\u1ec7u S\u00e1ch Ho\u1ea1t H\u00ecnh Song Ng\u1eef 4D<br \/>\nBI\u1ebeN C\u00d4NG NGH\u1ec6 TH\u00c0NH \u0110\u1ed2NG MINH C\u1ee6A CHA M\u1eb8!<\/p>\n<p>S\u1ed1ng trong th\u1eddi \u0111\u1ea1i 4.0 &#8211; ch\u00fang ta kh\u00f4ng th\u1ec3 b\u00e0i tr\u1eeb c\u00f4ng ngh\u1ec7, th\u00e1ch th\u1ee9c c\u1ee7a nh\u1eefng ng\u01b0\u1eddi l\u00e0m cha l\u00e0m m\u1eb9, l\u00e0 c\u1ea7n ph\u1ea3i bi\u1ebfn c\u00f4ng ngh\u1ec7 th\u00e0nh \u0111\u1ed3ng minh c\u1ee7a m\u00ecnh tr\u00ean h\u00e0nh tr\u00ecnh nu\u00f4i d\u1ea1y con &#8211; \u0111\u00f3 l\u00e0 l\u00fd do v\u00e0 \u0111\u1ed9ng l\u1ef1c \u0111\u1ec3 TOONBOOK ra \u0111\u1eddi.<\/p>\n<p>TOONBOOK v\u1eeba l\u00e0 m\u1ed9t th\u01b0\u01a1ng hi\u1ec7u xu\u1ea5t b\u1ea3n, v\u1eeba l\u00e0 m\u1ed9t \u1ee9ng d\u1ee5ng gi\u00e1o d\u1ee5c s\u1eed d\u1ee5ng c\u00f4ng ngh\u1ec7 th\u1ef1c t\u1ebf t\u0103ng c\u01b0\u1eddng AR \u0111\u1ec3 bi\u1ebfn nh\u1eefng c\u00e2u truy\u1ec7n trong s\u00e1ch tr\u1edf th\u00e0nh m\u1ed9t th\u01b0\u1edbc phim ho\u1ea1t h\u00ecnh v\u00f4 c\u00f9ng s\u1ed1ng \u0111\u1ed9ng v\u00e0 k\u1ef3 \u1ea3o. V\u1edbi TOONBOOK, con tr\u1ebb v\u1eeba \u0111\u1ecdc s\u00e1ch, v\u1eeba \u0111\u01b0\u1ee3c ch\u1ee9ng ki\u1ebfn t\u1eadn m\u1eaft m\u1ed9t th\u1ebf gi\u1edbi m\u00e0u nhi\u1ec7m t\u1eeb t\u1eeb hi\u1ec7n l\u00ean, ngay t\u1eeb trong trang s\u00e1ch. V\u00e0 \u0111i\u1ec1u tuy\u1ec7t v\u1eddi h\u01a1n n\u1eefa l\u00e0, c\u00f9ng v\u1edbi m\u1ed9t \u0111\u1ed9i ng\u0169 chuy\u00ean gia, TOONBOOK c\u00f2n t\u1ea1o ra c\u00e1c B\u00c0I T\u1eacP THU HO\u1ea0CH mang t\u00ednh gi\u00e1o d\u1ee5c cao t\u00edch h\u1ee3p ngay sau m\u1ed7i c\u00e2u chuy\u1ec7n, nh\u1eb1m gi\u00fap b\u00e9 th\u1ef1c h\u00e0nh ph\u00e1t tri\u1ec3n to\u00e0n di\u1ec7n c\u1ea3 ba kh\u00eda c\u1ea1nh: tr\u00ed th\u00f4ng minh (IQ), tr\u00ed tu\u1ec7 c\u1ea3m x\u00fac (EQ) v\u00e0 t\u01b0 duy s\u00e1ng t\u1ea1o (CQ).<\/p>\n","protected":false},"featured_media":6187,"template":"","meta":{"_acf_changed":false},"product_brand":[],"product_cat":[25,17,39,26],"product_tag":[],"class_list":{"0":"post-6195","1":"product","2":"type-product","3":"status-publish","4":"has-post-thumbnail","6":"product_cat-nhi-dong-6-tuoi-12-tuoi","7":"product_cat-sach-danh-cho-cac-be","8":"product_cat-sach-song-ngu-anh-viet","9":"product_cat-thieu-nien-11-tuoi-18-tuoi","11":"first","12":"outofstock","13":"taxable","14":"shipping-taxable","15":"purchasable","16":"product-type-simple"},"supplier_id":null,"supplier_sku":"","barcode":null,"atum_controlled":true,"out_stock_date":"2021-03-14 23:25:57","out_stock_threshold":null,"inheritable":false,"inbound_stock":0,"stock_on_hold":0,"sold_today":0,"sales_last_days":0,"reserved_stock":0,"customer_returns":0,"warehouse_damage":0,"lost_in_post":0,"other_logs":0,"out_stock_days":1780,"lost_sales":0,"has_location":false,"update_date":"2026-01-28T23:10:39","atum_locations":[],"atum_stock_status":"outofstock","restock_status":false,"low_stock_amount":"","sales_update_date":"2026-01-28T23:10:39","calc_backorders":null,"acf":{"publisher":{"ID":1785,"post_author":"1","post_date":"2021-02-17 01:54:46","post_date_gmt":"2021-02-16 23:54:46","post_content":"<!-- wp:flatsome\/uxbuilder -->\n<h1 style=\"text-align: center;\"><strong>AZ VIETNAM<\/strong><\/h1>\n[row]\n\n[col span=\"8\" span__sm=\"12\"]\n\n<p>Th\u00e0nh l\u1eadp n\u0103m: 2015<br \/>V\u1ed1n \u0111\u1ea7u t\u01b0: 4,000,000,000 \u0111\u1ed3ng<br \/><strong>L\u0129nh v\u1ef1c:<\/strong><br \/>- Xu\u1ea5t b\u1ea3n v\u00e0 ph\u00e1t h\u00e0nh v\u0103n h\u00f3a ph\u1ea9m<br \/>- Cung c\u1ea5p v\u0103n h\u00f3a ph\u1ea9m, c\u00e1c s\u1ea3n ph\u1ea9m cho in \u1ea5n, trang thi\u1ebft b\u1ecb cho c\u00e1c th\u01b0 vi\u1ec7n v\u00e0 trung t\u00e2m s\u00e1ch tr\u00ean c\u1ea3 n\u01b0\u1edbc.<br \/>- Th\u1eddi trang v\u00e0 c\u00e1c s\u1ea3n ph\u1ea9m li\u00ean quan \u0111\u1ebfn l\u0129nh v\u1ef1c th\u1eddi trang<br \/>- Xu\u1ea5t nh\u1eadp kh\u1ea9u c\u00e1c s\u1ea3n ph\u1ea9m v\u0103n h\u00f3a<\/p>\n<p><strong>Quy m\u00f4:<\/strong> 60 nh\u00e2n vi\u00ean<br \/>Kh\u1edfi ngu\u1ed3n c\u1ee7a AZ Vi\u1ec7t Nam ng\u00e0y nay l\u00e0 C\u00f4ng ty TNHH Trung t\u00e2m S\u00e1ch v\u00e0 Thi\u1ebft b\u1ecb Th\u01b0 vi\u1ec7n, v\u1edbi ho\u1ea1t \u0111\u1ed9ng \u0111\u1ea7u ti\u00ean l\u00e0 cung c\u1ea5p s\u00e1ch, trang thi\u1ebft b\u1ecb, v\u0103n h\u00f3a ph\u1ea9m cho c\u00e1c th\u01b0 vi\u1ec7n v\u00e0 trung t\u00e2m s\u00e1ch tr\u00ean c\u1ea3 n\u01b0\u1edbc. T\u1eeb cu\u1ed1i n\u0103m 2010 \u0111\u1ebfn nay, ch\u00fang t\u00f4i \u0111\u00e3 kh\u00f4ng ng\u1eebng n\u1ed7 l\u1ef1c khai ph\u00e1 v\u00e0 ph\u00e1t tri\u1ec3n c\u00e1c d\u00f2ng s\u1ea3n ph\u1ea9m m\u1edbi v\u1edbi 8 th\u01b0\u01a1ng hi\u1ec7u uy t\u00edn. \u0110\u1ec3 \u0111\u00e1p \u1ee9ng nhu c\u1ea7u ph\u00e1t tri\u1ec3n ng\u00e0y m\u1ed9t l\u1edbn m\u1ea1nh v\u00e0 t\u1eadp h\u1ee3p c\u00e1c th\u01b0\u01a1ng hi\u1ec7u \u0111\u00e3 \u0111\u01b0\u1ee3c ch\u00fang t\u00f4i x\u00e2y d\u1ef1ng, 2015 C\u00f4ng ty TNHH AZ Vi\u1ec7t Nam \u0111\u00e3 ra \u0111\u1eddi v\u1edbi s\u1ee9 m\u1ec7nh mang \u0111\u1ebfn nhi\u1ec1u h\u01a1n n\u1eefa nh\u1eefng gi\u00e1 tr\u1ecb tinh th\u1ea7n, tri th\u1ee9c ti\u00ean ti\u1ebfn cho ng\u01b0\u1eddi ti\u00eau d\u00f9ng b\u1eb1ng vi\u1ec7c cung c\u1ea5p nh\u1eefng s\u1ea3n ph\u1ea9m c\u00f3 ch\u1ea5t l\u01b0\u1ee3ng.<\/p>\n\n[\/col]\n[col span=\"4\" span__sm=\"12\"]\n\n[ux_image id=\"1836\" image_size=\"medium\"]\n\n\n[\/col]\n\n[\/row]\n\n<!-- \/wp:flatsome\/uxbuilder -->","post_title":"AZ Vi\u1ec7t Nam","post_excerpt":"","post_status":"publish","comment_status":"closed","ping_status":"closed","post_password":"","post_name":"az-viet-nam","to_ping":"","pinged":"","post_modified":"2021-02-17 22:07:10","post_modified_gmt":"2021-02-17 20:07:10","post_content_filtered":"","post_parent":0,"guid":"https:\/\/sachviet.eu\/nha-phat-hanh\/az-viet-nam\/","menu_order":0,"post_type":"publisher","post_mime_type":"","comment_count":"0","filter":"raw"}},"_links":{"self":[{"href":"https:\/\/sachviet.eu\/en\/wp-json\/wp\/v2\/product\/6195","targetHints":{"allow":["GET"]}}],"collection":[{"href":"https:\/\/sachviet.eu\/en\/wp-json\/wp\/v2\/product"}],"about":[{"href":"https:\/\/sachviet.eu\/en\/wp-json\/wp\/v2\/types\/product"}],"wp:featuredmedia":[{"embeddable":true,"href":"https:\/\/sachviet.eu\/en\/wp-json\/wp\/v2\/media\/6187"}],"wp:attachment":[{"href":"https:\/\/sachviet.eu\/en\/wp-json\/wp\/v2\/media?parent=6195"}],"wp:term":[{"taxonomy":"product_brand","embeddable":true,"href":"https:\/\/sachviet.eu\/en\/wp-json\/wp\/v2\/product_brand?post=6195"},{"taxonomy":"product_cat","embeddable":true,"href":"https:\/\/sachviet.eu\/en\/wp-json\/wp\/v2\/product_cat?post=6195"},{"taxonomy":"product_tag","embeddable":true,"href":"https:\/\/sachviet.eu\/en\/wp-json\/wp\/v2\/product_tag?post=6195"}],"curies":[{"name":"wp","href":"https:\/\/api.w.org\/{rel}","templated":true}]}}