{"id":6186,"date":"2021-03-15T01:25:24","date_gmt":"2021-03-14T23:25:24","guid":{"rendered":"https:\/\/sachviet.eu\/shop\/quen-mot-nguoi-la-chuyen-cua-thoi-gian\/"},"modified":"2021-05-18T00:01:14","modified_gmt":"2021-05-17T21:01:14","slug":"quen-mot-nguoi-la-chuyen-cua-thoi-gian","status":"publish","type":"product","link":"https:\/\/sachviet.eu\/en\/shop\/quen-mot-nguoi-la-chuyen-cua-thoi-gian\/","title":{"rendered":"Qu\u00ean M\u1ed9t Ng\u01b0\u1eddi L\u00e0 Chuy\u1ec7n C\u1ee7a Th\u1eddi Gian"},"content":{"rendered":"<p>Qu\u00ean M\u1ed9t Ng\u01b0\u1eddi L\u00e0 Chuy\u1ec7n C\u1ee7a Th\u1eddi Gian<\/p>\n<p>\u201cThanh xu\u00e2n nh\u01b0 m\u1ed9t t\u00e1ch c\u00e0 ph\u00ea phin, t\u1eebng ph\u00fat l\u1ea1i c\u00f3 m\u1ed9t gi\u1ecdt r\u01a1i xu\u1ed1ng ly, nh\u01b0ng cu\u1ed1i c\u00f9ng ta l\u1ea1i \u0111\u01b0\u1ee3c m\u1ed9t ly c\u00e0 ph\u00ea th\u01a1m ngon. C\u0169ng nh\u01b0 m\u1ed7i ng\u00e0y tu\u1ed5i xu\u00e2n s\u1ebd v\u01a1i d\u1ea7n \u0111i nh\u01b0ng cu\u1ed1i c\u00f9ng l\u1ea1i \u0111\u1ecdng l\u1ea1i th\u00e0nh m\u1ed9t h\u1ed3i \u1ee9c tuy\u1ec7t \u0111\u1eb9p.\u201d<\/p>\n<p>C\u00f3 l\u1ebd b\u1ea3n th\u00e2n b\u1ea1n, c\u0169ng \u0111\u00e3 t\u1eebng c\u00f3 m\u1ed9t th\u1eddi thanh xu\u00e2n n\u1ed3ng nhi\u1ec7t \u0111\u1ebfn th\u1ebf, kh\u00f4ng s\u1ee3 th\u1eddi gian tr\u00f4i qua v\u1ed9i, kh\u00f4ng s\u1ee3 g\u1eedi nh\u1ea7m t\u00ecnh \u0111\u01a1n ph\u01b0\u01a1ng, h\u1ebft l\u00f2ng v\u00ec m\u1ed9t n\u0103m th\u00e1ng kh\u00f3 quay tr\u1edf l\u1ea1i.<\/p>\n<p>C\u00f3 l\u1ebd b\u1ea3n th\u00e2n b\u1ea1n, c\u0169ng \u0111\u00e3 t\u1eebng h\u1ea1nh ph\u00fac, c\u0169ng t\u1eebng c\u00f4 \u0111\u01a1n c\u0169ng t\u1eebng rung \u0111\u1ed9ng, c\u0169ng t\u1eebng ch\u1ea1y tr\u1ed1n, c\u0169ng t\u1eebng mu\u1ed1n nh\u1edb, c\u0169ng t\u1eebng mu\u1ed1n qu\u00ean.<\/p>\n<p>C\u00f3 l\u1ebd b\u1ea3n th\u00e2n b\u1ea1n, c\u0169ng \u0111\u00e3 t\u1eebng c\u00f3 nh\u1eefng l\u1ea7m t\u01b0\u1edfng, nu\u1ed1i ti\u1ebfc, v\u1ee1 v\u1ee5n \u1edf nh\u1eefng n\u0103m th\u00e1ng r\u1ef1c r\u1ee1 \u1ea5y th\u1eadm ch\u00ed c\u00f3 c\u1ea3 nh\u1eefng c\u00e2u h\u1ecfi m\u00e3i m\u1eafc ngh\u1eb9n m\u00e0 ch\u1ec9 c\u00f3 th\u1eddi gian m\u1edbi c\u00f3 th\u1ec3 gi\u00fap b\u1ea1n \u0111i t\u00ecm c\u00e2u tr\u1ea3 l\u1eddi.<\/p>\n<p>Nh\u01b0ng cu\u1ed1i c\u00f9ng, h\u1ea1nh ph\u00fac n\u00e0o c\u0169ng c\u1ea7n \u0111\u01b0\u1ee3c gi\u1eef l\u1ea1i, t\u1ed5n th\u01b0\u01a1ng n\u00e0o c\u0169ng c\u1ea7n ph\u1ea3i k\u1ebft th\u00fac, r\u1ed1i ren n\u00e0o c\u0169ng c\u1ea7n \u0111\u01b0\u1ee3c g\u1ee1 b\u1ecf v\u00e0 &#8220;Qu\u00ean m\u1ed9t ng\u01b0\u1eddi l\u00e0 chuy\u1ec7n c\u1ee7a th\u1eddi gian&#8221; v\u1edbi nh\u1eefng c\u1ea3m x\u00fac l\u1eafng \u0111\u1ecdng, \u0111\u1ee7 chia s\u1ebb, \u0111\u1ee7 d\u1ecbu d\u00e0ng s\u1ebd c\u00f9ng b\u1ea1n \u0111i t\u00ecm \u0111\u00e1p \u00e1n.<\/p>\n<p>Qu\u00ean m\u1ed9t ng\u01b0\u1eddi l\u00e0 chuy\u1ec7n c\u1ee7a th\u1eddi gian &#8211; cu\u1ed1n s\u00e1ch nh\u1ecf l\u00e0 nh\u1eefng ghi ch\u00e9p x\u00fac c\u1ea3m c\u1ee7a a T\u00f2n &#8211; \u0111\u01b0\u1ee3c bi\u1ebft t\u1edbi b\u1edfi nh\u1eefng b\u00e0i vi\u1ebft ng\u1eafn nh\u01b0ng g\u1ea7n g\u0169i v\u00f4 c\u00f9ng v\u1ec1 t\u00e2m tr\u1ea1ng khi y\u00eau: rung \u0111\u1ed9ng, \u0111\u01a1n ph\u01b0\u01a1ng, h\u1ea1nh ph\u00fac, \u0111au kh\u1ed5 b\u1ecb t\u1eeb ch\u1ed1i, nh\u1edb th\u01b0\u01a1ng v\u00e0 r\u1ed3i \u0111\u1ee7 b\u00ecnh th\u1ea3n \u0111\u1ec3 qu\u00ean \u0111i.<\/p>\n<p>Qu\u00ean m\u1ed9t ng\u01b0\u1eddi l\u00e0 chuy\u1ec7n c\u1ee7a th\u1eddi gian, nh\u01b0ng \u0111\u00f4i khi c\u0169ng l\u00e0 t\u1ea1i l\u00f2ng ng\u01b0\u1eddi. Kh\u00f4ng mu\u1ed1n qu\u00ean, th\u00ec c\u00f3 qua bao n\u0103m tr\u00f4i \u0111i ng\u01b0\u1eddi ta v\u1eabn m\u00e3i \u00f4m trong m\u00ecnh v\u1ebft th\u01b0\u01a1ng c\u0169, kh\u00e1t v\u1ecdng c\u0169, th\u00e0nh ra l\u1ea1i ch\u1eb3ng \u0111\u1ee7 an l\u00f2ng v\u1edbi nh\u1eefng \u0111i\u1ec1u m\u00ecnh c\u00f3 \u1edf trong tay.<\/p>\n<p>Qu\u00ean m\u1ed9t ng\u01b0\u1eddi l\u00e0 chuy\u1ec7n c\u1ee7a th\u1eddi gian, h\u00e3y \u0111\u1ec3 cu\u1ed1n s\u00e1ch n\u00e0y l\u00e0 ng\u01b0\u1eddi b\u1ea1n kh\u00f4ng ph\u00e1n x\u00e9t l\u1eafng nghe v\u00e0 th\u1ea5m h\u1ebft m\u1ecdi n\u1ed7i bu\u1ed3n, n\u01b0\u1edbc m\u1eaft, y\u1ebfu \u0111u\u1ed1i trong b\u1ea1n.<\/p>\n<p>Qu\u00ean m\u1ed9t ng\u01b0\u1eddi l\u00e0 chuy\u1ec7n c\u1ee7a th\u1eddi gian, m\u1ed9t n\u0103m, hai th\u00e1ng, n\u0103m n\u0103m\u2026 ai m\u00e0 bi\u1ebft \u0111\u01b0\u1ee3c, nh\u01b0ng ch\u1ec9 c\u1ea7n b\u1ea1n bi\u1ebft quan tr\u1ecdng nh\u1ea5t l\u00e0 h\u1ea1nh ph\u00fac kh\u00f4ng gi\u1edbi h\u1ea1n trong m\u1ed9t m\u1ed1i t\u00ecnh, m\u1ed9t c\u00e1i t\u00ean hay m\u1ed9t \u0111o\u1ea1n k\u00fd \u1ee9c kh\u00f4ng mu\u1ed1n qu\u00ean. Ch\u1ec9 c\u1ea7n b\u1ea1n bi\u1ebft, b\u1edbt \u0111i m\u1ed9t ph\u1ea7n c\u1ed1 ch\u1ea5p, l\u00e0 th\u00eam m\u1ed9t ph\u1ea7n \u0111\u1ec3 b\u1ea1n \u0111\u01b0\u1ee3c y\u00eau th\u01b0\u01a1ng!<\/p>\n","protected":false},"excerpt":{"rendered":"<p>Qu\u00ean M\u1ed9t Ng\u01b0\u1eddi L\u00e0 Chuy\u1ec7n C\u1ee7a Th\u1eddi Gian<\/p>\n<p>\u201cThanh xu\u00e2n nh\u01b0 m\u1ed9t t\u00e1ch c\u00e0 ph\u00ea phin, t\u1eebng ph\u00fat l\u1ea1i c\u00f3 m\u1ed9t gi\u1ecdt r\u01a1i xu\u1ed1ng ly, nh\u01b0ng cu\u1ed1i c\u00f9ng ta l\u1ea1i \u0111\u01b0\u1ee3c m\u1ed9t ly c\u00e0 ph\u00ea th\u01a1m ngon. C\u0169ng nh\u01b0 m\u1ed7i ng\u00e0y tu\u1ed5i xu\u00e2n s\u1ebd v\u01a1i d\u1ea7n \u0111i nh\u01b0ng cu\u1ed1i c\u00f9ng l\u1ea1i \u0111\u1ecdng l\u1ea1i th\u00e0nh m\u1ed9t h\u1ed3i \u1ee9c tuy\u1ec7t \u0111\u1eb9p.\u201d<\/p>\n<p>C\u00f3 l\u1ebd b\u1ea3n th\u00e2n b\u1ea1n, c\u0169ng \u0111\u00e3 t\u1eebng c\u00f3 m\u1ed9t th\u1eddi thanh xu\u00e2n n\u1ed3ng nhi\u1ec7t \u0111\u1ebfn th\u1ebf, kh\u00f4ng s\u1ee3 th\u1eddi gian tr\u00f4i qua v\u1ed9i, kh\u00f4ng s\u1ee3 g\u1eedi nh\u1ea7m t\u00ecnh \u0111\u01a1n ph\u01b0\u01a1ng, h\u1ebft l\u00f2ng v\u00ec m\u1ed9t n\u0103m th\u00e1ng kh\u00f3 quay tr\u1edf l\u1ea1i.<\/p>\n<p>C\u00f3 l\u1ebd b\u1ea3n th\u00e2n b\u1ea1n, c\u0169ng \u0111\u00e3 t\u1eebng h\u1ea1nh ph\u00fac, c\u0169ng t\u1eebng c\u00f4 \u0111\u01a1n c\u0169ng t\u1eebng rung \u0111\u1ed9ng, c\u0169ng t\u1eebng ch\u1ea1y tr\u1ed1n, c\u0169ng t\u1eebng mu\u1ed1n nh\u1edb, c\u0169ng t\u1eebng mu\u1ed1n qu\u00ean.<\/p>\n<p>C\u00f3 l\u1ebd b\u1ea3n th\u00e2n b\u1ea1n, c\u0169ng \u0111\u00e3 t\u1eebng c\u00f3 nh\u1eefng l\u1ea7m t\u01b0\u1edfng, nu\u1ed1i ti\u1ebfc, v\u1ee1 v\u1ee5n \u1edf nh\u1eefng n\u0103m th\u00e1ng r\u1ef1c r\u1ee1 \u1ea5y th\u1eadm ch\u00ed c\u00f3 c\u1ea3 nh\u1eefng c\u00e2u h\u1ecfi m\u00e3i m\u1eafc ngh\u1eb9n m\u00e0 ch\u1ec9 c\u00f3 th\u1eddi gian m\u1edbi c\u00f3 th\u1ec3 gi\u00fap b\u1ea1n \u0111i t\u00ecm c\u00e2u tr\u1ea3 l\u1eddi.<\/p>\n<p>Nh\u01b0ng cu\u1ed1i c\u00f9ng, h\u1ea1nh ph\u00fac n\u00e0o c\u0169ng c\u1ea7n \u0111\u01b0\u1ee3c gi\u1eef l\u1ea1i, t\u1ed5n th\u01b0\u01a1ng n\u00e0o c\u0169ng c\u1ea7n ph\u1ea3i k\u1ebft th\u00fac, r\u1ed1i ren n\u00e0o c\u0169ng c\u1ea7n \u0111\u01b0\u1ee3c g\u1ee1 b\u1ecf v\u00e0 &#8220;Qu\u00ean m\u1ed9t ng\u01b0\u1eddi l\u00e0 chuy\u1ec7n c\u1ee7a th\u1eddi gian&#8221; v\u1edbi nh\u1eefng c\u1ea3m x\u00fac l\u1eafng \u0111\u1ecdng, \u0111\u1ee7 chia s\u1ebb, \u0111\u1ee7 d\u1ecbu d\u00e0ng s\u1ebd c\u00f9ng b\u1ea1n \u0111i t\u00ecm \u0111\u00e1p \u00e1n.<\/p>\n","protected":false},"featured_media":6185,"template":"","meta":{"_acf_changed":false},"product_brand":[],"product_cat":[15,47],"product_tag":[],"class_list":{"0":"post-6186","1":"product","2":"type-product","3":"status-publish","4":"has-post-thumbnail","6":"product_cat-sach-danh-cho-nguoi-lon","7":"product_cat-truyen-ngan-tan-van","9":"first","10":"outofstock","11":"taxable","12":"shipping-taxable","13":"purchasable","14":"product-type-simple"},"supplier_id":null,"supplier_sku":"","barcode":null,"atum_controlled":true,"out_stock_date":"2021-05-17 21:01:14","out_stock_threshold":null,"inheritable":false,"inbound_stock":0,"stock_on_hold":0,"sold_today":0,"sales_last_days":0,"reserved_stock":0,"customer_returns":0,"warehouse_damage":0,"lost_in_post":0,"other_logs":0,"out_stock_days":1717,"lost_sales":0,"has_location":false,"update_date":"2026-01-28T23:10:39","atum_locations":[],"atum_stock_status":"outofstock","restock_status":false,"low_stock_amount":"","sales_update_date":"2026-01-28T23:10:39","calc_backorders":null,"acf":{"publisher":{"ID":1460,"post_author":"1","post_date":"2021-02-17 01:12:24","post_date_gmt":"2021-02-16 23:12:24","post_content":"<!-- wp:flatsome\/uxbuilder -->\n<h1 style=\"text-align: center;\"><strong>Skybooks<\/strong><\/h1>\n[row]\n\n[col span=\"7\" span__sm=\"12\"]\n\n<p>C\u00f4ng ty ph\u00e1t h\u00e0nh s\u00e1ch Skybooks. \"T\u00f4i tr\u1ebb, t\u00f4i \u0111am m\u00ea\" v\u1edbi s\u1ee9 m\u1ec7nh lan to\u1ea3 c\u1ea3m x\u00fac v\u00e0 k\u1ebft n\u1ed1i t\u00e2m h\u1ed3n<\/p>\n<p><strong>Skybooks l\u00e0 c\u00e2u chuy\u1ec7n k\u1ec3 v\u1ec1:<\/strong><br \/>M\u1ed9t th\u1ebf h\u1ec7 ng\u01b0\u1eddi vi\u1ebft tr\u1ebb, \u0111am m\u00ea v\u0103n ch\u01b0\u01a1ng v\u00e0 t\u00f4n tr\u1ecdng, g\u00ecn gi\u1eef, s\u00e1ng t\u1ea1o Ti\u1ebfng Vi\u1ec7t. M\u1ed9t th\u1ebf h\u1ec7 \u0111\u1ed9c gi\u1ea3 tr\u1ebb, \u0111am m\u00ea kh\u00e1m ph\u00e1 ng\u00f4n ng\u1eef v\u00e0 say m\u00ea \u0111\u1ebfn v\u1edbi th\u1ebf gi\u1edbi c\u1ee7a nh\u1eefng quy\u1ec3n s\u00e1ch. M\u1ed9t th\u1ebf h\u1ec7 ng\u01b0\u1eddi l\u00e0m s\u00e1ch tr\u1ebb, \u0111am m\u00ea mang nh\u1eefng gi\u00e1 tr\u1ecb tinh th\u1ea7n l\u1ea1i g\u1ea7n ng\u01b0\u1eddi \u0111\u1ecdc.<br \/>Trong b\u1ed9 nh\u1eadn d\u1ea1ng th\u01b0\u01a1ng hi\u1ec7u:<br \/>Skybooks v\u1edbi ch\u1eef Sky m\u00e0u xanh da tr\u1eddi c\u00f3 \u00fd ngh\u0129a l\u00e0 c\u00f4ng ty B\u1ea7u Tr\u1eddi - n\u01a1i t\u1ea5t c\u1ea3 \u01b0\u1edbc m\u01a1 \u0111\u01b0\u1ee3c t\u1ef1 do tung c\u00e1nh.<br \/>V\u1edbi logo h\u00ecnh hoa b\u1ed3 c\u00f4ng anh \u0111ang bay t\u01b0\u1ee3ng tr\u01b0ng cho s\u1ef1 lan to\u1ea3 c\u1ea3m x\u00fac v\u00e0 kh\u00e1t v\u1ecdng bay cao.<br \/>K\u1ebb v\u1ea1ch logo c\u00f3 n\u1ec1n m\u00e0u ghi x\u00e1m xu\u1ea5t hi\u1ec7n tr\u00ean b\u00eca m\u1ecdi \u1ea5n ph\u1ea9m th\u1ec3 hi\u1ec7n con \u0111\u01b0\u1eddng b\u01b0\u1edbc v\u00e0o th\u1ecb tr\u01b0\u1eddng s\u00e1ch v\u00e0 chinh ph\u1ee5c \u0111\u1ed9c gi\u1ea3 l\u00e0 m\u1ed9t h\u00e0nh tr\u00ecnh d\u00e0i, \u0111\u1ea7y gian kh\u00f3, c\u00f3 nhi\u1ec1u b\u00e3o t\u1ed1, nh\u01b0ng ch\u1ec9 c\u1ea7n n\u1ed7 l\u1ef1c c\u1ed1 g\u1eafng nh\u1ea5t \u0111\u1ecbnh s\u1ebd ngo\u1ea1n m\u1ee5c v\u01b0\u1ee3t qua. \u0110\u1ec3 kh\u1eb3ng \u0111\u1ecbnh v\u00e0 ch\u1ee9ng minh ch\u00ednh m\u00ecnh!<\/p>\n\n[\/col]\n[col span=\"5\" span__sm=\"12\"]\n\n[ux_image id=\"1825\" image_size=\"medium\"]\n\n\n[\/col]\n\n[\/row]\n\n<!-- \/wp:flatsome\/uxbuilder -->","post_title":"Skybooks","post_excerpt":"","post_status":"publish","comment_status":"closed","ping_status":"closed","post_password":"","post_name":"skybooks","to_ping":"","pinged":"","post_modified":"2021-02-17 01:57:31","post_modified_gmt":"2021-02-16 23:57:31","post_content_filtered":"","post_parent":0,"guid":"https:\/\/sachviet.eu\/nha-phat-hanh\/skybooks\/","menu_order":0,"post_type":"publisher","post_mime_type":"","comment_count":"0","filter":"raw"}},"_links":{"self":[{"href":"https:\/\/sachviet.eu\/en\/wp-json\/wp\/v2\/product\/6186","targetHints":{"allow":["GET"]}}],"collection":[{"href":"https:\/\/sachviet.eu\/en\/wp-json\/wp\/v2\/product"}],"about":[{"href":"https:\/\/sachviet.eu\/en\/wp-json\/wp\/v2\/types\/product"}],"wp:featuredmedia":[{"embeddable":true,"href":"https:\/\/sachviet.eu\/en\/wp-json\/wp\/v2\/media\/6185"}],"wp:attachment":[{"href":"https:\/\/sachviet.eu\/en\/wp-json\/wp\/v2\/media?parent=6186"}],"wp:term":[{"taxonomy":"product_brand","embeddable":true,"href":"https:\/\/sachviet.eu\/en\/wp-json\/wp\/v2\/product_brand?post=6186"},{"taxonomy":"product_cat","embeddable":true,"href":"https:\/\/sachviet.eu\/en\/wp-json\/wp\/v2\/product_cat?post=6186"},{"taxonomy":"product_tag","embeddable":true,"href":"https:\/\/sachviet.eu\/en\/wp-json\/wp\/v2\/product_tag?post=6186"}],"curies":[{"name":"wp","href":"https:\/\/api.w.org\/{rel}","templated":true}]}}