{"id":6184,"date":"2021-03-15T01:25:17","date_gmt":"2021-03-14T23:25:17","guid":{"rendered":"https:\/\/sachviet.eu\/shop\/thuong-de-giau-dan-ong-tot-dau-ca-roi\/"},"modified":"2021-05-18T00:01:14","modified_gmt":"2021-05-17T21:01:14","slug":"thuong-de-giau-dan-ong-tot-dau-ca-roi","status":"publish","type":"product","link":"https:\/\/sachviet.eu\/en\/shop\/thuong-de-giau-dan-ong-tot-dau-ca-roi\/","title":{"rendered":"Th\u01b0\u1ee3ng \u0110\u1ebf Gi\u1ea5u \u0110\u00e0n \u00d4ng T\u1ed1t \u0110\u00e2u C\u1ea3 R\u1ed3i?"},"content":{"rendered":"<p>Khi th\u01b0\u1ee3ng \u0111\u1ebf ban ph\u00e1t l\u00f2ng chung thu\u1ef7 ph\u1ea7n l\u1edbn \u0111\u00e0n \u00f4ng che \u00f4 r\u1ed3i ph\u1ea3i kh\u00f4ng?<\/p>\n<p>G\u1ea7n \u0111\u00e2y, khi nh\u1eefng chuy\u1ec7n \u201cc\u1eafm s\u1eebng\u201d c\u1ee9 li\u00ean t\u1ee5c x\u1ea3y ra ngay tr\u01b0\u1edbc m\u1eaft, nh\u1eefng b\u00e0i vi\u1ebft \u201cstalk tuesday\u201d n\u1ed5i l\u00ean nh\u01b0 m\u1ed9t hi\u1ec7n t\u01b0\u1ee3ng m\u1ea1ng\u2026 Li\u1ec7u b\u1ea1n c\u00f3 t\u1eebng t\u1ef1 h\u1ecfi: \u201cTh\u01b0\u1ee3ng \u0111\u1ebf gi\u1ea5u \u0111\u00e0n \u00f4ng t\u1ed1t \u0111\u00e2u c\u1ea3 r\u1ed3i?\u201d<\/p>\n<p>Ph\u1ee5 n\u1eef cho d\u00f9 t\u00e0i gi\u1ecfi, xu\u1ea5t s\u1eafc \u0111\u1ebfn \u0111\u00e2u c\u0169ng ch\u01b0a ch\u1eafc \u0111\u00e3 tr\u00e1nh kh\u1ecfi v\u1ea5p ng\u00e3 trong t\u00ecnh y\u00eau, h\u00f4n nh\u00e2n. \u0110i\u1ec1u khi\u1ebfn ch\u00fang ta c\u00e0ng b\u1ea5t ng\u1edd h\u01a1n l\u00e0 r\u1ea5t nhi\u1ec1u anh ch\u1ed3ng c\u00f3 v\u1ee3 gi\u1ecfi giang, xinh \u0111\u1eb9p v\u1eabn \u0111i c\u1eb7p b\u1ed3 v\u1edbi nh\u1eefng c\u00f4 g\u00e1i thua k\u00e9m v\u1ee3 m\u00ecnh v\u1ec1 m\u1ecdi m\u1eb7t. Kh\u00f4ng ph\u1ea3i \u201cTuesday&#8221; hay \u201cTr\u00e0 Xanh&#8221; ng\u00e0y nay qu\u00e1 nguy hi\u1ec3m m\u00e0 th\u1eddi n\u00e0o c\u0169ng kh\u00f4ng thi\u1ebfu nh\u1eefng g\u00e3 \u0111\u00e0n \u00f4ng t\u1ed3i!<\/p>\n<p>Ch\u1eb3ng l\u1ebd \u0111\u00e0n \u00f4ng t\u1ed1t kh\u00f4ng c\u00f2n t\u1ed3n t\u1ea1i sao? Th\u01b0\u1ee3ng \u0111\u1ebf gi\u1ea5u \u0111\u00e0n \u00f4ng t\u1ed1t  \u0111\u00e2u c\u1ea3 r\u1ed3i? Kh\u00f4ng! Kh\u00f4ng! B\u1ea1n \u0111\u1eebng nh\u1ea7m l\u1eabn! S\u1ed1 \u0111\u00e0n \u00f4ng t\u1ed1t th\u1eadm ch\u00ed c\u00f2n nhi\u1ec1u g\u1ea5p b\u1ed9i, nh\u01b0ng \u0111\u00e0n \u00f4ng t\u1ed3i gi\u1ecfi ch\u1ee7 \u0111\u1ed9ng \u0111i kh\u1eafp n\u01a1i t\u00ecm ki\u1ebfm \u201ccon m\u1ed3i\u201d, khi\u1ebfn ch\u00fang ta l\u1ea7m t\u01b0\u1edfng ki\u1ec3u ng\u01b0\u1eddi n\u00e0y \u0111\u00f4ng nh\u01b0 ki\u1ebfn c\u1ecf.<\/p>\n<p>V\u1eady l\u00e0m sao \u0111\u1ec3 kh\u00f4ng g\u1eb7p ph\u1ea3i m\u1ed9t g\u00e3 t\u1ed3i? Th\u00f4ng minh, xinh \u0111\u1eb9p kh\u00f4ng b\u1eb1ng may m\u1eafn sao? Kh\u00f4ng c\u00f3 s\u1ef1 may m\u1eafn n\u00e0o \u1edf \u0111\u00e2y h\u1ebft! \u0110\u00e0n \u00f4ng \u0111\u1ebfn t\u1eeb Sao H\u1ecfa, ph\u1ee5 n\u1eef \u0111\u1ebfn t\u1eeb Sao Kim. Ph\u1ee5 n\u1eef th\u00edch \u0111\u01b0\u1ee3c tr\u00f2 chuy\u1ec7n, \u0111\u01b0\u1ee3c th\u01a1m l\u00ean m\u00e1, \u0111\u01b0\u1ee3c ch\u0103m s\u00f3c, \u0111\u01b0\u1ee3c y\u00eau chi\u1ec1u v\u00e0 c\u1ea3m th\u1ea5y an to\u00e0n,&#8230; \u0110\u00e0n \u00f4ng l\u1ea1i th\u00edch lao v\u00e0o c\u00f4ng vi\u1ec7c, th\u00edch c\u1ea1nh tranh, th\u00edch theo \u0111u\u1ed5i nh\u1eefng m\u1ee5c ti\u00eau, th\u00edch nh\u1eefng \u0111i\u1ec1u m\u1ea1o hi\u1ec3m, th\u00edch l\u00e0 ng\u01b0\u1eddi ra quy\u1ebft \u0111\u1ecbnh v\u00e0 \u0111\u00f4i khi c\u00f2n th\u00edch \u1edf m\u1ed9t m\u00ecnh,&#8230; C\u00e1ch t\u1ed1t nh\u1ea5t \u0111\u1ec3 c\u00f3 \u0111\u01b0\u1ee3c \u201cmay m\u1eafn\u201d ch\u00ednh l\u00e0 th\u1ea5u hi\u1ec3u nh\u1eefng kh\u00e1c bi\u1ec7t c\u1ee7a gi\u1edbi c\u00f2n l\u1ea1i!<\/p>\n<p>Cu\u1ed1n s\u00e1ch \u201cTh\u01b0\u1ee3ng \u0111\u1ebf gi\u1ea5u \u0111\u00e0n \u00f4ng t\u1ed1t \u0111\u00e2u c\u1ea3 r\u1ed3i?\u201d s\u1ebd gi\u00fap b\u1ea1n hi\u1ec3u \u0111\u01b0\u1ee3c:<\/p>\n<p>&#8211; T\u00e2m sinh l\u00fd hai gi\u1edbi kh\u00e1c nhau nh\u01b0 th\u1ebf n\u00e0o?<\/p>\n<p>&#8211; V\u00ec sao \u0111\u00e0n \u00f4ng l\u1ea1i hay ngo\u1ea1i t\u00ecnh?<\/p>\n<p>&#8211; B\u1ea1n c\u1ea7n bi\u1ebft nh\u1eefng g\u00ec \u0111\u1ec3 nh\u1eadn di\u1ec7n nh\u1eefng g\u00e3 \u0111\u00e0n \u00f4ng t\u1ed3i \u0111\u00f3.<\/p>\n<p>N\u1ebfu nh\u01b0 b\u1ea1n v\u1eabn \u0111ang loay hoay ch\u01b0a t\u00ecm \u0111\u01b0\u1ee3c ng\u01b0\u1eddi b\u1ea1n \u0111\u1eddi l\u00fd t\u01b0\u1edfng th\u00ec h\u00e3y xem nh\u1eefng ch\u1ec9 d\u1eabn trong cu\u1ed1n s\u00e1ch \u201cTh\u01b0\u1ee3ng \u0111\u1ebf gi\u1ea5u \u0111\u00e0n \u00f4ng t\u1ed1t \u0111\u00e2u c\u1ea3 r\u1ed3i?\u201d \u0111\u1ec3 tr\u1edf th\u00e0nh m\u1ed9t c\u00f4 g\u00e1i \u201ctrong m\u01a1 c\u1ee7a ph\u00e1i m\u1ea1nh\u201d v\u00e0 l\u1ef1a ch\u1ecdn \u0111\u01b0\u1ee3c ng\u01b0\u1eddi \u0111\u00e0n \u00f4ng nh\u01b0 \u00fd nh\u00e9. B\u1ea1n s\u1ebd tr\u1edf n\u00ean tuy\u1ec7t v\u1eddi v\u00e0 h\u1ea1nh ph\u00fac!<\/p>\n","protected":false},"excerpt":{"rendered":"<p>Khi th\u01b0\u1ee3ng \u0111\u1ebf ban ph\u00e1t l\u00f2ng chung thu\u1ef7 ph\u1ea7n l\u1edbn \u0111\u00e0n \u00f4ng che \u00f4 r\u1ed3i ph\u1ea3i kh\u00f4ng?<\/p>\n<p>G\u1ea7n \u0111\u00e2y, khi nh\u1eefng chuy\u1ec7n \u201cc\u1eafm s\u1eebng\u201d c\u1ee9 li\u00ean t\u1ee5c x\u1ea3y ra ngay tr\u01b0\u1edbc m\u1eaft, nh\u1eefng b\u00e0i vi\u1ebft \u201cstalk tuesday\u201d n\u1ed5i l\u00ean nh\u01b0 m\u1ed9t hi\u1ec7n t\u01b0\u1ee3ng m\u1ea1ng\u2026 Li\u1ec7u b\u1ea1n c\u00f3 t\u1eebng t\u1ef1 h\u1ecfi: \u201cTh\u01b0\u1ee3ng \u0111\u1ebf gi\u1ea5u \u0111\u00e0n \u00f4ng t\u1ed1t \u0111\u00e2u c\u1ea3 r\u1ed3i?\u201d<\/p>\n<p>Ph\u1ee5 n\u1eef cho d\u00f9 t\u00e0i gi\u1ecfi, xu\u1ea5t s\u1eafc \u0111\u1ebfn \u0111\u00e2u c\u0169ng ch\u01b0a ch\u1eafc \u0111\u00e3 tr\u00e1nh kh\u1ecfi v\u1ea5p ng\u00e3 trong t\u00ecnh y\u00eau, h\u00f4n nh\u00e2n. \u0110i\u1ec1u khi\u1ebfn ch\u00fang ta c\u00e0ng b\u1ea5t ng\u1edd h\u01a1n l\u00e0 r\u1ea5t nhi\u1ec1u anh ch\u1ed3ng c\u00f3 v\u1ee3 gi\u1ecfi giang, xinh \u0111\u1eb9p v\u1eabn \u0111i c\u1eb7p b\u1ed3 v\u1edbi nh\u1eefng c\u00f4 g\u00e1i thua k\u00e9m v\u1ee3 m\u00ecnh v\u1ec1 m\u1ecdi m\u1eb7t. Kh\u00f4ng ph\u1ea3i \u201cTuesday&#8221; hay \u201cTr\u00e0 Xanh&#8221; ng\u00e0y nay qu\u00e1 nguy hi\u1ec3m m\u00e0 th\u1eddi n\u00e0o c\u0169ng kh\u00f4ng thi\u1ebfu nh\u1eefng g\u00e3 \u0111\u00e0n \u00f4ng t\u1ed3i!<\/p>\n<p>Ch\u1eb3ng l\u1ebd \u0111\u00e0n \u00f4ng t\u1ed1t kh\u00f4ng c\u00f2n t\u1ed3n t\u1ea1i sao? Th\u01b0\u1ee3ng \u0111\u1ebf gi\u1ea5u \u0111\u00e0n \u00f4ng t\u1ed1t  \u0111\u00e2u c\u1ea3 r\u1ed3i? Kh\u00f4ng! Kh\u00f4ng! B\u1ea1n \u0111\u1eebng nh\u1ea7m l\u1eabn! S\u1ed1 \u0111\u00e0n \u00f4ng t\u1ed1t th\u1eadm ch\u00ed c\u00f2n nhi\u1ec1u g\u1ea5p b\u1ed9i, nh\u01b0ng \u0111\u00e0n \u00f4ng t\u1ed3i gi\u1ecfi ch\u1ee7 \u0111\u1ed9ng \u0111i kh\u1eafp n\u01a1i t\u00ecm ki\u1ebfm \u201ccon m\u1ed3i\u201d, khi\u1ebfn ch\u00fang ta l\u1ea7m t\u01b0\u1edfng ki\u1ec3u ng\u01b0\u1eddi n\u00e0y \u0111\u00f4ng nh\u01b0 ki\u1ebfn c\u1ecf.<\/p>\n<p>V\u1eady l\u00e0m sao \u0111\u1ec3 kh\u00f4ng g\u1eb7p ph\u1ea3i m\u1ed9t g\u00e3 t\u1ed3i? Th\u00f4ng minh, xinh \u0111\u1eb9p kh\u00f4ng b\u1eb1ng may m\u1eafn sao? Kh\u00f4ng c\u00f3 s\u1ef1 may m\u1eafn n\u00e0o \u1edf \u0111\u00e2y h\u1ebft! \u0110\u00e0n \u00f4ng \u0111\u1ebfn t\u1eeb Sao H\u1ecfa, ph\u1ee5 n\u1eef \u0111\u1ebfn t\u1eeb Sao Kim. Ph\u1ee5 n\u1eef th\u00edch \u0111\u01b0\u1ee3c tr\u00f2 chuy\u1ec7n, \u0111\u01b0\u1ee3c th\u01a1m l\u00ean m\u00e1, \u0111\u01b0\u1ee3c ch\u0103m s\u00f3c, \u0111\u01b0\u1ee3c y\u00eau chi\u1ec1u v\u00e0 c\u1ea3m th\u1ea5y an to\u00e0n,&#8230; \u0110\u00e0n \u00f4ng l\u1ea1i th\u00edch lao v\u00e0o c\u00f4ng vi\u1ec7c, th\u00edch c\u1ea1nh tranh, th\u00edch theo \u0111u\u1ed5i nh\u1eefng m\u1ee5c ti\u00eau, th\u00edch nh\u1eefng \u0111i\u1ec1u m\u1ea1o hi\u1ec3m, th\u00edch l\u00e0 ng\u01b0\u1eddi ra quy\u1ebft \u0111\u1ecbnh v\u00e0 \u0111\u00f4i khi c\u00f2n th\u00edch \u1edf m\u1ed9t m\u00ecnh,&#8230; C\u00e1ch t\u1ed1t nh\u1ea5t \u0111\u1ec3 c\u00f3 \u0111\u01b0\u1ee3c \u201cmay m\u1eafn\u201d ch\u00ednh l\u00e0 th\u1ea5u hi\u1ec3u nh\u1eefng kh\u00e1c bi\u1ec7t c\u1ee7a gi\u1edbi c\u00f2n l\u1ea1i!<\/p>\n","protected":false},"featured_media":6183,"template":"","meta":{"_acf_changed":false},"product_brand":[],"product_cat":[15,47],"product_tag":[],"class_list":{"0":"post-6184","1":"product","2":"type-product","3":"status-publish","4":"has-post-thumbnail","6":"product_cat-sach-danh-cho-nguoi-lon","7":"product_cat-truyen-ngan-tan-van","9":"first","10":"outofstock","11":"taxable","12":"shipping-taxable","13":"purchasable","14":"product-type-simple"},"supplier_id":null,"supplier_sku":"","barcode":null,"atum_controlled":true,"out_stock_date":"2021-05-17 21:01:14","out_stock_threshold":null,"inheritable":false,"inbound_stock":0,"stock_on_hold":0,"sold_today":0,"sales_last_days":0,"reserved_stock":0,"customer_returns":0,"warehouse_damage":0,"lost_in_post":0,"other_logs":0,"out_stock_days":1717,"lost_sales":0,"has_location":false,"update_date":"2026-01-28T23:10:39","atum_locations":[],"atum_stock_status":"outofstock","restock_status":false,"low_stock_amount":"","sales_update_date":"2026-01-28T23:10:39","calc_backorders":null,"acf":{"publisher":{"ID":1460,"post_author":"1","post_date":"2021-02-17 01:12:24","post_date_gmt":"2021-02-16 23:12:24","post_content":"<!-- wp:flatsome\/uxbuilder -->\n<h1 style=\"text-align: center;\"><strong>Skybooks<\/strong><\/h1>\n[row]\n\n[col span=\"7\" span__sm=\"12\"]\n\n<p>C\u00f4ng ty ph\u00e1t h\u00e0nh s\u00e1ch Skybooks. \"T\u00f4i tr\u1ebb, t\u00f4i \u0111am m\u00ea\" v\u1edbi s\u1ee9 m\u1ec7nh lan to\u1ea3 c\u1ea3m x\u00fac v\u00e0 k\u1ebft n\u1ed1i t\u00e2m h\u1ed3n<\/p>\n<p><strong>Skybooks l\u00e0 c\u00e2u chuy\u1ec7n k\u1ec3 v\u1ec1:<\/strong><br \/>M\u1ed9t th\u1ebf h\u1ec7 ng\u01b0\u1eddi vi\u1ebft tr\u1ebb, \u0111am m\u00ea v\u0103n ch\u01b0\u01a1ng v\u00e0 t\u00f4n tr\u1ecdng, g\u00ecn gi\u1eef, s\u00e1ng t\u1ea1o Ti\u1ebfng Vi\u1ec7t. M\u1ed9t th\u1ebf h\u1ec7 \u0111\u1ed9c gi\u1ea3 tr\u1ebb, \u0111am m\u00ea kh\u00e1m ph\u00e1 ng\u00f4n ng\u1eef v\u00e0 say m\u00ea \u0111\u1ebfn v\u1edbi th\u1ebf gi\u1edbi c\u1ee7a nh\u1eefng quy\u1ec3n s\u00e1ch. M\u1ed9t th\u1ebf h\u1ec7 ng\u01b0\u1eddi l\u00e0m s\u00e1ch tr\u1ebb, \u0111am m\u00ea mang nh\u1eefng gi\u00e1 tr\u1ecb tinh th\u1ea7n l\u1ea1i g\u1ea7n ng\u01b0\u1eddi \u0111\u1ecdc.<br \/>Trong b\u1ed9 nh\u1eadn d\u1ea1ng th\u01b0\u01a1ng hi\u1ec7u:<br \/>Skybooks v\u1edbi ch\u1eef Sky m\u00e0u xanh da tr\u1eddi c\u00f3 \u00fd ngh\u0129a l\u00e0 c\u00f4ng ty B\u1ea7u Tr\u1eddi - n\u01a1i t\u1ea5t c\u1ea3 \u01b0\u1edbc m\u01a1 \u0111\u01b0\u1ee3c t\u1ef1 do tung c\u00e1nh.<br \/>V\u1edbi logo h\u00ecnh hoa b\u1ed3 c\u00f4ng anh \u0111ang bay t\u01b0\u1ee3ng tr\u01b0ng cho s\u1ef1 lan to\u1ea3 c\u1ea3m x\u00fac v\u00e0 kh\u00e1t v\u1ecdng bay cao.<br \/>K\u1ebb v\u1ea1ch logo c\u00f3 n\u1ec1n m\u00e0u ghi x\u00e1m xu\u1ea5t hi\u1ec7n tr\u00ean b\u00eca m\u1ecdi \u1ea5n ph\u1ea9m th\u1ec3 hi\u1ec7n con \u0111\u01b0\u1eddng b\u01b0\u1edbc v\u00e0o th\u1ecb tr\u01b0\u1eddng s\u00e1ch v\u00e0 chinh ph\u1ee5c \u0111\u1ed9c gi\u1ea3 l\u00e0 m\u1ed9t h\u00e0nh tr\u00ecnh d\u00e0i, \u0111\u1ea7y gian kh\u00f3, c\u00f3 nhi\u1ec1u b\u00e3o t\u1ed1, nh\u01b0ng ch\u1ec9 c\u1ea7n n\u1ed7 l\u1ef1c c\u1ed1 g\u1eafng nh\u1ea5t \u0111\u1ecbnh s\u1ebd ngo\u1ea1n m\u1ee5c v\u01b0\u1ee3t qua. \u0110\u1ec3 kh\u1eb3ng \u0111\u1ecbnh v\u00e0 ch\u1ee9ng minh ch\u00ednh m\u00ecnh!<\/p>\n\n[\/col]\n[col span=\"5\" span__sm=\"12\"]\n\n[ux_image id=\"1825\" image_size=\"medium\"]\n\n\n[\/col]\n\n[\/row]\n\n<!-- \/wp:flatsome\/uxbuilder -->","post_title":"Skybooks","post_excerpt":"","post_status":"publish","comment_status":"closed","ping_status":"closed","post_password":"","post_name":"skybooks","to_ping":"","pinged":"","post_modified":"2021-02-17 01:57:31","post_modified_gmt":"2021-02-16 23:57:31","post_content_filtered":"","post_parent":0,"guid":"https:\/\/sachviet.eu\/nha-phat-hanh\/skybooks\/","menu_order":0,"post_type":"publisher","post_mime_type":"","comment_count":"0","filter":"raw"}},"_links":{"self":[{"href":"https:\/\/sachviet.eu\/en\/wp-json\/wp\/v2\/product\/6184","targetHints":{"allow":["GET"]}}],"collection":[{"href":"https:\/\/sachviet.eu\/en\/wp-json\/wp\/v2\/product"}],"about":[{"href":"https:\/\/sachviet.eu\/en\/wp-json\/wp\/v2\/types\/product"}],"wp:featuredmedia":[{"embeddable":true,"href":"https:\/\/sachviet.eu\/en\/wp-json\/wp\/v2\/media\/6183"}],"wp:attachment":[{"href":"https:\/\/sachviet.eu\/en\/wp-json\/wp\/v2\/media?parent=6184"}],"wp:term":[{"taxonomy":"product_brand","embeddable":true,"href":"https:\/\/sachviet.eu\/en\/wp-json\/wp\/v2\/product_brand?post=6184"},{"taxonomy":"product_cat","embeddable":true,"href":"https:\/\/sachviet.eu\/en\/wp-json\/wp\/v2\/product_cat?post=6184"},{"taxonomy":"product_tag","embeddable":true,"href":"https:\/\/sachviet.eu\/en\/wp-json\/wp\/v2\/product_tag?post=6184"}],"curies":[{"name":"wp","href":"https:\/\/api.w.org\/{rel}","templated":true}]}}