{"id":6182,"date":"2021-03-15T01:25:03","date_gmt":"2021-03-14T23:25:03","guid":{"rendered":"https:\/\/sachviet.eu\/shop\/binh-tinh-khi-e-manh-me-khi-yeu-all-the-rules-tai-ban-2020\/"},"modified":"2021-05-18T00:02:31","modified_gmt":"2021-05-17T21:02:31","slug":"binh-tinh-khi-e-manh-me-khi-yeu-all-the-rules-tai-ban-2020","status":"publish","type":"product","link":"https:\/\/sachviet.eu\/en\/shop\/binh-tinh-khi-e-manh-me-khi-yeu-all-the-rules-tai-ban-2020\/","title":{"rendered":"B\u00ecnh T\u0129nh Khi \u1ebe, M\u1ea1nh M\u1ebd Khi Y\u00eau &#8211; All The Rules &#8211; T\u00e1i B\u1ea3n 2020"},"content":{"rendered":"<p>TUY\u1ec6T CHI\u00caU THO\u00c1T \u1ebe CHO C\u00d4 N\u00c0NG L\u1eacN \u0110\u1eacN T\u00ccNH DUY\u00caN<\/p>\n<p>C\u1ee8 5 PH\u1ee4 N\u1eee M\u1ef8 H\u1ea0NH PH\u00daC TH\u00cc C\u00d3 2 NG\u01af\u1edcI \u00c1P D\u1ee4NG \u201cTHE RULES\u201d T\u1eea CU\u1ed0N S\u00c1CH N\u00c0Y!<br \/>\nCu\u1ed1n s\u00e1ch d\u00e0nh cho nh\u1eefng ng\u01b0\u1eddi \u201cl\u1eadn \u0111\u1eadn t\u00ecnh duy\u00ean\u201d , cho nh\u1eefng c\u00f4 g\u00e1i th\u1eadt s\u1ef1 ngh\u0129 m\u00ecnh x\u1ee9ng \u0111\u00e1ng v\u1edbi nh\u1eefng ng\u01b0\u1eddi \u0111\u00e0n \u00f4ng t\u1ed1t nh\u1ea5t, nh\u1eefng cu\u1ed9c t\u00ecnh \u0111\u00e1ng gi\u00e1 nh\u1ea5t, ch\u1ee9 kh\u00f4ng ch\u1ec9 l\u00e0 tho\u00e1ng qua! <\/p>\n<p>Ch\u00fang ta \u0111\u00e3 bao l\u1ea7n ph\u1ea3i t\u1ef1 h\u1ecfi: \u201cM\u00ecnh c\u0169ng \u0111\u00e2u \u0111\u1ebfn n\u1ed7i n\u00e0o m\u00e0 ch\u1eb3ng hi\u1ec3u sao \u0111\u1ebfn gi\u1edd v\u1eabn \u1ebf?\u201d<br \/>\nB\u1ea1n c\u00f3 c\u1ea3m th\u1ea5y vi\u1ec7c t\u00ecm ra ng\u01b0\u1eddi \u0111\u00e0n \u00f4ng ph\u00f9 h\u1ee3p v\u1edbi m\u00ecnh th\u1eadt l\u00e0 v\u00f4 v\u1ecdng?<br \/>\nT\u1ea1i sao b\u1ea1n \u0111\u00e3 c\u1ed1 g\u1eafng r\u1ea5t nhi\u1ec1u m\u00e0 v\u1eabn kh\u00f4ng \u0111\u01b0\u1ee3c anh ta \u0111\u00e1p l\u1ea1i?<br \/>\nHay th\u1eadm ch\u00ed b\u1ea1n \u0111\u00e3 t\u1eebng h\u00e9t l\u00ean: Sao \u0111\u00e0n \u00f4ng quanh m\u00ecnh to\u00e0n nh\u1eefng ng\u01b0\u1eddi kh\u00f4ng ra g\u00ec?<br \/>\n25 tu\u1ed5i, ch\u1eb3ng c\u00f3 g\u00ec trong tay, th\u00eam t\u00ecnh duy\u00ean l\u1eadn \u0111\u1eadn. H\u1eb3n \u0111\u00e3 c\u00f3 l\u00fac b\u1ea1n ngh\u0129 th\u00f4i ch\u1eb3ng c\u1ea7n g\u00ec, ch\u1ec9 c\u1ea7n s\u1ed1ng vui l\u00e0 \u0111\u1ee7 r\u1ed3i. Nh\u01b0ng n\u1ebfu c\u00f3 m\u1ed9t b\u00ed quy\u1ebft tho\u00e1t ki\u1ebfp \u1ebf, tho\u00e1t ki\u1ebfp duy\u00ean t\u1edbi duy\u00ean \u0111i, \u0111\u1ee9t g\u00e1nh gi\u1eefa \u0111\u01b0\u1eddng; n\u1ebfu c\u00f3 b\u1ed9 b\u00ed quy\u1ebft nh\u01b0 th\u1ebf th\u00ec t\u1ea1i sao l\u1ea1i kh\u00f4ng th\u1eed?<\/p>\n<p>B\u1ea1n c\u00f3 tin 5 ph\u1ee5 n\u1eef h\u1ea1nh ph\u00fac \u1edf M\u1ef9 th\u00ec c\u00f3 2 ph\u1ee5 n\u1eef xem cu\u1ed1n s\u00e1ch n\u00e0y l\u00e0 THE RULES \u2013 B\u1ed9 b\u00ed k\u00edp \u0111\u1ec3 t\u00ecm \u0111\u1ebfn ng\u01b0\u1eddi \u0111\u00e0n \u00f4ng nh\u01b0 \u00fd?  Tr\u1ecdn b\u1ed9 k\u00ed k\u00edp \u1ea5y \u0111\u01b0\u1ee3c bi\u00ean so\u1ea1n th\u00e0nh ti\u1ebfng Vi\u1ec7t v\u00e0 ch\u00ednh l\u00e0 b\u1ea3o b\u1ed1i b\u1ea1n c\u1ea7m tr\u00ean tay: \u201cB\u00ecnh t\u0129nh khi \u1ebe, m\u1ea1nh m\u1ebd khi Y\u00eau\u201d.<\/p>\n<p>C\u1ee9 ng\u1ed3i y\u00ean th\u00ec t\u00ecnh y\u00eau \u0111\u00edch th\u1ef1c s\u1ebd ch\u1eb3ng bao gi\u1edd g\u00f5 c\u1eeda, nh\u01b0ng c\u1ee9 \u0111u\u1ed5i theo th\u00ec t\u00ecnh y\u00eau c\u0169ng s\u1ebd ch\u1ea1y c\u00e0ng xa. T\u00ecnh y\u00eau kh\u00f4ng ph\u1ea3i m\u1ed9t tr\u00f2 may r\u1ee7i, \u0111\u1ec3 t\u00ecm v\u00e0 gi\u1eef \u0111\u01b0\u1ee3c n\u00f3, b\u1ea1n \u0111\u1ec1u c\u1ea7n nh\u1eefng chi\u1ebfn l\u01b0\u1ee3c th\u00f4ng minh: B\u00ed quy\u1ebft tuy\u1ec7t \u0111\u1ed1i v\u1ec1 lu\u1eadt 72h, nh\u1eefng cu\u1ed9c h\u1eb9n ng\u00e0y th\u1ee9 7, nh\u1eefng t\u1eeb ch\u1ed1i \u2013 ch\u1ea5p nh\u1eadn, c\u00e1ch b\u1ea1n c\u01b0\u1eddi \u2013 c\u00e1ch b\u1ea1n n\u00f3i; c\u00e1ch b\u1ea1n cho anh ta bi\u1ebft b\u1ea1n \u0111\u00e1ng gi\u00e1\u2026 T\u1ea5t c\u1ea3 t\u1ed3n t\u1ea1i trong cu\u1ed1n s\u00e1ch n\u00e0y. V\u00e0 vi\u1ec7c c\u1ee7a b\u1ea1n l\u00e0 TUY\u1ec6T \u0110\u1ed0I \u00e1p d\u1ee5ng n\u00f3 v\u00e0 c\u00f3 ng\u01b0\u1eddi \u0111\u00e0n \u00f4ng c\u1ee7a cu\u1ed9c \u0111\u1eddi m\u00ecnh\u2026 <\/p>\n<p>THE RULES t\u00e1i b\u1ea3n h\u00e0ng ch\u1ee5c l\u1ea7n, t\u1ea1o n\u00ean c\u1ea3 m\u1ed9t tr\u00e0o l\u01b0u s\u1ed1ng cho ph\u1ee5 n\u1eef M\u1ef9 v\u00e0 l\u1ea7n xu\u1ea5t b\u1ea3n \u1edf Viet Nam n\u00e0y, T\u1ee7 s\u00e1ch Qu\u00fd c\u00f4 hi v\u1ecdng s\u1ebd ch\u1ea1m tay \u0111\u01b0\u1ee3c th\u1eadt nhi\u1ec1u c\u00e1c b\u1ea1n n\u1eef Vi\u1ec7t, tr\u1edf th\u00e0nh b\u1ed9 c\u1ea9m nang \u1ee9ng x\u1eed ho\u00e0n h\u1ea3o nh\u01b0 cu\u1ed1n s\u00e1ch \u0111\u00e3 l\u00e0m \u0111\u01b0\u1ee3c \u1edf M\u1ef9.<br \/>\nL\u1eadn \u0111\u1eadn t\u00ecnh duy\u00ean v\u1ed1n l\u00e0 m\u1ed9t t\u1eeb kh\u00f4ng t\u1ed3n t\u1ea1i trong t\u1eeb \u0111i\u1ec3n nh\u1eefng c\u00f4 g\u00e1i bi\u1ebft \u0111\u1ebfn cu\u1ed1n s\u00e1ch n\u00e0y. V\u00e0 b\u1ea1n x\u1ee9ng \u0111\u00e1ng v\u1edbi t\u1ea5t c\u1ea3 nh\u1eefng \u0111i\u1ec1u t\u1ed1t \u0111\u1eb9p h\u01a1n m\u00e0 b\u1ea1n \u0111ang c\u00f3. <\/p>\n","protected":false},"excerpt":{"rendered":"<p>TUY\u1ec6T CHI\u00caU THO\u00c1T \u1ebe CHO C\u00d4 N\u00c0NG L\u1eacN \u0110\u1eacN T\u00ccNH DUY\u00caN<\/p>\n<p>C\u1ee8 5 PH\u1ee4 N\u1eee M\u1ef8 H\u1ea0NH PH\u00daC TH\u00cc C\u00d3 2 NG\u01af\u1edcI \u00c1P D\u1ee4NG \u201cTHE RULES\u201d T\u1eea CU\u1ed0N S\u00c1CH N\u00c0Y!<br \/>\nCu\u1ed1n s\u00e1ch d\u00e0nh cho nh\u1eefng ng\u01b0\u1eddi \u201cl\u1eadn \u0111\u1eadn t\u00ecnh duy\u00ean\u201d , cho nh\u1eefng c\u00f4 g\u00e1i th\u1eadt s\u1ef1 ngh\u0129 m\u00ecnh x\u1ee9ng \u0111\u00e1ng v\u1edbi nh\u1eefng ng\u01b0\u1eddi \u0111\u00e0n \u00f4ng t\u1ed1t nh\u1ea5t, nh\u1eefng cu\u1ed9c t\u00ecnh \u0111\u00e1ng gi\u00e1 nh\u1ea5t, ch\u1ee9 kh\u00f4ng ch\u1ec9 l\u00e0 tho\u00e1ng qua! <\/p>\n<p>Ch\u00fang ta \u0111\u00e3 bao l\u1ea7n ph\u1ea3i t\u1ef1 h\u1ecfi: \u201cM\u00ecnh c\u0169ng \u0111\u00e2u \u0111\u1ebfn n\u1ed7i n\u00e0o m\u00e0 ch\u1eb3ng hi\u1ec3u sao \u0111\u1ebfn gi\u1edd v\u1eabn \u1ebf?\u201d<br \/>\nB\u1ea1n c\u00f3 c\u1ea3m th\u1ea5y vi\u1ec7c t\u00ecm ra ng\u01b0\u1eddi \u0111\u00e0n \u00f4ng ph\u00f9 h\u1ee3p v\u1edbi m\u00ecnh th\u1eadt l\u00e0 v\u00f4 v\u1ecdng?<br \/>\nT\u1ea1i sao b\u1ea1n \u0111\u00e3 c\u1ed1 g\u1eafng r\u1ea5t nhi\u1ec1u m\u00e0 v\u1eabn kh\u00f4ng \u0111\u01b0\u1ee3c anh ta \u0111\u00e1p l\u1ea1i?<br \/>\nHay th\u1eadm ch\u00ed b\u1ea1n \u0111\u00e3 t\u1eebng h\u00e9t l\u00ean: Sao \u0111\u00e0n \u00f4ng quanh m\u00ecnh to\u00e0n nh\u1eefng ng\u01b0\u1eddi kh\u00f4ng ra g\u00ec?<br \/>\n25 tu\u1ed5i, ch\u1eb3ng c\u00f3 g\u00ec trong tay, th\u00eam t\u00ecnh duy\u00ean l\u1eadn \u0111\u1eadn. H\u1eb3n \u0111\u00e3 c\u00f3 l\u00fac b\u1ea1n ngh\u0129 th\u00f4i ch\u1eb3ng c\u1ea7n g\u00ec, ch\u1ec9 c\u1ea7n s\u1ed1ng vui l\u00e0 \u0111\u1ee7 r\u1ed3i. Nh\u01b0ng n\u1ebfu c\u00f3 m\u1ed9t b\u00ed quy\u1ebft tho\u00e1t ki\u1ebfp \u1ebf, tho\u00e1t ki\u1ebfp duy\u00ean t\u1edbi duy\u00ean \u0111i, \u0111\u1ee9t g\u00e1nh gi\u1eefa \u0111\u01b0\u1eddng; n\u1ebfu c\u00f3 b\u1ed9 b\u00ed quy\u1ebft nh\u01b0 th\u1ebf th\u00ec t\u1ea1i sao l\u1ea1i kh\u00f4ng th\u1eed?<\/p>\n<p>B\u1ea1n c\u00f3 tin 5 ph\u1ee5 n\u1eef h\u1ea1nh ph\u00fac \u1edf M\u1ef9 th\u00ec c\u00f3 2 ph\u1ee5 n\u1eef xem cu\u1ed1n s\u00e1ch n\u00e0y l\u00e0 THE RULES \u2013 B\u1ed9 b\u00ed k\u00edp \u0111\u1ec3 t\u00ecm \u0111\u1ebfn ng\u01b0\u1eddi \u0111\u00e0n \u00f4ng nh\u01b0 \u00fd?  Tr\u1ecdn b\u1ed9 k\u00ed k\u00edp \u1ea5y \u0111\u01b0\u1ee3c bi\u00ean so\u1ea1n th\u00e0nh ti\u1ebfng Vi\u1ec7t v\u00e0 ch\u00ednh l\u00e0 b\u1ea3o b\u1ed1i b\u1ea1n c\u1ea7m tr\u00ean tay: \u201cB\u00ecnh t\u0129nh khi \u1ebe, m\u1ea1nh m\u1ebd khi Y\u00eau\u201d.<\/p>\n","protected":false},"featured_media":6174,"template":"","meta":{"_acf_changed":false},"product_brand":[],"product_cat":[15,46],"product_tag":[],"class_list":{"0":"post-6182","1":"product","2":"type-product","3":"status-publish","4":"has-post-thumbnail","6":"product_cat-sach-danh-cho-nguoi-lon","7":"product_cat-ky-nang-song","9":"first","10":"outofstock","11":"taxable","12":"shipping-taxable","13":"purchasable","14":"product-type-simple"},"supplier_id":null,"supplier_sku":"","barcode":null,"atum_controlled":true,"out_stock_date":"2021-05-17 21:01:14","out_stock_threshold":null,"inheritable":false,"inbound_stock":0,"stock_on_hold":0,"sold_today":0,"sales_last_days":0,"reserved_stock":0,"customer_returns":0,"warehouse_damage":0,"lost_in_post":0,"other_logs":0,"out_stock_days":1717,"lost_sales":0,"has_location":false,"update_date":"2026-01-28T23:10:39","atum_locations":[],"atum_stock_status":"outofstock","restock_status":false,"low_stock_amount":"","sales_update_date":"2026-01-28T23:10:39","calc_backorders":null,"acf":{"publisher":{"ID":1460,"post_author":"1","post_date":"2021-02-17 01:12:24","post_date_gmt":"2021-02-16 23:12:24","post_content":"<!-- wp:flatsome\/uxbuilder -->\n<h1 style=\"text-align: center;\"><strong>Skybooks<\/strong><\/h1>\n[row]\n\n[col span=\"7\" span__sm=\"12\"]\n\n<p>C\u00f4ng ty ph\u00e1t h\u00e0nh s\u00e1ch Skybooks. \"T\u00f4i tr\u1ebb, t\u00f4i \u0111am m\u00ea\" v\u1edbi s\u1ee9 m\u1ec7nh lan to\u1ea3 c\u1ea3m x\u00fac v\u00e0 k\u1ebft n\u1ed1i t\u00e2m h\u1ed3n<\/p>\n<p><strong>Skybooks l\u00e0 c\u00e2u chuy\u1ec7n k\u1ec3 v\u1ec1:<\/strong><br \/>M\u1ed9t th\u1ebf h\u1ec7 ng\u01b0\u1eddi vi\u1ebft tr\u1ebb, \u0111am m\u00ea v\u0103n ch\u01b0\u01a1ng v\u00e0 t\u00f4n tr\u1ecdng, g\u00ecn gi\u1eef, s\u00e1ng t\u1ea1o Ti\u1ebfng Vi\u1ec7t. M\u1ed9t th\u1ebf h\u1ec7 \u0111\u1ed9c gi\u1ea3 tr\u1ebb, \u0111am m\u00ea kh\u00e1m ph\u00e1 ng\u00f4n ng\u1eef v\u00e0 say m\u00ea \u0111\u1ebfn v\u1edbi th\u1ebf gi\u1edbi c\u1ee7a nh\u1eefng quy\u1ec3n s\u00e1ch. M\u1ed9t th\u1ebf h\u1ec7 ng\u01b0\u1eddi l\u00e0m s\u00e1ch tr\u1ebb, \u0111am m\u00ea mang nh\u1eefng gi\u00e1 tr\u1ecb tinh th\u1ea7n l\u1ea1i g\u1ea7n ng\u01b0\u1eddi \u0111\u1ecdc.<br \/>Trong b\u1ed9 nh\u1eadn d\u1ea1ng th\u01b0\u01a1ng hi\u1ec7u:<br \/>Skybooks v\u1edbi ch\u1eef Sky m\u00e0u xanh da tr\u1eddi c\u00f3 \u00fd ngh\u0129a l\u00e0 c\u00f4ng ty B\u1ea7u Tr\u1eddi - n\u01a1i t\u1ea5t c\u1ea3 \u01b0\u1edbc m\u01a1 \u0111\u01b0\u1ee3c t\u1ef1 do tung c\u00e1nh.<br \/>V\u1edbi logo h\u00ecnh hoa b\u1ed3 c\u00f4ng anh \u0111ang bay t\u01b0\u1ee3ng tr\u01b0ng cho s\u1ef1 lan to\u1ea3 c\u1ea3m x\u00fac v\u00e0 kh\u00e1t v\u1ecdng bay cao.<br \/>K\u1ebb v\u1ea1ch logo c\u00f3 n\u1ec1n m\u00e0u ghi x\u00e1m xu\u1ea5t hi\u1ec7n tr\u00ean b\u00eca m\u1ecdi \u1ea5n ph\u1ea9m th\u1ec3 hi\u1ec7n con \u0111\u01b0\u1eddng b\u01b0\u1edbc v\u00e0o th\u1ecb tr\u01b0\u1eddng s\u00e1ch v\u00e0 chinh ph\u1ee5c \u0111\u1ed9c gi\u1ea3 l\u00e0 m\u1ed9t h\u00e0nh tr\u00ecnh d\u00e0i, \u0111\u1ea7y gian kh\u00f3, c\u00f3 nhi\u1ec1u b\u00e3o t\u1ed1, nh\u01b0ng ch\u1ec9 c\u1ea7n n\u1ed7 l\u1ef1c c\u1ed1 g\u1eafng nh\u1ea5t \u0111\u1ecbnh s\u1ebd ngo\u1ea1n m\u1ee5c v\u01b0\u1ee3t qua. \u0110\u1ec3 kh\u1eb3ng \u0111\u1ecbnh v\u00e0 ch\u1ee9ng minh ch\u00ednh m\u00ecnh!<\/p>\n\n[\/col]\n[col span=\"5\" span__sm=\"12\"]\n\n[ux_image id=\"1825\" image_size=\"medium\"]\n\n\n[\/col]\n\n[\/row]\n\n<!-- \/wp:flatsome\/uxbuilder -->","post_title":"Skybooks","post_excerpt":"","post_status":"publish","comment_status":"closed","ping_status":"closed","post_password":"","post_name":"skybooks","to_ping":"","pinged":"","post_modified":"2021-02-17 01:57:31","post_modified_gmt":"2021-02-16 23:57:31","post_content_filtered":"","post_parent":0,"guid":"https:\/\/sachviet.eu\/nha-phat-hanh\/skybooks\/","menu_order":0,"post_type":"publisher","post_mime_type":"","comment_count":"0","filter":"raw"}},"_links":{"self":[{"href":"https:\/\/sachviet.eu\/en\/wp-json\/wp\/v2\/product\/6182","targetHints":{"allow":["GET"]}}],"collection":[{"href":"https:\/\/sachviet.eu\/en\/wp-json\/wp\/v2\/product"}],"about":[{"href":"https:\/\/sachviet.eu\/en\/wp-json\/wp\/v2\/types\/product"}],"wp:featuredmedia":[{"embeddable":true,"href":"https:\/\/sachviet.eu\/en\/wp-json\/wp\/v2\/media\/6174"}],"wp:attachment":[{"href":"https:\/\/sachviet.eu\/en\/wp-json\/wp\/v2\/media?parent=6182"}],"wp:term":[{"taxonomy":"product_brand","embeddable":true,"href":"https:\/\/sachviet.eu\/en\/wp-json\/wp\/v2\/product_brand?post=6182"},{"taxonomy":"product_cat","embeddable":true,"href":"https:\/\/sachviet.eu\/en\/wp-json\/wp\/v2\/product_cat?post=6182"},{"taxonomy":"product_tag","embeddable":true,"href":"https:\/\/sachviet.eu\/en\/wp-json\/wp\/v2\/product_tag?post=6182"}],"curies":[{"name":"wp","href":"https:\/\/api.w.org\/{rel}","templated":true}]}}