{"id":6173,"date":"2021-03-15T01:24:35","date_gmt":"2021-03-14T23:24:35","guid":{"rendered":"https:\/\/sachviet.eu\/shop\/minh-la-ca-viec-cua-minh-la-boi-tai-ban-2020\/"},"modified":"2022-06-02T17:32:19","modified_gmt":"2022-06-02T14:32:19","slug":"minh-la-ca-viec-cua-minh-la-boi-tai-ban-2020","status":"publish","type":"product","link":"https:\/\/sachviet.eu\/en\/shop\/minh-la-ca-viec-cua-minh-la-boi-tai-ban-2020\/","title":{"rendered":"M\u00ecnh L\u00e0 C\u00e1, Vi\u1ec7c C\u1ee7a M\u00ecnh L\u00e0 B\u01a1i (T\u00e1i B\u1ea3n 2020)"},"content":{"rendered":"<p>M\u00ecnh L\u00e0 C\u00e1, Vi\u1ec7c C\u1ee7a M\u00ecnh L\u00e0 B\u01a1i<\/p>\n<p>\u0110\u00e3 bao nhi\u00eau l\u1ea7n b\u1ea1n t\u1ef1 h\u1ecfi v\u1ec1 s\u1ef1 t\u1ed3n t\u1ea1i c\u1ee7a b\u1ea3n th\u00e2n tr\u00ean th\u1ebf gi\u1edbi n\u00e0y? \u0110\u00e3 bao nhi\u00eau l\u1ea7n b\u1ea1n th\u1ea5y m\u00ecnh ch\u00ecm trong nh\u1eefng \u00fd ngh\u0129 t\u00edch c\u1ef1c nh\u1ea5t. \u0110\u00e3 bao nhi\u00eau l\u1ea7n b\u1ea1n b\u1ecf l\u1ee1 c\u01a1 h\u1ed9i \u0111\u00e1ng l\u1ebd thu\u1ed9c v\u1ec1 b\u1ea1n?<\/p>\n<p>M\u1ed9t cu\u1ed1n s\u00e1ch hay kh\u00f4ng ch\u1ec9 l\u00e0 cu\u1ed1n s\u00e1ch khi\u1ebfn b\u1ea1n nh\u00ecn th\u1ea5y ch\u00ednh b\u1ea3n th\u00e2n m\u00ecnh trong \u0111\u00f3 m\u00e0 c\u00f2n l\u00e0 m\u1ed9t cu\u1ed1n s\u00e1ch gi\u00fap b\u1ea1n tr\u1edf n\u00ean t\u1ed1t h\u01a1n. \u0110\u00e2u \u0111\u00f3 \u0111\u00e3 c\u00f3 ng\u01b0\u1eddi n\u00f3i r\u1eb1ng, n\u1ebfu \u0111i\u1ec1u g\u00ec khi\u1ebfn b\u1ea1n vui v\u1ebb nh\u01b0ng kh\u00f4ng khi\u1ebfn b\u1ea1n t\u1ed1t l\u00ean, h\u00e3y t\u1eeb b\u1ecf n\u00f3.<\/p>\n<p>\u201cM\u00ecnh l\u00e0 c\u00e1, vi\u1ec7c c\u1ee7a m\u00ecnh l\u00e0 b\u01a1i\u201d s\u1ebd khi\u1ebfn b\u1ea1n th\u1ea5y r\u1eb1ng:<\/p>\n<p>&#8211; T\u1ef1 \u0111\u00e0y \u0111\u1ecda b\u1ea3n th\u00e2n b\u1eb1ng nh\u1eefng \u00fd ngh\u0129 ti\u00eau c\u1ef1c ch\u1ec9 khi\u1ebfn b\u1ea1n r\u00fat ng\u1eafn th\u1eddi gian c\u1ee7a nh\u1eefng th\u00e1ng ng\u00e0y vui v\u1ebb.<\/p>\n<p>&#8211; Mu\u1ed1n y\u00eau cu\u1ed9c s\u1ed1ng n\u00e0y, tr\u01b0\u1edbc h\u1ebft c\u1ea7n bi\u1ebft ch\u1ea5p nh\u1eadn b\u1ea3n th\u00e2n v\u00e0 y\u00eau ch\u00ednh m\u00ecnh \u0111\u00e3.<\/p>\n<p>&#8211; Cu\u1ed9c s\u1ed1ng ng\u1eafn ng\u1ee7i l\u1eafm, ch\u1edbp m\u1eaft m\u1ed9t c\u00e1i l\u00e0 b\u1ea1n \u0111\u00e3 th\u00eam m\u1ed9t tu\u1ed5i. V\u1eady th\u00ec \u0111\u1eebng l\u00e3ng ph\u00ed c\u01a1 h\u1ed9i l\u00e0m \u0111i\u1ec1u m\u00ecnh mu\u1ed1n.<\/p>\n<p>&#8211; H\u00e3y s\u1ed1ng nh\u01b0 m\u1ed9t ch\u00fa c\u00e1, b\u01a1i h\u1ebft m\u00ecnh, c\u1ed1 g\u1eafng h\u1ebft s\u1ee9c d\u00f9 cho ng\u00e0y mai c\u00f3 ra sao \u0111i n\u1eefa.<\/p>\n<p>&#8211; Ch\u1ec9 c\u1ea7n l\u00e0 m\u1ed9t h\u1ea1t gi\u1ed1ng m\u1ea1nh m\u1ebd, b\u1ea1n s\u1ebd tr\u1edf th\u00e0nh m\u1ed9t c\u00e2y c\u1ed5 th\u1ee5.<\/p>\n<p>Cu\u1ed9c s\u1ed1ng hi\u1ec7n \u0111\u1ea1i v\u1ed1n ch\u1ee9a \u0111\u1ef1ng v\u00f4 v\u00e0n nh\u1eefng \u0111i\u1ec1u ph\u1ee9c t\u1ea1p, \u0111\u1eebng gi\u0103ng m\u1eafc th\u00eam nh\u1eefng \u201cc\u00e1i b\u1eaby\u201d cho ch\u00ednh b\u1ea3n th\u00e2n b\u1eb1ng nh\u1eefng suy ngh\u0129 ti\u00eau c\u1ef1c. H\u00e3y t\u1eadp trung v\u00e0o vi\u1ec7c m\u00ecnh c\u00f3 th\u1ec3 l\u00e0m \u0111\u01b0\u1ee3c v\u00e0 l\u00e0m t\u1ed1t c\u00f4ng vi\u1ec7c \u1ea5y.<\/p>\n<p>Cu\u1ed9c \u0111\u1eddi kh\u00f4ng bao gi\u1edd cho ch\u00fang ta nh\u1eefng th\u1eed th\u00e1ch m\u00e0 con ng\u01b0\u1eddi kh\u00f4ng th\u1ec3 v\u01b0\u1ee3t qua \u0111\u01b0\u1ee3c. Tr\u00e1i tim con ng\u01b0\u1eddi v\u1ed1n l\u00e0 t\u1ea1o v\u1eadt m\u1ea1nh m\u1ebd nh\u1ea5t, ch\u1ec9 c\u1ea7n b\u1ea1n lu\u00f4n ghi nh\u1edb \u0111i\u1ec1u \u0111\u00f3.<\/p>\n","protected":false},"excerpt":{"rendered":"<p>M\u00ecnh L\u00e0 C\u00e1, Vi\u1ec7c C\u1ee7a M\u00ecnh L\u00e0 B\u01a1i<\/p>\n<p>\u0110\u00e3 bao nhi\u00eau l\u1ea7n b\u1ea1n t\u1ef1 h\u1ecfi v\u1ec1 s\u1ef1 t\u1ed3n t\u1ea1i c\u1ee7a b\u1ea3n th\u00e2n tr\u00ean th\u1ebf gi\u1edbi n\u00e0y? \u0110\u00e3 bao nhi\u00eau l\u1ea7n b\u1ea1n th\u1ea5y m\u00ecnh ch\u00ecm trong nh\u1eefng \u00fd ngh\u0129 t\u00edch c\u1ef1c nh\u1ea5t. \u0110\u00e3 bao nhi\u00eau l\u1ea7n b\u1ea1n b\u1ecf l\u1ee1 c\u01a1 h\u1ed9i \u0111\u00e1ng l\u1ebd thu\u1ed9c v\u1ec1 b\u1ea1n?<\/p>\n<p>M\u1ed9t cu\u1ed1n s\u00e1ch hay kh\u00f4ng ch\u1ec9 l\u00e0 cu\u1ed1n s\u00e1ch khi\u1ebfn b\u1ea1n nh\u00ecn th\u1ea5y ch\u00ednh b\u1ea3n th\u00e2n m\u00ecnh trong \u0111\u00f3 m\u00e0 c\u00f2n l\u00e0 m\u1ed9t cu\u1ed1n s\u00e1ch gi\u00fap b\u1ea1n tr\u1edf n\u00ean t\u1ed1t h\u01a1n. \u0110\u00e2u \u0111\u00f3 \u0111\u00e3 c\u00f3 ng\u01b0\u1eddi n\u00f3i r\u1eb1ng, n\u1ebfu \u0111i\u1ec1u g\u00ec khi\u1ebfn b\u1ea1n vui v\u1ebb nh\u01b0ng kh\u00f4ng khi\u1ebfn b\u1ea1n t\u1ed1t l\u00ean, h\u00e3y t\u1eeb b\u1ecf n\u00f3.<\/p>\n<p>\u201cM\u00ecnh l\u00e0 c\u00e1, vi\u1ec7c c\u1ee7a m\u00ecnh l\u00e0 b\u01a1i\u201d s\u1ebd khi\u1ebfn b\u1ea1n th\u1ea5y r\u1eb1ng:<\/p>\n<p>&#8211; T\u1ef1 \u0111\u00e0y \u0111\u1ecda b\u1ea3n th\u00e2n b\u1eb1ng nh\u1eefng \u00fd ngh\u0129 ti\u00eau c\u1ef1c ch\u1ec9 khi\u1ebfn b\u1ea1n r\u00fat ng\u1eafn th\u1eddi gian c\u1ee7a nh\u1eefng th\u00e1ng ng\u00e0y vui v\u1ebb.<\/p>\n<p>&#8211; Mu\u1ed1n y\u00eau cu\u1ed9c s\u1ed1ng n\u00e0y, tr\u01b0\u1edbc h\u1ebft c\u1ea7n bi\u1ebft ch\u1ea5p nh\u1eadn b\u1ea3n th\u00e2n v\u00e0 y\u00eau ch\u00ednh m\u00ecnh \u0111\u00e3.<\/p>\n<p>&#8211; Cu\u1ed9c s\u1ed1ng ng\u1eafn ng\u1ee7i l\u1eafm, ch\u1edbp m\u1eaft m\u1ed9t c\u00e1i l\u00e0 b\u1ea1n \u0111\u00e3 th\u00eam m\u1ed9t tu\u1ed5i. V\u1eady th\u00ec \u0111\u1eebng l\u00e3ng ph\u00ed c\u01a1 h\u1ed9i l\u00e0m \u0111i\u1ec1u m\u00ecnh mu\u1ed1n.<\/p>\n<p>&#8211; H\u00e3y s\u1ed1ng nh\u01b0 m\u1ed9t ch\u00fa c\u00e1, b\u01a1i h\u1ebft m\u00ecnh, c\u1ed1 g\u1eafng h\u1ebft s\u1ee9c d\u00f9 cho ng\u00e0y mai c\u00f3 ra sao \u0111i n\u1eefa.<\/p>\n<p>&#8211; Ch\u1ec9 c\u1ea7n l\u00e0 m\u1ed9t h\u1ea1t gi\u1ed1ng m\u1ea1nh m\u1ebd, b\u1ea1n s\u1ebd tr\u1edf th\u00e0nh m\u1ed9t c\u00e2y c\u1ed5 th\u1ee5.<\/p>\n<p>Cu\u1ed9c s\u1ed1ng hi\u1ec7n \u0111\u1ea1i v\u1ed1n ch\u1ee9a \u0111\u1ef1ng v\u00f4 v\u00e0n nh\u1eefng \u0111i\u1ec1u ph\u1ee9c t\u1ea1p, \u0111\u1eebng gi\u0103ng m\u1eafc th\u00eam nh\u1eefng \u201cc\u00e1i b\u1eaby\u201d cho ch\u00ednh b\u1ea3n th\u00e2n b\u1eb1ng nh\u1eefng suy ngh\u0129 ti\u00eau c\u1ef1c. H\u00e3y t\u1eadp trung v\u00e0o vi\u1ec7c m\u00ecnh c\u00f3 th\u1ec3 l\u00e0m \u0111\u01b0\u1ee3c v\u00e0 l\u00e0m t\u1ed1t c\u00f4ng vi\u1ec7c \u1ea5y.<\/p>\n<p>Cu\u1ed9c \u0111\u1eddi kh\u00f4ng bao gi\u1edd cho ch\u00fang ta nh\u1eefng th\u1eed th\u00e1ch m\u00e0 con ng\u01b0\u1eddi kh\u00f4ng th\u1ec3 v\u01b0\u1ee3t qua \u0111\u01b0\u1ee3c. Tr\u00e1i tim con ng\u01b0\u1eddi v\u1ed1n l\u00e0 t\u1ea1o v\u1eadt m\u1ea1nh m\u1ebd nh\u1ea5t, ch\u1ec9 c\u1ea7n b\u1ea1n lu\u00f4n ghi nh\u1edb \u0111i\u1ec1u \u0111\u00f3.<\/p>\n","protected":false},"featured_media":6156,"template":"","meta":{"_acf_changed":false},"product_brand":[],"product_cat":[15,47],"product_tag":[],"class_list":{"0":"post-6173","1":"product","2":"type-product","3":"status-publish","4":"has-post-thumbnail","6":"product_cat-sach-danh-cho-nguoi-lon","7":"product_cat-truyen-ngan-tan-van","9":"first","10":"outofstock","11":"taxable","12":"shipping-taxable","13":"purchasable","14":"product-type-simple"},"supplier_id":null,"supplier_sku":"","barcode":null,"atum_controlled":true,"out_stock_date":"2022-06-02 11:32:19","out_stock_threshold":null,"inheritable":false,"inbound_stock":1,"stock_on_hold":0,"sold_today":0,"sales_last_days":0,"reserved_stock":0,"customer_returns":0,"warehouse_damage":0,"lost_in_post":0,"other_logs":0,"out_stock_days":1336,"lost_sales":0,"has_location":false,"update_date":"2026-01-28T23:10:39","atum_locations":[],"atum_stock_status":"outofstock","restock_status":false,"low_stock_amount":"","sales_update_date":"2026-01-28T23:10:39","calc_backorders":null,"acf":{"publisher":{"ID":1785,"post_author":"1","post_date":"2021-02-17 01:54:46","post_date_gmt":"2021-02-16 23:54:46","post_content":"<!-- wp:flatsome\/uxbuilder -->\n<h1 style=\"text-align: center;\"><strong>AZ VIETNAM<\/strong><\/h1>\n[row]\n\n[col span=\"8\" span__sm=\"12\"]\n\n<p>Th\u00e0nh l\u1eadp n\u0103m: 2015<br \/>V\u1ed1n \u0111\u1ea7u t\u01b0: 4,000,000,000 \u0111\u1ed3ng<br \/><strong>L\u0129nh v\u1ef1c:<\/strong><br \/>- Xu\u1ea5t b\u1ea3n v\u00e0 ph\u00e1t h\u00e0nh v\u0103n h\u00f3a ph\u1ea9m<br \/>- Cung c\u1ea5p v\u0103n h\u00f3a ph\u1ea9m, c\u00e1c s\u1ea3n ph\u1ea9m cho in \u1ea5n, trang thi\u1ebft b\u1ecb cho c\u00e1c th\u01b0 vi\u1ec7n v\u00e0 trung t\u00e2m s\u00e1ch tr\u00ean c\u1ea3 n\u01b0\u1edbc.<br \/>- Th\u1eddi trang v\u00e0 c\u00e1c s\u1ea3n ph\u1ea9m li\u00ean quan \u0111\u1ebfn l\u0129nh v\u1ef1c th\u1eddi trang<br \/>- Xu\u1ea5t nh\u1eadp kh\u1ea9u c\u00e1c s\u1ea3n ph\u1ea9m v\u0103n h\u00f3a<\/p>\n<p><strong>Quy m\u00f4:<\/strong> 60 nh\u00e2n vi\u00ean<br \/>Kh\u1edfi ngu\u1ed3n c\u1ee7a AZ Vi\u1ec7t Nam ng\u00e0y nay l\u00e0 C\u00f4ng ty TNHH Trung t\u00e2m S\u00e1ch v\u00e0 Thi\u1ebft b\u1ecb Th\u01b0 vi\u1ec7n, v\u1edbi ho\u1ea1t \u0111\u1ed9ng \u0111\u1ea7u ti\u00ean l\u00e0 cung c\u1ea5p s\u00e1ch, trang thi\u1ebft b\u1ecb, v\u0103n h\u00f3a ph\u1ea9m cho c\u00e1c th\u01b0 vi\u1ec7n v\u00e0 trung t\u00e2m s\u00e1ch tr\u00ean c\u1ea3 n\u01b0\u1edbc. T\u1eeb cu\u1ed1i n\u0103m 2010 \u0111\u1ebfn nay, ch\u00fang t\u00f4i \u0111\u00e3 kh\u00f4ng ng\u1eebng n\u1ed7 l\u1ef1c khai ph\u00e1 v\u00e0 ph\u00e1t tri\u1ec3n c\u00e1c d\u00f2ng s\u1ea3n ph\u1ea9m m\u1edbi v\u1edbi 8 th\u01b0\u01a1ng hi\u1ec7u uy t\u00edn. \u0110\u1ec3 \u0111\u00e1p \u1ee9ng nhu c\u1ea7u ph\u00e1t tri\u1ec3n ng\u00e0y m\u1ed9t l\u1edbn m\u1ea1nh v\u00e0 t\u1eadp h\u1ee3p c\u00e1c th\u01b0\u01a1ng hi\u1ec7u \u0111\u00e3 \u0111\u01b0\u1ee3c ch\u00fang t\u00f4i x\u00e2y d\u1ef1ng, 2015 C\u00f4ng ty TNHH AZ Vi\u1ec7t Nam \u0111\u00e3 ra \u0111\u1eddi v\u1edbi s\u1ee9 m\u1ec7nh mang \u0111\u1ebfn nhi\u1ec1u h\u01a1n n\u1eefa nh\u1eefng gi\u00e1 tr\u1ecb tinh th\u1ea7n, tri th\u1ee9c ti\u00ean ti\u1ebfn cho ng\u01b0\u1eddi ti\u00eau d\u00f9ng b\u1eb1ng vi\u1ec7c cung c\u1ea5p nh\u1eefng s\u1ea3n ph\u1ea9m c\u00f3 ch\u1ea5t l\u01b0\u1ee3ng.<\/p>\n\n[\/col]\n[col span=\"4\" span__sm=\"12\"]\n\n[ux_image id=\"1836\" image_size=\"medium\"]\n\n\n[\/col]\n\n[\/row]\n\n<!-- \/wp:flatsome\/uxbuilder -->","post_title":"AZ Vi\u1ec7t Nam","post_excerpt":"","post_status":"publish","comment_status":"closed","ping_status":"closed","post_password":"","post_name":"az-viet-nam","to_ping":"","pinged":"","post_modified":"2021-02-17 22:07:10","post_modified_gmt":"2021-02-17 20:07:10","post_content_filtered":"","post_parent":0,"guid":"https:\/\/sachviet.eu\/nha-phat-hanh\/az-viet-nam\/","menu_order":0,"post_type":"publisher","post_mime_type":"","comment_count":"0","filter":"raw"}},"_links":{"self":[{"href":"https:\/\/sachviet.eu\/en\/wp-json\/wp\/v2\/product\/6173","targetHints":{"allow":["GET"]}}],"collection":[{"href":"https:\/\/sachviet.eu\/en\/wp-json\/wp\/v2\/product"}],"about":[{"href":"https:\/\/sachviet.eu\/en\/wp-json\/wp\/v2\/types\/product"}],"wp:featuredmedia":[{"embeddable":true,"href":"https:\/\/sachviet.eu\/en\/wp-json\/wp\/v2\/media\/6156"}],"wp:attachment":[{"href":"https:\/\/sachviet.eu\/en\/wp-json\/wp\/v2\/media?parent=6173"}],"wp:term":[{"taxonomy":"product_brand","embeddable":true,"href":"https:\/\/sachviet.eu\/en\/wp-json\/wp\/v2\/product_brand?post=6173"},{"taxonomy":"product_cat","embeddable":true,"href":"https:\/\/sachviet.eu\/en\/wp-json\/wp\/v2\/product_cat?post=6173"},{"taxonomy":"product_tag","embeddable":true,"href":"https:\/\/sachviet.eu\/en\/wp-json\/wp\/v2\/product_tag?post=6173"}],"curies":[{"name":"wp","href":"https:\/\/api.w.org\/{rel}","templated":true}]}}