{"id":616,"date":"2021-02-13T11:15:37","date_gmt":"2021-02-13T09:15:37","guid":{"rendered":"https:\/\/sachviet.eu\/shop\/nhung-cau-hoi-triet-hoc-tu-be-toi-lon\/"},"modified":"2021-12-24T23:46:17","modified_gmt":"2021-12-24T21:46:17","slug":"nhung-cau-hoi-triet-hoc-tu-be-toi-lon","status":"publish","type":"product","link":"https:\/\/sachviet.eu\/en\/shop\/nhung-cau-hoi-triet-hoc-tu-be-toi-lon\/","title":{"rendered":"Nh\u1eefng c\u00e2u h\u1ecfi tri\u1ebft h\u1ecdc t\u1eeb b\u00e9 t\u1edbi l\u1edbn"},"content":{"rendered":"<p>Nghe qua t\u1ef1a s\u00e1ch Nh\u1eefng c\u00e2u h\u1ecfi tri\u1ebft h\u1ecdc t\u1eeb b\u00e9 t\u1edbi l\u1edbn ch\u1eafc b\u1ed1 m\u1eb9 h\u01a1i gi\u1eadt m\u00ecnh, tr\u1ebb con m\u1ea5y tu\u1ed5i m\u00e0 \u0111\u00e3 tri\u1ebft tri\u1ebfc g\u00ec ch\u1edb, b\u1ed1 m\u1eb9 h\u1ed3i \u0110H v\u1ea5t v\u1ea3 m\u00e3i m\u1edbi qua \u0111\u01b0\u1ee3c m\u1ea5y m\u00f4n Tri\u1ebft h\u1ecdc n\u00e0y kia n\u00e8. Th\u1eadt ra tri\u1ebft h\u1ecdc gi\u00fap n\u00e2ng cao t\u01b0 duy ph\u1ea3n bi\u1ec7n, nh\u00ecn nh\u1eadn v\u1ea5n \u0111\u1ec1 t\u1eeb nhi\u1ec1u g\u00f3c kh\u00e1c nhau v\u00e0 \u0111\u1eb7t c\u00e2u h\u1ecfi ch\u1ee9 kh\u00f4ng ch\u1ec9 ch\u1ea5p nh\u1eadn m\u1ecdi th\u1ee9 nh\u01b0 ng\u01b0\u1eddi ta n\u00f3i. V\u00e0 \u0111\u1ea5y l\u00e0 m\u1ee5c \u0111\u00edch c\u1ee7a cu\u1ed1n s\u00e1ch n\u00e0y.<br \/>\nCu\u1ed1n s\u00e1ch \u0111\u01b0a ra 6 v\u1ea5n \u0111\u1ec1 m\u00e0 ch\u1eafc b\u1ed1 m\u1eb9 n\u00e0o c\u0169ng \u0111\u00e3, \u0111ang v\u00e0 s\u1ebd g\u1eb7p ph\u1ea3i t\u1eeb c\u00e1c em b\u00e9 em l\u1edbn \u1edf nh\u00e0. t\u1eeb nh\u1eefng c\u00e2u h\u1ecfi v\u00ec sao ng\u01b0\u1eddi l\u1edbn \u0111\u01b0\u1ee3c l\u00e0m c\u00e1i n\u00e0y m\u00e0 con th\u00ec kh\u00f4ng, v\u00ec sao b\u1ed1 m\u1eb9 ch\u1eb3ng bao gi\u1edd mua \u0111\u1ed3 ch\u01a1i cho con, cho \u0111\u1ebfn nh\u1eefng v\u1ea5n \u0111\u1ec1 nghi\u00eam t\u00fac h\u01a1n v\u1ec1 tinh th\u1ea7n tr\u00e1ch nhi\u1ec7m, s\u1ef1 trung th\u1ef1c hay c\u00e1i ch\u1ebft. C\u00e1c b\u00e9 s\u1ebd r\u1ea5t \u0111\u1ed3ng c\u1ea3m v\u1edbi nh\u1eefng th\u1eafc m\u1eafc v\u00e0 l\u00ed lu\u1eadn c\u1ee7a c\u1eadu b\u00e9 Piccolo c\u00f2n b\u1ed1 m\u1eb9 s\u1ebd t\u00ecm th\u1ea5y nh\u1eefng g\u1ee3i \u00fd nh\u1ecf v\u1ec1 c\u00e1ch n\u00f3i chuy\u1ec7n v\u00e0 gi\u1ea3i th\u00edch cho con t\u1eeb c\u00e1c c\u00e2u chuy\u1ec7n n\u00e0y.<br \/>\nCu\u1ed1i m\u1ed7i truy\u1ec7n c\u00f2n c\u00f3 ph\u1ea7n tr\u00f2 ch\u01a1i v\u00e0 c\u00e2u h\u1ecfi nho nh\u1ecf \u0111\u1ec3 b\u1ed1 m\u1eb9 v\u00e0 con c\u00f3 th\u1ec3 th\u1ea3o lu\u1eadn v\u1edbi nhau, v\u00ec \u0111\u1ea5y l\u00e0 m\u1ee5c \u0111\u00edch c\u1ee7a tri\u1ebft h\u1ecdc m\u00e0, lu\u00f4n k\u00edch th\u00edch tr\u1ebb \u0111\u01b0a ra c\u00e2u h\u1ecfi v\u00e0 t\u00ecm c\u00e1ch t\u1ef1 gi\u1ea3i quy\u1ebft v\u1ea5n \u0111\u1ec1 (d\u01b0\u1edbi s\u1ef1 h\u01b0\u1edbng d\u1eabn c\u1ee7a ng\u01b0\u1eddi l\u1edbn). B\u1ed1 m\u1eb9 c\u0169ng h\u00e3y c\u1edfi m\u1edf suy ngh\u0129 h\u01a1n \u0111\u1ec3 thi tho\u1ea3ng c\u0169ng b\u1ecb thuy\u1ebft ph\u1ee5c b\u1edfi nh\u1eefng l\u00fd do ch\u00ednh \u0111\u00e1ng c\u1ee7a con nh\u00e9, ng\u01b0\u1eddi l\u1edbn kh\u00f4ng ph\u1ea3i l\u00fac n\u00e0o c\u0169ng \u0111\u00fang \u0111\u00e2u.<br \/>\nCu\u1ed1n s\u00e1ch b\u00eca m\u1ec1m n\u00e0y d\u00e0y 175 trang nh\u01b0ng \u0111\u01b0\u1ee3c chia l\u00e0m 6 ch\u01b0\u01a1ng v\u1edbi 6 v\u1ea5n \u0111\u1ec1 kh\u00e1c nhau n\u00ean th\u00edch h\u1ee3p \u0111\u1ec3 m\u1ed7i t\u1ed1i b\u1ed1 m\u1eb9 c\u00f9ng con \u0111\u1ecdc v\u00e0 suy ngh\u0129 1 v\u1ea5n \u0111\u1ec1 tr\u01b0\u1edbc khi ng\u1ee7. M\u00ecnh ngh\u0129 t\u1eeb 4 tu\u1ed5i tr\u1edf l\u00ean l\u00e0 c\u00f3 th\u1ec3 \u0111\u1ecdc \u0111\u01b0\u1ee3c cu\u1ed1n s\u00e1ch n\u00e0y r\u1ed3i, hay th\u1eadm ch\u00ed l\u00e0 3 tu\u1ed5i n\u1ebfu b\u00e9 c\u00f3 kh\u1ea3 n\u0103ng di\u1ec5n \u0111\u1ea1t t\u1ed1t. M\u1ed7i l\u1ee9a tu\u1ed5i s\u1ebd hi\u1ec3u cu\u1ed1n s\u00e1ch theo c\u00e1ch ri\u00eang n\u00ean b\u1ed1 m\u1eb9 \u0111\u1eebng lo tri\u1ebft h\u1ecdc v\u1edbi tr\u1ebb em l\u00e0 qu\u00e1 kh\u00f3.  <div class=\"banner-grid-wrapper\">\n  <div id=\"banner-grid-1768353241\" class=\"banner-grid row row-grid row-small\" data-packery-options=\"\">\n            <style>\n    #banner-grid-1768353241 .grid-col-1{height: 600px}\n    #banner-grid-1768353241 .grid-col-1-2{height: 300px}\n    #banner-grid-1768353241 .grid-col-1-3{height:200px}\n    #banner-grid-1768353241 .grid-col-2-3{height: 400px}\n    #banner-grid-1768353241 .grid-col-1-4{height: 150px}\n    #banner-grid-1768353241 .grid-col-3-4{height: 450px}\n\n\n        \/* Tablet *\/\n    @media (max-width: 850px){\n      #banner-grid-1768353241 .grid-col-1{height: 400px}\n      #banner-grid-1768353241 .grid-col-1-2{height: 200px}\n      #banner-grid-1768353241 .grid-col-1-3{height:133.33333333333px}\n      #banner-grid-1768353241 .grid-col-2-3{height: 266.66666666667px}\n      #banner-grid-1768353241 .grid-col-1-4{height: 100px}\n      #banner-grid-1768353241 .grid-col-3-4{height: 300px}\n    }\n    \n        \/* Mobile *\/\n    @media (max-width: 550px){\n      #banner-grid-1768353241 .grid-col-1{height: 400px}\n      #banner-grid-1768353241 .grid-col-1-2{height: 200px}\n      #banner-grid-1768353241 .grid-col-1-3{height:133.33333333333px}\n      #banner-grid-1768353241 .grid-col-2-3{height: 266.66666666667px}\n      #banner-grid-1768353241 .grid-col-1-4{height: 100px}\n      #banner-grid-1768353241 .grid-col-3-4{height: 300px}\n    }\n    \n\n  <\/style>\n    <\/div>\n    <style>\n    #banner-grid-1768353241 .grid-col-1{height: 600px}\n    #banner-grid-1768353241 .grid-col-1-2{height: 300px}\n    #banner-grid-1768353241 .grid-col-1-3{height:200px}\n    #banner-grid-1768353241 .grid-col-2-3{height: 400px}\n    #banner-grid-1768353241 .grid-col-1-4{height: 150px}\n    #banner-grid-1768353241 .grid-col-3-4{height: 450px}\n\n\n    \n    \n\n  <\/style>\n    <\/div>\n  \n","protected":false},"excerpt":{"rendered":"<p>Nh\u1eefng c\u00e2u h\u1ecfi tri\u1ebft h\u1ecdc t\u1eeb b\u00e9 t\u1edbi l\u1edbn g\u1ed3m nh\u1eefng c\u00e2u chuy\u1ec7n nh\u1ecf, \u0111\u1ec1 c\u1eadp nhi\u1ec1u v\u1ea5n \u0111\u1ec1 th\u01b0\u1eddng ng\u00e0y m\u00e0 c\u00e1c em thi\u1ebfu nhi v\u1eabn th\u01b0\u1eddng g\u1eb7p, t\u1eeb ham mu\u1ed1n s\u1edf h\u1eefu m\u1ecdi th\u1ee9, nh\u1eefng \u0111i\u1ec1u b\u1ecb c\u1ea5m, s\u1ef1 chia s\u1ebb, th\u1ebf n\u00e0o th\u00ec l\u00e0 c\u00f3 l\u1ed7i, \u0111\u1ebfn chuy\u1ec7n tr\u01b0\u1edfng th\u00e0nh v\u00e0 c\u00e1i ch\u1ebft\u2026 D\u01b0\u1eddng nh\u01b0 kh\u00f4ng \u0111i\u1ec1u g\u00ec trong cu\u1ed9c s\u1ed1ng l\u1ea1i kh\u00f4ng khi\u1ebfn c\u00e1c b\u1ea1n nh\u1ecf ng\u1ea1c nhi\u00ean, \u0111\u1eb7t c\u00e2u h\u1ecfi v\u00e0 mu\u1ed1n \u0111\u01b0\u1ee3c tranh lu\u1eadn.<\/p>\n<p>V\u1edbi nh\u1eefng t\u00ecnh hu\u1ed1ng g\u1ea7n g\u0169i, nh\u1eefng gi\u1ea3i th\u00edch \u0111\u01a1n gi\u1ea3n, d\u1ec5 hi\u1ec3u, v\u00e0 \u0111\u1eb7c bi\u1ec7t l\u00e0 nh\u1eefng \u201cG\u00f3c tri\u1ebft h\u1ecdc\u201d v\u1eeba h\u1ecdc v\u1eeba ch\u01a1i ngay sau m\u1ed7i c\u00e2u chuy\u1ec7n, Nh\u1eefng c\u00e2u h\u1ecfi tri\u1ebft h\u1ecdc t\u1eeb b\u00e9 t\u1edbi l\u1edbn kh\u00f4ng ch\u1ec9 khuy\u1ebfn kh\u00edch c\u00e1c em kh\u00e1m ph\u00e1 th\u1ebf gi\u1edbi c\u1ee7a s\u1ef1 tr\u1eebu t\u01b0\u1ee3ng, \u0111\u1ec3 t\u1eeb \u0111\u00f3 h\u1ecdc c\u00e1ch \u201ctri\u1ebft l\u00fd\u201d ngay t\u1eeb tu\u1ed5i th\u01a1 \u1ea5u, m\u00e0 c\u00f2n \u0111\u1eb7t ra nhi\u1ec1u ch\u1ee7 \u0111\u1ec1 th\u00fa v\u1ecb, h\u1eefu \u00edch, nh\u1eb1m t\u0103ng c\u01b0\u1eddng s\u1ef1 trao \u0111\u1ed5i, t\u01b0\u01a1ng t\u00e1c gi\u1eefa c\u00e1c th\u00e0nh vi\u00ean trong gia \u0111\u00ecnh.<\/p>\n","protected":false},"featured_media":603,"template":"","meta":{"_acf_changed":false},"product_brand":[],"product_cat":[24,25,19,17],"product_tag":[],"class_list":{"0":"post-616","1":"product","2":"type-product","3":"status-publish","4":"has-post-thumbnail","6":"product_cat-nha-tre-mau-giao-0-tuoi-6-tuoi","7":"product_cat-nhi-dong-6-tuoi-12-tuoi","8":"product_cat-nuoi-day-con","9":"product_cat-sach-danh-cho-cac-be","11":"first","12":"outofstock","13":"taxable","14":"shipping-taxable","15":"purchasable","16":"product-type-simple"},"supplier_id":null,"supplier_sku":"","barcode":null,"atum_controlled":true,"out_stock_date":"2021-12-24 21:46:17","out_stock_threshold":null,"inheritable":false,"inbound_stock":0,"stock_on_hold":0,"sold_today":0,"sales_last_days":0,"reserved_stock":0,"customer_returns":0,"warehouse_damage":0,"lost_in_post":0,"other_logs":0,"out_stock_days":1496,"lost_sales":0,"has_location":false,"update_date":"2026-01-28T23:10:29","atum_locations":[],"atum_stock_status":"outofstock","restock_status":false,"low_stock_amount":"","sales_update_date":"2026-01-28T23:10:29","calc_backorders":null,"acf":{"publisher":{"ID":1424,"post_author":"1","post_date":"2021-02-17 00:02:29","post_date_gmt":"2021-02-16 22:02:29","post_content":"<!-- wp:flatsome\/uxbuilder -->\n<h1 style=\"text-align: center\"><strong>Nh\u00e3 Nam<\/strong><\/h1>\n[row]\n\n[col span=\"6\" span__sm=\"12\"]\n\n[ux_image id=\"1438\" image_size=\"medium\"]\n\n\n[\/col]\n[col span=\"6\" span__sm=\"12\"]\n\n<p><strong>C\u00f4ng ty c\u1ed5 ph\u1ea7n V\u0103n h\u00f3a v\u00e0 Truy\u1ec1n th\u00f4ng Nh\u00e3 Nam<\/strong><\/p>\n<p>Th\u00e1ng 2 n\u0103m 2005, Nh\u00e3 Nam, t\u00ean \u0111\u1ea7y \u0111\u1ee7 l\u00e0 C\u00f4ng ty C\u1ed5 ph\u1ea7n V\u0103n h\u00f3a v\u00e0 Truy\u1ec1n th\u00f4ng Nh\u00e3 Nam \u0111\u00e3 gia nh\u1eadp th\u1ecb tr\u01b0\u1eddng s\u00e1ch. T\u00e1c ph\u1ea9m \"Balzac v\u00e0 c\u00f4 b\u00e9 th\u1ee3 may Trung hoa\" c\u1ee7a \u0110\u1edbi T\u01b0 Ki\u1ec7t l\u00e0 cu\u1ed1n s\u00e1ch \u0111\u1ea7u ti\u00ean \u0111\u01b0\u1ee3c nh\u1eefng ng\u01b0\u1eddi s\u00e1ng l\u1eadp Nh\u00e3 Nam xu\u1ea5t b\u1ea3n c\u1ea3 tr\u01b0\u1edbc khi c\u00f4ng ty ra \u0111\u1eddi. Ngay l\u1eadp t\u1ee9c t\u1eeb cu\u1ed1n s\u00e1ch \u0111\u1ea7u ti\u00ean, \u0111\u1ed9c gi\u1ea3 \u0111\u00e3 d\u00e0nh s\u1ef1 quan t\u00e2m v\u00e0 y\u00eau m\u1ebfn cho m\u1ed9t th\u01b0\u01a1ng hi\u1ec7u s\u00e1ch m\u1edbi m\u1ebb mang trong m\u00ecnh kh\u00e1t v\u1ecdng g\u00f3p ph\u1ea7n t\u1ea1o l\u1eadp di\u1ec7n m\u1ea1o m\u1edbi cho xu\u1ea5t b\u1ea3n v\u0103n h\u1ecdc t\u1ea1i Vi\u1ec7t Nam.<\/p>\n<p>L\u00f2ng say m\u00ea c\u1ee7a \u0111\u1ed9i ng\u0169 l\u00e0 vi\u00ean \u0111\u00e1 \u0111\u1ea7u ti\u00ean. Tr\u1ea3i qua m\u1ea5y n\u0103m ph\u00e1t tri\u1ec3n, Nh\u00e3 Nam \u0111\u00e3 \u0111\u01b0\u1ee3c x\u00e2y d\u1ef1ng d\u1ea7n l\u00ean trong di\u1ec7n m\u1ea1o m\u1ed9t nh\u00e0 xu\u1ea5t b\u1ea3n v\u1eefng ch\u00e3i v\u00e0 chuy\u00ean nghi\u1ec7p. S\u00e1u th\u00e1ng sau khi th\u00e0nh l\u1eadp c\u00f4ng ty, Nh\u1eadt k\u00fd \u0110\u1eb7ng Th\u00f9y Tr\u00e2m ra \u0111\u1eddi, t\u1ea1o n\u00ean m\u1ed9t c\u01a1n s\u1ed1t trong x\u00e3 h\u1ed9i, v\u1edbi g\u1ea7n 500,000 b\u1ea3n s\u00e1ch \u0111\u01b0\u1ee3c ph\u00e1t h\u00e0nh, ph\u00e1 m\u1ecdi k\u1ef7 l\u1ee5c v\u1ec1 xu\u1ea5t b\u1ea3n tr\u01b0\u1edbc \u0111\u00f3, k\u00e9o theo m\u1ed9t lo\u1ea1t nh\u1eefng hi\u1ec7u \u1ee9ng x\u00e3 h\u1ed9i v\u00e0 d\u01b0 lu\u1eadn c\u00f3 \u00fd ngh\u0129a. T\u1eeb \u0111\u00f3 tr\u1edf \u0111i, th\u00f4ng qua Nh\u00e3 Nam, c\u00e1c cu\u1ed1n s\u00e1ch v\u0103n h\u1ecdc n\u01b0\u1edbc ngo\u00e0i c\u00f3 gi\u00e1 tr\u1ecb \u0111\u01b0\u1ee3c li\u00ean t\u1ee5c mua b\u1ea3n quy\u1ec1n v\u00e0 xu\u1ea5t b\u1ea3n t\u1ea1i Vi\u1ec7t Nam, thu h\u00fat nhi\u1ec1u t\u1ea7ng l\u1edbp \u0111\u1ed9c gi\u1ea3. S\u00e1ch c\u1ee7a Nh\u00e3 Nam n\u1ed5i b\u1eadt b\u1edfi n\u1ed9i dung v\u0103n h\u1ecdc tinh t\u1ebf, b\u1edfi v\u1ebb \u0111\u1eb9p c\u1ee7a thi\u1ebft k\u1ebf hi\u1ec7n \u0111\u1ea1i \u1edf h\u00ecnh th\u1ee9c, b\u1edfi s\u1ef1 ch\u0103m ch\u00fat k\u1ef9 l\u01b0\u1ee1ng cho m\u1ed7i cu\u1ed1n s\u00e1ch nh\u01b0 m\u1ed9t con thuy\u1ec1n mang t\u1edbi ni\u1ec1m vui, tri th\u1ee9c, ng\u1ea1c nhi\u00ean, v\u00e0 \u0111\u1ed3ng c\u1ea3m.<\/p>\n\n[\/col]\n\n[\/row]\n<p style=\"text-align: left\">Hi\u1ec3u th\u1eddi \u0111\u1ea1i \u0111ang s\u1ed1ng th\u00f4ng qua s\u00e1ch, song h\u00e0nh v\u1edbi nh\u1eefng bi\u1ebfn chuy\u1ec3n s\u00e2u s\u1eafc trong l\u00f2ng x\u00e3 h\u1ed9i b\u1eb1ng nh\u1eefng ho\u1ea1t \u0111\u1ed9ng xu\u1ea5t b\u1ea3n mi\u1ec7t m\u00e0i v\u00e0 qu\u1ea3 c\u1ea3m, con \u0111\u01b0\u1eddng Nh\u00e3 Nam \u0111\u00e3 ch\u1ecdn \u0111\u1ec3 \u0111i s\u1ebd c\u00f2n d\u00e0i. Nhi\u1ec1u kh\u00f3 kh\u0103n, th\u1eed th\u00e1ch \u0111ang \u1edf ph\u00eda tr\u01b0\u1edbc. B\u01b0\u1edbc qua th\u1eddi k\u1ef3 s\u01a1 khai v\u1edbi nh\u1eefng b\u00e0i h\u1ecdc v\u00e0 nh\u1eefng kinh nghi\u1ec7m \u0111\u1ea7u ti\u00ean, Nh\u00e3 Nam gi\u1edd \u0111\u00e3 s\u1eb5n s\u00e0ng cho m\u1ed9t ch\u1eb7ng \u0111\u01b0\u1eddng ph\u00e1t tri\u1ec3n m\u1edbi. V\u00e0 ch\u00fang t\u00f4i mu\u1ed1n ho\u00e0n thi\u1ec7n m\u00ecnh trong s\u1ef1 c\u1ea7u th\u1ecb v\u00e0 c\u1ea9n tr\u1ecdng. T\u1ea5t c\u1ea3 v\u00ec m\u1ed9t gia s\u1ea3n s\u00e1ch to l\u1edbn, c\u00f3 s\u1ee9c s\u1ed1ng d\u00e0i l\u00e2u, c\u00f3 \u00fd ngh\u0129a v\u1edbi nhi\u1ec1u th\u1ebf h\u1ec7 b\u1ea1n \u0111\u1ecdc.<br \/>B\u1edfi v\u00ec s\u00e1ch l\u00e0 th\u1ebf gi\u1edbi.<\/p>\n<p><strong>\u0110\u00e2y l\u00e0 m\u1ed9t nh\u00e0 ph\u00e1t h\u00e0nh s\u00e1ch m\u00e0 SACHVIET.EU r\u1ea5t y\u00eau th\u00edch v\u00e0 tin t\u01b0\u1edfng. Nh\u00ecn \u0111\u01b0\u1ee3c t\u1ea7m \u1ea3nh h\u01b0\u1edfng c\u1ee7a Nh\u00e3 Nam qua t\u1eebng cu\u1ed1n s\u00e1ch, SACHVIET.EU li\u00ean h\u1ec7 h\u1ee3p t\u00e1c ngay v\u1edbi Nh\u00e3 Nam \u0111\u1ec3 \u0111em to\u00e0n b\u1ed9 nh\u1eefng t\u00e1c ph\u1ea9m m\u1edbi, hay nh\u1ea5t m\u00e0 Nh\u00e3 Nam c\u00f3 sang Ch\u00e2u \u00c2u, \u0111\u01b0a \u0111\u1ebfn cho \u0111\u1ed9c gi\u1ea3 c\u00f3 nhi\u1ec1u s\u1ef1 l\u1ef1a ch\u1ecdn phong ph\u00fa h\u01a1n c\u1ea3 s\u00e1ch cho tr\u1ebb em l\u1eabn ng\u01b0\u1eddi l\u1edbn.\u00a0<\/strong><\/p>\n\n<!-- \/wp:flatsome\/uxbuilder -->","post_title":"Nh\u00e3 Nam","post_excerpt":"","post_status":"publish","comment_status":"closed","ping_status":"closed","post_password":"","post_name":"nha-nam","to_ping":"","pinged":"","post_modified":"2022-12-19 23:15:33","post_modified_gmt":"2022-12-19 21:15:33","post_content_filtered":"","post_parent":0,"guid":"https:\/\/sachviet.eu\/?post_type=publisher&#038;p=1424","menu_order":0,"post_type":"publisher","post_mime_type":"","comment_count":"0","filter":"raw"}},"_links":{"self":[{"href":"https:\/\/sachviet.eu\/en\/wp-json\/wp\/v2\/product\/616","targetHints":{"allow":["GET"]}}],"collection":[{"href":"https:\/\/sachviet.eu\/en\/wp-json\/wp\/v2\/product"}],"about":[{"href":"https:\/\/sachviet.eu\/en\/wp-json\/wp\/v2\/types\/product"}],"wp:featuredmedia":[{"embeddable":true,"href":"https:\/\/sachviet.eu\/en\/wp-json\/wp\/v2\/media\/603"}],"wp:attachment":[{"href":"https:\/\/sachviet.eu\/en\/wp-json\/wp\/v2\/media?parent=616"}],"wp:term":[{"taxonomy":"product_brand","embeddable":true,"href":"https:\/\/sachviet.eu\/en\/wp-json\/wp\/v2\/product_brand?post=616"},{"taxonomy":"product_cat","embeddable":true,"href":"https:\/\/sachviet.eu\/en\/wp-json\/wp\/v2\/product_cat?post=616"},{"taxonomy":"product_tag","embeddable":true,"href":"https:\/\/sachviet.eu\/en\/wp-json\/wp\/v2\/product_tag?post=616"}],"curies":[{"name":"wp","href":"https:\/\/api.w.org\/{rel}","templated":true}]}}