{"id":6155,"date":"2021-03-15T01:23:43","date_gmt":"2021-03-14T23:23:43","guid":{"rendered":"https:\/\/sachviet.eu\/shop\/khi-tai-nang-khong-theo-kip-giac-mo-tai-ban-2019\/"},"modified":"2021-05-18T00:01:15","modified_gmt":"2021-05-17T21:01:15","slug":"khi-tai-nang-khong-theo-kip-giac-mo-tai-ban-2019","status":"publish","type":"product","link":"https:\/\/sachviet.eu\/en\/shop\/khi-tai-nang-khong-theo-kip-giac-mo-tai-ban-2019\/","title":{"rendered":"Khi T\u00e0i N\u0103ng Kh\u00f4ng Theo K\u1ecbp Gi\u1ea5c M\u01a1 (T\u00e1i B\u1ea3n 2019)"},"content":{"rendered":"<p>KHI \u01af\u1edaC M\u01a0 \u0110\u1ee6 L\u1edaN, HI\u1ec6N TH\u1ef0C S\u1ebc TR\u1ede N\u00caN B\u00c9 NH\u1ece!<\/p>\n<p>Ai \u0111\u00f3 \u0111\u00e3 t\u1eebng n\u00f3i chi\u1ebfc qu\u1ea7n t\u1ea5t tr\u1eafng tinh c\u1ee7a ng\u01b0\u1eddi v\u0169 c\u00f4ng l\u00e0 \u0111\u1ec3 che \u0111i nh\u1eefng v\u1ebft th\u01b0\u01a1ng do luy\u1ec7n t\u1eadp. H\u1ecd gi\u1ea5u \u0111\u00f4i ch\u00e2n s\u01b0ng \u0111\u1ecf trong chi\u1ebfc qu\u1ea7n t\u1ea5t tr\u1eafng, m\u1eb7c b\u1ed9 v\u00e1y r\u1ef1c r\u1ee1 nh\u1ea5t, m\u1ec9m c\u01b0\u1eddi \u0111\u1ee9ng tr\u00ean s\u00e2n kh\u1ea5u tr\u00e0n ng\u1eadp \u00e1nh \u0111\u00e8n, ch\u00ecm \u0111\u1eafm trong \u0111i\u1ec7u nh\u1ea3y c\u00f9ng ti\u1ebfng nh\u1ea1c du d\u01b0\u01a1ng. Khi t\u1ea5m m\u00e0n s\u00e2n kh\u1ea5u kh\u00e9p l\u1ea1i, c\u01a1 th\u1ec3 h\u1ecd \u0111au \u0111\u1edbn mu\u1ed1n l\u1ea3 \u0111i, nh\u01b0ng \u0111\u1ed5i l\u1ea1i h\u1ecd nh\u1eadn \u0111\u01b0\u1ee3c ti\u1ebfng v\u1ed7 tay ng\u1ee3i khen c\u1ee7a c\u1ea3 th\u1ebf gi\u1edbi.<\/p>\n<p>Cu\u1ed9c s\u1ed1ng n\u00e0y, kh\u00f4ng c\u00f3 ng\u01b0\u1eddi th\u1ea5t b\u1ea1i, ch\u1ec9 c\u00f3 ng\u01b0\u1eddi kh\u00f4ng d\u00e1m \u0111\u1ea5u tranh \u0111\u1ebfn c\u00f9ng. Ranh gi\u1edbi gi\u1eefa th\u00e0nh c\u00f4ng v\u00e0 th\u1ea5t b\u1ea1i, ch\u1ec9 \u0111\u00fang b\u1eb1ng m\u1ed9t \u0111\u01b0\u1eddng \u201cki\u00ean tr\u00ec\u201d m\u00e0 th\u00f4i. Khi t\u00e0i n\u0103ng kh\u00f4ng theo k\u1ecbp gi\u1ea5c m\u01a1, b\u1ea1n s\u1ebd l\u1ef1a ch\u1ecdn t\u1eeb b\u1ecf, hay c\u1ed1 g\u1eafng h\u1ebft s\u1ee9c \u0111\u1ec3 v\u01b0\u01a1n t\u1edbi \u01b0\u1edbc m\u01a1 \u1ea5y?<\/p>\n<p>\u201cKhi t\u00e0i n\u0103ng kh\u00f4ng theo k\u1ecbp gi\u1ea5c m\u01a1\u201d \u2013 \u0110\u1ed9ng l\u1ef1c s\u1ed1ng cho nh\u1eefng kh\u00e1t v\u1ecdng \u0111ang ch\u1edd ng\u00e0y t\u1ecfa s\u00e1ng!<\/p>\n","protected":false},"excerpt":{"rendered":"<p>KHI \u01af\u1edaC M\u01a0 \u0110\u1ee6 L\u1edaN, HI\u1ec6N TH\u1ef0C S\u1ebc TR\u1ede N\u00caN B\u00c9 NH\u1ece!<\/p>\n<p>Ai \u0111\u00f3 \u0111\u00e3 t\u1eebng n\u00f3i chi\u1ebfc qu\u1ea7n t\u1ea5t tr\u1eafng tinh c\u1ee7a ng\u01b0\u1eddi v\u0169 c\u00f4ng l\u00e0 \u0111\u1ec3 che \u0111i nh\u1eefng v\u1ebft th\u01b0\u01a1ng do luy\u1ec7n t\u1eadp. H\u1ecd gi\u1ea5u \u0111\u00f4i ch\u00e2n s\u01b0ng \u0111\u1ecf trong chi\u1ebfc qu\u1ea7n t\u1ea5t tr\u1eafng, m\u1eb7c b\u1ed9 v\u00e1y r\u1ef1c r\u1ee1 nh\u1ea5t, m\u1ec9m c\u01b0\u1eddi \u0111\u1ee9ng tr\u00ean s\u00e2n kh\u1ea5u tr\u00e0n ng\u1eadp \u00e1nh \u0111\u00e8n, ch\u00ecm \u0111\u1eafm trong \u0111i\u1ec7u nh\u1ea3y c\u00f9ng ti\u1ebfng nh\u1ea1c du d\u01b0\u01a1ng. Khi t\u1ea5m m\u00e0n s\u00e2n kh\u1ea5u kh\u00e9p l\u1ea1i, c\u01a1 th\u1ec3 h\u1ecd \u0111au \u0111\u1edbn mu\u1ed1n l\u1ea3 \u0111i, nh\u01b0ng \u0111\u1ed5i l\u1ea1i h\u1ecd nh\u1eadn \u0111\u01b0\u1ee3c ti\u1ebfng v\u1ed7 tay ng\u1ee3i khen c\u1ee7a c\u1ea3 th\u1ebf gi\u1edbi.<\/p>\n<p>Cu\u1ed9c s\u1ed1ng n\u00e0y, kh\u00f4ng c\u00f3 ng\u01b0\u1eddi th\u1ea5t b\u1ea1i, ch\u1ec9 c\u00f3 ng\u01b0\u1eddi kh\u00f4ng d\u00e1m \u0111\u1ea5u tranh \u0111\u1ebfn c\u00f9ng. Ranh gi\u1edbi gi\u1eefa th\u00e0nh c\u00f4ng v\u00e0 th\u1ea5t b\u1ea1i, ch\u1ec9 \u0111\u00fang b\u1eb1ng m\u1ed9t \u0111\u01b0\u1eddng \u201cki\u00ean tr\u00ec\u201d m\u00e0 th\u00f4i. Khi t\u00e0i n\u0103ng kh\u00f4ng theo k\u1ecbp gi\u1ea5c m\u01a1, b\u1ea1n s\u1ebd l\u1ef1a ch\u1ecdn t\u1eeb b\u1ecf, hay c\u1ed1 g\u1eafng h\u1ebft s\u1ee9c \u0111\u1ec3 v\u01b0\u01a1n t\u1edbi \u01b0\u1edbc m\u01a1 \u1ea5y?<\/p>\n<p>\u201cKhi t\u00e0i n\u0103ng kh\u00f4ng theo k\u1ecbp gi\u1ea5c m\u01a1\u201d \u2013 \u0110\u1ed9ng l\u1ef1c s\u1ed1ng cho nh\u1eefng kh\u00e1t v\u1ecdng \u0111ang ch\u1edd ng\u00e0y t\u1ecfa s\u00e1ng!<\/p>\n","protected":false},"featured_media":6142,"template":"","meta":{"_acf_changed":false},"product_brand":[],"product_cat":[15,47],"product_tag":[],"class_list":{"0":"post-6155","1":"product","2":"type-product","3":"status-publish","4":"has-post-thumbnail","6":"product_cat-sach-danh-cho-nguoi-lon","7":"product_cat-truyen-ngan-tan-van","9":"first","10":"outofstock","11":"taxable","12":"shipping-taxable","13":"purchasable","14":"product-type-simple"},"supplier_id":null,"supplier_sku":"","barcode":null,"atum_controlled":true,"out_stock_date":"2021-05-17 21:01:15","out_stock_threshold":null,"inheritable":false,"inbound_stock":0,"stock_on_hold":0,"sold_today":0,"sales_last_days":0,"reserved_stock":0,"customer_returns":0,"warehouse_damage":0,"lost_in_post":0,"other_logs":0,"out_stock_days":1717,"lost_sales":0,"has_location":false,"update_date":"2026-01-28T23:10:39","atum_locations":[],"atum_stock_status":"outofstock","restock_status":false,"low_stock_amount":"","sales_update_date":"2026-01-28T23:10:39","calc_backorders":null,"acf":{"publisher":{"ID":1785,"post_author":"1","post_date":"2021-02-17 01:54:46","post_date_gmt":"2021-02-16 23:54:46","post_content":"<!-- wp:flatsome\/uxbuilder -->\n<h1 style=\"text-align: center;\"><strong>AZ VIETNAM<\/strong><\/h1>\n[row]\n\n[col span=\"8\" span__sm=\"12\"]\n\n<p>Th\u00e0nh l\u1eadp n\u0103m: 2015<br \/>V\u1ed1n \u0111\u1ea7u t\u01b0: 4,000,000,000 \u0111\u1ed3ng<br \/><strong>L\u0129nh v\u1ef1c:<\/strong><br \/>- Xu\u1ea5t b\u1ea3n v\u00e0 ph\u00e1t h\u00e0nh v\u0103n h\u00f3a ph\u1ea9m<br \/>- Cung c\u1ea5p v\u0103n h\u00f3a ph\u1ea9m, c\u00e1c s\u1ea3n ph\u1ea9m cho in \u1ea5n, trang thi\u1ebft b\u1ecb cho c\u00e1c th\u01b0 vi\u1ec7n v\u00e0 trung t\u00e2m s\u00e1ch tr\u00ean c\u1ea3 n\u01b0\u1edbc.<br \/>- Th\u1eddi trang v\u00e0 c\u00e1c s\u1ea3n ph\u1ea9m li\u00ean quan \u0111\u1ebfn l\u0129nh v\u1ef1c th\u1eddi trang<br \/>- Xu\u1ea5t nh\u1eadp kh\u1ea9u c\u00e1c s\u1ea3n ph\u1ea9m v\u0103n h\u00f3a<\/p>\n<p><strong>Quy m\u00f4:<\/strong> 60 nh\u00e2n vi\u00ean<br \/>Kh\u1edfi ngu\u1ed3n c\u1ee7a AZ Vi\u1ec7t Nam ng\u00e0y nay l\u00e0 C\u00f4ng ty TNHH Trung t\u00e2m S\u00e1ch v\u00e0 Thi\u1ebft b\u1ecb Th\u01b0 vi\u1ec7n, v\u1edbi ho\u1ea1t \u0111\u1ed9ng \u0111\u1ea7u ti\u00ean l\u00e0 cung c\u1ea5p s\u00e1ch, trang thi\u1ebft b\u1ecb, v\u0103n h\u00f3a ph\u1ea9m cho c\u00e1c th\u01b0 vi\u1ec7n v\u00e0 trung t\u00e2m s\u00e1ch tr\u00ean c\u1ea3 n\u01b0\u1edbc. T\u1eeb cu\u1ed1i n\u0103m 2010 \u0111\u1ebfn nay, ch\u00fang t\u00f4i \u0111\u00e3 kh\u00f4ng ng\u1eebng n\u1ed7 l\u1ef1c khai ph\u00e1 v\u00e0 ph\u00e1t tri\u1ec3n c\u00e1c d\u00f2ng s\u1ea3n ph\u1ea9m m\u1edbi v\u1edbi 8 th\u01b0\u01a1ng hi\u1ec7u uy t\u00edn. \u0110\u1ec3 \u0111\u00e1p \u1ee9ng nhu c\u1ea7u ph\u00e1t tri\u1ec3n ng\u00e0y m\u1ed9t l\u1edbn m\u1ea1nh v\u00e0 t\u1eadp h\u1ee3p c\u00e1c th\u01b0\u01a1ng hi\u1ec7u \u0111\u00e3 \u0111\u01b0\u1ee3c ch\u00fang t\u00f4i x\u00e2y d\u1ef1ng, 2015 C\u00f4ng ty TNHH AZ Vi\u1ec7t Nam \u0111\u00e3 ra \u0111\u1eddi v\u1edbi s\u1ee9 m\u1ec7nh mang \u0111\u1ebfn nhi\u1ec1u h\u01a1n n\u1eefa nh\u1eefng gi\u00e1 tr\u1ecb tinh th\u1ea7n, tri th\u1ee9c ti\u00ean ti\u1ebfn cho ng\u01b0\u1eddi ti\u00eau d\u00f9ng b\u1eb1ng vi\u1ec7c cung c\u1ea5p nh\u1eefng s\u1ea3n ph\u1ea9m c\u00f3 ch\u1ea5t l\u01b0\u1ee3ng.<\/p>\n\n[\/col]\n[col span=\"4\" span__sm=\"12\"]\n\n[ux_image id=\"1836\" image_size=\"medium\"]\n\n\n[\/col]\n\n[\/row]\n\n<!-- \/wp:flatsome\/uxbuilder -->","post_title":"AZ Vi\u1ec7t Nam","post_excerpt":"","post_status":"publish","comment_status":"closed","ping_status":"closed","post_password":"","post_name":"az-viet-nam","to_ping":"","pinged":"","post_modified":"2021-02-17 22:07:10","post_modified_gmt":"2021-02-17 20:07:10","post_content_filtered":"","post_parent":0,"guid":"https:\/\/sachviet.eu\/nha-phat-hanh\/az-viet-nam\/","menu_order":0,"post_type":"publisher","post_mime_type":"","comment_count":"0","filter":"raw"}},"_links":{"self":[{"href":"https:\/\/sachviet.eu\/en\/wp-json\/wp\/v2\/product\/6155","targetHints":{"allow":["GET"]}}],"collection":[{"href":"https:\/\/sachviet.eu\/en\/wp-json\/wp\/v2\/product"}],"about":[{"href":"https:\/\/sachviet.eu\/en\/wp-json\/wp\/v2\/types\/product"}],"wp:featuredmedia":[{"embeddable":true,"href":"https:\/\/sachviet.eu\/en\/wp-json\/wp\/v2\/media\/6142"}],"wp:attachment":[{"href":"https:\/\/sachviet.eu\/en\/wp-json\/wp\/v2\/media?parent=6155"}],"wp:term":[{"taxonomy":"product_brand","embeddable":true,"href":"https:\/\/sachviet.eu\/en\/wp-json\/wp\/v2\/product_brand?post=6155"},{"taxonomy":"product_cat","embeddable":true,"href":"https:\/\/sachviet.eu\/en\/wp-json\/wp\/v2\/product_cat?post=6155"},{"taxonomy":"product_tag","embeddable":true,"href":"https:\/\/sachviet.eu\/en\/wp-json\/wp\/v2\/product_tag?post=6155"}],"curies":[{"name":"wp","href":"https:\/\/api.w.org\/{rel}","templated":true}]}}