{"id":6141,"date":"2021-03-15T01:22:30","date_gmt":"2021-03-14T23:22:30","guid":{"rendered":"https:\/\/sachviet.eu\/shop\/chang-mua-dong-nao-khong-the-vuot-qua\/"},"modified":"2022-12-19T18:46:37","modified_gmt":"2022-12-19T16:46:37","slug":"chang-mua-dong-nao-khong-the-vuot-qua","status":"publish","type":"product","link":"https:\/\/sachviet.eu\/en\/shop\/chang-mua-dong-nao-khong-the-vuot-qua\/","title":{"rendered":"Ch\u1eb3ng M\u00f9a \u0110\u00f4ng N\u00e0o Kh\u00f4ng Th\u1ec3 V\u01b0\u1ee3t Qua"},"content":{"rendered":"<p>M\u00f9a \u0111\u00f4ng ch\u1ec9 lui t\u1edbi v\u00e0i ba th\u00e1ng m\u1ed9t n\u0103m, nh\u01b0ng c\u00f3 nh\u1eefng ng\u01b0\u1eddi l\u1ea1i b\u1ecb s\u1ef1 l\u1ea1nh l\u1ebdo theo ch\u00e2n c\u1ea3 cu\u1ed9c \u0111\u1eddi. Kh\u00f3 kh\u0103n v\u1ed1n xu\u1ea5t hi\u1ec7n v\u00e0o m\u1ed9t giai \u0111o\u1ea1n nh\u1ea5t th\u1eddi, nh\u01b0ng b\u1edfi nh\u1eefng suy ngh\u0129 ti\u00eau c\u1ef1c m\u00e0 tr\u1edf th\u00e0nh g\u00e1nh n\u1eb7ng trong l\u00f2ng ch\u00fang ta.<\/p>\n<p>R\u1ea5t nhi\u1ec1u kho\u1ea3nh kh\u1eafc, con ng\u01b0\u1eddi v\u00f4 t\u00ecnh qu\u00ean m\u1ea5t l\u00fd do v\u00ec sao b\u1ea3n th\u00e2n b\u1eaft \u0111\u1ea7u v\u00e0 n\u1ed7 l\u1ef1c \u0111\u1ebfn t\u1eadn h\u00f4m nay. H\u1ecd c\u1ee9 m\u1ea3i mi\u1ebft l\u1ea1c l\u1ed1i trong m\u00e0n \u0111\u00eam m\u00e0 kh\u00f4ng nh\u1eadn ra kho\u1ea3ng c\u00e1ch \u0111i t\u1edbi \u00e1nh s\u00e1ng ch\u1ec9 c\u00e1ch m\u1ed9t l\u1ea7n d\u0169ng c\u1ea3m m\u1edf m\u1eaft nh\u00ecn tr\u1eddi. C\u00f3 nh\u1eefng v\u1ea5n \u0111\u1ec1 trong \u0111\u1eddi th\u1eadt ra kh\u00f4ng qu\u00e1 nghi\u00eam tr\u1ecdng, nh\u01b0ng b\u1edfi ch\u1eb3ng d\u00e1m \u0111\u1ed1i m\u1eb7t n\u00ean th\u00e0nh n\u1ed7i lo th\u1ea5m qua ng\u00e0y ng\u00e0y th\u00e1ng th\u00e1ng, h\u1ee7y ho\u1ea1i d\u1ea7n t\u1eebng m\u1ea3nh linh h\u1ed3n.<\/p>\n<p>Gi\u00f3 l\u1ea1nh m\u00f9a \u0111\u00f4ng ph\u00f3ng \u0111\u1ea1i m\u1ecdi n\u1ed7i s\u1ee3. S\u1ee3 tr\u1eddi d\u1ea7n chuy\u1ec3n r\u00e9t, s\u1ee3 b\u1ea7u tr\u1eddi \u00e2m u x\u00e1m x\u1ecbt, s\u1ee3 ti\u1ebfng gi\u00f3 r\u00edt v\u00e0o thanh c\u1eeda mang h\u01a1i l\u1ea1nh v\u1ec1. S\u1ee3 m\u1ed9t m\u00ecnh qua \u0111\u01b0\u1eddng gi\u1eefa ph\u1ed1, ng\u01b0\u1eddi v\u1edbi ng\u01b0\u1eddi ai c\u0169ng c\u00f3 tay \u0111an. May m\u00e0 m\u00f9a \u0111\u00f4ng r\u1ea5t ng\u1eafn ng\u1ee7i, v\u01b0\u1ee3t qua \u0111\u01b0\u1ee3c nh\u1eefng th\u1eddi \u0111i\u1ec3m kh\u00f3 kh\u0103n nh\u1ea5t, t\u1ea5t c\u1ea3 s\u1ebd tr\u1edf th\u00e0nh qu\u00e1 kh\u1ee9 \u0111\u00e3 xa. B\u1edfi ch\u1eb3ng m\u00f9a \u0111\u00f4ng n\u00e0o kh\u00f4ng th\u1ec3 v\u01b0\u1ee3t qua.<\/p>\n<p>Ch\u1eb3ng m\u00f9a \u0111\u00f4ng n\u00e0o kh\u00f4ng th\u1ec3 v\u01b0\u1ee3t qua l\u00e0 cu\u1ed1n s\u00e1ch gi\u00fap b\u1ea1n th\u01b0 gi\u00e3n, th\u1ea3 l\u1ecfng sau nh\u1eefng ng\u00e0y th\u00e1ng tr\u1ea7y tr\u1eadt v\u1edbi cu\u1ed9c \u0111\u1eddi. Y\u00eau \u0111\u01b0\u01a1ng c\u0169ng \u0111\u01b0\u1ee3c, l\u00e0m vi\u1ec7c c\u0169ng \u0111\u01b0\u1ee3c, ch\u1ec9 c\u1ea7n b\u1ea1n h\u1ebft m\u00ecnh, d\u0169ng c\u1ea3m ti\u1ebfn l\u00ean, th\u1eddi gian ch\u1eafc ch\u1eafn s\u1ebd cho b\u1ea1n c\u00e2u tr\u1ea3 l\u1eddi th\u1ecfa \u0111\u00e1ng nh\u1ea5t.<\/p>\n","protected":false},"excerpt":{"rendered":"<p>M\u00f9a \u0111\u00f4ng ch\u1ec9 lui t\u1edbi v\u00e0i ba th\u00e1ng m\u1ed9t n\u0103m, nh\u01b0ng c\u00f3 nh\u1eefng ng\u01b0\u1eddi l\u1ea1i b\u1ecb s\u1ef1 l\u1ea1nh l\u1ebdo theo ch\u00e2n c\u1ea3 cu\u1ed9c \u0111\u1eddi. Kh\u00f3 kh\u0103n v\u1ed1n xu\u1ea5t hi\u1ec7n v\u00e0o m\u1ed9t giai \u0111o\u1ea1n nh\u1ea5t th\u1eddi, nh\u01b0ng b\u1edfi nh\u1eefng suy ngh\u0129 ti\u00eau c\u1ef1c m\u00e0 tr\u1edf th\u00e0nh g\u00e1nh n\u1eb7ng trong l\u00f2ng ch\u00fang ta.<\/p>\n<p>R\u1ea5t nhi\u1ec1u kho\u1ea3nh kh\u1eafc, con ng\u01b0\u1eddi v\u00f4 t\u00ecnh qu\u00ean m\u1ea5t l\u00fd do v\u00ec sao b\u1ea3n th\u00e2n b\u1eaft \u0111\u1ea7u v\u00e0 n\u1ed7 l\u1ef1c \u0111\u1ebfn t\u1eadn h\u00f4m nay. H\u1ecd c\u1ee9 m\u1ea3i mi\u1ebft l\u1ea1c l\u1ed1i trong m\u00e0n \u0111\u00eam m\u00e0 kh\u00f4ng nh\u1eadn ra kho\u1ea3ng c\u00e1ch \u0111i t\u1edbi \u00e1nh s\u00e1ng ch\u1ec9 c\u00e1ch m\u1ed9t l\u1ea7n d\u0169ng c\u1ea3m m\u1edf m\u1eaft nh\u00ecn tr\u1eddi. C\u00f3 nh\u1eefng v\u1ea5n \u0111\u1ec1 trong \u0111\u1eddi th\u1eadt ra kh\u00f4ng qu\u00e1 nghi\u00eam tr\u1ecdng, nh\u01b0ng b\u1edfi ch\u1eb3ng d\u00e1m \u0111\u1ed1i m\u1eb7t n\u00ean th\u00e0nh n\u1ed7i lo th\u1ea5m qua ng\u00e0y ng\u00e0y th\u00e1ng th\u00e1ng, h\u1ee7y ho\u1ea1i d\u1ea7n t\u1eebng m\u1ea3nh linh h\u1ed3n.<\/p>\n<p>Gi\u00f3 l\u1ea1nh m\u00f9a \u0111\u00f4ng ph\u00f3ng \u0111\u1ea1i m\u1ecdi n\u1ed7i s\u1ee3. S\u1ee3 tr\u1eddi d\u1ea7n chuy\u1ec3n r\u00e9t, s\u1ee3 b\u1ea7u tr\u1eddi \u00e2m u x\u00e1m x\u1ecbt, s\u1ee3 ti\u1ebfng gi\u00f3 r\u00edt v\u00e0o thanh c\u1eeda mang h\u01a1i l\u1ea1nh v\u1ec1. S\u1ee3 m\u1ed9t m\u00ecnh qua \u0111\u01b0\u1eddng gi\u1eefa ph\u1ed1, ng\u01b0\u1eddi v\u1edbi ng\u01b0\u1eddi ai c\u0169ng c\u00f3 tay \u0111an. May m\u00e0 m\u00f9a \u0111\u00f4ng r\u1ea5t ng\u1eafn ng\u1ee7i, v\u01b0\u1ee3t qua \u0111\u01b0\u1ee3c nh\u1eefng th\u1eddi \u0111i\u1ec3m kh\u00f3 kh\u0103n nh\u1ea5t, t\u1ea5t c\u1ea3 s\u1ebd tr\u1edf th\u00e0nh qu\u00e1 kh\u1ee9 \u0111\u00e3 xa. B\u1edfi ch\u1eb3ng m\u00f9a \u0111\u00f4ng n\u00e0o kh\u00f4ng th\u1ec3 v\u01b0\u1ee3t qua.<\/p>\n<p>Ch\u1eb3ng m\u00f9a \u0111\u00f4ng n\u00e0o kh\u00f4ng th\u1ec3 v\u01b0\u1ee3t qua l\u00e0 cu\u1ed1n s\u00e1ch gi\u00fap b\u1ea1n th\u01b0 gi\u00e3n, th\u1ea3 l\u1ecfng sau nh\u1eefng ng\u00e0y th\u00e1ng tr\u1ea7y tr\u1eadt v\u1edbi cu\u1ed9c \u0111\u1eddi. Y\u00eau \u0111\u01b0\u01a1ng c\u0169ng \u0111\u01b0\u1ee3c, l\u00e0m vi\u1ec7c c\u0169ng \u0111\u01b0\u1ee3c, ch\u1ec9 c\u1ea7n b\u1ea1n h\u1ebft m\u00ecnh, d\u0169ng c\u1ea3m ti\u1ebfn l\u00ean, th\u1eddi gian ch\u1eafc ch\u1eafn s\u1ebd cho b\u1ea1n c\u00e2u tr\u1ea3 l\u1eddi th\u1ecfa \u0111\u00e1ng nh\u1ea5t.<\/p>\n","protected":false},"featured_media":6133,"template":"","meta":{"_acf_changed":false},"product_brand":[],"product_cat":[15,47],"product_tag":[81],"class_list":{"0":"post-6141","1":"product","2":"type-product","3":"status-publish","4":"has-post-thumbnail","6":"product_cat-sach-danh-cho-nguoi-lon","7":"product_cat-truyen-ngan-tan-van","8":"product_tag-sach-gia-uu-dai","10":"first","11":"outofstock","12":"sale","13":"taxable","14":"shipping-taxable","15":"purchasable","16":"product-type-simple"},"supplier_id":null,"supplier_sku":"","barcode":null,"atum_controlled":true,"out_stock_date":"2022-11-30 05:51:17","out_stock_threshold":null,"inheritable":false,"inbound_stock":0,"stock_on_hold":0,"sold_today":0,"sales_last_days":0,"reserved_stock":0,"customer_returns":0,"warehouse_damage":0,"lost_in_post":0,"other_logs":0,"out_stock_days":1155,"lost_sales":1978,"has_location":false,"update_date":"2026-01-28T23:10:39","atum_locations":[],"atum_stock_status":"outofstock","restock_status":false,"low_stock_amount":"","sales_update_date":"2026-01-28T23:10:39","calc_backorders":null,"acf":{"publisher":{"ID":1785,"post_author":"1","post_date":"2021-02-17 01:54:46","post_date_gmt":"2021-02-16 23:54:46","post_content":"<!-- wp:flatsome\/uxbuilder -->\n<h1 style=\"text-align: center;\"><strong>AZ VIETNAM<\/strong><\/h1>\n[row]\n\n[col span=\"8\" span__sm=\"12\"]\n\n<p>Th\u00e0nh l\u1eadp n\u0103m: 2015<br \/>V\u1ed1n \u0111\u1ea7u t\u01b0: 4,000,000,000 \u0111\u1ed3ng<br \/><strong>L\u0129nh v\u1ef1c:<\/strong><br \/>- Xu\u1ea5t b\u1ea3n v\u00e0 ph\u00e1t h\u00e0nh v\u0103n h\u00f3a ph\u1ea9m<br \/>- Cung c\u1ea5p v\u0103n h\u00f3a ph\u1ea9m, c\u00e1c s\u1ea3n ph\u1ea9m cho in \u1ea5n, trang thi\u1ebft b\u1ecb cho c\u00e1c th\u01b0 vi\u1ec7n v\u00e0 trung t\u00e2m s\u00e1ch tr\u00ean c\u1ea3 n\u01b0\u1edbc.<br \/>- Th\u1eddi trang v\u00e0 c\u00e1c s\u1ea3n ph\u1ea9m li\u00ean quan \u0111\u1ebfn l\u0129nh v\u1ef1c th\u1eddi trang<br \/>- Xu\u1ea5t nh\u1eadp kh\u1ea9u c\u00e1c s\u1ea3n ph\u1ea9m v\u0103n h\u00f3a<\/p>\n<p><strong>Quy m\u00f4:<\/strong> 60 nh\u00e2n vi\u00ean<br \/>Kh\u1edfi ngu\u1ed3n c\u1ee7a AZ Vi\u1ec7t Nam ng\u00e0y nay l\u00e0 C\u00f4ng ty TNHH Trung t\u00e2m S\u00e1ch v\u00e0 Thi\u1ebft b\u1ecb Th\u01b0 vi\u1ec7n, v\u1edbi ho\u1ea1t \u0111\u1ed9ng \u0111\u1ea7u ti\u00ean l\u00e0 cung c\u1ea5p s\u00e1ch, trang thi\u1ebft b\u1ecb, v\u0103n h\u00f3a ph\u1ea9m cho c\u00e1c th\u01b0 vi\u1ec7n v\u00e0 trung t\u00e2m s\u00e1ch tr\u00ean c\u1ea3 n\u01b0\u1edbc. T\u1eeb cu\u1ed1i n\u0103m 2010 \u0111\u1ebfn nay, ch\u00fang t\u00f4i \u0111\u00e3 kh\u00f4ng ng\u1eebng n\u1ed7 l\u1ef1c khai ph\u00e1 v\u00e0 ph\u00e1t tri\u1ec3n c\u00e1c d\u00f2ng s\u1ea3n ph\u1ea9m m\u1edbi v\u1edbi 8 th\u01b0\u01a1ng hi\u1ec7u uy t\u00edn. \u0110\u1ec3 \u0111\u00e1p \u1ee9ng nhu c\u1ea7u ph\u00e1t tri\u1ec3n ng\u00e0y m\u1ed9t l\u1edbn m\u1ea1nh v\u00e0 t\u1eadp h\u1ee3p c\u00e1c th\u01b0\u01a1ng hi\u1ec7u \u0111\u00e3 \u0111\u01b0\u1ee3c ch\u00fang t\u00f4i x\u00e2y d\u1ef1ng, 2015 C\u00f4ng ty TNHH AZ Vi\u1ec7t Nam \u0111\u00e3 ra \u0111\u1eddi v\u1edbi s\u1ee9 m\u1ec7nh mang \u0111\u1ebfn nhi\u1ec1u h\u01a1n n\u1eefa nh\u1eefng gi\u00e1 tr\u1ecb tinh th\u1ea7n, tri th\u1ee9c ti\u00ean ti\u1ebfn cho ng\u01b0\u1eddi ti\u00eau d\u00f9ng b\u1eb1ng vi\u1ec7c cung c\u1ea5p nh\u1eefng s\u1ea3n ph\u1ea9m c\u00f3 ch\u1ea5t l\u01b0\u1ee3ng.<\/p>\n\n[\/col]\n[col span=\"4\" span__sm=\"12\"]\n\n[ux_image id=\"1836\" image_size=\"medium\"]\n\n\n[\/col]\n\n[\/row]\n\n<!-- \/wp:flatsome\/uxbuilder -->","post_title":"AZ Vi\u1ec7t Nam","post_excerpt":"","post_status":"publish","comment_status":"closed","ping_status":"closed","post_password":"","post_name":"az-viet-nam","to_ping":"","pinged":"","post_modified":"2021-02-17 22:07:10","post_modified_gmt":"2021-02-17 20:07:10","post_content_filtered":"","post_parent":0,"guid":"https:\/\/sachviet.eu\/nha-phat-hanh\/az-viet-nam\/","menu_order":0,"post_type":"publisher","post_mime_type":"","comment_count":"0","filter":"raw"}},"_links":{"self":[{"href":"https:\/\/sachviet.eu\/en\/wp-json\/wp\/v2\/product\/6141","targetHints":{"allow":["GET"]}}],"collection":[{"href":"https:\/\/sachviet.eu\/en\/wp-json\/wp\/v2\/product"}],"about":[{"href":"https:\/\/sachviet.eu\/en\/wp-json\/wp\/v2\/types\/product"}],"wp:featuredmedia":[{"embeddable":true,"href":"https:\/\/sachviet.eu\/en\/wp-json\/wp\/v2\/media\/6133"}],"wp:attachment":[{"href":"https:\/\/sachviet.eu\/en\/wp-json\/wp\/v2\/media?parent=6141"}],"wp:term":[{"taxonomy":"product_brand","embeddable":true,"href":"https:\/\/sachviet.eu\/en\/wp-json\/wp\/v2\/product_brand?post=6141"},{"taxonomy":"product_cat","embeddable":true,"href":"https:\/\/sachviet.eu\/en\/wp-json\/wp\/v2\/product_cat?post=6141"},{"taxonomy":"product_tag","embeddable":true,"href":"https:\/\/sachviet.eu\/en\/wp-json\/wp\/v2\/product_tag?post=6141"}],"curies":[{"name":"wp","href":"https:\/\/api.w.org\/{rel}","templated":true}]}}