{"id":6131,"date":"2021-03-14T02:43:12","date_gmt":"2021-03-14T00:43:12","guid":{"rendered":"https:\/\/sachviet.eu\/shop\/nhung-cuon-sach-thay-doi-lich-su\/"},"modified":"2022-12-19T22:18:12","modified_gmt":"2022-12-19T20:18:12","slug":"nhung-cuon-sach-thay-doi-lich-su","status":"publish","type":"product","link":"https:\/\/sachviet.eu\/en\/shop\/nhung-cuon-sach-thay-doi-lich-su\/","title":{"rendered":"Nh\u1eefng Cu\u1ed1n S\u00e1ch Thay \u0110\u1ed5i L\u1ecbch S\u1eed"},"content":{"rendered":"<p>Nh\u1eefng cu\u1ed1n s\u00e1ch thay \u0111\u1ed5i l\u1ecbch s\u1eed l\u00e0 m\u1ed9t c\u1ea9m nang \u0111\u1eb9p \u0111\u1ebd v\u00e0 m\u00ea ho\u1eb7c v\u1ec1 h\u01a1n 80 t\u00e1c ph\u1ea9m n\u1ed5i ti\u1ebfng, qu\u00fd hi\u1ebfm v\u00e0 quan tr\u1ecdng b\u1eadc nh\u1ea5t th\u1ebf gi\u1edbi, t\u1eeb s\u1eed thi Mah\u0101bh\u0101rata cho \u0111\u1ebfn Kinh Th\u00e1nh Gutenberg. M\u1ed7i ch\u01b0\u01a1ng s\u1ebd tr\u00ecnh b\u00e0y m\u1ed9t c\u00e1ch sinh \u0111\u1ed9ng v\u1ec1 l\u1ecbch s\u1eed ra \u0111\u1eddi v\u00e0 t\u1ea7m \u1ea3nh h\u01b0\u1edfng c\u1ee7a t\u1eebng cu\u1ed1n s\u00e1ch n\u1ed5i b\u1eadt \u0111\u01b0\u1ee3c k\u1ec3 t\u00ean, d\u00f9 \u0111\u00f3 l\u00e0 nh\u1eefng b\u1ea3n th\u1ea3o ch\u00e9p tay trang tr\u00ed, nh\u1eefng t\u1eadp s\u00e1ch in s\u1ed1 l\u01b0\u1ee3ng l\u1edbn hay nh\u1eefng v\u00ed d\u1ee5 ti\u00eau bi\u1ec3u nh\u1ea5t c\u1ee7a th\u1ec3 lo\u1ea1i v\u0103n h\u1ecdc minh h\u1ecda.<\/p>\n<p>&#8220;Trong nh\u1eefng trang s\u00e1ch n\u00e0y, ch\u00fang ta s\u1ebd t\u00ecm th\u1ea5y nhi\u1ec1u danh t\u00e1c \u0111\u00e3 \u0111\u1ecbnh h\u00ecnh th\u1ebf gi\u1edbi ta \u0111ang s\u1ed1ng. Ch\u00fang l\u00e0 ti\u1ebfng n\u00f3i c\u1ee7a s\u1ef1 th\u00f4ng th\u00e1i v\u00e0 m\u1eb7c kh\u1ea3i, c\u1ee7a s\u1ef1 ti\u1ebfn b\u1ed9 hay th\u1eadm ch\u00ed l\u00e0 h\u1ebft s\u1ee9c t\u00e1o b\u1ea1o, m\u1ed9t s\u1ed1 t\u00e1c ph\u1ea9m c\u00f3 t\u1ea7m \u1ea3nh h\u01b0\u1edfng v\u00f4 c\u00f9ng \u0111\u00e1ng kinh ng\u1ea1c, v\u00e0 nhi\u1ec1u t\u00e1c ph\u1ea9m v\u1eabn c\u00f2n truy\u1ec1n c\u1ea3m h\u1ee9ng cho \u0111\u1ebfn t\u1eadn ng\u00e0y nay. M\u1ed9t s\u1ed1 t\u00e1c ph\u1ea9m \u0111\u1ea1i di\u1ec7n cho nh\u1eefng g\u00ec t\u1ed1t nh\u1ea5t c\u1ee7a lo\u00e0i ng\u01b0\u1eddi ch\u00fang ta, s\u1ed1 kh\u00e1c th\u00ec kh\u00f4ng, nh\u01b0ng t\u1ef1u trung ch\u00fang \u0111\u1ec1u nh\u1eafc ta nh\u1edb r\u1eb1ng s\u00e1ch th\u1eadt s\u1ef1 l\u00e0 ng\u01b0\u1eddi b\u1ea1n s\u1ebd kh\u00f4ng bao gi\u1edd r\u1eddi b\u1ecf ta. \u0110\u00f3 l\u00e0 l\u00fd do t\u1ea1i sao ch\u00fang ta tr\u00e2n tr\u1ecdng s\u00e1ch \u0111\u1ebfn th\u1ebf.&#8221; &#8211; Tr\u00edch &#8220;L\u1eddi n\u00f3i \u0111\u1ea7u&#8221; c\u1ee7a James Naughtie &#8211;<\/p>\n","protected":false},"excerpt":{"rendered":"<p>Nh\u1eefng cu\u1ed1n s\u00e1ch thay \u0111\u1ed5i l\u1ecbch s\u1eed l\u00e0 m\u1ed9t c\u1ea9m nang \u0111\u1eb9p \u0111\u1ebd v\u00e0 m\u00ea ho\u1eb7c v\u1ec1 h\u01a1n 80 t\u00e1c ph\u1ea9m n\u1ed5i ti\u1ebfng, qu\u00fd hi\u1ebfm v\u00e0 quan tr\u1ecdng b\u1eadc nh\u1ea5t th\u1ebf gi\u1edbi, t\u1eeb s\u1eed thi Mah\u0101bh\u0101rata cho \u0111\u1ebfn Kinh Th\u00e1nh Gutenberg. M\u1ed7i ch\u01b0\u01a1ng s\u1ebd tr\u00ecnh b\u00e0y m\u1ed9t c\u00e1ch sinh \u0111\u1ed9ng v\u1ec1 l\u1ecbch s\u1eed ra \u0111\u1eddi v\u00e0 t\u1ea7m \u1ea3nh h\u01b0\u1edfng c\u1ee7a t\u1eebng cu\u1ed1n s\u00e1ch n\u1ed5i b\u1eadt \u0111\u01b0\u1ee3c k\u1ec3 t\u00ean, d\u00f9 \u0111\u00f3 l\u00e0 nh\u1eefng b\u1ea3n th\u1ea3o ch\u00e9p tay trang tr\u00ed, nh\u1eefng t\u1eadp s\u00e1ch in s\u1ed1 l\u01b0\u1ee3ng l\u1edbn hay nh\u1eefng v\u00ed d\u1ee5 ti\u00eau bi\u1ec3u nh\u1ea5t c\u1ee7a th\u1ec3 lo\u1ea1i v\u0103n h\u1ecdc minh h\u1ecda.<\/p>\n<p>&#8220;Trong nh\u1eefng trang s\u00e1ch n\u00e0y, ch\u00fang ta s\u1ebd t\u00ecm th\u1ea5y nhi\u1ec1u danh t\u00e1c \u0111\u00e3 \u0111\u1ecbnh h\u00ecnh th\u1ebf gi\u1edbi ta \u0111ang s\u1ed1ng. Ch\u00fang l\u00e0 ti\u1ebfng n\u00f3i c\u1ee7a s\u1ef1 th\u00f4ng th\u00e1i v\u00e0 m\u1eb7c kh\u1ea3i, c\u1ee7a s\u1ef1 ti\u1ebfn b\u1ed9 hay th\u1eadm ch\u00ed l\u00e0 h\u1ebft s\u1ee9c t\u00e1o b\u1ea1o, m\u1ed9t s\u1ed1 t\u00e1c ph\u1ea9m c\u00f3 t\u1ea7m \u1ea3nh h\u01b0\u1edfng v\u00f4 c\u00f9ng \u0111\u00e1ng kinh ng\u1ea1c, v\u00e0 nhi\u1ec1u t\u00e1c ph\u1ea9m v\u1eabn c\u00f2n truy\u1ec1n c\u1ea3m h\u1ee9ng cho \u0111\u1ebfn t\u1eadn ng\u00e0y nay. M\u1ed9t s\u1ed1 t\u00e1c ph\u1ea9m \u0111\u1ea1i di\u1ec7n cho nh\u1eefng g\u00ec t\u1ed1t nh\u1ea5t c\u1ee7a lo\u00e0i ng\u01b0\u1eddi ch\u00fang ta, s\u1ed1 kh\u00e1c th\u00ec kh\u00f4ng, nh\u01b0ng t\u1ef1u trung ch\u00fang \u0111\u1ec1u nh\u1eafc ta nh\u1edb r\u1eb1ng s\u00e1ch th\u1eadt s\u1ef1 l\u00e0 ng\u01b0\u1eddi b\u1ea1n s\u1ebd kh\u00f4ng bao gi\u1edd r\u1eddi b\u1ecf ta. \u0110\u00f3 l\u00e0 l\u00fd do t\u1ea1i sao ch\u00fang ta tr\u00e2n tr\u1ecdng s\u00e1ch \u0111\u1ebfn th\u1ebf.&#8221; &#8211; Tr\u00edch &#8220;L\u1eddi n\u00f3i \u0111\u1ea7u&#8221; c\u1ee7a James Naughtie &#8211;<\/p>\n","protected":false},"featured_media":6126,"template":"","meta":{"_acf_changed":false},"product_brand":[],"product_cat":[15],"product_tag":[85],"class_list":{"0":"post-6131","1":"product","2":"type-product","3":"status-publish","4":"has-post-thumbnail","6":"product_cat-sach-danh-cho-nguoi-lon","7":"product_tag-special-editions","9":"first","10":"instock","11":"taxable","12":"shipping-taxable","13":"purchasable","14":"product-type-simple"},"supplier_id":null,"supplier_sku":"","barcode":null,"atum_controlled":true,"out_stock_date":null,"out_stock_threshold":null,"inheritable":false,"inbound_stock":0,"stock_on_hold":0,"sold_today":0,"sales_last_days":0,"reserved_stock":0,"customer_returns":0,"warehouse_damage":0,"lost_in_post":0,"other_logs":0,"out_stock_days":0,"lost_sales":0,"has_location":false,"update_date":"2026-01-28T23:10:39","atum_locations":[],"atum_stock_status":"instock","restock_status":false,"low_stock_amount":"","sales_update_date":"2026-01-28T23:10:39","calc_backorders":null,"acf":{"publisher":{"ID":1544,"post_author":"1","post_date":"2021-02-17 01:24:05","post_date_gmt":"2021-02-16 23:24:05","post_content":"","post_title":"\u0110\u00f4ng A","post_excerpt":"","post_status":"publish","comment_status":"closed","ping_status":"closed","post_password":"","post_name":"dong-a","to_ping":"","pinged":"","post_modified":"2021-02-17 01:24:05","post_modified_gmt":"2021-02-16 23:24:05","post_content_filtered":"","post_parent":0,"guid":"https:\/\/sachviet.eu\/nha-phat-hanh\/dong-a\/","menu_order":0,"post_type":"publisher","post_mime_type":"","comment_count":"0","filter":"raw"}},"_links":{"self":[{"href":"https:\/\/sachviet.eu\/en\/wp-json\/wp\/v2\/product\/6131","targetHints":{"allow":["GET"]}}],"collection":[{"href":"https:\/\/sachviet.eu\/en\/wp-json\/wp\/v2\/product"}],"about":[{"href":"https:\/\/sachviet.eu\/en\/wp-json\/wp\/v2\/types\/product"}],"wp:featuredmedia":[{"embeddable":true,"href":"https:\/\/sachviet.eu\/en\/wp-json\/wp\/v2\/media\/6126"}],"wp:attachment":[{"href":"https:\/\/sachviet.eu\/en\/wp-json\/wp\/v2\/media?parent=6131"}],"wp:term":[{"taxonomy":"product_brand","embeddable":true,"href":"https:\/\/sachviet.eu\/en\/wp-json\/wp\/v2\/product_brand?post=6131"},{"taxonomy":"product_cat","embeddable":true,"href":"https:\/\/sachviet.eu\/en\/wp-json\/wp\/v2\/product_cat?post=6131"},{"taxonomy":"product_tag","embeddable":true,"href":"https:\/\/sachviet.eu\/en\/wp-json\/wp\/v2\/product_tag?post=6131"}],"curies":[{"name":"wp","href":"https:\/\/api.w.org\/{rel}","templated":true}]}}