{"id":6120,"date":"2021-03-14T02:42:34","date_gmt":"2021-03-14T00:42:34","guid":{"rendered":"https:\/\/sachviet.eu\/shop\/sapiens-luoc-su-loai-nguoi\/"},"modified":"2021-07-26T19:33:52","modified_gmt":"2021-07-26T16:33:52","slug":"sapiens-luoc-su-loai-nguoi","status":"publish","type":"product","link":"https:\/\/sachviet.eu\/en\/shop\/sapiens-luoc-su-loai-nguoi\/","title":{"rendered":"Sapiens &#8211; L\u01b0\u1ee3c S\u1eed Lo\u00e0i Ng\u01b0\u1eddi"},"content":{"rendered":"<p>Sapiens, \u0111\u01b0a ch\u00fang ta v\u00e0o m\u1ed9t chuy\u1ebfn \u0111i kinh ng\u1ea1c qua to\u00e0n b\u1ed9 l\u1ecbch s\u1eed lo\u00e0i ng\u01b0\u1eddi, t\u1eeb nh\u1eefng g\u1ed1c r\u1ec5 ti\u1ebfn h\u00f3a c\u1ee7a n\u00f3 \u0111\u1ebfn th\u1eddi \u0111\u1ea1i c\u1ee7a ch\u1ee7 ngh\u0129a t\u01b0 b\u1ea3n v\u00e0 k\u1ef9 thu\u1eadt di truy\u1ec1n, \u0111\u1ec3 kh\u00e1m ph\u00e1 t\u1ea1i sao ch\u00fang ta \u0111ang trong nh\u1eefng \u0111i\u1ec1u ki\u1ec7n sinh s\u1ed1ng hi\u1ec7n t\u1ea1i.<\/p>\n<p>Sapiens t\u1eadp trung v\u00e0o c\u00e1c qu\u00e1 tr\u00ecnh quan tr\u1ecdng \u0111\u00e3 \u0111\u1ecbnh h\u00ecnh lo\u00e0i ng\u01b0\u1eddi v\u00e0 th\u1ebf gi\u1edbi quanh n\u00f3, ch\u1eb3ng h\u1ea1n nh\u01b0 s\u1ef1 ra \u0111\u1eddi c\u1ee7a s\u1ea3n xu\u1ea5t n\u00f4ng nghi\u1ec7p, vi\u1ec7c t\u1ea1o ra ti\u1ec1n, s\u1ef1 lan truy\u1ec1n c\u1ee7a nh\u1eefng t\u00f4n gi\u00e1o, v\u00e0 s\u1ef1 n\u1ed5i l\u00ean c\u1ee7a nh\u1eefng nh\u00e0 n\u01b0\u1edbc qu\u1ed1c gia. Kh\u00f4ng gi\u1ed1ng nh\u01b0 nh\u1eefng quy\u1ec3n s\u00e1ch kh\u00e1c c\u00f9ng lo\u1ea1i, Sapiens \u0111\u00e3 c\u00f3 m\u1ed9t l\u1ed1i ti\u1ebfp c\u1eadn li\u00ean ng\u00e0nh h\u1ecdc, b\u1eafc c\u1ea7u qua nh\u1eefng kho\u1ea3ng c\u00e1ch gi\u1eefa l\u1ecbch s\u1eed, sinh h\u1ecdc, tri\u1ebft h\u1ecdc v\u00e0 kinh t\u1ebf theo m\u1ed9t l\u1ed1i tr\u01b0\u1edbc \u0111\u00e2y ch\u01b0a t\u1eebng c\u00f3. H\u01a1n n\u1eefa, l\u1ea5y c\u1ea3 quan \u0111i\u1ec3m v\u0129 m\u00f4 v\u00e0 vi m\u00f4, Sapiens kh\u00f4ng ch\u1ec9 \u0111\u1ec1 c\u1eadp \u0111\u1ebfn nh\u1eefng g\u00ec \u0111\u00e3 x\u1ea3y ra v\u00e0 t\u1ea1i sao, m\u00e0 c\u00f2n \u0111i s\u00e2u v\u00e0o vi\u1ec7c nh\u1eefng c\u00e1 nh\u00e2n trong l\u1ecbch s\u1eed \u0111\u00f3 \u0111\u00e3 c\u1ea3m nh\u1eadn n\u00f3 nh\u01b0 th\u1ebf n\u00e0o.<\/p>\n<p>C\u00e2u h\u1ecfi l\u1edbn v\u00e0 s\u00e2u s\u1eafc c\u1ee7a Harari l\u00e0: ch\u00fang ta th\u1ef1c s\u1ef1 mu\u1ed1n g\u00ec? C\u00f3 c\u00e1ch n\u00e0o \u0111\u1ec3 \u0111\u1ea1t \u0111\u01b0\u1ee3c h\u1ea1nh ph\u00fac cho con ng\u01b0\u1eddi ch\u00fang ta, ho\u1eb7c th\u1eadm ch\u00ed li\u1ec7u ch\u00fang ta c\u00f3 bi\u1ebft \u0111\u01b0\u1ee3c n\u00f3 l\u00e0 g\u00ec hay kh\u00f4ng? Trong c\u1ed1t l\u00f5i c\u1ee7a n\u00f3, Sapiens bi\u1ec7n lu\u1eadn r\u1eb1ng ch\u00fang ta kh\u00f4ng bi\u1ebft v\u1ec1 b\u1ea3n th\u00e2n ch\u00fang ta, hu\u1ed1ng chi bi\u1ebft \u0111\u01b0\u1ee3c nh\u1eefng nhu c\u1ea7u c\u1ee7a nh\u1eefng lo\u00e0i sinh v\u1eadt kh\u00e1c. Ch\u00fang ta \u0111\u00e3 qu\u00e1 th\u01b0\u1eddng xuy\u00ean b\u1ecb nh\u1eefng t\u01b0\u1edfng t\u01b0\u1ee3ng h\u01b0 c\u1ea5u c\u1ee7a ch\u00fang ta l\u1eeba d\u1ed1i. L\u1ecbch s\u1eed c\u0169ng l\u00e0 m\u1ed9t h\u01b0 c\u1ea5u, nh\u01b0ng m\u1ed9t h\u01b0 c\u1ea5u \u0111\u00e3 \u0111\u01b0\u1ee3c ki\u1ec1m ch\u1ebf b\u1edfi th\u1ef1c t\u1ea1i v\u00e0 bi\u1ec7n lu\u1eadn: m\u1ed9t h\u00ecnh th\u1ee9c c\u1ee7a huy\u1ec1n tho\u1ea1i \u2013 m\u1ed9t h\u01b0 c\u1ea5u h\u1eefu \u00edch \u2013 khi\u1ebfn n\u00f3 c\u00f3 th\u1ec3 mang l\u1ea1i s\u1ef1 gi\u00e1c ng\u1ed9 c\u1ee7a s\u1ef1 t\u1ef1 bi\u1ebft ch\u00ednh m\u00ecnh.<\/p>\n<p>\u201cT\u00f4i khuy\u1ebfn kh\u00edch t\u1ea5t c\u1ea3 ch\u00fang ta, d\u1eabu c\u00f3 nh\u1eefng tin t\u01b0\u1edfng t\u00edn ng\u01b0\u1ee1ng n\u00e0o, \u0111\u1ec3 \u0111\u1eb7t c\u00e2u h\u1ecfi v\u1ec1 nh\u1eefng thu\u1eadt k\u1ec3 c\u01a1 b\u1ea3n v\u1ec1 th\u1ebf gi\u1edbi ch\u00fang ta, \u0111\u1ec3 n\u1ed1i nh\u1eefng ph\u00e1t tri\u1ec3n ng\u00e0y x\u01b0a v\u1edbi nh\u1eefng quan t\u00e2m ng\u00e0y nay, v\u00e0 \u0111\u1ec3 kh\u00f4ng s\u1ee3 h\u00e3i nh\u1eefng v\u1ea5n \u0111\u1ec1 tranh lu\u1eadn\u201d (Yuval Noah Harari)<\/p>\n<p>\u0110\u00e1nh gi\u00e1:<\/p>\n<p>\u201cSapiens t\u00ecm c\u00e2u tr\u1ea3 l\u1eddi cho v\u1ea5n \u0111\u1ec1 l\u1edbn nh\u1ea5t c\u1ee7a l\u1ecbch s\u1eed c\u0169ng nh\u01b0 c\u1ee7a th\u1ebf gi\u1edbi hi\u1ec7n \u0111\u1ea1i, v\u00e0 n\u00f3 \u0111\u01b0\u1ee3c vi\u1ebft b\u1eb1ng m\u1ed9t th\u1ee9 ng\u00f4n ng\u1eef tuy\u1ec7t v\u1eddi khi\u1ebfn ng\u01b0\u1eddi ta kh\u00f4ng th\u1ec3 qu\u00ean \u0111\u01b0\u1ee3c\u201d \u2013 Jared Diamond, t\u00e1c gi\u1ea3 cu\u1ed1n s\u00e1ch \u0111o\u1ea1t gi\u1ea3i Pulitzer S\u00fang, vi tr\u00f9ng v\u00e0 th\u00e9p.<\/p>\n<p>&#8220;\u0110i\u1ec3m \u0111\u1ed9c \u0111\u00e1o \u1edf Harari l\u00e0 \u00f4ng t\u1eadp trung v\u00e0o s\u1ee9c m\u1ea1nh c\u1ee7a c\u00e2u chuy\u1ec7n v\u00e0 huy\u1ec1n tho\u1ea1i \u0111\u1ec3 \u0111\u01b0a m\u1ecdi ng\u01b0\u1eddi l\u1ea1i g\u1ea7n nhau &#8230; T\u00f4i mu\u1ed1n gi\u1edbi thi\u1ec7u cu\u1ed1n s\u00e1ch n\u00e0y cho b\u1ea5t c\u1ee9 ai h\u1ee9ng th\u00fa quan t\u00e2m t\u1edbi m\u1ed9t c\u00e1ch nh\u00ecn \u0111\u1ea7y h\u1ea5p d\u1eabn v\u00e0 th\u00fa v\u1ecb v\u1ec1 l\u1ecbch s\u1eed ban \u0111\u1ea7u c\u1ee7a con ng\u01b0\u1eddi &#8230; Harari k\u1ec3 v\u1ec1 l\u1ecbch s\u1eed lo\u00e0i ng\u01b0\u1eddi theo m\u1ed9t c\u00e1ch d\u1ec5 ti\u1ebfp c\u1eadn khi\u1ebfn b\u1ea1n th\u1eadt kh\u00f3 c\u00f3 th\u1ec3 \u0111\u1eb7t n\u00f3 xu\u1ed1ng&#8221;<\/p>\n<p>&#8211; Bill Gates<\/p>\n<p>\u201cSapiens thu\u1ed9c v\u00e0o lo\u1ea1i nh\u1eefng cu\u1ed1n s\u00e1ch c\u00f3 th\u1ec3 gi\u00fap d\u1ecdn s\u1ea1ch t\u00e2m tr\u00ed b\u1ea1n. T\u00e1c gi\u1ea3 c\u1ee7a n\u00f3, Yuval Noah Harari, l\u00e0 m\u1ed9t h\u1ecdc gi\u1ea3 ng\u01b0\u1eddi Israel tr\u1ebb tu\u1ed5i v\u00e0 l\u00e0 m\u1ed9t ng\u01b0\u1eddi l\u00e0m xi\u1ebfc tri th\u1ee9c \u0111i\u00eau luy\u1ec7n v\u1edbi nh\u1eefng b\u01b0\u1edbc nh\u1ea3y logic khi\u1ebfn b\u1ea1n ph\u1ea3i th\u00f3t tim trong ng\u01b0\u1ee1ng m\u1ed9 &#8230; Ng\u00f2i b\u00fat c\u1ee7a Harari t\u1ecfa ph\u00e1t s\u1ee9c m\u1ea1nh v\u00e0 s\u1ef1 s\u00e1ng r\u00f5, l\u00e0m cho th\u1ebf gi\u1edbi tr\u1edf n\u00ean k\u1ef3 l\u1ea1 v\u00e0 m\u1edbi m\u1ebb &#8221;<\/p>\n<p>&#8211; John Carey, The Sunday Times<\/p>\n<p>\u0110i\u1ec1u khi\u1ebfn cu\u1ed1n s\u00e1ch tr\u1edf n\u00ean s\u1ef1 th\u00fa v\u1ecb v\u00e0 khi\u00eau kh\u00edch l\u00e0 b\u1edfi \u0111\u00e2y l\u00e0 m\u1ed9t cu\u1ed1n s\u1eed bao qu\u00e1t v\u00e0 s\u00fac t\u00edch; n\u00f3 n\u00f3i v\u1ec1 m\u1ed9t s\u1ed1 \u0111i\u1ec1u c\u1ed1t l\u00f5i \u0111\u00e3 cho ph\u00e9p ch\u00fang ta x\u00e2y d\u1ef1ng n\u1ec1n v\u0103n minh phi th\u01b0\u1eddng m\u00e0 ch\u00fang ta coi l\u00e0 nghi\u1ec5m nhi\u00ean ch\u1ee9 kh\u00f4ng ph\u1ea3i \u0111\u00e3 \u0111\u01b0\u1ee3c quy \u0111\u1ecbnh, v\u00e0 n\u00f3 mang \u0111\u1ebfn cho b\u1ea1n m\u1ed9t h\u00ecnh dung v\u1ec1 vi\u1ec7c qu\u00e3ng th\u1eddi gian ch\u00fang ta \u0111\u00e3 xu\u1ea5t hi\u1ec7n tr\u00ean tr\u00e1i \u0111\u1ea5t n\u00e0y ng\u1eafn \u0111\u1ebfn m\u1ee9c n\u00e0o\u201d<\/p>\n<p>&#8211; Barack Obama, CNN<\/p>\n","protected":false},"excerpt":{"rendered":"<p>Sapiens, \u0111\u01b0a ch\u00fang ta v\u00e0o m\u1ed9t chuy\u1ebfn \u0111i kinh ng\u1ea1c qua to\u00e0n b\u1ed9 l\u1ecbch s\u1eed lo\u00e0i ng\u01b0\u1eddi, t\u1eeb nh\u1eefng g\u1ed1c r\u1ec5 ti\u1ebfn h\u00f3a c\u1ee7a n\u00f3 \u0111\u1ebfn th\u1eddi \u0111\u1ea1i c\u1ee7a ch\u1ee7 ngh\u0129a t\u01b0 b\u1ea3n v\u00e0 k\u1ef9 thu\u1eadt di truy\u1ec1n, \u0111\u1ec3 kh\u00e1m ph\u00e1 t\u1ea1i sao ch\u00fang ta \u0111ang trong nh\u1eefng \u0111i\u1ec1u ki\u1ec7n sinh s\u1ed1ng hi\u1ec7n t\u1ea1i.<\/p>\n<p>Sapiens t\u1eadp trung v\u00e0o c\u00e1c qu\u00e1 tr\u00ecnh quan tr\u1ecdng \u0111\u00e3 \u0111\u1ecbnh h\u00ecnh lo\u00e0i ng\u01b0\u1eddi v\u00e0 th\u1ebf gi\u1edbi quanh n\u00f3, ch\u1eb3ng h\u1ea1n nh\u01b0 s\u1ef1 ra \u0111\u1eddi c\u1ee7a s\u1ea3n xu\u1ea5t n\u00f4ng nghi\u1ec7p, vi\u1ec7c t\u1ea1o ra ti\u1ec1n, s\u1ef1 lan truy\u1ec1n c\u1ee7a nh\u1eefng t\u00f4n gi\u00e1o, v\u00e0 s\u1ef1 n\u1ed5i l\u00ean c\u1ee7a nh\u1eefng nh\u00e0 n\u01b0\u1edbc qu\u1ed1c gia. Kh\u00f4ng gi\u1ed1ng nh\u01b0 nh\u1eefng quy\u1ec3n s\u00e1ch kh\u00e1c c\u00f9ng lo\u1ea1i, Sapiens \u0111\u00e3 c\u00f3 m\u1ed9t l\u1ed1i ti\u1ebfp c\u1eadn li\u00ean ng\u00e0nh h\u1ecdc, b\u1eafc c\u1ea7u qua nh\u1eefng kho\u1ea3ng c\u00e1ch gi\u1eefa l\u1ecbch s\u1eed, sinh h\u1ecdc, tri\u1ebft h\u1ecdc v\u00e0 kinh t\u1ebf theo m\u1ed9t l\u1ed1i tr\u01b0\u1edbc \u0111\u00e2y ch\u01b0a t\u1eebng c\u00f3. H\u01a1n n\u1eefa, l\u1ea5y c\u1ea3 quan \u0111i\u1ec3m v\u0129 m\u00f4 v\u00e0 vi m\u00f4, Sapiens kh\u00f4ng ch\u1ec9 \u0111\u1ec1 c\u1eadp \u0111\u1ebfn nh\u1eefng g\u00ec \u0111\u00e3 x\u1ea3y ra v\u00e0 t\u1ea1i sao, m\u00e0 c\u00f2n \u0111i s\u00e2u v\u00e0o vi\u1ec7c nh\u1eefng c\u00e1 nh\u00e2n trong l\u1ecbch s\u1eed \u0111\u00f3 \u0111\u00e3 c\u1ea3m nh\u1eadn n\u00f3 nh\u01b0 th\u1ebf n\u00e0o.<\/p>\n<p>C\u00e2u h\u1ecfi l\u1edbn v\u00e0 s\u00e2u s\u1eafc c\u1ee7a Harari l\u00e0: ch\u00fang ta th\u1ef1c s\u1ef1 mu\u1ed1n g\u00ec? C\u00f3 c\u00e1ch n\u00e0o \u0111\u1ec3 \u0111\u1ea1t \u0111\u01b0\u1ee3c h\u1ea1nh ph\u00fac cho con ng\u01b0\u1eddi ch\u00fang ta, ho\u1eb7c th\u1eadm ch\u00ed li\u1ec7u ch\u00fang ta c\u00f3 bi\u1ebft \u0111\u01b0\u1ee3c n\u00f3 l\u00e0 g\u00ec hay kh\u00f4ng? Trong c\u1ed1t l\u00f5i c\u1ee7a n\u00f3, Sapiens bi\u1ec7n lu\u1eadn r\u1eb1ng ch\u00fang ta kh\u00f4ng bi\u1ebft v\u1ec1 b\u1ea3n th\u00e2n ch\u00fang ta, hu\u1ed1ng chi bi\u1ebft \u0111\u01b0\u1ee3c nh\u1eefng nhu c\u1ea7u c\u1ee7a nh\u1eefng lo\u00e0i sinh v\u1eadt kh\u00e1c. Ch\u00fang ta \u0111\u00e3 qu\u00e1 th\u01b0\u1eddng xuy\u00ean b\u1ecb nh\u1eefng t\u01b0\u1edfng t\u01b0\u1ee3ng h\u01b0 c\u1ea5u c\u1ee7a ch\u00fang ta l\u1eeba d\u1ed1i. L\u1ecbch s\u1eed c\u0169ng l\u00e0 m\u1ed9t h\u01b0 c\u1ea5u, nh\u01b0ng m\u1ed9t h\u01b0 c\u1ea5u \u0111\u00e3 \u0111\u01b0\u1ee3c ki\u1ec1m ch\u1ebf b\u1edfi th\u1ef1c t\u1ea1i v\u00e0 bi\u1ec7n lu\u1eadn: m\u1ed9t h\u00ecnh th\u1ee9c c\u1ee7a huy\u1ec1n tho\u1ea1i \u2013 m\u1ed9t h\u01b0 c\u1ea5u h\u1eefu \u00edch \u2013 khi\u1ebfn n\u00f3 c\u00f3 th\u1ec3 mang l\u1ea1i s\u1ef1 gi\u00e1c ng\u1ed9 c\u1ee7a s\u1ef1 t\u1ef1 bi\u1ebft ch\u00ednh m\u00ecnh.<\/p>\n<p>\u201cT\u00f4i khuy\u1ebfn kh\u00edch t\u1ea5t c\u1ea3 ch\u00fang ta, d\u1eabu c\u00f3 nh\u1eefng tin t\u01b0\u1edfng t\u00edn ng\u01b0\u1ee1ng n\u00e0o, \u0111\u1ec3 \u0111\u1eb7t c\u00e2u h\u1ecfi v\u1ec1 nh\u1eefng thu\u1eadt k\u1ec3 c\u01a1 b\u1ea3n v\u1ec1 th\u1ebf gi\u1edbi ch\u00fang ta, \u0111\u1ec3 n\u1ed1i nh\u1eefng ph\u00e1t tri\u1ec3n ng\u00e0y x\u01b0a v\u1edbi nh\u1eefng quan t\u00e2m ng\u00e0y nay, v\u00e0 \u0111\u1ec3 kh\u00f4ng s\u1ee3 h\u00e3i nh\u1eefng v\u1ea5n \u0111\u1ec1 tranh lu\u1eadn\u201d (Yuval Noah Harari)<\/p>\n","protected":false},"featured_media":6103,"template":"","meta":{"_acf_changed":false},"product_brand":[],"product_cat":[18,15],"product_tag":[],"class_list":{"0":"post-6120","1":"product","2":"type-product","3":"status-publish","4":"has-post-thumbnail","6":"product_cat-kinh-te","7":"product_cat-sach-danh-cho-nguoi-lon","9":"first","10":"outofstock","11":"taxable","12":"shipping-taxable","13":"purchasable","14":"product-type-simple"},"supplier_id":null,"supplier_sku":"","barcode":null,"atum_controlled":true,"out_stock_date":"2021-07-26 16:33:52","out_stock_threshold":null,"inheritable":false,"inbound_stock":0,"stock_on_hold":0,"sold_today":0,"sales_last_days":0,"reserved_stock":0,"customer_returns":0,"warehouse_damage":0,"lost_in_post":0,"other_logs":0,"out_stock_days":1647,"lost_sales":0,"has_location":false,"update_date":"2026-01-28T23:10:39","atum_locations":[],"atum_stock_status":"outofstock","restock_status":false,"low_stock_amount":"","sales_update_date":"2026-01-28T23:10:39","calc_backorders":null,"acf":{"publisher":{"ID":2817,"post_author":"1","post_date":"2021-02-27 00:00:35","post_date_gmt":"2021-02-26 22:00:35","post_content":"","post_title":"Alpha Books","post_excerpt":"","post_status":"publish","comment_status":"closed","ping_status":"closed","post_password":"","post_name":"alpha-books","to_ping":"","pinged":"","post_modified":"2021-02-27 00:00:35","post_modified_gmt":"2021-02-26 22:00:35","post_content_filtered":"","post_parent":0,"guid":"https:\/\/sachviet.eu\/nha-phat-hanh\/alpha-books\/","menu_order":0,"post_type":"publisher","post_mime_type":"","comment_count":"0","filter":"raw"}},"_links":{"self":[{"href":"https:\/\/sachviet.eu\/en\/wp-json\/wp\/v2\/product\/6120","targetHints":{"allow":["GET"]}}],"collection":[{"href":"https:\/\/sachviet.eu\/en\/wp-json\/wp\/v2\/product"}],"about":[{"href":"https:\/\/sachviet.eu\/en\/wp-json\/wp\/v2\/types\/product"}],"wp:featuredmedia":[{"embeddable":true,"href":"https:\/\/sachviet.eu\/en\/wp-json\/wp\/v2\/media\/6103"}],"wp:attachment":[{"href":"https:\/\/sachviet.eu\/en\/wp-json\/wp\/v2\/media?parent=6120"}],"wp:term":[{"taxonomy":"product_brand","embeddable":true,"href":"https:\/\/sachviet.eu\/en\/wp-json\/wp\/v2\/product_brand?post=6120"},{"taxonomy":"product_cat","embeddable":true,"href":"https:\/\/sachviet.eu\/en\/wp-json\/wp\/v2\/product_cat?post=6120"},{"taxonomy":"product_tag","embeddable":true,"href":"https:\/\/sachviet.eu\/en\/wp-json\/wp\/v2\/product_tag?post=6120"}],"curies":[{"name":"wp","href":"https:\/\/api.w.org\/{rel}","templated":true}]}}