{"id":6102,"date":"2021-03-14T02:41:31","date_gmt":"2021-03-14T00:41:31","guid":{"rendered":"https:\/\/sachviet.eu\/shop\/nhu-ca-gap-nuoc\/"},"modified":"2021-06-10T01:15:32","modified_gmt":"2021-06-09T22:15:32","slug":"nhu-ca-gap-nuoc","status":"publish","type":"product","link":"https:\/\/sachviet.eu\/en\/shop\/nhu-ca-gap-nuoc\/","title":{"rendered":"Nh\u01b0 C\u00e1 G\u1eb7p N\u01b0\u1edbc"},"content":{"rendered":"<p>Lee Chanhyuk (AKMU) s\u1ebd ch\u00ednh th\u1ee9c ph\u00e1t h\u00e0nh quy\u1ec3n ti\u1ec3u thuy\u1ebft \u0111\u1ea7u tay do ch\u00ednh anh ch\u00e0ng l\u00e0 t\u00e1c gi\u1ea3.<\/p>\n<p>T\u00e1c ph\u1ea9m c\u00f3 t\u00ean l\u00e0 Nh\u01b0 C\u00e1 G\u1eb7p N\u01b0\u1edbc  bao g\u1ed3m n\u1ed9i dung c\u00f3 li\u00ean quan \u0111\u1ebfn album ph\u00f2ng thu th\u1ee9 3 \u201cSailing\u201d v\u00f4 c\u00f9ng n\u1ed5i ti\u1ebfng  c\u1ee7a b\u1ed9 \u0111\u00f4i AKMU. \u0110\u00e2y l\u00e0 m\u1ed9t quy\u1ec3n ti\u1ec3u thuy\u1ebft ch\u1ee9a \u0111\u1ef1ng nh\u1eefng quan \u0111i\u1ec3m v\u1ec1 ngh\u1ec7 thu\u1eadt v\u00e0 gi\u00e1 tr\u1ecb quan trong ch\u00ednh cu\u1ed9c s\u1ed1ng c\u1ee7a Chan Hyuk.<\/p>\n<p>YG Entertainment c\u0169ng cho bi\u1ebft r\u1eb1ng th\u00f4ng qua quy\u1ec3n s\u00e1ch n\u00e0y, ng\u01b0\u1eddi \u0111\u1ecdc c\u00f3 th\u1ec3 hi\u1ec3u h\u01a1n \u0111\u01b0\u1ee3c v\u1ec1 th\u1ebf gi\u1edbi quan c\u1ee7a ri\u00eang c\u1eadu \u1ea5y.<\/p>\n<p>Ngay t\u1eeb khi ph\u00e1t h\u00e0nh v\u00e0o th\u00e1ng 09\/2019, Nh\u01b0 C\u00e1 G\u1eb7p N\u01b0\u1edbc \u0111\u00e3 tr\u1edf th\u00e0nh m\u1ed9t trong n\u0103m cu\u1ed1n ti\u1ec3u thuy\u1ebft b\u00e1n ch\u1ea1y nh\u1ea5t trong c\u00e1c trang b\u00e1n s\u00e1ch tr\u1ef1c tuy\u1ebfn. Sau khi ph\u00e1t h\u00e0nh ch\u00ednh th\u1ee9c v\u00e0o ng\u00e0y 26 th\u00e1ng 9, \u1ea5n ph\u1ea9m \u0111\u00e3 \u0111\u1ee9ng \u0111\u1ea7u BXH c\u00e1c ti\u1ec3u thuy\u1ebft b\u00e1n ch\u1ea1y nh\u1ea5t tr\u00ean c\u00e1c hi\u1ec7u s\u00e1ch online v\u00e0 offline v\u00e0 l\u1ecdt v\u00e0o top 10 trong b\u1ea3ng x\u1ebfp h\u1ea1ng to\u00e0n di\u1ec7n.<\/p>\n<p>M\u1ed9t ngu\u1ed3n tin trong ng\u00e0nh xu\u1ea5t b\u1ea3n cho bi\u1ebft vi\u1ec7c m\u1ed9t cu\u1ed1n ti\u1ec3u thuy\u1ebft \u0111\u1ea7u tay b\u01b0\u1edbc v\u00e0o top \u0111\u1ea7u ngay sau khi xu\u1ea5t b\u1ea3n l\u00e0 chuy\u1ec7n kh\u00f3 tin. Cu\u1ed1n s\u00e1ch c\u1ee7a Lee Chanhyuk ti\u1ebfp t\u1ee5c cho th\u1ea5y s\u1ee9c c\u00f4ng ph\u00e1 khi v\u1eabn n\u1eb1m trong danh s\u00e1ch nh\u1eefng cu\u1ed1n ti\u1ec3u thuy\u1ebft b\u00e1n ch\u1ea1y nh\u1ea5t g\u1ea7n m\u1ed9t th\u00e1ng sau khi ra m\u1eaft v\u00e0 \u0111\u01b0\u1ee3c \u0111\u00e1nh gi\u00e1 l\u00e0 m\u1ed9t t\u00e1c ph\u1ea9m v\u0103n h\u1ecdc th\u1ed1ng tr\u1ecb th\u1ecb tr\u01b0\u1eddng ti\u1ec3u thuy\u1ebft H\u00e0n Qu\u1ed1c.<\/p>\n<p>Hi\u1ec7n s\u00e1ch \u0111\u00e3 \u0111\u01b0\u1ee3c Mintbooks mua b\u1ea3n quy\u1ec1n v\u00e0 ph\u00e1t h\u00e0nh phi\u00ean b\u1ea3n ti\u1ebfng Vi\u1ec7t c\u1ee7a t\u1ef1a s\u00e1ch n\u1ed5i ti\u1ebfng n\u00e0y trong th\u00e1ng 02\/2021.<\/p>\n<p>N\u1ebfu b\u1ea1n l\u00e0 m\u1ed9t fan y\u00eau th\u00edch nh\u1eefng b\u1ea3n nh\u1ea1c s\u00e2u l\u1eafng v\u1edbi ca t\u1eeb mang s\u1ee9c m\u1ea1nh ch\u1eefa l\u00e0nh t\u00e2m h\u1ed3n c\u1ee7a AKMU hay \u0111\u01a1n gi\u1ea3n ch\u1ec9 l\u00e0 m\u1ed9t ng\u01b0\u1eddi y\u00eau v\u0103n ch\u01b0\u01a1ng v\u00e0 tr\u00e2n tr\u1ecdng c\u00e1c gi\u00e1 tr\u1ecb v\u0103n h\u1ecdc \u0111\u00edch th\u1ef1c, h\u00e3y t\u00ecm \u0111\u1ecdc cu\u1ed1n s\u00e1ch \u0111\u1eb7c bi\u1ec7t \u00fd ngh\u0129a n\u00e0y ngay h\u00f4m nay nh\u00e9 ^^<\/p>\n","protected":false},"excerpt":{"rendered":"<p>Lee Chanhyuk (AKMU) s\u1ebd ch\u00ednh th\u1ee9c ph\u00e1t h\u00e0nh quy\u1ec3n ti\u1ec3u thuy\u1ebft \u0111\u1ea7u tay do ch\u00ednh anh ch\u00e0ng l\u00e0 t\u00e1c gi\u1ea3.<\/p>\n<p>T\u00e1c ph\u1ea9m c\u00f3 t\u00ean l\u00e0 Nh\u01b0 C\u00e1 G\u1eb7p N\u01b0\u1edbc  bao g\u1ed3m n\u1ed9i dung c\u00f3 li\u00ean quan \u0111\u1ebfn album ph\u00f2ng thu th\u1ee9 3 \u201cSailing\u201d v\u00f4 c\u00f9ng n\u1ed5i ti\u1ebfng  c\u1ee7a b\u1ed9 \u0111\u00f4i AKMU. \u0110\u00e2y l\u00e0 m\u1ed9t quy\u1ec3n ti\u1ec3u thuy\u1ebft ch\u1ee9a \u0111\u1ef1ng nh\u1eefng quan \u0111i\u1ec3m v\u1ec1 ngh\u1ec7 thu\u1eadt v\u00e0 gi\u00e1 tr\u1ecb quan trong ch\u00ednh cu\u1ed9c s\u1ed1ng c\u1ee7a Chan Hyuk.<\/p>\n<p>YG Entertainment c\u0169ng cho bi\u1ebft r\u1eb1ng th\u00f4ng qua quy\u1ec3n s\u00e1ch n\u00e0y, ng\u01b0\u1eddi \u0111\u1ecdc c\u00f3 th\u1ec3 hi\u1ec3u h\u01a1n \u0111\u01b0\u1ee3c v\u1ec1 th\u1ebf gi\u1edbi quan c\u1ee7a ri\u00eang c\u1eadu \u1ea5y.<\/p>\n<p>Ngay t\u1eeb khi ph\u00e1t h\u00e0nh v\u00e0o th\u00e1ng 09\/2019, Nh\u01b0 C\u00e1 G\u1eb7p N\u01b0\u1edbc \u0111\u00e3 tr\u1edf th\u00e0nh m\u1ed9t trong n\u0103m cu\u1ed1n ti\u1ec3u thuy\u1ebft b\u00e1n ch\u1ea1y nh\u1ea5t trong c\u00e1c trang b\u00e1n s\u00e1ch tr\u1ef1c tuy\u1ebfn. Sau khi ph\u00e1t h\u00e0nh ch\u00ednh th\u1ee9c v\u00e0o ng\u00e0y 26 th\u00e1ng 9, \u1ea5n ph\u1ea9m \u0111\u00e3 \u0111\u1ee9ng \u0111\u1ea7u BXH c\u00e1c ti\u1ec3u thuy\u1ebft b\u00e1n ch\u1ea1y nh\u1ea5t tr\u00ean c\u00e1c hi\u1ec7u s\u00e1ch online v\u00e0 offline v\u00e0 l\u1ecdt v\u00e0o top 10 trong b\u1ea3ng x\u1ebfp h\u1ea1ng to\u00e0n di\u1ec7n.<\/p>\n<p>M\u1ed9t ngu\u1ed3n tin trong ng\u00e0nh xu\u1ea5t b\u1ea3n cho bi\u1ebft vi\u1ec7c m\u1ed9t cu\u1ed1n ti\u1ec3u thuy\u1ebft \u0111\u1ea7u tay b\u01b0\u1edbc v\u00e0o top \u0111\u1ea7u ngay sau khi xu\u1ea5t b\u1ea3n l\u00e0 chuy\u1ec7n kh\u00f3 tin. Cu\u1ed1n s\u00e1ch c\u1ee7a Lee Chanhyuk ti\u1ebfp t\u1ee5c cho th\u1ea5y s\u1ee9c c\u00f4ng ph\u00e1 khi v\u1eabn n\u1eb1m trong danh s\u00e1ch nh\u1eefng cu\u1ed1n ti\u1ec3u thuy\u1ebft b\u00e1n ch\u1ea1y nh\u1ea5t g\u1ea7n m\u1ed9t th\u00e1ng sau khi ra m\u1eaft v\u00e0 \u0111\u01b0\u1ee3c \u0111\u00e1nh gi\u00e1 l\u00e0 m\u1ed9t t\u00e1c ph\u1ea9m v\u0103n h\u1ecdc th\u1ed1ng tr\u1ecb th\u1ecb tr\u01b0\u1eddng ti\u1ec3u thuy\u1ebft H\u00e0n Qu\u1ed1c.<\/p>\n","protected":false},"featured_media":6100,"template":"","meta":{"_acf_changed":false},"product_brand":[],"product_cat":[15,47],"product_tag":[],"class_list":{"0":"post-6102","1":"product","2":"type-product","3":"status-publish","4":"has-post-thumbnail","6":"product_cat-sach-danh-cho-nguoi-lon","7":"product_cat-truyen-ngan-tan-van","9":"first","10":"instock","11":"taxable","12":"shipping-taxable","13":"purchasable","14":"product-type-simple"},"supplier_id":null,"supplier_sku":"","barcode":null,"atum_controlled":true,"out_stock_date":null,"out_stock_threshold":null,"inheritable":false,"inbound_stock":1,"stock_on_hold":0,"sold_today":0,"sales_last_days":0,"reserved_stock":0,"customer_returns":0,"warehouse_damage":0,"lost_in_post":0,"other_logs":0,"out_stock_days":0,"lost_sales":0,"has_location":false,"update_date":"2026-01-28T23:10:39","atum_locations":[],"atum_stock_status":"instock","restock_status":false,"low_stock_amount":"","sales_update_date":"2026-01-28T23:10:39","calc_backorders":null,"acf":{"publisher":{"ID":1785,"post_author":"1","post_date":"2021-02-17 01:54:46","post_date_gmt":"2021-02-16 23:54:46","post_content":"<!-- wp:flatsome\/uxbuilder -->\n<h1 style=\"text-align: center;\"><strong>AZ VIETNAM<\/strong><\/h1>\n[row]\n\n[col span=\"8\" span__sm=\"12\"]\n\n<p>Th\u00e0nh l\u1eadp n\u0103m: 2015<br \/>V\u1ed1n \u0111\u1ea7u t\u01b0: 4,000,000,000 \u0111\u1ed3ng<br \/><strong>L\u0129nh v\u1ef1c:<\/strong><br \/>- Xu\u1ea5t b\u1ea3n v\u00e0 ph\u00e1t h\u00e0nh v\u0103n h\u00f3a ph\u1ea9m<br \/>- Cung c\u1ea5p v\u0103n h\u00f3a ph\u1ea9m, c\u00e1c s\u1ea3n ph\u1ea9m cho in \u1ea5n, trang thi\u1ebft b\u1ecb cho c\u00e1c th\u01b0 vi\u1ec7n v\u00e0 trung t\u00e2m s\u00e1ch tr\u00ean c\u1ea3 n\u01b0\u1edbc.<br \/>- Th\u1eddi trang v\u00e0 c\u00e1c s\u1ea3n ph\u1ea9m li\u00ean quan \u0111\u1ebfn l\u0129nh v\u1ef1c th\u1eddi trang<br \/>- Xu\u1ea5t nh\u1eadp kh\u1ea9u c\u00e1c s\u1ea3n ph\u1ea9m v\u0103n h\u00f3a<\/p>\n<p><strong>Quy m\u00f4:<\/strong> 60 nh\u00e2n vi\u00ean<br \/>Kh\u1edfi ngu\u1ed3n c\u1ee7a AZ Vi\u1ec7t Nam ng\u00e0y nay l\u00e0 C\u00f4ng ty TNHH Trung t\u00e2m S\u00e1ch v\u00e0 Thi\u1ebft b\u1ecb Th\u01b0 vi\u1ec7n, v\u1edbi ho\u1ea1t \u0111\u1ed9ng \u0111\u1ea7u ti\u00ean l\u00e0 cung c\u1ea5p s\u00e1ch, trang thi\u1ebft b\u1ecb, v\u0103n h\u00f3a ph\u1ea9m cho c\u00e1c th\u01b0 vi\u1ec7n v\u00e0 trung t\u00e2m s\u00e1ch tr\u00ean c\u1ea3 n\u01b0\u1edbc. T\u1eeb cu\u1ed1i n\u0103m 2010 \u0111\u1ebfn nay, ch\u00fang t\u00f4i \u0111\u00e3 kh\u00f4ng ng\u1eebng n\u1ed7 l\u1ef1c khai ph\u00e1 v\u00e0 ph\u00e1t tri\u1ec3n c\u00e1c d\u00f2ng s\u1ea3n ph\u1ea9m m\u1edbi v\u1edbi 8 th\u01b0\u01a1ng hi\u1ec7u uy t\u00edn. \u0110\u1ec3 \u0111\u00e1p \u1ee9ng nhu c\u1ea7u ph\u00e1t tri\u1ec3n ng\u00e0y m\u1ed9t l\u1edbn m\u1ea1nh v\u00e0 t\u1eadp h\u1ee3p c\u00e1c th\u01b0\u01a1ng hi\u1ec7u \u0111\u00e3 \u0111\u01b0\u1ee3c ch\u00fang t\u00f4i x\u00e2y d\u1ef1ng, 2015 C\u00f4ng ty TNHH AZ Vi\u1ec7t Nam \u0111\u00e3 ra \u0111\u1eddi v\u1edbi s\u1ee9 m\u1ec7nh mang \u0111\u1ebfn nhi\u1ec1u h\u01a1n n\u1eefa nh\u1eefng gi\u00e1 tr\u1ecb tinh th\u1ea7n, tri th\u1ee9c ti\u00ean ti\u1ebfn cho ng\u01b0\u1eddi ti\u00eau d\u00f9ng b\u1eb1ng vi\u1ec7c cung c\u1ea5p nh\u1eefng s\u1ea3n ph\u1ea9m c\u00f3 ch\u1ea5t l\u01b0\u1ee3ng.<\/p>\n\n[\/col]\n[col span=\"4\" span__sm=\"12\"]\n\n[ux_image id=\"1836\" image_size=\"medium\"]\n\n\n[\/col]\n\n[\/row]\n\n<!-- \/wp:flatsome\/uxbuilder -->","post_title":"AZ Vi\u1ec7t Nam","post_excerpt":"","post_status":"publish","comment_status":"closed","ping_status":"closed","post_password":"","post_name":"az-viet-nam","to_ping":"","pinged":"","post_modified":"2021-02-17 22:07:10","post_modified_gmt":"2021-02-17 20:07:10","post_content_filtered":"","post_parent":0,"guid":"https:\/\/sachviet.eu\/nha-phat-hanh\/az-viet-nam\/","menu_order":0,"post_type":"publisher","post_mime_type":"","comment_count":"0","filter":"raw"}},"_links":{"self":[{"href":"https:\/\/sachviet.eu\/en\/wp-json\/wp\/v2\/product\/6102","targetHints":{"allow":["GET"]}}],"collection":[{"href":"https:\/\/sachviet.eu\/en\/wp-json\/wp\/v2\/product"}],"about":[{"href":"https:\/\/sachviet.eu\/en\/wp-json\/wp\/v2\/types\/product"}],"wp:featuredmedia":[{"embeddable":true,"href":"https:\/\/sachviet.eu\/en\/wp-json\/wp\/v2\/media\/6100"}],"wp:attachment":[{"href":"https:\/\/sachviet.eu\/en\/wp-json\/wp\/v2\/media?parent=6102"}],"wp:term":[{"taxonomy":"product_brand","embeddable":true,"href":"https:\/\/sachviet.eu\/en\/wp-json\/wp\/v2\/product_brand?post=6102"},{"taxonomy":"product_cat","embeddable":true,"href":"https:\/\/sachviet.eu\/en\/wp-json\/wp\/v2\/product_cat?post=6102"},{"taxonomy":"product_tag","embeddable":true,"href":"https:\/\/sachviet.eu\/en\/wp-json\/wp\/v2\/product_tag?post=6102"}],"curies":[{"name":"wp","href":"https:\/\/api.w.org\/{rel}","templated":true}]}}