{"id":6083,"date":"2021-03-14T02:40:20","date_gmt":"2021-03-14T00:40:20","guid":{"rendered":"https:\/\/sachviet.eu\/shop\/grey-the-gioi-50-sac-thai-xam-qua-loi-tu-su-cua-christian-grey\/"},"modified":"2021-05-18T00:03:12","modified_gmt":"2021-05-17T21:03:12","slug":"grey-the-gioi-50-sac-thai-xam-qua-loi-tu-su-cua-christian-grey","status":"publish","type":"product","link":"https:\/\/sachviet.eu\/en\/shop\/grey-the-gioi-50-sac-thai-xam-qua-loi-tu-su-cua-christian-grey\/","title":{"rendered":"Grey: Th\u1ebf Gi\u1edbi 50 S\u1eafc Th\u00e1i &#8211; X\u00e1m Qua L\u1eddi T\u1ef1 S\u1ef1 C\u1ee7a Christian Grey"},"content":{"rendered":"<p>B\u1eb1ng ch\u00ednh gi\u1ecdng k\u1ec3 c\u1ee7a Christian v\u1edbi nh\u1eefng suy t\u01b0, ph\u00e1n x\u00e9t v\u00e0 \u01b0\u1edbc m\u01a1, E. L. James \u0111em \u0111\u1ebfn cho ng\u01b0\u1eddi \u0111\u1ecdc c\u00e1i nh\u00ecn r\u1ea5t \u0111\u1ed7i m\u1edbi m\u1ebb v\u1ec1 c\u00e2u chuy\u1ec7n t\u00ecnh y\u00eau khi\u1ebfn h\u00e0ng tri\u1ec7u \u0111\u1ed9c gi\u1ea3 tr\u00ean to\u00e0n th\u1ebf gi\u1edbi m\u00ea \u0111\u1eafm.<\/p>\n<p>CHRISTIAN GREY mu\u1ed1n ki\u1ec3m so\u00e1t m\u1ecdi th\u1ee9; th\u1ebf gi\u1edbi c\u1ee7a anh lu\u00f4n tr\u1eadt t\u1ef1, khu\u00f4n ph\u00e9p nh\u01b0ng ho\u00e0n to\u00e0n tr\u1ed1ng r\u1ed7ng &#8211; cho \u0111\u1ebfn m\u1ed9t ng\u00e0y, Anastasia Steele nh\u1eb9 nh\u00e0ng b\u01b0\u1edbc v\u00e0o v\u0103n ph\u00f2ng anh, \u0111\u00f4i c\u00e1nh tay thon th\u1ea3 ng\u01b0\u1ee3ng ng\u00f9ng \u0111an v\u00e0o m\u00e1i t\u00f3c n\u00e2u b\u1ed3ng b\u1ec1nh. Anh c\u1ed1 d\u1eb1n l\u00f2ng \u0111\u1ec3 qu\u00ean c\u00f4, nh\u01b0ng l\u1ea1i b\u1ecb cu\u1ed1n v\u00e0o c\u01a1n b\u00e3o c\u1ea3m x\u00fac m\u00e0 anh kh\u00f4ng t\u00e0i n\u00e0o hi\u1ec3u n\u1ed5i v\u00e0 c\u0169ng kh\u00f4ng th\u1ec3 c\u01b0\u1ee1ng l\u1ea1i \u0111\u01b0\u1ee3c. Ana kh\u00f4ng gi\u1ed1ng v\u1edbi b\u1ea5t k\u1ef3 ng\u01b0\u1eddi ph\u1ee5 n\u1eef n\u00e0o anh t\u1eebng bi\u1ebft &#8211; m\u1ed9t c\u00f4 g\u00e1i nh\u00fat nh\u00e1t, trong s\u00e1ng, kh\u00f4ng v\u01b0\u01a1ng ch\u00fat tr\u1ea7n t\u1ee5c. C\u00f4 d\u01b0\u1eddng nh\u01b0 c\u0169ng nh\u00ecn th\u1ea5u t\u00e2m can anh &#8211; m\u1ed9t Christian quy\u1ec1n l\u1ef1c v\u00e0 th\u00e0nh \u0111\u1ea1t, c\u00f3 l\u1ed1i s\u1ed1ng v\u00f4 c\u00f9ng xa hoa nh\u01b0ng tr\u00e1i tim l\u1ea1nh l\u00f9ng, \u0111\u1ea7y th\u01b0\u01a1ng t\u1ed5n.<\/p>\n<p>Li\u1ec7u Ana c\u00f3 th\u1ec3 c\u00f9ng anh v\u01b0\u1ee3t qua n\u1ed7i \u00e1m \u1ea3nh th\u1eddi th\u01a1 \u1ea5u \u0111\u00e3 h\u00e0nh h\u1ea1 Christian h\u1eb1ng \u0111\u00eam kh\u00f4ng? Nh\u1eefng ham mu\u1ed1n th\u1ec3 x\u00e1c v\u00e0 s\u1ef1 k\u00ecm h\u00e3m ph\u1ee7 k\u00edn t\u00e2m h\u1ed3n anh li\u1ec7u c\u00f3 \u0111\u1ea9y Ana r\u1eddi xa v\u00e0 ph\u00e1 h\u1ee7y ni\u1ec1m hy v\u1ecdng mong manh m\u00e0 c\u00f4 \u0111em t\u1edbi cho anh kh\u00f4ng?<\/p>\n<p>&#8211; B\u1ed9 ti\u1ec3u thuy\u1ebft N\u0103m m\u01b0\u01a1i s\u1eafc th\u00e1i g\u1ed3m 3 t\u1eadp X\u00e1m, \u0110en, T\u1ef1 Do \u0111\u00e3 li\u00ean ti\u1ebfp \u0111\u1ee9ng \u0111\u1ea7u danh s\u00e1ch The New York Times Bestseller trong 133 tu\u1ea7n (t\u00ednh t\u1eeb n\u0103m 2011)<\/p>\n<p>&#8211; B\u1ed9 s\u00e1ch gi\u1eef k\u1ef7 l\u1ee5c v\u1ec1 t\u1ed1c \u0111\u1ed9 b\u00e1n ch\u1ea1y nh\u1ea5t trong l\u1ecbch s\u1ef1 k\u1ec3 t\u1eeb th\u1eddi \u0111i\u1ec3m ph\u00e1t h\u00e0nh, \u0111\u01b0\u1ee3c d\u1ecbch ra 52 th\u1ee9 ti\u1ebfng v\u1edbi h\u01a1n 125 tri\u1ec7u b\u1ea3n b\u00e1n ra tr\u00ean to\u00e0n th\u1ebf gi\u1edbi<\/p>\n<p>&#8211; T\u1eadp phim N\u0103m m\u01b0\u01a1i s\u1eafc th\u00e1i &#8211; X\u00e1m \u0111\u00e3 \u0111\u01b0\u1ee3c ra m\u1eaft \u0111\u00fang d\u1ecbp Valentine 2015 tr\u00ean kh\u1eafp c\u00e1c r\u1ea1p chi\u1ebfu phim to\u00e0n th\u1ebf gi\u1edbi<\/p>\n<p>&#8220;M\u1ed9t s\u1ed1 nh\u00e0 ph\u00ea b\u00ecnh n\u00f3i r\u1eb1ng ph\u1ea7n 4 c\u1ee7a b\u1ed9 ti\u1ec3u thuy\u1ebft 50 s\u1eafc th\u00e1i n\u00e0y l\u00e0 m\u1ed9t s\u1ef1 l\u1eafp gh\u00e9p th\u00f4 thi\u1ec3n v\u00e0 l\u1eb7p l\u1ea1i nh\u1eefng g\u00ec \u0111\u00e3 c\u00f3 &#8211; nh\u1eefng g\u00ec \u0111\u00e3 \u0111\u01b0\u1ee3c ch\u00fa \u00fd c\u1ee7a 3 ph\u1ea7n tr\u01b0\u1edbc. T\u00f4i ho\u00e0n to\u00e0n kh\u00f4ng ngh\u0129 nh\u01b0 v\u1eady.<\/p>\n<p>S\u1ef1 th\u00fa v\u1ecb l\u1edbn nh\u1ea5t c\u1ee7a ph\u1ea7n 4 n\u00e0y n\u1eb1m \u1edf vi\u1ec7c t\u00e1c gi\u1ea3 khai th\u00e1c t\u00e2m l\u00fd trong t\u1eebng h\u00e0nh vi c\u1ee7a Grey. Grey trong suy ngh\u0129 c\u1ee7a Anastasia kh\u00e1c g\u1ea7n nh\u01b0 ho\u00e0n to\u00e0n v\u1edbi Grey b\u1ea3n ch\u1ea5t h\u00e0nh \u0111\u1ed9ng v\u00e0 l\u1eddi n\u00f3i c\u1ee7a ch\u00ednh anh. C\u00f3 m\u1ed9t th\u1ef1c t\u1ebf r\u1ea5t r\u00f5 r\u00e0ng v\u00e0 l\u00e0m an l\u00f2ng nh\u1eefng c\u00f4 n\u00e0ng l\u00e3ng m\u1ea1n l\u00e0 Grey th\u1ef1c s\u1ef1 y\u00eau Ana, ngay t\u1eeb l\u1ea7n g\u1eb7p \u0111\u1ea7u ti\u00ean, anh \u0111\u00e3 d\u00e0y c\u00f4ng \u0111eo \u0111u\u1ed5i, d\u00e0y c\u00f4ng \u0111\u1ec3 Ana tr\u1edf th\u00e0nh ng\u01b0\u1eddi ph\u1ee5 thu\u1ed9c v\u00e0 \u0111\u00f3 c\u0169ng l\u00e0 qu\u00e1 tr\u00ecnh anh t\u00ecm l\u1ea1i ch\u00ednh con ng\u01b0\u1eddi, b\u1ea3n th\u1ec3 v\u00e0 t\u00ecnh y\u00eau b\u00ecnh th\u01b0\u1eddng c\u1ee7a m\u00ecnh. Nh\u1eefng t\u1ed5n th\u01b0\u01a1ng t\u00e2m l\u00fd th\u1eddi \u1ea5u th\u01a1, s\u1ef1 thi\u1ebfu v\u1eafng t\u00ecnh c\u1ea3m gia \u0111\u00ecnh, s\u1ef1 l\u1ec7ch l\u1ea1c trong nh\u1eadn th\u1ee9c v\u00e0 h\u00e0nh \u0111\u1ed9ng t\u00ecnh d\u1ee5c \u0111\u1ea7u \u0111\u1eddi \u0111\u00e3 t\u1ea1o n\u00ean m\u1ed9t Grey c\u00f3 ph\u1ea7n \u201cl\u1eadp d\u1ecb\u201d trong chuy\u1ec7n y\u00eau \u0111\u01b0\u01a1ng.<\/p>\n<p>\u0110\u1ed9c gi\u1ea3 s\u1ebd th\u1ea5u hi\u1ec3u ch\u00e2n dung t\u00e2m h\u1ed3n c\u1ee7a Grey trong ph\u1ea7n n\u00e0y v\u00e0 chia s\u1ebb v\u1edbi anh h\u01a1n, th\u00eam y\u00eau m\u1ebfn nh\u00e2n v\u1eadt n\u00e0y. D\u0129 nhi\u00ean, sex l\u00e0 ph\u1ea7n t\u1ea5t y\u1ebfu, l\u00e0 \u0111\u1eb7c s\u1ea3n c\u1ee7a b\u1ed9 ti\u1ec3u thuy\u1ebft \u201cng\u00f4n t\u00ecnh M\u1ef9\u201d n\u00e0y n\u00ean ch\u1eafc ch\u1eafn 50 s\u1eafc th\u00e1i kh\u00f4ng th\u1ec3 kh\u00f4ng c\u00f3 nh\u1eefng m\u00f4 t\u1ea3 h\u1ebft s\u1ee9c n\u00f3ng b\u1ecfng v\u00e0 \u0111\u00f4i khi kh\u00e1 tr\u1ea7n tr\u1ee5i. V\u00ec \u0111i\u1ec1u n\u00e0y, t\u00f4i khuy\u1ebfn c\u00e1o \u0111\u1ed9c gi\u1ea3 d\u01b0\u1edbi 18 tu\u1ed5i kh\u00f4ng n\u00ean \u0111\u1ecdc. T\u01b0\u01a1ng t\u1ef1 nh\u01b0 v\u1eady, c\u00e1c nh\u00e0 \u0111\u1ea1o \u0111\u1ee9c h\u1ecdc hay trong-s\u00e1ng-h\u1ecdc c\u0169ng kh\u00f4ng n\u00ean \u0111\u1ecdc!&#8221;<\/p>\n<p>(Nh\u00e0 v\u0103n Tr\u1ea7n Th\u1ecb H\u1ed3ng H\u1ea1nh)<\/p>\n","protected":false},"excerpt":{"rendered":"<p>B\u1eb1ng ch\u00ednh gi\u1ecdng k\u1ec3 c\u1ee7a Christian v\u1edbi nh\u1eefng suy t\u01b0, ph\u00e1n x\u00e9t v\u00e0 \u01b0\u1edbc m\u01a1, E. L. James \u0111em \u0111\u1ebfn cho ng\u01b0\u1eddi \u0111\u1ecdc c\u00e1i nh\u00ecn r\u1ea5t \u0111\u1ed7i m\u1edbi m\u1ebb v\u1ec1 c\u00e2u chuy\u1ec7n t\u00ecnh y\u00eau khi\u1ebfn h\u00e0ng tri\u1ec7u \u0111\u1ed9c gi\u1ea3 tr\u00ean to\u00e0n th\u1ebf gi\u1edbi m\u00ea \u0111\u1eafm.<\/p>\n<p>CHRISTIAN GREY mu\u1ed1n ki\u1ec3m so\u00e1t m\u1ecdi th\u1ee9; th\u1ebf gi\u1edbi c\u1ee7a anh lu\u00f4n tr\u1eadt t\u1ef1, khu\u00f4n ph\u00e9p nh\u01b0ng ho\u00e0n to\u00e0n tr\u1ed1ng r\u1ed7ng &#8211; cho \u0111\u1ebfn m\u1ed9t ng\u00e0y, Anastasia Steele nh\u1eb9 nh\u00e0ng b\u01b0\u1edbc v\u00e0o v\u0103n ph\u00f2ng anh, \u0111\u00f4i c\u00e1nh tay thon th\u1ea3 ng\u01b0\u1ee3ng ng\u00f9ng \u0111an v\u00e0o m\u00e1i t\u00f3c n\u00e2u b\u1ed3ng b\u1ec1nh. Anh c\u1ed1 d\u1eb1n l\u00f2ng \u0111\u1ec3 qu\u00ean c\u00f4, nh\u01b0ng l\u1ea1i b\u1ecb cu\u1ed1n v\u00e0o c\u01a1n b\u00e3o c\u1ea3m x\u00fac m\u00e0 anh kh\u00f4ng t\u00e0i n\u00e0o hi\u1ec3u n\u1ed5i v\u00e0 c\u0169ng kh\u00f4ng th\u1ec3 c\u01b0\u1ee1ng l\u1ea1i \u0111\u01b0\u1ee3c. Ana kh\u00f4ng gi\u1ed1ng v\u1edbi b\u1ea5t k\u1ef3 ng\u01b0\u1eddi ph\u1ee5 n\u1eef n\u00e0o anh t\u1eebng bi\u1ebft &#8211; m\u1ed9t c\u00f4 g\u00e1i nh\u00fat nh\u00e1t, trong s\u00e1ng, kh\u00f4ng v\u01b0\u01a1ng ch\u00fat tr\u1ea7n t\u1ee5c. C\u00f4 d\u01b0\u1eddng nh\u01b0 c\u0169ng nh\u00ecn th\u1ea5u t\u00e2m can anh &#8211; m\u1ed9t Christian quy\u1ec1n l\u1ef1c v\u00e0 th\u00e0nh \u0111\u1ea1t, c\u00f3 l\u1ed1i s\u1ed1ng v\u00f4 c\u00f9ng xa hoa nh\u01b0ng tr\u00e1i tim l\u1ea1nh l\u00f9ng, \u0111\u1ea7y th\u01b0\u01a1ng t\u1ed5n.<\/p>\n<p>Li\u1ec7u Ana c\u00f3 th\u1ec3 c\u00f9ng anh v\u01b0\u1ee3t qua n\u1ed7i \u00e1m \u1ea3nh th\u1eddi th\u01a1 \u1ea5u \u0111\u00e3 h\u00e0nh h\u1ea1 Christian h\u1eb1ng \u0111\u00eam kh\u00f4ng? Nh\u1eefng ham mu\u1ed1n th\u1ec3 x\u00e1c v\u00e0 s\u1ef1 k\u00ecm h\u00e3m ph\u1ee7 k\u00edn t\u00e2m h\u1ed3n anh li\u1ec7u c\u00f3 \u0111\u1ea9y Ana r\u1eddi xa v\u00e0 ph\u00e1 h\u1ee7y ni\u1ec1m hy v\u1ecdng mong manh m\u00e0 c\u00f4 \u0111em t\u1edbi cho anh kh\u00f4ng?<\/p>\n","protected":false},"featured_media":6082,"template":"","meta":{"_acf_changed":false},"product_brand":[],"product_cat":[15,45],"product_tag":[],"class_list":{"0":"post-6083","1":"product","2":"type-product","3":"status-publish","4":"has-post-thumbnail","6":"product_cat-sach-danh-cho-nguoi-lon","7":"product_cat-tieu-thuyet","9":"first","10":"outofstock","11":"taxable","12":"shipping-taxable","13":"purchasable","14":"product-type-simple"},"supplier_id":null,"supplier_sku":"","barcode":null,"atum_controlled":true,"out_stock_date":"2021-03-14 00:52:05","out_stock_threshold":null,"inheritable":false,"inbound_stock":0,"stock_on_hold":0,"sold_today":0,"sales_last_days":0,"reserved_stock":0,"customer_returns":0,"warehouse_damage":0,"lost_in_post":0,"other_logs":0,"out_stock_days":1781,"lost_sales":0,"has_location":false,"update_date":"2026-01-28T23:10:39","atum_locations":[],"atum_stock_status":"outofstock","restock_status":false,"low_stock_amount":"","sales_update_date":"2026-01-28T23:10:39","calc_backorders":null,"acf":{"publisher":{"ID":2817,"post_author":"1","post_date":"2021-02-27 00:00:35","post_date_gmt":"2021-02-26 22:00:35","post_content":"","post_title":"Alpha Books","post_excerpt":"","post_status":"publish","comment_status":"closed","ping_status":"closed","post_password":"","post_name":"alpha-books","to_ping":"","pinged":"","post_modified":"2021-02-27 00:00:35","post_modified_gmt":"2021-02-26 22:00:35","post_content_filtered":"","post_parent":0,"guid":"https:\/\/sachviet.eu\/nha-phat-hanh\/alpha-books\/","menu_order":0,"post_type":"publisher","post_mime_type":"","comment_count":"0","filter":"raw"}},"_links":{"self":[{"href":"https:\/\/sachviet.eu\/en\/wp-json\/wp\/v2\/product\/6083","targetHints":{"allow":["GET"]}}],"collection":[{"href":"https:\/\/sachviet.eu\/en\/wp-json\/wp\/v2\/product"}],"about":[{"href":"https:\/\/sachviet.eu\/en\/wp-json\/wp\/v2\/types\/product"}],"wp:featuredmedia":[{"embeddable":true,"href":"https:\/\/sachviet.eu\/en\/wp-json\/wp\/v2\/media\/6082"}],"wp:attachment":[{"href":"https:\/\/sachviet.eu\/en\/wp-json\/wp\/v2\/media?parent=6083"}],"wp:term":[{"taxonomy":"product_brand","embeddable":true,"href":"https:\/\/sachviet.eu\/en\/wp-json\/wp\/v2\/product_brand?post=6083"},{"taxonomy":"product_cat","embeddable":true,"href":"https:\/\/sachviet.eu\/en\/wp-json\/wp\/v2\/product_cat?post=6083"},{"taxonomy":"product_tag","embeddable":true,"href":"https:\/\/sachviet.eu\/en\/wp-json\/wp\/v2\/product_tag?post=6083"}],"curies":[{"name":"wp","href":"https:\/\/api.w.org\/{rel}","templated":true}]}}