{"id":6079,"date":"2021-03-14T02:40:11","date_gmt":"2021-03-14T00:40:11","guid":{"rendered":"https:\/\/sachviet.eu\/shop\/50-sac-thai-tap-2-den-tai-ban-2020\/"},"modified":"2021-05-18T00:03:29","modified_gmt":"2021-05-17T21:03:29","slug":"50-sac-thai-tap-2-den-tai-ban-2020","status":"publish","type":"product","link":"https:\/\/sachviet.eu\/en\/shop\/50-sac-thai-tap-2-den-tai-ban-2020\/","title":{"rendered":"50 S\u1eafc Th\u00e1i &#8211; T\u1eadp 2: \u0110en (T\u00e1i B\u1ea3n 2020)"},"content":{"rendered":"<p>50 S\u1eafc th\u00e1i \u0111\u01b0\u1ee3c coi l\u00e0 b\u1ed9 ti\u1ec3u thuy\u1ebft k\u1ef3 di\u1ec7u, \u0111\u00e3 l\u00e0m chao \u0111\u1ea3o c\u1ea3 ng\u00e0nh xu\u1ea5t b\u1ea3n tr\u00ean to\u00e0n th\u1ebf gi\u1edbi. T\u00ednh \u0111\u1ebfn nay, b\u1ed9 ti\u1ec3u thuy\u1ebft c\u00f3 m\u1eb7t \u1edf 37 qu\u1ed1c gia v\u00e0 \u0111\u00e3 ti\u00eau th\u1ee5 kho\u1ea3ng 70 tri\u1ec7u b\u1ea3n tr\u00ean to\u00e0n c\u1ea7u, v\u01b0\u1ee3t qua c\u1ea3 c\u1eadu b\u00e9 ph\u00f9 th\u1ee7y Harry Potter v\u00e0 cu\u1ed1n ti\u1ec3u thuy\u1ebft kinh \u0111i\u1ec3n M\u1eadt m\u00e3 Davinci. \u1ede Vi\u1ec7t Nam, s\u1ed1 l\u01b0\u1ee3ng in cho l\u1ea7n xu\u1ea5t b\u1ea3n \u0111\u1ea7u ti\u00ean c\u1ee7a 50 s\u1eafc th\u00e1i c\u0169ng l\u00ean t\u1edbi v\u00e0i v\u1ea1n b\u1ea3n \u2013 con s\u1ed1 \u0111\u00e1ng m\u01a1 \u01b0\u1edbc cho b\u1ea5t c\u1ee9 t\u00e1c gi\u1ea3 n\u00e0o.<\/p>\n<p>\u0110i\u1ec1u g\u00ec khi\u1ebfn h\u00e0ng tri\u1ec7u tri\u1ec7u \u0111\u1ed9c gi\u1ea3 d\u00e0nh m\u1ed1i quan t\u00e2m \u0111\u1eb7c bi\u1ec7t cho b\u1ed9 ti\u1ec3u thuy\u1ebft? T\u00ccNH D\u1ee4C \u2013 trung t\u00e2m c\u1ee7a t\u00e1c ph\u1ea9m ch\u1ee9 kh\u00f4ng ch\u1ec9 \u0111\u00f3ng vai tr\u00f2 gia v\u1ecb th\u00eam \u0111\u1eadm \u0111\u00e0 cho m\u1ed9t c\u00e2u chuy\u1ec7n t\u00ecnh l\u00e3ng m\u1ea1n \u2013 ch\u00ednh l\u00e0 c\u00e2u tr\u1ea3 l\u1eddi.<br \/>\nN\u1ed9i dung xoay quanh \u0111\u00f4i t\u00ecnh nh\u00e2n tr\u1ebb Christian Grey \u2013 m\u1ed9t tri\u1ec7u ph\u00fa th\u00e0nh \u0111\u1ea1t, \u0111\u1ee9ng \u0111\u1ea7u m\u1ed9t t\u1eadp \u0111o\u00e0n kinh doanh \u0111a qu\u1ed1c gia kh\u1ed5ng l\u1ed3 nh\u01b0ng c\u00f3 cu\u1ed9c s\u1ed1ng b\u00ed hi\u1ec3m v\u00e0 Anastasia Steele \u2013 c\u00f4 n\u1eef sinh 22 tu\u1ed5i \u0111\u1ea7y trong s\u00e1ng nh\u01b0ng c\u00f2n thi\u1ebfu kinh nghi\u1ec7m tr\u01b0\u1eddng \u0111\u1eddi. \u0110\u1ed9c gi\u1ea3 s\u1ebd \u0111\u01b0\u1ee3c tham gia v\u00e0o m\u1ed9t h\u00e0nh tr\u00ecnh kh\u00e1m ph\u00e1 t\u00e2m h\u1ed3n \u0111\u1ea7y \u0111au kh\u1ed5 c\u1ee7a Grey v\u1edbi nhi\u1ec1u c\u1ea3nh quan h\u1ec7 t\u00ecnh d\u1ee5c, \u201ctra t\u1ea5n\u201d th\u1ec3 x\u00e1c nh\u01b0 n\u00f4 l\u1ec7. Grey lu\u00f4n b\u1ecb d\u1eb1n v\u1eb7t b\u1edfi con qu\u1ef7 trong s\u00e2u th\u1eb3m ph\u1ea7n ng\u01b0\u1eddi v\u00e0 kh\u00e1t v\u1ecdng ki\u1ec3m so\u00e1t m\u1ecdi th\u1ee9 trong cu\u1ed9c \u0111\u1eddi m\u00ecnh. Tuy nhi\u00ean, khi \u0111\u00f4i t\u00ecnh nh\u00e2n \u0111\u1eafm ch\u00ecm trong nh\u1eefng kh\u00e1t khao s\u00e2u th\u1eb3m, trong m\u1ecdi \u0111am m\u00ea nh\u1ee5c d\u1ee5c b\u1ea3n n\u0103ng nh\u1ea5t th\u00ec m\u1ecdi n\u00fat th\u1eaft c\u0169ng d\u1ea7n \u0111\u01b0\u1ee3c th\u00e1o g\u1ee1.<br \/>\nT\u00e1c gi\u1ea3 E L James \u0111\u00e3 ch\u1ea1m t\u1edbi nh\u1eefng ng\u00f3c ng\u00e1ch s\u00e2u c\u00f9ng nh\u1ea5t, khao kh\u00e1t nh\u1ea5t m\u00e0 con ng\u01b0\u1eddi th\u01b0\u1eddng \u0111au kh\u1ed5 che \u0111\u1eady. Th\u00f4ng qua \u0111\u00f3, b\u00e0 c\u0169ng khuy\u1ebfn kh\u00edch m\u1ed7i \u0111\u1ed9c gi\u1ea3 h\u00e3y th\u00e0nh th\u1eadt h\u01a1n v\u1edbi nhu c\u1ea7u, ham mu\u1ed1n c\u1ee7a ch\u00ednh m\u00ecnh v\u00e0 d\u00e1m b\u1ed9c l\u1ed9 c\u0169ng nh\u01b0 chia s\u1ebb \u0111i\u1ec1u \u0111\u00f3 v\u1edbi \u0111\u1ed1i t\u00e1c ch\u0103n g\u1ed1i, \u0111\u1ec3 h\u01b0\u1edbng \u0111\u1ebfn m\u1ed9t cu\u1ed9c s\u1ed1ng l\u1ee9a \u0111\u00f4i vi\u00ean m\u00e3n v\u00e0 h\u1ea1nh ph\u00fac h\u01a1n. Ch\u00ednh s\u1ef1 d\u0169ng c\u1ea3m \u0111\u00f3 \u0111\u00e3 mang \u0111\u1ebfn th\u00e0nh c\u00f4ng cho b\u1ed9 ti\u1ec3u thuy\u1ebft v\u00e0 tri\u1ec7u tri\u1ec7u \u0111\u1ed9c gi\u1ea3 tr\u00ean kh\u1eafp th\u1ebf gi\u1edbi truy\u1ec1n tay nhau, coi n\u00f3 nh\u01b0 m\u1ed9t li\u1ec1u thu\u1ed1c di\u1ec7u k\u1ef3 cho nh\u1eefng cu\u1ed9c h\u00f4n nh\u00e2n \/ nh\u1eefng chuy\u1ec7n t\u00ecnh b\u00ean b\u1edd b\u0103ng gi\u00e1.<\/p>\n<p>C\u00f3 th\u1ec3 n\u00f3i, 50 S\u1eafc th\u00e1i \u0111\u00e3 g\u00f3p ph\u1ea7n \u201ckh\u01a1i th\u00f4ng\u201d nh\u1eefng r\u00e0o c\u1ea3n l\u00e2u \u0111\u1eddi \u0111\u1ed1i v\u1edbi quy\u1ec1n v\u00e0 s\u1ef1 t\u1ef1 do c\u00e1 nh\u00e2n c\u1ee7a ng\u01b0\u1eddi ph\u1ee5 n\u1eef. B\u00ean c\u1ea1nh \u0111\u00f3, b\u1ed9 ti\u1ec3u thuy\u1ebft g\u1eedi ng\u1ea7m th\u00f4ng \u0111i\u1ec7p r\u1eb1ng \u0111\u1eddi s\u1ed1ng t\u00ecnh d\u1ee5c v\u00f4 c\u00f9ng \u0111a d\u1ea1ng v\u00e0 linh ho\u1ea1t, n\u00f3 kh\u00f4ng \u0111\u01a1n thu\u1ea7n theo m\u1ed9t chu\u1ea9n m\u1ef1c n\u00e0o m\u00e0 cu\u1ed9c s\u1ed1ng n\u00e0y \u0111ang m\u1eb7c \u0111\u1ecbnh. N\u0103ng l\u01b0\u1ee3ng t\u00ecnh d\u1ee5c c\u1ea7n \u0111\u01b0\u1ee3c th\u0103ng hoa, v\u01b0\u1ee3t qua nh\u1eefng \u0111\u1ecbnh ki\u1ebfn c\u1ed5 h\u1ee7, \u0111\u1ec3 con ng\u01b0\u1eddi ch\u1ea1m \u0111\u1ebfn nh\u1eefng cung b\u1eadc cao nh\u1ea5t c\u1ee7a h\u1ea1nh ph\u00fac v\u00e0 s\u00e1ng t\u1ea1o. N\u00f3 c\u00f3 th\u1ec3 kh\u1edfi \u0111\u1ea7u b\u1eb1ng s\u1ef1 \u0111en x\u00e1m nh\u01b0ng ph\u1ea3i k\u1ebft th\u00fac \u1edf \u0111\u1ec9nh c\u1ee7a t\u1ef1 do, l\u00e0 ng\u01b0\u1ee1ng kh\u00e1t khao t\u1ed1i th\u01b0\u1ee3ng c\u1ee7a cu\u1ed9c s\u1ed1ng n\u00e0y.<\/p>\n<p>Tr\u1ea3i qua nhi\u1ec1u n\u0103m nghi\u00ean c\u1ee9u v\u1ec1 t\u00ecnh d\u1ee5c h\u1ecdc, t\u00f4i nh\u1eadn th\u1ea5y m\u1ed9t trong nh\u1eefng nguy\u00ean nh\u00e2n l\u1edbn g\u00e2y ra s\u1ef1 \u0111\u1ed5 v\u1ee1 ho\u1eb7c l\u00e0m gi\u1ea3m ch\u1ea5t l\u01b0\u1ee3ng \u0111\u1eddi s\u1ed1ng t\u00ecnh d\u1ee5c c\u1ee7a m\u1ecdi ng\u01b0\u1eddi, \u0111\u00f3 l\u00e0 nh\u1eefng ki\u1ebfn th\u1ee9c v\u1ec1 gi\u1edbi t\u00ednh v\u00e0 v\u0103n h\u00f3a t\u00ecnh d\u1ee5c c\u1ee7a ng\u01b0\u1eddi Vi\u1ec7t ch\u00fang ta c\u00f2n h\u1ea1n ch\u1ebf. Nhi\u1ec1u ng\u01b0\u1eddi cho r\u1eb1ng t\u00ecnh d\u1ee5c th\u00ec kh\u00f4ng c\u1ea7n ph\u1ea3i h\u1ecdc, \u0111\u00f3 l\u00e0 b\u1ea3n n\u0103ng, ai c\u0169ng bi\u1ebft, ai c\u0169ng l\u00e0m \u0111\u01b0\u1ee3c. C\u00e1ch ngh\u0129 \u0111\u1ea5y l\u00e0 m\u1ed9t \u0111i\u1ec1u thi\u1ebfu x\u00f3t. Trong cu\u1ed9c \u0111\u1eddi, c\u00f3 nh\u1eefng vi\u1ec7c b\u1ea1n l\u00e0m nh\u01b0ng b\u1ea1n ch\u1eb3ng hi\u1ec3u g\u00ec v\u1ec1 b\u1ea3n ch\u1ea5t. B\u1ea1n c\u00f3 th\u1ec3 \u0111i\u1ec1u khi\u1ec3n chi\u1ebfc xe c\u1ee7a b\u1ea1n th\u00e0nh th\u1ea1o tr\u00ean \u0111\u01b0\u1eddng, nh\u01b0ng m\u1ed9t ng\u00e0y xe c\u1ee7a b\u1ea1n b\u1ecb h\u1ecfng b\u1ea1n c\u00f3 ch\u1eefa \u0111\u01b0\u1ee3c kh\u00f4ng? B\u1ea1n v\u1eabn ph\u1ea3i \u0111\u01b0a xe v\u00e0o x\u01b0\u1edfng cho ng\u01b0\u1eddi c\u00f3 chuy\u00ean m\u00f4n gi\u00fap b\u1ea1n. \u0110\u1eddi s\u1ed1ng t\u00ecnh d\u1ee5c c\u0169ng v\u1eady. V\u1eabn nhi\u1ec1u ng\u01b0\u1eddi ngh\u0129 r\u1eb1ng h\u1ecd \u0111\u00e3 y\u00eau, \u0111\u00e3 quan h\u1ec7 t\u00ecnh d\u1ee5c, \u0111\u00e3 sinh con, v.v\u2026 th\u00ec \u0111\u00e3 bi\u1ebft h\u1ebft m\u1ecdi th\u1ee9 r\u1ed3i, kh\u00f4ng c\u1ea7n h\u1ecdc n\u1eefa. Nh\u01b0ng m\u1ed9t ng\u00e0y, \u0111\u1eddi s\u1ed1ng l\u1ee9a \u0111\u00f4i b\u1ecb \u0111\u1ed5 v\u1ee1, ho\u1eb7c b\u1ebf t\u1eafc trong chuy\u1ec7n ch\u0103n g\u1ed1i, h\u1ecd m\u1edbi nh\u1eadn ra r\u1eb1ng ki\u1ebfn th\u1ee9c v\u1ec1 t\u00ecnh d\u1ee5c c\u1ee7a m\u00ecnh c\u00f2n r\u1ea5t h\u1ea1n h\u1eb9p.<\/p>\n<p>Th\u01b0a c\u00e1c \u0111\u1ed9c gi\u1ea3 n\u1eef, c\u00e1c b\u1ea1n c\u1ea7n m\u1ed9t th\u00e1i \u0111\u1ed9 h\u1ecdc h\u1ecfi \u0111\u1ec3 \u0111\u00f3n nh\u1eadn b\u1ed9 ti\u1ec3u thuy\u1ebft n\u00e0y. N\u1ebfu b\u1ea1n th\u00edch th\u00fa khi th\u1ea5y Anastasia Steele, m\u1ed7i ng\u00e0y l\u1ea1i kh\u00e1m ph\u00e1 ra nh\u1eefng kh\u1ea3 n\u0103ng ti\u1ec1m \u1ea9n v\u00e0 \u0111am m\u00ea nh\u1ee5c c\u1ea3m c\u1ee7a ch\u00ednh m\u00ecnh, t\u1eeb m\u1ed9t c\u00f4 g\u00e1i trinh tr\u1eafng, ng\u00e2y th\u01a1 d\u1ea7n chuy\u1ec3n th\u00e0nh m\u1ed9t m\u1ef9 n\u1eef gi\u00e0u kinh nghi\u1ec7m ch\u1ed1n ph\u00f2ng the, th\u00ec c\u00e1c b\u1ea1n h\u00e3y d\u0169ng c\u1ea3m c\u1edfi b\u1ecf nh\u1eefng r\u00e0o c\u1ea3n c\u1ee7a b\u1ea3n th\u00e2n \u0111\u1ec3 ti\u1ebfn \u0111\u1ebfn m\u1ed9t cu\u1ed9c s\u1ed1ng th\u0103ng hoa v\u00e0 ch\u1ea5t l\u01b0\u1ee3ng.<\/p>\n<p>Th\u01b0a c\u00e1c b\u1ea1n \u0111\u1ed9c gi\u1ea3 nam, quan h\u1ec7 t\u00ecnh d\u1ee5c kh\u00f4ng \u0111\u01a1n thu\u1ea7n l\u00e0 vi\u1ec7c t\u00ednh giao, \u0111\u00f3 l\u00e0 ngh\u1ec7 thu\u1eadt. C\u00e1c b\u1ea1n h\u00e3y h\u1ecdc c\u00e1ch l\u1eafng nghe, quan s\u00e1t tinh t\u1ebf v\u00e0 trao l\u1eddi y\u00eau th\u01b0\u01a1ng. N\u1ebfu c\u00e1c b\u1ea1n l\u00e0 ng\u01b0\u1eddi \u0111\u00e0n \u00f4ng c\u00f3 tr\u00e1ch nhi\u1ec7m v\u1edbi ng\u01b0\u1eddi ph\u1ee5 n\u1eef c\u1ee7a m\u00ecnh, ch\u1eafc ch\u1eafn c\u00e1c b\u1ea1n s\u1ebd l\u00e0m \u0111\u01b0\u1ee3c.<br \/>\n\u0110i\u1ec1u cu\u1ed1i c\u00f9ng t\u00f4i mu\u1ed1n n\u00f3i, m\u1ed9t khi t\u00ecnh d\u1ee5c \u0111\u01b0\u1ee3c nh\u00ecn nh\u1eadn \u0111\u00fang \u0111\u1eafn th\u00ec \u0111\u1ea1o \u0111\u1ee9c s\u1ebd v\u01b0\u1ee3t kh\u1ecfi s\u1ef1 t\u00e1c \u0111\u1ed9ng c\u1ee7a d\u1ee5c v\u1ecdng \u0111\u1ec3 th\u0103ng hoa.<\/p>\n<p>M\u1ed9t l\u1ea7n n\u1eefa, th\u00e1i \u0111\u1ed9 c\u1ee7a b\u1ea1n quy\u1ebft \u0111\u1ecbnh t\u1ea5t c\u1ea3.<\/p>\n<p>-\u0110INH TH\u00c1I S\u01a0N, Th\u1ea1c s\u0129 T\u00ecnh d\u1ee5c h\u1ecdc v\u00e0 Ph\u00e1t tri\u1ec3n con ng\u01b0\u1eddi<\/p>\n","protected":false},"excerpt":{"rendered":"<p>50 S\u1eafc th\u00e1i \u0111\u01b0\u1ee3c coi l\u00e0 b\u1ed9 ti\u1ec3u thuy\u1ebft k\u1ef3 di\u1ec7u, \u0111\u00e3 l\u00e0m chao \u0111\u1ea3o c\u1ea3 ng\u00e0nh xu\u1ea5t b\u1ea3n tr\u00ean to\u00e0n th\u1ebf gi\u1edbi. T\u00ednh \u0111\u1ebfn nay, b\u1ed9 ti\u1ec3u thuy\u1ebft c\u00f3 m\u1eb7t \u1edf 37 qu\u1ed1c gia v\u00e0 \u0111\u00e3 ti\u00eau th\u1ee5 kho\u1ea3ng 70 tri\u1ec7u b\u1ea3n tr\u00ean to\u00e0n c\u1ea7u, v\u01b0\u1ee3t qua c\u1ea3 c\u1eadu b\u00e9 ph\u00f9 th\u1ee7y Harry Potter v\u00e0 cu\u1ed1n ti\u1ec3u thuy\u1ebft kinh \u0111i\u1ec3n M\u1eadt m\u00e3 Davinci. \u1ede Vi\u1ec7t Nam, s\u1ed1 l\u01b0\u1ee3ng in cho l\u1ea7n xu\u1ea5t b\u1ea3n \u0111\u1ea7u ti\u00ean c\u1ee7a 50 s\u1eafc th\u00e1i c\u0169ng l\u00ean t\u1edbi v\u00e0i v\u1ea1n b\u1ea3n \u2013 con s\u1ed1 \u0111\u00e1ng m\u01a1 \u01b0\u1edbc cho b\u1ea5t c\u1ee9 t\u00e1c gi\u1ea3 n\u00e0o.<\/p>\n<p>\u0110i\u1ec1u g\u00ec khi\u1ebfn h\u00e0ng tri\u1ec7u tri\u1ec7u \u0111\u1ed9c gi\u1ea3 d\u00e0nh m\u1ed1i quan t\u00e2m \u0111\u1eb7c bi\u1ec7t cho b\u1ed9 ti\u1ec3u thuy\u1ebft? T\u00ccNH D\u1ee4C \u2013 trung t\u00e2m c\u1ee7a t\u00e1c ph\u1ea9m ch\u1ee9 kh\u00f4ng ch\u1ec9 \u0111\u00f3ng vai tr\u00f2 gia v\u1ecb th\u00eam \u0111\u1eadm \u0111\u00e0 cho m\u1ed9t c\u00e2u chuy\u1ec7n t\u00ecnh l\u00e3ng m\u1ea1n \u2013 ch\u00ednh l\u00e0 c\u00e2u tr\u1ea3 l\u1eddi.<br \/>\nN\u1ed9i dung xoay quanh \u0111\u00f4i t\u00ecnh nh\u00e2n tr\u1ebb Christian Grey \u2013 m\u1ed9t tri\u1ec7u ph\u00fa th\u00e0nh \u0111\u1ea1t, \u0111\u1ee9ng \u0111\u1ea7u m\u1ed9t t\u1eadp \u0111o\u00e0n kinh doanh \u0111a qu\u1ed1c gia kh\u1ed5ng l\u1ed3 nh\u01b0ng c\u00f3 cu\u1ed9c s\u1ed1ng b\u00ed hi\u1ec3m v\u00e0 Anastasia Steele \u2013 c\u00f4 n\u1eef sinh 22 tu\u1ed5i \u0111\u1ea7y trong s\u00e1ng nh\u01b0ng c\u00f2n thi\u1ebfu kinh nghi\u1ec7m tr\u01b0\u1eddng \u0111\u1eddi. \u0110\u1ed9c gi\u1ea3 s\u1ebd \u0111\u01b0\u1ee3c tham gia v\u00e0o m\u1ed9t h\u00e0nh tr\u00ecnh kh\u00e1m ph\u00e1 t\u00e2m h\u1ed3n \u0111\u1ea7y \u0111au kh\u1ed5 c\u1ee7a Grey v\u1edbi nhi\u1ec1u c\u1ea3nh quan h\u1ec7 t\u00ecnh d\u1ee5c, \u201ctra t\u1ea5n\u201d th\u1ec3 x\u00e1c nh\u01b0 n\u00f4 l\u1ec7. Grey lu\u00f4n b\u1ecb d\u1eb1n v\u1eb7t b\u1edfi con qu\u1ef7 trong s\u00e2u th\u1eb3m ph\u1ea7n ng\u01b0\u1eddi v\u00e0 kh\u00e1t v\u1ecdng ki\u1ec3m so\u00e1t m\u1ecdi th\u1ee9 trong cu\u1ed9c \u0111\u1eddi m\u00ecnh. Tuy nhi\u00ean, khi \u0111\u00f4i t\u00ecnh nh\u00e2n \u0111\u1eafm ch\u00ecm trong nh\u1eefng kh\u00e1t khao s\u00e2u th\u1eb3m, trong m\u1ecdi \u0111am m\u00ea nh\u1ee5c d\u1ee5c b\u1ea3n n\u0103ng nh\u1ea5t th\u00ec m\u1ecdi n\u00fat th\u1eaft c\u0169ng d\u1ea7n \u0111\u01b0\u1ee3c th\u00e1o g\u1ee1.<\/p>\n","protected":false},"featured_media":6078,"template":"","meta":{"_acf_changed":false},"product_brand":[],"product_cat":[15,45],"product_tag":[],"class_list":{"0":"post-6079","1":"product","2":"type-product","3":"status-publish","4":"has-post-thumbnail","6":"product_cat-sach-danh-cho-nguoi-lon","7":"product_cat-tieu-thuyet","9":"first","10":"outofstock","11":"taxable","12":"shipping-taxable","13":"purchasable","14":"product-type-simple"},"supplier_id":null,"supplier_sku":"","barcode":null,"atum_controlled":true,"out_stock_date":"2021-03-14 00:52:05","out_stock_threshold":null,"inheritable":false,"inbound_stock":0,"stock_on_hold":0,"sold_today":0,"sales_last_days":0,"reserved_stock":0,"customer_returns":0,"warehouse_damage":0,"lost_in_post":0,"other_logs":0,"out_stock_days":1781,"lost_sales":0,"has_location":false,"update_date":"2026-01-28T23:10:39","atum_locations":[],"atum_stock_status":"outofstock","restock_status":false,"low_stock_amount":"","sales_update_date":"2026-01-28T23:10:39","calc_backorders":null,"acf":{"publisher":{"ID":2817,"post_author":"1","post_date":"2021-02-27 00:00:35","post_date_gmt":"2021-02-26 22:00:35","post_content":"","post_title":"Alpha Books","post_excerpt":"","post_status":"publish","comment_status":"closed","ping_status":"closed","post_password":"","post_name":"alpha-books","to_ping":"","pinged":"","post_modified":"2021-02-27 00:00:35","post_modified_gmt":"2021-02-26 22:00:35","post_content_filtered":"","post_parent":0,"guid":"https:\/\/sachviet.eu\/nha-phat-hanh\/alpha-books\/","menu_order":0,"post_type":"publisher","post_mime_type":"","comment_count":"0","filter":"raw"}},"_links":{"self":[{"href":"https:\/\/sachviet.eu\/en\/wp-json\/wp\/v2\/product\/6079","targetHints":{"allow":["GET"]}}],"collection":[{"href":"https:\/\/sachviet.eu\/en\/wp-json\/wp\/v2\/product"}],"about":[{"href":"https:\/\/sachviet.eu\/en\/wp-json\/wp\/v2\/types\/product"}],"wp:featuredmedia":[{"embeddable":true,"href":"https:\/\/sachviet.eu\/en\/wp-json\/wp\/v2\/media\/6078"}],"wp:attachment":[{"href":"https:\/\/sachviet.eu\/en\/wp-json\/wp\/v2\/media?parent=6079"}],"wp:term":[{"taxonomy":"product_brand","embeddable":true,"href":"https:\/\/sachviet.eu\/en\/wp-json\/wp\/v2\/product_brand?post=6079"},{"taxonomy":"product_cat","embeddable":true,"href":"https:\/\/sachviet.eu\/en\/wp-json\/wp\/v2\/product_cat?post=6079"},{"taxonomy":"product_tag","embeddable":true,"href":"https:\/\/sachviet.eu\/en\/wp-json\/wp\/v2\/product_tag?post=6079"}],"curies":[{"name":"wp","href":"https:\/\/api.w.org\/{rel}","templated":true}]}}