{"id":6075,"date":"2021-03-14T02:40:03","date_gmt":"2021-03-14T00:40:03","guid":{"rendered":"https:\/\/sachviet.eu\/shop\/bare-hanh-trinh-7-tuan-thay-doi-voc-dang-nang-cap-ban-than\/"},"modified":"2021-06-12T22:21:44","modified_gmt":"2021-06-12T19:21:44","slug":"bare-hanh-trinh-7-tuan-thay-doi-voc-dang-nang-cap-ban-than","status":"publish","type":"product","link":"https:\/\/sachviet.eu\/en\/shop\/bare-hanh-trinh-7-tuan-thay-doi-voc-dang-nang-cap-ban-than\/","title":{"rendered":"Bare &#8211; H\u00e0nh Tr\u00ecnh 7 Tu\u1ea7n Thay \u0110\u1ed5i V\u00f3c D\u00e1ng, N\u00e2ng C\u1ea5p B\u1ea3n Th\u00e2n"},"content":{"rendered":"<p>BARE \u2013 H\u00e0nh tr\u00ecnh 7 tu\u1ea7n thay \u0111\u1ed5i v\u00f3c d\u00e1ng, n\u00e2ng c\u1ea5p b\u1ea3n th\u00e2n kh\u00f4ng ph\u1ea3i l\u00e0 cu\u1ed1n s\u00e1ch vi\u1ebft v\u1ec1 m\u1ed9t ch\u1ebf \u0111\u1ed9 \u0103n ki\u00eang c\u1ee5 th\u1ec3 n\u00e0o \u0111\u00f3 &#8211; n\u00f3 vi\u1ebft v\u1ec1 h\u00e0nh tr\u00ecnh t\u00e1i thi\u1ebft cu\u1ed9c s\u1ed1ng th\u00f4ng qua vi\u1ec7c t\u00e1i \u0111\u1ecbnh v\u1ecb th\u00e1i \u0111\u1ed9 c\u1ee7a ng\u01b0\u1eddi ph\u1ee5 n\u1eef \u0111\u1ed1i v\u1edbi s\u1ee9c kh\u1ecfe, h\u00ecnh th\u1ec3 v\u00e0 nhan s\u1eafc.<\/p>\n<p>Tr\u01b0\u1edbc ti\u00ean, BARE ph\u1ea3n \u0111\u1ed1i c\u00e1c c\u00f4ng th\u1ee9c \u0103n ki\u00eang nghi\u00eam ng\u1eb7t v\u00e0 c\u00e1c ch\u1ebf \u0111\u1ed9 t\u1eadp luy\u1ec7n \u0111i\u00ean cu\u1ed3ng. T\u1ea5t c\u1ea3 nh\u1eefng g\u00ec m\u00e0 cu\u1ed1n s\u00e1ch n\u00e0y h\u01b0\u1edbng \u0111\u1ebfn l\u00e0 thuy\u1ebft ph\u1ee5c ng\u01b0\u1eddi ph\u1ee5 n\u1eef trung th\u1ef1c v\u1edbi c\u1ea3m gi\u00e1c c\u00e1 nh\u00e2n, t\u1eadp trung v\u00e0o cu\u1ed9c s\u1ed1ng th\u1eadt v\u1edbi nh\u1eefng n\u1ec1n t\u1ea3ng th\u1ef1c t\u1ebf, c\u1ee7ng c\u1ed1 t\u00ecnh y\u00eau v\u00e0 s\u1ee9c m\u1ea1nh n\u1ed9i t\u1ea1i b\u00ean trong m\u1ed7i ng\u01b0\u1eddi. Quan tr\u1ecdng nh\u1ea5t, cu\u1ed1n s\u00e1ch tha thi\u1ebft mong ng\u01b0\u1eddi ph\u1ee5 n\u1eef ng\u1eebng ph\u00e1n x\u00e9t v\u00f3c d\u00e1ng c\u1ee7a b\u1ea3n th\u00e2n v\u00e0 ng\u1eebng c\u1ed1 g\u1eafng tr\u1edf th\u00e0nh m\u1ed9t ai \u0111\u00f3 kh\u00f4ng ph\u1ea3i h\u1ecd.<\/p>\n<p>B\u1ea1n s\u1ebd h\u1ecdc \u0111\u01b0\u1ee3c c\u00e1ch \u0111\u1ed1i x\u1eed v\u1edbi c\u01a1 th\u1ec3 m\u00ecnh b\u1eb1ng s\u1ef1 ch\u0103m s\u00f3c, y\u00eau th\u01b0\u01a1ng v\u00e0 t\u00f4n tr\u1ecdng.<\/p>\n<p>B\u1ea1n s\u1ebd h\u1ecdc \u0111\u01b0\u1ee3c c\u00e1ch ch\u1ea5p nh\u1eadn nh\u1eefng \u0111\u1eb7c tr\u01b0ng c\u1ee7a c\u01a1 th\u1ec3 m\u00ecnh v\u00e0 ng\u1eebng th\u00f3i ph\u00e1n x\u00e9t.<\/p>\n<p>B\u1ea1n s\u1ebd h\u1ecdc c\u00e1ch lo\u1ea1i b\u1ecf nh\u1eefng \u0111\u1ecbnh ki\u1ebfn x\u00e3 h\u1ed9i \u00e1p \u0111\u1eb7t cho nhan s\u1eafc ng\u01b0\u1eddi ph\u1ee5 n\u1eef.<\/p>\n<p>B\u1ea1n s\u1ebd h\u1ecdc \u0111\u01b0\u1ee3c c\u00e1ch th\u01b0 gi\u00e3n v\u00e0 v\u01b0\u1ee3t qua c\u0103ng th\u1eb3ng m\u00e0 kh\u00f4ng c\u1ea7n d\u1ef1a v\u00e0o \u0111\u1ed3 \u0103n, ch\u1ea5t k\u00edch th\u00edch, m\u1ea1ng x\u00e3 h\u1ed9i hay chi ti\u1ec1n mua s\u1eafm.<\/p>\n<p>B\u1ea1n s\u1ebd h\u1ecdc \u0111\u01b0\u1ee3c c\u00e1ch ng\u1eebng b\u1ecb \u00e1m \u1ea3nh b\u1edfi ngo\u1ea1i h\u00ecnh v\u00e0 t\u1eadp trung v\u00e0o nh\u1eefng th\u1ee9 kh\u00e1c c\u00f3 \u00fd ngh\u0129a h\u01a1n: nh\u01b0 s\u1ef1 nghi\u1ec7p, s\u1edf th\u00edch c\u00e1 nh\u00e2n, t\u00ecnh y\u00eau v\u00e0 gia \u0111\u00ecnh v.v\u2026<\/p>\n<p>\u0110\u00e2y l\u00e0 cu\u1ed1n s\u00e1ch n\u00ean \u0111\u1ecdc n\u1ebfu b\u1ea1n l\u00e0 ng\u01b0\u1eddi mong mu\u1ed1n ch\u0103m s\u00f3c cho m\u00ecnh m\u1ed9t c\u00e1ch to\u00e0n di\u1ec7n c\u1ea3 tr\u00ean kh\u00eda c\u1ea1nh th\u1ec3 ch\u1ea5t l\u1eabn tinh th\u1ea7n. H\u00e3y chu\u1ea9n b\u1ecb tinh th\u1ea7n \u0111\u1ec3 d\u1eb9p b\u1ecf \u0111\u1ecbnh ki\u1ebfn v\u00e0 th\u00f3i ph\u00e1n x\u00e9t, quan tr\u1ecdng nh\u1ea5t \u2013 b\u1eb1ng c\u00e1ch g\u00e2y d\u1ef1ng l\u00f2ng t\u1ef1 tin, cu\u1ed1n s\u00e1ch s\u1ebd mang t\u1edbi ngu\u1ed3n c\u1ea3m h\u1ee9ng y\u00eau th\u01b0\u01a1ng m\u00e0 b\u1ea5t c\u1ee9 ng\u01b0\u1eddi ph\u1ee5 n\u1eef n\u00e0o c\u0169ng mong mu\u1ed1n d\u00e0nh cho ch\u00ednh b\u1ea3n th\u00e2n m\u00ecnh.<\/p>\n","protected":false},"excerpt":{"rendered":"<p>BARE \u2013 H\u00e0nh tr\u00ecnh 7 tu\u1ea7n thay \u0111\u1ed5i v\u00f3c d\u00e1ng, n\u00e2ng c\u1ea5p b\u1ea3n th\u00e2n kh\u00f4ng ph\u1ea3i l\u00e0 cu\u1ed1n s\u00e1ch vi\u1ebft v\u1ec1 m\u1ed9t ch\u1ebf \u0111\u1ed9 \u0103n ki\u00eang c\u1ee5 th\u1ec3 n\u00e0o \u0111\u00f3 &#8211; n\u00f3 vi\u1ebft v\u1ec1 h\u00e0nh tr\u00ecnh t\u00e1i thi\u1ebft cu\u1ed9c s\u1ed1ng th\u00f4ng qua vi\u1ec7c t\u00e1i \u0111\u1ecbnh v\u1ecb th\u00e1i \u0111\u1ed9 c\u1ee7a ng\u01b0\u1eddi ph\u1ee5 n\u1eef \u0111\u1ed1i v\u1edbi s\u1ee9c kh\u1ecfe, h\u00ecnh th\u1ec3 v\u00e0 nhan s\u1eafc.<\/p>\n<p>Tr\u01b0\u1edbc ti\u00ean, BARE ph\u1ea3n \u0111\u1ed1i c\u00e1c c\u00f4ng th\u1ee9c \u0103n ki\u00eang nghi\u00eam ng\u1eb7t v\u00e0 c\u00e1c ch\u1ebf \u0111\u1ed9 t\u1eadp luy\u1ec7n \u0111i\u00ean cu\u1ed3ng. T\u1ea5t c\u1ea3 nh\u1eefng g\u00ec m\u00e0 cu\u1ed1n s\u00e1ch n\u00e0y h\u01b0\u1edbng \u0111\u1ebfn l\u00e0 thuy\u1ebft ph\u1ee5c ng\u01b0\u1eddi ph\u1ee5 n\u1eef trung th\u1ef1c v\u1edbi c\u1ea3m gi\u00e1c c\u00e1 nh\u00e2n, t\u1eadp trung v\u00e0o cu\u1ed9c s\u1ed1ng th\u1eadt v\u1edbi nh\u1eefng n\u1ec1n t\u1ea3ng th\u1ef1c t\u1ebf, c\u1ee7ng c\u1ed1 t\u00ecnh y\u00eau v\u00e0 s\u1ee9c m\u1ea1nh n\u1ed9i t\u1ea1i b\u00ean trong m\u1ed7i ng\u01b0\u1eddi. Quan tr\u1ecdng nh\u1ea5t, cu\u1ed1n s\u00e1ch tha thi\u1ebft mong ng\u01b0\u1eddi ph\u1ee5 n\u1eef ng\u1eebng ph\u00e1n x\u00e9t v\u00f3c d\u00e1ng c\u1ee7a b\u1ea3n th\u00e2n v\u00e0 ng\u1eebng c\u1ed1 g\u1eafng tr\u1edf th\u00e0nh m\u1ed9t ai \u0111\u00f3 kh\u00f4ng ph\u1ea3i h\u1ecd.<\/p>\n","protected":false},"featured_media":6072,"template":"","meta":{"_acf_changed":false},"product_brand":[],"product_cat":[15,46],"product_tag":[],"class_list":{"0":"post-6075","1":"product","2":"type-product","3":"status-publish","4":"has-post-thumbnail","6":"product_cat-sach-danh-cho-nguoi-lon","7":"product_cat-ky-nang-song","9":"first","10":"outofstock","11":"taxable","12":"shipping-taxable","13":"purchasable","14":"product-type-simple"},"supplier_id":null,"supplier_sku":"","barcode":null,"atum_controlled":true,"out_stock_date":"2021-06-12 19:21:44","out_stock_threshold":null,"inheritable":false,"inbound_stock":0,"stock_on_hold":0,"sold_today":0,"sales_last_days":0,"reserved_stock":0,"customer_returns":0,"warehouse_damage":0,"lost_in_post":0,"other_logs":0,"out_stock_days":1691,"lost_sales":0,"has_location":false,"update_date":"2026-01-28T23:10:39","atum_locations":[],"atum_stock_status":"outofstock","restock_status":false,"low_stock_amount":"","sales_update_date":"2026-01-28T23:10:39","calc_backorders":null,"acf":{"publisher":{"ID":1785,"post_author":"1","post_date":"2021-02-17 01:54:46","post_date_gmt":"2021-02-16 23:54:46","post_content":"<!-- wp:flatsome\/uxbuilder -->\n<h1 style=\"text-align: center;\"><strong>AZ VIETNAM<\/strong><\/h1>\n[row]\n\n[col span=\"8\" span__sm=\"12\"]\n\n<p>Th\u00e0nh l\u1eadp n\u0103m: 2015<br \/>V\u1ed1n \u0111\u1ea7u t\u01b0: 4,000,000,000 \u0111\u1ed3ng<br \/><strong>L\u0129nh v\u1ef1c:<\/strong><br \/>- Xu\u1ea5t b\u1ea3n v\u00e0 ph\u00e1t h\u00e0nh v\u0103n h\u00f3a ph\u1ea9m<br \/>- Cung c\u1ea5p v\u0103n h\u00f3a ph\u1ea9m, c\u00e1c s\u1ea3n ph\u1ea9m cho in \u1ea5n, trang thi\u1ebft b\u1ecb cho c\u00e1c th\u01b0 vi\u1ec7n v\u00e0 trung t\u00e2m s\u00e1ch tr\u00ean c\u1ea3 n\u01b0\u1edbc.<br \/>- Th\u1eddi trang v\u00e0 c\u00e1c s\u1ea3n ph\u1ea9m li\u00ean quan \u0111\u1ebfn l\u0129nh v\u1ef1c th\u1eddi trang<br \/>- Xu\u1ea5t nh\u1eadp kh\u1ea9u c\u00e1c s\u1ea3n ph\u1ea9m v\u0103n h\u00f3a<\/p>\n<p><strong>Quy m\u00f4:<\/strong> 60 nh\u00e2n vi\u00ean<br \/>Kh\u1edfi ngu\u1ed3n c\u1ee7a AZ Vi\u1ec7t Nam ng\u00e0y nay l\u00e0 C\u00f4ng ty TNHH Trung t\u00e2m S\u00e1ch v\u00e0 Thi\u1ebft b\u1ecb Th\u01b0 vi\u1ec7n, v\u1edbi ho\u1ea1t \u0111\u1ed9ng \u0111\u1ea7u ti\u00ean l\u00e0 cung c\u1ea5p s\u00e1ch, trang thi\u1ebft b\u1ecb, v\u0103n h\u00f3a ph\u1ea9m cho c\u00e1c th\u01b0 vi\u1ec7n v\u00e0 trung t\u00e2m s\u00e1ch tr\u00ean c\u1ea3 n\u01b0\u1edbc. T\u1eeb cu\u1ed1i n\u0103m 2010 \u0111\u1ebfn nay, ch\u00fang t\u00f4i \u0111\u00e3 kh\u00f4ng ng\u1eebng n\u1ed7 l\u1ef1c khai ph\u00e1 v\u00e0 ph\u00e1t tri\u1ec3n c\u00e1c d\u00f2ng s\u1ea3n ph\u1ea9m m\u1edbi v\u1edbi 8 th\u01b0\u01a1ng hi\u1ec7u uy t\u00edn. \u0110\u1ec3 \u0111\u00e1p \u1ee9ng nhu c\u1ea7u ph\u00e1t tri\u1ec3n ng\u00e0y m\u1ed9t l\u1edbn m\u1ea1nh v\u00e0 t\u1eadp h\u1ee3p c\u00e1c th\u01b0\u01a1ng hi\u1ec7u \u0111\u00e3 \u0111\u01b0\u1ee3c ch\u00fang t\u00f4i x\u00e2y d\u1ef1ng, 2015 C\u00f4ng ty TNHH AZ Vi\u1ec7t Nam \u0111\u00e3 ra \u0111\u1eddi v\u1edbi s\u1ee9 m\u1ec7nh mang \u0111\u1ebfn nhi\u1ec1u h\u01a1n n\u1eefa nh\u1eefng gi\u00e1 tr\u1ecb tinh th\u1ea7n, tri th\u1ee9c ti\u00ean ti\u1ebfn cho ng\u01b0\u1eddi ti\u00eau d\u00f9ng b\u1eb1ng vi\u1ec7c cung c\u1ea5p nh\u1eefng s\u1ea3n ph\u1ea9m c\u00f3 ch\u1ea5t l\u01b0\u1ee3ng.<\/p>\n\n[\/col]\n[col span=\"4\" span__sm=\"12\"]\n\n[ux_image id=\"1836\" image_size=\"medium\"]\n\n\n[\/col]\n\n[\/row]\n\n<!-- \/wp:flatsome\/uxbuilder -->","post_title":"AZ Vi\u1ec7t Nam","post_excerpt":"","post_status":"publish","comment_status":"closed","ping_status":"closed","post_password":"","post_name":"az-viet-nam","to_ping":"","pinged":"","post_modified":"2021-02-17 22:07:10","post_modified_gmt":"2021-02-17 20:07:10","post_content_filtered":"","post_parent":0,"guid":"https:\/\/sachviet.eu\/nha-phat-hanh\/az-viet-nam\/","menu_order":0,"post_type":"publisher","post_mime_type":"","comment_count":"0","filter":"raw"}},"_links":{"self":[{"href":"https:\/\/sachviet.eu\/en\/wp-json\/wp\/v2\/product\/6075","targetHints":{"allow":["GET"]}}],"collection":[{"href":"https:\/\/sachviet.eu\/en\/wp-json\/wp\/v2\/product"}],"about":[{"href":"https:\/\/sachviet.eu\/en\/wp-json\/wp\/v2\/types\/product"}],"wp:featuredmedia":[{"embeddable":true,"href":"https:\/\/sachviet.eu\/en\/wp-json\/wp\/v2\/media\/6072"}],"wp:attachment":[{"href":"https:\/\/sachviet.eu\/en\/wp-json\/wp\/v2\/media?parent=6075"}],"wp:term":[{"taxonomy":"product_brand","embeddable":true,"href":"https:\/\/sachviet.eu\/en\/wp-json\/wp\/v2\/product_brand?post=6075"},{"taxonomy":"product_cat","embeddable":true,"href":"https:\/\/sachviet.eu\/en\/wp-json\/wp\/v2\/product_cat?post=6075"},{"taxonomy":"product_tag","embeddable":true,"href":"https:\/\/sachviet.eu\/en\/wp-json\/wp\/v2\/product_tag?post=6075"}],"curies":[{"name":"wp","href":"https:\/\/api.w.org\/{rel}","templated":true}]}}