{"id":6067,"date":"2021-03-14T02:39:43","date_gmt":"2021-03-14T00:39:43","guid":{"rendered":"https:\/\/sachviet.eu\/shop\/mon-xua-vi-nay-net-duong-dai-trong-am-thuc-viet\/"},"modified":"2022-03-06T18:11:01","modified_gmt":"2022-03-06T16:11:01","slug":"mon-xua-vi-nay-net-duong-dai-trong-am-thuc-viet","status":"publish","type":"product","link":"https:\/\/sachviet.eu\/en\/shop\/mon-xua-vi-nay-net-duong-dai-trong-am-thuc-viet\/","title":{"rendered":"M\u00f3n X\u01b0a V\u1ecb Nay &#8211; N\u00e9t \u0110\u01b0\u01a1ng \u0110\u1ea1i Trong \u1ea8m Th\u1ef1c Vi\u1ec7t"},"content":{"rendered":"<p>L\u00e0 con \u00fat trong m\u1ed9t gia \u0111\u00ecnh c\u00f3 ba l\u00e0 ng\u01b0\u1eddi g\u1ed1c Hu\u1ebf, m\u1eb9 l\u00e0 ng\u01b0\u1eddi mi\u1ec1n Nam, V\u00f5 Ho\u00e0ng Nh\u00e2n \u0111\u01b0\u1ee3c d\u01b0\u1ee1ng d\u1ee5c v\u1edbi nh\u1eefng n\u00e9t \u0111\u1eb7c tr\u01b0ng v\u00f9ng mi\u1ec1n kh\u00e1c nhau. Nh\u1edd h\u1ecdc \u0111\u01b0\u1ee3c c\u1ea3 l\u1ed1i s\u1ed1ng ch\u1ecbu th\u01b0\u01a1ng, ch\u1ecbu kh\u00f3 c\u1ee7a ng\u01b0\u1eddi mi\u1ec1n Trung quen n\u1eafng gi\u00f3 v\u00e0 t\u00ednh c\u00e1ch h\u00f2a \u0111\u1ed3ng, ch\u00e2n ph\u01b0\u01a1ng c\u1ee7a ng\u01b0\u1eddi mi\u1ec1n Nam dung d\u1ecb, V\u00f5 Ho\u00e0ng Nh\u00e2n \u0111\u00e3 v\u01b0\u1ee3t qua r\u1ea5t nhi\u1ec1u kh\u00f3 kh\u0103n \u0111\u1ec3 c\u00f3 th\u1ec3 tr\u1edf th\u00e0nh m\u1ed9t \u0111\u1ea7u b\u1ebfp \u0111a n\u0103ng: ngo\u00e0i nh\u1eefng l\u00fac v\u00e0o b\u1ebfp th\u00ec \u0111\u00f4i khi anh c\u00f2n l\u00e0m gi\u1ea3ng vi\u00ean \u0111\u1ea1i h\u1ecdc, l\u00fac l\u00e0 doanh nh\u00e2n, r\u1ed3i th\u00eam c\u00e1i ngh\u1ec1 c\u0169ng hay hay m\u00e0 m\u1ecdi ng\u01b0\u1eddi v\u1eabn g\u1ecdi vui l\u00e0 &#8220;l\u00e0m ng\u01b0\u1eddi n\u1ed5i ti\u1ebfng&#8221;: di\u1ec5n vi\u00ean &#8211; \u0111\u1ea7u b\u1ebfp. N\u1ebfu m\u1edf tivi l\u00ean \u0111\u1ec3 xem nh\u1eefng ch\u01b0\u01a1ng tr\u00ecnh nh\u01b0 Cu\u1ed9c chi\u1ebfn m\u1ef9 v\u1ecb, sitcom M\u1ef9 nh\u00e2n v\u00e0o b\u1ebfp, M\u00ecnh \u0103n tr\u01b0a nh\u00e9 hay Thi\u00ean \u0111\u01b0\u1eddng \u1ea9m th\u1ef1c, b\u1ea1n \u0111\u1ecdc s\u1ebd th\u1ea5y ngo\u00e0i n\u1ea5u n\u01b0\u1edbng gi\u1ecfi, V\u00f5 Ho\u00e0ng Nh\u00e2n di\u1ec5n xu\u1ea5t c\u0169ng ch\u1eb3ng k\u00e9m ai. Nh\u01b0ng cho d\u00f9 c\u00f3 \u0111a n\u0103ng \u0111\u1ebfn th\u1ebf n\u00e0o, V\u00f5 Ho\u00e0ng Nh\u00e2n v\u1eabn lu\u00f4n gi\u1eef trong m\u00ecnh m\u1ed9t t\u00ecnh y\u00eau l\u1edbn v\u1edbi \u1ea9m th\u1ef1c. Anh \u0111\u00e3 d\u00f9ng t\u00ecnh y\u00eau \u0111\u00f3 \u0111\u1ec3 \u0111\u1eb7t b\u00fat vi\u1ebft M\u00d3N X\u01afA V\u1eca NAY. Quy\u1ec3n s\u00e1ch \u0111\u1ea7u tay \u0111\u01b0\u1ee3c V\u00f5 Ho\u00e0ng Nh\u00e2n g\u00f3i gh\u00e9m l\u1ea1i trong m\u1ed9t dung l\u01b0\u1ee3ng v\u1eeba \u0111\u1ee7 100 trang, v\u1edbi hai ph\u1ea7n ch\u00ednh: K\u1ef7 ni\u1ec7m trong m\u00f3n x\u01b0a v\u00e0 Th\u0103ng hoa trong v\u1ecb nay. Nh\u01b0 b\u1ea5t k\u1ef3 quy\u1ec3n s\u00e1ch \u1ea9m th\u1ef1c n\u00e0o kh\u00e1c, ph\u1ea7n l\u1edbn dung l\u01b0\u1ee3ng v\u1eabn \u0111\u01b0\u1ee3c d\u00e0nh \u0111\u1ec3 tr\u00ecnh b\u00e0y nh\u1eefng c\u00f4ng th\u1ee9c c\u00e1c m\u00f3n \u0103n. C\u00e1i kh\u00e1c \u1edf \u0111\u00e2y \u1edf M\u00d3N X\u01afA V\u1eca NAY c\u00f2n c\u00f3 nh\u1eefng trang vi\u1ebft r\u1ea5t t\u00ecnh c\u1ea3m, m\u1ed9c m\u1ea1c, m\u1ed9c m\u1ea1c nh\u01b0 ch\u00ednh con ng\u01b0\u1eddi t\u00e1c gi\u1ea3, nh\u1edd v\u1eady m\u00e0 \u0111\u1ed9c gi\u1ea3 c\u00f3 th\u1ec3 c\u1ea3m th\u1ea5y nh\u01b0 m\u00ecnh \u0111ang ng\u1ed3i nghe t\u00e1c gi\u1ea3 k\u1ec3 chuy\u1ec7n. Chuy\u1ec7n m\u00ecnh, chuy\u1ec7n ngh\u1ec1, chuy\u1ec7n \u0111\u1eddi.<\/p>\n<p>K\u1ef7 ni\u1ec7m trong m\u00f3n x\u01b0a l\u00e0 nh\u1eefng m\u00f3n \u0103n b\u00ecnh d\u1ecb m\u00e0 V\u00f5 Ho\u00e0ng Nh\u00e2n \u0111\u00e3 t\u1eebng \u0111\u01b0\u1ee3c th\u01b0\u1edfng th\u1ee9c khi c\u00f2n l\u00e0 m\u1ed9t c\u1eadu b\u00e9. S\u1ef1 b\u00ecnh d\u1ecb \u1ea5y \u0103n s\u00e2u v\u00e0o m\u00e1u th\u1ecbt, v\u00e0 n\u00f3 h\u00ecnh th\u00e0nh m\u1ed9t ph\u1ea7n t\u00ednh c\u00e1ch \u1ea9m th\u1ef1c V\u00f5 Ho\u00e0ng Nh\u00e2n c\u1ee7a sau n\u00e0y. \u0110\u00f3 l\u00e0 m\u00f3n c\u00e1 tr\u00ea v\u00e0ng m\u00e0 ng\u01b0\u1eddi m\u1eb9 \u0111\u00e1nh k\u00ednh th\u01b0\u1eddng ch\u1ebf bi\u1ebfn b\u1eb1ng c\u00e1ch chi\u00ean gi\u00f2n v\u1edbi m\u1ee1, cu\u1ed1n rau c\u1ea3i con v\u00e0 d\u00f9ng k\u00e8m n\u01b0\u1edbc m\u1eafm g\u1eebng. Hay h\u01b0\u01a1ng v\u1ecb c\u1ee7a l\u1ecdai n\u01b0\u1edbc m\u1eafm b\u00ecnh kh\u00f4ng m\u1ea5y t\u00ean kh\u00f4ng tu\u1ed5i, V\u00f5 Ho\u00e0ng Nh\u00e2n \u0111\u00e3 d\u00f9ng nh\u1eefng ch\u1ea5t li\u1ec7u \u0111\u00f3 \u0111\u1ec3 l\u00e0m nguy\u00ean li\u1ec7u c\u1ea3m x\u00fac cho r\u1ea5t nhi\u1ec1u m\u00f3n \u0103n \u0111\u01b0\u1ee3c tr\u00ecnh b\u00e0y trong ph\u1ea7n n\u00e0y. C\u0169ng ch\u00ednh t\u1ea1i \u0111\u00e2y, V\u00f5 Ho\u00e0ng Nh\u00e2n b\u1ed9c b\u1ea1ch nh\u1eefng kinh nghi\u1ec7m trong ngh\u1ec1 b\u1ebfp \u0111\u1ec3 c\u00e1c b\u1ea1n tr\u1ebb c\u00f3 \u0111am m\u00ea d\u1ec5 h\u00ecnh dung h\u01a1n v\u1ec1 ngh\u1ec1 n\u00e0y.<\/p>\n<p>B\u01b0\u1edbc sang ph\u1ea7n hai: Th\u0103ng hoa trong v\u1ecb nay, \u0111\u1ed9c gi\u1ea3 l\u1ea1i \u0111\u01b0\u1ee3c bi\u1ebft \u0111\u1ebfn m\u1ed9t V\u00f5 Ho\u00e0ng Nh\u00e2n th\u00edch l\u00e0m m\u1edbi m\u00f3n \u0103n x\u01b0a theo c\u00e1ch c\u1ee7a m\u00ecnh. T\u1eeb \u0111\u00f3 th\u1ed5i h\u1ed3n \u0111\u01b0\u01a1ng \u0111\u1ea1i v\u00e0o s\u1ee9c s\u1ed1ng v\u1ed1n d\u0129 \u0111\u00e3 b\u1ec1n l\u00e2u c\u1ee7a \u1ea9m th\u1ef1c Vi\u1ec7t x\u01b0a. T\u1eeb nh\u1eefng m\u00f3n \u0103n v\u1ec1 m\u1eb9, m\u00f3n \u0103n mi\u1ec1n qu\u00ea \u0111\u1ebfn m\u00f3n chay, V\u00f5 Ho\u00e0ng Nh\u00e2n \u0111\u1ec1u kh\u00f4ng ng\u1eebng t\u00ecm t\u00f2i \u0111\u1ec3 th\u0103ng hoa t\u1eebng h\u01b0\u01a1ng v\u1ecb. B\u1ea1n \u0111\u1ecdc c\u0169ng s\u1ebd t\u00ecm th\u1ea5y m\u1ed9t v\u00e0i m\u00f3n \u0103n m\u00e0 ch\u1eafc ch\u1ec9 c\u00f3 trong quy\u1ec3n s\u00e1ch n\u00e0y m\u1edbi \u0111\u01b0\u1ee3c tr\u00ecnh b\u00e0y tr\u1ecdn v\u1eb9n \u0111\u1ebfn v\u1eady. V\u1ecbt l\u1ecdng hon x\u00f4i l\u00e0 m\u1ed9t v\u00ed d\u1ee5.<br \/>\nSu\u1ed1t chi\u1ec1u d\u00e0i cu\u1ed1n s\u00e1ch, th\u00f4ng \u0111i\u1ec7p m\u00e0 t\u00e1c gi\u1ea3 mu\u1ed1n g\u1eedi g\u1eafm \u0111\u00f3 l\u00e0: &#8220;KH\u00d4NG C\u00d3 \u00c1P L\u1ef0C S\u1ebc KH\u00d4NG C\u00d3 KIM C\u01af\u01a0NG&#8221;. Ngh\u1ec1 l\u00e0m b\u1ebfp, l\u00e0 ngh\u1ec1 m\u00e0 t\u00e1c gi\u1ea3 \u0111\u00e3 v\u00e0 \u0111ang ch\u1ecdn \u0111\u1ec3 \u0111i cho b\u1eb1ng h\u1ebft trong cu\u1ed9c \u0111\u1eddi mu\u00f4n m\u00e0u, d\u00f9 l\u1eafm l\u00fac gian tru\u00e2n nh\u01b0ng anh v\u1eabn tin l\u00e0 c\u00e1i gi\u00e1 m\u00ecnh tr\u1ea3 l\u00e0 x\u1ee9ng \u0111\u00e1ng \u0111\u1ec3 h\u1ecdc b\u00e0i h\u1ecdc v\u00f4 gi\u00e1 v\u1ec1 s\u1ef1 ki\u00ean tr\u00ec nh\u1eabn n\u1ea1i. V\u00e0 n\u00f3i nh\u01b0 t\u00e1c gi\u1ea3: &#8220;T\u00f4i \u01b0\u1edbc mong sao nh\u1eefng b\u1ea1n tr\u1ebb quy\u1ebft \u0111\u1ecbnh g\u1eafn b\u00f3 v\u1edbi ngh\u1ec1 b\u1ebfp s\u1ebd d\u1ea1o ch\u01a1i qua quy\u1ec3n s\u00e1ch n\u00e0y v\u1edbi m\u1ed9t n\u1ee5 c\u01b0\u1eddi \u0111\u1ec3 th\u1ea5y r\u1eb1ng ngh\u1ec1 n\u00e0o c\u0169ng \u0111\u00e1ng qu\u00fd, \u0111\u00e1ng tr\u00e2n tr\u1ecdng, mi\u1ec5n l\u00e0 lu\u00f4n ph\u1ea5n \u0111\u1ea5u n\u1ed7 l\u1ef1c v\u01b0\u01a1n l\u00ean.&#8221; H\u00e3y m\u1edf s\u00e1ch ra v\u00e0 c\u00f9ng nghe V\u00f5 Ho\u00e0ng Nh\u00e2n k\u1ec3 nh\u1eefng c\u00e2u chuy\u1ec7n b\u1eb1ng \u1ea9m th\u1ef1c!<\/p>\n","protected":false},"excerpt":{"rendered":"<p>K\u1ef7 ni\u1ec7m trong m\u00f3n x\u01b0a l\u00e0 nh\u1eefng m\u00f3n \u0103n b\u00ecnh d\u1ecb m\u00e0 V\u00f5 Ho\u00e0ng Nh\u00e2n \u0111\u00e3 t\u1eebng \u0111\u01b0\u1ee3c th\u01b0\u1edfng th\u1ee9c khi c\u00f2n l\u00e0 m\u1ed9t c\u1eadu b\u00e9. S\u1ef1 b\u00ecnh d\u1ecb \u1ea5y \u0103n s\u00e2u v\u00e0o m\u00e1u th\u1ecbt, v\u00e0 n\u00f3 h\u00ecnh th\u00e0nh m\u1ed9t ph\u1ea7n t\u00ednh c\u00e1ch \u1ea9m th\u1ef1c V\u00f5 Ho\u00e0ng Nh\u00e2n c\u1ee7a sau n\u00e0y. \u0110\u00f3 l\u00e0 m\u00f3n c\u00e1 tr\u00ea v\u00e0ng m\u00e0 ng\u01b0\u1eddi m\u1eb9 \u0111\u00e1nh k\u00ednh th\u01b0\u1eddng ch\u1ebf bi\u1ebfn b\u1eb1ng c\u00e1ch chi\u00ean gi\u00f2n v\u1edbi m\u1ee1, cu\u1ed1n rau c\u1ea3i con v\u00e0 d\u00f9ng k\u00e8m n\u01b0\u1edbc m\u1eafm g\u1eebng. Hay h\u01b0\u01a1ng v\u1ecb c\u1ee7a l\u1ecdai n\u01b0\u1edbc m\u1eafm b\u00ecnh kh\u00f4ng m\u1ea5y t\u00ean kh\u00f4ng tu\u1ed5i, V\u00f5 Ho\u00e0ng Nh\u00e2n \u0111\u00e3 d\u00f9ng nh\u1eefng ch\u1ea5t li\u1ec7u \u0111\u00f3 \u0111\u1ec3 l\u00e0m nguy\u00ean li\u1ec7u c\u1ea3m x\u00fac cho r\u1ea5t nhi\u1ec1u m\u00f3n \u0103n \u0111\u01b0\u1ee3c tr\u00ecnh b\u00e0y trong ph\u1ea7n n\u00e0y. C\u0169ng ch\u00ednh t\u1ea1i \u0111\u00e2y, V\u00f5 Ho\u00e0ng Nh\u00e2n b\u1ed9c b\u1ea1ch nh\u1eefng kinh nghi\u1ec7m trong ngh\u1ec1 b\u1ebfp \u0111\u1ec3 c\u00e1c b\u1ea1n tr\u1ebb c\u00f3 \u0111am m\u00ea d\u1ec5 h\u00ecnh dung h\u01a1n v\u1ec1 ngh\u1ec1 n\u00e0y.<\/p>\n","protected":false},"featured_media":6066,"template":"","meta":{"_acf_changed":false},"product_brand":[],"product_cat":[42],"product_tag":[],"class_list":{"0":"post-6067","1":"product","2":"type-product","3":"status-publish","4":"has-post-thumbnail","6":"product_cat-sach-nau-an-am-thuc","8":"first","9":"outofstock","10":"taxable","11":"shipping-taxable","12":"purchasable","13":"product-type-simple"},"supplier_id":null,"supplier_sku":"","barcode":null,"atum_controlled":true,"out_stock_date":"2022-03-06 14:11:01","out_stock_threshold":null,"inheritable":false,"inbound_stock":0,"stock_on_hold":0,"sold_today":0,"sales_last_days":0,"reserved_stock":0,"customer_returns":0,"warehouse_damage":0,"lost_in_post":0,"other_logs":0,"out_stock_days":1424,"lost_sales":0,"has_location":false,"update_date":"2026-01-28T23:10:39","atum_locations":[],"atum_stock_status":"outofstock","restock_status":false,"low_stock_amount":"","sales_update_date":"2026-01-28T23:10:39","calc_backorders":null,"acf":{"publisher":{"ID":5988,"post_author":"1","post_date":"2021-03-14 02:36:31","post_date_gmt":"2021-03-14 00:36:31","post_content":"","post_title":"Ph\u1ee5 N\u1eef","post_excerpt":"","post_status":"publish","comment_status":"closed","ping_status":"closed","post_password":"","post_name":"phu-nu","to_ping":"","pinged":"","post_modified":"2021-03-14 02:36:31","post_modified_gmt":"2021-03-14 00:36:31","post_content_filtered":"","post_parent":0,"guid":"https:\/\/sachviet.eu\/blog\/nha-phat-hanh\/phu-nu\/","menu_order":0,"post_type":"publisher","post_mime_type":"","comment_count":"0","filter":"raw"}},"_links":{"self":[{"href":"https:\/\/sachviet.eu\/en\/wp-json\/wp\/v2\/product\/6067","targetHints":{"allow":["GET"]}}],"collection":[{"href":"https:\/\/sachviet.eu\/en\/wp-json\/wp\/v2\/product"}],"about":[{"href":"https:\/\/sachviet.eu\/en\/wp-json\/wp\/v2\/types\/product"}],"wp:featuredmedia":[{"embeddable":true,"href":"https:\/\/sachviet.eu\/en\/wp-json\/wp\/v2\/media\/6066"}],"wp:attachment":[{"href":"https:\/\/sachviet.eu\/en\/wp-json\/wp\/v2\/media?parent=6067"}],"wp:term":[{"taxonomy":"product_brand","embeddable":true,"href":"https:\/\/sachviet.eu\/en\/wp-json\/wp\/v2\/product_brand?post=6067"},{"taxonomy":"product_cat","embeddable":true,"href":"https:\/\/sachviet.eu\/en\/wp-json\/wp\/v2\/product_cat?post=6067"},{"taxonomy":"product_tag","embeddable":true,"href":"https:\/\/sachviet.eu\/en\/wp-json\/wp\/v2\/product_tag?post=6067"}],"curies":[{"name":"wp","href":"https:\/\/api.w.org\/{rel}","templated":true}]}}