{"id":6047,"date":"2021-03-14T02:39:00","date_gmt":"2021-03-14T00:39:00","guid":{"rendered":"https:\/\/sachviet.eu\/shop\/nhung-nguoi-ban\/"},"modified":"2022-04-09T17:59:19","modified_gmt":"2022-04-09T14:59:19","slug":"nhung-nguoi-ban","status":"publish","type":"product","link":"https:\/\/sachviet.eu\/en\/shop\/nhung-nguoi-ban\/","title":{"rendered":"Nh\u1eefng Ng\u01b0\u1eddi B\u1ea1n"},"content":{"rendered":"<p>G\u1ea5u N\u00e2u l\u00e0 m\u1ed9t ch\u00fa g\u1ea5u b\u00f4ng to l\u1edbn nh\u01b0ng nh\u00fat nh\u00e1t b\u1ecb l\u1ea1c sau chuy\u1ebfn \u0111i pic nic c\u00f9ng gia \u0111\u00ecnh b\u00e9 Mai. Ch\u1ec9 c\u00f2n l\u1ea1i m\u1ed9t m\u00ecnh gi\u1eefa m\u1ed9t n\u01a1i ho\u00e0n to\u00e0n xa l\u1ea1, G\u1ea5u N\u00e2u kh\u00f4ng bi\u1ebft ph\u1ea3i l\u00e0m sao \u0111\u1ec3 v\u1ec1 nh\u00e0. M\u1ed9t ng\u01b0\u1eddi b\u1ea1n \u0111\u00e3 t\u00ecnh c\u1edd xu\u1ea5t hi\u1ec7n. M\u00e8o Mun gi\u00fap G\u1ea5u N\u00e2u tr\u1edf n\u00ean d\u0169ng c\u1ea3m, \u0111\u00e1nh th\u1ee9c tr\u00e1i tim \u1ea5m \u00e1p c\u1ee7a c\u1eadu. \u0110i\u1ec1u g\u00ec \u0111\u00e3 l\u00e0m n\u00ean t\u00ecnh b\u1ea1n ch\u00e2n th\u00e0nh gi\u1eefa M\u00e8o Mun v\u00e0 G\u1ea5u N\u00e2u?<\/p>\n<p>M\u1ed9t c\u00e2u chuy\u1ec7n gi\u1ea3n d\u1ecb nh\u01b0ng x\u00fac \u0111\u1ed9ng gi\u00fap b\u00e9 kh\u00e1m ph\u00e1 th\u1ebf gi\u1edbi c\u1ea3m x\u00fac, hi\u1ec3u h\u01a1n gi\u00e1 tr\u1ecb c\u1ee7a t\u00ecnh b\u1ea1n v\u00e0 c\u00e1ch \u0111\u1ec3 k\u1ebft b\u1ea1n v\u1edbi m\u1ecdi ng\u01b0\u1eddi xung quanh.<\/p>\n<p>Nh\u1eefng Ng\u01b0\u1eddi B\u1ea1n l\u00e0 t\u00e1c ph\u1ea9m c\u1ee7a Aihara Hiroyuki, t\u00e1c gi\u1ea3 ehon h\u00e0ng \u0111\u1ea7u Nh\u1eadt B\u1ea3n. Cu\u1ed1n s\u00e1ch \u0111\u01b0\u1ee3c xu\u1ea5t b\u1ea3n t\u1ea1i Vi\u1ec7t Nam v\u1edbi ph\u1ea7n tranh minh h\u1ecda c\u1ee7a h\u1ecda s\u0129 \u0110\u1ed1m \u0110\u1ed1m.<\/p>\n","protected":false},"excerpt":{"rendered":"<p>Tr\u1eddi m\u01b0a l\u1ea1nh nh\u01b0 c\u00e0ng l\u00e0m t\u0103ng th\u00eam n\u1ed7i c\u00f4 \u0111\u01a1n c\u1ee7a ch\u00fa g\u1ea5u n\u00e2u t\u1ed9i nghi\u1ec7p. Ch\u00fa b\u1ecb l\u1ea1c gia \u0111\u00ecnh ch\u1ee7 (b\u00e9 Mai) trong m\u1ed9t chuy\u1ebfn \u0111i ch\u01a1i. G\u1ea5u n\u00e2u may m\u1eafn g\u1eb7p m\u00e8o \u0111en, hai b\u1ea1n \u0111\u00e3 c\u00f9ng nhau v\u01b0\u1ee3t qua m\u1ed9t ch\u1eb7ng \u0111\u01b0\u1eddng d\u00e0i gian kh\u00f3 \u0111\u1ec3 t\u00ecm v\u1ec1 nh\u00e0 c\u00f4 ch\u1ee7 m\u00e0 b\u1ea1n r\u1ea5t y\u00eau qu\u00fd.<br \/>\nG\u1ea5u n\u00e2u nh\u00fat nh\u00e1t, m\u00e8o \u0111en m\u1ea1nh m\u1ebd, hai ng\u01b0\u1eddi hai t\u00ednh c\u00e1ch kh\u00e1c nhau nh\u01b0ng c\u00f9ng chung m\u1ed9t n\u1ed7i c\u00f4 \u0111\u01a1n, c\u00f9ng c\u00f3 t\u1ea5m l\u00f2ng ch\u00e2n th\u00e0nh, tinh th\u1ea7n t\u01b0\u01a1ng tr\u1ee3, gi\u00fap \u0111\u1ee1 l\u1eabn nhau.<br \/>\nC\u00e2u chuy\u1ec7n \u0111\u00e3 c\u00f3 m\u1ed9t k\u1ebft th\u00fac ng\u1ecdt ng\u00e0o d\u00e0nh cho t\u00ecnh b\u1ea1n ch\u00e2n th\u00e0nh, b\u1ec1n ch\u1eb7t. Nh\u1eefng n\u1ed7i s\u1ee3 h\u00e3i khi \u0111\u00eam v\u1ec1, nh\u1eefng nguy hi\u1ec3m c\u1ee7a ch\u1eb7ng \u0111\u01b0\u1eddng xa t\u00edt t\u1eafp, v\u00e0 c\u1ea3 nh\u1eefng lo l\u1eafng kh\u00f4ng n\u00f3i n\u00ean l\u1eddi \u0111\u1ec1u \u0111\u00e3 qua.  G\u1ea5u n\u00e2u \u0111\u00e3 t\u00ecm th\u1ea5y c\u00f4 ch\u1ee7 y\u00eau qu\u00fd, m\u00e8o mun c\u0169ng \u0111\u01b0\u1ee3c nh\u1eadn nu\u00f4i.<\/p>\n","protected":false},"featured_media":6038,"template":"","meta":{"_acf_changed":false},"product_brand":[],"product_cat":[25,17],"product_tag":[],"class_list":{"0":"post-6047","1":"product","2":"type-product","3":"status-publish","4":"has-post-thumbnail","6":"product_cat-nhi-dong-6-tuoi-12-tuoi","7":"product_cat-sach-danh-cho-cac-be","9":"first","10":"outofstock","11":"taxable","12":"shipping-taxable","13":"purchasable","14":"product-type-simple"},"supplier_id":null,"supplier_sku":"","barcode":null,"atum_controlled":true,"out_stock_date":"2022-04-09 11:59:19","out_stock_threshold":null,"inheritable":false,"inbound_stock":0,"stock_on_hold":0,"sold_today":0,"sales_last_days":0,"reserved_stock":0,"customer_returns":0,"warehouse_damage":0,"lost_in_post":0,"other_logs":0,"out_stock_days":1390,"lost_sales":0,"has_location":false,"update_date":"2026-01-28T23:10:39","atum_locations":[],"atum_stock_status":"outofstock","restock_status":false,"low_stock_amount":"","sales_update_date":"2026-01-28T23:10:39","calc_backorders":null,"acf":{"publisher":{"ID":1454,"post_author":"1","post_date":"2021-02-17 01:11:34","post_date_gmt":"2021-02-16 23:11:34","post_content":"<!-- wp:flatsome\/uxbuilder -->\n<h1 style=\"text-align: center;\"><strong>Kim \u0110\u1ed3ng<\/strong><\/h1>\n[row]\n\n[col span=\"3\" span__sm=\"12\"]\n\n[ux_image id=\"1534\" image_size=\"medium\"]\n\n\n[\/col]\n[col span=\"9\" span__sm=\"12\"]\n\n<p>Nh\u00e0 xu\u1ea5t b\u1ea3n Kim \u0110\u1ed3ng tr\u1ef1c thu\u1ed9c Trung \u01b0\u01a1ng \u0110o\u00e0n TNCS H\u1ed3 Ch\u00ed Minh l\u00e0 Nh\u00e0 xu\u1ea5t b\u1ea3n t\u1ed5ng h\u1ee3p c\u00f3 ch\u1ee9c n\u0103ng xu\u1ea5t b\u1ea3n s\u00e1ch v\u00e0 v\u0103n h\u00f3a ph\u1ea9m ph\u1ee5c v\u1ee5 thi\u1ebfu nhi v\u00e0 c\u00e1c b\u1eadc ph\u1ee5 huynh trong c\u1ea3 n\u01b0\u1edbc, qu\u1ea3ng b\u00e1 v\u00e0 gi\u1edbi thi\u1ec7u v\u0103n h\u00f3a Vi\u1ec7t Nam ra th\u1ebf gi\u1edbi.<br \/>Nh\u00e0 xu\u1ea5t b\u1ea3n c\u00f3 nhi\u1ec7m v\u1ee5 t\u1ed5 ch\u1ee9c b\u1ea3n th\u1ea3o, bi\u00ean so\u1ea1n, bi\u00ean d\u1ecbch, xu\u1ea5t b\u1ea3n v\u00e0 ph\u00e1t h\u00e0nh c\u00e1c xu\u1ea5t b\u1ea3n ph\u1ea9m c\u00f3 n\u1ed9i dung: gi\u00e1o d\u1ee5c truy\u1ec1n th\u1ed1ng d\u00e2n t\u1ed9c, gi\u00e1o d\u1ee5c v\u1ec1 tri th\u1ee9c, ki\u1ebfn th\u1ee9c\u2026 tr\u00ean c\u00e1c l\u0129nh v\u1ef1c v\u0103n h\u1ecdc, ngh\u1ec7 thu\u1eadt, khoa h\u1ecdc k\u1ef9 thu\u1eadt nh\u1eb1m cung c\u1ea5p cho c\u00e1c em thi\u1ebfu nhi c\u0169ng nh\u01b0 c\u00e1c b\u1eadc ph\u1ee5 huynh c\u00e1c ki\u1ebfn th\u1ee9c c\u1ea7n thi\u1ebft trong cu\u1ed9c s\u1ed1ng, nh\u1eefng tinh hoa c\u1ee7a tri th\u1ee9c nh\u00e2n lo\u1ea1i nh\u1eb1m g\u00f3p ph\u1ea7n gi\u00e1o d\u1ee5c v\u00e0 h\u00ecnh th\u00e0nh nh\u00e2n c\u00e1ch th\u1ebf h\u1ec7 tr\u1ebb.<br \/>\u0110\u1ed1i t\u01b0\u1ee3ng ph\u1ee5c v\u1ee5 c\u1ee7a Nh\u00e0 xu\u1ea5t b\u1ea3n l\u00e0 c\u00e1c em t\u1eeb tu\u1ed5i nh\u00e0 tr\u1ebb m\u1eabu gi\u00e1o (1 \u0111\u1ebfn 5 tu\u1ed5i), nhi \u0111\u1ed3ng (6 \u0111\u1ebfn 9 tu\u1ed5i), thi\u1ebfu ni\u00ean (10 \u0111\u1ebfn 15 tu\u1ed5i) \u0111\u1ebfn c\u00e1c em tu\u1ed5i m\u1edbi l\u1edbn (16 \u0111\u1ebfn 18 tu\u1ed5i) v\u00e0 c\u00e1c b\u1eadc ph\u1ee5 huynh.<\/p>\n\n[\/col]\n\n[\/row]\n\n<!-- \/wp:flatsome\/uxbuilder -->","post_title":"Kim \u0110\u1ed3ng","post_excerpt":"","post_status":"publish","comment_status":"closed","ping_status":"closed","post_password":"","post_name":"kim-dong","to_ping":"","pinged":"","post_modified":"2021-02-17 01:31:56","post_modified_gmt":"2021-02-16 23:31:56","post_content_filtered":"","post_parent":0,"guid":"https:\/\/sachviet.eu\/nha-phat-hanh\/kim-dong\/","menu_order":0,"post_type":"publisher","post_mime_type":"","comment_count":"0","filter":"raw"}},"_links":{"self":[{"href":"https:\/\/sachviet.eu\/en\/wp-json\/wp\/v2\/product\/6047","targetHints":{"allow":["GET"]}}],"collection":[{"href":"https:\/\/sachviet.eu\/en\/wp-json\/wp\/v2\/product"}],"about":[{"href":"https:\/\/sachviet.eu\/en\/wp-json\/wp\/v2\/types\/product"}],"wp:featuredmedia":[{"embeddable":true,"href":"https:\/\/sachviet.eu\/en\/wp-json\/wp\/v2\/media\/6038"}],"wp:attachment":[{"href":"https:\/\/sachviet.eu\/en\/wp-json\/wp\/v2\/media?parent=6047"}],"wp:term":[{"taxonomy":"product_brand","embeddable":true,"href":"https:\/\/sachviet.eu\/en\/wp-json\/wp\/v2\/product_brand?post=6047"},{"taxonomy":"product_cat","embeddable":true,"href":"https:\/\/sachviet.eu\/en\/wp-json\/wp\/v2\/product_cat?post=6047"},{"taxonomy":"product_tag","embeddable":true,"href":"https:\/\/sachviet.eu\/en\/wp-json\/wp\/v2\/product_tag?post=6047"}],"curies":[{"name":"wp","href":"https:\/\/api.w.org\/{rel}","templated":true}]}}