{"id":6037,"date":"2021-03-14T02:38:48","date_gmt":"2021-03-14T00:38:48","guid":{"rendered":"https:\/\/sachviet.eu\/shop\/4-tuan-keto-cuoc-cach-mang-giai-cuu-voc-dang\/"},"modified":"2021-03-23T01:15:04","modified_gmt":"2021-03-22T23:15:04","slug":"4-tuan-keto-cuoc-cach-mang-giai-cuu-voc-dang","status":"publish","type":"product","link":"https:\/\/sachviet.eu\/en\/shop\/4-tuan-keto-cuoc-cach-mang-giai-cuu-voc-dang\/","title":{"rendered":"4 Tu\u1ea7n Keto &#8211; Cu\u1ed9c C\u00e1ch M\u1ea1ng Gi\u1ea3i C\u1ee9u V\u00f3c D\u00e1ng"},"content":{"rendered":"<p>\u0102N CH\u1ea4T B\u00c9O \u2022 THON G\u1eccN H\u01a0N \u2022 KETO NGAY<\/p>\n<p>Ph\u01b0\u01a1ng ph\u00e1p Keto mang \u0111\u1ebfn m\u1ed9t k\u1ebf ho\u1ea1ch gi\u1ea3m c\u00e2n th\u00e0nh c\u00f4ng \u00edt tinh b\u1ed9t \u2013 nhi\u1ec1u ch\u1ea5t b\u00e9o trong 28 ng\u00e0y b\u1eb1ng c\u00e1ch r\u00e8n luy\u1ec7n cho c\u01a1 th\u1ec3 b\u1ea1n \u0111\u1ed1t ch\u1ea5t b\u00e9o thay cho \u0111\u01b0\u1eddng, gi\u1ea3m l\u01b0\u1ee3ng \u0111\u01b0\u1eddng ti\u00eau th\u1ee5 v\u00e0 gi\u1ea3m c\u00e2n b\u1ec1n v\u1eefng. N\u00f3 bao g\u1ed3m m\u1ed9t s\u1ef1 gi\u1edbi thi\u1ec7u ho\u00e0n thi\u1ec7n t\u1eeb khoa h\u1ecdc ph\u00eda sau ch\u1ebf \u0111\u1ed9 \u0103n keto v\u1edbi ch\u1ec9 d\u1eabn r\u00f5 r\u00e0ng v\u1ec1 c\u00e1c t\u1ec9 l\u1ec7 c\u1ea7n thi\u1ebft c\u1ee7a ch\u1ea5t b\u00e9o, tinh b\u1ed9t v\u00e0 ch\u1ea5t \u0111\u1ea1m. V\u1edbi 85 c\u00f4ng th\u1ee9c \u0111\u01a1n gi\u1ea3n v\u00e0 ngon mi\u1ec7ng b\u1edfi b\u1ebfp tr\u01b0\u1edfng Nico Stanitzok, b\u1ea1n s\u1ebd kh\u00f4ng c\u1ea3m th\u1ea5y \u0111\u00f3i b\u1ee5ng khi b\u1ea1n thay \u0111\u1ed5i ch\u1ebf \u0111\u1ed9 \u0103n ki\u00eang \u0111\u1ec3 tr\u1edf n\u00ean thon g\u1ecdn h\u01a1n, kh\u1ecfe m\u1ea1nh h\u01a1n.<\/p>\n","protected":false},"excerpt":{"rendered":"<p>\u0102N CH\u1ea4T B\u00c9O \u2022 THON G\u1eccN H\u01a0N \u2022 KETO NGAY<\/p>\n<p>Ph\u01b0\u01a1ng ph\u00e1p Keto mang \u0111\u1ebfn m\u1ed9t k\u1ebf ho\u1ea1ch gi\u1ea3m c\u00e2n th\u00e0nh c\u00f4ng \u00edt tinh b\u1ed9t \u2013 nhi\u1ec1u ch\u1ea5t b\u00e9o trong 28 ng\u00e0y b\u1eb1ng c\u00e1ch r\u00e8n luy\u1ec7n cho c\u01a1 th\u1ec3 b\u1ea1n \u0111\u1ed1t ch\u1ea5t b\u00e9o thay cho \u0111\u01b0\u1eddng, gi\u1ea3m l\u01b0\u1ee3ng \u0111\u01b0\u1eddng ti\u00eau th\u1ee5 v\u00e0 gi\u1ea3m c\u00e2n b\u1ec1n v\u1eefng. N\u00f3 bao g\u1ed3m m\u1ed9t s\u1ef1 gi\u1edbi thi\u1ec7u ho\u00e0n thi\u1ec7n t\u1eeb khoa h\u1ecdc ph\u00eda sau ch\u1ebf \u0111\u1ed9 \u0103n keto v\u1edbi ch\u1ec9 d\u1eabn r\u00f5 r\u00e0ng v\u1ec1 c\u00e1c t\u1ec9 l\u1ec7 c\u1ea7n thi\u1ebft c\u1ee7a ch\u1ea5t b\u00e9o, tinh b\u1ed9t v\u00e0 ch\u1ea5t \u0111\u1ea1m. V\u1edbi 85 c\u00f4ng th\u1ee9c \u0111\u01a1n gi\u1ea3n v\u00e0 ngon mi\u1ec7ng b\u1edfi b\u1ebfp tr\u01b0\u1edfng Nico Stanitzok, b\u1ea1n s\u1ebd kh\u00f4ng c\u1ea3m th\u1ea5y \u0111\u00f3i b\u1ee5ng khi b\u1ea1n thay \u0111\u1ed5i ch\u1ebf \u0111\u1ed9 \u0103n ki\u00eang \u0111\u1ec3 tr\u1edf n\u00ean thon g\u1ecdn h\u01a1n, kh\u1ecfe m\u1ea1nh h\u01a1n.<\/p>\n","protected":false},"featured_media":6035,"template":"","meta":{"_acf_changed":false},"product_brand":[],"product_cat":[42],"product_tag":[],"class_list":{"0":"post-6037","1":"product","2":"type-product","3":"status-publish","4":"has-post-thumbnail","6":"product_cat-sach-nau-an-am-thuc","8":"first","9":"outofstock","10":"taxable","11":"shipping-taxable","12":"purchasable","13":"product-type-simple"},"supplier_id":null,"supplier_sku":"","barcode":null,"atum_controlled":true,"out_stock_date":"2021-03-14 00:53:03","out_stock_threshold":null,"inheritable":false,"inbound_stock":0,"stock_on_hold":0,"sold_today":0,"sales_last_days":0,"reserved_stock":0,"customer_returns":0,"warehouse_damage":0,"lost_in_post":0,"other_logs":0,"out_stock_days":1781,"lost_sales":0,"has_location":false,"update_date":"2026-01-28T23:10:39","atum_locations":[],"atum_stock_status":"outofstock","restock_status":false,"low_stock_amount":"","sales_update_date":"2026-01-28T23:10:39","calc_backorders":null,"acf":{"publisher":{"ID":1785,"post_author":"1","post_date":"2021-02-17 01:54:46","post_date_gmt":"2021-02-16 23:54:46","post_content":"<!-- wp:flatsome\/uxbuilder -->\n<h1 style=\"text-align: center;\"><strong>AZ VIETNAM<\/strong><\/h1>\n[row]\n\n[col span=\"8\" span__sm=\"12\"]\n\n<p>Th\u00e0nh l\u1eadp n\u0103m: 2015<br \/>V\u1ed1n \u0111\u1ea7u t\u01b0: 4,000,000,000 \u0111\u1ed3ng<br \/><strong>L\u0129nh v\u1ef1c:<\/strong><br \/>- Xu\u1ea5t b\u1ea3n v\u00e0 ph\u00e1t h\u00e0nh v\u0103n h\u00f3a ph\u1ea9m<br \/>- Cung c\u1ea5p v\u0103n h\u00f3a ph\u1ea9m, c\u00e1c s\u1ea3n ph\u1ea9m cho in \u1ea5n, trang thi\u1ebft b\u1ecb cho c\u00e1c th\u01b0 vi\u1ec7n v\u00e0 trung t\u00e2m s\u00e1ch tr\u00ean c\u1ea3 n\u01b0\u1edbc.<br \/>- Th\u1eddi trang v\u00e0 c\u00e1c s\u1ea3n ph\u1ea9m li\u00ean quan \u0111\u1ebfn l\u0129nh v\u1ef1c th\u1eddi trang<br \/>- Xu\u1ea5t nh\u1eadp kh\u1ea9u c\u00e1c s\u1ea3n ph\u1ea9m v\u0103n h\u00f3a<\/p>\n<p><strong>Quy m\u00f4:<\/strong> 60 nh\u00e2n vi\u00ean<br \/>Kh\u1edfi ngu\u1ed3n c\u1ee7a AZ Vi\u1ec7t Nam ng\u00e0y nay l\u00e0 C\u00f4ng ty TNHH Trung t\u00e2m S\u00e1ch v\u00e0 Thi\u1ebft b\u1ecb Th\u01b0 vi\u1ec7n, v\u1edbi ho\u1ea1t \u0111\u1ed9ng \u0111\u1ea7u ti\u00ean l\u00e0 cung c\u1ea5p s\u00e1ch, trang thi\u1ebft b\u1ecb, v\u0103n h\u00f3a ph\u1ea9m cho c\u00e1c th\u01b0 vi\u1ec7n v\u00e0 trung t\u00e2m s\u00e1ch tr\u00ean c\u1ea3 n\u01b0\u1edbc. T\u1eeb cu\u1ed1i n\u0103m 2010 \u0111\u1ebfn nay, ch\u00fang t\u00f4i \u0111\u00e3 kh\u00f4ng ng\u1eebng n\u1ed7 l\u1ef1c khai ph\u00e1 v\u00e0 ph\u00e1t tri\u1ec3n c\u00e1c d\u00f2ng s\u1ea3n ph\u1ea9m m\u1edbi v\u1edbi 8 th\u01b0\u01a1ng hi\u1ec7u uy t\u00edn. \u0110\u1ec3 \u0111\u00e1p \u1ee9ng nhu c\u1ea7u ph\u00e1t tri\u1ec3n ng\u00e0y m\u1ed9t l\u1edbn m\u1ea1nh v\u00e0 t\u1eadp h\u1ee3p c\u00e1c th\u01b0\u01a1ng hi\u1ec7u \u0111\u00e3 \u0111\u01b0\u1ee3c ch\u00fang t\u00f4i x\u00e2y d\u1ef1ng, 2015 C\u00f4ng ty TNHH AZ Vi\u1ec7t Nam \u0111\u00e3 ra \u0111\u1eddi v\u1edbi s\u1ee9 m\u1ec7nh mang \u0111\u1ebfn nhi\u1ec1u h\u01a1n n\u1eefa nh\u1eefng gi\u00e1 tr\u1ecb tinh th\u1ea7n, tri th\u1ee9c ti\u00ean ti\u1ebfn cho ng\u01b0\u1eddi ti\u00eau d\u00f9ng b\u1eb1ng vi\u1ec7c cung c\u1ea5p nh\u1eefng s\u1ea3n ph\u1ea9m c\u00f3 ch\u1ea5t l\u01b0\u1ee3ng.<\/p>\n\n[\/col]\n[col span=\"4\" span__sm=\"12\"]\n\n[ux_image id=\"1836\" image_size=\"medium\"]\n\n\n[\/col]\n\n[\/row]\n\n<!-- \/wp:flatsome\/uxbuilder -->","post_title":"AZ Vi\u1ec7t Nam","post_excerpt":"","post_status":"publish","comment_status":"closed","ping_status":"closed","post_password":"","post_name":"az-viet-nam","to_ping":"","pinged":"","post_modified":"2021-02-17 22:07:10","post_modified_gmt":"2021-02-17 20:07:10","post_content_filtered":"","post_parent":0,"guid":"https:\/\/sachviet.eu\/nha-phat-hanh\/az-viet-nam\/","menu_order":0,"post_type":"publisher","post_mime_type":"","comment_count":"0","filter":"raw"}},"_links":{"self":[{"href":"https:\/\/sachviet.eu\/en\/wp-json\/wp\/v2\/product\/6037","targetHints":{"allow":["GET"]}}],"collection":[{"href":"https:\/\/sachviet.eu\/en\/wp-json\/wp\/v2\/product"}],"about":[{"href":"https:\/\/sachviet.eu\/en\/wp-json\/wp\/v2\/types\/product"}],"wp:featuredmedia":[{"embeddable":true,"href":"https:\/\/sachviet.eu\/en\/wp-json\/wp\/v2\/media\/6035"}],"wp:attachment":[{"href":"https:\/\/sachviet.eu\/en\/wp-json\/wp\/v2\/media?parent=6037"}],"wp:term":[{"taxonomy":"product_brand","embeddable":true,"href":"https:\/\/sachviet.eu\/en\/wp-json\/wp\/v2\/product_brand?post=6037"},{"taxonomy":"product_cat","embeddable":true,"href":"https:\/\/sachviet.eu\/en\/wp-json\/wp\/v2\/product_cat?post=6037"},{"taxonomy":"product_tag","embeddable":true,"href":"https:\/\/sachviet.eu\/en\/wp-json\/wp\/v2\/product_tag?post=6037"}],"curies":[{"name":"wp","href":"https:\/\/api.w.org\/{rel}","templated":true}]}}